{"id":1209,"date":"2015-04-16T20:25:17","date_gmt":"2015-04-16T20:25:17","guid":{"rendered":"http:\/\/encounters-magazine.com\/es\/?page_id=1209"},"modified":"2015-04-16T20:25:32","modified_gmt":"2015-04-16T20:25:32","slug":"galapagos-el-archipielago-encantado","status":"publish","type":"page","link":"https:\/\/encounters-magazine.com\/es\/encounters-six\/galapagos-el-archipielago-encantado\/","title":{"rendered":"Gal\u00e1pagos, el archipi\u00e9lago encantado"},"content":{"rendered":"<p>Como si de un viaje a la prehistoria se tratase.  As\u00ed se puede uno sentir en las islas Gal\u00e1pagos, en Ecuador. Realmente no podr\u00edamos saber de una manera exacta, c\u00f3mo ser\u00eda estar en aquella \u00e9poca, pero dej\u00e1ndose llevar por la imaginaci\u00f3n y disfrutando de un entorno tan real como las propias islas, se puede conseguir f\u00e1cilmente. <\/p>\n<p><img loading=\"lazy\" src=\"http:\/\/encounters-magazine.com\/es\/wp-content\/uploads\/sites\/4\/2013\/08\/Maceda_1.jpg\" alt=\"Maceda_1\" width=\"507\" height=\"337\" class=\"alignnone size-full wp-image-418\" srcset=\"https:\/\/encounters-magazine.com\/es\/wp-content\/uploads\/sites\/4\/2013\/08\/Maceda_1.jpg 507w, https:\/\/encounters-magazine.com\/es\/wp-content\/uploads\/sites\/4\/2013\/08\/Maceda_1-300x199.jpg 300w\" sizes=\"(max-width: 507px) 100vw, 507px\" \/><\/p>\n<p>De \u00e9ste conjunto de islas, 13 en total, ya se ha escrito mucho y seguramente, podr\u00eda aburrir a cualquiera, plasmando una serie de datos que podr\u00edan obtenerse muy r\u00e1pido con un solo clic. Pero lo que seguro no encontrar\u00e1 en ning\u00fan lugar, salvo aqu\u00ed, es la experiencia y parte del sentir que he tra\u00eddo conmigo, despu\u00e9s de haber dejado huella, en algunas de las islas de este archipi\u00e9lago tan especial.<\/p>\n<p><img loading=\"lazy\" src=\"http:\/\/encounters-magazine.com\/es\/wp-content\/uploads\/sites\/4\/2013\/08\/Maceda_2.jpg\" alt=\"Maceda_2\" width=\"507\" height=\"337\" class=\"alignnone size-full wp-image-419\" srcset=\"https:\/\/encounters-magazine.com\/es\/wp-content\/uploads\/sites\/4\/2013\/08\/Maceda_2.jpg 507w, https:\/\/encounters-magazine.com\/es\/wp-content\/uploads\/sites\/4\/2013\/08\/Maceda_2-300x199.jpg 300w\" sizes=\"(max-width: 507px) 100vw, 507px\" \/><\/p>\n<p>En realidad, cuando aterric\u00e9 en la isla de Baltra, no era consciente de la importancia de ser viajero, en tierra desconocida.  Era como aterrizar en la Luna, pero sin traje espacial, pero con la enorme satisfacci\u00f3n de respirar un aire limpio. Muy limpio. Esta primera isla ya era un \u201csaco de historia\u201d: antigua base militar estadounidense en la segunda guerra. Los restos estaban ah\u00ed y se pod\u00eda uno imaginar c\u00f3mo fue aquella \u00e9poca del 45 en esta peque\u00f1a isla gris y seca.<\/p>\n<p><img loading=\"lazy\" src=\"http:\/\/encounters-magazine.com\/es\/wp-content\/uploads\/sites\/4\/2013\/08\/Maceda_3.jpg\" alt=\"Maceda_3\" width=\"507\" height=\"338\" class=\"alignnone size-full wp-image-420\" srcset=\"https:\/\/encounters-magazine.com\/es\/wp-content\/uploads\/sites\/4\/2013\/08\/Maceda_3.jpg 507w, https:\/\/encounters-magazine.com\/es\/wp-content\/uploads\/sites\/4\/2013\/08\/Maceda_3-300x200.jpg 300w\" sizes=\"(max-width: 507px) 100vw, 507px\" \/><\/p>\n<p>Las dos islas m\u00e1s grandes son Isabela y Santa Cruz. Esta \u00faltima, a la que pude acceder por el puerto de Ayora, es un volc\u00e1n durmiente. Algunos dicen que lleva en silencio un mill\u00f3n de a\u00f1os. Otros rezan por que no despierte. Pero no deja de ser la isla m\u00e1s poblada y punto de partida del Parque Nacional de Gal\u00e1pagos. Aqu\u00ed se puede encontrar lo necesario -incluso un barco y un gu\u00eda-, para descubrir tan delicada regi\u00f3n. Digo delicada, porque el acceso es limitado por un determinado n\u00famero de personas al a\u00f1o y eso mantiene, en la medida de lo posible, el ecosistema de las islas.  Como siempre, el hombre se convierte en el elemento m\u00e1s entorpecedor para una tierra sensible.<\/p>\n<p><img loading=\"lazy\" src=\"http:\/\/encounters-magazine.com\/es\/wp-content\/uploads\/sites\/4\/2013\/08\/Maceda_4.jpg\" alt=\"Maceda_4\" width=\"507\" height=\"763\" class=\"alignnone size-full wp-image-421\" srcset=\"https:\/\/encounters-magazine.com\/es\/wp-content\/uploads\/sites\/4\/2013\/08\/Maceda_4.jpg 507w, https:\/\/encounters-magazine.com\/es\/wp-content\/uploads\/sites\/4\/2013\/08\/Maceda_4-199x300.jpg 199w\" sizes=\"(max-width: 507px) 100vw, 507px\" \/><\/p>\n<p>Probablemente mi inter\u00e9s en este viaje fue creciendo seg\u00fan pasaron los d\u00edas. No era muy consciente de lo que pasaba encima de los lomos del barco que nos iba  llevando de isla en isla, pero el inter\u00e9s por comprender \u201cel origen de las especies\u201d se estaba despertando en m\u00ed.<\/p>\n<p><img loading=\"lazy\" src=\"http:\/\/encounters-magazine.com\/es\/wp-content\/uploads\/sites\/4\/2013\/08\/Maceda_5.jpg\" alt=\"Maceda_5\" width=\"507\" height=\"392\" class=\"alignnone size-full wp-image-422\" srcset=\"https:\/\/encounters-magazine.com\/es\/wp-content\/uploads\/sites\/4\/2013\/08\/Maceda_5.jpg 507w, https:\/\/encounters-magazine.com\/es\/wp-content\/uploads\/sites\/4\/2013\/08\/Maceda_5-300x231.jpg 300w\" sizes=\"(max-width: 507px) 100vw, 507px\" \/><\/p>\n<p>Empezaron a aparecer los primeros animales. Las fragatas, unas aves patrullando los cielos de forma espectacular, pero con gran torpeza en tierra. Igual que los albatros, que cuentan con una especie de \u201caeropuerto\u201d natural, en la isla Espa\u00f1ola, donde aprenden a volar. El divertido y elegante piquero de patas azules, con un canto gutural dif\u00edcil de imitar. Los ping\u00fcinos habitan en la isla Bartolom\u00e9 y Fernandina. Me sorprendi\u00f3 verlos por esas costas, como si fuesen arrastrados desde la Ant\u00e1rtida y decidiesen formar parte del entorno c\u00e1lido.  Y no nos olvidemos de las iguanas: cientos de ellas, de todos los colores, terrestres y marinas, grandes y peque\u00f1as. Con casi todas las especies, me sorprend\u00eda las distancias tan cortas a las que pod\u00eda acercarme a los animales, eso s\u00ed, sin tocarles: est\u00e1 prohibido.  Posaban para mi objetivo, como parte de su hacer diario. Incluso estuve nadando con los leones marinos (grandes pobladores de este archipi\u00e9lago), con las tortugas marinas y con tiburones. El fondo marino no dej\u00f3 de sorprenderme con espectaculares formaciones de manta rayas, peces loro con un colorido asombroso y un sinf\u00edn de peces de todos los tama\u00f1os y colores.<\/p>\n<p><img loading=\"lazy\" src=\"http:\/\/encounters-magazine.com\/es\/wp-content\/uploads\/sites\/4\/2013\/08\/Maceda_6.jpg\" alt=\"Maceda_6\" width=\"507\" height=\"338\" class=\"alignnone size-full wp-image-423\" srcset=\"https:\/\/encounters-magazine.com\/es\/wp-content\/uploads\/sites\/4\/2013\/08\/Maceda_6.jpg 507w, https:\/\/encounters-magazine.com\/es\/wp-content\/uploads\/sites\/4\/2013\/08\/Maceda_6-300x200.jpg 300w\" sizes=\"(max-width: 507px) 100vw, 507px\" \/><\/p>\n<p>R\u00e1bida es una isla muy curiosa. Un para\u00edso ensangrentado de belleza por sus arenas rojas, debido al alto nivel de hierro en sus tierras volc\u00e1nicas. Ah\u00ed pas\u00e9 un buen rato cerca de las cr\u00edas de le\u00f3n marino, mientras se nutr\u00edan de la leche de sus madres.<\/p>\n<p><img loading=\"lazy\" src=\"http:\/\/encounters-magazine.com\/es\/wp-content\/uploads\/sites\/4\/2013\/08\/Maceda_7.jpg\" alt=\"Maceda_7\" width=\"507\" height=\"337\" class=\"alignnone size-full wp-image-424\" srcset=\"https:\/\/encounters-magazine.com\/es\/wp-content\/uploads\/sites\/4\/2013\/08\/Maceda_7.jpg 507w, https:\/\/encounters-magazine.com\/es\/wp-content\/uploads\/sites\/4\/2013\/08\/Maceda_7-300x199.jpg 300w\" sizes=\"(max-width: 507px) 100vw, 507px\" \/><\/p>\n<p>Pero, con la profunda sensaci\u00f3n de ser \u201cotro\u201d Charles Darwin, descubr\u00ed con la mirada el gran s\u00edmbolo de las Gal\u00e1pagos. La isla de Bartolom\u00e9 y su pin\u00e1culo ( el Monje ), obra del viento y el mar. Laderas secas, cubiertas de polvo, piedras y \u00e1ridos escombros. Y tambi\u00e9n con la continua sensaci\u00f3n de poder morirme de sed.  Por alguna extra\u00f1a raz\u00f3n, me sent\u00eda de ese lugar. Pod\u00eda pisar sus tierras y ba\u00f1arme en sus aguas y eso me daba vida, energ\u00eda.<\/p>\n<p><img loading=\"lazy\" src=\"http:\/\/encounters-magazine.com\/es\/wp-content\/uploads\/sites\/4\/2013\/08\/Maceda_8.jpg\" alt=\"Maceda_8\" width=\"507\" height=\"337\" class=\"alignnone size-full wp-image-425\" srcset=\"https:\/\/encounters-magazine.com\/es\/wp-content\/uploads\/sites\/4\/2013\/08\/Maceda_8.jpg 507w, https:\/\/encounters-magazine.com\/es\/wp-content\/uploads\/sites\/4\/2013\/08\/Maceda_8-300x199.jpg 300w\" sizes=\"(max-width: 507px) 100vw, 507px\" \/><\/p>\n<p>Y la realidad llega de nuevo cuando tienes que abandonar este h\u00e1bitat natural. Que l\u00e1stima. Hoy por hoy, las Gal\u00e1pagos son un para\u00edso que est\u00e1 en peligro por el crecimiento del turismo que las visita y por el inter\u00e9s de algunos en abrir un negocio en las islas, sin tener en cuenta que para ello se necesita una gran infraestructura, lo cual da\u00f1ar\u00eda enormemente el entorno. Y eso, creo, no es bueno.<\/p>\n<p><img loading=\"lazy\" src=\"http:\/\/encounters-magazine.com\/es\/wp-content\/uploads\/sites\/4\/2013\/08\/Maceda_9.jpg\" alt=\"Maceda_9\" width=\"507\" height=\"285\" class=\"alignnone size-full wp-image-426\" srcset=\"https:\/\/encounters-magazine.com\/es\/wp-content\/uploads\/sites\/4\/2013\/08\/Maceda_9.jpg 507w, https:\/\/encounters-magazine.com\/es\/wp-content\/uploads\/sites\/4\/2013\/08\/Maceda_9-300x168.jpg 300w\" sizes=\"(max-width: 507px) 100vw, 507px\" \/><\/p>\n<blockquote><p>Oscar Maceda naci\u00f3 en Ourense, en Espa\u00f1a. Se traslad\u00f3 a vivir a Madrid, donde empez\u00f3 a formarse en comunicaci\u00f3n audiovisual y se especializ\u00f3 en dise\u00f1o de sonido para televisi\u00f3n. Es compositor, locutor y fot\u00f3grafo. Actualmente reside en Fr\u00e1ncfort del Meno y trabaja en Berl\u00edn para la televisi\u00f3n alemana.<\/p><\/blockquote>\n","protected":false},"excerpt":{"rendered":"<p>Como si de un viaje a la prehistoria se tratase. As\u00ed se puede uno sentir en las islas Gal\u00e1pagos, en Ecuador. Realmente no podr\u00edamos saber de una manera exacta, c\u00f3mo ser\u00eda estar en aquella \u00e9poca, pero dej\u00e1ndose llevar por la imaginaci\u00f3n y disfrutando de un entorno tan real como las propias islas, se puede conseguir [&hellip;]<\/p>\n","protected":false},"author":4,"featured_media":427,"parent":463,"menu_order":2,"comment_status":"open","ping_status":"open","template":"page.php","meta":[],"acf":[],"yoast_head":"<!-- This site is optimized with the Yoast SEO plugin v17.9 - https:\/\/yoast.com\/wordpress\/plugins\/seo\/ -->\n<title>Gal\u00e1pagos, el archipi\u00e9lago encantado - ENCOUNTERS MAGAZINE. By Santacruz International Communication<\/title>\n<meta name=\"description\" content=\"ENCOUNTERS MAGAZINE by Santacruz International Communication invites you to discover engaging people, places and ideas around the globe.\" \/>\n<meta name=\"robots\" content=\"index, follow, max-snippet:-1, max-image-preview:large, max-video-preview:-1\" \/>\n<link rel=\"canonical\" href=\"https:\/\/encounters-magazine.com\/es\/encounters-six\/galapagos-el-archipielago-encantado\/\" \/>\n<meta property=\"og:locale\" content=\"es_ES\" \/>\n<meta property=\"og:type\" content=\"article\" \/>\n<meta property=\"og:title\" content=\"Gal\u00e1pagos, el archipi\u00e9lago encantado - ENCOUNTERS MAGAZINE. By Santacruz International Communication\" \/>\n<meta property=\"og:description\" content=\"ENCOUNTERS MAGAZINE by Santacruz International Communication invites you to discover engaging people, places and ideas around the globe.\" \/>\n<meta property=\"og:url\" content=\"https:\/\/encounters-magazine.com\/es\/encounters-six\/galapagos-el-archipielago-encantado\/\" \/>\n<meta property=\"og:site_name\" content=\"ES - ENCOUNTERS MAGAZINE\" \/>\n<meta property=\"article:publisher\" content=\"https:\/\/www.facebook.com\/lino.santacruz.5\" \/>\n<meta property=\"article:modified_time\" content=\"2015-04-16T20:25:32+00:00\" \/>\n<meta property=\"og:image\" content=\"https:\/\/encounters-magazine.com\/es\/wp-content\/uploads\/sites\/4\/2013\/08\/Maceda_portrait.jpg\" \/>\n\t<meta property=\"og:image:width\" content=\"75\" \/>\n\t<meta property=\"og:image:height\" content=\"80\" \/>\n\t<meta property=\"og:image:type\" content=\"image\/jpeg\" \/>\n<meta name=\"twitter:card\" content=\"summary\" \/>\n<meta name=\"twitter:site\" content=\"@LinoSantacruz\" \/>\n<meta name=\"twitter:label1\" content=\"Tiempo de lectura\" \/>\n\t<meta name=\"twitter:data1\" content=\"4 minutos\" \/>\n<script type=\"application\/ld+json\" class=\"yoast-schema-graph\">{\"@context\":\"https:\/\/schema.org\",\"@graph\":[{\"@type\":\"Organization\",\"@id\":\"https:\/\/encounters-magazine.com\/es\/#organization\",\"name\":\"SANTACRUZ INTERNATIONAL COMMUNICATION\",\"url\":\"https:\/\/encounters-magazine.com\/es\/\",\"sameAs\":[\"https:\/\/www.facebook.com\/lino.santacruz.5\",\"https:\/\/de.linkedin.com\/pub\/lino-santacruz\/a\/806\/417\/de\",\"https:\/\/twitter.com\/LinoSantacruz\"],\"logo\":{\"@type\":\"ImageObject\",\"@id\":\"https:\/\/encounters-magazine.com\/es\/#logo\",\"inLanguage\":\"es\",\"url\":\"http:\/\/encounters-magazine.com\/es\/wp-content\/uploads\/sites\/4\/2015\/10\/sic-logo.png\",\"contentUrl\":\"http:\/\/encounters-magazine.com\/es\/wp-content\/uploads\/sites\/4\/2015\/10\/sic-logo.png\",\"width\":106,\"height\":106,\"caption\":\"SANTACRUZ INTERNATIONAL COMMUNICATION\"},\"image\":{\"@id\":\"https:\/\/encounters-magazine.com\/es\/#logo\"}},{\"@type\":\"WebSite\",\"@id\":\"https:\/\/encounters-magazine.com\/es\/#website\",\"url\":\"https:\/\/encounters-magazine.com\/es\/\",\"name\":\"ES - ENCOUNTERS MAGAZINE\",\"description\":\"\",\"publisher\":{\"@id\":\"https:\/\/encounters-magazine.com\/es\/#organization\"},\"potentialAction\":[{\"@type\":\"SearchAction\",\"target\":{\"@type\":\"EntryPoint\",\"urlTemplate\":\"https:\/\/encounters-magazine.com\/es\/?s={search_term_string}\"},\"query-input\":\"required name=search_term_string\"}],\"inLanguage\":\"es\"},{\"@type\":\"ImageObject\",\"@id\":\"https:\/\/encounters-magazine.com\/es\/encounters-six\/galapagos-el-archipielago-encantado\/#primaryimage\",\"inLanguage\":\"es\",\"url\":\"https:\/\/encounters-magazine.com\/es\/wp-content\/uploads\/sites\/4\/2013\/08\/Maceda_portrait.jpg\",\"contentUrl\":\"https:\/\/encounters-magazine.com\/es\/wp-content\/uploads\/sites\/4\/2013\/08\/Maceda_portrait.jpg\",\"width\":75,\"height\":80,\"caption\":\"Oscar Maceda\"},{\"@type\":\"WebPage\",\"@id\":\"https:\/\/encounters-magazine.com\/es\/encounters-six\/galapagos-el-archipielago-encantado\/#webpage\",\"url\":\"https:\/\/encounters-magazine.com\/es\/encounters-six\/galapagos-el-archipielago-encantado\/\",\"name\":\"Gal\\u00e1pagos, el archipi\\u00e9lago encantado - ENCOUNTERS MAGAZINE. By Santacruz International Communication\",\"isPartOf\":{\"@id\":\"https:\/\/encounters-magazine.com\/es\/#website\"},\"primaryImageOfPage\":{\"@id\":\"https:\/\/encounters-magazine.com\/es\/encounters-six\/galapagos-el-archipielago-encantado\/#primaryimage\"},\"datePublished\":\"2015-04-16T20:25:17+00:00\",\"dateModified\":\"2015-04-16T20:25:32+00:00\",\"description\":\"ENCOUNTERS MAGAZINE by Santacruz International Communication invites you to discover engaging people, places and ideas around the globe.\",\"breadcrumb\":{\"@id\":\"https:\/\/encounters-magazine.com\/es\/encounters-six\/galapagos-el-archipielago-encantado\/#breadcrumb\"},\"inLanguage\":\"es\",\"potentialAction\":[{\"@type\":\"ReadAction\",\"target\":[\"https:\/\/encounters-magazine.com\/es\/encounters-six\/galapagos-el-archipielago-encantado\/\"]}]},{\"@type\":\"BreadcrumbList\",\"@id\":\"https:\/\/encounters-magazine.com\/es\/encounters-six\/galapagos-el-archipielago-encantado\/#breadcrumb\",\"itemListElement\":[{\"@type\":\"ListItem\",\"position\":1,\"name\":\"Home\",\"item\":\"http:\/\/encounters-magazine.com\/es\/\"},{\"@type\":\"ListItem\",\"position\":2,\"name\":\"Encounters Six\",\"item\":\"https:\/\/encounters-magazine.com\/es\/encounters-six\/\"},{\"@type\":\"ListItem\",\"position\":3,\"name\":\"Gal\\u00e1pagos, el archipi\\u00e9lago encantado\"}]}]}<\/script>\n<!-- \/ Yoast SEO plugin. -->","yoast_head_json":{"title":"Gal\u00e1pagos, el archipi\u00e9lago encantado - ENCOUNTERS MAGAZINE. By Santacruz International Communication","description":"ENCOUNTERS MAGAZINE by Santacruz International Communication invites you to discover engaging people, places and ideas around the globe.","robots":{"index":"index","follow":"follow","max-snippet":"max-snippet:-1","max-image-preview":"max-image-preview:large","max-video-preview":"max-video-preview:-1"},"canonical":"https:\/\/encounters-magazine.com\/es\/encounters-six\/galapagos-el-archipielago-encantado\/","og_locale":"es_ES","og_type":"article","og_title":"Gal\u00e1pagos, el archipi\u00e9lago encantado - ENCOUNTERS MAGAZINE. By Santacruz International Communication","og_description":"ENCOUNTERS MAGAZINE by Santacruz International Communication invites you to discover engaging people, places and ideas around the globe.","og_url":"https:\/\/encounters-magazine.com\/es\/encounters-six\/galapagos-el-archipielago-encantado\/","og_site_name":"ES - ENCOUNTERS MAGAZINE","article_publisher":"https:\/\/www.facebook.com\/lino.santacruz.5","article_modified_time":"2015-04-16T20:25:32+00:00","og_image":[{"width":75,"height":80,"url":"https:\/\/encounters-magazine.com\/es\/wp-content\/uploads\/sites\/4\/2013\/08\/Maceda_portrait.jpg","type":"image\/jpeg"}],"twitter_card":"summary","twitter_site":"@LinoSantacruz","twitter_misc":{"Tiempo de lectura":"4 minutos"},"schema":{"@context":"https:\/\/schema.org","@graph":[{"@type":"Organization","@id":"https:\/\/encounters-magazine.com\/es\/#organization","name":"SANTACRUZ INTERNATIONAL COMMUNICATION","url":"https:\/\/encounters-magazine.com\/es\/","sameAs":["https:\/\/www.facebook.com\/lino.santacruz.5","https:\/\/de.linkedin.com\/pub\/lino-santacruz\/a\/806\/417\/de","https:\/\/twitter.com\/LinoSantacruz"],"logo":{"@type":"ImageObject","@id":"https:\/\/encounters-magazine.com\/es\/#logo","inLanguage":"es","url":"http:\/\/encounters-magazine.com\/es\/wp-content\/uploads\/sites\/4\/2015\/10\/sic-logo.png","contentUrl":"http:\/\/encounters-magazine.com\/es\/wp-content\/uploads\/sites\/4\/2015\/10\/sic-logo.png","width":106,"height":106,"caption":"SANTACRUZ INTERNATIONAL COMMUNICATION"},"image":{"@id":"https:\/\/encounters-magazine.com\/es\/#logo"}},{"@type":"WebSite","@id":"https:\/\/encounters-magazine.com\/es\/#website","url":"https:\/\/encounters-magazine.com\/es\/","name":"ES - ENCOUNTERS MAGAZINE","description":"","publisher":{"@id":"https:\/\/encounters-magazine.com\/es\/#organization"},"potentialAction":[{"@type":"SearchAction","target":{"@type":"EntryPoint","urlTemplate":"https:\/\/encounters-magazine.com\/es\/?s={search_term_string}"},"query-input":"required name=search_term_string"}],"inLanguage":"es"},{"@type":"ImageObject","@id":"https:\/\/encounters-magazine.com\/es\/encounters-six\/galapagos-el-archipielago-encantado\/#primaryimage","inLanguage":"es","url":"https:\/\/encounters-magazine.com\/es\/wp-content\/uploads\/sites\/4\/2013\/08\/Maceda_portrait.jpg","contentUrl":"https:\/\/encounters-magazine.com\/es\/wp-content\/uploads\/sites\/4\/2013\/08\/Maceda_portrait.jpg","width":75,"height":80,"caption":"Oscar Maceda"},{"@type":"WebPage","@id":"https:\/\/encounters-magazine.com\/es\/encounters-six\/galapagos-el-archipielago-encantado\/#webpage","url":"https:\/\/encounters-magazine.com\/es\/encounters-six\/galapagos-el-archipielago-encantado\/","name":"Gal\u00e1pagos, el archipi\u00e9lago encantado - ENCOUNTERS MAGAZINE. By Santacruz International Communication","isPartOf":{"@id":"https:\/\/encounters-magazine.com\/es\/#website"},"primaryImageOfPage":{"@id":"https:\/\/encounters-magazine.com\/es\/encounters-six\/galapagos-el-archipielago-encantado\/#primaryimage"},"datePublished":"2015-04-16T20:25:17+00:00","dateModified":"2015-04-16T20:25:32+00:00","description":"ENCOUNTERS MAGAZINE by Santacruz International Communication invites you to discover engaging people, places and ideas around the globe.","breadcrumb":{"@id":"https:\/\/encounters-magazine.com\/es\/encounters-six\/galapagos-el-archipielago-encantado\/#breadcrumb"},"inLanguage":"es","potentialAction":[{"@type":"ReadAction","target":["https:\/\/encounters-magazine.com\/es\/encounters-six\/galapagos-el-archipielago-encantado\/"]}]},{"@type":"BreadcrumbList","@id":"https:\/\/encounters-magazine.com\/es\/encounters-six\/galapagos-el-archipielago-encantado\/#breadcrumb","itemListElement":[{"@type":"ListItem","position":1,"name":"Home","item":"http:\/\/encounters-magazine.com\/es\/"},{"@type":"ListItem","position":2,"name":"Encounters Six","item":"https:\/\/encounters-magazine.com\/es\/encounters-six\/"},{"@type":"ListItem","position":3,"name":"Gal\u00e1pagos, el archipi\u00e9lago encantado"}]}]}},"_links":{"self":[{"href":"https:\/\/encounters-magazine.com\/es\/wp-json\/wp\/v2\/pages\/1209"}],"collection":[{"href":"https:\/\/encounters-magazine.com\/es\/wp-json\/wp\/v2\/pages"}],"about":[{"href":"https:\/\/encounters-magazine.com\/es\/wp-json\/wp\/v2\/types\/page"}],"author":[{"embeddable":true,"href":"https:\/\/encounters-magazine.com\/es\/wp-json\/wp\/v2\/users\/4"}],"replies":[{"embeddable":true,"href":"https:\/\/encounters-magazine.com\/es\/wp-json\/wp\/v2\/comments?post=1209"}],"version-history":[{"count":1,"href":"https:\/\/encounters-magazine.com\/es\/wp-json\/wp\/v2\/pages\/1209\/revisions"}],"predecessor-version":[{"id":1210,"href":"https:\/\/encounters-magazine.com\/es\/wp-json\/wp\/v2\/pages\/1209\/revisions\/1210"}],"up":[{"embeddable":true,"href":"https:\/\/encounters-magazine.com\/es\/wp-json\/wp\/v2\/pages\/463"}],"wp:featuredmedia":[{"embeddable":true,"href":"https:\/\/encounters-magazine.com\/es\/wp-json\/wp\/v2\/media\/427"}],"wp:attachment":[{"href":"https:\/\/encounters-magazine.com\/es\/wp-json\/wp\/v2\/media?parent=1209"}],"curies":[{"name":"wp","href":"https:\/\/api.w.org\/{rel}","templated":true}]}}