{"id":1198,"date":"2015-04-16T20:17:41","date_gmt":"2015-04-16T20:17:41","guid":{"rendered":"http:\/\/encounters-magazine.com\/es\/?page_id=1198"},"modified":"2015-04-16T20:18:24","modified_gmt":"2015-04-16T20:18:24","slug":"ser-amigo","status":"publish","type":"page","link":"https:\/\/encounters-magazine.com\/es\/encounters-five\/ser-amigo\/","title":{"rendered":"Ser amigo"},"content":{"rendered":"<p>En mi familia hay un dicho: tus padres y tus hermanos son la familia con la que naces en la vida, los amigos son la familia que escoges para compartirla.<\/p>\n<p>Siempre he sido de pocos amigos, aunque entra\u00f1ables. Y la mayor\u00eda siguen estando cerca a trav\u00e9s de los a\u00f1os. Sin embargo, recientemente,  gracias a la vida me vi rodeada de m\u00e1s amigos de los que pens\u00e9 que ten\u00eda.<\/p>\n<p>El a\u00f1o pasado me diagnosticaron con c\u00e1ncer de mama*. Sin esperarlo, sin planearlo, mi vida cambi\u00f3 radicalmente en unos minutos despu\u00e9s del diagn\u00f3stico y para el resto de mis d\u00edas por la riqueza que reconoc\u00ed en la gente.<\/p>\n<p>Para atravesar un momento dif\u00edcil como \u00e9ste, requieres de gran fortaleza. Por ello,  buscas a los seres queridos, a la familia, a los amigos, para sostenerte cuando te sientes d\u00e9bil, para hacerte re\u00edr cuando no tienes ganas de levantarte, para llorar cuando tienes miedo, para compartir los momentos de paz cuando los alcanzas.<\/p>\n<p><img loading=\"lazy\" src=\"http:\/\/encounters-magazine.com\/es\/wp-content\/uploads\/sites\/4\/2013\/07\/navarette_1.jpg\" alt=\"navarette_1\" width=\"507\" height=\"380\" class=\"alignnone size-full wp-image-359\" srcset=\"https:\/\/encounters-magazine.com\/es\/wp-content\/uploads\/sites\/4\/2013\/07\/navarette_1.jpg 507w, https:\/\/encounters-magazine.com\/es\/wp-content\/uploads\/sites\/4\/2013\/07\/navarette_1-300x224.jpg 300w\" sizes=\"(max-width: 507px) 100vw, 507px\" \/><\/p>\n<p>A veces, tiene uno la fortuna de que los amigos con los que contabas se multiplican sin esperarlo. Te sonr\u00ede el que prepara tu caf\u00e9 todas las ma\u00f1anas- en ese cafecito al que acudes en el parque- ; te prepara un omelette \u00abm\u00e1s sano\u00bb el cocinero del diner y te da un abrazo el mesero cuando llegas a desayunar; te platica sus hobbies m\u00e1s privados la enfermera mientras te administra la quimioterapia; te comparte una receta milenaria y de familia tu acupunturista; tu masajista le ense\u00f1a a tu pareja como paliar el dolor; toma un avi\u00f3n y te visita de sorpresa el amigo que dejaste de ver hace 10 a\u00f1os y acampa en tu casa&#8230; \u00a1tantas an\u00e9cdotas, tantos encuentros, tantos amigos!<\/p>\n<p>\u00bfQu\u00e9 me ense\u00f1o la vida este \u00faltimo a\u00f1o? Que todos podemos ser el amigo inesperado. Todos podemos cambiar la vida de alguien con un gesto; con una palabra, contando un chiste o compartiendo un texto, un email o una llamada; con un abrazo. No requerimos de elaborados proyectos, no necesitamos correr maratones, ni amasar grandes fortunas para hacer donaciones. Requerimos dar nuestro tiempo, nuestras sonrisas, nuestro aliento, nuestro amor y solidaridad al que est\u00e1 enfermo, al que esta triste, al que tiene miedo, al que se siente perdido. Busquemos cambiarle la perspectiva, el humor y, por un momento aunque sea, cambiar el mundo para alguien. <\/p>\n<blockquote><p>*Nota: El c\u00e1ncer de mama es el m\u00e1s com\u00fan y tambi\u00e9n la principal causa de mortandad por c\u00e1ncer  en las mujeres a nivel mundial. La detecci\u00f3n temprana salva vidas.  http:\/\/www.worldwidebreastcancer.com\/learn\/breast-cancer-statistics-worldwide<br \/>\nhttp:\/\/www.who.int\/cancer\/detection\/breastcancer\/en\/ <\/p>\n<p>Ioana Navarrete Pellicer<br \/>\nSoy mexicana y ciudadana del mundo. Actualmente resido en Boston, MA. He sido miembro del Servicio Exterior Mexicano desde 1996. Durante 15 a\u00f1os me he dedicado a proteger los derechos de mis compatriotas en Estados Unidos. Gracias a mi carrera, conoc\u00ed la realidad de los migrantes en la frontera, en el suroeste, en el medio oeste y en el este de Estados Unidos durante distintos per\u00edodos y cambios en la relaci\u00f3n de M\u00e9xico y Estados Unidos. Habiendo estudiado Derecho en M\u00e9xico y Estados Unidos, as\u00ed como trabajado en procuraci\u00f3n de justicia en M\u00e9xico, me apasiona el tema de la migraci\u00f3n desde la perspectiva y la protecci\u00f3n de los derechos humanos.<\/p>\n<p>En mis tiempos libres leo, escucho m\u00fasica \u2013 especialmente rock y punk- y me encanta comer en buenos y variados restaurantes con mi mejor amigo, mi marido. En casa dedico la mayor parte de mi tiempo a cuidar y gozar de mis perros Lucas y Sol.<\/p><\/blockquote>\n","protected":false},"excerpt":{"rendered":"<p>En mi familia hay un dicho: tus padres y tus hermanos son la familia con la que naces en la vida, los amigos son la familia que escoges para compartirla. Siempre he sido de pocos amigos, aunque entra\u00f1ables. Y la mayor\u00eda siguen estando cerca a trav\u00e9s de los a\u00f1os. Sin embargo, recientemente, gracias a la [&hellip;]<\/p>\n","protected":false},"author":4,"featured_media":360,"parent":394,"menu_order":4,"comment_status":"open","ping_status":"open","template":"page.php","meta":[],"acf":[],"yoast_head":"<!-- This site is optimized with the Yoast SEO plugin v17.9 - https:\/\/yoast.com\/wordpress\/plugins\/seo\/ -->\n<title>Ser amigo - ENCOUNTERS MAGAZINE. By Santacruz International Communication<\/title>\n<meta name=\"description\" content=\"ENCOUNTERS MAGAZINE by Santacruz International Communication invites you to discover engaging people, places and ideas around the globe.\" \/>\n<meta name=\"robots\" content=\"index, follow, max-snippet:-1, max-image-preview:large, max-video-preview:-1\" \/>\n<link rel=\"canonical\" href=\"https:\/\/encounters-magazine.com\/es\/encounters-five\/ser-amigo\/\" \/>\n<meta property=\"og:locale\" content=\"es_ES\" \/>\n<meta property=\"og:type\" content=\"article\" \/>\n<meta property=\"og:title\" content=\"Ser amigo - ENCOUNTERS MAGAZINE. By Santacruz International Communication\" \/>\n<meta property=\"og:description\" content=\"ENCOUNTERS MAGAZINE by Santacruz International Communication invites you to discover engaging people, places and ideas around the globe.\" \/>\n<meta property=\"og:url\" content=\"https:\/\/encounters-magazine.com\/es\/encounters-five\/ser-amigo\/\" \/>\n<meta property=\"og:site_name\" content=\"ES - ENCOUNTERS MAGAZINE\" \/>\n<meta property=\"article:publisher\" content=\"https:\/\/www.facebook.com\/lino.santacruz.5\" \/>\n<meta property=\"article:modified_time\" content=\"2015-04-16T20:18:24+00:00\" \/>\n<meta property=\"og:image\" content=\"https:\/\/encounters-magazine.com\/es\/wp-content\/uploads\/sites\/4\/2013\/07\/navarette_portrait.jpg\" \/>\n\t<meta property=\"og:image:width\" content=\"60\" \/>\n\t<meta property=\"og:image:height\" content=\"80\" \/>\n\t<meta property=\"og:image:type\" content=\"image\/jpeg\" \/>\n<meta name=\"twitter:card\" content=\"summary\" \/>\n<meta name=\"twitter:site\" content=\"@LinoSantacruz\" \/>\n<meta name=\"twitter:label1\" content=\"Tiempo de lectura\" \/>\n\t<meta name=\"twitter:data1\" content=\"3 minutos\" \/>\n<script type=\"application\/ld+json\" class=\"yoast-schema-graph\">{\"@context\":\"https:\/\/schema.org\",\"@graph\":[{\"@type\":\"Organization\",\"@id\":\"https:\/\/encounters-magazine.com\/es\/#organization\",\"name\":\"SANTACRUZ INTERNATIONAL COMMUNICATION\",\"url\":\"https:\/\/encounters-magazine.com\/es\/\",\"sameAs\":[\"https:\/\/www.facebook.com\/lino.santacruz.5\",\"https:\/\/de.linkedin.com\/pub\/lino-santacruz\/a\/806\/417\/de\",\"https:\/\/twitter.com\/LinoSantacruz\"],\"logo\":{\"@type\":\"ImageObject\",\"@id\":\"https:\/\/encounters-magazine.com\/es\/#logo\",\"inLanguage\":\"es\",\"url\":\"http:\/\/encounters-magazine.com\/es\/wp-content\/uploads\/sites\/4\/2015\/10\/sic-logo.png\",\"contentUrl\":\"http:\/\/encounters-magazine.com\/es\/wp-content\/uploads\/sites\/4\/2015\/10\/sic-logo.png\",\"width\":106,\"height\":106,\"caption\":\"SANTACRUZ INTERNATIONAL COMMUNICATION\"},\"image\":{\"@id\":\"https:\/\/encounters-magazine.com\/es\/#logo\"}},{\"@type\":\"WebSite\",\"@id\":\"https:\/\/encounters-magazine.com\/es\/#website\",\"url\":\"https:\/\/encounters-magazine.com\/es\/\",\"name\":\"ES - ENCOUNTERS MAGAZINE\",\"description\":\"\",\"publisher\":{\"@id\":\"https:\/\/encounters-magazine.com\/es\/#organization\"},\"potentialAction\":[{\"@type\":\"SearchAction\",\"target\":{\"@type\":\"EntryPoint\",\"urlTemplate\":\"https:\/\/encounters-magazine.com\/es\/?s={search_term_string}\"},\"query-input\":\"required name=search_term_string\"}],\"inLanguage\":\"es\"},{\"@type\":\"ImageObject\",\"@id\":\"https:\/\/encounters-magazine.com\/es\/encounters-five\/ser-amigo\/#primaryimage\",\"inLanguage\":\"es\",\"url\":\"https:\/\/encounters-magazine.com\/es\/wp-content\/uploads\/sites\/4\/2013\/07\/navarette_portrait.jpg\",\"contentUrl\":\"https:\/\/encounters-magazine.com\/es\/wp-content\/uploads\/sites\/4\/2013\/07\/navarette_portrait.jpg\",\"width\":60,\"height\":80,\"caption\":\"Ioana Navarrete Pellicer\"},{\"@type\":\"WebPage\",\"@id\":\"https:\/\/encounters-magazine.com\/es\/encounters-five\/ser-amigo\/#webpage\",\"url\":\"https:\/\/encounters-magazine.com\/es\/encounters-five\/ser-amigo\/\",\"name\":\"Ser amigo - ENCOUNTERS MAGAZINE. By Santacruz International Communication\",\"isPartOf\":{\"@id\":\"https:\/\/encounters-magazine.com\/es\/#website\"},\"primaryImageOfPage\":{\"@id\":\"https:\/\/encounters-magazine.com\/es\/encounters-five\/ser-amigo\/#primaryimage\"},\"datePublished\":\"2015-04-16T20:17:41+00:00\",\"dateModified\":\"2015-04-16T20:18:24+00:00\",\"description\":\"ENCOUNTERS MAGAZINE by Santacruz International Communication invites you to discover engaging people, places and ideas around the globe.\",\"breadcrumb\":{\"@id\":\"https:\/\/encounters-magazine.com\/es\/encounters-five\/ser-amigo\/#breadcrumb\"},\"inLanguage\":\"es\",\"potentialAction\":[{\"@type\":\"ReadAction\",\"target\":[\"https:\/\/encounters-magazine.com\/es\/encounters-five\/ser-amigo\/\"]}]},{\"@type\":\"BreadcrumbList\",\"@id\":\"https:\/\/encounters-magazine.com\/es\/encounters-five\/ser-amigo\/#breadcrumb\",\"itemListElement\":[{\"@type\":\"ListItem\",\"position\":1,\"name\":\"Home\",\"item\":\"https:\/\/encounters-magazine.com\/es\/\"},{\"@type\":\"ListItem\",\"position\":2,\"name\":\"Encounters Five\",\"item\":\"https:\/\/encounters-magazine.com\/es\/encounters-five\/\"},{\"@type\":\"ListItem\",\"position\":3,\"name\":\"Ser amigo\"}]}]}<\/script>\n<!-- \/ Yoast SEO plugin. -->","yoast_head_json":{"title":"Ser amigo - ENCOUNTERS MAGAZINE. By Santacruz International Communication","description":"ENCOUNTERS MAGAZINE by Santacruz International Communication invites you to discover engaging people, places and ideas around the globe.","robots":{"index":"index","follow":"follow","max-snippet":"max-snippet:-1","max-image-preview":"max-image-preview:large","max-video-preview":"max-video-preview:-1"},"canonical":"https:\/\/encounters-magazine.com\/es\/encounters-five\/ser-amigo\/","og_locale":"es_ES","og_type":"article","og_title":"Ser amigo - ENCOUNTERS MAGAZINE. By Santacruz International Communication","og_description":"ENCOUNTERS MAGAZINE by Santacruz International Communication invites you to discover engaging people, places and ideas around the globe.","og_url":"https:\/\/encounters-magazine.com\/es\/encounters-five\/ser-amigo\/","og_site_name":"ES - ENCOUNTERS MAGAZINE","article_publisher":"https:\/\/www.facebook.com\/lino.santacruz.5","article_modified_time":"2015-04-16T20:18:24+00:00","og_image":[{"width":60,"height":80,"url":"https:\/\/encounters-magazine.com\/es\/wp-content\/uploads\/sites\/4\/2013\/07\/navarette_portrait.jpg","type":"image\/jpeg"}],"twitter_card":"summary","twitter_site":"@LinoSantacruz","twitter_misc":{"Tiempo de lectura":"3 minutos"},"schema":{"@context":"https:\/\/schema.org","@graph":[{"@type":"Organization","@id":"https:\/\/encounters-magazine.com\/es\/#organization","name":"SANTACRUZ INTERNATIONAL COMMUNICATION","url":"https:\/\/encounters-magazine.com\/es\/","sameAs":["https:\/\/www.facebook.com\/lino.santacruz.5","https:\/\/de.linkedin.com\/pub\/lino-santacruz\/a\/806\/417\/de","https:\/\/twitter.com\/LinoSantacruz"],"logo":{"@type":"ImageObject","@id":"https:\/\/encounters-magazine.com\/es\/#logo","inLanguage":"es","url":"http:\/\/encounters-magazine.com\/es\/wp-content\/uploads\/sites\/4\/2015\/10\/sic-logo.png","contentUrl":"http:\/\/encounters-magazine.com\/es\/wp-content\/uploads\/sites\/4\/2015\/10\/sic-logo.png","width":106,"height":106,"caption":"SANTACRUZ INTERNATIONAL COMMUNICATION"},"image":{"@id":"https:\/\/encounters-magazine.com\/es\/#logo"}},{"@type":"WebSite","@id":"https:\/\/encounters-magazine.com\/es\/#website","url":"https:\/\/encounters-magazine.com\/es\/","name":"ES - ENCOUNTERS MAGAZINE","description":"","publisher":{"@id":"https:\/\/encounters-magazine.com\/es\/#organization"},"potentialAction":[{"@type":"SearchAction","target":{"@type":"EntryPoint","urlTemplate":"https:\/\/encounters-magazine.com\/es\/?s={search_term_string}"},"query-input":"required name=search_term_string"}],"inLanguage":"es"},{"@type":"ImageObject","@id":"https:\/\/encounters-magazine.com\/es\/encounters-five\/ser-amigo\/#primaryimage","inLanguage":"es","url":"https:\/\/encounters-magazine.com\/es\/wp-content\/uploads\/sites\/4\/2013\/07\/navarette_portrait.jpg","contentUrl":"https:\/\/encounters-magazine.com\/es\/wp-content\/uploads\/sites\/4\/2013\/07\/navarette_portrait.jpg","width":60,"height":80,"caption":"Ioana Navarrete Pellicer"},{"@type":"WebPage","@id":"https:\/\/encounters-magazine.com\/es\/encounters-five\/ser-amigo\/#webpage","url":"https:\/\/encounters-magazine.com\/es\/encounters-five\/ser-amigo\/","name":"Ser amigo - ENCOUNTERS MAGAZINE. By Santacruz International Communication","isPartOf":{"@id":"https:\/\/encounters-magazine.com\/es\/#website"},"primaryImageOfPage":{"@id":"https:\/\/encounters-magazine.com\/es\/encounters-five\/ser-amigo\/#primaryimage"},"datePublished":"2015-04-16T20:17:41+00:00","dateModified":"2015-04-16T20:18:24+00:00","description":"ENCOUNTERS MAGAZINE by Santacruz International Communication invites you to discover engaging people, places and ideas around the globe.","breadcrumb":{"@id":"https:\/\/encounters-magazine.com\/es\/encounters-five\/ser-amigo\/#breadcrumb"},"inLanguage":"es","potentialAction":[{"@type":"ReadAction","target":["https:\/\/encounters-magazine.com\/es\/encounters-five\/ser-amigo\/"]}]},{"@type":"BreadcrumbList","@id":"https:\/\/encounters-magazine.com\/es\/encounters-five\/ser-amigo\/#breadcrumb","itemListElement":[{"@type":"ListItem","position":1,"name":"Home","item":"https:\/\/encounters-magazine.com\/es\/"},{"@type":"ListItem","position":2,"name":"Encounters Five","item":"https:\/\/encounters-magazine.com\/es\/encounters-five\/"},{"@type":"ListItem","position":3,"name":"Ser amigo"}]}]}},"_links":{"self":[{"href":"https:\/\/encounters-magazine.com\/es\/wp-json\/wp\/v2\/pages\/1198"}],"collection":[{"href":"https:\/\/encounters-magazine.com\/es\/wp-json\/wp\/v2\/pages"}],"about":[{"href":"https:\/\/encounters-magazine.com\/es\/wp-json\/wp\/v2\/types\/page"}],"author":[{"embeddable":true,"href":"https:\/\/encounters-magazine.com\/es\/wp-json\/wp\/v2\/users\/4"}],"replies":[{"embeddable":true,"href":"https:\/\/encounters-magazine.com\/es\/wp-json\/wp\/v2\/comments?post=1198"}],"version-history":[{"count":1,"href":"https:\/\/encounters-magazine.com\/es\/wp-json\/wp\/v2\/pages\/1198\/revisions"}],"predecessor-version":[{"id":1199,"href":"https:\/\/encounters-magazine.com\/es\/wp-json\/wp\/v2\/pages\/1198\/revisions\/1199"}],"up":[{"embeddable":true,"href":"https:\/\/encounters-magazine.com\/es\/wp-json\/wp\/v2\/pages\/394"}],"wp:featuredmedia":[{"embeddable":true,"href":"https:\/\/encounters-magazine.com\/es\/wp-json\/wp\/v2\/media\/360"}],"wp:attachment":[{"href":"https:\/\/encounters-magazine.com\/es\/wp-json\/wp\/v2\/media?parent=1198"}],"curies":[{"name":"wp","href":"https:\/\/api.w.org\/{rel}","templated":true}]}}