{"id":1195,"date":"2015-04-16T20:16:40","date_gmt":"2015-04-16T20:16:40","guid":{"rendered":"http:\/\/encounters-magazine.com\/es\/?page_id=1195"},"modified":"2015-04-16T20:16:40","modified_gmt":"2015-04-16T20:16:40","slug":"aldea-global","status":"publish","type":"page","link":"https:\/\/encounters-magazine.com\/es\/encounters-five\/aldea-global\/","title":{"rendered":"Aldea global"},"content":{"rendered":"<p>Las televisiones emitieron las im\u00e1genes en un color pastoso, lleno de grano y con un sonido imperfecto, en el que se superpon\u00edan los gritos de alegr\u00eda. El d\u00eda en el que todos contemplamos como ca\u00eda el muro de Berl\u00edn, yo era un estudiante de derecho en la peque\u00f1a ciudad espa\u00f1ola de Le\u00f3n y el periodismo a\u00fan no hab\u00eda entrado en mi vida. Cuando la muralla que separaba al mundo qued\u00f3 completamente pulverizada a pu\u00f1etazos, de entre los escombros empez\u00f3 a crecer el concepto de la \u201caldea global\u201d. Por aquel entonces, entre libros de leyes, no sab\u00eda hasta que punto esa idea iba a marcar mi futuro. Tampoco era consciente de que la fant\u00e1stica aventura de pasearse por la vida traspasando fronteras iba a provocar heridas que son imposibles de cicatrizar, porque la nostalgia y el desarraigo, no se curan nunca.<\/p>\n<p><img loading=\"lazy\" src=\"http:\/\/encounters-magazine.com\/es\/wp-content\/uploads\/sites\/4\/2013\/07\/vega_1.jpg\" alt=\"vega_1\" width=\"507\" height=\"337\" class=\"alignnone size-full wp-image-353\" srcset=\"https:\/\/encounters-magazine.com\/es\/wp-content\/uploads\/sites\/4\/2013\/07\/vega_1.jpg 507w, https:\/\/encounters-magazine.com\/es\/wp-content\/uploads\/sites\/4\/2013\/07\/vega_1-300x199.jpg 300w\" sizes=\"(max-width: 507px) 100vw, 507px\" \/><\/p>\n<p>La euforia del final de la Guerra Fr\u00eda se tradujo en mi vida en un cambio de rumbo. El derecho era una apuesta demasiado estable, que se olvidaba de las posibilidades que ofrec\u00eda un mundo cada vez m\u00e1s peque\u00f1o, m\u00e1s accesible. Si se trataba de explorar lo que hab\u00eda ah\u00ed fuera y poder contarlo, la mejor opci\u00f3n era el periodismo. As\u00ed comenz\u00f3 un viaje de destinos inesperados con el que he ido construyendo el trozo de vida que ya he recorrido. Una temporada en Wisconsin, un par de a\u00f1os en Par\u00eds, varios en Washington, Madrid y ahora en Berl\u00edn. A veces me pregunto cu\u00e1l es la raz\u00f3n por la que los viajeros mantenemos la inquietud por conocer nuevos mundos.<\/p>\n<p><img loading=\"lazy\" src=\"http:\/\/encounters-magazine.com\/es\/wp-content\/uploads\/sites\/4\/2013\/07\/vega_2.jpg\" alt=\"vega_2\" width=\"507\" height=\"339\" class=\"alignnone size-full wp-image-352\" srcset=\"https:\/\/encounters-magazine.com\/es\/wp-content\/uploads\/sites\/4\/2013\/07\/vega_2.jpg 507w, https:\/\/encounters-magazine.com\/es\/wp-content\/uploads\/sites\/4\/2013\/07\/vega_2-300x200.jpg 300w\" sizes=\"(max-width: 507px) 100vw, 507px\" \/><\/p>\n<p>Hay algo m\u00e1gico en los cambios. Son las sensaciones que incorpora cada nuevo pa\u00eds. Empiezan por cosas sencillas, como el color de los aeropuertos. El de Madrid es marr\u00f3n, los de Estados Unidos reciben al viajero alfombrados con felpa, el de Zurich es de cristal y el de Amsterdam verde, lleno de plantas. Son la puerta de entrada de aprendizajes fant\u00e1sticos sobre las diferentes formas de sonre\u00edr de la gente, los olores de los mercados, la arquitectura cambiante de las tiendas de alimentaci\u00f3n con sus productos aut\u00f3ctonos, las distintas maneras de disfrutar el sol del verano en cada lugar del mundo. Esos gestos, de los que uno se va empapando, provocan la misma emoci\u00f3n que la de un ni\u00f1o abriendo un regalo. Alguien puede pensar que no hace falta vivir como un n\u00f3mada para darse cuenta de estas cosas, que basta una semana de vacaciones en Nueva York para recibir todas las emociones que transmite la ciudad de los rascacielos. No es lo mismo. El visitante colecciona postales, el habitante es parte de ellas. S\u00f3lo desde dentro se pueden disfrutar los detalles.<\/p>\n<p><img loading=\"lazy\" src=\"http:\/\/encounters-magazine.com\/es\/wp-content\/uploads\/sites\/4\/2013\/07\/vega_3.jpg\" alt=\"vega_3\" width=\"507\" height=\"371\" class=\"alignnone size-full wp-image-351\" srcset=\"https:\/\/encounters-magazine.com\/es\/wp-content\/uploads\/sites\/4\/2013\/07\/vega_3.jpg 507w, https:\/\/encounters-magazine.com\/es\/wp-content\/uploads\/sites\/4\/2013\/07\/vega_3-300x219.jpg 300w\" sizes=\"(max-width: 507px) 100vw, 507px\" \/><\/p>\n<p>Cuando todo eso pasa, cuando uno empieza a vestir con los mismos colores de los que le rodean, a hablar en su lengua, a dormir las mismas horas y disfrutar de las mismas cosas los fines de semana, cuando la novedad se difumina, llega lo mejor. Entonces aparece el verdadero aventurero. Cada periodo de adaptaci\u00f3n a un nuevo escenario es como una fase de entrenamiento de un joven Jedi. Cuantas m\u00e1s experiencias, m\u00e1s sabidur\u00eda y m\u00e1s compresi\u00f3n hacia todo lo que es diferente. Esa es una de las mejores ense\u00f1anzas para un viajero. Hay muchos mundos, muy distintos, pero todos valen la pena. <\/p>\n<p><img loading=\"lazy\" src=\"http:\/\/encounters-magazine.com\/es\/wp-content\/uploads\/sites\/4\/2013\/07\/vega_4.jpg\" alt=\"vega_4\" width=\"507\" height=\"380\" class=\"alignnone size-full wp-image-350\" srcset=\"https:\/\/encounters-magazine.com\/es\/wp-content\/uploads\/sites\/4\/2013\/07\/vega_4.jpg 507w, https:\/\/encounters-magazine.com\/es\/wp-content\/uploads\/sites\/4\/2013\/07\/vega_4-300x224.jpg 300w\" sizes=\"(max-width: 507px) 100vw, 507px\" \/><\/p>\n<p><img loading=\"lazy\" src=\"http:\/\/encounters-magazine.com\/es\/wp-content\/uploads\/sites\/4\/2013\/07\/vega_5.jpg\" alt=\"vega_5\" width=\"507\" height=\"380\" class=\"alignnone size-full wp-image-355\" srcset=\"https:\/\/encounters-magazine.com\/es\/wp-content\/uploads\/sites\/4\/2013\/07\/vega_5.jpg 507w, https:\/\/encounters-magazine.com\/es\/wp-content\/uploads\/sites\/4\/2013\/07\/vega_5-300x224.jpg 300w\" sizes=\"(max-width: 507px) 100vw, 507px\" \/><\/p>\n<p>He tenido la suerte de vivir en ciudades maravillosas. No hay mejor r\u00edo que el Sena a su paso por Par\u00eds a los pies de Notre Dame. No existe un cementerio m\u00e1s bello y solemne que el de Arlington en Estados Unidos. Los parques de Nueva York o Berl\u00edn son universos \u00fanicos. Todos esos escenarios forman parte ya de mi vida y est\u00e1n colocados en mi memoria como recuerdos de lujo. Pero incluso durante los mejores momentos en lugares remotos, hay siempre algo que falta. Nunca he tenido claro donde echamos las ra\u00edces, si lo hacemos en la sangre, en el cerebro, en la infancia o, por supuesto, en la familia. A veces la nostalgia la despierta un olor, un sonido, una escena en la calle. Siempre est\u00e1 ah\u00ed, como una compa\u00f1era tozuda, esperando a llamarnos la atenci\u00f3n sobre lo que somos. Es el precio que pagamos la nueva generaci\u00f3n de \u201ctrabajadores globales\u201d. Es verdad que la tecnolog\u00eda lo ha cambiado todo. La comunicaci\u00f3n a trav\u00e9s de las redes sociales y la conectividad amortiguan el desarraigo. Pero no desaparece nunca. Quiz\u00e1s sea el precio que haya que pagar para poder explorar el mundo, quiz\u00e1s sea la se\u00f1al que nos indica a los viajeros que, alg\u00fan d\u00eda, cuando llegue el momento, habr\u00e1 un regreso a los or\u00edgenes.<\/p>\n<p><img loading=\"lazy\" src=\"http:\/\/encounters-magazine.com\/es\/wp-content\/uploads\/sites\/4\/2013\/07\/vega_6.jpg\" alt=\"vega_6\" width=\"507\" height=\"286\" class=\"alignnone size-full wp-image-349\" srcset=\"https:\/\/encounters-magazine.com\/es\/wp-content\/uploads\/sites\/4\/2013\/07\/vega_6.jpg 507w, https:\/\/encounters-magazine.com\/es\/wp-content\/uploads\/sites\/4\/2013\/07\/vega_6-300x169.jpg 300w\" sizes=\"(max-width: 507px) 100vw, 507px\" \/><\/p>\n<blockquote><p>Carlos de Vega ha trabajado 15 a\u00f1os como periodista. Como miembro del equipo fundador de CNN+ en 1999, fue reportero y corresponsal politico, conductor de programas y  enviado especial en Kosovo e Iraq. En 2004 fue designado Jefe de la Oficina en Estados Unidos, inform\u00f3 sobre el Hurac\u00e1n Katrina y acompa\u00f1\u00f3 a Obama y McCain en la campa\u00f1a presidencial. En 2011 fue nombrado Gerente de Comunicaciones de PRISA TV. M\u00e1s adelante se mud\u00f3 a Berl\u00edn, donde actualmente es corresponsal en jefe, presentador de noticias y conduce el programa de entrevistas \u201cAgenda\u201d en la televisora alemana Deutsche Welle.<\/p><\/blockquote>\n","protected":false},"excerpt":{"rendered":"<p>Las televisiones emitieron las im\u00e1genes en un color pastoso, lleno de grano y con un sonido imperfecto, en el que se superpon\u00edan los gritos de alegr\u00eda. El d\u00eda en el que todos contemplamos como ca\u00eda el muro de Berl\u00edn, yo era un estudiante de derecho en la peque\u00f1a ciudad espa\u00f1ola de Le\u00f3n y el periodismo [&hellip;]<\/p>\n","protected":false},"author":4,"featured_media":348,"parent":394,"menu_order":3,"comment_status":"open","ping_status":"open","template":"page.php","meta":[],"acf":[],"yoast_head":"<!-- This site is optimized with the Yoast SEO plugin v17.9 - https:\/\/yoast.com\/wordpress\/plugins\/seo\/ -->\n<title>Aldea global - ENCOUNTERS MAGAZINE. By Santacruz International Communication<\/title>\n<meta name=\"description\" content=\"ENCOUNTERS MAGAZINE by Santacruz International Communication invites you to discover engaging people, places and ideas around the globe.\" \/>\n<meta name=\"robots\" content=\"index, follow, max-snippet:-1, max-image-preview:large, max-video-preview:-1\" \/>\n<link rel=\"canonical\" href=\"http:\/\/encounters-magazine.com\/es\/encounters-five\/aldea-global\/\" \/>\n<meta property=\"og:locale\" content=\"es_ES\" \/>\n<meta property=\"og:type\" content=\"article\" \/>\n<meta property=\"og:title\" content=\"Aldea global - ENCOUNTERS MAGAZINE. By Santacruz International Communication\" \/>\n<meta property=\"og:description\" content=\"ENCOUNTERS MAGAZINE by Santacruz International Communication invites you to discover engaging people, places and ideas around the globe.\" \/>\n<meta property=\"og:url\" content=\"http:\/\/encounters-magazine.com\/es\/encounters-five\/aldea-global\/\" \/>\n<meta property=\"og:site_name\" content=\"ES - ENCOUNTERS MAGAZINE\" \/>\n<meta property=\"article:publisher\" content=\"https:\/\/www.facebook.com\/lino.santacruz.5\" \/>\n<meta property=\"og:image\" content=\"http:\/\/encounters-magazine.com\/es\/wp-content\/uploads\/sites\/4\/2013\/07\/vega_portait.jpg\" \/>\n\t<meta property=\"og:image:width\" content=\"100\" \/>\n\t<meta property=\"og:image:height\" content=\"80\" \/>\n\t<meta property=\"og:image:type\" content=\"image\/jpeg\" \/>\n<meta name=\"twitter:card\" content=\"summary\" \/>\n<meta name=\"twitter:site\" content=\"@LinoSantacruz\" \/>\n<meta name=\"twitter:label1\" content=\"Tiempo de lectura\" \/>\n\t<meta name=\"twitter:data1\" content=\"5 minutos\" \/>\n<script type=\"application\/ld+json\" class=\"yoast-schema-graph\">{\"@context\":\"https:\/\/schema.org\",\"@graph\":[{\"@type\":\"Organization\",\"@id\":\"https:\/\/encounters-magazine.com\/es\/#organization\",\"name\":\"SANTACRUZ INTERNATIONAL COMMUNICATION\",\"url\":\"https:\/\/encounters-magazine.com\/es\/\",\"sameAs\":[\"https:\/\/www.facebook.com\/lino.santacruz.5\",\"https:\/\/de.linkedin.com\/pub\/lino-santacruz\/a\/806\/417\/de\",\"https:\/\/twitter.com\/LinoSantacruz\"],\"logo\":{\"@type\":\"ImageObject\",\"@id\":\"https:\/\/encounters-magazine.com\/es\/#logo\",\"inLanguage\":\"es\",\"url\":\"http:\/\/encounters-magazine.com\/es\/wp-content\/uploads\/sites\/4\/2015\/10\/sic-logo.png\",\"contentUrl\":\"http:\/\/encounters-magazine.com\/es\/wp-content\/uploads\/sites\/4\/2015\/10\/sic-logo.png\",\"width\":106,\"height\":106,\"caption\":\"SANTACRUZ INTERNATIONAL COMMUNICATION\"},\"image\":{\"@id\":\"https:\/\/encounters-magazine.com\/es\/#logo\"}},{\"@type\":\"WebSite\",\"@id\":\"https:\/\/encounters-magazine.com\/es\/#website\",\"url\":\"https:\/\/encounters-magazine.com\/es\/\",\"name\":\"ES - ENCOUNTERS MAGAZINE\",\"description\":\"\",\"publisher\":{\"@id\":\"https:\/\/encounters-magazine.com\/es\/#organization\"},\"potentialAction\":[{\"@type\":\"SearchAction\",\"target\":{\"@type\":\"EntryPoint\",\"urlTemplate\":\"https:\/\/encounters-magazine.com\/es\/?s={search_term_string}\"},\"query-input\":\"required name=search_term_string\"}],\"inLanguage\":\"es\"},{\"@type\":\"ImageObject\",\"@id\":\"http:\/\/encounters-magazine.com\/es\/encounters-five\/aldea-global\/#primaryimage\",\"inLanguage\":\"es\",\"url\":\"https:\/\/encounters-magazine.com\/es\/wp-content\/uploads\/sites\/4\/2013\/07\/vega_portait.jpg\",\"contentUrl\":\"https:\/\/encounters-magazine.com\/es\/wp-content\/uploads\/sites\/4\/2013\/07\/vega_portait.jpg\",\"width\":100,\"height\":80,\"caption\":\"vega\"},{\"@type\":\"WebPage\",\"@id\":\"http:\/\/encounters-magazine.com\/es\/encounters-five\/aldea-global\/#webpage\",\"url\":\"http:\/\/encounters-magazine.com\/es\/encounters-five\/aldea-global\/\",\"name\":\"Aldea global - ENCOUNTERS MAGAZINE. By Santacruz International Communication\",\"isPartOf\":{\"@id\":\"https:\/\/encounters-magazine.com\/es\/#website\"},\"primaryImageOfPage\":{\"@id\":\"http:\/\/encounters-magazine.com\/es\/encounters-five\/aldea-global\/#primaryimage\"},\"datePublished\":\"2015-04-16T20:16:40+00:00\",\"dateModified\":\"2015-04-16T20:16:40+00:00\",\"description\":\"ENCOUNTERS MAGAZINE by Santacruz International Communication invites you to discover engaging people, places and ideas around the globe.\",\"breadcrumb\":{\"@id\":\"http:\/\/encounters-magazine.com\/es\/encounters-five\/aldea-global\/#breadcrumb\"},\"inLanguage\":\"es\",\"potentialAction\":[{\"@type\":\"ReadAction\",\"target\":[\"http:\/\/encounters-magazine.com\/es\/encounters-five\/aldea-global\/\"]}]},{\"@type\":\"BreadcrumbList\",\"@id\":\"http:\/\/encounters-magazine.com\/es\/encounters-five\/aldea-global\/#breadcrumb\",\"itemListElement\":[{\"@type\":\"ListItem\",\"position\":1,\"name\":\"Home\",\"item\":\"https:\/\/encounters-magazine.com\/es\/\"},{\"@type\":\"ListItem\",\"position\":2,\"name\":\"Encounters Five\",\"item\":\"https:\/\/encounters-magazine.com\/es\/encounters-five\/\"},{\"@type\":\"ListItem\",\"position\":3,\"name\":\"Aldea global\"}]}]}<\/script>\n<!-- \/ Yoast SEO plugin. -->","yoast_head_json":{"title":"Aldea global - ENCOUNTERS MAGAZINE. By Santacruz International Communication","description":"ENCOUNTERS MAGAZINE by Santacruz International Communication invites you to discover engaging people, places and ideas around the globe.","robots":{"index":"index","follow":"follow","max-snippet":"max-snippet:-1","max-image-preview":"max-image-preview:large","max-video-preview":"max-video-preview:-1"},"canonical":"http:\/\/encounters-magazine.com\/es\/encounters-five\/aldea-global\/","og_locale":"es_ES","og_type":"article","og_title":"Aldea global - ENCOUNTERS MAGAZINE. By Santacruz International Communication","og_description":"ENCOUNTERS MAGAZINE by Santacruz International Communication invites you to discover engaging people, places and ideas around the globe.","og_url":"http:\/\/encounters-magazine.com\/es\/encounters-five\/aldea-global\/","og_site_name":"ES - ENCOUNTERS MAGAZINE","article_publisher":"https:\/\/www.facebook.com\/lino.santacruz.5","og_image":[{"width":100,"height":80,"url":"http:\/\/encounters-magazine.com\/es\/wp-content\/uploads\/sites\/4\/2013\/07\/vega_portait.jpg","type":"image\/jpeg"}],"twitter_card":"summary","twitter_site":"@LinoSantacruz","twitter_misc":{"Tiempo de lectura":"5 minutos"},"schema":{"@context":"https:\/\/schema.org","@graph":[{"@type":"Organization","@id":"https:\/\/encounters-magazine.com\/es\/#organization","name":"SANTACRUZ INTERNATIONAL COMMUNICATION","url":"https:\/\/encounters-magazine.com\/es\/","sameAs":["https:\/\/www.facebook.com\/lino.santacruz.5","https:\/\/de.linkedin.com\/pub\/lino-santacruz\/a\/806\/417\/de","https:\/\/twitter.com\/LinoSantacruz"],"logo":{"@type":"ImageObject","@id":"https:\/\/encounters-magazine.com\/es\/#logo","inLanguage":"es","url":"http:\/\/encounters-magazine.com\/es\/wp-content\/uploads\/sites\/4\/2015\/10\/sic-logo.png","contentUrl":"http:\/\/encounters-magazine.com\/es\/wp-content\/uploads\/sites\/4\/2015\/10\/sic-logo.png","width":106,"height":106,"caption":"SANTACRUZ INTERNATIONAL COMMUNICATION"},"image":{"@id":"https:\/\/encounters-magazine.com\/es\/#logo"}},{"@type":"WebSite","@id":"https:\/\/encounters-magazine.com\/es\/#website","url":"https:\/\/encounters-magazine.com\/es\/","name":"ES - ENCOUNTERS MAGAZINE","description":"","publisher":{"@id":"https:\/\/encounters-magazine.com\/es\/#organization"},"potentialAction":[{"@type":"SearchAction","target":{"@type":"EntryPoint","urlTemplate":"https:\/\/encounters-magazine.com\/es\/?s={search_term_string}"},"query-input":"required name=search_term_string"}],"inLanguage":"es"},{"@type":"ImageObject","@id":"http:\/\/encounters-magazine.com\/es\/encounters-five\/aldea-global\/#primaryimage","inLanguage":"es","url":"https:\/\/encounters-magazine.com\/es\/wp-content\/uploads\/sites\/4\/2013\/07\/vega_portait.jpg","contentUrl":"https:\/\/encounters-magazine.com\/es\/wp-content\/uploads\/sites\/4\/2013\/07\/vega_portait.jpg","width":100,"height":80,"caption":"vega"},{"@type":"WebPage","@id":"http:\/\/encounters-magazine.com\/es\/encounters-five\/aldea-global\/#webpage","url":"http:\/\/encounters-magazine.com\/es\/encounters-five\/aldea-global\/","name":"Aldea global - ENCOUNTERS MAGAZINE. By Santacruz International Communication","isPartOf":{"@id":"https:\/\/encounters-magazine.com\/es\/#website"},"primaryImageOfPage":{"@id":"http:\/\/encounters-magazine.com\/es\/encounters-five\/aldea-global\/#primaryimage"},"datePublished":"2015-04-16T20:16:40+00:00","dateModified":"2015-04-16T20:16:40+00:00","description":"ENCOUNTERS MAGAZINE by Santacruz International Communication invites you to discover engaging people, places and ideas around the globe.","breadcrumb":{"@id":"http:\/\/encounters-magazine.com\/es\/encounters-five\/aldea-global\/#breadcrumb"},"inLanguage":"es","potentialAction":[{"@type":"ReadAction","target":["http:\/\/encounters-magazine.com\/es\/encounters-five\/aldea-global\/"]}]},{"@type":"BreadcrumbList","@id":"http:\/\/encounters-magazine.com\/es\/encounters-five\/aldea-global\/#breadcrumb","itemListElement":[{"@type":"ListItem","position":1,"name":"Home","item":"https:\/\/encounters-magazine.com\/es\/"},{"@type":"ListItem","position":2,"name":"Encounters Five","item":"https:\/\/encounters-magazine.com\/es\/encounters-five\/"},{"@type":"ListItem","position":3,"name":"Aldea global"}]}]}},"_links":{"self":[{"href":"https:\/\/encounters-magazine.com\/es\/wp-json\/wp\/v2\/pages\/1195"}],"collection":[{"href":"https:\/\/encounters-magazine.com\/es\/wp-json\/wp\/v2\/pages"}],"about":[{"href":"https:\/\/encounters-magazine.com\/es\/wp-json\/wp\/v2\/types\/page"}],"author":[{"embeddable":true,"href":"https:\/\/encounters-magazine.com\/es\/wp-json\/wp\/v2\/users\/4"}],"replies":[{"embeddable":true,"href":"https:\/\/encounters-magazine.com\/es\/wp-json\/wp\/v2\/comments?post=1195"}],"version-history":[{"count":1,"href":"https:\/\/encounters-magazine.com\/es\/wp-json\/wp\/v2\/pages\/1195\/revisions"}],"predecessor-version":[{"id":1196,"href":"https:\/\/encounters-magazine.com\/es\/wp-json\/wp\/v2\/pages\/1195\/revisions\/1196"}],"up":[{"embeddable":true,"href":"https:\/\/encounters-magazine.com\/es\/wp-json\/wp\/v2\/pages\/394"}],"wp:featuredmedia":[{"embeddable":true,"href":"https:\/\/encounters-magazine.com\/es\/wp-json\/wp\/v2\/media\/348"}],"wp:attachment":[{"href":"https:\/\/encounters-magazine.com\/es\/wp-json\/wp\/v2\/media?parent=1195"}],"curies":[{"name":"wp","href":"https:\/\/api.w.org\/{rel}","templated":true}]}}