{"id":1193,"date":"2015-04-16T20:15:12","date_gmt":"2015-04-16T20:15:12","guid":{"rendered":"http:\/\/encounters-magazine.com\/es\/?page_id=1193"},"modified":"2015-04-16T20:15:16","modified_gmt":"2015-04-16T20:15:16","slug":"en-un-lugar-de-la-mancha-almagro","status":"publish","type":"page","link":"https:\/\/encounters-magazine.com\/es\/encounters-five\/en-un-lugar-de-la-mancha-almagro\/","title":{"rendered":"En un lugar de La Mancha&#8230; Almagro"},"content":{"rendered":"<p>Ya no \u00edbamos sobre caballos, pero nuestra traves\u00eda entre caminos perdidos, vi\u00f1edos y campos de cereal segu\u00eda siendo una aventura como las de Don Quijote y Sancho Panza sobre el infinito horizonte manchego de molinos de viento.<\/p>\n<p>Nos dirig\u00edamos a Almagro. All\u00ed se encuentra un tesoro digno de visitar: el Corral de Comedias. El \u00fanico del Siglo de Oro a\u00fan en activo y que se conserva completo en el mundo. Esta localidad espa\u00f1ola de la provincia de Ciudad Real est\u00e1 a unos doscientos kil\u00f3metros al sur desde Madrid.<\/p>\n<p><img loading=\"lazy\" src=\"http:\/\/encounters-magazine.com\/es\/wp-content\/uploads\/sites\/4\/2013\/07\/moraleda_1.jpg\" alt=\"moraleda_1\" width=\"507\" height=\"252\" class=\"alignnone size-full wp-image-383\" srcset=\"https:\/\/encounters-magazine.com\/es\/wp-content\/uploads\/sites\/4\/2013\/07\/moraleda_1.jpg 507w, https:\/\/encounters-magazine.com\/es\/wp-content\/uploads\/sites\/4\/2013\/07\/moraleda_1-300x149.jpg 300w\" sizes=\"(max-width: 507px) 100vw, 507px\" \/><\/p>\n<p>Empezamos a caminar por sus calzadas empedradas y a respirar historia a cada paso. Es f\u00e1cil retroceder cuatro siglos e imaginarse a las familias de nobles, ganaderos, comerciantes y terratenientes que vivieron en la capital de la Orden de Calatrava. Sus casas solariegas, conventos y palacios siguen en pie.<\/p>\n<p>La trama urbana de Almagro nos conduce a su coraz\u00f3n, la Plaza Mayor. Con un estilo centroeuropeo y \u00fanico en Espa\u00f1a, dos flancos verde esmeralda de galer\u00edas acristaladas sobre soportales de columnado toscano componen esta plaza rectangular. A ambos extremos, se observa el edificio del Ayuntamiento y un jard\u00edn con la escultura ecuestre de Don Diego de Almagro, conquistador de Per\u00fa, Chile y primer europeo en llegar a Bolivia.<\/p>\n<p><img loading=\"lazy\" src=\"http:\/\/encounters-magazine.com\/es\/wp-content\/uploads\/sites\/4\/2013\/07\/moraleda_2.jpg\" alt=\"moraleda_2\" width=\"507\" height=\"328\" class=\"alignnone size-full wp-image-384\" srcset=\"https:\/\/encounters-magazine.com\/es\/wp-content\/uploads\/sites\/4\/2013\/07\/moraleda_2.jpg 507w, https:\/\/encounters-magazine.com\/es\/wp-content\/uploads\/sites\/4\/2013\/07\/moraleda_2-300x194.jpg 300w\" sizes=\"(max-width: 507px) 100vw, 507px\" \/><\/p>\n<p>Nuestro cometido es buscar el n\u00famero 1 de la plaza: el Corral de Comedias. Este teatro barroco fue construido por Leonardo de Oviedo en el patio interno de unas casas plebeyas en 1628.<\/p>\n<p>Entonces toda pieza teatral profana era considerada \u201ccomedia\u201d aunque tambi\u00e9n se representaran  otros g\u00e9neros. Lope de Vega, Tirso de Molina o Mateo Alem\u00e1n dirigieron aqu\u00ed sus obras.<\/p>\n<p><img loading=\"lazy\" src=\"http:\/\/encounters-magazine.com\/es\/wp-content\/uploads\/sites\/4\/2013\/07\/moraleda_3.jpg\" alt=\"moraleda_3\" width=\"507\" height=\"337\" class=\"alignnone size-full wp-image-385\" srcset=\"https:\/\/encounters-magazine.com\/es\/wp-content\/uploads\/sites\/4\/2013\/07\/moraleda_3.jpg 507w, https:\/\/encounters-magazine.com\/es\/wp-content\/uploads\/sites\/4\/2013\/07\/moraleda_3-300x199.jpg 300w\" sizes=\"(max-width: 507px) 100vw, 507px\" \/><\/p>\n<p>La palabra \u201cAlmagro\u201d procede del \u00e1rabe y significa arcilla rojiza. Y de este color son los cincuenta y cuatro pies rectos de madera que visten los dos pisos superiores del Corral. Su contraste con el blanco puro de las paredes en una zona rica en horas de sol regala una luminosidad natural que da vida a la escenograf\u00eda.<\/p>\n<p>Con la elevada producci\u00f3n cultural del Siglo de Oro, los patios interiores de casas o posadas serv\u00edan para entretener a las diferentes clases sociales en un mismo lugar. Aunque juntos pero no revueltos. En el centro del patio y bajo los soportales de piedra, ve\u00edan el espect\u00e1culo los hombres menos pudientes; llamados \u201cmosqueteros\u201d por la violencia con la que sus ovaciones o silbidos decid\u00edan sobre el \u00e9xito o el fracaso de la obra, de unas cuatro horas de duraci\u00f3n.<\/p>\n<p><img loading=\"lazy\" src=\"http:\/\/encounters-magazine.com\/es\/wp-content\/uploads\/sites\/4\/2013\/07\/moraleda_4.jpg\" alt=\"moraleda_4\" width=\"507\" height=\"338\" class=\"alignnone size-full wp-image-386\" srcset=\"https:\/\/encounters-magazine.com\/es\/wp-content\/uploads\/sites\/4\/2013\/07\/moraleda_4.jpg 507w, https:\/\/encounters-magazine.com\/es\/wp-content\/uploads\/sites\/4\/2013\/07\/moraleda_4-300x200.jpg 300w\" sizes=\"(max-width: 507px) 100vw, 507px\" \/><\/p>\n<p>En los laterales de los dos corredores superiores se sentaban las clases altas. S\u00f3lo los nobles pod\u00edan usar los aposentos de estas galer\u00edas y ver sin ser vistos a trav\u00e9s de tupidas celos\u00edas. Las mujeres ten\u00edan su sitio en las \u201ccazuelas\u201d; las galer\u00edas centrales frente al escenario. <\/p>\n<p>Julio es el mes recomendado para visitar Almagro por una buena raz\u00f3n. Cada a\u00f1o se celebra el Festival Internacional de Teatro Cl\u00e1sico en 16 espacios esc\u00e9nicos de gran valor hist\u00f3rico. <\/p>\n<p><img loading=\"lazy\" src=\"http:\/\/encounters-magazine.com\/es\/wp-content\/uploads\/sites\/4\/2013\/07\/moraleda_5.jpg\" alt=\"moraleda_5\" width=\"507\" height=\"338\" class=\"alignnone size-full wp-image-387\" srcset=\"https:\/\/encounters-magazine.com\/es\/wp-content\/uploads\/sites\/4\/2013\/07\/moraleda_5.jpg 507w, https:\/\/encounters-magazine.com\/es\/wp-content\/uploads\/sites\/4\/2013\/07\/moraleda_5-300x200.jpg 300w\" sizes=\"(max-width: 507px) 100vw, 507px\" \/><\/p>\n<p>Seguimos por una de sus arterias, la calle San Agust\u00edn. Nos llama la atenci\u00f3n una se\u00f1ora sentada en la calle que manipula a gran velocidad filas de hilos sobre una almohadilla con agujas. Es el encaje de bolillos, una tradici\u00f3n transmitida de madres a hijas durante siglos. Ahora la clientela ha cambiado a turistas curiosos de todas las partes del mundo.<\/p>\n<p>No entramos en el Museo del Encaje y Blonda porque la propia colecci\u00f3n de la se\u00f1ora Mar\u00eda y su hermana ya nos parece uno lleno de historias. Seg\u00fan ellas el origen de esta artesan\u00eda procede de la llegada a la ciudad de los flamencos de los Pa\u00edses Bajos y Carlos I. Pero nos advierte que no todo el mundo est\u00e1 de acuerdo, pues hay escritos sobre el encaje del propio Cervantes anteriores al siglo XVI.<\/p>\n<p><img loading=\"lazy\" src=\"http:\/\/encounters-magazine.com\/es\/wp-content\/uploads\/sites\/4\/2013\/07\/moraleda_6.jpg\" alt=\"moraleda_6\" width=\"507\" height=\"338\" class=\"alignnone size-full wp-image-388\" srcset=\"https:\/\/encounters-magazine.com\/es\/wp-content\/uploads\/sites\/4\/2013\/07\/moraleda_6.jpg 507w, https:\/\/encounters-magazine.com\/es\/wp-content\/uploads\/sites\/4\/2013\/07\/moraleda_6-300x200.jpg 300w\" sizes=\"(max-width: 507px) 100vw, 507px\" \/><\/p>\n<p>No hace falta preguntarse por qu\u00e9 esta ciudad fue declarada Conjunto Hist\u00f3rico Art\u00edstico cuando se ven portadas de edificios como el Convento de la Asunci\u00f3n de Calatrava, el del Palacio de los Marqueses de Torremej\u00eda, o el de los Condes de Valdepara\u00edso.<br \/>\nTras una parada gastron\u00f3mica para degustar queso manchego y berenjenas de Almagro con un vino de la regi\u00f3n, atravesamos la calle en la que Almod\u00f3var rod\u00f3 su pel\u00edcula \u201cVolver\u201d, la Federico Relimpio. Despu\u00e9s de su rodaje escribi\u00f3:<br \/>\n \u201cAdoro la austeridad de estas calles, el suelo empedrado, las ventanas de hierro negro, sin macetas, limpias de cualquier tipo de adorno. El z\u00f3calo oscuro. La luz intensa del d\u00eda.\u201d\t\t\t\t\t\t\t\t\t<\/p>\n<p>Nos vamos, pero volveremos.<\/p>\n<p><img loading=\"lazy\" src=\"http:\/\/encounters-magazine.com\/es\/wp-content\/uploads\/sites\/4\/2013\/07\/moraleda_7.jpg\" alt=\"moraleda_7\" width=\"507\" height=\"337\" class=\"alignnone size-full wp-image-382\" srcset=\"https:\/\/encounters-magazine.com\/es\/wp-content\/uploads\/sites\/4\/2013\/07\/moraleda_7.jpg 507w, https:\/\/encounters-magazine.com\/es\/wp-content\/uploads\/sites\/4\/2013\/07\/moraleda_7-300x199.jpg 300w\" sizes=\"(max-width: 507px) 100vw, 507px\" \/><\/p>\n<blockquote><p>Mar\u00eda Luz Moraleda naci\u00f3 en otro lugar de la Mancha, Herencia, el 26 de agosto de 1988. Estudi\u00f3 las licenciaturas de Periodismo y Comunicaci\u00f3n Audiovisual en la Universidad Carlos III de Madrid y en la University of Central Lancashire (Inglaterra). Desde septiembre de 2012 vive y trabaja en Berl\u00edn.<\/p><\/blockquote>\n","protected":false},"excerpt":{"rendered":"<p>Ya no \u00edbamos sobre caballos, pero nuestra traves\u00eda entre caminos perdidos, vi\u00f1edos y campos de cereal segu\u00eda siendo una aventura como las de Don Quijote y Sancho Panza sobre el infinito horizonte manchego de molinos de viento. Nos dirig\u00edamos a Almagro. All\u00ed se encuentra un tesoro digno de visitar: el Corral de Comedias. El \u00fanico [&hellip;]<\/p>\n","protected":false},"author":4,"featured_media":378,"parent":394,"menu_order":2,"comment_status":"open","ping_status":"open","template":"page.php","meta":[],"acf":[],"yoast_head":"<!-- This site is optimized with the Yoast SEO plugin v17.9 - https:\/\/yoast.com\/wordpress\/plugins\/seo\/ -->\n<title>En un lugar de La Mancha... Almagro - ENCOUNTERS MAGAZINE. By Santacruz International Communication<\/title>\n<meta name=\"description\" content=\"ENCOUNTERS MAGAZINE by Santacruz International Communication invites you to discover engaging people, places and ideas around the globe.\" \/>\n<meta name=\"robots\" content=\"index, follow, max-snippet:-1, max-image-preview:large, max-video-preview:-1\" \/>\n<link rel=\"canonical\" href=\"https:\/\/encounters-magazine.com\/es\/encounters-five\/en-un-lugar-de-la-mancha-almagro\/\" \/>\n<meta property=\"og:locale\" content=\"es_ES\" \/>\n<meta property=\"og:type\" content=\"article\" \/>\n<meta property=\"og:title\" content=\"En un lugar de La Mancha... Almagro - ENCOUNTERS MAGAZINE. By Santacruz International Communication\" \/>\n<meta property=\"og:description\" content=\"ENCOUNTERS MAGAZINE by Santacruz International Communication invites you to discover engaging people, places and ideas around the globe.\" \/>\n<meta property=\"og:url\" content=\"https:\/\/encounters-magazine.com\/es\/encounters-five\/en-un-lugar-de-la-mancha-almagro\/\" \/>\n<meta property=\"og:site_name\" content=\"ES - ENCOUNTERS MAGAZINE\" \/>\n<meta property=\"article:publisher\" content=\"https:\/\/www.facebook.com\/lino.santacruz.5\" \/>\n<meta property=\"article:modified_time\" content=\"2015-04-16T20:15:16+00:00\" \/>\n<meta property=\"og:image\" content=\"https:\/\/encounters-magazine.com\/es\/wp-content\/uploads\/sites\/4\/2013\/07\/moraleda_portrait.jpg\" \/>\n\t<meta property=\"og:image:width\" content=\"100\" \/>\n\t<meta property=\"og:image:height\" content=\"80\" \/>\n\t<meta property=\"og:image:type\" content=\"image\/jpeg\" \/>\n<meta name=\"twitter:card\" content=\"summary\" \/>\n<meta name=\"twitter:site\" content=\"@LinoSantacruz\" \/>\n<meta name=\"twitter:label1\" content=\"Tiempo de lectura\" \/>\n\t<meta name=\"twitter:data1\" content=\"4 minutos\" \/>\n<script type=\"application\/ld+json\" class=\"yoast-schema-graph\">{\"@context\":\"https:\/\/schema.org\",\"@graph\":[{\"@type\":\"Organization\",\"@id\":\"https:\/\/encounters-magazine.com\/es\/#organization\",\"name\":\"SANTACRUZ INTERNATIONAL COMMUNICATION\",\"url\":\"https:\/\/encounters-magazine.com\/es\/\",\"sameAs\":[\"https:\/\/www.facebook.com\/lino.santacruz.5\",\"https:\/\/de.linkedin.com\/pub\/lino-santacruz\/a\/806\/417\/de\",\"https:\/\/twitter.com\/LinoSantacruz\"],\"logo\":{\"@type\":\"ImageObject\",\"@id\":\"https:\/\/encounters-magazine.com\/es\/#logo\",\"inLanguage\":\"es\",\"url\":\"http:\/\/encounters-magazine.com\/es\/wp-content\/uploads\/sites\/4\/2015\/10\/sic-logo.png\",\"contentUrl\":\"http:\/\/encounters-magazine.com\/es\/wp-content\/uploads\/sites\/4\/2015\/10\/sic-logo.png\",\"width\":106,\"height\":106,\"caption\":\"SANTACRUZ INTERNATIONAL COMMUNICATION\"},\"image\":{\"@id\":\"https:\/\/encounters-magazine.com\/es\/#logo\"}},{\"@type\":\"WebSite\",\"@id\":\"https:\/\/encounters-magazine.com\/es\/#website\",\"url\":\"https:\/\/encounters-magazine.com\/es\/\",\"name\":\"ES - ENCOUNTERS MAGAZINE\",\"description\":\"\",\"publisher\":{\"@id\":\"https:\/\/encounters-magazine.com\/es\/#organization\"},\"potentialAction\":[{\"@type\":\"SearchAction\",\"target\":{\"@type\":\"EntryPoint\",\"urlTemplate\":\"https:\/\/encounters-magazine.com\/es\/?s={search_term_string}\"},\"query-input\":\"required name=search_term_string\"}],\"inLanguage\":\"es\"},{\"@type\":\"ImageObject\",\"@id\":\"https:\/\/encounters-magazine.com\/es\/encounters-five\/en-un-lugar-de-la-mancha-almagro\/#primaryimage\",\"inLanguage\":\"es\",\"url\":\"https:\/\/encounters-magazine.com\/es\/wp-content\/uploads\/sites\/4\/2013\/07\/moraleda_portrait.jpg\",\"contentUrl\":\"https:\/\/encounters-magazine.com\/es\/wp-content\/uploads\/sites\/4\/2013\/07\/moraleda_portrait.jpg\",\"width\":100,\"height\":80,\"caption\":\"Mar\\u00eda Luz Moraleda\"},{\"@type\":\"WebPage\",\"@id\":\"https:\/\/encounters-magazine.com\/es\/encounters-five\/en-un-lugar-de-la-mancha-almagro\/#webpage\",\"url\":\"https:\/\/encounters-magazine.com\/es\/encounters-five\/en-un-lugar-de-la-mancha-almagro\/\",\"name\":\"En un lugar de La Mancha... Almagro - ENCOUNTERS MAGAZINE. By Santacruz International Communication\",\"isPartOf\":{\"@id\":\"https:\/\/encounters-magazine.com\/es\/#website\"},\"primaryImageOfPage\":{\"@id\":\"https:\/\/encounters-magazine.com\/es\/encounters-five\/en-un-lugar-de-la-mancha-almagro\/#primaryimage\"},\"datePublished\":\"2015-04-16T20:15:12+00:00\",\"dateModified\":\"2015-04-16T20:15:16+00:00\",\"description\":\"ENCOUNTERS MAGAZINE by Santacruz International Communication invites you to discover engaging people, places and ideas around the globe.\",\"breadcrumb\":{\"@id\":\"https:\/\/encounters-magazine.com\/es\/encounters-five\/en-un-lugar-de-la-mancha-almagro\/#breadcrumb\"},\"inLanguage\":\"es\",\"potentialAction\":[{\"@type\":\"ReadAction\",\"target\":[\"https:\/\/encounters-magazine.com\/es\/encounters-five\/en-un-lugar-de-la-mancha-almagro\/\"]}]},{\"@type\":\"BreadcrumbList\",\"@id\":\"https:\/\/encounters-magazine.com\/es\/encounters-five\/en-un-lugar-de-la-mancha-almagro\/#breadcrumb\",\"itemListElement\":[{\"@type\":\"ListItem\",\"position\":1,\"name\":\"Home\",\"item\":\"https:\/\/encounters-magazine.com\/es\/\"},{\"@type\":\"ListItem\",\"position\":2,\"name\":\"Encounters Five\",\"item\":\"https:\/\/encounters-magazine.com\/es\/encounters-five\/\"},{\"@type\":\"ListItem\",\"position\":3,\"name\":\"En un lugar de La Mancha&#8230; Almagro\"}]}]}<\/script>\n<!-- \/ Yoast SEO plugin. -->","yoast_head_json":{"title":"En un lugar de La Mancha... Almagro - ENCOUNTERS MAGAZINE. By Santacruz International Communication","description":"ENCOUNTERS MAGAZINE by Santacruz International Communication invites you to discover engaging people, places and ideas around the globe.","robots":{"index":"index","follow":"follow","max-snippet":"max-snippet:-1","max-image-preview":"max-image-preview:large","max-video-preview":"max-video-preview:-1"},"canonical":"https:\/\/encounters-magazine.com\/es\/encounters-five\/en-un-lugar-de-la-mancha-almagro\/","og_locale":"es_ES","og_type":"article","og_title":"En un lugar de La Mancha... Almagro - ENCOUNTERS MAGAZINE. By Santacruz International Communication","og_description":"ENCOUNTERS MAGAZINE by Santacruz International Communication invites you to discover engaging people, places and ideas around the globe.","og_url":"https:\/\/encounters-magazine.com\/es\/encounters-five\/en-un-lugar-de-la-mancha-almagro\/","og_site_name":"ES - ENCOUNTERS MAGAZINE","article_publisher":"https:\/\/www.facebook.com\/lino.santacruz.5","article_modified_time":"2015-04-16T20:15:16+00:00","og_image":[{"width":100,"height":80,"url":"https:\/\/encounters-magazine.com\/es\/wp-content\/uploads\/sites\/4\/2013\/07\/moraleda_portrait.jpg","type":"image\/jpeg"}],"twitter_card":"summary","twitter_site":"@LinoSantacruz","twitter_misc":{"Tiempo de lectura":"4 minutos"},"schema":{"@context":"https:\/\/schema.org","@graph":[{"@type":"Organization","@id":"https:\/\/encounters-magazine.com\/es\/#organization","name":"SANTACRUZ INTERNATIONAL COMMUNICATION","url":"https:\/\/encounters-magazine.com\/es\/","sameAs":["https:\/\/www.facebook.com\/lino.santacruz.5","https:\/\/de.linkedin.com\/pub\/lino-santacruz\/a\/806\/417\/de","https:\/\/twitter.com\/LinoSantacruz"],"logo":{"@type":"ImageObject","@id":"https:\/\/encounters-magazine.com\/es\/#logo","inLanguage":"es","url":"http:\/\/encounters-magazine.com\/es\/wp-content\/uploads\/sites\/4\/2015\/10\/sic-logo.png","contentUrl":"http:\/\/encounters-magazine.com\/es\/wp-content\/uploads\/sites\/4\/2015\/10\/sic-logo.png","width":106,"height":106,"caption":"SANTACRUZ INTERNATIONAL COMMUNICATION"},"image":{"@id":"https:\/\/encounters-magazine.com\/es\/#logo"}},{"@type":"WebSite","@id":"https:\/\/encounters-magazine.com\/es\/#website","url":"https:\/\/encounters-magazine.com\/es\/","name":"ES - ENCOUNTERS MAGAZINE","description":"","publisher":{"@id":"https:\/\/encounters-magazine.com\/es\/#organization"},"potentialAction":[{"@type":"SearchAction","target":{"@type":"EntryPoint","urlTemplate":"https:\/\/encounters-magazine.com\/es\/?s={search_term_string}"},"query-input":"required name=search_term_string"}],"inLanguage":"es"},{"@type":"ImageObject","@id":"https:\/\/encounters-magazine.com\/es\/encounters-five\/en-un-lugar-de-la-mancha-almagro\/#primaryimage","inLanguage":"es","url":"https:\/\/encounters-magazine.com\/es\/wp-content\/uploads\/sites\/4\/2013\/07\/moraleda_portrait.jpg","contentUrl":"https:\/\/encounters-magazine.com\/es\/wp-content\/uploads\/sites\/4\/2013\/07\/moraleda_portrait.jpg","width":100,"height":80,"caption":"Mar\u00eda Luz Moraleda"},{"@type":"WebPage","@id":"https:\/\/encounters-magazine.com\/es\/encounters-five\/en-un-lugar-de-la-mancha-almagro\/#webpage","url":"https:\/\/encounters-magazine.com\/es\/encounters-five\/en-un-lugar-de-la-mancha-almagro\/","name":"En un lugar de La Mancha... Almagro - ENCOUNTERS MAGAZINE. By Santacruz International Communication","isPartOf":{"@id":"https:\/\/encounters-magazine.com\/es\/#website"},"primaryImageOfPage":{"@id":"https:\/\/encounters-magazine.com\/es\/encounters-five\/en-un-lugar-de-la-mancha-almagro\/#primaryimage"},"datePublished":"2015-04-16T20:15:12+00:00","dateModified":"2015-04-16T20:15:16+00:00","description":"ENCOUNTERS MAGAZINE by Santacruz International Communication invites you to discover engaging people, places and ideas around the globe.","breadcrumb":{"@id":"https:\/\/encounters-magazine.com\/es\/encounters-five\/en-un-lugar-de-la-mancha-almagro\/#breadcrumb"},"inLanguage":"es","potentialAction":[{"@type":"ReadAction","target":["https:\/\/encounters-magazine.com\/es\/encounters-five\/en-un-lugar-de-la-mancha-almagro\/"]}]},{"@type":"BreadcrumbList","@id":"https:\/\/encounters-magazine.com\/es\/encounters-five\/en-un-lugar-de-la-mancha-almagro\/#breadcrumb","itemListElement":[{"@type":"ListItem","position":1,"name":"Home","item":"https:\/\/encounters-magazine.com\/es\/"},{"@type":"ListItem","position":2,"name":"Encounters Five","item":"https:\/\/encounters-magazine.com\/es\/encounters-five\/"},{"@type":"ListItem","position":3,"name":"En un lugar de La Mancha&#8230; Almagro"}]}]}},"_links":{"self":[{"href":"https:\/\/encounters-magazine.com\/es\/wp-json\/wp\/v2\/pages\/1193"}],"collection":[{"href":"https:\/\/encounters-magazine.com\/es\/wp-json\/wp\/v2\/pages"}],"about":[{"href":"https:\/\/encounters-magazine.com\/es\/wp-json\/wp\/v2\/types\/page"}],"author":[{"embeddable":true,"href":"https:\/\/encounters-magazine.com\/es\/wp-json\/wp\/v2\/users\/4"}],"replies":[{"embeddable":true,"href":"https:\/\/encounters-magazine.com\/es\/wp-json\/wp\/v2\/comments?post=1193"}],"version-history":[{"count":1,"href":"https:\/\/encounters-magazine.com\/es\/wp-json\/wp\/v2\/pages\/1193\/revisions"}],"predecessor-version":[{"id":1194,"href":"https:\/\/encounters-magazine.com\/es\/wp-json\/wp\/v2\/pages\/1193\/revisions\/1194"}],"up":[{"embeddable":true,"href":"https:\/\/encounters-magazine.com\/es\/wp-json\/wp\/v2\/pages\/394"}],"wp:featuredmedia":[{"embeddable":true,"href":"https:\/\/encounters-magazine.com\/es\/wp-json\/wp\/v2\/media\/378"}],"wp:attachment":[{"href":"https:\/\/encounters-magazine.com\/es\/wp-json\/wp\/v2\/media?parent=1193"}],"curies":[{"name":"wp","href":"https:\/\/api.w.org\/{rel}","templated":true}]}}