{"id":1164,"date":"2015-04-16T19:58:42","date_gmt":"2015-04-16T19:58:42","guid":{"rendered":"http:\/\/encounters-magazine.com\/es\/?page_id=1164"},"modified":"2015-04-16T19:59:31","modified_gmt":"2015-04-16T19:59:31","slug":"el-amor-es-la-respuesta","status":"publish","type":"page","link":"https:\/\/encounters-magazine.com\/es\/encounters-three\/el-amor-es-la-respuesta\/","title":{"rendered":"El amor es la respuesta"},"content":{"rendered":"<p>Concebido a finales de 1944 en la II Guerra Mundial, llegu\u00e9 al mundo el 20 de agosto de 1945, muy pocos d\u00edas despu\u00e9s de que lanzaran las bombas at\u00f3micas sobre Hiroshima y Nagasaki, y al  poco tiempo de cesar las hostilidades con Jap\u00f3n. Eran tiempos dif\u00edciles y yo estaba destinado a llevar una vida m\u00e1s bien turbulenta y cambiante.<\/p>\n<p>Antes de m\u00ed hab\u00eda tres hermanos y dos abortos. La desesperaci\u00f3n y determinaci\u00f3n de mi madre por tener una hija debe haber sido algo casi imposible de soportar para mi callado pero inteligente padre. Los tiempos dif\u00edciles, la comida racionada y una constante inquietud por la seguridad de la familia en tiempos de guerra era ya suficiente de qu\u00e9 preocuparse, sin esperar m\u00e1s beb\u00e9s que alimentar y m\u00e1s presi\u00f3n en las severamente limitadas finanzas de la familia.<\/p>\n<p>El cuarto ni\u00f1o, y no la tan deseada ni\u00f1a, hab\u00eda llegado. Mi infancia tuvo limitaciones de todo tipo. La obediencia y la aceptaci\u00f3n formaron la base de mis primeros a\u00f1os hasta que cumpl\u00ed los 18. Mi madre metodista busc\u00f3 para m\u00ed alg\u00fan tipo de \u00e9xito futuro a trav\u00e9s de un control estricto e irracional, as\u00ed como con una filosof\u00eda inflexible del \u201chaz lo que te digo\u201d. La vida era dura y realmente no se me dio la oportunidad de ser quien era. Fui m\u00e1s bien una t\u00edmida marioneta cuyos hilos manejaban la \u00e9poca y mi madre. Mi padre no tuvo m\u00e1s opci\u00f3n que quedarse resignado y al margen, padeciendo el ataque de otra boca que alimentar,  m\u00e1s ropa que encontrar e incluso m\u00e1s a\u00f1os de trabajo arduo y rutinario antes de que  la responsabilidad de criar ni\u00f1os dejara de pesar sobre sus hombros y pudiera por fin retirarse en paz a su mundo de lectura y jardiner\u00eda.<\/p>\n<p>Desde una edad temprana y tras reiterados esfuerzos en vano  por tener  la tan ansiada hija, me encontr\u00e9 solo bajo un ambiente metodista puritano, con tres visitas a la capilla cada domingo y donde el amor, los besos y los abrazos eran casi totalmente reemplazados por un gesto r\u00edgido, \u201co\u00edr y callar\u201d, buen comportamiento y obediencia. Hab\u00eda muy poco espacio para las necesidades individuales de cada ni\u00f1o. Como todos los ni\u00f1os, yo era diferente y quiz\u00e1s, como muchos otros, necesitaba un poco m\u00e1s de observaci\u00f3n y atenci\u00f3n.<\/p>\n<p>Ahora, rememorando mi infancia y con  ayuda de la experiencia y la sabidur\u00eda de mis 67 a\u00f1os, me gustar\u00eda compartir con cualquiera que desee escuchar, mis sencillas ideas para un mundo mejor. Realmente creo que este amor sincero, humilde, del que he hablado y del que he carecido es de inmensa, si no es que de vital importancia en nuestro mundo r\u00e1pidamente cambiante: la apertura para aceptar, reconocer, apreciar y respetar al otro. Siento que el amor es la mirada abierta, la sonrisa honesta, el toque suave y amigable, el o\u00eddo que escucha y la palabra amable del pr\u00f3jimo. Qu\u00e9 distinto ser\u00eda el mundo si am\u00e1ramos al otro de verdad, tal y como nos dice claramente la Biblia.<\/p>\n<p>En todo el mundo, cada uno de nosotros, sin importar la edad, la raza, el color, la orientaci\u00f3n sexual o las creencias, quiere y necesita ser amado. Simplemente anhelamos y buscamos el entendimiento, la tolerancia y un lugar en el coraz\u00f3n del otro. Esperamos el saludo amistoso, espont\u00e1neo y deseamos sentirnos aceptados, incluidos y comprendidos. Fuera el ego\u00edsmo,  la arrogancia, la intolerancia, la exclusi\u00f3n y diferenciaci\u00f3n. Acarrea en su lugar simplicidad, igualdad y los sentimientos inocentes que tuvimos todos una vez y que hemos apartado, desacreditado y repudiado con excesiva facilidad. Todos somos gente de Dios, somos todos esencialmente lo mismo.<\/p>\n<p>Es el discreto y humilde reconocimiento de la igualdad del hombre con el hombre y no el avance tecnol\u00f3gico y la disputa econ\u00f3mica que vemos a nuestro alrededor, lo que nos adelantar\u00e1 en felicidad a un futuro verdaderamente mejor. Creo que son los pensamientos sencillos, amables y positivos los que generan mentes sanas y positivas. Estas mentes, a su vez, nos conducir\u00e1n al bienestar social y humano a nivel internacional. Propongo simplemente amarse los unos a los otros, pues creo que es el \u00fanico camino hacia el futuro y para un mundo mejor para todos nosotros, la raza humana.<\/p>\n<blockquote><p>Harvey Higgins naci\u00f3 en Yate, South Gloucestershire, Inglaterra. Es profesor y director de la English Language School en Cantabria, Espa\u00f1a.<\/p><\/blockquote>\n","protected":false},"excerpt":{"rendered":"<p>Concebido a finales de 1944 en la II Guerra Mundial, llegu\u00e9 al mundo el 20 de agosto de 1945, muy pocos d\u00edas despu\u00e9s de que lanzaran las bombas at\u00f3micas sobre Hiroshima y Nagasaki, y al poco tiempo de cesar las hostilidades con Jap\u00f3n. Eran tiempos dif\u00edciles y yo estaba destinado a llevar una vida m\u00e1s [&hellip;]<\/p>\n","protected":false},"author":4,"featured_media":221,"parent":244,"menu_order":4,"comment_status":"open","ping_status":"open","template":"page.php","meta":[],"acf":[],"yoast_head":"<!-- This site is optimized with the Yoast SEO plugin v17.9 - https:\/\/yoast.com\/wordpress\/plugins\/seo\/ -->\n<title>El amor es la respuesta - ENCOUNTERS MAGAZINE. By Santacruz International Communication<\/title>\n<meta name=\"description\" content=\"ENCOUNTERS MAGAZINE by Santacruz International Communication invites you to discover engaging people, places and ideas around the globe.\" \/>\n<meta name=\"robots\" content=\"index, follow, max-snippet:-1, max-image-preview:large, max-video-preview:-1\" \/>\n<link rel=\"canonical\" href=\"https:\/\/encounters-magazine.com\/es\/encounters-three\/el-amor-es-la-respuesta\/\" \/>\n<meta property=\"og:locale\" content=\"es_ES\" \/>\n<meta property=\"og:type\" content=\"article\" \/>\n<meta property=\"og:title\" content=\"El amor es la respuesta - ENCOUNTERS MAGAZINE. By Santacruz International Communication\" \/>\n<meta property=\"og:description\" content=\"ENCOUNTERS MAGAZINE by Santacruz International Communication invites you to discover engaging people, places and ideas around the globe.\" \/>\n<meta property=\"og:url\" content=\"https:\/\/encounters-magazine.com\/es\/encounters-three\/el-amor-es-la-respuesta\/\" \/>\n<meta property=\"og:site_name\" content=\"ES - ENCOUNTERS MAGAZINE\" \/>\n<meta property=\"article:publisher\" content=\"https:\/\/www.facebook.com\/lino.santacruz.5\" \/>\n<meta property=\"article:modified_time\" content=\"2015-04-16T19:59:31+00:00\" \/>\n<meta property=\"og:image\" content=\"https:\/\/encounters-magazine.com\/es\/wp-content\/uploads\/sites\/4\/2013\/05\/Higgins_Portrait.jpg\" \/>\n\t<meta property=\"og:image:width\" content=\"85\" \/>\n\t<meta property=\"og:image:height\" content=\"80\" \/>\n\t<meta property=\"og:image:type\" content=\"image\/jpeg\" \/>\n<meta name=\"twitter:card\" content=\"summary\" \/>\n<meta name=\"twitter:site\" content=\"@LinoSantacruz\" \/>\n<meta name=\"twitter:label1\" content=\"Tiempo de lectura\" \/>\n\t<meta name=\"twitter:data1\" content=\"4 minutos\" \/>\n<script type=\"application\/ld+json\" class=\"yoast-schema-graph\">{\"@context\":\"https:\/\/schema.org\",\"@graph\":[{\"@type\":\"Organization\",\"@id\":\"http:\/\/encounters-magazine.com\/es\/#organization\",\"name\":\"SANTACRUZ INTERNATIONAL COMMUNICATION\",\"url\":\"http:\/\/encounters-magazine.com\/es\/\",\"sameAs\":[\"https:\/\/www.facebook.com\/lino.santacruz.5\",\"https:\/\/de.linkedin.com\/pub\/lino-santacruz\/a\/806\/417\/de\",\"https:\/\/twitter.com\/LinoSantacruz\"],\"logo\":{\"@type\":\"ImageObject\",\"@id\":\"http:\/\/encounters-magazine.com\/es\/#logo\",\"inLanguage\":\"es\",\"url\":\"http:\/\/encounters-magazine.com\/es\/wp-content\/uploads\/sites\/4\/2015\/10\/sic-logo.png\",\"contentUrl\":\"http:\/\/encounters-magazine.com\/es\/wp-content\/uploads\/sites\/4\/2015\/10\/sic-logo.png\",\"width\":106,\"height\":106,\"caption\":\"SANTACRUZ INTERNATIONAL COMMUNICATION\"},\"image\":{\"@id\":\"http:\/\/encounters-magazine.com\/es\/#logo\"}},{\"@type\":\"WebSite\",\"@id\":\"http:\/\/encounters-magazine.com\/es\/#website\",\"url\":\"http:\/\/encounters-magazine.com\/es\/\",\"name\":\"ES - ENCOUNTERS MAGAZINE\",\"description\":\"\",\"publisher\":{\"@id\":\"http:\/\/encounters-magazine.com\/es\/#organization\"},\"potentialAction\":[{\"@type\":\"SearchAction\",\"target\":{\"@type\":\"EntryPoint\",\"urlTemplate\":\"http:\/\/encounters-magazine.com\/es\/?s={search_term_string}\"},\"query-input\":\"required name=search_term_string\"}],\"inLanguage\":\"es\"},{\"@type\":\"ImageObject\",\"@id\":\"https:\/\/encounters-magazine.com\/es\/encounters-three\/el-amor-es-la-respuesta\/#primaryimage\",\"inLanguage\":\"es\",\"url\":\"https:\/\/encounters-magazine.com\/es\/wp-content\/uploads\/sites\/4\/2013\/05\/Higgins_Portrait.jpg\",\"contentUrl\":\"https:\/\/encounters-magazine.com\/es\/wp-content\/uploads\/sites\/4\/2013\/05\/Higgins_Portrait.jpg\",\"width\":85,\"height\":80,\"caption\":\"Harvey Higgins\"},{\"@type\":\"WebPage\",\"@id\":\"https:\/\/encounters-magazine.com\/es\/encounters-three\/el-amor-es-la-respuesta\/#webpage\",\"url\":\"https:\/\/encounters-magazine.com\/es\/encounters-three\/el-amor-es-la-respuesta\/\",\"name\":\"El amor es la respuesta - ENCOUNTERS MAGAZINE. By Santacruz International Communication\",\"isPartOf\":{\"@id\":\"http:\/\/encounters-magazine.com\/es\/#website\"},\"primaryImageOfPage\":{\"@id\":\"https:\/\/encounters-magazine.com\/es\/encounters-three\/el-amor-es-la-respuesta\/#primaryimage\"},\"datePublished\":\"2015-04-16T19:58:42+00:00\",\"dateModified\":\"2015-04-16T19:59:31+00:00\",\"description\":\"ENCOUNTERS MAGAZINE by Santacruz International Communication invites you to discover engaging people, places and ideas around the globe.\",\"breadcrumb\":{\"@id\":\"https:\/\/encounters-magazine.com\/es\/encounters-three\/el-amor-es-la-respuesta\/#breadcrumb\"},\"inLanguage\":\"es\",\"potentialAction\":[{\"@type\":\"ReadAction\",\"target\":[\"https:\/\/encounters-magazine.com\/es\/encounters-three\/el-amor-es-la-respuesta\/\"]}]},{\"@type\":\"BreadcrumbList\",\"@id\":\"https:\/\/encounters-magazine.com\/es\/encounters-three\/el-amor-es-la-respuesta\/#breadcrumb\",\"itemListElement\":[{\"@type\":\"ListItem\",\"position\":1,\"name\":\"Home\",\"item\":\"http:\/\/encounters-magazine.com\/es\/\"},{\"@type\":\"ListItem\",\"position\":2,\"name\":\"Encounters Three\",\"item\":\"http:\/\/encounters-magazine.com\/es\/encounters-three\/\"},{\"@type\":\"ListItem\",\"position\":3,\"name\":\"El amor es la respuesta\"}]}]}<\/script>\n<!-- \/ Yoast SEO plugin. -->","yoast_head_json":{"title":"El amor es la respuesta - ENCOUNTERS MAGAZINE. By Santacruz International Communication","description":"ENCOUNTERS MAGAZINE by Santacruz International Communication invites you to discover engaging people, places and ideas around the globe.","robots":{"index":"index","follow":"follow","max-snippet":"max-snippet:-1","max-image-preview":"max-image-preview:large","max-video-preview":"max-video-preview:-1"},"canonical":"https:\/\/encounters-magazine.com\/es\/encounters-three\/el-amor-es-la-respuesta\/","og_locale":"es_ES","og_type":"article","og_title":"El amor es la respuesta - ENCOUNTERS MAGAZINE. By Santacruz International Communication","og_description":"ENCOUNTERS MAGAZINE by Santacruz International Communication invites you to discover engaging people, places and ideas around the globe.","og_url":"https:\/\/encounters-magazine.com\/es\/encounters-three\/el-amor-es-la-respuesta\/","og_site_name":"ES - ENCOUNTERS MAGAZINE","article_publisher":"https:\/\/www.facebook.com\/lino.santacruz.5","article_modified_time":"2015-04-16T19:59:31+00:00","og_image":[{"width":85,"height":80,"url":"https:\/\/encounters-magazine.com\/es\/wp-content\/uploads\/sites\/4\/2013\/05\/Higgins_Portrait.jpg","type":"image\/jpeg"}],"twitter_card":"summary","twitter_site":"@LinoSantacruz","twitter_misc":{"Tiempo de lectura":"4 minutos"},"schema":{"@context":"https:\/\/schema.org","@graph":[{"@type":"Organization","@id":"http:\/\/encounters-magazine.com\/es\/#organization","name":"SANTACRUZ INTERNATIONAL COMMUNICATION","url":"http:\/\/encounters-magazine.com\/es\/","sameAs":["https:\/\/www.facebook.com\/lino.santacruz.5","https:\/\/de.linkedin.com\/pub\/lino-santacruz\/a\/806\/417\/de","https:\/\/twitter.com\/LinoSantacruz"],"logo":{"@type":"ImageObject","@id":"http:\/\/encounters-magazine.com\/es\/#logo","inLanguage":"es","url":"http:\/\/encounters-magazine.com\/es\/wp-content\/uploads\/sites\/4\/2015\/10\/sic-logo.png","contentUrl":"http:\/\/encounters-magazine.com\/es\/wp-content\/uploads\/sites\/4\/2015\/10\/sic-logo.png","width":106,"height":106,"caption":"SANTACRUZ INTERNATIONAL COMMUNICATION"},"image":{"@id":"http:\/\/encounters-magazine.com\/es\/#logo"}},{"@type":"WebSite","@id":"http:\/\/encounters-magazine.com\/es\/#website","url":"http:\/\/encounters-magazine.com\/es\/","name":"ES - ENCOUNTERS MAGAZINE","description":"","publisher":{"@id":"http:\/\/encounters-magazine.com\/es\/#organization"},"potentialAction":[{"@type":"SearchAction","target":{"@type":"EntryPoint","urlTemplate":"http:\/\/encounters-magazine.com\/es\/?s={search_term_string}"},"query-input":"required name=search_term_string"}],"inLanguage":"es"},{"@type":"ImageObject","@id":"https:\/\/encounters-magazine.com\/es\/encounters-three\/el-amor-es-la-respuesta\/#primaryimage","inLanguage":"es","url":"https:\/\/encounters-magazine.com\/es\/wp-content\/uploads\/sites\/4\/2013\/05\/Higgins_Portrait.jpg","contentUrl":"https:\/\/encounters-magazine.com\/es\/wp-content\/uploads\/sites\/4\/2013\/05\/Higgins_Portrait.jpg","width":85,"height":80,"caption":"Harvey Higgins"},{"@type":"WebPage","@id":"https:\/\/encounters-magazine.com\/es\/encounters-three\/el-amor-es-la-respuesta\/#webpage","url":"https:\/\/encounters-magazine.com\/es\/encounters-three\/el-amor-es-la-respuesta\/","name":"El amor es la respuesta - ENCOUNTERS MAGAZINE. By Santacruz International Communication","isPartOf":{"@id":"http:\/\/encounters-magazine.com\/es\/#website"},"primaryImageOfPage":{"@id":"https:\/\/encounters-magazine.com\/es\/encounters-three\/el-amor-es-la-respuesta\/#primaryimage"},"datePublished":"2015-04-16T19:58:42+00:00","dateModified":"2015-04-16T19:59:31+00:00","description":"ENCOUNTERS MAGAZINE by Santacruz International Communication invites you to discover engaging people, places and ideas around the globe.","breadcrumb":{"@id":"https:\/\/encounters-magazine.com\/es\/encounters-three\/el-amor-es-la-respuesta\/#breadcrumb"},"inLanguage":"es","potentialAction":[{"@type":"ReadAction","target":["https:\/\/encounters-magazine.com\/es\/encounters-three\/el-amor-es-la-respuesta\/"]}]},{"@type":"BreadcrumbList","@id":"https:\/\/encounters-magazine.com\/es\/encounters-three\/el-amor-es-la-respuesta\/#breadcrumb","itemListElement":[{"@type":"ListItem","position":1,"name":"Home","item":"http:\/\/encounters-magazine.com\/es\/"},{"@type":"ListItem","position":2,"name":"Encounters Three","item":"http:\/\/encounters-magazine.com\/es\/encounters-three\/"},{"@type":"ListItem","position":3,"name":"El amor es la respuesta"}]}]}},"_links":{"self":[{"href":"https:\/\/encounters-magazine.com\/es\/wp-json\/wp\/v2\/pages\/1164"}],"collection":[{"href":"https:\/\/encounters-magazine.com\/es\/wp-json\/wp\/v2\/pages"}],"about":[{"href":"https:\/\/encounters-magazine.com\/es\/wp-json\/wp\/v2\/types\/page"}],"author":[{"embeddable":true,"href":"https:\/\/encounters-magazine.com\/es\/wp-json\/wp\/v2\/users\/4"}],"replies":[{"embeddable":true,"href":"https:\/\/encounters-magazine.com\/es\/wp-json\/wp\/v2\/comments?post=1164"}],"version-history":[{"count":1,"href":"https:\/\/encounters-magazine.com\/es\/wp-json\/wp\/v2\/pages\/1164\/revisions"}],"predecessor-version":[{"id":1165,"href":"https:\/\/encounters-magazine.com\/es\/wp-json\/wp\/v2\/pages\/1164\/revisions\/1165"}],"up":[{"embeddable":true,"href":"https:\/\/encounters-magazine.com\/es\/wp-json\/wp\/v2\/pages\/244"}],"wp:featuredmedia":[{"embeddable":true,"href":"https:\/\/encounters-magazine.com\/es\/wp-json\/wp\/v2\/media\/221"}],"wp:attachment":[{"href":"https:\/\/encounters-magazine.com\/es\/wp-json\/wp\/v2\/media?parent=1164"}],"curies":[{"name":"wp","href":"https:\/\/api.w.org\/{rel}","templated":true}]}}