{"id":1161,"date":"2015-04-16T19:56:15","date_gmt":"2015-04-16T19:56:15","guid":{"rendered":"http:\/\/encounters-magazine.com\/es\/?page_id=1161"},"modified":"2015-04-16T19:57:38","modified_gmt":"2015-04-16T19:57:38","slug":"innata-o-adquirida","status":"publish","type":"page","link":"https:\/\/encounters-magazine.com\/es\/encounters-three\/innata-o-adquirida\/","title":{"rendered":"\u00bfInnata o adquirida?"},"content":{"rendered":"<p>\u00bfLa curiosidad es innata o adquirida? \u00bfCu\u00e1l fue realmente la motivaci\u00f3n que me llev\u00f3 a empujar la puerta de un teatro por primera vez? \u00bfFue un deseo natural por descubrir o un impulso inducido por mis padres? No sabr\u00eda decirlo. De esa primera vez a los 14 a\u00f1os, con la entrada en la mano para ir a ver Madama Butterfly de Puccini en el Th\u00e9\u00e2tre des Arts de Rouen, recuerdo la emoci\u00f3n de entrar en la sala roja, del tel\u00f3n del escenario, de las butacas, del olor tan particular del teatro y sobre todo recuerdo la alegr\u00eda de fundirme finalmente en la cultura. Por fin pasaba de la abstracci\u00f3n de los cursos de secundaria a la gran emoci\u00f3n, la \u00fanica v\u00e1lida: \u00a1la vida! Ten\u00eda ante m\u00ed toda una vida para descubrir el mundo, enriquecerme con experiencias y encuentros. Como si se tratara de una droga, la cultura puso ante m\u00ed todas sus posibilidades. Porque, naturalmente, despu\u00e9s de la \u00f3pera deb\u00eda conocer la danza, el teatro, los museos&#8230; Y la bonita ciudad de Rouen pronto se hizo demasiado peque\u00f1a para satisfacer esta adicci\u00f3n. Ten\u00eda por delante todo un vasto mundo, los viajes para conocer la vida real, las pinturas adoradas en los libros, para impregnarme de los sabores de la gastronom\u00eda extranjera y convertirme en el ciudadano del mundo que modestamente creo haber llegado a ser el d\u00eda de hoy.<\/p>\n<p><img loading=\"lazy\" src=\"http:\/\/encounters-magazine.com\/es\/wp-content\/uploads\/sites\/4\/2013\/05\/Rameau_1.jpg\" alt=\"Rameau_1\" width=\"507\" height=\"651\" class=\"alignnone size-full wp-image-208\" srcset=\"https:\/\/encounters-magazine.com\/es\/wp-content\/uploads\/sites\/4\/2013\/05\/Rameau_1.jpg 507w, https:\/\/encounters-magazine.com\/es\/wp-content\/uploads\/sites\/4\/2013\/05\/Rameau_1-233x300.jpg 233w\" sizes=\"(max-width: 507px) 100vw, 507px\" \/><\/p>\n<p>Venir a vivir a Par\u00eds ha sido la oportunidad de mi vida. Con una puerta abierta al mundo, Par\u00eds es esa bella y enorme casa donde cada habitaci\u00f3n est\u00e1 decorada con una historia tan rica que merecer\u00eda toda una vida para visitarse. Otra gran oportunidad ha sido el encuentro con Maurice de Galvert, el amigo periodista que dedic\u00f3 su vida a la m\u00fasica cl\u00e1sica y que se convirti\u00f3 en mi mentor. \u00c9l me ense\u00f1\u00f3 a ser exigente y riguroso en el trabajo y, lo m\u00e1s importante, me ense\u00f1\u00f3 que nunca se deja de aprender.<\/p>\n<p><img loading=\"lazy\" src=\"http:\/\/encounters-magazine.com\/es\/wp-content\/uploads\/sites\/4\/2013\/05\/Rameau_2.jpg\" alt=\"Rameau_2\" width=\"507\" height=\"676\" class=\"alignnone size-full wp-image-209\" srcset=\"https:\/\/encounters-magazine.com\/es\/wp-content\/uploads\/sites\/4\/2013\/05\/Rameau_2.jpg 507w, https:\/\/encounters-magazine.com\/es\/wp-content\/uploads\/sites\/4\/2013\/05\/Rameau_2-225x300.jpg 225w\" sizes=\"(max-width: 507px) 100vw, 507px\" \/><\/p>\n<p>Como un m\u00fasico o un bailar\u00edn, tengo la oportunidad hoy en d\u00eda de poder vivir desde dentro la pasi\u00f3n de la m\u00fasica cl\u00e1sica. Music &amp; Opera es una compa\u00f1\u00eda internacional que edita en tres lenguas la gu\u00eda Musique &amp; Op\u00e9ra autour du monde (franc\u00e9s, ingl\u00e9s y alem\u00e1n) en la que se presenta la temporada de las grandes salas de conciertos, de los teatros de \u00f3pera, de las compa\u00f1\u00edas de danza y los festivales. M&amp;O, es tambi\u00e9n un sitio web que ofrece un servicio de compra de entradas internacionales, noticias sobre la l\u00edrica mundial, art\u00edculos e informaciones&#8230; Como director art\u00edstico y periodista, tengo la oportunidad de vivir de modo cotidiano en un ejemplo perfecto de globalizaci\u00f3n exitosa. Mis primeros viajes ya tuvieron como objetivo el descubrimiento de salas m\u00edticas como la Metropolitan Opera de Nueva York o el Musikverein de Viena. Hoy en d\u00eda es una aut\u00e9ntica alegr\u00eda visitar las salas en construcci\u00f3n como la Harpa de Reykjavik. Ver los grandiosos espect\u00e1culos y o\u00edr el sonido perfecto de una orquesta son placeres casi cotidianos. Por no hablar de los encuentros con los artistas. Despu\u00e9s de un espect\u00e1culo, hablar con ellos de su trabajo puede ser a veces un retorno a la tierra un poco prosaico. Pero escuchar la voz dulce del core\u00f3grafo Sidi Larbi Cherkaoui en los Movimentos de Wolfsburgo es uno de esos peque\u00f1os instantes m\u00e1gicos que son como la nota azul, el silencio que marca el final del concierto y que al mismo tiempo forma parte de la m\u00fasica. Y despu\u00e9s, existen esos peque\u00f1os momentos divertidos como lo fue cantar el aria en franc\u00e9s de la condesa de La Dama de Picas de Tchaikovsky con Vladimir Ashkenazy. Y el afecto por los j\u00f3venes artistas como Chen Reiss o mi amigo Fabrice di Falco.<\/p>\n<p><img loading=\"lazy\" src=\"http:\/\/encounters-magazine.com\/es\/wp-content\/uploads\/sites\/4\/2013\/05\/Rameau_3.jpg\" alt=\"Rameau_3\" width=\"507\" height=\"676\" class=\"alignnone size-full wp-image-210\" srcset=\"https:\/\/encounters-magazine.com\/es\/wp-content\/uploads\/sites\/4\/2013\/05\/Rameau_3.jpg 507w, https:\/\/encounters-magazine.com\/es\/wp-content\/uploads\/sites\/4\/2013\/05\/Rameau_3-225x300.jpg 225w\" sizes=\"(max-width: 507px) 100vw, 507px\" \/><\/p>\n<p>La mejor parte de mi trabajo es sin duda el encuentro con los artistas, hablar acerca de la pasi\u00f3n y re\u00edr con ellos, visitar las salas de espect\u00e1culo, recorrer el mundo\u2026 Pues el arte europeo por excelencia, la m\u00fasica cl\u00e1sica, ha conquistado el planeta convirtiendo en sonido lo que hay en el coraz\u00f3n del hombre: sus emociones. Aunque las comparaciones pueden ser odiosas, \u00bfqu\u00e9 arte es tan inmediatamente accesible como la m\u00fasica? No se necesita saber solfeo para dejarse llevar por un aria de Mozart o por un Lieder de Schubert. La m\u00fasica cl\u00e1sica est\u00e1 presente en todas partes, en las salas de conciertos, por supuesto, pero tambi\u00e9n en las cabinas de los ascensores, en los spots publicitarios de televisi\u00f3n, en los grandes almacenes de Se\u00fal, Berl\u00edn o Nueva York\u2026 Con humildad creo que mi papel es hacer de puente entre el mundo de la m\u00fasica en s\u00ed y el gran p\u00fablico. Trato de trabajar en la democratizaci\u00f3n porque en el mundo ideal que yo imagino nadie deber\u00eda tener miedo a cruzar la puerta de una sala de conciertos. Es un error pensar que la m\u00fasica cl\u00e1sica solo pertenece a una \u00e9lite, que solo las personas de edad avanzada y suficientemente ricos pueden gozar del placer de la \u00f3pera. Solo tenemos que fijarnos en los artistas, aut\u00e9nticos h\u00e9roes de los tiempos modernos, que vienen de los or\u00edgenes sociales m\u00e1s diversos y de todos los continentes. El fuego de su pasi\u00f3n se expresa con la combinaci\u00f3n de la juventud de unos y la experiencia de los otros. Dan vida a todo este patrimonio rompiendo la barrera del tiempo, ya que gracias a ellos, las partituras de Bach pasan a formar parte de nuestra vida. \u00bfC\u00f3mo no amarlos?<\/p>\n<p><img loading=\"lazy\" src=\"http:\/\/encounters-magazine.com\/es\/wp-content\/uploads\/sites\/4\/2013\/05\/Rameau_4.jpg\" alt=\"Rameau_4\" width=\"507\" height=\"639\" class=\"alignnone size-full wp-image-211\" srcset=\"https:\/\/encounters-magazine.com\/es\/wp-content\/uploads\/sites\/4\/2013\/05\/Rameau_4.jpg 507w, https:\/\/encounters-magazine.com\/es\/wp-content\/uploads\/sites\/4\/2013\/05\/Rameau_4-238x300.jpg 238w\" sizes=\"(max-width: 507px) 100vw, 507px\" \/><\/p>\n<p>Es la pasi\u00f3n que anima sus vidas y la m\u00eda. Nos enriquecemos gracias a este deseo innato, a la avidez por conocer, por cultivarnos. Nuestra vida se nutre igualmente de esta cultura adquirida y profundizada con cada representaci\u00f3n. Entre lo innato o lo adquirido, \u00bfno es ah\u00ed precisamente donde radica la definici\u00f3n exacta de la naturaleza humana?<\/p>\n<p><img loading=\"lazy\" src=\"http:\/\/encounters-magazine.com\/es\/wp-content\/uploads\/sites\/4\/2013\/05\/Rameau_5.jpg\" alt=\"Rameau_5\" width=\"507\" height=\"346\" class=\"alignnone size-full wp-image-212\" srcset=\"https:\/\/encounters-magazine.com\/es\/wp-content\/uploads\/sites\/4\/2013\/05\/Rameau_5.jpg 507w, https:\/\/encounters-magazine.com\/es\/wp-content\/uploads\/sites\/4\/2013\/05\/Rameau_5-300x204.jpg 300w\" sizes=\"(max-width: 507px) 100vw, 507px\" \/><\/p>\n<blockquote><p>Hugues Rameau naci\u00f3 en Dieppe, Normand\u00eda, Francia, el 22 de octubre de 1967. Comenz\u00f3 su carrera en el Cercle Lyrique International y condujo en paralelo una emisi\u00f3n de radio sobre m\u00fasica cl\u00e1sica. Ha trabajado para la agencia art\u00edstica IMG Paris y ha sido jefe de proyecto para Carlson Wagon-Lit Travel. Desde el a\u00f1o 2000 es el director art\u00edstico de Music &amp; Opera. www.music-opera.com<\/p><\/blockquote>\n","protected":false},"excerpt":{"rendered":"<p>\u00bfLa curiosidad es innata o adquirida? \u00bfCu\u00e1l fue realmente la motivaci\u00f3n que me llev\u00f3 a empujar la puerta de un teatro por primera vez? \u00bfFue un deseo natural por descubrir o un impulso inducido por mis padres? No sabr\u00eda decirlo. De esa primera vez a los 14 a\u00f1os, con la entrada en la mano para [&hellip;]<\/p>\n","protected":false},"author":4,"featured_media":213,"parent":244,"menu_order":3,"comment_status":"open","ping_status":"open","template":"page.php","meta":[],"acf":[],"yoast_head":"<!-- This site is optimized with the Yoast SEO plugin v17.9 - https:\/\/yoast.com\/wordpress\/plugins\/seo\/ -->\n<title>\u00bfInnata o adquirida? - ENCOUNTERS MAGAZINE. By Santacruz International Communication<\/title>\n<meta name=\"description\" content=\"ENCOUNTERS MAGAZINE by Santacruz International Communication invites you to discover engaging people, places and ideas around the globe.\" \/>\n<meta name=\"robots\" content=\"index, follow, max-snippet:-1, max-image-preview:large, max-video-preview:-1\" \/>\n<link rel=\"canonical\" href=\"https:\/\/encounters-magazine.com\/es\/encounters-three\/innata-o-adquirida\/\" \/>\n<meta property=\"og:locale\" content=\"es_ES\" \/>\n<meta property=\"og:type\" content=\"article\" \/>\n<meta property=\"og:title\" content=\"\u00bfInnata o adquirida? - ENCOUNTERS MAGAZINE. By Santacruz International Communication\" \/>\n<meta property=\"og:description\" content=\"ENCOUNTERS MAGAZINE by Santacruz International Communication invites you to discover engaging people, places and ideas around the globe.\" \/>\n<meta property=\"og:url\" content=\"https:\/\/encounters-magazine.com\/es\/encounters-three\/innata-o-adquirida\/\" \/>\n<meta property=\"og:site_name\" content=\"ES - ENCOUNTERS MAGAZINE\" \/>\n<meta property=\"article:publisher\" content=\"https:\/\/www.facebook.com\/lino.santacruz.5\" \/>\n<meta property=\"article:modified_time\" content=\"2015-04-16T19:57:38+00:00\" \/>\n<meta property=\"og:image\" content=\"https:\/\/encounters-magazine.com\/es\/wp-content\/uploads\/sites\/4\/2013\/05\/Rameau_Portrait.jpg\" \/>\n\t<meta property=\"og:image:width\" content=\"100\" \/>\n\t<meta property=\"og:image:height\" content=\"80\" \/>\n\t<meta property=\"og:image:type\" content=\"image\/jpeg\" \/>\n<meta name=\"twitter:card\" content=\"summary\" \/>\n<meta name=\"twitter:site\" content=\"@LinoSantacruz\" \/>\n<meta name=\"twitter:label1\" content=\"Tiempo de lectura\" \/>\n\t<meta name=\"twitter:data1\" content=\"6 minutos\" \/>\n<script type=\"application\/ld+json\" class=\"yoast-schema-graph\">{\"@context\":\"https:\/\/schema.org\",\"@graph\":[{\"@type\":\"Organization\",\"@id\":\"https:\/\/encounters-magazine.com\/es\/#organization\",\"name\":\"SANTACRUZ INTERNATIONAL COMMUNICATION\",\"url\":\"https:\/\/encounters-magazine.com\/es\/\",\"sameAs\":[\"https:\/\/www.facebook.com\/lino.santacruz.5\",\"https:\/\/de.linkedin.com\/pub\/lino-santacruz\/a\/806\/417\/de\",\"https:\/\/twitter.com\/LinoSantacruz\"],\"logo\":{\"@type\":\"ImageObject\",\"@id\":\"https:\/\/encounters-magazine.com\/es\/#logo\",\"inLanguage\":\"es\",\"url\":\"http:\/\/encounters-magazine.com\/es\/wp-content\/uploads\/sites\/4\/2015\/10\/sic-logo.png\",\"contentUrl\":\"http:\/\/encounters-magazine.com\/es\/wp-content\/uploads\/sites\/4\/2015\/10\/sic-logo.png\",\"width\":106,\"height\":106,\"caption\":\"SANTACRUZ INTERNATIONAL COMMUNICATION\"},\"image\":{\"@id\":\"https:\/\/encounters-magazine.com\/es\/#logo\"}},{\"@type\":\"WebSite\",\"@id\":\"https:\/\/encounters-magazine.com\/es\/#website\",\"url\":\"https:\/\/encounters-magazine.com\/es\/\",\"name\":\"ES - ENCOUNTERS MAGAZINE\",\"description\":\"\",\"publisher\":{\"@id\":\"https:\/\/encounters-magazine.com\/es\/#organization\"},\"potentialAction\":[{\"@type\":\"SearchAction\",\"target\":{\"@type\":\"EntryPoint\",\"urlTemplate\":\"https:\/\/encounters-magazine.com\/es\/?s={search_term_string}\"},\"query-input\":\"required name=search_term_string\"}],\"inLanguage\":\"es\"},{\"@type\":\"ImageObject\",\"@id\":\"https:\/\/encounters-magazine.com\/es\/encounters-three\/innata-o-adquirida\/#primaryimage\",\"inLanguage\":\"es\",\"url\":\"https:\/\/encounters-magazine.com\/es\/wp-content\/uploads\/sites\/4\/2013\/05\/Rameau_Portrait.jpg\",\"contentUrl\":\"https:\/\/encounters-magazine.com\/es\/wp-content\/uploads\/sites\/4\/2013\/05\/Rameau_Portrait.jpg\",\"width\":100,\"height\":80,\"caption\":\"Hugues Rameau\"},{\"@type\":\"WebPage\",\"@id\":\"https:\/\/encounters-magazine.com\/es\/encounters-three\/innata-o-adquirida\/#webpage\",\"url\":\"https:\/\/encounters-magazine.com\/es\/encounters-three\/innata-o-adquirida\/\",\"name\":\"\\u00bfInnata o adquirida? - ENCOUNTERS MAGAZINE. By Santacruz International Communication\",\"isPartOf\":{\"@id\":\"https:\/\/encounters-magazine.com\/es\/#website\"},\"primaryImageOfPage\":{\"@id\":\"https:\/\/encounters-magazine.com\/es\/encounters-three\/innata-o-adquirida\/#primaryimage\"},\"datePublished\":\"2015-04-16T19:56:15+00:00\",\"dateModified\":\"2015-04-16T19:57:38+00:00\",\"description\":\"ENCOUNTERS MAGAZINE by Santacruz International Communication invites you to discover engaging people, places and ideas around the globe.\",\"breadcrumb\":{\"@id\":\"https:\/\/encounters-magazine.com\/es\/encounters-three\/innata-o-adquirida\/#breadcrumb\"},\"inLanguage\":\"es\",\"potentialAction\":[{\"@type\":\"ReadAction\",\"target\":[\"https:\/\/encounters-magazine.com\/es\/encounters-three\/innata-o-adquirida\/\"]}]},{\"@type\":\"BreadcrumbList\",\"@id\":\"https:\/\/encounters-magazine.com\/es\/encounters-three\/innata-o-adquirida\/#breadcrumb\",\"itemListElement\":[{\"@type\":\"ListItem\",\"position\":1,\"name\":\"Home\",\"item\":\"https:\/\/encounters-magazine.com\/es\/\"},{\"@type\":\"ListItem\",\"position\":2,\"name\":\"Encounters Three\",\"item\":\"https:\/\/encounters-magazine.com\/es\/encounters-three\/\"},{\"@type\":\"ListItem\",\"position\":3,\"name\":\"\\u00bfInnata o adquirida?\"}]}]}<\/script>\n<!-- \/ Yoast SEO plugin. -->","yoast_head_json":{"title":"\u00bfInnata o adquirida? - ENCOUNTERS MAGAZINE. By Santacruz International Communication","description":"ENCOUNTERS MAGAZINE by Santacruz International Communication invites you to discover engaging people, places and ideas around the globe.","robots":{"index":"index","follow":"follow","max-snippet":"max-snippet:-1","max-image-preview":"max-image-preview:large","max-video-preview":"max-video-preview:-1"},"canonical":"https:\/\/encounters-magazine.com\/es\/encounters-three\/innata-o-adquirida\/","og_locale":"es_ES","og_type":"article","og_title":"\u00bfInnata o adquirida? - ENCOUNTERS MAGAZINE. By Santacruz International Communication","og_description":"ENCOUNTERS MAGAZINE by Santacruz International Communication invites you to discover engaging people, places and ideas around the globe.","og_url":"https:\/\/encounters-magazine.com\/es\/encounters-three\/innata-o-adquirida\/","og_site_name":"ES - ENCOUNTERS MAGAZINE","article_publisher":"https:\/\/www.facebook.com\/lino.santacruz.5","article_modified_time":"2015-04-16T19:57:38+00:00","og_image":[{"width":100,"height":80,"url":"https:\/\/encounters-magazine.com\/es\/wp-content\/uploads\/sites\/4\/2013\/05\/Rameau_Portrait.jpg","type":"image\/jpeg"}],"twitter_card":"summary","twitter_site":"@LinoSantacruz","twitter_misc":{"Tiempo de lectura":"6 minutos"},"schema":{"@context":"https:\/\/schema.org","@graph":[{"@type":"Organization","@id":"https:\/\/encounters-magazine.com\/es\/#organization","name":"SANTACRUZ INTERNATIONAL COMMUNICATION","url":"https:\/\/encounters-magazine.com\/es\/","sameAs":["https:\/\/www.facebook.com\/lino.santacruz.5","https:\/\/de.linkedin.com\/pub\/lino-santacruz\/a\/806\/417\/de","https:\/\/twitter.com\/LinoSantacruz"],"logo":{"@type":"ImageObject","@id":"https:\/\/encounters-magazine.com\/es\/#logo","inLanguage":"es","url":"http:\/\/encounters-magazine.com\/es\/wp-content\/uploads\/sites\/4\/2015\/10\/sic-logo.png","contentUrl":"http:\/\/encounters-magazine.com\/es\/wp-content\/uploads\/sites\/4\/2015\/10\/sic-logo.png","width":106,"height":106,"caption":"SANTACRUZ INTERNATIONAL COMMUNICATION"},"image":{"@id":"https:\/\/encounters-magazine.com\/es\/#logo"}},{"@type":"WebSite","@id":"https:\/\/encounters-magazine.com\/es\/#website","url":"https:\/\/encounters-magazine.com\/es\/","name":"ES - ENCOUNTERS MAGAZINE","description":"","publisher":{"@id":"https:\/\/encounters-magazine.com\/es\/#organization"},"potentialAction":[{"@type":"SearchAction","target":{"@type":"EntryPoint","urlTemplate":"https:\/\/encounters-magazine.com\/es\/?s={search_term_string}"},"query-input":"required name=search_term_string"}],"inLanguage":"es"},{"@type":"ImageObject","@id":"https:\/\/encounters-magazine.com\/es\/encounters-three\/innata-o-adquirida\/#primaryimage","inLanguage":"es","url":"https:\/\/encounters-magazine.com\/es\/wp-content\/uploads\/sites\/4\/2013\/05\/Rameau_Portrait.jpg","contentUrl":"https:\/\/encounters-magazine.com\/es\/wp-content\/uploads\/sites\/4\/2013\/05\/Rameau_Portrait.jpg","width":100,"height":80,"caption":"Hugues Rameau"},{"@type":"WebPage","@id":"https:\/\/encounters-magazine.com\/es\/encounters-three\/innata-o-adquirida\/#webpage","url":"https:\/\/encounters-magazine.com\/es\/encounters-three\/innata-o-adquirida\/","name":"\u00bfInnata o adquirida? - ENCOUNTERS MAGAZINE. By Santacruz International Communication","isPartOf":{"@id":"https:\/\/encounters-magazine.com\/es\/#website"},"primaryImageOfPage":{"@id":"https:\/\/encounters-magazine.com\/es\/encounters-three\/innata-o-adquirida\/#primaryimage"},"datePublished":"2015-04-16T19:56:15+00:00","dateModified":"2015-04-16T19:57:38+00:00","description":"ENCOUNTERS MAGAZINE by Santacruz International Communication invites you to discover engaging people, places and ideas around the globe.","breadcrumb":{"@id":"https:\/\/encounters-magazine.com\/es\/encounters-three\/innata-o-adquirida\/#breadcrumb"},"inLanguage":"es","potentialAction":[{"@type":"ReadAction","target":["https:\/\/encounters-magazine.com\/es\/encounters-three\/innata-o-adquirida\/"]}]},{"@type":"BreadcrumbList","@id":"https:\/\/encounters-magazine.com\/es\/encounters-three\/innata-o-adquirida\/#breadcrumb","itemListElement":[{"@type":"ListItem","position":1,"name":"Home","item":"https:\/\/encounters-magazine.com\/es\/"},{"@type":"ListItem","position":2,"name":"Encounters Three","item":"https:\/\/encounters-magazine.com\/es\/encounters-three\/"},{"@type":"ListItem","position":3,"name":"\u00bfInnata o adquirida?"}]}]}},"_links":{"self":[{"href":"https:\/\/encounters-magazine.com\/es\/wp-json\/wp\/v2\/pages\/1161"}],"collection":[{"href":"https:\/\/encounters-magazine.com\/es\/wp-json\/wp\/v2\/pages"}],"about":[{"href":"https:\/\/encounters-magazine.com\/es\/wp-json\/wp\/v2\/types\/page"}],"author":[{"embeddable":true,"href":"https:\/\/encounters-magazine.com\/es\/wp-json\/wp\/v2\/users\/4"}],"replies":[{"embeddable":true,"href":"https:\/\/encounters-magazine.com\/es\/wp-json\/wp\/v2\/comments?post=1161"}],"version-history":[{"count":1,"href":"https:\/\/encounters-magazine.com\/es\/wp-json\/wp\/v2\/pages\/1161\/revisions"}],"predecessor-version":[{"id":1162,"href":"https:\/\/encounters-magazine.com\/es\/wp-json\/wp\/v2\/pages\/1161\/revisions\/1162"}],"up":[{"embeddable":true,"href":"https:\/\/encounters-magazine.com\/es\/wp-json\/wp\/v2\/pages\/244"}],"wp:featuredmedia":[{"embeddable":true,"href":"https:\/\/encounters-magazine.com\/es\/wp-json\/wp\/v2\/media\/213"}],"wp:attachment":[{"href":"https:\/\/encounters-magazine.com\/es\/wp-json\/wp\/v2\/media?parent=1161"}],"curies":[{"name":"wp","href":"https:\/\/api.w.org\/{rel}","templated":true}]}}