{"id":1158,"date":"2015-04-16T19:54:32","date_gmt":"2015-04-16T19:54:32","guid":{"rendered":"http:\/\/encounters-magazine.com\/es\/?page_id=1158"},"modified":"2015-04-16T19:54:32","modified_gmt":"2015-04-16T19:54:32","slug":"hong-kong-en-30-minutos","status":"publish","type":"page","link":"https:\/\/encounters-magazine.com\/es\/encounters-three\/hong-kong-en-30-minutos\/","title":{"rendered":"\u00abHong Kong en 30 minutos\u00bb"},"content":{"rendered":"<p><img loading=\"lazy\" src=\"http:\/\/encounters-magazine.com\/es\/wp-content\/uploads\/sites\/4\/2013\/05\/Liu_8.jpg\" alt=\"Liu_8\" width=\"507\" height=\"337\" class=\"alignnone size-full wp-image-196\" srcset=\"https:\/\/encounters-magazine.com\/es\/wp-content\/uploads\/sites\/4\/2013\/05\/Liu_8.jpg 507w, https:\/\/encounters-magazine.com\/es\/wp-content\/uploads\/sites\/4\/2013\/05\/Liu_8-300x199.jpg 300w\" sizes=\"(max-width: 507px) 100vw, 507px\" \/><\/p>\n<p>Hong Kong es bien conocido como un centro mundial de negocios. La primera impresi\u00f3n siempre es el puerto de Victoria y los rascacielos que se alzan a su lado. Pero si te apetece dar una vuelta por la ciudad y experimentar las tradiciones de anta\u00f1o, Sheung Wan es el lugar perfecto para un paseo.<\/p>\n<p><img loading=\"lazy\" src=\"http:\/\/encounters-magazine.com\/es\/wp-content\/uploads\/sites\/4\/2013\/05\/Liu_1.jpg\" alt=\"Liu_1\" width=\"507\" height=\"337\" class=\"alignnone size-full wp-image-192\" srcset=\"https:\/\/encounters-magazine.com\/es\/wp-content\/uploads\/sites\/4\/2013\/05\/Liu_1.jpg 507w, https:\/\/encounters-magazine.com\/es\/wp-content\/uploads\/sites\/4\/2013\/05\/Liu_1-300x199.jpg 300w\" sizes=\"(max-width: 507px) 100vw, 507px\" \/><\/p>\n<p>Sheung Wan, el distrito oeste de la isla de Hong Kong, es donde comenz\u00f3 la ciudad hacia1840. Hoy por hoy es una mezcla fascinante de lo viejo y lo nuevo. La gran densidad del distrito, los m\u00faltiples usos de la arquitectura, la forma en que los productos se muestran en las tiendas, la gente hablando y regateando en el mercado\u2026 Todo ello te har\u00e1 sentir c\u00f3mo era la vida tradicional antigua.<\/p>\n<p><img loading=\"lazy\" src=\"http:\/\/encounters-magazine.com\/es\/wp-content\/uploads\/sites\/4\/2013\/05\/Liu_2.jpg\" alt=\"Liu_2\" width=\"507\" height=\"337\" class=\"alignnone size-full wp-image-193\" srcset=\"https:\/\/encounters-magazine.com\/es\/wp-content\/uploads\/sites\/4\/2013\/05\/Liu_2.jpg 507w, https:\/\/encounters-magazine.com\/es\/wp-content\/uploads\/sites\/4\/2013\/05\/Liu_2-300x199.jpg 300w\" sizes=\"(max-width: 507px) 100vw, 507px\" \/><\/p>\n<p>El paseo de 30 minutos empieza en Des Voeux Road West, donde viv\u00ed desde el 2011 cuando me mud\u00e9 de Berl\u00edn a Hong Kong. Las calles del mercado se conocen como \u201cEl coraz\u00f3n chino del viejo Hong Kong\u201d. Aqu\u00ed hay tiendas unas junto a otras ofreciendo mariscos secos, hierbas medicinales y artesan\u00eda. Las tiendas en la planta baja de Tong Lau (un edificio dise\u00f1ado tanto para uso residencial como comercial) se abren a diario desde la ma\u00f1ana temprano hasta la \u00faltima hora de la tarde.<\/p>\n<p><a href=\"http:\/\/encounters-magazine.com\/es\/wp-content\/uploads\/sites\/4\/2013\/05\/Liu_3.jpg\"><img loading=\"lazy\" src=\"http:\/\/encounters-magazine.com\/es\/wp-content\/uploads\/sites\/4\/2013\/05\/Liu_3.jpg\" alt=\"Liu_3\" width=\"507\" height=\"337\" class=\"alignnone size-full wp-image-194\" srcset=\"https:\/\/encounters-magazine.com\/es\/wp-content\/uploads\/sites\/4\/2013\/05\/Liu_3.jpg 507w, https:\/\/encounters-magazine.com\/es\/wp-content\/uploads\/sites\/4\/2013\/05\/Liu_3-300x199.jpg 300w\" sizes=\"(max-width: 507px) 100vw, 507px\" \/><\/a><\/p>\n<p>Dando un giro por Hollywood Road y las callejuelas alrededor, descubrir\u00e1s numerosas tiendas de antig\u00fcedades que venden porcelana, libros antiguos y todo tipo de muebles. Hollywood Road fue la segunda calle en construirse tras fundarse la colonia de Hong Kong. Recientemente se ha convertido en un distrito de arte contempor\u00e1neo. Entre las interesantes galer\u00edas hay una nueva llamada Haji, en Lok Ku Road. Es bastante especial ya que presenta trabajos de artistas y dise\u00f1adores locales. Aqu\u00ed exhib\u00ed 8 pinturas en la exposici\u00f3n \u00ab10P_Illustration &amp; Installation\u00bb en 2012.<\/p>\n<p><a href=\"http:\/\/encounters-magazine.com\/es\/wp-content\/uploads\/sites\/4\/2013\/05\/Liu_4.jpg\"><img loading=\"lazy\" src=\"http:\/\/encounters-magazine.com\/es\/wp-content\/uploads\/sites\/4\/2013\/05\/Liu_4.jpg\" alt=\"Liu_4\" width=\"507\" height=\"337\" class=\"alignnone size-full wp-image-195\" srcset=\"https:\/\/encounters-magazine.com\/es\/wp-content\/uploads\/sites\/4\/2013\/05\/Liu_4.jpg 507w, https:\/\/encounters-magazine.com\/es\/wp-content\/uploads\/sites\/4\/2013\/05\/Liu_4-300x199.jpg 300w\" sizes=\"(max-width: 507px) 100vw, 507px\" \/><\/a><\/p>\n<blockquote><p>Si Liu, nacida en Pek\u00edn, obtuvo su m\u00e1ster de arquitectura en la Universidad de Qinghua. Al terminar estudi\u00f3 producci\u00f3n esc\u00e9nica y escenograf\u00eda en la Universidad T\u00e9cnica de Berl\u00edn. Obtuvo una beca DAAD para artistas durante su estancia en Alemania.<\/p>\n<p>Dise\u00f1\u00f3 la exposici\u00f3n \u00abDas essen wir. Wir essen Reis\u00bb en el Juniormuseum (2011) en Berl\u00edn. Sus pinturas se han exhibido en el Kubrick y en la galer\u00eda Haji (2012) en Hong Kong. Vive y trabaja en Hong Kong desde 2011 y actualmente trabaja como coordinadora creativa (escenograf\u00eda) en Zuni Icosahedron.<\/p><\/blockquote>\n","protected":false},"excerpt":{"rendered":"<p>Hong Kong es bien conocido como un centro mundial de negocios. La primera impresi\u00f3n siempre es el puerto de Victoria y los rascacielos que se alzan a su lado. Pero si te apetece dar una vuelta por la ciudad y experimentar las tradiciones de anta\u00f1o, Sheung Wan es el lugar perfecto para un paseo. Sheung [&hellip;]<\/p>\n","protected":false},"author":4,"featured_media":197,"parent":244,"menu_order":2,"comment_status":"open","ping_status":"open","template":"page.php","meta":[],"acf":[],"yoast_head":"<!-- This site is optimized with the Yoast SEO plugin v17.9 - https:\/\/yoast.com\/wordpress\/plugins\/seo\/ -->\n<title>&quot;Hong Kong en 30 minutos&quot; - ENCOUNTERS MAGAZINE. By Santacruz International Communication<\/title>\n<meta name=\"description\" content=\"ENCOUNTERS MAGAZINE by Santacruz International Communication invites you to discover engaging people, places and ideas around the globe.\" \/>\n<meta name=\"robots\" content=\"index, follow, max-snippet:-1, max-image-preview:large, max-video-preview:-1\" \/>\n<link rel=\"canonical\" href=\"http:\/\/encounters-magazine.com\/es\/encounters-three\/hong-kong-en-30-minutos\/\" \/>\n<meta property=\"og:locale\" content=\"es_ES\" \/>\n<meta property=\"og:type\" content=\"article\" \/>\n<meta property=\"og:title\" content=\"&quot;Hong Kong en 30 minutos&quot; - ENCOUNTERS MAGAZINE. By Santacruz International Communication\" \/>\n<meta property=\"og:description\" content=\"ENCOUNTERS MAGAZINE by Santacruz International Communication invites you to discover engaging people, places and ideas around the globe.\" \/>\n<meta property=\"og:url\" content=\"http:\/\/encounters-magazine.com\/es\/encounters-three\/hong-kong-en-30-minutos\/\" \/>\n<meta property=\"og:site_name\" content=\"ES - ENCOUNTERS MAGAZINE\" \/>\n<meta property=\"article:publisher\" content=\"https:\/\/www.facebook.com\/lino.santacruz.5\" \/>\n<meta property=\"og:image\" content=\"http:\/\/encounters-magazine.com\/es\/wp-content\/uploads\/sites\/4\/2013\/05\/Liu_Portrait.jpg\" \/>\n\t<meta property=\"og:image:width\" content=\"90\" \/>\n\t<meta property=\"og:image:height\" content=\"80\" \/>\n\t<meta property=\"og:image:type\" content=\"image\/jpeg\" \/>\n<meta name=\"twitter:card\" content=\"summary\" \/>\n<meta name=\"twitter:site\" content=\"@LinoSantacruz\" \/>\n<meta name=\"twitter:label1\" content=\"Tiempo de lectura\" \/>\n\t<meta name=\"twitter:data1\" content=\"2 minutos\" \/>\n<script type=\"application\/ld+json\" class=\"yoast-schema-graph\">{\"@context\":\"https:\/\/schema.org\",\"@graph\":[{\"@type\":\"Organization\",\"@id\":\"https:\/\/encounters-magazine.com\/es\/#organization\",\"name\":\"SANTACRUZ INTERNATIONAL COMMUNICATION\",\"url\":\"https:\/\/encounters-magazine.com\/es\/\",\"sameAs\":[\"https:\/\/www.facebook.com\/lino.santacruz.5\",\"https:\/\/de.linkedin.com\/pub\/lino-santacruz\/a\/806\/417\/de\",\"https:\/\/twitter.com\/LinoSantacruz\"],\"logo\":{\"@type\":\"ImageObject\",\"@id\":\"https:\/\/encounters-magazine.com\/es\/#logo\",\"inLanguage\":\"es\",\"url\":\"http:\/\/encounters-magazine.com\/es\/wp-content\/uploads\/sites\/4\/2015\/10\/sic-logo.png\",\"contentUrl\":\"http:\/\/encounters-magazine.com\/es\/wp-content\/uploads\/sites\/4\/2015\/10\/sic-logo.png\",\"width\":106,\"height\":106,\"caption\":\"SANTACRUZ INTERNATIONAL COMMUNICATION\"},\"image\":{\"@id\":\"https:\/\/encounters-magazine.com\/es\/#logo\"}},{\"@type\":\"WebSite\",\"@id\":\"https:\/\/encounters-magazine.com\/es\/#website\",\"url\":\"https:\/\/encounters-magazine.com\/es\/\",\"name\":\"ES - ENCOUNTERS MAGAZINE\",\"description\":\"\",\"publisher\":{\"@id\":\"https:\/\/encounters-magazine.com\/es\/#organization\"},\"potentialAction\":[{\"@type\":\"SearchAction\",\"target\":{\"@type\":\"EntryPoint\",\"urlTemplate\":\"https:\/\/encounters-magazine.com\/es\/?s={search_term_string}\"},\"query-input\":\"required name=search_term_string\"}],\"inLanguage\":\"es\"},{\"@type\":\"ImageObject\",\"@id\":\"http:\/\/encounters-magazine.com\/es\/encounters-three\/hong-kong-en-30-minutos\/#primaryimage\",\"inLanguage\":\"es\",\"url\":\"https:\/\/encounters-magazine.com\/es\/wp-content\/uploads\/sites\/4\/2013\/05\/Liu_Portrait.jpg\",\"contentUrl\":\"https:\/\/encounters-magazine.com\/es\/wp-content\/uploads\/sites\/4\/2013\/05\/Liu_Portrait.jpg\",\"width\":90,\"height\":80,\"caption\":\"Liu\"},{\"@type\":\"WebPage\",\"@id\":\"http:\/\/encounters-magazine.com\/es\/encounters-three\/hong-kong-en-30-minutos\/#webpage\",\"url\":\"http:\/\/encounters-magazine.com\/es\/encounters-three\/hong-kong-en-30-minutos\/\",\"name\":\"\\\"Hong Kong en 30 minutos\\\" - ENCOUNTERS MAGAZINE. By Santacruz International Communication\",\"isPartOf\":{\"@id\":\"https:\/\/encounters-magazine.com\/es\/#website\"},\"primaryImageOfPage\":{\"@id\":\"http:\/\/encounters-magazine.com\/es\/encounters-three\/hong-kong-en-30-minutos\/#primaryimage\"},\"datePublished\":\"2015-04-16T19:54:32+00:00\",\"dateModified\":\"2015-04-16T19:54:32+00:00\",\"description\":\"ENCOUNTERS MAGAZINE by Santacruz International Communication invites you to discover engaging people, places and ideas around the globe.\",\"breadcrumb\":{\"@id\":\"http:\/\/encounters-magazine.com\/es\/encounters-three\/hong-kong-en-30-minutos\/#breadcrumb\"},\"inLanguage\":\"es\",\"potentialAction\":[{\"@type\":\"ReadAction\",\"target\":[\"http:\/\/encounters-magazine.com\/es\/encounters-three\/hong-kong-en-30-minutos\/\"]}]},{\"@type\":\"BreadcrumbList\",\"@id\":\"http:\/\/encounters-magazine.com\/es\/encounters-three\/hong-kong-en-30-minutos\/#breadcrumb\",\"itemListElement\":[{\"@type\":\"ListItem\",\"position\":1,\"name\":\"Home\",\"item\":\"https:\/\/encounters-magazine.com\/es\/\"},{\"@type\":\"ListItem\",\"position\":2,\"name\":\"Encounters Three\",\"item\":\"http:\/\/encounters-magazine.com\/es\/encounters-three\/\"},{\"@type\":\"ListItem\",\"position\":3,\"name\":\"\\u00abHong Kong en 30 minutos\\u00bb\"}]}]}<\/script>\n<!-- \/ Yoast SEO plugin. -->","yoast_head_json":{"title":"\"Hong Kong en 30 minutos\" - ENCOUNTERS MAGAZINE. By Santacruz International Communication","description":"ENCOUNTERS MAGAZINE by Santacruz International Communication invites you to discover engaging people, places and ideas around the globe.","robots":{"index":"index","follow":"follow","max-snippet":"max-snippet:-1","max-image-preview":"max-image-preview:large","max-video-preview":"max-video-preview:-1"},"canonical":"http:\/\/encounters-magazine.com\/es\/encounters-three\/hong-kong-en-30-minutos\/","og_locale":"es_ES","og_type":"article","og_title":"\"Hong Kong en 30 minutos\" - ENCOUNTERS MAGAZINE. By Santacruz International Communication","og_description":"ENCOUNTERS MAGAZINE by Santacruz International Communication invites you to discover engaging people, places and ideas around the globe.","og_url":"http:\/\/encounters-magazine.com\/es\/encounters-three\/hong-kong-en-30-minutos\/","og_site_name":"ES - ENCOUNTERS MAGAZINE","article_publisher":"https:\/\/www.facebook.com\/lino.santacruz.5","og_image":[{"width":90,"height":80,"url":"http:\/\/encounters-magazine.com\/es\/wp-content\/uploads\/sites\/4\/2013\/05\/Liu_Portrait.jpg","type":"image\/jpeg"}],"twitter_card":"summary","twitter_site":"@LinoSantacruz","twitter_misc":{"Tiempo de lectura":"2 minutos"},"schema":{"@context":"https:\/\/schema.org","@graph":[{"@type":"Organization","@id":"https:\/\/encounters-magazine.com\/es\/#organization","name":"SANTACRUZ INTERNATIONAL COMMUNICATION","url":"https:\/\/encounters-magazine.com\/es\/","sameAs":["https:\/\/www.facebook.com\/lino.santacruz.5","https:\/\/de.linkedin.com\/pub\/lino-santacruz\/a\/806\/417\/de","https:\/\/twitter.com\/LinoSantacruz"],"logo":{"@type":"ImageObject","@id":"https:\/\/encounters-magazine.com\/es\/#logo","inLanguage":"es","url":"http:\/\/encounters-magazine.com\/es\/wp-content\/uploads\/sites\/4\/2015\/10\/sic-logo.png","contentUrl":"http:\/\/encounters-magazine.com\/es\/wp-content\/uploads\/sites\/4\/2015\/10\/sic-logo.png","width":106,"height":106,"caption":"SANTACRUZ INTERNATIONAL COMMUNICATION"},"image":{"@id":"https:\/\/encounters-magazine.com\/es\/#logo"}},{"@type":"WebSite","@id":"https:\/\/encounters-magazine.com\/es\/#website","url":"https:\/\/encounters-magazine.com\/es\/","name":"ES - ENCOUNTERS MAGAZINE","description":"","publisher":{"@id":"https:\/\/encounters-magazine.com\/es\/#organization"},"potentialAction":[{"@type":"SearchAction","target":{"@type":"EntryPoint","urlTemplate":"https:\/\/encounters-magazine.com\/es\/?s={search_term_string}"},"query-input":"required name=search_term_string"}],"inLanguage":"es"},{"@type":"ImageObject","@id":"http:\/\/encounters-magazine.com\/es\/encounters-three\/hong-kong-en-30-minutos\/#primaryimage","inLanguage":"es","url":"https:\/\/encounters-magazine.com\/es\/wp-content\/uploads\/sites\/4\/2013\/05\/Liu_Portrait.jpg","contentUrl":"https:\/\/encounters-magazine.com\/es\/wp-content\/uploads\/sites\/4\/2013\/05\/Liu_Portrait.jpg","width":90,"height":80,"caption":"Liu"},{"@type":"WebPage","@id":"http:\/\/encounters-magazine.com\/es\/encounters-three\/hong-kong-en-30-minutos\/#webpage","url":"http:\/\/encounters-magazine.com\/es\/encounters-three\/hong-kong-en-30-minutos\/","name":"\"Hong Kong en 30 minutos\" - ENCOUNTERS MAGAZINE. By Santacruz International Communication","isPartOf":{"@id":"https:\/\/encounters-magazine.com\/es\/#website"},"primaryImageOfPage":{"@id":"http:\/\/encounters-magazine.com\/es\/encounters-three\/hong-kong-en-30-minutos\/#primaryimage"},"datePublished":"2015-04-16T19:54:32+00:00","dateModified":"2015-04-16T19:54:32+00:00","description":"ENCOUNTERS MAGAZINE by Santacruz International Communication invites you to discover engaging people, places and ideas around the globe.","breadcrumb":{"@id":"http:\/\/encounters-magazine.com\/es\/encounters-three\/hong-kong-en-30-minutos\/#breadcrumb"},"inLanguage":"es","potentialAction":[{"@type":"ReadAction","target":["http:\/\/encounters-magazine.com\/es\/encounters-three\/hong-kong-en-30-minutos\/"]}]},{"@type":"BreadcrumbList","@id":"http:\/\/encounters-magazine.com\/es\/encounters-three\/hong-kong-en-30-minutos\/#breadcrumb","itemListElement":[{"@type":"ListItem","position":1,"name":"Home","item":"https:\/\/encounters-magazine.com\/es\/"},{"@type":"ListItem","position":2,"name":"Encounters Three","item":"http:\/\/encounters-magazine.com\/es\/encounters-three\/"},{"@type":"ListItem","position":3,"name":"\u00abHong Kong en 30 minutos\u00bb"}]}]}},"_links":{"self":[{"href":"https:\/\/encounters-magazine.com\/es\/wp-json\/wp\/v2\/pages\/1158"}],"collection":[{"href":"https:\/\/encounters-magazine.com\/es\/wp-json\/wp\/v2\/pages"}],"about":[{"href":"https:\/\/encounters-magazine.com\/es\/wp-json\/wp\/v2\/types\/page"}],"author":[{"embeddable":true,"href":"https:\/\/encounters-magazine.com\/es\/wp-json\/wp\/v2\/users\/4"}],"replies":[{"embeddable":true,"href":"https:\/\/encounters-magazine.com\/es\/wp-json\/wp\/v2\/comments?post=1158"}],"version-history":[{"count":1,"href":"https:\/\/encounters-magazine.com\/es\/wp-json\/wp\/v2\/pages\/1158\/revisions"}],"predecessor-version":[{"id":1159,"href":"https:\/\/encounters-magazine.com\/es\/wp-json\/wp\/v2\/pages\/1158\/revisions\/1159"}],"up":[{"embeddable":true,"href":"https:\/\/encounters-magazine.com\/es\/wp-json\/wp\/v2\/pages\/244"}],"wp:featuredmedia":[{"embeddable":true,"href":"https:\/\/encounters-magazine.com\/es\/wp-json\/wp\/v2\/media\/197"}],"wp:attachment":[{"href":"https:\/\/encounters-magazine.com\/es\/wp-json\/wp\/v2\/media?parent=1158"}],"curies":[{"name":"wp","href":"https:\/\/api.w.org\/{rel}","templated":true}]}}