{"id":1156,"date":"2015-04-16T19:53:05","date_gmt":"2015-04-16T19:53:05","guid":{"rendered":"http:\/\/encounters-magazine.com\/es\/?page_id=1156"},"modified":"2015-04-16T19:53:34","modified_gmt":"2015-04-16T19:53:34","slug":"jardin-botanico-nacional-de-irlanda-dublin","status":"publish","type":"page","link":"https:\/\/encounters-magazine.com\/es\/encounters-three\/jardin-botanico-nacional-de-irlanda-dublin\/","title":{"rendered":"Jard\u00edn Bot\u00e1nico Nacional de Irlanda, Dubl\u00edn"},"content":{"rendered":"<p><img loading=\"lazy\" src=\"http:\/\/encounters-magazine.com\/es\/wp-content\/uploads\/sites\/4\/2013\/05\/Dublin.jpg\" alt=\"Dublin Botanical Garden\" width=\"661\" height=\"297\" class=\"alignleft size-full wp-image-218\" srcset=\"https:\/\/encounters-magazine.com\/es\/wp-content\/uploads\/sites\/4\/2013\/05\/Dublin.jpg 661w, https:\/\/encounters-magazine.com\/es\/wp-content\/uploads\/sites\/4\/2013\/05\/Dublin-300x134.jpg 300w\" sizes=\"(max-width: 661px) 100vw, 661px\" \/><\/p>\n<p>El jard\u00edn bot\u00e1nico de 19.5 hect\u00e1reas de extensi\u00f3n se encuentra ubicado en Glasnevin, al borde del r\u00edo Tolka, a unos 5 kil\u00f3metros al noroeste de Dubl\u00edn. Fueron creados en 1795 por la Royal Dublin Society y crecieron hasta albergar 20.000 plantas vivas y millones de espec\u00edmenes de plantas secas de todo el mundo. Es un centro de investigaci\u00f3n y entrenamiento hort\u00edcola, incluyendo el cultivo de numerosas orqu\u00eddeas. <\/p>\n<p>Los invernaderos, entre los que destaca la \u201cPalm House\u201d, son importantes a nivel arquitect\u00f3nico. Se trata de estructuras curvil\u00edneas dise\u00f1adas en hierro forjado por el fundidor dublin\u00e9s Richard Turner a finales del siglo XIX.<\/p>\n","protected":false},"excerpt":{"rendered":"<p>El jard\u00edn bot\u00e1nico de 19.5 hect\u00e1reas de extensi\u00f3n se encuentra ubicado en Glasnevin, al borde del r\u00edo Tolka, a unos 5 kil\u00f3metros al noroeste de Dubl\u00edn. Fueron creados en 1795 por la Royal Dublin Society y crecieron hasta albergar 20.000 plantas vivas y millones de espec\u00edmenes de plantas secas de todo el mundo. Es un [&hellip;]<\/p>\n","protected":false},"author":4,"featured_media":0,"parent":244,"menu_order":1,"comment_status":"open","ping_status":"open","template":"page.php","meta":[],"acf":[],"yoast_head":"<!-- This site is optimized with the Yoast SEO plugin v17.9 - https:\/\/yoast.com\/wordpress\/plugins\/seo\/ -->\n<title>Jard\u00edn Bot\u00e1nico Nacional de Irlanda, Dubl\u00edn - ENCOUNTERS MAGAZINE. By Santacruz International Communication<\/title>\n<meta name=\"description\" content=\"ENCOUNTERS MAGAZINE by Santacruz International Communication invites you to discover engaging people, places and ideas around the globe.\" \/>\n<meta name=\"robots\" content=\"index, follow, max-snippet:-1, max-image-preview:large, max-video-preview:-1\" \/>\n<link rel=\"canonical\" href=\"https:\/\/encounters-magazine.com\/es\/encounters-three\/jardin-botanico-nacional-de-irlanda-dublin\/\" \/>\n<meta property=\"og:locale\" content=\"es_ES\" \/>\n<meta property=\"og:type\" content=\"article\" \/>\n<meta property=\"og:title\" content=\"Jard\u00edn Bot\u00e1nico Nacional de Irlanda, Dubl\u00edn - ENCOUNTERS MAGAZINE. By Santacruz International Communication\" \/>\n<meta property=\"og:description\" content=\"ENCOUNTERS MAGAZINE by Santacruz International Communication invites you to discover engaging people, places and ideas around the globe.\" \/>\n<meta property=\"og:url\" content=\"https:\/\/encounters-magazine.com\/es\/encounters-three\/jardin-botanico-nacional-de-irlanda-dublin\/\" \/>\n<meta property=\"og:site_name\" content=\"ES - ENCOUNTERS MAGAZINE\" \/>\n<meta property=\"article:publisher\" content=\"https:\/\/www.facebook.com\/lino.santacruz.5\" \/>\n<meta property=\"article:modified_time\" content=\"2015-04-16T19:53:34+00:00\" \/>\n<meta property=\"og:image\" content=\"http:\/\/encounters-magazine.com\/es\/wp-content\/uploads\/sites\/4\/2013\/05\/Dublin.jpg\" \/>\n<meta name=\"twitter:card\" content=\"summary\" \/>\n<meta name=\"twitter:site\" content=\"@LinoSantacruz\" \/>\n<meta name=\"twitter:label1\" content=\"Tiempo de lectura\" \/>\n\t<meta name=\"twitter:data1\" content=\"1 minuto\" \/>\n<script type=\"application\/ld+json\" class=\"yoast-schema-graph\">{\"@context\":\"https:\/\/schema.org\",\"@graph\":[{\"@type\":\"Organization\",\"@id\":\"https:\/\/encounters-magazine.com\/es\/#organization\",\"name\":\"SANTACRUZ INTERNATIONAL COMMUNICATION\",\"url\":\"https:\/\/encounters-magazine.com\/es\/\",\"sameAs\":[\"https:\/\/www.facebook.com\/lino.santacruz.5\",\"https:\/\/de.linkedin.com\/pub\/lino-santacruz\/a\/806\/417\/de\",\"https:\/\/twitter.com\/LinoSantacruz\"],\"logo\":{\"@type\":\"ImageObject\",\"@id\":\"https:\/\/encounters-magazine.com\/es\/#logo\",\"inLanguage\":\"es\",\"url\":\"http:\/\/encounters-magazine.com\/es\/wp-content\/uploads\/sites\/4\/2015\/10\/sic-logo.png\",\"contentUrl\":\"http:\/\/encounters-magazine.com\/es\/wp-content\/uploads\/sites\/4\/2015\/10\/sic-logo.png\",\"width\":106,\"height\":106,\"caption\":\"SANTACRUZ INTERNATIONAL COMMUNICATION\"},\"image\":{\"@id\":\"https:\/\/encounters-magazine.com\/es\/#logo\"}},{\"@type\":\"WebSite\",\"@id\":\"https:\/\/encounters-magazine.com\/es\/#website\",\"url\":\"https:\/\/encounters-magazine.com\/es\/\",\"name\":\"ES - ENCOUNTERS MAGAZINE\",\"description\":\"\",\"publisher\":{\"@id\":\"https:\/\/encounters-magazine.com\/es\/#organization\"},\"potentialAction\":[{\"@type\":\"SearchAction\",\"target\":{\"@type\":\"EntryPoint\",\"urlTemplate\":\"https:\/\/encounters-magazine.com\/es\/?s={search_term_string}\"},\"query-input\":\"required name=search_term_string\"}],\"inLanguage\":\"es\"},{\"@type\":\"ImageObject\",\"@id\":\"https:\/\/encounters-magazine.com\/es\/encounters-three\/jardin-botanico-nacional-de-irlanda-dublin\/#primaryimage\",\"inLanguage\":\"es\",\"url\":\"http:\/\/encounters-magazine.com\/es\/wp-content\/uploads\/sites\/4\/2013\/05\/Dublin.jpg\",\"contentUrl\":\"http:\/\/encounters-magazine.com\/es\/wp-content\/uploads\/sites\/4\/2013\/05\/Dublin.jpg\"},{\"@type\":\"WebPage\",\"@id\":\"https:\/\/encounters-magazine.com\/es\/encounters-three\/jardin-botanico-nacional-de-irlanda-dublin\/#webpage\",\"url\":\"https:\/\/encounters-magazine.com\/es\/encounters-three\/jardin-botanico-nacional-de-irlanda-dublin\/\",\"name\":\"Jard\\u00edn Bot\\u00e1nico Nacional de Irlanda, Dubl\\u00edn - ENCOUNTERS MAGAZINE. By Santacruz International Communication\",\"isPartOf\":{\"@id\":\"https:\/\/encounters-magazine.com\/es\/#website\"},\"primaryImageOfPage\":{\"@id\":\"https:\/\/encounters-magazine.com\/es\/encounters-three\/jardin-botanico-nacional-de-irlanda-dublin\/#primaryimage\"},\"datePublished\":\"2015-04-16T19:53:05+00:00\",\"dateModified\":\"2015-04-16T19:53:34+00:00\",\"description\":\"ENCOUNTERS MAGAZINE by Santacruz International Communication invites you to discover engaging people, places and ideas around the globe.\",\"breadcrumb\":{\"@id\":\"https:\/\/encounters-magazine.com\/es\/encounters-three\/jardin-botanico-nacional-de-irlanda-dublin\/#breadcrumb\"},\"inLanguage\":\"es\",\"potentialAction\":[{\"@type\":\"ReadAction\",\"target\":[\"https:\/\/encounters-magazine.com\/es\/encounters-three\/jardin-botanico-nacional-de-irlanda-dublin\/\"]}]},{\"@type\":\"BreadcrumbList\",\"@id\":\"https:\/\/encounters-magazine.com\/es\/encounters-three\/jardin-botanico-nacional-de-irlanda-dublin\/#breadcrumb\",\"itemListElement\":[{\"@type\":\"ListItem\",\"position\":1,\"name\":\"Home\",\"item\":\"https:\/\/encounters-magazine.com\/es\/\"},{\"@type\":\"ListItem\",\"position\":2,\"name\":\"Encounters Three\",\"item\":\"https:\/\/encounters-magazine.com\/es\/encounters-three\/\"},{\"@type\":\"ListItem\",\"position\":3,\"name\":\"Jard\\u00edn Bot\\u00e1nico Nacional de Irlanda, Dubl\\u00edn\"}]}]}<\/script>\n<!-- \/ Yoast SEO plugin. -->","yoast_head_json":{"title":"Jard\u00edn Bot\u00e1nico Nacional de Irlanda, Dubl\u00edn - ENCOUNTERS MAGAZINE. By Santacruz International Communication","description":"ENCOUNTERS MAGAZINE by Santacruz International Communication invites you to discover engaging people, places and ideas around the globe.","robots":{"index":"index","follow":"follow","max-snippet":"max-snippet:-1","max-image-preview":"max-image-preview:large","max-video-preview":"max-video-preview:-1"},"canonical":"https:\/\/encounters-magazine.com\/es\/encounters-three\/jardin-botanico-nacional-de-irlanda-dublin\/","og_locale":"es_ES","og_type":"article","og_title":"Jard\u00edn Bot\u00e1nico Nacional de Irlanda, Dubl\u00edn - ENCOUNTERS MAGAZINE. By Santacruz International Communication","og_description":"ENCOUNTERS MAGAZINE by Santacruz International Communication invites you to discover engaging people, places and ideas around the globe.","og_url":"https:\/\/encounters-magazine.com\/es\/encounters-three\/jardin-botanico-nacional-de-irlanda-dublin\/","og_site_name":"ES - ENCOUNTERS MAGAZINE","article_publisher":"https:\/\/www.facebook.com\/lino.santacruz.5","article_modified_time":"2015-04-16T19:53:34+00:00","og_image":[{"url":"http:\/\/encounters-magazine.com\/es\/wp-content\/uploads\/sites\/4\/2013\/05\/Dublin.jpg"}],"twitter_card":"summary","twitter_site":"@LinoSantacruz","twitter_misc":{"Tiempo de lectura":"1 minuto"},"schema":{"@context":"https:\/\/schema.org","@graph":[{"@type":"Organization","@id":"https:\/\/encounters-magazine.com\/es\/#organization","name":"SANTACRUZ INTERNATIONAL COMMUNICATION","url":"https:\/\/encounters-magazine.com\/es\/","sameAs":["https:\/\/www.facebook.com\/lino.santacruz.5","https:\/\/de.linkedin.com\/pub\/lino-santacruz\/a\/806\/417\/de","https:\/\/twitter.com\/LinoSantacruz"],"logo":{"@type":"ImageObject","@id":"https:\/\/encounters-magazine.com\/es\/#logo","inLanguage":"es","url":"http:\/\/encounters-magazine.com\/es\/wp-content\/uploads\/sites\/4\/2015\/10\/sic-logo.png","contentUrl":"http:\/\/encounters-magazine.com\/es\/wp-content\/uploads\/sites\/4\/2015\/10\/sic-logo.png","width":106,"height":106,"caption":"SANTACRUZ INTERNATIONAL COMMUNICATION"},"image":{"@id":"https:\/\/encounters-magazine.com\/es\/#logo"}},{"@type":"WebSite","@id":"https:\/\/encounters-magazine.com\/es\/#website","url":"https:\/\/encounters-magazine.com\/es\/","name":"ES - ENCOUNTERS MAGAZINE","description":"","publisher":{"@id":"https:\/\/encounters-magazine.com\/es\/#organization"},"potentialAction":[{"@type":"SearchAction","target":{"@type":"EntryPoint","urlTemplate":"https:\/\/encounters-magazine.com\/es\/?s={search_term_string}"},"query-input":"required name=search_term_string"}],"inLanguage":"es"},{"@type":"ImageObject","@id":"https:\/\/encounters-magazine.com\/es\/encounters-three\/jardin-botanico-nacional-de-irlanda-dublin\/#primaryimage","inLanguage":"es","url":"http:\/\/encounters-magazine.com\/es\/wp-content\/uploads\/sites\/4\/2013\/05\/Dublin.jpg","contentUrl":"http:\/\/encounters-magazine.com\/es\/wp-content\/uploads\/sites\/4\/2013\/05\/Dublin.jpg"},{"@type":"WebPage","@id":"https:\/\/encounters-magazine.com\/es\/encounters-three\/jardin-botanico-nacional-de-irlanda-dublin\/#webpage","url":"https:\/\/encounters-magazine.com\/es\/encounters-three\/jardin-botanico-nacional-de-irlanda-dublin\/","name":"Jard\u00edn Bot\u00e1nico Nacional de Irlanda, Dubl\u00edn - ENCOUNTERS MAGAZINE. By Santacruz International Communication","isPartOf":{"@id":"https:\/\/encounters-magazine.com\/es\/#website"},"primaryImageOfPage":{"@id":"https:\/\/encounters-magazine.com\/es\/encounters-three\/jardin-botanico-nacional-de-irlanda-dublin\/#primaryimage"},"datePublished":"2015-04-16T19:53:05+00:00","dateModified":"2015-04-16T19:53:34+00:00","description":"ENCOUNTERS MAGAZINE by Santacruz International Communication invites you to discover engaging people, places and ideas around the globe.","breadcrumb":{"@id":"https:\/\/encounters-magazine.com\/es\/encounters-three\/jardin-botanico-nacional-de-irlanda-dublin\/#breadcrumb"},"inLanguage":"es","potentialAction":[{"@type":"ReadAction","target":["https:\/\/encounters-magazine.com\/es\/encounters-three\/jardin-botanico-nacional-de-irlanda-dublin\/"]}]},{"@type":"BreadcrumbList","@id":"https:\/\/encounters-magazine.com\/es\/encounters-three\/jardin-botanico-nacional-de-irlanda-dublin\/#breadcrumb","itemListElement":[{"@type":"ListItem","position":1,"name":"Home","item":"https:\/\/encounters-magazine.com\/es\/"},{"@type":"ListItem","position":2,"name":"Encounters Three","item":"https:\/\/encounters-magazine.com\/es\/encounters-three\/"},{"@type":"ListItem","position":3,"name":"Jard\u00edn Bot\u00e1nico Nacional de Irlanda, Dubl\u00edn"}]}]}},"_links":{"self":[{"href":"https:\/\/encounters-magazine.com\/es\/wp-json\/wp\/v2\/pages\/1156"}],"collection":[{"href":"https:\/\/encounters-magazine.com\/es\/wp-json\/wp\/v2\/pages"}],"about":[{"href":"https:\/\/encounters-magazine.com\/es\/wp-json\/wp\/v2\/types\/page"}],"author":[{"embeddable":true,"href":"https:\/\/encounters-magazine.com\/es\/wp-json\/wp\/v2\/users\/4"}],"replies":[{"embeddable":true,"href":"https:\/\/encounters-magazine.com\/es\/wp-json\/wp\/v2\/comments?post=1156"}],"version-history":[{"count":1,"href":"https:\/\/encounters-magazine.com\/es\/wp-json\/wp\/v2\/pages\/1156\/revisions"}],"predecessor-version":[{"id":1157,"href":"https:\/\/encounters-magazine.com\/es\/wp-json\/wp\/v2\/pages\/1156\/revisions\/1157"}],"up":[{"embeddable":true,"href":"https:\/\/encounters-magazine.com\/es\/wp-json\/wp\/v2\/pages\/244"}],"wp:attachment":[{"href":"https:\/\/encounters-magazine.com\/es\/wp-json\/wp\/v2\/media?parent=1156"}],"curies":[{"name":"wp","href":"https:\/\/api.w.org\/{rel}","templated":true}]}}