{"id":1141,"date":"2015-04-16T19:44:23","date_gmt":"2015-04-16T19:44:23","guid":{"rendered":"http:\/\/encounters-magazine.com\/es\/?page_id=1141"},"modified":"2015-04-16T19:44:56","modified_gmt":"2015-04-16T19:44:56","slug":"visita-al-museo-de-arte-de-milwaukee","status":"publish","type":"page","link":"https:\/\/encounters-magazine.com\/es\/encounters-two\/visita-al-museo-de-arte-de-milwaukee\/","title":{"rendered":"Visita al Museo de Arte de Milwaukee"},"content":{"rendered":"<p><img loading=\"lazy\" src=\"http:\/\/encounters-magazine.com\/es\/wp-content\/uploads\/sites\/4\/2013\/04\/Quiroz_1.jpg\" alt=\"Quiroz_1\" width=\"507\" height=\"764\" class=\"alignnone size-full wp-image-155\" srcset=\"https:\/\/encounters-magazine.com\/es\/wp-content\/uploads\/sites\/4\/2013\/04\/Quiroz_1.jpg 507w, https:\/\/encounters-magazine.com\/es\/wp-content\/uploads\/sites\/4\/2013\/04\/Quiroz_1-199x300.jpg 199w\" sizes=\"(max-width: 507px) 100vw, 507px\" \/><\/p>\n<h2>El t\u00fanel del tiempo entre Calatrava y Saarinen<\/h2>\n<p>Comienzo confesando que hac\u00eda much\u00edsimo tiempo no acud\u00eda a un museo de arte. La visita surge cuando mi amigo Lino Santacruz me lanza la invitaci\u00f3n a distancia para que conociera el Museo de Arte en la ciudad de Milwaukee, estado de Wisconsin.<\/p>\n<p>A Lino y a m\u00ed nos une una amistad en la que interviene Wisconsin y es por eso que esta visita cobr\u00f3 m\u00e1s valor que el solo hecho de visitarlo.<\/p>\n<p>La aventura comenz\u00f3 desde Chicago, manejando 50 millas, hasta completar el recorrido de una hora y 20 minutos desde mi casa.<\/p>\n<p>Llegar a Milwaukee fue f\u00e1cil y todav\u00eda m\u00e1s fue encontrar el museo. La firma de Santiago Calatrava se ve a la distancia: una imponente ave de acero y aluminio. Si el clima lo permite, es decir, si el viento no es demasiado fuerte, la estructura te puede saludar por la ma\u00f1ana y por la tarde.<\/p>\n<p>Para m\u00ed, que no soy experto en museos y mucho menos de arte, el inter\u00e9s mayor fue el Quadracci Pavillion, la \u00abnave nodriza\u00bb por describirlo de alguna manera.<\/p>\n<p>Me llevo una sorpresa cuando estaciono el auto y me abrigo para salir: no es necesario, todo el estacionamiento tiene calefacci\u00f3n.<\/p>\n<p>El segundo paso es dejar los abrigos en el auto y entrar al museo lo m\u00e1s c\u00f3modo posible.<\/p>\n<p><img loading=\"lazy\" src=\"http:\/\/encounters-magazine.com\/es\/wp-content\/uploads\/sites\/4\/2013\/04\/Quiroz_2.jpg\" alt=\"Quiroz_2\" width=\"507\" height=\"377\" class=\"alignnone size-full wp-image-156\" srcset=\"https:\/\/encounters-magazine.com\/es\/wp-content\/uploads\/sites\/4\/2013\/04\/Quiroz_2.jpg 507w, https:\/\/encounters-magazine.com\/es\/wp-content\/uploads\/sites\/4\/2013\/04\/Quiroz_2-300x223.jpg 300w\" sizes=\"(max-width: 507px) 100vw, 507px\" \/><\/p>\n<p>Tercer paso: ya con boleto en mano me siento m\u00e1s relajado para comenzar a descifrar lo que el espa\u00f1ol Calatrava quiso mostrar con su obra, es decir, la fusi\u00f3n de las l\u00edneas rectas con las curvas.<\/p>\n<p>Estoy obligado a ver hacia el techo. Los cristales transparentes se mezclan con las l\u00edneas rectas que obligan al observador a buscar d\u00f3nde se mezclan las geometr\u00edas. Si el d\u00eda es soleado, el visitante lo disfrutar\u00e1 a\u00fan m\u00e1s y se sentir\u00e1 obligado, adem\u00e1s, a buscar figuras entre las nubes.<\/p>\n<p><img loading=\"lazy\" src=\"http:\/\/encounters-magazine.com\/es\/wp-content\/uploads\/sites\/4\/2013\/04\/Quiroz_3.jpg\" alt=\"Quiroz_3\" width=\"507\" height=\"337\" class=\"alignnone size-full wp-image-157\" srcset=\"https:\/\/encounters-magazine.com\/es\/wp-content\/uploads\/sites\/4\/2013\/04\/Quiroz_3.jpg 507w, https:\/\/encounters-magazine.com\/es\/wp-content\/uploads\/sites\/4\/2013\/04\/Quiroz_3-300x199.jpg 300w\" sizes=\"(max-width: 507px) 100vw, 507px\" \/><\/p>\n<p>Satisfecho con la visita al Quadracci Pavillion, lo que sigue es conocer el \u201cWar Memorial Center\u201d, dise\u00f1ado por arquitecto y dise\u00f1ador finland\u00e9s-estadounidense Eero Saarinen. Aqu\u00ed es donde se atesoran las 30 mil obras de arte que posee el museo. El edificio fue construido en honor a los soldados combatientes en la Segunda Guerra Mundial.<\/p>\n<p>Para llegar hay que recorrer un largo pasillo que tambi\u00e9n est\u00e1 iluminado con el reflejo del agua del Lago Michigan.<\/p>\n<p><img loading=\"lazy\" src=\"http:\/\/encounters-magazine.com\/es\/wp-content\/uploads\/sites\/4\/2013\/04\/Quiroz_4.jpg\" alt=\"Quiroz_4\" width=\"507\" height=\"337\" class=\"alignnone size-full wp-image-158\" srcset=\"https:\/\/encounters-magazine.com\/es\/wp-content\/uploads\/sites\/4\/2013\/04\/Quiroz_4.jpg 507w, https:\/\/encounters-magazine.com\/es\/wp-content\/uploads\/sites\/4\/2013\/04\/Quiroz_4-300x199.jpg 300w\" sizes=\"(max-width: 507px) 100vw, 507px\" \/><\/p>\n<p><img loading=\"lazy\" src=\"http:\/\/encounters-magazine.com\/es\/wp-content\/uploads\/sites\/4\/2013\/04\/Quiroz_5.jpg\" alt=\"Quiroz_5\" width=\"507\" height=\"256\" class=\"alignnone size-full wp-image-159\" srcset=\"https:\/\/encounters-magazine.com\/es\/wp-content\/uploads\/sites\/4\/2013\/04\/Quiroz_5.jpg 507w, https:\/\/encounters-magazine.com\/es\/wp-content\/uploads\/sites\/4\/2013\/04\/Quiroz_5-300x151.jpg 300w\" sizes=\"(max-width: 507px) 100vw, 507px\" \/><\/p>\n<p>En el medio del camino hay un auditorio y una tienda peque\u00f1a tienda donde se pueden comprar recuerdos de la visita. Esta es la conexi\u00f3n entre lo antiguo y moderno. El \u201cWar Memorial Center\u201d fue construido en 1955 y el \u201cQuadracci Pavilion\u201d en 2001.<\/p>\n<p>De inmediato la desconexi\u00f3n se hace sentir. En el \u201cWar Memorial Center\u201d hay m\u00e1s cemento y es gris; el Quadracci tiene m\u00e1s vidrio y acero y predomina el blanco.<\/p>\n<p><img loading=\"lazy\" src=\"http:\/\/encounters-magazine.com\/es\/wp-content\/uploads\/sites\/4\/2013\/04\/Quiroz_6.jpg\" alt=\"Quiroz_6\" width=\"507\" height=\"337\" class=\"alignnone size-full wp-image-160\" srcset=\"https:\/\/encounters-magazine.com\/es\/wp-content\/uploads\/sites\/4\/2013\/04\/Quiroz_6.jpg 507w, https:\/\/encounters-magazine.com\/es\/wp-content\/uploads\/sites\/4\/2013\/04\/Quiroz_6-300x199.jpg 300w\" sizes=\"(max-width: 507px) 100vw, 507px\" \/><\/p>\n<p>El recorrido frente a las obras de arte fluye r\u00e1pidamente porque las salas son peque\u00f1as y \u00e1giles para la vista y al caminar. O quiz\u00e1s tuve esa sensaci\u00f3n porque estaba pensando en terminar y salir a conocer el museo por fuera.<\/p>\n<p>El fr\u00edo no fue un problema y tampoco la nieve. Desde la calle Prospect se pueden tomar buenas fotograf\u00edas de la entrada principal que adorna el puente que cuelga de un m\u00e1stil soportado por gruesos cables de acero.<\/p>\n<p><img loading=\"lazy\" src=\"http:\/\/encounters-magazine.com\/es\/wp-content\/uploads\/sites\/4\/2013\/04\/Quiroz_7.jpg\" alt=\"Quiroz_7\" width=\"507\" height=\"337\" class=\"alignnone size-full wp-image-161\" srcset=\"https:\/\/encounters-magazine.com\/es\/wp-content\/uploads\/sites\/4\/2013\/04\/Quiroz_7.jpg 507w, https:\/\/encounters-magazine.com\/es\/wp-content\/uploads\/sites\/4\/2013\/04\/Quiroz_7-300x199.jpg 300w\" sizes=\"(max-width: 507px) 100vw, 507px\" \/><\/p>\n<p><img loading=\"lazy\" src=\"http:\/\/encounters-magazine.com\/es\/wp-content\/uploads\/sites\/4\/2013\/04\/Quiroz_8.jpg\" alt=\"Quiroz_8\" width=\"507\" height=\"309\" class=\"alignnone size-full wp-image-162\" srcset=\"https:\/\/encounters-magazine.com\/es\/wp-content\/uploads\/sites\/4\/2013\/04\/Quiroz_8.jpg 507w, https:\/\/encounters-magazine.com\/es\/wp-content\/uploads\/sites\/4\/2013\/04\/Quiroz_8-300x182.jpg 300w\" sizes=\"(max-width: 507px) 100vw, 507px\" \/><\/p>\n<p>Todos los \u00e1ngulos del museo son \u00abfotog\u00e9nicos\u00bb. Y como la visita la hice en invierno, la nieve acompa\u00f1a muy bien las fotos del \u00abave\u00bb que reposa frente al lago.<\/p>\n<p>Visitar el Museo de Milwaukee es unir dos \u00e9pocas arquitect\u00f3nicas de dos maravillosas obras que se funden en el pasillo que las conecta: es como un \u00abt\u00fanel del tiempo arquitect\u00f3nico\u00bb.<\/p>\n<blockquote><p>Javier Quiroz es fot\u00f3grafo y reportero. Inici\u00f3 su carrera hace 25 a\u00f1os en su natal Nuevo Laredo, Tamaulipas, M\u00e9xico. Actualmente trabaja y vive en Chicago, Estados Unidos.<\/p><\/blockquote>\n","protected":false},"excerpt":{"rendered":"<p>El t\u00fanel del tiempo entre Calatrava y Saarinen Comienzo confesando que hac\u00eda much\u00edsimo tiempo no acud\u00eda a un museo de arte. La visita surge cuando mi amigo Lino Santacruz me lanza la invitaci\u00f3n a distancia para que conociera el Museo de Arte en la ciudad de Milwaukee, estado de Wisconsin. A Lino y a m\u00ed [&hellip;]<\/p>\n","protected":false},"author":4,"featured_media":163,"parent":121,"menu_order":2,"comment_status":"open","ping_status":"open","template":"page.php","meta":[],"acf":[],"yoast_head":"<!-- This site is optimized with the Yoast SEO plugin v17.9 - https:\/\/yoast.com\/wordpress\/plugins\/seo\/ -->\n<title>Visita al Museo de Arte de Milwaukee - ENCOUNTERS MAGAZINE. By Santacruz International Communication<\/title>\n<meta name=\"description\" content=\"ENCOUNTERS MAGAZINE by Santacruz International Communication invites you to discover engaging people, places and ideas around the globe.\" \/>\n<meta name=\"robots\" content=\"index, follow, max-snippet:-1, max-image-preview:large, max-video-preview:-1\" \/>\n<link rel=\"canonical\" href=\"https:\/\/encounters-magazine.com\/es\/encounters-two\/visita-al-museo-de-arte-de-milwaukee\/\" \/>\n<meta property=\"og:locale\" content=\"es_ES\" \/>\n<meta property=\"og:type\" content=\"article\" \/>\n<meta property=\"og:title\" content=\"Visita al Museo de Arte de Milwaukee - ENCOUNTERS MAGAZINE. By Santacruz International Communication\" \/>\n<meta property=\"og:description\" content=\"ENCOUNTERS MAGAZINE by Santacruz International Communication invites you to discover engaging people, places and ideas around the globe.\" \/>\n<meta property=\"og:url\" content=\"https:\/\/encounters-magazine.com\/es\/encounters-two\/visita-al-museo-de-arte-de-milwaukee\/\" \/>\n<meta property=\"og:site_name\" content=\"ES - ENCOUNTERS MAGAZINE\" \/>\n<meta property=\"article:publisher\" content=\"https:\/\/www.facebook.com\/lino.santacruz.5\" \/>\n<meta property=\"article:modified_time\" content=\"2015-04-16T19:44:56+00:00\" \/>\n<meta property=\"og:image\" content=\"https:\/\/encounters-magazine.com\/es\/wp-content\/uploads\/sites\/4\/2013\/04\/Quiroz_Portrait.jpg\" \/>\n\t<meta property=\"og:image:width\" content=\"101\" \/>\n\t<meta property=\"og:image:height\" content=\"80\" \/>\n\t<meta property=\"og:image:type\" content=\"image\/jpeg\" \/>\n<meta name=\"twitter:card\" content=\"summary\" \/>\n<meta name=\"twitter:site\" content=\"@LinoSantacruz\" \/>\n<meta name=\"twitter:label1\" content=\"Tiempo de lectura\" \/>\n\t<meta name=\"twitter:data1\" content=\"3 minutos\" \/>\n<script type=\"application\/ld+json\" class=\"yoast-schema-graph\">{\"@context\":\"https:\/\/schema.org\",\"@graph\":[{\"@type\":\"Organization\",\"@id\":\"https:\/\/encounters-magazine.com\/es\/#organization\",\"name\":\"SANTACRUZ INTERNATIONAL COMMUNICATION\",\"url\":\"https:\/\/encounters-magazine.com\/es\/\",\"sameAs\":[\"https:\/\/www.facebook.com\/lino.santacruz.5\",\"https:\/\/de.linkedin.com\/pub\/lino-santacruz\/a\/806\/417\/de\",\"https:\/\/twitter.com\/LinoSantacruz\"],\"logo\":{\"@type\":\"ImageObject\",\"@id\":\"https:\/\/encounters-magazine.com\/es\/#logo\",\"inLanguage\":\"es\",\"url\":\"http:\/\/encounters-magazine.com\/es\/wp-content\/uploads\/sites\/4\/2015\/10\/sic-logo.png\",\"contentUrl\":\"http:\/\/encounters-magazine.com\/es\/wp-content\/uploads\/sites\/4\/2015\/10\/sic-logo.png\",\"width\":106,\"height\":106,\"caption\":\"SANTACRUZ INTERNATIONAL COMMUNICATION\"},\"image\":{\"@id\":\"https:\/\/encounters-magazine.com\/es\/#logo\"}},{\"@type\":\"WebSite\",\"@id\":\"https:\/\/encounters-magazine.com\/es\/#website\",\"url\":\"https:\/\/encounters-magazine.com\/es\/\",\"name\":\"ES - ENCOUNTERS MAGAZINE\",\"description\":\"\",\"publisher\":{\"@id\":\"https:\/\/encounters-magazine.com\/es\/#organization\"},\"potentialAction\":[{\"@type\":\"SearchAction\",\"target\":{\"@type\":\"EntryPoint\",\"urlTemplate\":\"https:\/\/encounters-magazine.com\/es\/?s={search_term_string}\"},\"query-input\":\"required name=search_term_string\"}],\"inLanguage\":\"es\"},{\"@type\":\"ImageObject\",\"@id\":\"https:\/\/encounters-magazine.com\/es\/encounters-two\/visita-al-museo-de-arte-de-milwaukee\/#primaryimage\",\"inLanguage\":\"es\",\"url\":\"https:\/\/encounters-magazine.com\/es\/wp-content\/uploads\/sites\/4\/2013\/04\/Quiroz_Portrait.jpg\",\"contentUrl\":\"https:\/\/encounters-magazine.com\/es\/wp-content\/uploads\/sites\/4\/2013\/04\/Quiroz_Portrait.jpg\",\"width\":101,\"height\":80,\"caption\":\"Quiroz\"},{\"@type\":\"WebPage\",\"@id\":\"https:\/\/encounters-magazine.com\/es\/encounters-two\/visita-al-museo-de-arte-de-milwaukee\/#webpage\",\"url\":\"https:\/\/encounters-magazine.com\/es\/encounters-two\/visita-al-museo-de-arte-de-milwaukee\/\",\"name\":\"Visita al Museo de Arte de Milwaukee - ENCOUNTERS MAGAZINE. By Santacruz International Communication\",\"isPartOf\":{\"@id\":\"https:\/\/encounters-magazine.com\/es\/#website\"},\"primaryImageOfPage\":{\"@id\":\"https:\/\/encounters-magazine.com\/es\/encounters-two\/visita-al-museo-de-arte-de-milwaukee\/#primaryimage\"},\"datePublished\":\"2015-04-16T19:44:23+00:00\",\"dateModified\":\"2015-04-16T19:44:56+00:00\",\"description\":\"ENCOUNTERS MAGAZINE by Santacruz International Communication invites you to discover engaging people, places and ideas around the globe.\",\"breadcrumb\":{\"@id\":\"https:\/\/encounters-magazine.com\/es\/encounters-two\/visita-al-museo-de-arte-de-milwaukee\/#breadcrumb\"},\"inLanguage\":\"es\",\"potentialAction\":[{\"@type\":\"ReadAction\",\"target\":[\"https:\/\/encounters-magazine.com\/es\/encounters-two\/visita-al-museo-de-arte-de-milwaukee\/\"]}]},{\"@type\":\"BreadcrumbList\",\"@id\":\"https:\/\/encounters-magazine.com\/es\/encounters-two\/visita-al-museo-de-arte-de-milwaukee\/#breadcrumb\",\"itemListElement\":[{\"@type\":\"ListItem\",\"position\":1,\"name\":\"Home\",\"item\":\"https:\/\/encounters-magazine.com\/es\/\"},{\"@type\":\"ListItem\",\"position\":2,\"name\":\"Encounters Two\",\"item\":\"https:\/\/encounters-magazine.com\/es\/encounters-two\/\"},{\"@type\":\"ListItem\",\"position\":3,\"name\":\"Visita al Museo de Arte de Milwaukee\"}]}]}<\/script>\n<!-- \/ Yoast SEO plugin. -->","yoast_head_json":{"title":"Visita al Museo de Arte de Milwaukee - ENCOUNTERS MAGAZINE. By Santacruz International Communication","description":"ENCOUNTERS MAGAZINE by Santacruz International Communication invites you to discover engaging people, places and ideas around the globe.","robots":{"index":"index","follow":"follow","max-snippet":"max-snippet:-1","max-image-preview":"max-image-preview:large","max-video-preview":"max-video-preview:-1"},"canonical":"https:\/\/encounters-magazine.com\/es\/encounters-two\/visita-al-museo-de-arte-de-milwaukee\/","og_locale":"es_ES","og_type":"article","og_title":"Visita al Museo de Arte de Milwaukee - ENCOUNTERS MAGAZINE. By Santacruz International Communication","og_description":"ENCOUNTERS MAGAZINE by Santacruz International Communication invites you to discover engaging people, places and ideas around the globe.","og_url":"https:\/\/encounters-magazine.com\/es\/encounters-two\/visita-al-museo-de-arte-de-milwaukee\/","og_site_name":"ES - ENCOUNTERS MAGAZINE","article_publisher":"https:\/\/www.facebook.com\/lino.santacruz.5","article_modified_time":"2015-04-16T19:44:56+00:00","og_image":[{"width":101,"height":80,"url":"https:\/\/encounters-magazine.com\/es\/wp-content\/uploads\/sites\/4\/2013\/04\/Quiroz_Portrait.jpg","type":"image\/jpeg"}],"twitter_card":"summary","twitter_site":"@LinoSantacruz","twitter_misc":{"Tiempo de lectura":"3 minutos"},"schema":{"@context":"https:\/\/schema.org","@graph":[{"@type":"Organization","@id":"https:\/\/encounters-magazine.com\/es\/#organization","name":"SANTACRUZ INTERNATIONAL COMMUNICATION","url":"https:\/\/encounters-magazine.com\/es\/","sameAs":["https:\/\/www.facebook.com\/lino.santacruz.5","https:\/\/de.linkedin.com\/pub\/lino-santacruz\/a\/806\/417\/de","https:\/\/twitter.com\/LinoSantacruz"],"logo":{"@type":"ImageObject","@id":"https:\/\/encounters-magazine.com\/es\/#logo","inLanguage":"es","url":"http:\/\/encounters-magazine.com\/es\/wp-content\/uploads\/sites\/4\/2015\/10\/sic-logo.png","contentUrl":"http:\/\/encounters-magazine.com\/es\/wp-content\/uploads\/sites\/4\/2015\/10\/sic-logo.png","width":106,"height":106,"caption":"SANTACRUZ INTERNATIONAL COMMUNICATION"},"image":{"@id":"https:\/\/encounters-magazine.com\/es\/#logo"}},{"@type":"WebSite","@id":"https:\/\/encounters-magazine.com\/es\/#website","url":"https:\/\/encounters-magazine.com\/es\/","name":"ES - ENCOUNTERS MAGAZINE","description":"","publisher":{"@id":"https:\/\/encounters-magazine.com\/es\/#organization"},"potentialAction":[{"@type":"SearchAction","target":{"@type":"EntryPoint","urlTemplate":"https:\/\/encounters-magazine.com\/es\/?s={search_term_string}"},"query-input":"required name=search_term_string"}],"inLanguage":"es"},{"@type":"ImageObject","@id":"https:\/\/encounters-magazine.com\/es\/encounters-two\/visita-al-museo-de-arte-de-milwaukee\/#primaryimage","inLanguage":"es","url":"https:\/\/encounters-magazine.com\/es\/wp-content\/uploads\/sites\/4\/2013\/04\/Quiroz_Portrait.jpg","contentUrl":"https:\/\/encounters-magazine.com\/es\/wp-content\/uploads\/sites\/4\/2013\/04\/Quiroz_Portrait.jpg","width":101,"height":80,"caption":"Quiroz"},{"@type":"WebPage","@id":"https:\/\/encounters-magazine.com\/es\/encounters-two\/visita-al-museo-de-arte-de-milwaukee\/#webpage","url":"https:\/\/encounters-magazine.com\/es\/encounters-two\/visita-al-museo-de-arte-de-milwaukee\/","name":"Visita al Museo de Arte de Milwaukee - ENCOUNTERS MAGAZINE. By Santacruz International Communication","isPartOf":{"@id":"https:\/\/encounters-magazine.com\/es\/#website"},"primaryImageOfPage":{"@id":"https:\/\/encounters-magazine.com\/es\/encounters-two\/visita-al-museo-de-arte-de-milwaukee\/#primaryimage"},"datePublished":"2015-04-16T19:44:23+00:00","dateModified":"2015-04-16T19:44:56+00:00","description":"ENCOUNTERS MAGAZINE by Santacruz International Communication invites you to discover engaging people, places and ideas around the globe.","breadcrumb":{"@id":"https:\/\/encounters-magazine.com\/es\/encounters-two\/visita-al-museo-de-arte-de-milwaukee\/#breadcrumb"},"inLanguage":"es","potentialAction":[{"@type":"ReadAction","target":["https:\/\/encounters-magazine.com\/es\/encounters-two\/visita-al-museo-de-arte-de-milwaukee\/"]}]},{"@type":"BreadcrumbList","@id":"https:\/\/encounters-magazine.com\/es\/encounters-two\/visita-al-museo-de-arte-de-milwaukee\/#breadcrumb","itemListElement":[{"@type":"ListItem","position":1,"name":"Home","item":"https:\/\/encounters-magazine.com\/es\/"},{"@type":"ListItem","position":2,"name":"Encounters Two","item":"https:\/\/encounters-magazine.com\/es\/encounters-two\/"},{"@type":"ListItem","position":3,"name":"Visita al Museo de Arte de Milwaukee"}]}]}},"_links":{"self":[{"href":"https:\/\/encounters-magazine.com\/es\/wp-json\/wp\/v2\/pages\/1141"}],"collection":[{"href":"https:\/\/encounters-magazine.com\/es\/wp-json\/wp\/v2\/pages"}],"about":[{"href":"https:\/\/encounters-magazine.com\/es\/wp-json\/wp\/v2\/types\/page"}],"author":[{"embeddable":true,"href":"https:\/\/encounters-magazine.com\/es\/wp-json\/wp\/v2\/users\/4"}],"replies":[{"embeddable":true,"href":"https:\/\/encounters-magazine.com\/es\/wp-json\/wp\/v2\/comments?post=1141"}],"version-history":[{"count":1,"href":"https:\/\/encounters-magazine.com\/es\/wp-json\/wp\/v2\/pages\/1141\/revisions"}],"predecessor-version":[{"id":1142,"href":"https:\/\/encounters-magazine.com\/es\/wp-json\/wp\/v2\/pages\/1141\/revisions\/1142"}],"up":[{"embeddable":true,"href":"https:\/\/encounters-magazine.com\/es\/wp-json\/wp\/v2\/pages\/121"}],"wp:featuredmedia":[{"embeddable":true,"href":"https:\/\/encounters-magazine.com\/es\/wp-json\/wp\/v2\/media\/163"}],"wp:attachment":[{"href":"https:\/\/encounters-magazine.com\/es\/wp-json\/wp\/v2\/media?parent=1141"}],"curies":[{"name":"wp","href":"https:\/\/api.w.org\/{rel}","templated":true}]}}