{"id":1130,"date":"2015-04-16T19:37:21","date_gmt":"2015-04-16T19:37:21","guid":{"rendered":"http:\/\/encounters-magazine.com\/es\/?page_id=1130"},"modified":"2015-04-16T19:37:21","modified_gmt":"2015-04-16T19:37:21","slug":"el-paraiso-playa-grande-de-montezuma","status":"publish","type":"page","link":"https:\/\/encounters-magazine.com\/es\/home-page\/el-paraiso-playa-grande-de-montezuma\/","title":{"rendered":"El para\u00edso: Playa Grande de Montezuma"},"content":{"rendered":"<p><img loading=\"lazy\" src=\"http:\/\/encounters-magazine.com\/es\/wp-content\/uploads\/sites\/4\/2013\/03\/Quesada_11.jpg\" alt=\"Quesada_1\" width=\"507\" height=\"297\" class=\"alignnone size-full wp-image-46\" srcset=\"https:\/\/encounters-magazine.com\/es\/wp-content\/uploads\/sites\/4\/2013\/03\/Quesada_11.jpg 507w, https:\/\/encounters-magazine.com\/es\/wp-content\/uploads\/sites\/4\/2013\/03\/Quesada_11-300x175.jpg 300w\" sizes=\"(max-width: 507px) 100vw, 507px\" \/><\/p>\n<p>La brisa del mar acaricia y refresca la piel h\u00fameda por el agua del mar y el sudor. Me encuentro sentada bajo la refrescante sombra de palmeras de coco  y \u00e1rboles de almendro en una playa que parece interminable: Playa Grande de Montezuma en Costa Rica. Mi lugar favorito en todo el mundo. Un lugar que merece ser visitado.<\/p>\n<p>Eso s\u00ed: para llegar a esta m\u00e1gica playa situada en el sur de la Pen\u00ednsula de Nicoya, hay que caminar aproximadamente unos treinta minutos, desde el pueblo m\u00e1s cercano: Montezuma. \u00a1Pero el viaje merece la pena! Por dos razones. La primera: Playa Grande es el para\u00edso terrenal. No soy la \u00fanica que lo aprecia as\u00ed. El montezume\u00f1o Pablo Varela va a Playa Grande con su tabla de surf bajo el brazo: \u201cLo que me gusta de Playa Grande es que no hay edificios ni carreteras. Lo \u00fanico que ves es naturaleza. Aparte de que cuando hay buenas olas se puede surfear y no hay mucha gente en el mar y as\u00ed puedes tomar la ola que quieras\u201d. Sin embargo, la marea aqu\u00ed puede ser bastante fuerte, as\u00ed que hay que tener precauci\u00f3n.<\/p>\n<p><img loading=\"lazy\" src=\"http:\/\/encounters-magazine.com\/es\/wp-content\/uploads\/sites\/4\/2013\/03\/Quesada_2.jpg\" alt=\"Quesada_2\" width=\"507\" height=\"297\" class=\"alignnone size-full wp-image-49\" srcset=\"https:\/\/encounters-magazine.com\/es\/wp-content\/uploads\/sites\/4\/2013\/03\/Quesada_2.jpg 507w, https:\/\/encounters-magazine.com\/es\/wp-content\/uploads\/sites\/4\/2013\/03\/Quesada_2-300x175.jpg 300w\" sizes=\"(max-width: 507px) 100vw, 507px\" \/><\/p>\n<h2>El camino es la meta<\/h2>\n<p>La segunda raz\u00f3n por la cual merece la pena ir a Playa Grande es el trayecto en s\u00ed. Desde la capital costarricense, San Jos\u00e9, se viaja en bus p\u00fablico o carro al Puerto de Puntarenas. Desde ah\u00ed se toma el ferry a la desembocadura del r\u00edo Tempisque. Tras una hora de navegaci\u00f3n, se embarca en Paquera y desde ah\u00ed son unas dos horas para llegar a Montezuma. Es un poblado pintoresco y bohemio con un esp\u00edritu tranquilo y al mismo tiempo relajante. La vida nocturna es excepcional, con una gran cantidad de bares y discotecas. Montezuma cuenta con hoteles y cuartos en casi todas las categor\u00edas. Se pueden encontrar a un precio muy c\u00f3modo para adaptarse al presupuesto del visitante, pero tambi\u00e9n hay resorts lujosos para satisfacer a aquellos en busca de lujo y m\u00e1s comodidad. Adem\u00e1s, hay restaurantes de comida criolla e internacional. Los vegetarianos tambi\u00e9n tendr\u00e1n varias opciones en Montezuma.<\/p>\n<p>Desde este encantador pueblo se puede viajar a Playa Grande como excursi\u00f3n de un d\u00eda. Saliendo en la ma\u00f1ana, antes de que el sol comience a picar y despu\u00e9s de un buen desayuno con frutas tropicales, por ejemplo, o con \u201cgallo pinto\u201d. Este plato t\u00edpico de Costa Rica consiste de arroz y frijoles negros y es acompa\u00f1ado con tortillas de harina de ma\u00edz, huevos al gusto, queso frito o carne en salsa. <\/p>\n<h2>Para los amantes de la naturaleza<\/h2>\n<p>El sendero a Playa Grande es a lo largo de playas y bosques tropicales secos. A m\u00ed me gusta ir en sandalias ya que se pueden quitar f\u00e1cilmente para caminar descalza sobre la arena y pon\u00e9rmelas en las partes de bosque. A Pablo, nuestro surfista (\u201csurfo\u201d en Costa Rica), tambi\u00e9n le gusta el camino: \u201cLa caminada tambi\u00e9n es interesante porque se pasa por dos reservas naturales y los senderos son muy lindos para tomar fotos. Adem\u00e1s, de vez en cuando puedes ver monos aulladores, llamados congos o monos cariblancos\u201d, explica.<\/p>\n<p><img loading=\"lazy\" src=\"http:\/\/encounters-magazine.com\/es\/wp-content\/uploads\/sites\/4\/2013\/03\/Quesada_4.jpg\" alt=\"Quesada_4\" width=\"507\" height=\"297\" class=\"alignnone size-full wp-image-50\" srcset=\"https:\/\/encounters-magazine.com\/es\/wp-content\/uploads\/sites\/4\/2013\/03\/Quesada_4.jpg 507w, https:\/\/encounters-magazine.com\/es\/wp-content\/uploads\/sites\/4\/2013\/03\/Quesada_4-300x175.jpg 300w\" sizes=\"(max-width: 507px) 100vw, 507px\" \/><\/p>\n<p>Despu\u00e9s de unos 20 minutos de camino por playa y bosque se llega a la Playa de Piedra Colorada. Su nombre se debe a que la arena es de piedritas rojas. Es un lindo lugar para subir por el r\u00edo que desemboca al oc\u00e9ano y disfrutar de sus aguas frescas y de cataratas. Pero no se queden ah\u00ed, porque aunque sea muy bonito hay que seguir nuestro trayecto para llegar a Playa Grande. Refrescados tras el ba\u00f1o en agua dulce continuamos por otro pedacito de bosque y llegamos a una playa que consiste de muchas conchas y caracoles. Esta parte del camino es parte de una de las reservas que nos estaba contando Pablo y en las que se pueden realizar voluntariados. Estas \u00e1reas protegidas se llaman Reserva Natural Absoluta Nicol\u00e1s Weessberg y Refugio de Vida Silvestre Romelia. Esta \u00faltima se sit\u00faa en Playa Grande. Fue creada en 1997 con el fin de proteger los bosques tropicales y la zona de la playa. Desde 2009 tambi\u00e9n se conservan las tortugas marinas que anidan en la arena. Venir a observar a las hembras poner sus huevos o ver c\u00f3mo salen las tortuguitas de sus huevos y corren hacia el mar, es una experiencia \u00fanica.<\/p>\n<p><img loading=\"lazy\" src=\"http:\/\/encounters-magazine.com\/es\/wp-content\/uploads\/sites\/4\/2013\/03\/Quesada_3.jpg\" alt=\"Quesada_3\" width=\"507\" height=\"297\" class=\"alignnone size-full wp-image-51\" srcset=\"https:\/\/encounters-magazine.com\/es\/wp-content\/uploads\/sites\/4\/2013\/03\/Quesada_3.jpg 507w, https:\/\/encounters-magazine.com\/es\/wp-content\/uploads\/sites\/4\/2013\/03\/Quesada_3-300x175.jpg 300w\" sizes=\"(max-width: 507px) 100vw, 507px\" \/><\/p>\n<p>Por su naturaleza intacta, su larga costa solitaria y sus olas ideales para el surf, considero que Playa Grande es un lugar perfecto para quien gusta de la acci\u00f3n, ama la naturaleza y quiera relajarse en una playa especial.<\/p>\n<blockquote><p>Carolina Quesada naci\u00f3 en San Jos\u00e9, Costa Rica el 31 de agosto de 1982. Estudi\u00f3 periodismo en San Jos\u00e9, Bremen, Alemania y Avignon, Francia. Hizo una capacitaci\u00f3n en medios electr\u00f3nicos en la ems\/Electronic Media School en Potsdam. Actualmente trabaja en la radio y televisi\u00f3n alemanas. Vive en Berl\u00edn.<\/p><\/blockquote>\n","protected":false},"excerpt":{"rendered":"<p>La brisa del mar acaricia y refresca la piel h\u00fameda por el agua del mar y el sudor. Me encuentro sentada bajo la refrescante sombra de palmeras de coco y \u00e1rboles de almendro en una playa que parece interminable: Playa Grande de Montezuma en Costa Rica. Mi lugar favorito en todo el mundo. Un lugar [&hellip;]<\/p>\n","protected":false},"author":4,"featured_media":54,"parent":79,"menu_order":2,"comment_status":"open","ping_status":"open","template":"page.php","meta":[],"acf":[],"yoast_head":"<!-- This site is optimized with the Yoast SEO plugin v17.9 - https:\/\/yoast.com\/wordpress\/plugins\/seo\/ -->\n<title>El para\u00edso: Playa Grande de Montezuma - ENCOUNTERS MAGAZINE. By Santacruz International Communication<\/title>\n<meta name=\"description\" content=\"ENCOUNTERS MAGAZINE by Santacruz International Communication invites you to discover engaging people, places and ideas around the globe.\" \/>\n<meta name=\"robots\" content=\"index, follow, max-snippet:-1, max-image-preview:large, max-video-preview:-1\" \/>\n<link rel=\"canonical\" href=\"http:\/\/encounters-magazine.com\/es\/home-page\/el-paraiso-playa-grande-de-montezuma\/\" \/>\n<meta property=\"og:locale\" content=\"es_ES\" \/>\n<meta property=\"og:type\" content=\"article\" \/>\n<meta property=\"og:title\" content=\"El para\u00edso: Playa Grande de Montezuma - ENCOUNTERS MAGAZINE. By Santacruz International Communication\" \/>\n<meta property=\"og:description\" content=\"ENCOUNTERS MAGAZINE by Santacruz International Communication invites you to discover engaging people, places and ideas around the globe.\" \/>\n<meta property=\"og:url\" content=\"http:\/\/encounters-magazine.com\/es\/home-page\/el-paraiso-playa-grande-de-montezuma\/\" \/>\n<meta property=\"og:site_name\" content=\"ES - ENCOUNTERS MAGAZINE\" \/>\n<meta property=\"article:publisher\" content=\"https:\/\/www.facebook.com\/lino.santacruz.5\" \/>\n<meta property=\"og:image\" content=\"http:\/\/encounters-magazine.com\/es\/wp-content\/uploads\/sites\/4\/2013\/03\/Quesada_Portrait1.jpg\" \/>\n\t<meta property=\"og:image:width\" content=\"102\" \/>\n\t<meta property=\"og:image:height\" content=\"80\" \/>\n\t<meta property=\"og:image:type\" content=\"image\/jpeg\" \/>\n<meta name=\"twitter:card\" content=\"summary\" \/>\n<meta name=\"twitter:site\" content=\"@LinoSantacruz\" \/>\n<meta name=\"twitter:label1\" content=\"Tiempo de lectura\" \/>\n\t<meta name=\"twitter:data1\" content=\"4 minutos\" \/>\n<script type=\"application\/ld+json\" class=\"yoast-schema-graph\">{\"@context\":\"https:\/\/schema.org\",\"@graph\":[{\"@type\":\"Organization\",\"@id\":\"https:\/\/encounters-magazine.com\/es\/#organization\",\"name\":\"SANTACRUZ INTERNATIONAL COMMUNICATION\",\"url\":\"https:\/\/encounters-magazine.com\/es\/\",\"sameAs\":[\"https:\/\/www.facebook.com\/lino.santacruz.5\",\"https:\/\/de.linkedin.com\/pub\/lino-santacruz\/a\/806\/417\/de\",\"https:\/\/twitter.com\/LinoSantacruz\"],\"logo\":{\"@type\":\"ImageObject\",\"@id\":\"https:\/\/encounters-magazine.com\/es\/#logo\",\"inLanguage\":\"es\",\"url\":\"http:\/\/encounters-magazine.com\/es\/wp-content\/uploads\/sites\/4\/2015\/10\/sic-logo.png\",\"contentUrl\":\"http:\/\/encounters-magazine.com\/es\/wp-content\/uploads\/sites\/4\/2015\/10\/sic-logo.png\",\"width\":106,\"height\":106,\"caption\":\"SANTACRUZ INTERNATIONAL COMMUNICATION\"},\"image\":{\"@id\":\"https:\/\/encounters-magazine.com\/es\/#logo\"}},{\"@type\":\"WebSite\",\"@id\":\"https:\/\/encounters-magazine.com\/es\/#website\",\"url\":\"https:\/\/encounters-magazine.com\/es\/\",\"name\":\"ES - ENCOUNTERS MAGAZINE\",\"description\":\"\",\"publisher\":{\"@id\":\"https:\/\/encounters-magazine.com\/es\/#organization\"},\"potentialAction\":[{\"@type\":\"SearchAction\",\"target\":{\"@type\":\"EntryPoint\",\"urlTemplate\":\"https:\/\/encounters-magazine.com\/es\/?s={search_term_string}\"},\"query-input\":\"required name=search_term_string\"}],\"inLanguage\":\"es\"},{\"@type\":\"ImageObject\",\"@id\":\"http:\/\/encounters-magazine.com\/es\/home-page\/el-paraiso-playa-grande-de-montezuma\/#primaryimage\",\"inLanguage\":\"es\",\"url\":\"https:\/\/encounters-magazine.com\/es\/wp-content\/uploads\/sites\/4\/2013\/03\/Quesada_Portrait1.jpg\",\"contentUrl\":\"https:\/\/encounters-magazine.com\/es\/wp-content\/uploads\/sites\/4\/2013\/03\/Quesada_Portrait1.jpg\",\"width\":102,\"height\":80,\"caption\":\"Quesada\"},{\"@type\":\"WebPage\",\"@id\":\"http:\/\/encounters-magazine.com\/es\/home-page\/el-paraiso-playa-grande-de-montezuma\/#webpage\",\"url\":\"http:\/\/encounters-magazine.com\/es\/home-page\/el-paraiso-playa-grande-de-montezuma\/\",\"name\":\"El para\\u00edso: Playa Grande de Montezuma - ENCOUNTERS MAGAZINE. By Santacruz International Communication\",\"isPartOf\":{\"@id\":\"https:\/\/encounters-magazine.com\/es\/#website\"},\"primaryImageOfPage\":{\"@id\":\"http:\/\/encounters-magazine.com\/es\/home-page\/el-paraiso-playa-grande-de-montezuma\/#primaryimage\"},\"datePublished\":\"2015-04-16T19:37:21+00:00\",\"dateModified\":\"2015-04-16T19:37:21+00:00\",\"description\":\"ENCOUNTERS MAGAZINE by Santacruz International Communication invites you to discover engaging people, places and ideas around the globe.\",\"breadcrumb\":{\"@id\":\"http:\/\/encounters-magazine.com\/es\/home-page\/el-paraiso-playa-grande-de-montezuma\/#breadcrumb\"},\"inLanguage\":\"es\",\"potentialAction\":[{\"@type\":\"ReadAction\",\"target\":[\"http:\/\/encounters-magazine.com\/es\/home-page\/el-paraiso-playa-grande-de-montezuma\/\"]}]},{\"@type\":\"BreadcrumbList\",\"@id\":\"http:\/\/encounters-magazine.com\/es\/home-page\/el-paraiso-playa-grande-de-montezuma\/#breadcrumb\",\"itemListElement\":[{\"@type\":\"ListItem\",\"position\":1,\"name\":\"Home\",\"item\":\"https:\/\/encounters-magazine.com\/es\/\"},{\"@type\":\"ListItem\",\"position\":2,\"name\":\"Encounters One\",\"item\":\"http:\/\/encounters-magazine.com\/es\/home-page\/\"},{\"@type\":\"ListItem\",\"position\":3,\"name\":\"El para\\u00edso: Playa Grande de Montezuma\"}]}]}<\/script>\n<!-- \/ Yoast SEO plugin. -->","yoast_head_json":{"title":"El para\u00edso: Playa Grande de Montezuma - ENCOUNTERS MAGAZINE. By Santacruz International Communication","description":"ENCOUNTERS MAGAZINE by Santacruz International Communication invites you to discover engaging people, places and ideas around the globe.","robots":{"index":"index","follow":"follow","max-snippet":"max-snippet:-1","max-image-preview":"max-image-preview:large","max-video-preview":"max-video-preview:-1"},"canonical":"http:\/\/encounters-magazine.com\/es\/home-page\/el-paraiso-playa-grande-de-montezuma\/","og_locale":"es_ES","og_type":"article","og_title":"El para\u00edso: Playa Grande de Montezuma - ENCOUNTERS MAGAZINE. By Santacruz International Communication","og_description":"ENCOUNTERS MAGAZINE by Santacruz International Communication invites you to discover engaging people, places and ideas around the globe.","og_url":"http:\/\/encounters-magazine.com\/es\/home-page\/el-paraiso-playa-grande-de-montezuma\/","og_site_name":"ES - ENCOUNTERS MAGAZINE","article_publisher":"https:\/\/www.facebook.com\/lino.santacruz.5","og_image":[{"width":102,"height":80,"url":"http:\/\/encounters-magazine.com\/es\/wp-content\/uploads\/sites\/4\/2013\/03\/Quesada_Portrait1.jpg","type":"image\/jpeg"}],"twitter_card":"summary","twitter_site":"@LinoSantacruz","twitter_misc":{"Tiempo de lectura":"4 minutos"},"schema":{"@context":"https:\/\/schema.org","@graph":[{"@type":"Organization","@id":"https:\/\/encounters-magazine.com\/es\/#organization","name":"SANTACRUZ INTERNATIONAL COMMUNICATION","url":"https:\/\/encounters-magazine.com\/es\/","sameAs":["https:\/\/www.facebook.com\/lino.santacruz.5","https:\/\/de.linkedin.com\/pub\/lino-santacruz\/a\/806\/417\/de","https:\/\/twitter.com\/LinoSantacruz"],"logo":{"@type":"ImageObject","@id":"https:\/\/encounters-magazine.com\/es\/#logo","inLanguage":"es","url":"http:\/\/encounters-magazine.com\/es\/wp-content\/uploads\/sites\/4\/2015\/10\/sic-logo.png","contentUrl":"http:\/\/encounters-magazine.com\/es\/wp-content\/uploads\/sites\/4\/2015\/10\/sic-logo.png","width":106,"height":106,"caption":"SANTACRUZ INTERNATIONAL COMMUNICATION"},"image":{"@id":"https:\/\/encounters-magazine.com\/es\/#logo"}},{"@type":"WebSite","@id":"https:\/\/encounters-magazine.com\/es\/#website","url":"https:\/\/encounters-magazine.com\/es\/","name":"ES - ENCOUNTERS MAGAZINE","description":"","publisher":{"@id":"https:\/\/encounters-magazine.com\/es\/#organization"},"potentialAction":[{"@type":"SearchAction","target":{"@type":"EntryPoint","urlTemplate":"https:\/\/encounters-magazine.com\/es\/?s={search_term_string}"},"query-input":"required name=search_term_string"}],"inLanguage":"es"},{"@type":"ImageObject","@id":"http:\/\/encounters-magazine.com\/es\/home-page\/el-paraiso-playa-grande-de-montezuma\/#primaryimage","inLanguage":"es","url":"https:\/\/encounters-magazine.com\/es\/wp-content\/uploads\/sites\/4\/2013\/03\/Quesada_Portrait1.jpg","contentUrl":"https:\/\/encounters-magazine.com\/es\/wp-content\/uploads\/sites\/4\/2013\/03\/Quesada_Portrait1.jpg","width":102,"height":80,"caption":"Quesada"},{"@type":"WebPage","@id":"http:\/\/encounters-magazine.com\/es\/home-page\/el-paraiso-playa-grande-de-montezuma\/#webpage","url":"http:\/\/encounters-magazine.com\/es\/home-page\/el-paraiso-playa-grande-de-montezuma\/","name":"El para\u00edso: Playa Grande de Montezuma - ENCOUNTERS MAGAZINE. By Santacruz International Communication","isPartOf":{"@id":"https:\/\/encounters-magazine.com\/es\/#website"},"primaryImageOfPage":{"@id":"http:\/\/encounters-magazine.com\/es\/home-page\/el-paraiso-playa-grande-de-montezuma\/#primaryimage"},"datePublished":"2015-04-16T19:37:21+00:00","dateModified":"2015-04-16T19:37:21+00:00","description":"ENCOUNTERS MAGAZINE by Santacruz International Communication invites you to discover engaging people, places and ideas around the globe.","breadcrumb":{"@id":"http:\/\/encounters-magazine.com\/es\/home-page\/el-paraiso-playa-grande-de-montezuma\/#breadcrumb"},"inLanguage":"es","potentialAction":[{"@type":"ReadAction","target":["http:\/\/encounters-magazine.com\/es\/home-page\/el-paraiso-playa-grande-de-montezuma\/"]}]},{"@type":"BreadcrumbList","@id":"http:\/\/encounters-magazine.com\/es\/home-page\/el-paraiso-playa-grande-de-montezuma\/#breadcrumb","itemListElement":[{"@type":"ListItem","position":1,"name":"Home","item":"https:\/\/encounters-magazine.com\/es\/"},{"@type":"ListItem","position":2,"name":"Encounters One","item":"http:\/\/encounters-magazine.com\/es\/home-page\/"},{"@type":"ListItem","position":3,"name":"El para\u00edso: Playa Grande de Montezuma"}]}]}},"_links":{"self":[{"href":"https:\/\/encounters-magazine.com\/es\/wp-json\/wp\/v2\/pages\/1130"}],"collection":[{"href":"https:\/\/encounters-magazine.com\/es\/wp-json\/wp\/v2\/pages"}],"about":[{"href":"https:\/\/encounters-magazine.com\/es\/wp-json\/wp\/v2\/types\/page"}],"author":[{"embeddable":true,"href":"https:\/\/encounters-magazine.com\/es\/wp-json\/wp\/v2\/users\/4"}],"replies":[{"embeddable":true,"href":"https:\/\/encounters-magazine.com\/es\/wp-json\/wp\/v2\/comments?post=1130"}],"version-history":[{"count":1,"href":"https:\/\/encounters-magazine.com\/es\/wp-json\/wp\/v2\/pages\/1130\/revisions"}],"predecessor-version":[{"id":1131,"href":"https:\/\/encounters-magazine.com\/es\/wp-json\/wp\/v2\/pages\/1130\/revisions\/1131"}],"up":[{"embeddable":true,"href":"https:\/\/encounters-magazine.com\/es\/wp-json\/wp\/v2\/pages\/79"}],"wp:featuredmedia":[{"embeddable":true,"href":"https:\/\/encounters-magazine.com\/es\/wp-json\/wp\/v2\/media\/54"}],"wp:attachment":[{"href":"https:\/\/encounters-magazine.com\/es\/wp-json\/wp\/v2\/media?parent=1130"}],"curies":[{"name":"wp","href":"https:\/\/api.w.org\/{rel}","templated":true}]}}