{"id":1121,"date":"2015-04-15T21:36:30","date_gmt":"2015-04-15T21:36:30","guid":{"rendered":"http:\/\/encounters-magazine.com\/en\/?page_id=1121"},"modified":"2015-04-15T21:37:47","modified_gmt":"2015-04-15T21:37:47","slug":"in-a-village-in-la-mancha-almagro","status":"publish","type":"page","link":"https:\/\/encounters-magazine.com\/en\/encounters-five\/in-a-village-in-la-mancha-almagro\/","title":{"rendered":"In a village in La Mancha &#8230; Almagro"},"content":{"rendered":"<p>Although we weren&#8217;t riding horses, our trip was reminiscent of an adventure with Don Quixote and Sancho Panza \u2013 along deserted paths between vineyards and grain fields, past the windmills of La Mancha silhouetted on an endless horizon.<\/p>\n<p>Our travels took us to Almagro, the site of a cultural treasure that is definitely worth a visit: the Corral de Comedias. This is the only theatre left intact from the Spanish Golden Age and it is still used today for stage productions. The town of Almagro is situated about 125 miles south of Madrid in the Spanish province of Ciudad Real.<\/p>\n<p><img loading=\"lazy\" src=\"http:\/\/encounters-magazine.com\/en\/wp-content\/uploads\/sites\/3\/2013\/07\/moraleda_1.jpg\" alt=\"moraleda_1\" width=\"507\" height=\"252\" class=\"alignnone size-full wp-image-389\" srcset=\"https:\/\/encounters-magazine.com\/en\/wp-content\/uploads\/sites\/3\/2013\/07\/moraleda_1.jpg 507w, https:\/\/encounters-magazine.com\/en\/wp-content\/uploads\/sites\/3\/2013\/07\/moraleda_1-300x149.jpg 300w\" sizes=\"(max-width: 507px) 100vw, 507px\" \/><\/p>\n<p>Strolling through the cobblestone streets, the air is filled with history every step of the way. The atmosphere makes it easy to look back four centuries and imagine the noble families, farmers, merchants and landowners who lived here. This city was once the home of the Order of Calatrava and many of the order&#8217;s mansions, monasteries and palaces have been well preserved.<\/p>\n<p>The winding streets of Almagro lead us to the Plaza Mayor in the town center. Emerald green glass galleries above Tuscan porticos flank two sides of the plaza in an architectural style that is unique in Central Europe and Spain. The town hall at one end of the square faces a landscaped garden with a statue of Don Diego de Almagro at the other end. A Spanish conquistador in Peru and Chile, Almagro was the first European to land in Bolivia. <\/p>\n<p><img loading=\"lazy\" src=\"http:\/\/encounters-magazine.com\/en\/wp-content\/uploads\/sites\/3\/2013\/07\/moraleda_2.jpg\" alt=\"moraleda_2\" width=\"507\" height=\"328\" class=\"alignnone size-full wp-image-390\" srcset=\"https:\/\/encounters-magazine.com\/en\/wp-content\/uploads\/sites\/3\/2013\/07\/moraleda_2.jpg 507w, https:\/\/encounters-magazine.com\/en\/wp-content\/uploads\/sites\/3\/2013\/07\/moraleda_2-300x194.jpg 300w\" sizes=\"(max-width: 507px) 100vw, 507px\" \/><\/p>\n<p>We were eager to find the main attraction on the square, the Corral de Comedias. Situated in the courtyard of a plebeian house, the Baroque theatre was built by Leonardo de Oviedo in 1628. Back in those days, comedy was the word used to describe all secular theatre pieces. Of course plays from other genres were also performed here, including works by Lope de Vega, Tirso de Molina and Mateo Alem\u00e1n. <\/p>\n<p>The word &#8220;Almagro&#8221; comes from Arabic and means reddish clay. This is the color of the 54 wooden loges on the two upper levels of the theatre. In a region blessed with generous amounts of sunshine, the whitewashed walls create a natural lighting that brings the stage to life.<\/p>\n<p><img loading=\"lazy\" src=\"http:\/\/encounters-magazine.com\/en\/wp-content\/uploads\/sites\/3\/2013\/07\/moraleda_3.jpg\" alt=\"moraleda_3\" width=\"507\" height=\"337\" class=\"alignnone size-full wp-image-391\" srcset=\"https:\/\/encounters-magazine.com\/en\/wp-content\/uploads\/sites\/3\/2013\/07\/moraleda_3.jpg 507w, https:\/\/encounters-magazine.com\/en\/wp-content\/uploads\/sites\/3\/2013\/07\/moraleda_3-300x199.jpg 300w\" sizes=\"(max-width: 507px) 100vw, 507px\" \/><\/p>\n<p>In Spain&#8217;s culturally-rich Golden Age, the courtyards of the houses and restaurants served as places where different social classes enjoyed entertainment \u2013 together, but never mixed. In the courtyards, beneath the stone arches, less wealthy men \u2013 &#8220;Mosqueteros&#8221; \u2013 watched the show. Their applause or critical whistling determined the success or failure of the dramatic presentations \u2013 which usually lasted for up to four hours.<br \/>\nUpper class citizens sat on both sides of the galleries. Seats on the upper level were reserved for members of the aristocracy, who could watch the play without being seen. Women were typically seated in the &#8220;cazuelas,&#8221; the center galleries offering a direct view of the stage.<\/p>\n<p>July is a good month to visit Almagro. This is when the annual Festival Internacional de Teatro Cl\u00e1sico takes place on no less than 16 historical stages.<\/p>\n<p><img loading=\"lazy\" src=\"http:\/\/encounters-magazine.com\/en\/wp-content\/uploads\/sites\/3\/2013\/07\/moraleda_4.jpg\" alt=\"moraleda_4\" width=\"507\" height=\"338\" class=\"alignnone size-full wp-image-392\" srcset=\"https:\/\/encounters-magazine.com\/en\/wp-content\/uploads\/sites\/3\/2013\/07\/moraleda_4.jpg 507w, https:\/\/encounters-magazine.com\/en\/wp-content\/uploads\/sites\/3\/2013\/07\/moraleda_4-300x200.jpg 300w\" sizes=\"(max-width: 507px) 100vw, 507px\" \/><\/p>\n<p>Along St. Augustine, one of the main streets leading into town, we see a woman sitting on the ground nimbly working with needles and different yarns. She&#8217;s making lace be needlepoint, a tradition handed down from mother to daughter over the centuries. Only the customers have changed. Today, the unique handwork is typically purchased by tourists from all over the world.<\/p>\n<p>We need not visit the &#8220;Museo del Encaje y Blonda&#8221; lace museum. The collections of Se\u00f1ora Mar\u00eda and her sister, accompanied by wonderful tales, seem like a museum to us. According to these ladies, lace making in Almagro started with the arrival of Flemish settlers from the Netherlands and dates back to Carlos I. However, it is pointed that this craft was mentioned prior to the 16th century according to the writings of Cervantes.<br \/>\nAlmagro has been declared an art-historical heritage site \u2013 and this comes as no surprise when you see the magnificent gates of the Convento de la Asunci\u00f3n de Calatrava monastery, or the palaces of the Marquis of Torremej\u00eda and the Earl of Valdepara\u00edso. <\/p>\n<p><img loading=\"lazy\" src=\"http:\/\/encounters-magazine.com\/en\/wp-content\/uploads\/sites\/3\/2013\/07\/moraleda_5.jpg\" alt=\"moraleda_5\" width=\"507\" height=\"338\" class=\"alignnone size-full wp-image-393\" srcset=\"https:\/\/encounters-magazine.com\/en\/wp-content\/uploads\/sites\/3\/2013\/07\/moraleda_5.jpg 507w, https:\/\/encounters-magazine.com\/en\/wp-content\/uploads\/sites\/3\/2013\/07\/moraleda_5-300x200.jpg 300w\" sizes=\"(max-width: 507px) 100vw, 507px\" \/><\/p>\n<p>Following a delicious lunch break with Manchego cheese, aubergines from Almagro and a glass of wine from the region, we cross Federico Relimpio, the street where Pedro Almod\u00f3var shot the film &#8220;Volver.&#8221; After completing the last film scene, Almod\u00f3var wrote:<\/p>\n<p>&#8220;I love the barrenness of these streets, the cobblestones, the windows with iron gratings, devoid of flower pots or decorations of any kind. The dark foundations, the intense daylight\u2026&#8221;<\/p>\n<p>We have reached the end of our journey, but we&#8217;ll be back!<\/p>\n<p><img loading=\"lazy\" src=\"http:\/\/encounters-magazine.com\/en\/wp-content\/uploads\/sites\/3\/2013\/07\/moraleda_6.jpg\" alt=\"moraleda_6\" width=\"507\" height=\"338\" class=\"alignnone size-full wp-image-394\" srcset=\"https:\/\/encounters-magazine.com\/en\/wp-content\/uploads\/sites\/3\/2013\/07\/moraleda_6.jpg 507w, https:\/\/encounters-magazine.com\/en\/wp-content\/uploads\/sites\/3\/2013\/07\/moraleda_6-300x200.jpg 300w\" sizes=\"(max-width: 507px) 100vw, 507px\" \/><\/p>\n<blockquote><p>Mar\u00eda Luz Moraleda was born on August 26, 1988 in Herencia, La Mancha. She studied Journalism and audiovisual communication at the University Carlos III in Madrid and at the University of Central Lancashire, England. She has lived and worked in Berlin since September 2012.<\/p><\/blockquote>\n","protected":false},"excerpt":{"rendered":"<p>Although we weren&#8217;t riding horses, our trip was reminiscent of an adventure with Don Quixote and Sancho Panza \u2013 along deserted paths between vineyards and grain fields, past the windmills of La Mancha silhouetted on an endless horizon. Our travels took us to Almagro, the site of a cultural treasure that is definitely worth a [&hellip;]<\/p>\n","protected":false},"author":4,"featured_media":388,"parent":402,"menu_order":2,"comment_status":"open","ping_status":"open","template":"page.php","meta":[],"acf":[],"yoast_head":"<!-- This site is optimized with the Yoast SEO plugin v17.9 - https:\/\/yoast.com\/wordpress\/plugins\/seo\/ -->\n<title>In a village in La Mancha ... Almagro - ENCOUNTERS MAGAZINE. Santacruz International Communication<\/title>\n<meta name=\"description\" content=\"ENCOUNTERS MAGAZINE by Santacruz International Communication invites you to discover exciting people, places and ideas around the globe.\" \/>\n<meta name=\"robots\" content=\"index, follow, max-snippet:-1, max-image-preview:large, max-video-preview:-1\" \/>\n<link rel=\"canonical\" href=\"http:\/\/encounters-magazine.com\/en\/encounters-five\/in-a-village-in-la-mancha-almagro\/\" \/>\n<meta property=\"og:locale\" content=\"en_US\" \/>\n<meta property=\"og:type\" content=\"article\" \/>\n<meta property=\"og:title\" content=\"In a village in La Mancha ... Almagro - ENCOUNTERS MAGAZINE. Santacruz International Communication\" \/>\n<meta property=\"og:description\" content=\"ENCOUNTERS MAGAZINE by Santacruz International Communication invites you to discover exciting people, places and ideas around the globe.\" \/>\n<meta property=\"og:url\" content=\"http:\/\/encounters-magazine.com\/en\/encounters-five\/in-a-village-in-la-mancha-almagro\/\" \/>\n<meta property=\"og:site_name\" content=\"EN - ENCOUNTERS MAGAZINE\" \/>\n<meta property=\"article:publisher\" content=\"https:\/\/www.facebook.com\/lino.santacruz.5\" \/>\n<meta property=\"article:modified_time\" content=\"2015-04-15T21:37:47+00:00\" \/>\n<meta property=\"og:image\" content=\"http:\/\/encounters-magazine.com\/en\/wp-content\/uploads\/sites\/3\/2013\/07\/moraleda_portrait.jpg\" \/>\n\t<meta property=\"og:image:width\" content=\"100\" \/>\n\t<meta property=\"og:image:height\" content=\"80\" \/>\n\t<meta property=\"og:image:type\" content=\"image\/jpeg\" \/>\n<meta name=\"twitter:card\" content=\"summary\" \/>\n<meta name=\"twitter:site\" content=\"@LinoSantacruz\" \/>\n<meta name=\"twitter:label1\" content=\"Est. reading time\" \/>\n\t<meta name=\"twitter:data1\" content=\"4 minutes\" \/>\n<script type=\"application\/ld+json\" class=\"yoast-schema-graph\">{\"@context\":\"https:\/\/schema.org\",\"@graph\":[{\"@type\":\"Organization\",\"@id\":\"http:\/\/encounters-magazine.com\/en\/#organization\",\"name\":\"SANTACRUZ INTERNATIONAL COMMUNICATION\",\"url\":\"http:\/\/encounters-magazine.com\/en\/\",\"sameAs\":[\"https:\/\/www.facebook.com\/lino.santacruz.5\",\"https:\/\/de.linkedin.com\/pub\/lino-santacruz\/a\/806\/417\/de\",\"https:\/\/twitter.com\/LinoSantacruz\"],\"logo\":{\"@type\":\"ImageObject\",\"@id\":\"http:\/\/encounters-magazine.com\/en\/#logo\",\"inLanguage\":\"en-US\",\"url\":\"http:\/\/encounters-magazine.com\/en\/wp-content\/uploads\/sites\/3\/2015\/10\/sic-logo.png\",\"contentUrl\":\"http:\/\/encounters-magazine.com\/en\/wp-content\/uploads\/sites\/3\/2015\/10\/sic-logo.png\",\"width\":106,\"height\":106,\"caption\":\"SANTACRUZ INTERNATIONAL COMMUNICATION\"},\"image\":{\"@id\":\"http:\/\/encounters-magazine.com\/en\/#logo\"}},{\"@type\":\"WebSite\",\"@id\":\"http:\/\/encounters-magazine.com\/en\/#website\",\"url\":\"http:\/\/encounters-magazine.com\/en\/\",\"name\":\"EN - ENCOUNTERS MAGAZINE\",\"description\":\"\",\"publisher\":{\"@id\":\"http:\/\/encounters-magazine.com\/en\/#organization\"},\"potentialAction\":[{\"@type\":\"SearchAction\",\"target\":{\"@type\":\"EntryPoint\",\"urlTemplate\":\"http:\/\/encounters-magazine.com\/en\/?s={search_term_string}\"},\"query-input\":\"required name=search_term_string\"}],\"inLanguage\":\"en-US\"},{\"@type\":\"ImageObject\",\"@id\":\"http:\/\/encounters-magazine.com\/en\/encounters-five\/in-a-village-in-la-mancha-almagro\/#primaryimage\",\"inLanguage\":\"en-US\",\"url\":\"https:\/\/encounters-magazine.com\/en\/wp-content\/uploads\/sites\/3\/2013\/07\/moraleda_portrait.jpg\",\"contentUrl\":\"https:\/\/encounters-magazine.com\/en\/wp-content\/uploads\/sites\/3\/2013\/07\/moraleda_portrait.jpg\",\"width\":100,\"height\":80,\"caption\":\"Mar\\u00eda Luz Moraleda\"},{\"@type\":\"WebPage\",\"@id\":\"http:\/\/encounters-magazine.com\/en\/encounters-five\/in-a-village-in-la-mancha-almagro\/#webpage\",\"url\":\"http:\/\/encounters-magazine.com\/en\/encounters-five\/in-a-village-in-la-mancha-almagro\/\",\"name\":\"In a village in La Mancha ... Almagro - ENCOUNTERS MAGAZINE. Santacruz International Communication\",\"isPartOf\":{\"@id\":\"http:\/\/encounters-magazine.com\/en\/#website\"},\"primaryImageOfPage\":{\"@id\":\"http:\/\/encounters-magazine.com\/en\/encounters-five\/in-a-village-in-la-mancha-almagro\/#primaryimage\"},\"datePublished\":\"2015-04-15T21:36:30+00:00\",\"dateModified\":\"2015-04-15T21:37:47+00:00\",\"description\":\"ENCOUNTERS MAGAZINE by Santacruz International Communication invites you to discover exciting people, places and ideas around the globe.\",\"breadcrumb\":{\"@id\":\"http:\/\/encounters-magazine.com\/en\/encounters-five\/in-a-village-in-la-mancha-almagro\/#breadcrumb\"},\"inLanguage\":\"en-US\",\"potentialAction\":[{\"@type\":\"ReadAction\",\"target\":[\"http:\/\/encounters-magazine.com\/en\/encounters-five\/in-a-village-in-la-mancha-almagro\/\"]}]},{\"@type\":\"BreadcrumbList\",\"@id\":\"http:\/\/encounters-magazine.com\/en\/encounters-five\/in-a-village-in-la-mancha-almagro\/#breadcrumb\",\"itemListElement\":[{\"@type\":\"ListItem\",\"position\":1,\"name\":\"Home\",\"item\":\"http:\/\/encounters-magazine.com\/en\/\"},{\"@type\":\"ListItem\",\"position\":2,\"name\":\"Encounters Five\",\"item\":\"https:\/\/encounters-magazine.com\/en\/encounters-five\/\"},{\"@type\":\"ListItem\",\"position\":3,\"name\":\"In a village in La Mancha &#8230; Almagro\"}]}]}<\/script>\n<!-- \/ Yoast SEO plugin. -->","yoast_head_json":{"title":"In a village in La Mancha ... Almagro - ENCOUNTERS MAGAZINE. Santacruz International Communication","description":"ENCOUNTERS MAGAZINE by Santacruz International Communication invites you to discover exciting people, places and ideas around the globe.","robots":{"index":"index","follow":"follow","max-snippet":"max-snippet:-1","max-image-preview":"max-image-preview:large","max-video-preview":"max-video-preview:-1"},"canonical":"http:\/\/encounters-magazine.com\/en\/encounters-five\/in-a-village-in-la-mancha-almagro\/","og_locale":"en_US","og_type":"article","og_title":"In a village in La Mancha ... Almagro - ENCOUNTERS MAGAZINE. Santacruz International Communication","og_description":"ENCOUNTERS MAGAZINE by Santacruz International Communication invites you to discover exciting people, places and ideas around the globe.","og_url":"http:\/\/encounters-magazine.com\/en\/encounters-five\/in-a-village-in-la-mancha-almagro\/","og_site_name":"EN - ENCOUNTERS MAGAZINE","article_publisher":"https:\/\/www.facebook.com\/lino.santacruz.5","article_modified_time":"2015-04-15T21:37:47+00:00","og_image":[{"width":100,"height":80,"url":"http:\/\/encounters-magazine.com\/en\/wp-content\/uploads\/sites\/3\/2013\/07\/moraleda_portrait.jpg","type":"image\/jpeg"}],"twitter_card":"summary","twitter_site":"@LinoSantacruz","twitter_misc":{"Est. reading time":"4 minutes"},"schema":{"@context":"https:\/\/schema.org","@graph":[{"@type":"Organization","@id":"http:\/\/encounters-magazine.com\/en\/#organization","name":"SANTACRUZ INTERNATIONAL COMMUNICATION","url":"http:\/\/encounters-magazine.com\/en\/","sameAs":["https:\/\/www.facebook.com\/lino.santacruz.5","https:\/\/de.linkedin.com\/pub\/lino-santacruz\/a\/806\/417\/de","https:\/\/twitter.com\/LinoSantacruz"],"logo":{"@type":"ImageObject","@id":"http:\/\/encounters-magazine.com\/en\/#logo","inLanguage":"en-US","url":"http:\/\/encounters-magazine.com\/en\/wp-content\/uploads\/sites\/3\/2015\/10\/sic-logo.png","contentUrl":"http:\/\/encounters-magazine.com\/en\/wp-content\/uploads\/sites\/3\/2015\/10\/sic-logo.png","width":106,"height":106,"caption":"SANTACRUZ INTERNATIONAL COMMUNICATION"},"image":{"@id":"http:\/\/encounters-magazine.com\/en\/#logo"}},{"@type":"WebSite","@id":"http:\/\/encounters-magazine.com\/en\/#website","url":"http:\/\/encounters-magazine.com\/en\/","name":"EN - ENCOUNTERS MAGAZINE","description":"","publisher":{"@id":"http:\/\/encounters-magazine.com\/en\/#organization"},"potentialAction":[{"@type":"SearchAction","target":{"@type":"EntryPoint","urlTemplate":"http:\/\/encounters-magazine.com\/en\/?s={search_term_string}"},"query-input":"required name=search_term_string"}],"inLanguage":"en-US"},{"@type":"ImageObject","@id":"http:\/\/encounters-magazine.com\/en\/encounters-five\/in-a-village-in-la-mancha-almagro\/#primaryimage","inLanguage":"en-US","url":"https:\/\/encounters-magazine.com\/en\/wp-content\/uploads\/sites\/3\/2013\/07\/moraleda_portrait.jpg","contentUrl":"https:\/\/encounters-magazine.com\/en\/wp-content\/uploads\/sites\/3\/2013\/07\/moraleda_portrait.jpg","width":100,"height":80,"caption":"Mar\u00eda Luz Moraleda"},{"@type":"WebPage","@id":"http:\/\/encounters-magazine.com\/en\/encounters-five\/in-a-village-in-la-mancha-almagro\/#webpage","url":"http:\/\/encounters-magazine.com\/en\/encounters-five\/in-a-village-in-la-mancha-almagro\/","name":"In a village in La Mancha ... Almagro - ENCOUNTERS MAGAZINE. Santacruz International Communication","isPartOf":{"@id":"http:\/\/encounters-magazine.com\/en\/#website"},"primaryImageOfPage":{"@id":"http:\/\/encounters-magazine.com\/en\/encounters-five\/in-a-village-in-la-mancha-almagro\/#primaryimage"},"datePublished":"2015-04-15T21:36:30+00:00","dateModified":"2015-04-15T21:37:47+00:00","description":"ENCOUNTERS MAGAZINE by Santacruz International Communication invites you to discover exciting people, places and ideas around the globe.","breadcrumb":{"@id":"http:\/\/encounters-magazine.com\/en\/encounters-five\/in-a-village-in-la-mancha-almagro\/#breadcrumb"},"inLanguage":"en-US","potentialAction":[{"@type":"ReadAction","target":["http:\/\/encounters-magazine.com\/en\/encounters-five\/in-a-village-in-la-mancha-almagro\/"]}]},{"@type":"BreadcrumbList","@id":"http:\/\/encounters-magazine.com\/en\/encounters-five\/in-a-village-in-la-mancha-almagro\/#breadcrumb","itemListElement":[{"@type":"ListItem","position":1,"name":"Home","item":"http:\/\/encounters-magazine.com\/en\/"},{"@type":"ListItem","position":2,"name":"Encounters Five","item":"https:\/\/encounters-magazine.com\/en\/encounters-five\/"},{"@type":"ListItem","position":3,"name":"In a village in La Mancha &#8230; Almagro"}]}]}},"_links":{"self":[{"href":"https:\/\/encounters-magazine.com\/en\/wp-json\/wp\/v2\/pages\/1121"}],"collection":[{"href":"https:\/\/encounters-magazine.com\/en\/wp-json\/wp\/v2\/pages"}],"about":[{"href":"https:\/\/encounters-magazine.com\/en\/wp-json\/wp\/v2\/types\/page"}],"author":[{"embeddable":true,"href":"https:\/\/encounters-magazine.com\/en\/wp-json\/wp\/v2\/users\/4"}],"replies":[{"embeddable":true,"href":"https:\/\/encounters-magazine.com\/en\/wp-json\/wp\/v2\/comments?post=1121"}],"version-history":[{"count":2,"href":"https:\/\/encounters-magazine.com\/en\/wp-json\/wp\/v2\/pages\/1121\/revisions"}],"predecessor-version":[{"id":1123,"href":"https:\/\/encounters-magazine.com\/en\/wp-json\/wp\/v2\/pages\/1121\/revisions\/1123"}],"up":[{"embeddable":true,"href":"https:\/\/encounters-magazine.com\/en\/wp-json\/wp\/v2\/pages\/402"}],"wp:featuredmedia":[{"embeddable":true,"href":"https:\/\/encounters-magazine.com\/en\/wp-json\/wp\/v2\/media\/388"}],"wp:attachment":[{"href":"https:\/\/encounters-magazine.com\/en\/wp-json\/wp\/v2\/media?parent=1121"}],"curies":[{"name":"wp","href":"https:\/\/api.w.org\/{rel}","templated":true}]}}