{"id":36,"date":"2013-03-12T15:01:16","date_gmt":"2013-03-12T13:01:16","guid":{"rendered":"http:\/\/sic.sevenminds.de\/de\/?page_id=36"},"modified":"2022-01-21T22:33:44","modified_gmt":"2022-01-21T21:33:44","slug":"kontakt","status":"publish","type":"page","link":"https:\/\/encounters-magazine.com\/de\/kontakt\/","title":{"rendered":"Kontakt"},"content":{"rendered":"<h2>Santacruz International Communication<\/h2>\n<p>Lino Santacruz Moctezuma<br \/>\nThe Residence General<br \/>\nMathenge, Apt. A-3, Spring Valley<br \/>\n40497-00100, Nairobi, Kenya<br \/>\nE-Mail: <a href=\"mailto:mail@santacruz-ic.com\">mail@santacruz-ic.com<\/a><\/p>\n<h3>Impressum<\/h3>\n<p>Inhaltliche Verantwortung: Dr. Lino Santacruz Moctezuma<\/p>\n<p>Gestaltung: Paul Bieri, dia<br \/>\n<a href=\"http:\/\/www.diaberlin.de\" target=\"_blank\" rel=\"noopener\">www.diaberlin.de<\/a><\/p>\n<p>\u00dcbersetzung: Text International GmbH<br \/>\n<a href=\"http:\/\/www.textinternational.com\" target=\"_blank\" rel=\"noopener\">www.textinternational.com<\/a><\/p>\n<p>Programmierung: Sebastian Klammer<br \/>\n<a href=\"https:\/\/sebastian-klammer.de\/\" target=\"_blank\" rel=\"noopener\">www.sebastian-klammer.de<\/a><\/p>\n<p>Fotos Projekte: Andreas S\u00fc\u00df<br \/>\nFoto Lino Santacruz: Xaver Schneider<\/p>\n<h3>Rechtliche Hinweise<\/h3>\n<p>Inhalte:<br \/>\nDie Inhalte dieser Website werden mit gr\u00f6\u00dftm\u00f6glicher Sorgfalt recherchiert. Gleichwohl \u00fcbernimmt der Anbieter keine Haftung f\u00fcr die Richtigkeit, Vollst\u00e4ndigkeit und Aktualit\u00e4t der bereit gestellten Informationen. Die Beitr\u00e4ge geben nur die Meinung des jeweiligen Autors wieder.<\/p>\n<p>Rechte:<br \/>\nJede vom Urheberrechtsgesetz nicht zugelassene Verwertung der auf dieser Website ver\u00f6ffentlichten Beitr\u00e4ge und Abbildungen bedarf vorheriger schriftlicher Zustimmung des Anbieters. Dies gilt insbesondere f\u00fcr Vervielf\u00e4ltigung, Bearbeitung, \u00dcbersetzung, Einspeicherung, Verarbeitung bzw. Wiedergabe von Inhalten in Datenbanken oder anderen elektronischen Medien und Systemen.<\/p>\n<p>\u00a9 Santacruz International Communication, 2015<\/p>\n","protected":false},"excerpt":{"rendered":"<p>Santacruz International Communication Lino Santacruz Moctezuma The Residence General Mathenge, Apt. A-3, Spring Valley 40497-00100, Nairobi, Kenya E-Mail: mail@santacruz-ic.com Impressum Inhaltliche Verantwortung: Dr. Lino Santacruz Moctezuma Gestaltung: Paul Bieri, dia www.diaberlin.de \u00dcbersetzung: Text International GmbH www.textinternational.com Programmierung: Sebastian Klammer www.sebastian-klammer.de Fotos Projekte: Andreas S\u00fc\u00df Foto Lino Santacruz: Xaver Schneider Rechtliche Hinweise Inhalte: Die Inhalte dieser [&hellip;]<\/p>\n","protected":false},"author":1,"featured_media":70,"parent":0,"menu_order":0,"comment_status":"closed","ping_status":"closed","template":"","meta":[],"acf":[],"yoast_head":"<!-- This site is optimized with the Yoast SEO plugin v17.9 - https:\/\/yoast.com\/wordpress\/plugins\/seo\/ -->\n<meta name=\"description\" content=\"Das ENCOUNTERS MAGAZINE von Santacruz International Communication l\u00e4dt Sie ein zu Entdeckungen rund um den Globus: Orte, Menschen und Philosophien.\" \/>\n<meta name=\"robots\" content=\"index, follow, max-snippet:-1, max-image-preview:large, max-video-preview:-1\" \/>\n<link rel=\"canonical\" href=\"https:\/\/encounters-magazine.com\/de\/kontakt\/\" \/>\n<meta property=\"og:locale\" content=\"de_DE\" \/>\n<meta property=\"og:type\" content=\"article\" \/>\n<meta property=\"og:title\" content=\"Kontakt - ENCOUNTERS MAGAZINE. Santacruz International Communication\" \/>\n<meta property=\"og:description\" content=\"Das ENCOUNTERS MAGAZINE von Santacruz International Communication l\u00e4dt Sie ein zu Entdeckungen rund um den Globus: Orte, Menschen und Philosophien.\" \/>\n<meta property=\"og:url\" content=\"https:\/\/encounters-magazine.com\/de\/kontakt\/\" \/>\n<meta property=\"og:site_name\" content=\"DE - ENCOUNTERS MAGAZINE\" \/>\n<meta property=\"article:publisher\" content=\"https:\/\/www.facebook.com\/lino.santacruz.5\" \/>\n<meta property=\"article:modified_time\" content=\"2022-01-21T21:33:44+00:00\" \/>\n<meta property=\"og:image\" content=\"https:\/\/encounters-magazine.com\/de\/wp-content\/uploads\/sites\/2\/2013\/03\/Santacruz_Portrait1.jpg\" \/>\n\t<meta property=\"og:image:width\" content=\"104\" \/>\n\t<meta property=\"og:image:height\" content=\"78\" \/>\n\t<meta property=\"og:image:type\" content=\"image\/jpeg\" \/>\n<meta name=\"twitter:card\" content=\"summary\" \/>\n<meta name=\"twitter:site\" content=\"@LinoSantacruz\" \/>\n<meta name=\"twitter:label1\" content=\"Gesch\u00e4tzte Lesezeit\" \/>\n\t<meta name=\"twitter:data1\" content=\"1\u00a0Minute\" \/>\n<script type=\"application\/ld+json\" class=\"yoast-schema-graph\">{\"@context\":\"https:\/\/schema.org\",\"@graph\":[{\"@type\":\"WebSite\",\"@id\":\"https:\/\/encounters-magazine.com\/de\/#website\",\"url\":\"https:\/\/encounters-magazine.com\/de\/\",\"name\":\"DE - ENCOUNTERS MAGAZINE\",\"description\":\"\",\"potentialAction\":[{\"@type\":\"SearchAction\",\"target\":{\"@type\":\"EntryPoint\",\"urlTemplate\":\"https:\/\/encounters-magazine.com\/de\/?s={search_term_string}\"},\"query-input\":\"required name=search_term_string\"}],\"inLanguage\":\"de\"},{\"@type\":\"ImageObject\",\"@id\":\"https:\/\/encounters-magazine.com\/de\/kontakt\/#primaryimage\",\"inLanguage\":\"de\",\"url\":\"https:\/\/encounters-magazine.com\/de\/wp-content\/uploads\/sites\/2\/2013\/03\/Santacruz_Portrait1.jpg\",\"contentUrl\":\"https:\/\/encounters-magazine.com\/de\/wp-content\/uploads\/sites\/2\/2013\/03\/Santacruz_Portrait1.jpg\",\"width\":104,\"height\":78},{\"@type\":\"WebPage\",\"@id\":\"https:\/\/encounters-magazine.com\/de\/kontakt\/#webpage\",\"url\":\"https:\/\/encounters-magazine.com\/de\/kontakt\/\",\"name\":\"Kontakt - ENCOUNTERS MAGAZINE. Santacruz International Communication\",\"isPartOf\":{\"@id\":\"https:\/\/encounters-magazine.com\/de\/#website\"},\"primaryImageOfPage\":{\"@id\":\"https:\/\/encounters-magazine.com\/de\/kontakt\/#primaryimage\"},\"datePublished\":\"2013-03-12T13:01:16+00:00\",\"dateModified\":\"2022-01-21T21:33:44+00:00\",\"description\":\"Das ENCOUNTERS MAGAZINE von Santacruz International Communication l\\u00e4dt Sie ein zu Entdeckungen rund um den Globus: Orte, Menschen und Philosophien.\",\"breadcrumb\":{\"@id\":\"https:\/\/encounters-magazine.com\/de\/kontakt\/#breadcrumb\"},\"inLanguage\":\"de\",\"potentialAction\":[{\"@type\":\"ReadAction\",\"target\":[\"https:\/\/encounters-magazine.com\/de\/kontakt\/\"]}]},{\"@type\":\"BreadcrumbList\",\"@id\":\"https:\/\/encounters-magazine.com\/de\/kontakt\/#breadcrumb\",\"itemListElement\":[{\"@type\":\"ListItem\",\"position\":1,\"name\":\"Startseite\",\"item\":\"https:\/\/encounters-magazine.com\/de\/\"},{\"@type\":\"ListItem\",\"position\":2,\"name\":\"Kontakt\"}]}]}<\/script>\n<!-- \/ Yoast SEO plugin. -->","yoast_head_json":{"description":"Das ENCOUNTERS MAGAZINE von Santacruz International Communication l\u00e4dt Sie ein zu Entdeckungen rund um den Globus: Orte, Menschen und Philosophien.","robots":{"index":"index","follow":"follow","max-snippet":"max-snippet:-1","max-image-preview":"max-image-preview:large","max-video-preview":"max-video-preview:-1"},"canonical":"https:\/\/encounters-magazine.com\/de\/kontakt\/","og_locale":"de_DE","og_type":"article","og_title":"Kontakt - ENCOUNTERS MAGAZINE. Santacruz International Communication","og_description":"Das ENCOUNTERS MAGAZINE von Santacruz International Communication l\u00e4dt Sie ein zu Entdeckungen rund um den Globus: Orte, Menschen und Philosophien.","og_url":"https:\/\/encounters-magazine.com\/de\/kontakt\/","og_site_name":"DE - ENCOUNTERS MAGAZINE","article_publisher":"https:\/\/www.facebook.com\/lino.santacruz.5","article_modified_time":"2022-01-21T21:33:44+00:00","og_image":[{"width":104,"height":78,"url":"https:\/\/encounters-magazine.com\/de\/wp-content\/uploads\/sites\/2\/2013\/03\/Santacruz_Portrait1.jpg","type":"image\/jpeg"}],"twitter_card":"summary","twitter_site":"@LinoSantacruz","twitter_misc":{"Gesch\u00e4tzte Lesezeit":"1\u00a0Minute"},"schema":{"@context":"https:\/\/schema.org","@graph":[{"@type":"WebSite","@id":"https:\/\/encounters-magazine.com\/de\/#website","url":"https:\/\/encounters-magazine.com\/de\/","name":"DE - ENCOUNTERS MAGAZINE","description":"","potentialAction":[{"@type":"SearchAction","target":{"@type":"EntryPoint","urlTemplate":"https:\/\/encounters-magazine.com\/de\/?s={search_term_string}"},"query-input":"required name=search_term_string"}],"inLanguage":"de"},{"@type":"ImageObject","@id":"https:\/\/encounters-magazine.com\/de\/kontakt\/#primaryimage","inLanguage":"de","url":"https:\/\/encounters-magazine.com\/de\/wp-content\/uploads\/sites\/2\/2013\/03\/Santacruz_Portrait1.jpg","contentUrl":"https:\/\/encounters-magazine.com\/de\/wp-content\/uploads\/sites\/2\/2013\/03\/Santacruz_Portrait1.jpg","width":104,"height":78},{"@type":"WebPage","@id":"https:\/\/encounters-magazine.com\/de\/kontakt\/#webpage","url":"https:\/\/encounters-magazine.com\/de\/kontakt\/","name":"Kontakt - ENCOUNTERS MAGAZINE. Santacruz International Communication","isPartOf":{"@id":"https:\/\/encounters-magazine.com\/de\/#website"},"primaryImageOfPage":{"@id":"https:\/\/encounters-magazine.com\/de\/kontakt\/#primaryimage"},"datePublished":"2013-03-12T13:01:16+00:00","dateModified":"2022-01-21T21:33:44+00:00","description":"Das ENCOUNTERS MAGAZINE von Santacruz International Communication l\u00e4dt Sie ein zu Entdeckungen rund um den Globus: Orte, Menschen und Philosophien.","breadcrumb":{"@id":"https:\/\/encounters-magazine.com\/de\/kontakt\/#breadcrumb"},"inLanguage":"de","potentialAction":[{"@type":"ReadAction","target":["https:\/\/encounters-magazine.com\/de\/kontakt\/"]}]},{"@type":"BreadcrumbList","@id":"https:\/\/encounters-magazine.com\/de\/kontakt\/#breadcrumb","itemListElement":[{"@type":"ListItem","position":1,"name":"Startseite","item":"https:\/\/encounters-magazine.com\/de\/"},{"@type":"ListItem","position":2,"name":"Kontakt"}]}]}},"_links":{"self":[{"href":"https:\/\/encounters-magazine.com\/de\/wp-json\/wp\/v2\/pages\/36"}],"collection":[{"href":"https:\/\/encounters-magazine.com\/de\/wp-json\/wp\/v2\/pages"}],"about":[{"href":"https:\/\/encounters-magazine.com\/de\/wp-json\/wp\/v2\/types\/page"}],"author":[{"embeddable":true,"href":"https:\/\/encounters-magazine.com\/de\/wp-json\/wp\/v2\/users\/1"}],"replies":[{"embeddable":true,"href":"https:\/\/encounters-magazine.com\/de\/wp-json\/wp\/v2\/comments?post=36"}],"version-history":[{"count":24,"href":"https:\/\/encounters-magazine.com\/de\/wp-json\/wp\/v2\/pages\/36\/revisions"}],"predecessor-version":[{"id":1536,"href":"https:\/\/encounters-magazine.com\/de\/wp-json\/wp\/v2\/pages\/36\/revisions\/1536"}],"wp:featuredmedia":[{"embeddable":true,"href":"https:\/\/encounters-magazine.com\/de\/wp-json\/wp\/v2\/media\/70"}],"wp:attachment":[{"href":"https:\/\/encounters-magazine.com\/de\/wp-json\/wp\/v2\/media?parent=36"}],"curies":[{"name":"wp","href":"https:\/\/api.w.org\/{rel}","templated":true}]}}