{"id":1368,"date":"2015-04-15T20:25:58","date_gmt":"2015-04-15T20:25:58","guid":{"rendered":"http:\/\/encounters-magazine.com\/de\/?page_id=1368"},"modified":"2022-01-21T22:34:52","modified_gmt":"2022-01-21T21:34:52","slug":"impressum","status":"publish","type":"page","link":"https:\/\/encounters-magazine.com\/de\/encounters-one\/impressum\/","title":{"rendered":"Impressum"},"content":{"rendered":"<p>Herausgeber: Dr. Lino Santacruz Moctezuma<br \/>\nThe Residence General<br \/>\nMathenge, Apt. A-3, Spring Valley<br \/>\n40497-00100, Nairobi, Kenya<\/p>\n<p>Autoren: Olivia Martinez, Rene Meinhardt, Carolina Quesada, Lino Santacruz<\/p>\n<p>Gestaltung: Paul Bieri, dia<br \/>\n<a href=\"http:\/\/www.diaberlin.de\" target=\"_blank\" rel=\"noopener\">www.diaberlin.de<\/a><\/p>\n<p>Programmierung: Sebastian Klammer<br \/>\n<a title=\"Webdesign Berlin\" href=\"https:\/\/sebastian-klammer.de\/de\/\" target=\"_blank\" rel=\"noopener\">sebastian-klammer.de<\/a><\/p>\n<p>Video &#8222;Creative minds. Today with Valentina Torrado&#8220;: Rodrigo Vazquez<br \/>\n<a href=\"http:\/\/www.rodrigovazquez.com\" target=\"_blank\" rel=\"noopener\">www.rodrigovazquez.com<\/a><\/p>\n<p>\u00dcbersetzung: Text International GmbH<br \/>\n<a href=\"http:\/\/www.textinternational.com\" target=\"_blank\" rel=\"noopener\">www.textinternational.com<\/a><br \/>\nSusann Barahona<\/p>\n<p>Bildnachweis<br \/>\nBilder teilen, Orte entdecken: Lino Santacruz<br \/>\nGlobal working generation: Balance Magazine, Joey Solano (Portrait)<br \/>\nEine Reise wert: Nefertiti Ingalls (Bild 4), Alexandra Quesada (Bild 3), Carolina Quesada (Bild 1 und 2), Kai-Erik von Ahn (Portrait)<br \/>\nMeine Ideen f\u00fcr eine bessere Welt: Lino Santacruz<\/p>\n<h2>Rechtliche Hinweise<\/h2>\n<p>Inhalte:<br \/>\nDie Inhalte dieser Website werden mit gr\u00f6\u00dftm\u00f6glicher Sorgfalt recherchiert. Gleichwohl \u00fcbernimmt der Anbieter keine Haftung f\u00fcr die Richtigkeit, Vollst\u00e4ndigkeit und Aktualit\u00e4t der bereit gestellten Informationen. Die Beitr\u00e4ge geben nur die Meinung des jeweiligen Autors wieder.<\/p>\n<p>Rechte:<br \/>\nJede vom Urheberrechtsgesetz nicht zugelassene Verwertung der auf dieser Website ver\u00f6ffentlichten Beitr\u00e4ge und Abbildungen bedarf vorheriger schriftlicher Zustimmung des Anbieters. Dies gilt insbesondere f\u00fcr Vervielf\u00e4ltigung, Bearbeitung, \u00dcbersetzung, Einspeicherung, Verarbeitung bzw. Wiedergabe von Inhalten in Datenbanken oder anderen elektronischen Medien und Systemen.<\/p>\n<p>\u00a9 Santacruz International Communication, 2013<\/p>\n","protected":false},"excerpt":{"rendered":"<p>Herausgeber: Dr. Lino Santacruz Moctezuma The Residence General Mathenge, Apt. A-3, Spring Valley 40497-00100, Nairobi, Kenya Autoren: Olivia Martinez, Rene Meinhardt, Carolina Quesada, Lino Santacruz Gestaltung: Paul Bieri, dia www.diaberlin.de Programmierung: Sebastian Klammer sebastian-klammer.de Video &#8222;Creative minds. Today with Valentina Torrado&#8220;: Rodrigo Vazquez www.rodrigovazquez.com \u00dcbersetzung: Text International GmbH www.textinternational.com Susann Barahona Bildnachweis Bilder teilen, Orte [&hellip;]<\/p>\n","protected":false},"author":4,"featured_media":0,"parent":1248,"menu_order":6,"comment_status":"open","ping_status":"open","template":"page_no_title.php","meta":[],"acf":[],"yoast_head":"<!-- This site is optimized with the Yoast SEO plugin v17.9 - https:\/\/yoast.com\/wordpress\/plugins\/seo\/ -->\n<meta name=\"description\" content=\"Das ENCOUNTERS MAGAZINE von Santacruz International Communication l\u00e4dt Sie ein zu Entdeckungen rund um den Globus: Orte, Menschen und Philosophien.\" \/>\n<meta name=\"robots\" content=\"index, follow, max-snippet:-1, max-image-preview:large, max-video-preview:-1\" \/>\n<link rel=\"canonical\" href=\"https:\/\/encounters-magazine.com\/de\/encounters-one\/impressum\/\" \/>\n<meta property=\"og:locale\" content=\"de_DE\" \/>\n<meta property=\"og:type\" content=\"article\" \/>\n<meta property=\"og:title\" content=\"Impressum - ENCOUNTERS MAGAZINE. Santacruz International Communication\" \/>\n<meta property=\"og:description\" content=\"Das ENCOUNTERS MAGAZINE von Santacruz International Communication l\u00e4dt Sie ein zu Entdeckungen rund um den Globus: Orte, Menschen und Philosophien.\" \/>\n<meta property=\"og:url\" content=\"https:\/\/encounters-magazine.com\/de\/encounters-one\/impressum\/\" \/>\n<meta property=\"og:site_name\" content=\"DE - ENCOUNTERS MAGAZINE\" \/>\n<meta property=\"article:publisher\" content=\"https:\/\/www.facebook.com\/lino.santacruz.5\" \/>\n<meta property=\"article:modified_time\" content=\"2022-01-21T21:34:52+00:00\" \/>\n<meta property=\"og:image\" content=\"http:\/\/encounters-magazine.com\/de\/wp-content\/uploads\/sites\/2\/2015\/10\/sic-logo.png\" \/>\n<meta name=\"twitter:card\" content=\"summary\" \/>\n<meta name=\"twitter:site\" content=\"@LinoSantacruz\" \/>\n<meta name=\"twitter:label1\" content=\"Gesch\u00e4tzte Lesezeit\" \/>\n\t<meta name=\"twitter:data1\" content=\"2\u00a0Minuten\" \/>\n<script type=\"application\/ld+json\" class=\"yoast-schema-graph\">{\"@context\":\"https:\/\/schema.org\",\"@graph\":[{\"@type\":\"WebSite\",\"@id\":\"https:\/\/encounters-magazine.com\/de\/#website\",\"url\":\"https:\/\/encounters-magazine.com\/de\/\",\"name\":\"DE - ENCOUNTERS MAGAZINE\",\"description\":\"\",\"potentialAction\":[{\"@type\":\"SearchAction\",\"target\":{\"@type\":\"EntryPoint\",\"urlTemplate\":\"https:\/\/encounters-magazine.com\/de\/?s={search_term_string}\"},\"query-input\":\"required name=search_term_string\"}],\"inLanguage\":\"de\"},{\"@type\":\"WebPage\",\"@id\":\"https:\/\/encounters-magazine.com\/de\/encounters-one\/impressum\/#webpage\",\"url\":\"https:\/\/encounters-magazine.com\/de\/encounters-one\/impressum\/\",\"name\":\"Impressum - ENCOUNTERS MAGAZINE. Santacruz International Communication\",\"isPartOf\":{\"@id\":\"https:\/\/encounters-magazine.com\/de\/#website\"},\"datePublished\":\"2015-04-15T20:25:58+00:00\",\"dateModified\":\"2022-01-21T21:34:52+00:00\",\"description\":\"Das ENCOUNTERS MAGAZINE von Santacruz International Communication l\\u00e4dt Sie ein zu Entdeckungen rund um den Globus: Orte, Menschen und Philosophien.\",\"breadcrumb\":{\"@id\":\"https:\/\/encounters-magazine.com\/de\/encounters-one\/impressum\/#breadcrumb\"},\"inLanguage\":\"de\",\"potentialAction\":[{\"@type\":\"ReadAction\",\"target\":[\"https:\/\/encounters-magazine.com\/de\/encounters-one\/impressum\/\"]}]},{\"@type\":\"BreadcrumbList\",\"@id\":\"https:\/\/encounters-magazine.com\/de\/encounters-one\/impressum\/#breadcrumb\",\"itemListElement\":[{\"@type\":\"ListItem\",\"position\":1,\"name\":\"Startseite\",\"item\":\"https:\/\/encounters-magazine.com\/de\/\"},{\"@type\":\"ListItem\",\"position\":2,\"name\":\"Encounters One\",\"item\":\"https:\/\/encounters-magazine.com\/de\/encounters-one\/\"},{\"@type\":\"ListItem\",\"position\":3,\"name\":\"Impressum\"}]}]}<\/script>\n<!-- \/ Yoast SEO plugin. -->","yoast_head_json":{"description":"Das ENCOUNTERS MAGAZINE von Santacruz International Communication l\u00e4dt Sie ein zu Entdeckungen rund um den Globus: Orte, Menschen und Philosophien.","robots":{"index":"index","follow":"follow","max-snippet":"max-snippet:-1","max-image-preview":"max-image-preview:large","max-video-preview":"max-video-preview:-1"},"canonical":"https:\/\/encounters-magazine.com\/de\/encounters-one\/impressum\/","og_locale":"de_DE","og_type":"article","og_title":"Impressum - ENCOUNTERS MAGAZINE. Santacruz International Communication","og_description":"Das ENCOUNTERS MAGAZINE von Santacruz International Communication l\u00e4dt Sie ein zu Entdeckungen rund um den Globus: Orte, Menschen und Philosophien.","og_url":"https:\/\/encounters-magazine.com\/de\/encounters-one\/impressum\/","og_site_name":"DE - ENCOUNTERS MAGAZINE","article_publisher":"https:\/\/www.facebook.com\/lino.santacruz.5","article_modified_time":"2022-01-21T21:34:52+00:00","og_image":[{"url":"http:\/\/encounters-magazine.com\/de\/wp-content\/uploads\/sites\/2\/2015\/10\/sic-logo.png"}],"twitter_card":"summary","twitter_site":"@LinoSantacruz","twitter_misc":{"Gesch\u00e4tzte Lesezeit":"2\u00a0Minuten"},"schema":{"@context":"https:\/\/schema.org","@graph":[{"@type":"WebSite","@id":"https:\/\/encounters-magazine.com\/de\/#website","url":"https:\/\/encounters-magazine.com\/de\/","name":"DE - ENCOUNTERS MAGAZINE","description":"","potentialAction":[{"@type":"SearchAction","target":{"@type":"EntryPoint","urlTemplate":"https:\/\/encounters-magazine.com\/de\/?s={search_term_string}"},"query-input":"required name=search_term_string"}],"inLanguage":"de"},{"@type":"WebPage","@id":"https:\/\/encounters-magazine.com\/de\/encounters-one\/impressum\/#webpage","url":"https:\/\/encounters-magazine.com\/de\/encounters-one\/impressum\/","name":"Impressum - ENCOUNTERS MAGAZINE. Santacruz International Communication","isPartOf":{"@id":"https:\/\/encounters-magazine.com\/de\/#website"},"datePublished":"2015-04-15T20:25:58+00:00","dateModified":"2022-01-21T21:34:52+00:00","description":"Das ENCOUNTERS MAGAZINE von Santacruz International Communication l\u00e4dt Sie ein zu Entdeckungen rund um den Globus: Orte, Menschen und Philosophien.","breadcrumb":{"@id":"https:\/\/encounters-magazine.com\/de\/encounters-one\/impressum\/#breadcrumb"},"inLanguage":"de","potentialAction":[{"@type":"ReadAction","target":["https:\/\/encounters-magazine.com\/de\/encounters-one\/impressum\/"]}]},{"@type":"BreadcrumbList","@id":"https:\/\/encounters-magazine.com\/de\/encounters-one\/impressum\/#breadcrumb","itemListElement":[{"@type":"ListItem","position":1,"name":"Startseite","item":"https:\/\/encounters-magazine.com\/de\/"},{"@type":"ListItem","position":2,"name":"Encounters One","item":"https:\/\/encounters-magazine.com\/de\/encounters-one\/"},{"@type":"ListItem","position":3,"name":"Impressum"}]}]}},"_links":{"self":[{"href":"https:\/\/encounters-magazine.com\/de\/wp-json\/wp\/v2\/pages\/1368"}],"collection":[{"href":"https:\/\/encounters-magazine.com\/de\/wp-json\/wp\/v2\/pages"}],"about":[{"href":"https:\/\/encounters-magazine.com\/de\/wp-json\/wp\/v2\/types\/page"}],"author":[{"embeddable":true,"href":"https:\/\/encounters-magazine.com\/de\/wp-json\/wp\/v2\/users\/4"}],"replies":[{"embeddable":true,"href":"https:\/\/encounters-magazine.com\/de\/wp-json\/wp\/v2\/comments?post=1368"}],"version-history":[{"count":4,"href":"https:\/\/encounters-magazine.com\/de\/wp-json\/wp\/v2\/pages\/1368\/revisions"}],"predecessor-version":[{"id":1537,"href":"https:\/\/encounters-magazine.com\/de\/wp-json\/wp\/v2\/pages\/1368\/revisions\/1537"}],"up":[{"embeddable":true,"href":"https:\/\/encounters-magazine.com\/de\/wp-json\/wp\/v2\/pages\/1248"}],"wp:attachment":[{"href":"https:\/\/encounters-magazine.com\/de\/wp-json\/wp\/v2\/media?parent=1368"}],"curies":[{"name":"wp","href":"https:\/\/api.w.org\/{rel}","templated":true}]}}