{"id":1359,"date":"2015-04-15T20:22:13","date_gmt":"2015-04-15T20:22:13","guid":{"rendered":"http:\/\/encounters-magazine.com\/de\/?page_id=1359"},"modified":"2022-01-21T22:32:25","modified_gmt":"2022-01-21T21:32:25","slug":"impressum","status":"publish","type":"page","link":"https:\/\/encounters-magazine.com\/de\/encounters-five\/impressum\/","title":{"rendered":"Impressum"},"content":{"rendered":"<p>Herausgeber: Dr. Lino Santacruz Moctezuma<br \/>\nThe Residence General<br \/>\nMathenge, Apt. A-3, Spring Valley<br \/>\n40497-00100, Nairobi, Kenya<\/p>\n<p>Autoren: Mar\u00eda Luz Moraleda, Carlos de Vega, Ioana Navarrete, Lino Santacruz<\/p>\n<p>Gestaltung: Paul Bieri, dia<br \/>\n<a href=\"http:\/\/www.diaberlin.de\" target=\"_blank\" rel=\"noopener\">www.diaberlin.de<\/a><\/p>\n<p>Programmierung: Sebastian Klammer<br \/>\n<a title=\"Webdesign Berlin\" href=\"https:\/\/sebastian-klammer.de\/\" target=\"_blank\" rel=\"noopener\">sebastian-klammer.de<\/a><\/p>\n<p>Video &#8222;Creative minds. Today with Sandra Sabanero&#8220;: Rodrigo Vazquez<\/p>\n<p>\u00dcbersetzung: Text International GmbH<\/p>\n<p>Bildnachweis<br \/>\nBilder teilen, Orte entdecken: Lino Santacruz<br \/>\nEine Reise wert: Ana Caballero, Guillermo Casas, Mariangeles Correal, Rebeca Hern\u00e1ndez Alonso, Pablo G. Sarompas<br \/>\nGlobal working generation: Carlos de Vega<br \/>\nMeine Ideen f\u00fcr eine bessere Welt: Ioana Navarrete<\/p>\n<h2>Rechtliche Hinweise<\/h2>\n<p>Inhalte:<br \/>\nDie Inhalte dieser Website werden mit gr\u00f6\u00dftm\u00f6glicher Sorgfalt recherchiert. Gleichwohl \u00fcbernimmt der Anbieter keine Haftung f\u00fcr die Richtigkeit, Vollst\u00e4ndigkeit und Aktualit\u00e4t der bereit gestellten Informationen. Die Beitr\u00e4ge geben nur die Meinung des jeweiligen Autors wieder.<\/p>\n<p>Rechte:<br \/>\nJede vom Urheberrechtsgesetz nicht zugelassene Verwertung der auf dieser Website ver\u00f6ffentlichten Beitr\u00e4ge und Abbildungen bedarf vorheriger schriftlicher Zustimmung des Anbieters. Dies gilt insbesondere f\u00fcr Vervielf\u00e4ltigung, Bearbeitung, \u00dcbersetzung, Einspeicherung, Verarbeitung bzw. Wiedergabe von Inhalten in Datenbanken oder anderen elektronischen Medien und Systemen.<\/p>\n<p>\u00a9 Santacruz International Communication, 2013<\/p>\n","protected":false},"excerpt":{"rendered":"<p>Herausgeber: Dr. Lino Santacruz Moctezuma The Residence General Mathenge, Apt. A-3, Spring Valley 40497-00100, Nairobi, Kenya Autoren: Mar\u00eda Luz Moraleda, Carlos de Vega, Ioana Navarrete, Lino Santacruz Gestaltung: Paul Bieri, dia www.diaberlin.de Programmierung: Sebastian Klammer sebastian-klammer.de Video &#8222;Creative minds. Today with Sandra Sabanero&#8220;: Rodrigo Vazquez \u00dcbersetzung: Text International GmbH Bildnachweis Bilder teilen, Orte entdecken: Lino [&hellip;]<\/p>\n","protected":false},"author":4,"featured_media":0,"parent":506,"menu_order":6,"comment_status":"open","ping_status":"open","template":"page_no_title.php","meta":[],"acf":[],"yoast_head":"<!-- This site is optimized with the Yoast SEO plugin v17.9 - https:\/\/yoast.com\/wordpress\/plugins\/seo\/ -->\n<meta name=\"description\" content=\"Das ENCOUNTERS MAGAZINE von Santacruz International Communication l\u00e4dt Sie ein zu Entdeckungen rund um den Globus: Orte, Menschen und Philosophien.\" \/>\n<meta name=\"robots\" content=\"index, follow, max-snippet:-1, max-image-preview:large, max-video-preview:-1\" \/>\n<link rel=\"canonical\" href=\"https:\/\/encounters-magazine.com\/de\/encounters-five\/impressum\/\" \/>\n<meta property=\"og:locale\" content=\"de_DE\" \/>\n<meta property=\"og:type\" content=\"article\" \/>\n<meta property=\"og:title\" content=\"Impressum - ENCOUNTERS MAGAZINE. Santacruz International Communication\" \/>\n<meta property=\"og:description\" content=\"Das ENCOUNTERS MAGAZINE von Santacruz International Communication l\u00e4dt Sie ein zu Entdeckungen rund um den Globus: Orte, Menschen und Philosophien.\" \/>\n<meta property=\"og:url\" content=\"https:\/\/encounters-magazine.com\/de\/encounters-five\/impressum\/\" \/>\n<meta property=\"og:site_name\" content=\"DE - ENCOUNTERS MAGAZINE\" \/>\n<meta property=\"article:publisher\" content=\"https:\/\/www.facebook.com\/lino.santacruz.5\" \/>\n<meta property=\"article:modified_time\" content=\"2022-01-21T21:32:25+00:00\" \/>\n<meta property=\"og:image\" content=\"http:\/\/encounters-magazine.com\/de\/wp-content\/uploads\/sites\/2\/2015\/10\/sic-logo.png\" \/>\n<meta name=\"twitter:card\" content=\"summary\" \/>\n<meta name=\"twitter:site\" content=\"@LinoSantacruz\" \/>\n<meta name=\"twitter:label1\" content=\"Gesch\u00e4tzte Lesezeit\" \/>\n\t<meta name=\"twitter:data1\" content=\"1\u00a0Minute\" \/>\n<script type=\"application\/ld+json\" class=\"yoast-schema-graph\">{\"@context\":\"https:\/\/schema.org\",\"@graph\":[{\"@type\":\"WebSite\",\"@id\":\"https:\/\/encounters-magazine.com\/de\/#website\",\"url\":\"https:\/\/encounters-magazine.com\/de\/\",\"name\":\"DE - ENCOUNTERS MAGAZINE\",\"description\":\"\",\"potentialAction\":[{\"@type\":\"SearchAction\",\"target\":{\"@type\":\"EntryPoint\",\"urlTemplate\":\"https:\/\/encounters-magazine.com\/de\/?s={search_term_string}\"},\"query-input\":\"required name=search_term_string\"}],\"inLanguage\":\"de\"},{\"@type\":\"WebPage\",\"@id\":\"https:\/\/encounters-magazine.com\/de\/encounters-five\/impressum\/#webpage\",\"url\":\"https:\/\/encounters-magazine.com\/de\/encounters-five\/impressum\/\",\"name\":\"Impressum - ENCOUNTERS MAGAZINE. Santacruz International Communication\",\"isPartOf\":{\"@id\":\"https:\/\/encounters-magazine.com\/de\/#website\"},\"datePublished\":\"2015-04-15T20:22:13+00:00\",\"dateModified\":\"2022-01-21T21:32:25+00:00\",\"description\":\"Das ENCOUNTERS MAGAZINE von Santacruz International Communication l\\u00e4dt Sie ein zu Entdeckungen rund um den Globus: Orte, Menschen und Philosophien.\",\"breadcrumb\":{\"@id\":\"https:\/\/encounters-magazine.com\/de\/encounters-five\/impressum\/#breadcrumb\"},\"inLanguage\":\"de\",\"potentialAction\":[{\"@type\":\"ReadAction\",\"target\":[\"https:\/\/encounters-magazine.com\/de\/encounters-five\/impressum\/\"]}]},{\"@type\":\"BreadcrumbList\",\"@id\":\"https:\/\/encounters-magazine.com\/de\/encounters-five\/impressum\/#breadcrumb\",\"itemListElement\":[{\"@type\":\"ListItem\",\"position\":1,\"name\":\"Startseite\",\"item\":\"https:\/\/encounters-magazine.com\/de\/\"},{\"@type\":\"ListItem\",\"position\":2,\"name\":\"Encounters Five\",\"item\":\"https:\/\/encounters-magazine.com\/de\/encounters-five\/\"},{\"@type\":\"ListItem\",\"position\":3,\"name\":\"Impressum\"}]}]}<\/script>\n<!-- \/ Yoast SEO plugin. -->","yoast_head_json":{"description":"Das ENCOUNTERS MAGAZINE von Santacruz International Communication l\u00e4dt Sie ein zu Entdeckungen rund um den Globus: Orte, Menschen und Philosophien.","robots":{"index":"index","follow":"follow","max-snippet":"max-snippet:-1","max-image-preview":"max-image-preview:large","max-video-preview":"max-video-preview:-1"},"canonical":"https:\/\/encounters-magazine.com\/de\/encounters-five\/impressum\/","og_locale":"de_DE","og_type":"article","og_title":"Impressum - ENCOUNTERS MAGAZINE. Santacruz International Communication","og_description":"Das ENCOUNTERS MAGAZINE von Santacruz International Communication l\u00e4dt Sie ein zu Entdeckungen rund um den Globus: Orte, Menschen und Philosophien.","og_url":"https:\/\/encounters-magazine.com\/de\/encounters-five\/impressum\/","og_site_name":"DE - ENCOUNTERS MAGAZINE","article_publisher":"https:\/\/www.facebook.com\/lino.santacruz.5","article_modified_time":"2022-01-21T21:32:25+00:00","og_image":[{"url":"http:\/\/encounters-magazine.com\/de\/wp-content\/uploads\/sites\/2\/2015\/10\/sic-logo.png"}],"twitter_card":"summary","twitter_site":"@LinoSantacruz","twitter_misc":{"Gesch\u00e4tzte Lesezeit":"1\u00a0Minute"},"schema":{"@context":"https:\/\/schema.org","@graph":[{"@type":"WebSite","@id":"https:\/\/encounters-magazine.com\/de\/#website","url":"https:\/\/encounters-magazine.com\/de\/","name":"DE - ENCOUNTERS MAGAZINE","description":"","potentialAction":[{"@type":"SearchAction","target":{"@type":"EntryPoint","urlTemplate":"https:\/\/encounters-magazine.com\/de\/?s={search_term_string}"},"query-input":"required name=search_term_string"}],"inLanguage":"de"},{"@type":"WebPage","@id":"https:\/\/encounters-magazine.com\/de\/encounters-five\/impressum\/#webpage","url":"https:\/\/encounters-magazine.com\/de\/encounters-five\/impressum\/","name":"Impressum - ENCOUNTERS MAGAZINE. Santacruz International Communication","isPartOf":{"@id":"https:\/\/encounters-magazine.com\/de\/#website"},"datePublished":"2015-04-15T20:22:13+00:00","dateModified":"2022-01-21T21:32:25+00:00","description":"Das ENCOUNTERS MAGAZINE von Santacruz International Communication l\u00e4dt Sie ein zu Entdeckungen rund um den Globus: Orte, Menschen und Philosophien.","breadcrumb":{"@id":"https:\/\/encounters-magazine.com\/de\/encounters-five\/impressum\/#breadcrumb"},"inLanguage":"de","potentialAction":[{"@type":"ReadAction","target":["https:\/\/encounters-magazine.com\/de\/encounters-five\/impressum\/"]}]},{"@type":"BreadcrumbList","@id":"https:\/\/encounters-magazine.com\/de\/encounters-five\/impressum\/#breadcrumb","itemListElement":[{"@type":"ListItem","position":1,"name":"Startseite","item":"https:\/\/encounters-magazine.com\/de\/"},{"@type":"ListItem","position":2,"name":"Encounters Five","item":"https:\/\/encounters-magazine.com\/de\/encounters-five\/"},{"@type":"ListItem","position":3,"name":"Impressum"}]}]}},"_links":{"self":[{"href":"https:\/\/encounters-magazine.com\/de\/wp-json\/wp\/v2\/pages\/1359"}],"collection":[{"href":"https:\/\/encounters-magazine.com\/de\/wp-json\/wp\/v2\/pages"}],"about":[{"href":"https:\/\/encounters-magazine.com\/de\/wp-json\/wp\/v2\/types\/page"}],"author":[{"embeddable":true,"href":"https:\/\/encounters-magazine.com\/de\/wp-json\/wp\/v2\/users\/4"}],"replies":[{"embeddable":true,"href":"https:\/\/encounters-magazine.com\/de\/wp-json\/wp\/v2\/comments?post=1359"}],"version-history":[{"count":5,"href":"https:\/\/encounters-magazine.com\/de\/wp-json\/wp\/v2\/pages\/1359\/revisions"}],"predecessor-version":[{"id":1534,"href":"https:\/\/encounters-magazine.com\/de\/wp-json\/wp\/v2\/pages\/1359\/revisions\/1534"}],"up":[{"embeddable":true,"href":"https:\/\/encounters-magazine.com\/de\/wp-json\/wp\/v2\/pages\/506"}],"wp:attachment":[{"href":"https:\/\/encounters-magazine.com\/de\/wp-json\/wp\/v2\/media?parent=1359"}],"curies":[{"name":"wp","href":"https:\/\/api.w.org\/{rel}","templated":true}]}}