{"id":1331,"date":"2015-04-15T18:34:12","date_gmt":"2015-04-15T18:34:12","guid":{"rendered":"http:\/\/encounters-magazine.com\/de\/?page_id=1331"},"modified":"2015-04-18T08:55:34","modified_gmt":"2015-04-18T06:55:34","slug":"stroke-und-mein-caddy","status":"publish","type":"page","link":"https:\/\/encounters-magazine.com\/de\/encounters-six\/stroke-und-mein-caddy\/","title":{"rendered":"&#8222;Stroke&#8220; und mein Caddy"},"content":{"rendered":"<p>Nicht h\u00e4ufig kann man behaupten, dass einem ein Auto das Leben gerettet hat.  Aber vielleicht k\u00f6nnte ich das sogar so ausdr\u00fccken.<\/p>\n<p>In den 1970er Jahren, als ich mich noch zwischen meinen aufgereihten Spielzeugautos schlafen legte, begann sich meine Leidenschaft f\u00fcr Autos zu entwickeln. Als sch\u00fcchterner Junge fand ich Trost und Geborgenheit in der Besch\u00e4ftigung mit Autos, und ihre beruhigende Wirkung half mir oft im Kampf gegen Sozialphobien und meine bipolare St\u00f6rung \u2013 ein Kampf, der mich ein Leben lang begleiten w\u00fcrde. Im Auto meines Vaters mitzufahren war ein echter Nervenkitzel f\u00fcr mich. <\/p>\n<p><img loading=\"lazy\" src=\"https:\/\/encounters-magazine.com\/de\/wp-content\/uploads\/sites\/2\/2013\/08\/McGreneghan_1.jpg\" alt=\"McGreneghan_1\" width=\"507\" height=\"304\" class=\"alignnone size-full wp-image-543\" srcset=\"https:\/\/encounters-magazine.com\/de\/wp-content\/uploads\/sites\/2\/2013\/08\/McGreneghan_1.jpg 507w, https:\/\/encounters-magazine.com\/de\/wp-content\/uploads\/sites\/2\/2013\/08\/McGreneghan_1-300x179.jpg 300w\" sizes=\"(max-width: 507px) 100vw, 507px\" \/><\/p>\n<p>Mein Vater besa\u00df im Laufe der Jahre ein paar tolle Autos. Ich habe wundervolle Erinnerungen an unsere Ausfl\u00fcge nach Schottland, wo wir unsere Verwandten besuchten. In der Morgend\u00e4mmerung fuhren wir zuhause in Lancashire los und weiter \u00fcber leere Landstra\u00dfen und Autobahnen. Auf diesen Reisen konnte ich in eine andere Welt eintauchen, weit weg von lauten Klassenzimmern und Spielpl\u00e4tzen, wo meine Sch\u00fcchternheit mich oft genug zur Zielscheibe der Schikanen der anderen Kinder machte. Ich verstand nicht, warum sie mich hassten. W\u00e4hrend ich mich ein ums andere Mal aus einem Schwitzkasten zu befreien versuchte, fragte ich mich, warum nicht alle nett zueinander sein und sich einfach \u00fcber Autos unterhalten k\u00f6nnten. <\/p>\n<p>Ich konnte es kaum erwarten, mit der Schule fertig zu werden und zu arbeiten, um mir irgendwann mein Traumauto kaufen zu k\u00f6nnen. Mein Berufsweg war l\u00e4ngst vorgezeichnet, und meiner Rechnung zufolge w\u00fcrde es drei Jahre dauern, bis ich mir mein Auto leisten k\u00f6nnen w\u00fcrde. In der Firma meines Vaters, in der Jalousien hergestellt wurden, fing ich zun\u00e4chst in der Fertigung an, um mich nach und nach im Familiengesch\u00e4ft hochzuarbeiten. Aber unser Leben sollte sich schlagartig \u00e4ndern.<\/p>\n<p>Im Alter von nur 44 Jahren erlitt mein Vater nach einer mehrere Monate anhaltenden ungekl\u00e4rten Krankeit eine Gehirnblutung. Ich war gerade 16 geworden. Damals wusste ich das nicht, aber mein Vater litt schon etwa zwei Jahre vor dem Aneurysma unter \u00dcbelkeit und Kopfschmerzen. Mein Vater erholte sich nur sehr langsam wieder, und w\u00e4hrend dieser Zeit verkaufte sein bester Freund und Gesch\u00e4ftspartner die Firma, und machte sich aus dem Staub, woraufhin meine Familie auf der Stra\u00dfe sa\u00df. <\/p>\n<p>Mein Vater hatte au\u00dfer seiner Gesundheit nun auch seinen Wohlstand verloren und war von seinem besten Freund verraten worden. Wir alle litten unter Unsicherheit und Angst. Nichts mehr war wie vorher, und mein Vater ver\u00e4nderte sich komplett, wie auch der Rest meiner Familie. Ich konnte die Verbindung zu meiner Familie nicht mehr aufrecht erhalten.  <\/p>\n<p>Die Zeit verging und trotz aller Schwierigkeiten habe ich es immer geschafft, beruflich etwas mit Autos zu tun zu haben. W\u00e4hrend meines Besuchs bei einem Freund in Sheffield hatte ich einen emotionalen und physischen Zusammenbruch. Ich entschloss mich, in Yorkshire ein neues Leben zu beginnen. Zun\u00e4chst versp\u00fcrte ich Erleichterung und es ging mir wieder ein wenig besser, aber ich sehnte mich jeden Tag nach meiner Familie. Die Jahre vergingen, und ich schlug mich auf dem neu gew\u00e4hlten Pfad durchs Leben. <\/p>\n<p>Ein ganzes Jahrzehnt lang hielt ich meine Familie auf Distanz, dann pl\u00f6tzlich gab es wieder eine Ann\u00e4herung mit meinem Vater. Er war sich bewusst geworden, dass er seine Familie vernachl\u00e4ssigt hatte und setzte sie von nun an an erste Stelle. Ich hatte das Gef\u00fchl, dass dies eine zweite Chance war, wieder mit meiner Familie zusammenzuwachsen. Ich fuhr wieder gerne nach Lancashire. Wir mussten alle daran arbeiten, aber ich glaubte wieder daran, dass eine Zukunft f\u00fcr unsere Familie m\u00f6glich sei. Nach drei Monaten aber hatte mein Vater einen schweren Schlaganfall, durch den er gel\u00e4hmt wurde und rund um die Uhr auf Intensivbetreuung angewiesen war. Ich hatte das Gef\u00fchl, dass mir die Chance genommen worde, wieder einen Vater zu haben, und verfiel in eine schwere Depression. <\/p>\n<p>Kurze Zeit sp\u00e4ter entdeckte ich im Internet einen gebrauchten VW Caddy MK1 Pritschenwagen. Ich liebe VWs, und ich habe immer wieder auf eBay gest\u00f6bert und mir die tollen Autos angesehen \u2013 manche davon habe ich gekauft, und von manch anderen konnte ich nur tr\u00e4umen. Ich sah mir dieses eine kuriose Auto mit der eher unsch\u00f6nen dunkelroten Farbe n\u00e4her an. Obwohl es verbeult und in ungepflegtem Zustand war, lie\u00df es mich nicht mehr los, nachdem ich in der Beschreibung gelesen hatte, dass es rollstuhlgerecht war. <\/p>\n<p>Meine Recherche ergab, dass es sich um den ersten PKW Europas handelte, der zwei Rollstuhlfahrer aufnehmen konnte, umgebaut von Constables Mobility in S\u00fcdengland. Ich stellte mir vor, wie ich meinen Vater in seinem Pflegeheim abholen und mit ihm und meiner Mutter Tagesausfl\u00fcge machen w\u00fcrde. Ich musste dieses Auto einfach haben! Meine Verzweiflung wandelte sich in Euphorie, als ich aufgeregt und voller Adrenalin durch die Wohnung lief und auf das Auktionsende wartete. Ich hoffte, dass mich niemand mehr \u00fcberbieten w\u00fcrde. Mit unserem derzeitigen Gebot von 720 Pfund waren wir die H\u00f6chstbietenden. Ich gab unser maximales Gebot von 1000 Pfund ab und schloss die Augen. Herzlichen Gl\u00fcckwunsch, jetzt geh\u00f6rt der Artikel Ihnen!<\/p>\n<p><img loading=\"lazy\" src=\"https:\/\/encounters-magazine.com\/de\/wp-content\/uploads\/sites\/2\/2013\/08\/McGreneghan_2.jpg\" alt=\"McGreneghan_2\" width=\"507\" height=\"342\" class=\"alignnone size-full wp-image-544\" srcset=\"https:\/\/encounters-magazine.com\/de\/wp-content\/uploads\/sites\/2\/2013\/08\/McGreneghan_2.jpg 507w, https:\/\/encounters-magazine.com\/de\/wp-content\/uploads\/sites\/2\/2013\/08\/McGreneghan_2-300x202.jpg 300w\" sizes=\"(max-width: 507px) 100vw, 507px\" \/><\/p>\n<p>Den Caddy benutze ich nun f\u00fcr meine ehrenamtliche T\u00e4tigkeit beim britischen Schlaganfallhilfsprojekt Stroke UK. Damals angesteckt vom Engagement meiner verstorbenen Cousine Michelle f\u00fcr Spendenanktionen und Aufkl\u00e4rungsarbeit f\u00fcr die Krebsforschung ging ich zum ersten Mal 2011 auf die Schlaganfallhilfe zu. Stroke UK setzt sich f\u00fcr die Schlaganfallforschung und die Unterst\u00fctzung betroffener Patienten und ihrer Familien ein. Nachdem ich mir ihre Webseite durchgelesen hatte, wollte ich sofort helfen. Schlaganf\u00e4lle sind die h\u00e4ufigste Ursache f\u00fcr Behinderungen bei Erwachsenen und verursachen jedes Jahr \u00fcber 100.000 Todesf\u00e4lle in Gro\u00dfbritannien. Bei schneller und guter Behandlung k\u00f6nnen sich jedoch viele Betroffene wieder regenerieren. <\/p>\n<p>Ich habe quer durch Gro\u00dfbritannien und Europa \u00fcber 30.000 km mit der Aufschrift der Stroke Association an der Seite meines umgebauten Caddys zur\u00fcckgelegt. \u00dcberall drehen sich die Leute danach um, und so kann manchen der Menschen, die darauf aufmerksam werden, geholfen werden. Das gibt mir ein gutes Gef\u00fchl, und ich finde, dass mein Vater durch meine Mission ein bisschen am Leben teil hat und seinen Teil beitr\u00e4gt, obwohl er sein Bett nicht verlassen kann.<\/p>\n<p>Die ehrenamtliche Arbeit f\u00fcr den ersten Wohlt\u00e4tigkeitsladen der Schlaganfallhilfe in Sheffield ist wirklich eine sch\u00f6ne Gelegenheit, das Auto weiterhin zu benutzen, hoffentlich noch eine ganze Weile. Ich hatte abermals mit einer schweren Depression zu k\u00e4mpfen, als ich von der Er\u00f6ffnung des Ladens in meiner Heimatstadt erfuhr. Eine Woche sp\u00e4ter sammelte ich Spendent\u00fcten und bin schon um Einiges optimistischer, was meine Zukunft und die Zukunft meines Volkswagens betrifft.<\/p>\n<p>Mein kurioser VW ist tats\u00e4chlich ein \u201cVolks-Wagen\u201d. Er ist f\u00fcr die besonders hilfebed\u00fcrftigen Menschen in unserer Gesellschaft da, und ich hoffe, dass auch die Aufschrift auf dem Wagen den einen oder anderen Menschen vor einem Schlaganfall bewahren kann. Die Stroke Association bietet n\u00fctzliche Informationen zur Vorbeugung von Schlaganf\u00e4llen an, sowohl die Ern\u00e4hrung als auch den Lebensstil betreffend. Ich w\u00fcnschte, wir w\u00e4ren besser informiert gewesen, als mein Vater den Schlaganfall hatte. So h\u00e4tten wir vielleicht daf\u00fcr sorgen k\u00f6nnen, dass er eine angemessene Behandlung erh\u00e4lt. Stattdessen lag er zwei Tage lang in einem Krankenzimmer, bevor er behandelt wurde. <\/p>\n<p>Bitte besuchen Sie die Webseite www.stroke.org.uk. Diese Informationen k\u00f6nnten Ihr Leben retten!<\/p>\n<p><img loading=\"lazy\" src=\"https:\/\/encounters-magazine.com\/de\/wp-content\/uploads\/sites\/2\/2013\/08\/McGreneghan_3.jpg\" alt=\"McGreneghan_3\" width=\"507\" height=\"744\" class=\"alignnone size-full wp-image-545\" srcset=\"https:\/\/encounters-magazine.com\/de\/wp-content\/uploads\/sites\/2\/2013\/08\/McGreneghan_3.jpg 507w, https:\/\/encounters-magazine.com\/de\/wp-content\/uploads\/sites\/2\/2013\/08\/McGreneghan_3-204x300.jpg 204w\" sizes=\"(max-width: 507px) 100vw, 507px\" \/><\/p>\n<p>Die Arbeit f\u00fcr Stroke UK hat mir neue Orientierung gegeben. Vorher war ich st\u00e4ndig auf der Suche nach etwas, was meinem Dasein einen Sinn geben k\u00f6nnte. Nat\u00fcrlich l\u00f6st die ehrenamtliche Arbeit nicht all meine Probleme, aber sie hilft mir, besser mit meinen Herausforderungen umzugehen, und ich habe dabei wunderbare, nette und hilfsbereite Menschen kennengelernt.<\/p>\n<p>Meine Idee f\u00fcr eine bessere Welt ist, jeden dazu anzuhalten, sich f\u00fcr eine gute Sache einzusetzen, etwas, was einem am Herzen liegt, und ein oder zwei Tage daf\u00fcr aufzuwenden, anderen zu helfen. Denn wenn wir alle ab und zu ein bisschen geben, k\u00f6nnen wir etwas besonderes zur\u00fcckbekommen, das sich mit Geld nicht kaufen l\u00e4sst.<\/p>\n<p>Ich m\u00f6chte andere Menschen, die unter Sch\u00fcchternheit oder Sozialphobien leiden, dazu ermutigen, sich f\u00fcr wohlt\u00e4tige Zwecke zu engagieren. Sie werden neuen Auftrieb bekommen und Sie werden engagierte Menschen kennen lernen, die Sie unterst\u00fctzen, w\u00e4hrend Sie gemeinsam f\u00fcr die gute Sache k\u00e4mpfen. <\/p>\n<blockquote><p>Jay McGreneghan wurde am 6. August 1972 geboren. Er begeistert sich f\u00fcr Fotografie, Sport, Kochen, Motorr\u00e4der, Autos und Go-Karts und sieht sich gerne Motorsport an. Jay war seit seiner Kindheit von deutschen Autos fasziniert. Sein Favorit ist der Porsche 911. Das Lenkrad seines MK1 Caddy ist von einem Porsche 924, Baujahr 1979. <\/p><\/blockquote>\n","protected":false},"excerpt":{"rendered":"<p>Nicht h\u00e4ufig kann man behaupten, dass einem ein Auto das Leben gerettet hat. Aber vielleicht k\u00f6nnte ich das sogar so ausdr\u00fccken. In den 1970er Jahren, als ich mich noch zwischen meinen aufgereihten Spielzeugautos schlafen legte, begann sich meine Leidenschaft f\u00fcr Autos zu entwickeln. Als sch\u00fcchterner Junge fand ich Trost und Geborgenheit in der Besch\u00e4ftigung mit [&hellip;]<\/p>\n","protected":false},"author":4,"featured_media":542,"parent":570,"menu_order":4,"comment_status":"open","ping_status":"open","template":"page.php","meta":[],"acf":[],"yoast_head":"<!-- This site is optimized with the Yoast SEO plugin v17.9 - https:\/\/yoast.com\/wordpress\/plugins\/seo\/ -->\n<meta name=\"description\" content=\"Das ENCOUNTERS MAGAZINE von Santacruz International Communication l\u00e4dt Sie ein zu Entdeckungen rund um den Globus: Orte, Menschen und Philosophien.\" \/>\n<meta name=\"robots\" content=\"index, follow, max-snippet:-1, max-image-preview:large, max-video-preview:-1\" \/>\n<link rel=\"canonical\" href=\"https:\/\/encounters-magazine.com\/de\/encounters-six\/stroke-und-mein-caddy\/\" \/>\n<meta property=\"og:locale\" content=\"de_DE\" \/>\n<meta property=\"og:type\" content=\"article\" \/>\n<meta property=\"og:title\" content=\"&quot;Stroke&quot; und mein Caddy - ENCOUNTERS MAGAZINE. Santacruz International Communication\" \/>\n<meta property=\"og:description\" content=\"Das ENCOUNTERS MAGAZINE von Santacruz International Communication l\u00e4dt Sie ein zu Entdeckungen rund um den Globus: Orte, Menschen und Philosophien.\" \/>\n<meta property=\"og:url\" content=\"https:\/\/encounters-magazine.com\/de\/encounters-six\/stroke-und-mein-caddy\/\" \/>\n<meta property=\"og:site_name\" content=\"DE - ENCOUNTERS MAGAZINE\" \/>\n<meta property=\"article:publisher\" content=\"https:\/\/www.facebook.com\/lino.santacruz.5\" \/>\n<meta property=\"article:modified_time\" content=\"2015-04-18T06:55:34+00:00\" \/>\n<meta property=\"og:image\" content=\"https:\/\/encounters-magazine.com\/de\/wp-content\/uploads\/sites\/2\/2013\/08\/McGcgrenegham_Portrait.jpg\" \/>\n\t<meta property=\"og:image:width\" content=\"90\" \/>\n\t<meta property=\"og:image:height\" content=\"80\" \/>\n\t<meta property=\"og:image:type\" content=\"image\/jpeg\" \/>\n<meta name=\"twitter:card\" content=\"summary\" \/>\n<meta name=\"twitter:site\" content=\"@LinoSantacruz\" \/>\n<meta name=\"twitter:label1\" content=\"Gesch\u00e4tzte Lesezeit\" \/>\n\t<meta name=\"twitter:data1\" content=\"7\u00a0Minuten\" \/>\n<script type=\"application\/ld+json\" class=\"yoast-schema-graph\">{\"@context\":\"https:\/\/schema.org\",\"@graph\":[{\"@type\":\"WebSite\",\"@id\":\"https:\/\/encounters-magazine.com\/de\/#website\",\"url\":\"https:\/\/encounters-magazine.com\/de\/\",\"name\":\"DE - ENCOUNTERS MAGAZINE\",\"description\":\"\",\"potentialAction\":[{\"@type\":\"SearchAction\",\"target\":{\"@type\":\"EntryPoint\",\"urlTemplate\":\"https:\/\/encounters-magazine.com\/de\/?s={search_term_string}\"},\"query-input\":\"required name=search_term_string\"}],\"inLanguage\":\"de\"},{\"@type\":\"ImageObject\",\"@id\":\"https:\/\/encounters-magazine.com\/de\/encounters-six\/stroke-und-mein-caddy\/#primaryimage\",\"inLanguage\":\"de\",\"url\":\"https:\/\/encounters-magazine.com\/de\/wp-content\/uploads\/sites\/2\/2013\/08\/McGcgrenegham_Portrait.jpg\",\"contentUrl\":\"https:\/\/encounters-magazine.com\/de\/wp-content\/uploads\/sites\/2\/2013\/08\/McGcgrenegham_Portrait.jpg\",\"width\":90,\"height\":80,\"caption\":\"McGcgrenegham\"},{\"@type\":\"WebPage\",\"@id\":\"https:\/\/encounters-magazine.com\/de\/encounters-six\/stroke-und-mein-caddy\/#webpage\",\"url\":\"https:\/\/encounters-magazine.com\/de\/encounters-six\/stroke-und-mein-caddy\/\",\"name\":\"\\\"Stroke\\\" und mein Caddy - ENCOUNTERS MAGAZINE. Santacruz International Communication\",\"isPartOf\":{\"@id\":\"https:\/\/encounters-magazine.com\/de\/#website\"},\"primaryImageOfPage\":{\"@id\":\"https:\/\/encounters-magazine.com\/de\/encounters-six\/stroke-und-mein-caddy\/#primaryimage\"},\"datePublished\":\"2015-04-15T18:34:12+00:00\",\"dateModified\":\"2015-04-18T06:55:34+00:00\",\"description\":\"Das ENCOUNTERS MAGAZINE von Santacruz International Communication l\\u00e4dt Sie ein zu Entdeckungen rund um den Globus: Orte, Menschen und Philosophien.\",\"breadcrumb\":{\"@id\":\"https:\/\/encounters-magazine.com\/de\/encounters-six\/stroke-und-mein-caddy\/#breadcrumb\"},\"inLanguage\":\"de\",\"potentialAction\":[{\"@type\":\"ReadAction\",\"target\":[\"https:\/\/encounters-magazine.com\/de\/encounters-six\/stroke-und-mein-caddy\/\"]}]},{\"@type\":\"BreadcrumbList\",\"@id\":\"https:\/\/encounters-magazine.com\/de\/encounters-six\/stroke-und-mein-caddy\/#breadcrumb\",\"itemListElement\":[{\"@type\":\"ListItem\",\"position\":1,\"name\":\"Startseite\",\"item\":\"https:\/\/encounters-magazine.com\/de\/\"},{\"@type\":\"ListItem\",\"position\":2,\"name\":\"Encounters Six\",\"item\":\"https:\/\/encounters-magazine.com\/de\/encounters-six\/\"},{\"@type\":\"ListItem\",\"position\":3,\"name\":\"&#8222;Stroke&#8220; und mein Caddy\"}]}]}<\/script>\n<!-- \/ Yoast SEO plugin. -->","yoast_head_json":{"description":"Das ENCOUNTERS MAGAZINE von Santacruz International Communication l\u00e4dt Sie ein zu Entdeckungen rund um den Globus: Orte, Menschen und Philosophien.","robots":{"index":"index","follow":"follow","max-snippet":"max-snippet:-1","max-image-preview":"max-image-preview:large","max-video-preview":"max-video-preview:-1"},"canonical":"https:\/\/encounters-magazine.com\/de\/encounters-six\/stroke-und-mein-caddy\/","og_locale":"de_DE","og_type":"article","og_title":"\"Stroke\" und mein Caddy - ENCOUNTERS MAGAZINE. Santacruz International Communication","og_description":"Das ENCOUNTERS MAGAZINE von Santacruz International Communication l\u00e4dt Sie ein zu Entdeckungen rund um den Globus: Orte, Menschen und Philosophien.","og_url":"https:\/\/encounters-magazine.com\/de\/encounters-six\/stroke-und-mein-caddy\/","og_site_name":"DE - ENCOUNTERS MAGAZINE","article_publisher":"https:\/\/www.facebook.com\/lino.santacruz.5","article_modified_time":"2015-04-18T06:55:34+00:00","og_image":[{"width":90,"height":80,"url":"https:\/\/encounters-magazine.com\/de\/wp-content\/uploads\/sites\/2\/2013\/08\/McGcgrenegham_Portrait.jpg","type":"image\/jpeg"}],"twitter_card":"summary","twitter_site":"@LinoSantacruz","twitter_misc":{"Gesch\u00e4tzte Lesezeit":"7\u00a0Minuten"},"schema":{"@context":"https:\/\/schema.org","@graph":[{"@type":"WebSite","@id":"https:\/\/encounters-magazine.com\/de\/#website","url":"https:\/\/encounters-magazine.com\/de\/","name":"DE - ENCOUNTERS MAGAZINE","description":"","potentialAction":[{"@type":"SearchAction","target":{"@type":"EntryPoint","urlTemplate":"https:\/\/encounters-magazine.com\/de\/?s={search_term_string}"},"query-input":"required name=search_term_string"}],"inLanguage":"de"},{"@type":"ImageObject","@id":"https:\/\/encounters-magazine.com\/de\/encounters-six\/stroke-und-mein-caddy\/#primaryimage","inLanguage":"de","url":"https:\/\/encounters-magazine.com\/de\/wp-content\/uploads\/sites\/2\/2013\/08\/McGcgrenegham_Portrait.jpg","contentUrl":"https:\/\/encounters-magazine.com\/de\/wp-content\/uploads\/sites\/2\/2013\/08\/McGcgrenegham_Portrait.jpg","width":90,"height":80,"caption":"McGcgrenegham"},{"@type":"WebPage","@id":"https:\/\/encounters-magazine.com\/de\/encounters-six\/stroke-und-mein-caddy\/#webpage","url":"https:\/\/encounters-magazine.com\/de\/encounters-six\/stroke-und-mein-caddy\/","name":"\"Stroke\" und mein Caddy - ENCOUNTERS MAGAZINE. Santacruz International Communication","isPartOf":{"@id":"https:\/\/encounters-magazine.com\/de\/#website"},"primaryImageOfPage":{"@id":"https:\/\/encounters-magazine.com\/de\/encounters-six\/stroke-und-mein-caddy\/#primaryimage"},"datePublished":"2015-04-15T18:34:12+00:00","dateModified":"2015-04-18T06:55:34+00:00","description":"Das ENCOUNTERS MAGAZINE von Santacruz International Communication l\u00e4dt Sie ein zu Entdeckungen rund um den Globus: Orte, Menschen und Philosophien.","breadcrumb":{"@id":"https:\/\/encounters-magazine.com\/de\/encounters-six\/stroke-und-mein-caddy\/#breadcrumb"},"inLanguage":"de","potentialAction":[{"@type":"ReadAction","target":["https:\/\/encounters-magazine.com\/de\/encounters-six\/stroke-und-mein-caddy\/"]}]},{"@type":"BreadcrumbList","@id":"https:\/\/encounters-magazine.com\/de\/encounters-six\/stroke-und-mein-caddy\/#breadcrumb","itemListElement":[{"@type":"ListItem","position":1,"name":"Startseite","item":"https:\/\/encounters-magazine.com\/de\/"},{"@type":"ListItem","position":2,"name":"Encounters Six","item":"https:\/\/encounters-magazine.com\/de\/encounters-six\/"},{"@type":"ListItem","position":3,"name":"&#8222;Stroke&#8220; und mein Caddy"}]}]}},"_links":{"self":[{"href":"https:\/\/encounters-magazine.com\/de\/wp-json\/wp\/v2\/pages\/1331"}],"collection":[{"href":"https:\/\/encounters-magazine.com\/de\/wp-json\/wp\/v2\/pages"}],"about":[{"href":"https:\/\/encounters-magazine.com\/de\/wp-json\/wp\/v2\/types\/page"}],"author":[{"embeddable":true,"href":"https:\/\/encounters-magazine.com\/de\/wp-json\/wp\/v2\/users\/4"}],"replies":[{"embeddable":true,"href":"https:\/\/encounters-magazine.com\/de\/wp-json\/wp\/v2\/comments?post=1331"}],"version-history":[{"count":2,"href":"https:\/\/encounters-magazine.com\/de\/wp-json\/wp\/v2\/pages\/1331\/revisions"}],"predecessor-version":[{"id":1333,"href":"https:\/\/encounters-magazine.com\/de\/wp-json\/wp\/v2\/pages\/1331\/revisions\/1333"}],"up":[{"embeddable":true,"href":"https:\/\/encounters-magazine.com\/de\/wp-json\/wp\/v2\/pages\/570"}],"wp:featuredmedia":[{"embeddable":true,"href":"https:\/\/encounters-magazine.com\/de\/wp-json\/wp\/v2\/media\/542"}],"wp:attachment":[{"href":"https:\/\/encounters-magazine.com\/de\/wp-json\/wp\/v2\/media?parent=1331"}],"curies":[{"name":"wp","href":"https:\/\/api.w.org\/{rel}","templated":true}]}}