{"id":1329,"date":"2015-04-15T18:32:54","date_gmt":"2015-04-15T18:32:54","guid":{"rendered":"http:\/\/encounters-magazine.com\/de\/?page_id=1329"},"modified":"2022-01-21T22:28:48","modified_gmt":"2022-01-21T21:28:48","slug":"turen-in-eine-andere-welt","status":"publish","type":"page","link":"https:\/\/encounters-magazine.com\/de\/encounters-six\/turen-in-eine-andere-welt\/","title":{"rendered":"T\u00fcren in eine andere Welt"},"content":{"rendered":"<p>Alle meine musealen Installationen sind Unikate, die sich durch meine k\u00fcnstlerische Auseinandersetzung mit dem Ort und dem jeweiligen Geschehen\/Thema auszeichnen. In diesem Zusammenhang werde ich von Museen als international t\u00e4tiger Szenograf ausgew\u00e4hlt, um schwer zug\u00e4ngliche Themen mit wenig musealen Objekten \u00fcber eine kunstbildnerische Ebene zu vermitteln.<\/p>\n<p><img loading=\"lazy\" class=\"alignnone size-full wp-image-560\" src=\"https:\/\/encounters-magazine.com\/de\/wp-content\/uploads\/sites\/2\/2013\/08\/xaver_8.jpg\" alt=\"xaver_8\" width=\"507\" height=\"409\" srcset=\"https:\/\/encounters-magazine.com\/de\/wp-content\/uploads\/sites\/2\/2013\/08\/xaver_8.jpg 507w, https:\/\/encounters-magazine.com\/de\/wp-content\/uploads\/sites\/2\/2013\/08\/xaver_8-300x242.jpg 300w\" sizes=\"(max-width: 507px) 100vw, 507px\" \/><\/p>\n<p>Wie bei der begehbaren Rauminstallation f\u00fcr die Wanderaustellung \u201ePictures in our Head\u201c 2010 Marstallmuseum Schlo\u00df Neuhaus\/ Paderborn. Dort versuchte ich den schwierigen Begriff \u201eStereotypen\u201c einem Publikum (z.b. Schulklassen) durch ein einzigartiges Raumerlebnis \u201eMaschinenraum\u201c erlebbar zu machen. In dieser Ausstellung gab es pro Ausstellungsort nur jeweils ein regionales museales Objekt, alles andere mu\u00dfte durch die Bildhaftigkeit meiner Interpretation des Begriffes ausgedr\u00fcckt werden. Daher sind auch Kinderausstellungen oder spezifische Ausstellungen f\u00fcr Minderheiten (Analphabeten\/Roma oder Behinderte) mein Sujet.<\/p>\n<p><img loading=\"lazy\" class=\"alignnone size-full wp-image-554\" src=\"https:\/\/encounters-magazine.com\/de\/wp-content\/uploads\/sites\/2\/2013\/08\/xaver_2.jpg\" alt=\"xaver_2\" width=\"507\" height=\"333\" srcset=\"https:\/\/encounters-magazine.com\/de\/wp-content\/uploads\/sites\/2\/2013\/08\/xaver_2.jpg 507w, https:\/\/encounters-magazine.com\/de\/wp-content\/uploads\/sites\/2\/2013\/08\/xaver_2-300x197.jpg 300w\" sizes=\"(max-width: 507px) 100vw, 507px\" \/><\/p>\n<p>Diese junge bzw. andersartige Zielgruppe, die oft nicht oder noch nicht lesen und schreiben kann, versuche ich durch einpr\u00e4gsame, aufs Wesentliche reduzierte archetypische Bilder zu erreichen. Meine Installationen haben in diesem Kontext oft etwas m\u00e4rchenhaftes, wie bei der Ausstellung \u201eVon Drachen und Helden\u201c2010 BodeMuseum, Berlin-Mitte. Dort konnten Kinder wohlbeh\u00fctet auf dem weichgepolsterten R\u00fccken eines Drachens liegend, gesch\u00fctzt unter einem speziell von mir daf\u00fcr kreierten Drachenfl\u00fcgel mit Lichtinstallation, der sich wie der Nachthimmel \u00fcber die kleinen Zuh\u00f6rer spannte, an Kissen in Schuppenform (mit eingebauten Lautsprechern) den spannenden Geschichten lauschen.<\/p>\n<p>Oder sie entf\u00fchren den Besucher in andersartige exotische Welten durch Eintauchen in begehbare Stimmungsbilder wie bei der Gro\u00dfrauminstallation \u201ewas essen wir \u2013 wir essen Reis\u201c 2011 JuniorMuseum, Berlin-Dahlem.<\/p>\n<p><img loading=\"lazy\" class=\"alignnone size-full wp-image-565\" src=\"https:\/\/encounters-magazine.com\/de\/wp-content\/uploads\/sites\/2\/2013\/08\/xaver_4.jpg\" alt=\"xaver_4\" width=\"507\" height=\"207\" srcset=\"https:\/\/encounters-magazine.com\/de\/wp-content\/uploads\/sites\/2\/2013\/08\/xaver_4.jpg 507w, https:\/\/encounters-magazine.com\/de\/wp-content\/uploads\/sites\/2\/2013\/08\/xaver_4-300x122.jpg 300w\" sizes=\"(max-width: 507px) 100vw, 507px\" \/><\/p>\n<p>Wichtig bei meinen Installationen ist auch immer die stofflich-haptische Qualit\u00e4t. Durch die von mir besonders ausgew\u00e4hlten, k\u00fcnstlerisch bearbeiteten und gestalteten Materialen und Oberfl\u00e4chen werden alle Sinne angeregt und eine sinnlich-emotionale und k\u00f6rperliche Wahrnehmung evoziert . In meinen Ausstellungen d\u00fcrfen und sollen die Objekte durch Anfassen im wahrsten Sinne des Wortes begriffen werden &#8211; \u201eBer\u00fchren strengstens erlaubt\u201c. Gro\u00dfe Bedeutung hat auch immer die sorgf\u00e4ltige Auswahl von Farben und deren spezielle Wirkung im thematischen Kontext.<\/p>\n<p>Durch Verwendung von interaktiven Medien, die ich teilweise selber entwickle, versuche ich speziell bei historischen Themen Bez\u00fcge zur Gegenwart herzustellen und Inhalte und Objekte vom musealen Staub zu befreien. So wie bei der 3D-Box in der Ausstellung \u201ecomicleben\u201c 2012 Museum Europ\u00e4ischer Kulturen, Berlin-Dahlem. Dort wurden 3D-Animationen \u00fcber Spiegel auf mannsgro\u00dfe Glasscheiben projeziert, hinter denen der Besucher, als Teil des virtuellen Geschehens, zum lebender Akteur und Mitspielers des Superhelden wurde.<\/p>\n<p>Immer finden auch analoge Interaktionen zwischen Besucher und Objekt statt, wie bei der gro\u00dfen Schattenspielinstallationswand zur Austellung \u201eSchahname \u2013 1000-j\u00e4hriges K\u00f6nigsbuch\u201c2011 Museum f\u00fcr Islamische Kunst, Berlin-Mitte. (Entwickelt und gebaut in Zusammenarbeit mit meiner Masterklasse des Studienganges \u201eSzenischer Raum-B\u00fchnenbild\u201c der TU-Berlin.)<\/p>\n<p><img loading=\"lazy\" class=\"alignnone size-full wp-image-559\" src=\"https:\/\/encounters-magazine.com\/de\/wp-content\/uploads\/sites\/2\/2013\/08\/xaver_7.jpg\" alt=\"xaver_7\" width=\"507\" height=\"300\" srcset=\"https:\/\/encounters-magazine.com\/de\/wp-content\/uploads\/sites\/2\/2013\/08\/xaver_7.jpg 507w, https:\/\/encounters-magazine.com\/de\/wp-content\/uploads\/sites\/2\/2013\/08\/xaver_7-300x177.jpg 300w\" sizes=\"(max-width: 507px) 100vw, 507px\" \/><\/p>\n<p>Bei dem mobilen Museum, einer fahrenden Kunstinstallation der Ausstellung \u201eYouth on the Move\u201c 2013Humboldt Universit\u00e4t, Berlin-Mitte .wird der Strassenraum zum Museum. Ebenso in der Raum-Stadt-Installation \u201eP\u00e9cs \u2013 F\u00fcnfkirchen \u2013 Pecuh, Bilder einer multiethnischen Stadt\u201c Dez 2009 \u2013 Juni 2010, P\u00e9cs S\u00fcdungarn. Ein Ausstellungsprojekt als mental Map im Museum und im Freien anl\u00e4sslich der \u201eEurop\u00e4ischen Kulturhauptstadt 2010\u201c .<\/p>\n<p><img loading=\"lazy\" class=\"alignnone size-full wp-image-581\" src=\"https:\/\/encounters-magazine.com\/de\/wp-content\/uploads\/sites\/2\/2013\/08\/xaver_9.jpg\" alt=\"xaver_9\" width=\"507\" height=\"179\" srcset=\"https:\/\/encounters-magazine.com\/de\/wp-content\/uploads\/sites\/2\/2013\/08\/xaver_9.jpg 507w, https:\/\/encounters-magazine.com\/de\/wp-content\/uploads\/sites\/2\/2013\/08\/xaver_9-300x105.jpg 300w\" sizes=\"(max-width: 507px) 100vw, 507px\" \/><\/p>\n<p>Die Leitprinzipien meiner Arbeit sind sammeln, verarbeiten und teilen. Sehen, gestalten und kommunizieren.<\/p>\n<blockquote><p>Xaver Victor Schneider ist Architekt und B\u00fchnenbildner. W\u00e4hrend seiner beruflichen Laufbahn in M\u00fcnchen, London, Salzburg und Berlin hat er an diversen Projekten mitgearbeitet. Als Architekt und Konstrukteur, an innenarchitektonischen Konzepten und Erweiterungen, Ausstellungsgestaltung f\u00fcr Museen und B\u00fchnenbild mit technischer Ausr\u00fcstung. Derzeit lebt er in Berlin.<\/p><\/blockquote>\n","protected":false},"excerpt":{"rendered":"<p>Alle meine musealen Installationen sind Unikate, die sich durch meine k\u00fcnstlerische Auseinandersetzung mit dem Ort und dem jeweiligen Geschehen\/Thema auszeichnen. In diesem Zusammenhang werde ich von Museen als international t\u00e4tiger Szenograf ausgew\u00e4hlt, um schwer zug\u00e4ngliche Themen mit wenig musealen Objekten \u00fcber eine kunstbildnerische Ebene zu vermitteln. Wie bei der begehbaren Rauminstallation f\u00fcr die Wanderaustellung \u201ePictures [&hellip;]<\/p>\n","protected":false},"author":4,"featured_media":576,"parent":570,"menu_order":3,"comment_status":"open","ping_status":"open","template":"page.php","meta":[],"acf":[],"yoast_head":"<!-- This site is optimized with the Yoast SEO plugin v17.9 - https:\/\/yoast.com\/wordpress\/plugins\/seo\/ -->\n<meta name=\"description\" content=\"Das ENCOUNTERS MAGAZINE von Santacruz International Communication l\u00e4dt Sie ein zu Entdeckungen rund um den Globus: Orte, Menschen und Philosophien.\" \/>\n<meta name=\"robots\" content=\"index, follow, max-snippet:-1, max-image-preview:large, max-video-preview:-1\" \/>\n<link rel=\"canonical\" href=\"https:\/\/encounters-magazine.com\/de\/encounters-six\/turen-in-eine-andere-welt\/\" \/>\n<meta property=\"og:locale\" content=\"de_DE\" \/>\n<meta property=\"og:type\" content=\"article\" \/>\n<meta property=\"og:title\" content=\"T\u00fcren in eine andere Welt - ENCOUNTERS MAGAZINE. Santacruz International Communication\" \/>\n<meta property=\"og:description\" content=\"Das ENCOUNTERS MAGAZINE von Santacruz International Communication l\u00e4dt Sie ein zu Entdeckungen rund um den Globus: Orte, Menschen und Philosophien.\" \/>\n<meta property=\"og:url\" content=\"https:\/\/encounters-magazine.com\/de\/encounters-six\/turen-in-eine-andere-welt\/\" \/>\n<meta property=\"og:site_name\" content=\"DE - ENCOUNTERS MAGAZINE\" \/>\n<meta property=\"article:publisher\" content=\"https:\/\/www.facebook.com\/lino.santacruz.5\" \/>\n<meta property=\"article:modified_time\" content=\"2022-01-21T21:28:48+00:00\" \/>\n<meta property=\"og:image\" content=\"https:\/\/encounters-magazine.com\/de\/wp-content\/uploads\/sites\/2\/2013\/08\/xaver_portrait2.jpg\" \/>\n\t<meta property=\"og:image:width\" content=\"110\" \/>\n\t<meta property=\"og:image:height\" content=\"80\" \/>\n\t<meta property=\"og:image:type\" content=\"image\/jpeg\" \/>\n<meta name=\"twitter:card\" content=\"summary\" \/>\n<meta name=\"twitter:site\" content=\"@LinoSantacruz\" \/>\n<meta name=\"twitter:label1\" content=\"Gesch\u00e4tzte Lesezeit\" \/>\n\t<meta name=\"twitter:data1\" content=\"4\u00a0Minuten\" \/>\n<script type=\"application\/ld+json\" class=\"yoast-schema-graph\">{\"@context\":\"https:\/\/schema.org\",\"@graph\":[{\"@type\":\"WebSite\",\"@id\":\"https:\/\/encounters-magazine.com\/de\/#website\",\"url\":\"https:\/\/encounters-magazine.com\/de\/\",\"name\":\"DE - ENCOUNTERS MAGAZINE\",\"description\":\"\",\"potentialAction\":[{\"@type\":\"SearchAction\",\"target\":{\"@type\":\"EntryPoint\",\"urlTemplate\":\"https:\/\/encounters-magazine.com\/de\/?s={search_term_string}\"},\"query-input\":\"required name=search_term_string\"}],\"inLanguage\":\"de\"},{\"@type\":\"ImageObject\",\"@id\":\"https:\/\/encounters-magazine.com\/de\/encounters-six\/turen-in-eine-andere-welt\/#primaryimage\",\"inLanguage\":\"de\",\"url\":\"https:\/\/encounters-magazine.com\/de\/wp-content\/uploads\/sites\/2\/2013\/08\/xaver_portrait2.jpg\",\"contentUrl\":\"https:\/\/encounters-magazine.com\/de\/wp-content\/uploads\/sites\/2\/2013\/08\/xaver_portrait2.jpg\",\"width\":110,\"height\":80},{\"@type\":\"WebPage\",\"@id\":\"https:\/\/encounters-magazine.com\/de\/encounters-six\/turen-in-eine-andere-welt\/#webpage\",\"url\":\"https:\/\/encounters-magazine.com\/de\/encounters-six\/turen-in-eine-andere-welt\/\",\"name\":\"T\\u00fcren in eine andere Welt - ENCOUNTERS MAGAZINE. Santacruz International Communication\",\"isPartOf\":{\"@id\":\"https:\/\/encounters-magazine.com\/de\/#website\"},\"primaryImageOfPage\":{\"@id\":\"https:\/\/encounters-magazine.com\/de\/encounters-six\/turen-in-eine-andere-welt\/#primaryimage\"},\"datePublished\":\"2015-04-15T18:32:54+00:00\",\"dateModified\":\"2022-01-21T21:28:48+00:00\",\"description\":\"Das ENCOUNTERS MAGAZINE von Santacruz International Communication l\\u00e4dt Sie ein zu Entdeckungen rund um den Globus: Orte, Menschen und Philosophien.\",\"breadcrumb\":{\"@id\":\"https:\/\/encounters-magazine.com\/de\/encounters-six\/turen-in-eine-andere-welt\/#breadcrumb\"},\"inLanguage\":\"de\",\"potentialAction\":[{\"@type\":\"ReadAction\",\"target\":[\"https:\/\/encounters-magazine.com\/de\/encounters-six\/turen-in-eine-andere-welt\/\"]}]},{\"@type\":\"BreadcrumbList\",\"@id\":\"https:\/\/encounters-magazine.com\/de\/encounters-six\/turen-in-eine-andere-welt\/#breadcrumb\",\"itemListElement\":[{\"@type\":\"ListItem\",\"position\":1,\"name\":\"Startseite\",\"item\":\"https:\/\/encounters-magazine.com\/de\/\"},{\"@type\":\"ListItem\",\"position\":2,\"name\":\"Encounters Six\",\"item\":\"https:\/\/encounters-magazine.com\/de\/encounters-six\/\"},{\"@type\":\"ListItem\",\"position\":3,\"name\":\"T\\u00fcren in eine andere Welt\"}]}]}<\/script>\n<!-- \/ Yoast SEO plugin. -->","yoast_head_json":{"description":"Das ENCOUNTERS MAGAZINE von Santacruz International Communication l\u00e4dt Sie ein zu Entdeckungen rund um den Globus: Orte, Menschen und Philosophien.","robots":{"index":"index","follow":"follow","max-snippet":"max-snippet:-1","max-image-preview":"max-image-preview:large","max-video-preview":"max-video-preview:-1"},"canonical":"https:\/\/encounters-magazine.com\/de\/encounters-six\/turen-in-eine-andere-welt\/","og_locale":"de_DE","og_type":"article","og_title":"T\u00fcren in eine andere Welt - ENCOUNTERS MAGAZINE. Santacruz International Communication","og_description":"Das ENCOUNTERS MAGAZINE von Santacruz International Communication l\u00e4dt Sie ein zu Entdeckungen rund um den Globus: Orte, Menschen und Philosophien.","og_url":"https:\/\/encounters-magazine.com\/de\/encounters-six\/turen-in-eine-andere-welt\/","og_site_name":"DE - ENCOUNTERS MAGAZINE","article_publisher":"https:\/\/www.facebook.com\/lino.santacruz.5","article_modified_time":"2022-01-21T21:28:48+00:00","og_image":[{"width":110,"height":80,"url":"https:\/\/encounters-magazine.com\/de\/wp-content\/uploads\/sites\/2\/2013\/08\/xaver_portrait2.jpg","type":"image\/jpeg"}],"twitter_card":"summary","twitter_site":"@LinoSantacruz","twitter_misc":{"Gesch\u00e4tzte Lesezeit":"4\u00a0Minuten"},"schema":{"@context":"https:\/\/schema.org","@graph":[{"@type":"WebSite","@id":"https:\/\/encounters-magazine.com\/de\/#website","url":"https:\/\/encounters-magazine.com\/de\/","name":"DE - ENCOUNTERS MAGAZINE","description":"","potentialAction":[{"@type":"SearchAction","target":{"@type":"EntryPoint","urlTemplate":"https:\/\/encounters-magazine.com\/de\/?s={search_term_string}"},"query-input":"required name=search_term_string"}],"inLanguage":"de"},{"@type":"ImageObject","@id":"https:\/\/encounters-magazine.com\/de\/encounters-six\/turen-in-eine-andere-welt\/#primaryimage","inLanguage":"de","url":"https:\/\/encounters-magazine.com\/de\/wp-content\/uploads\/sites\/2\/2013\/08\/xaver_portrait2.jpg","contentUrl":"https:\/\/encounters-magazine.com\/de\/wp-content\/uploads\/sites\/2\/2013\/08\/xaver_portrait2.jpg","width":110,"height":80},{"@type":"WebPage","@id":"https:\/\/encounters-magazine.com\/de\/encounters-six\/turen-in-eine-andere-welt\/#webpage","url":"https:\/\/encounters-magazine.com\/de\/encounters-six\/turen-in-eine-andere-welt\/","name":"T\u00fcren in eine andere Welt - ENCOUNTERS MAGAZINE. Santacruz International Communication","isPartOf":{"@id":"https:\/\/encounters-magazine.com\/de\/#website"},"primaryImageOfPage":{"@id":"https:\/\/encounters-magazine.com\/de\/encounters-six\/turen-in-eine-andere-welt\/#primaryimage"},"datePublished":"2015-04-15T18:32:54+00:00","dateModified":"2022-01-21T21:28:48+00:00","description":"Das ENCOUNTERS MAGAZINE von Santacruz International Communication l\u00e4dt Sie ein zu Entdeckungen rund um den Globus: Orte, Menschen und Philosophien.","breadcrumb":{"@id":"https:\/\/encounters-magazine.com\/de\/encounters-six\/turen-in-eine-andere-welt\/#breadcrumb"},"inLanguage":"de","potentialAction":[{"@type":"ReadAction","target":["https:\/\/encounters-magazine.com\/de\/encounters-six\/turen-in-eine-andere-welt\/"]}]},{"@type":"BreadcrumbList","@id":"https:\/\/encounters-magazine.com\/de\/encounters-six\/turen-in-eine-andere-welt\/#breadcrumb","itemListElement":[{"@type":"ListItem","position":1,"name":"Startseite","item":"https:\/\/encounters-magazine.com\/de\/"},{"@type":"ListItem","position":2,"name":"Encounters Six","item":"https:\/\/encounters-magazine.com\/de\/encounters-six\/"},{"@type":"ListItem","position":3,"name":"T\u00fcren in eine andere Welt"}]}]}},"_links":{"self":[{"href":"https:\/\/encounters-magazine.com\/de\/wp-json\/wp\/v2\/pages\/1329"}],"collection":[{"href":"https:\/\/encounters-magazine.com\/de\/wp-json\/wp\/v2\/pages"}],"about":[{"href":"https:\/\/encounters-magazine.com\/de\/wp-json\/wp\/v2\/types\/page"}],"author":[{"embeddable":true,"href":"https:\/\/encounters-magazine.com\/de\/wp-json\/wp\/v2\/users\/4"}],"replies":[{"embeddable":true,"href":"https:\/\/encounters-magazine.com\/de\/wp-json\/wp\/v2\/comments?post=1329"}],"version-history":[{"count":3,"href":"https:\/\/encounters-magazine.com\/de\/wp-json\/wp\/v2\/pages\/1329\/revisions"}],"predecessor-version":[{"id":1532,"href":"https:\/\/encounters-magazine.com\/de\/wp-json\/wp\/v2\/pages\/1329\/revisions\/1532"}],"up":[{"embeddable":true,"href":"https:\/\/encounters-magazine.com\/de\/wp-json\/wp\/v2\/pages\/570"}],"wp:featuredmedia":[{"embeddable":true,"href":"https:\/\/encounters-magazine.com\/de\/wp-json\/wp\/v2\/media\/576"}],"wp:attachment":[{"href":"https:\/\/encounters-magazine.com\/de\/wp-json\/wp\/v2\/media?parent=1329"}],"curies":[{"name":"wp","href":"https:\/\/api.w.org\/{rel}","templated":true}]}}