{"id":1327,"date":"2015-04-15T18:31:22","date_gmt":"2015-04-15T18:31:22","guid":{"rendered":"http:\/\/encounters-magazine.com\/de\/?page_id=1327"},"modified":"2015-04-18T08:55:04","modified_gmt":"2015-04-18T06:55:04","slug":"galapagos-das-verzauberte-archipel","status":"publish","type":"page","link":"https:\/\/encounters-magazine.com\/de\/encounters-six\/galapagos-das-verzauberte-archipel\/","title":{"rendered":"Gal\u00e1pagos, das verzauberte Archipel"},"content":{"rendered":"<p>Als w\u00fcrde man eine Zeitreise in die Fr\u00fchgeschichte machen \u2013 so f\u00fchlt man sich auf den Galapagosinseln in Ecuador. Nat\u00fcrlich kann man nicht genau wissen, wie es zur pr\u00e4historischen Zeit gewesen sein muss, aber wenn man sich auf den Inseln befindet, f\u00e4llt es leicht, seiner Fantasie freien Lauf zu lassen. <\/p>\n<p><img loading=\"lazy\" src=\"https:\/\/encounters-magazine.com\/de\/wp-content\/uploads\/sites\/2\/2013\/08\/Maceda_1.jpg\" alt=\"Maceda_1\" width=\"507\" height=\"337\" class=\"alignnone size-full wp-image-528\" srcset=\"https:\/\/encounters-magazine.com\/de\/wp-content\/uploads\/sites\/2\/2013\/08\/Maceda_1.jpg 507w, https:\/\/encounters-magazine.com\/de\/wp-content\/uploads\/sites\/2\/2013\/08\/Maceda_1-300x199.jpg 300w\" sizes=\"(max-width: 507px) 100vw, 507px\" \/><\/p>\n<p>\u00dcber das Archipel mit seinen 13 Inseln wurde schon viel geschrieben und es w\u00e4re \u00fcberfl\u00fcssig, hier Daten und Fakten aufzureihen, die man sich schnell mit einem Klick im Internet beschaffen k\u00f6nnte. Was man allerdings nirgendwo finden kann au\u00dfer hier ist meine pers\u00f6nliche Erfahrung und das Gef\u00fchl, das ich mitgenommen habe, als ich auf dieser au\u00dferordentlichen Inselgruppe meine Spuren hinterlassen habe. <\/p>\n<p><img loading=\"lazy\" src=\"https:\/\/encounters-magazine.com\/de\/wp-content\/uploads\/sites\/2\/2013\/08\/Maceda_2.jpg\" alt=\"Maceda_2\" width=\"507\" height=\"337\" class=\"alignnone size-full wp-image-529\" srcset=\"https:\/\/encounters-magazine.com\/de\/wp-content\/uploads\/sites\/2\/2013\/08\/Maceda_2.jpg 507w, https:\/\/encounters-magazine.com\/de\/wp-content\/uploads\/sites\/2\/2013\/08\/Maceda_2-300x199.jpg 300w\" sizes=\"(max-width: 507px) 100vw, 507px\" \/><\/p>\n<p>Als ich auf der Insel Baltra gelandet war, wusste ich noch nicht, was es bedeutet, Reisender auf unbekanntem Boden zu sein. Es f\u00fchlte sich an, wie auf dem Mond zu landen \u2013 ohne Raumanzug, aber mit dem au\u00dferordentlichen Gef\u00fchl, saubere Luft zu atmen \u2013 absolut saubere Luft. Schon die erste Insel war wie eine Zeitkapsel: sie war w\u00e4hrend des zweiten Weltkriegs ein amerikanischer Milit\u00e4rst\u00fctzpunkt gewesen. Die \u00dcberreste des St\u00fctzpunkts stehen noch und so kann man sich vorstellen, wie es damals war, im Jahr 1945, auf dieser kleinen, grauen und trockenen Insel. <\/p>\n<p><img loading=\"lazy\" src=\"https:\/\/encounters-magazine.com\/de\/wp-content\/uploads\/sites\/2\/2013\/08\/Maceda_3.jpg\" alt=\"Maceda_3\" width=\"507\" height=\"338\" class=\"alignnone size-full wp-image-530\" srcset=\"https:\/\/encounters-magazine.com\/de\/wp-content\/uploads\/sites\/2\/2013\/08\/Maceda_3.jpg 507w, https:\/\/encounters-magazine.com\/de\/wp-content\/uploads\/sites\/2\/2013\/08\/Maceda_3-300x200.jpg 300w\" sizes=\"(max-width: 507px) 100vw, 507px\" \/><\/p>\n<p>Die zwei gr\u00f6\u00dften Inseln sind Isabela und Santa Cruz. Letztere, auf die ich durch den Hafen von Ayora gelangte, ist ein schlafender Vulkan. Einige sagen, der Vulkan schlafe schon seit einer Million Jahren. Andere beten daf\u00fcr, dass er nicht erwacht. Trotzdem ist Santa Cruz die bev\u00f6lkerungsreichste Insel des Archipels und Ausgangspunkt f\u00fcr Erkundungstouren durch  den Galapagos-Nationalpark. Hier findet man alles N\u00f6tige (so auch Boot und F\u00fchrer), um dieses sensible Terrain zu erforschen. Ich nenne es sensibel, denn der Zugang dazu ist auf eine bestimmte Anzahl von Personen pro Jahr beschr\u00e4nkt, um so weit wie m\u00f6glich das \u00d6kosystem der Inseln zu sch\u00fctzen. Wieder einmal ist hier der Mensch das bedrohlichste Element in dieser empfindlichen Umgebung. <\/p>\n<p><img loading=\"lazy\" src=\"https:\/\/encounters-magazine.com\/de\/wp-content\/uploads\/sites\/2\/2013\/08\/Maceda_4.jpg\" alt=\"Maceda_4\" width=\"507\" height=\"763\" class=\"alignnone size-full wp-image-531\" srcset=\"https:\/\/encounters-magazine.com\/de\/wp-content\/uploads\/sites\/2\/2013\/08\/Maceda_4.jpg 507w, https:\/\/encounters-magazine.com\/de\/wp-content\/uploads\/sites\/2\/2013\/08\/Maceda_4-199x300.jpg 199w\" sizes=\"(max-width: 507px) 100vw, 507px\" \/><\/p>\n<p>Meine Faszination ist wahrscheinlich in dem Ma\u00dfe gewachsen, in dem die Tage vergingen. Ich wei\u00df nicht, was auf dem Boot passierte, das uns von Insel zu Insel brachte \u2013 jedenfalls erwachte in mir der Wunsch, die \u201eEntstehung der Arten\u201c verstehen zu lernen. <\/p>\n<p><img loading=\"lazy\" src=\"https:\/\/encounters-magazine.com\/de\/wp-content\/uploads\/sites\/2\/2013\/08\/Maceda_5.jpg\" alt=\"Maceda_5\" width=\"507\" height=\"392\" class=\"alignnone size-full wp-image-532\" srcset=\"https:\/\/encounters-magazine.com\/de\/wp-content\/uploads\/sites\/2\/2013\/08\/Maceda_5.jpg 507w, https:\/\/encounters-magazine.com\/de\/wp-content\/uploads\/sites\/2\/2013\/08\/Maceda_5-300x231.jpg 300w\" sizes=\"(max-width: 507px) 100vw, 507px\" \/><\/p>\n<p>Nach und nach sah ich die ersten Tiere. Fregattv\u00f6gel, die auf spektakul\u00e4re Weise den Himmel durchkreuzen, sich zu Boden aber sehr plump bewegen. Genau wie die Albatrosse, die auf der Insel Espa\u00f1ola eine Art nat\u00fcrlichen \u201eFlughafen\u201c nutzen, um fliegen zu lernen. Der lustige und zugleich elegante Blaufu\u00dft\u00f6lpel mit seinem schwer zu imitierendem gutturalen Gesang. Die Pinguine (die auf den Inseln Bartolom\u00e9 und Fernandina leben), von denen ich \u00fcberrascht war, sie in dieser Umgebung anzutreffen \u2013 als ob es sie aus der Antarktis hierher verschlagen h\u00e4tte und sie dann beschlossen h\u00e4tten, fortan in warmen Gefilden zu leben. Nicht zu vergessen die Iguanas: Hunderte davon, in allen Farben, Land- und Meeresbewohner, gro\u00df und klein. Bei fast allen Spezies war ich erstaunt, wie nah man den Tieren kommen konnte, nat\u00fcrlich ohne sie anzufassen (das ist verboten). Sie posierten vor meiner Kamera als Teil ihrer t\u00e4glichen Routine. Ich bin sogar mit Seel\u00f6wen geschwommen (eine sehr zahlreiche Spezies auf dem Archipel), mit Meeresschildkr\u00f6ten und mit Haien. Auf dem Meeresgrund begeisterten mich immer wieder die spektakul\u00e4ren Formationen von Mantarochen, den unglaublich farbenfrohen Papageienfischen und unz\u00e4hligen Fischen in allen Formen und Farben. <\/p>\n<p><img loading=\"lazy\" src=\"https:\/\/encounters-magazine.com\/de\/wp-content\/uploads\/sites\/2\/2013\/08\/Maceda_6.jpg\" alt=\"Maceda_6\" width=\"507\" height=\"338\" class=\"alignnone size-full wp-image-533\" srcset=\"https:\/\/encounters-magazine.com\/de\/wp-content\/uploads\/sites\/2\/2013\/08\/Maceda_6.jpg 507w, https:\/\/encounters-magazine.com\/de\/wp-content\/uploads\/sites\/2\/2013\/08\/Maceda_6-300x200.jpg 300w\" sizes=\"(max-width: 507px) 100vw, 507px\" \/><\/p>\n<p>Die Insel R\u00e1bida ist eine sehr sonderbare Insel. Ein Paradies von blutverschmierter Sch\u00f6nheit, dessen roter Sand dem hohen Eisengehalt seiner vulkanischen B\u00f6den geschuldet ist. Dort hielt ich mich ganz nah bei den Jungen der Seel\u00f6wen auf, die bei ihren M\u00fcttern s\u00e4ugten. <\/p>\n<p><img loading=\"lazy\" src=\"https:\/\/encounters-magazine.com\/de\/wp-content\/uploads\/sites\/2\/2013\/08\/Maceda_7.jpg\" alt=\"Maceda_7\" width=\"507\" height=\"337\" class=\"alignnone size-full wp-image-534\" srcset=\"https:\/\/encounters-magazine.com\/de\/wp-content\/uploads\/sites\/2\/2013\/08\/Maceda_7.jpg 507w, https:\/\/encounters-magazine.com\/de\/wp-content\/uploads\/sites\/2\/2013\/08\/Maceda_7-300x199.jpg 300w\" sizes=\"(max-width: 507px) 100vw, 507px\" \/><\/p>\n<p>Mit dem Gef\u00fchl, ein \u201eneuer\u201c Charles Darwin zu sein, entdeckte ich das Wahrzeichen der Galapagosinseln: die Insel Bartolom\u00e9 mit der charakteristischen Felszinne (El Monje), geformt von Wind und Wellen. Trockene, staubbedeckte H\u00e4nge, Steine und karge Felstr\u00fcmmer. Und das st\u00e4ndige Gef\u00fchl, dass ich verdursten k\u00f6nnte. Aus irgendeinem Grund lie\u00df mich dieser Ort lebendig f\u00fchlen. Auf seinem Boden zu gehen und in seinem Wasser zu baden gab mir Energie. <\/p>\n<p><img loading=\"lazy\" src=\"https:\/\/encounters-magazine.com\/de\/wp-content\/uploads\/sites\/2\/2013\/08\/Maceda_8.jpg\" alt=\"Maceda_8\" width=\"507\" height=\"337\" class=\"alignnone size-full wp-image-535\" srcset=\"https:\/\/encounters-magazine.com\/de\/wp-content\/uploads\/sites\/2\/2013\/08\/Maceda_8.jpg 507w, https:\/\/encounters-magazine.com\/de\/wp-content\/uploads\/sites\/2\/2013\/08\/Maceda_8-300x199.jpg 300w\" sizes=\"(max-width: 507px) 100vw, 507px\" \/><\/p>\n<p>Die Realit\u00e4t kehrt mit einem Schlag zur\u00fcck, wenn man diese nat\u00fcrliche Umgebung verl\u00e4sst. Wie schade. Das Galapagosarchipel ist ein bedrohtes Paradies: der Tourismus nimmt zu, und es gibt Bestrebungen, auf den Inseln Gesch\u00e4fte zu machen, ohne dass bedacht wird, dass daf\u00fcr eine ausgedehnte Infrastruktur n\u00f6tig ist, die der Umwelt enormen Schaden zuf\u00fcgen w\u00fcrde. Und das w\u00e4re nicht gut &#8230; davon bin ich \u00fcberzeugt.<\/p>\n<p><img loading=\"lazy\" src=\"https:\/\/encounters-magazine.com\/de\/wp-content\/uploads\/sites\/2\/2013\/08\/Maceda_9.jpg\" alt=\"Maceda_9\" width=\"507\" height=\"285\" class=\"alignnone size-full wp-image-536\" srcset=\"https:\/\/encounters-magazine.com\/de\/wp-content\/uploads\/sites\/2\/2013\/08\/Maceda_9.jpg 507w, https:\/\/encounters-magazine.com\/de\/wp-content\/uploads\/sites\/2\/2013\/08\/Maceda_9-300x168.jpg 300w\" sizes=\"(max-width: 507px) 100vw, 507px\" \/><\/p>\n<blockquote><p>Oscar Maceda wurde in Ourense, Spanien, geboren. Sp\u00e4ter ging er nach Madrid, wo er Audiovisuelle Kommunikation studierte und sich auf Television Sound Design spezialisierte. Er ist Komponist, Sprecher und Fotograf. Derzeit lebt er in Frankfurt am Main und arbeitet in Berlin f\u00fcr das deutsche Fernsehen.<\/p><\/blockquote>\n","protected":false},"excerpt":{"rendered":"<p>Als w\u00fcrde man eine Zeitreise in die Fr\u00fchgeschichte machen \u2013 so f\u00fchlt man sich auf den Galapagosinseln in Ecuador. Nat\u00fcrlich kann man nicht genau wissen, wie es zur pr\u00e4historischen Zeit gewesen sein muss, aber wenn man sich auf den Inseln befindet, f\u00e4llt es leicht, seiner Fantasie freien Lauf zu lassen. \u00dcber das Archipel mit seinen [&hellip;]<\/p>\n","protected":false},"author":4,"featured_media":537,"parent":570,"menu_order":2,"comment_status":"open","ping_status":"open","template":"page.php","meta":[],"acf":[],"yoast_head":"<!-- This site is optimized with the Yoast SEO plugin v17.9 - https:\/\/yoast.com\/wordpress\/plugins\/seo\/ -->\n<meta name=\"description\" content=\"Das ENCOUNTERS MAGAZINE von Santacruz International Communication l\u00e4dt Sie ein zu Entdeckungen rund um den Globus: Orte, Menschen und Philosophien.\" \/>\n<meta name=\"robots\" content=\"index, follow, max-snippet:-1, max-image-preview:large, max-video-preview:-1\" \/>\n<link rel=\"canonical\" href=\"https:\/\/encounters-magazine.com\/de\/encounters-six\/galapagos-das-verzauberte-archipel\/\" \/>\n<meta property=\"og:locale\" content=\"de_DE\" \/>\n<meta property=\"og:type\" content=\"article\" \/>\n<meta property=\"og:title\" content=\"Gal\u00e1pagos, das verzauberte Archipel - ENCOUNTERS MAGAZINE. Santacruz International Communication\" \/>\n<meta property=\"og:description\" content=\"Das ENCOUNTERS MAGAZINE von Santacruz International Communication l\u00e4dt Sie ein zu Entdeckungen rund um den Globus: Orte, Menschen und Philosophien.\" \/>\n<meta property=\"og:url\" content=\"https:\/\/encounters-magazine.com\/de\/encounters-six\/galapagos-das-verzauberte-archipel\/\" \/>\n<meta property=\"og:site_name\" content=\"DE - ENCOUNTERS MAGAZINE\" \/>\n<meta property=\"article:publisher\" content=\"https:\/\/www.facebook.com\/lino.santacruz.5\" \/>\n<meta property=\"article:modified_time\" content=\"2015-04-18T06:55:04+00:00\" \/>\n<meta property=\"og:image\" content=\"https:\/\/encounters-magazine.com\/de\/wp-content\/uploads\/sites\/2\/2013\/08\/Maceda_portrait.jpg\" \/>\n\t<meta property=\"og:image:width\" content=\"75\" \/>\n\t<meta property=\"og:image:height\" content=\"80\" \/>\n\t<meta property=\"og:image:type\" content=\"image\/jpeg\" \/>\n<meta name=\"twitter:card\" content=\"summary\" \/>\n<meta name=\"twitter:site\" content=\"@LinoSantacruz\" \/>\n<meta name=\"twitter:label1\" content=\"Gesch\u00e4tzte Lesezeit\" \/>\n\t<meta name=\"twitter:data1\" content=\"4\u00a0Minuten\" \/>\n<script type=\"application\/ld+json\" class=\"yoast-schema-graph\">{\"@context\":\"https:\/\/schema.org\",\"@graph\":[{\"@type\":\"WebSite\",\"@id\":\"https:\/\/encounters-magazine.com\/de\/#website\",\"url\":\"https:\/\/encounters-magazine.com\/de\/\",\"name\":\"DE - ENCOUNTERS MAGAZINE\",\"description\":\"\",\"potentialAction\":[{\"@type\":\"SearchAction\",\"target\":{\"@type\":\"EntryPoint\",\"urlTemplate\":\"https:\/\/encounters-magazine.com\/de\/?s={search_term_string}\"},\"query-input\":\"required name=search_term_string\"}],\"inLanguage\":\"de\"},{\"@type\":\"ImageObject\",\"@id\":\"https:\/\/encounters-magazine.com\/de\/encounters-six\/galapagos-das-verzauberte-archipel\/#primaryimage\",\"inLanguage\":\"de\",\"url\":\"https:\/\/encounters-magazine.com\/de\/wp-content\/uploads\/sites\/2\/2013\/08\/Maceda_portrait.jpg\",\"contentUrl\":\"https:\/\/encounters-magazine.com\/de\/wp-content\/uploads\/sites\/2\/2013\/08\/Maceda_portrait.jpg\",\"width\":75,\"height\":80,\"caption\":\"Oscar Maceda\"},{\"@type\":\"WebPage\",\"@id\":\"https:\/\/encounters-magazine.com\/de\/encounters-six\/galapagos-das-verzauberte-archipel\/#webpage\",\"url\":\"https:\/\/encounters-magazine.com\/de\/encounters-six\/galapagos-das-verzauberte-archipel\/\",\"name\":\"Gal\\u00e1pagos, das verzauberte Archipel - ENCOUNTERS MAGAZINE. Santacruz International Communication\",\"isPartOf\":{\"@id\":\"https:\/\/encounters-magazine.com\/de\/#website\"},\"primaryImageOfPage\":{\"@id\":\"https:\/\/encounters-magazine.com\/de\/encounters-six\/galapagos-das-verzauberte-archipel\/#primaryimage\"},\"datePublished\":\"2015-04-15T18:31:22+00:00\",\"dateModified\":\"2015-04-18T06:55:04+00:00\",\"description\":\"Das ENCOUNTERS MAGAZINE von Santacruz International Communication l\\u00e4dt Sie ein zu Entdeckungen rund um den Globus: Orte, Menschen und Philosophien.\",\"breadcrumb\":{\"@id\":\"https:\/\/encounters-magazine.com\/de\/encounters-six\/galapagos-das-verzauberte-archipel\/#breadcrumb\"},\"inLanguage\":\"de\",\"potentialAction\":[{\"@type\":\"ReadAction\",\"target\":[\"https:\/\/encounters-magazine.com\/de\/encounters-six\/galapagos-das-verzauberte-archipel\/\"]}]},{\"@type\":\"BreadcrumbList\",\"@id\":\"https:\/\/encounters-magazine.com\/de\/encounters-six\/galapagos-das-verzauberte-archipel\/#breadcrumb\",\"itemListElement\":[{\"@type\":\"ListItem\",\"position\":1,\"name\":\"Startseite\",\"item\":\"https:\/\/encounters-magazine.com\/de\/\"},{\"@type\":\"ListItem\",\"position\":2,\"name\":\"Encounters Six\",\"item\":\"https:\/\/encounters-magazine.com\/de\/encounters-six\/\"},{\"@type\":\"ListItem\",\"position\":3,\"name\":\"Gal\\u00e1pagos, das verzauberte Archipel\"}]}]}<\/script>\n<!-- \/ Yoast SEO plugin. -->","yoast_head_json":{"description":"Das ENCOUNTERS MAGAZINE von Santacruz International Communication l\u00e4dt Sie ein zu Entdeckungen rund um den Globus: Orte, Menschen und Philosophien.","robots":{"index":"index","follow":"follow","max-snippet":"max-snippet:-1","max-image-preview":"max-image-preview:large","max-video-preview":"max-video-preview:-1"},"canonical":"https:\/\/encounters-magazine.com\/de\/encounters-six\/galapagos-das-verzauberte-archipel\/","og_locale":"de_DE","og_type":"article","og_title":"Gal\u00e1pagos, das verzauberte Archipel - ENCOUNTERS MAGAZINE. Santacruz International Communication","og_description":"Das ENCOUNTERS MAGAZINE von Santacruz International Communication l\u00e4dt Sie ein zu Entdeckungen rund um den Globus: Orte, Menschen und Philosophien.","og_url":"https:\/\/encounters-magazine.com\/de\/encounters-six\/galapagos-das-verzauberte-archipel\/","og_site_name":"DE - ENCOUNTERS MAGAZINE","article_publisher":"https:\/\/www.facebook.com\/lino.santacruz.5","article_modified_time":"2015-04-18T06:55:04+00:00","og_image":[{"width":75,"height":80,"url":"https:\/\/encounters-magazine.com\/de\/wp-content\/uploads\/sites\/2\/2013\/08\/Maceda_portrait.jpg","type":"image\/jpeg"}],"twitter_card":"summary","twitter_site":"@LinoSantacruz","twitter_misc":{"Gesch\u00e4tzte Lesezeit":"4\u00a0Minuten"},"schema":{"@context":"https:\/\/schema.org","@graph":[{"@type":"WebSite","@id":"https:\/\/encounters-magazine.com\/de\/#website","url":"https:\/\/encounters-magazine.com\/de\/","name":"DE - ENCOUNTERS MAGAZINE","description":"","potentialAction":[{"@type":"SearchAction","target":{"@type":"EntryPoint","urlTemplate":"https:\/\/encounters-magazine.com\/de\/?s={search_term_string}"},"query-input":"required name=search_term_string"}],"inLanguage":"de"},{"@type":"ImageObject","@id":"https:\/\/encounters-magazine.com\/de\/encounters-six\/galapagos-das-verzauberte-archipel\/#primaryimage","inLanguage":"de","url":"https:\/\/encounters-magazine.com\/de\/wp-content\/uploads\/sites\/2\/2013\/08\/Maceda_portrait.jpg","contentUrl":"https:\/\/encounters-magazine.com\/de\/wp-content\/uploads\/sites\/2\/2013\/08\/Maceda_portrait.jpg","width":75,"height":80,"caption":"Oscar Maceda"},{"@type":"WebPage","@id":"https:\/\/encounters-magazine.com\/de\/encounters-six\/galapagos-das-verzauberte-archipel\/#webpage","url":"https:\/\/encounters-magazine.com\/de\/encounters-six\/galapagos-das-verzauberte-archipel\/","name":"Gal\u00e1pagos, das verzauberte Archipel - ENCOUNTERS MAGAZINE. Santacruz International Communication","isPartOf":{"@id":"https:\/\/encounters-magazine.com\/de\/#website"},"primaryImageOfPage":{"@id":"https:\/\/encounters-magazine.com\/de\/encounters-six\/galapagos-das-verzauberte-archipel\/#primaryimage"},"datePublished":"2015-04-15T18:31:22+00:00","dateModified":"2015-04-18T06:55:04+00:00","description":"Das ENCOUNTERS MAGAZINE von Santacruz International Communication l\u00e4dt Sie ein zu Entdeckungen rund um den Globus: Orte, Menschen und Philosophien.","breadcrumb":{"@id":"https:\/\/encounters-magazine.com\/de\/encounters-six\/galapagos-das-verzauberte-archipel\/#breadcrumb"},"inLanguage":"de","potentialAction":[{"@type":"ReadAction","target":["https:\/\/encounters-magazine.com\/de\/encounters-six\/galapagos-das-verzauberte-archipel\/"]}]},{"@type":"BreadcrumbList","@id":"https:\/\/encounters-magazine.com\/de\/encounters-six\/galapagos-das-verzauberte-archipel\/#breadcrumb","itemListElement":[{"@type":"ListItem","position":1,"name":"Startseite","item":"https:\/\/encounters-magazine.com\/de\/"},{"@type":"ListItem","position":2,"name":"Encounters Six","item":"https:\/\/encounters-magazine.com\/de\/encounters-six\/"},{"@type":"ListItem","position":3,"name":"Gal\u00e1pagos, das verzauberte Archipel"}]}]}},"_links":{"self":[{"href":"https:\/\/encounters-magazine.com\/de\/wp-json\/wp\/v2\/pages\/1327"}],"collection":[{"href":"https:\/\/encounters-magazine.com\/de\/wp-json\/wp\/v2\/pages"}],"about":[{"href":"https:\/\/encounters-magazine.com\/de\/wp-json\/wp\/v2\/types\/page"}],"author":[{"embeddable":true,"href":"https:\/\/encounters-magazine.com\/de\/wp-json\/wp\/v2\/users\/4"}],"replies":[{"embeddable":true,"href":"https:\/\/encounters-magazine.com\/de\/wp-json\/wp\/v2\/comments?post=1327"}],"version-history":[{"count":1,"href":"https:\/\/encounters-magazine.com\/de\/wp-json\/wp\/v2\/pages\/1327\/revisions"}],"predecessor-version":[{"id":1328,"href":"https:\/\/encounters-magazine.com\/de\/wp-json\/wp\/v2\/pages\/1327\/revisions\/1328"}],"up":[{"embeddable":true,"href":"https:\/\/encounters-magazine.com\/de\/wp-json\/wp\/v2\/pages\/570"}],"wp:featuredmedia":[{"embeddable":true,"href":"https:\/\/encounters-magazine.com\/de\/wp-json\/wp\/v2\/media\/537"}],"wp:attachment":[{"href":"https:\/\/encounters-magazine.com\/de\/wp-json\/wp\/v2\/media?parent=1327"}],"curies":[{"name":"wp","href":"https:\/\/api.w.org\/{rel}","templated":true}]}}