{"id":1325,"date":"2015-04-15T18:30:17","date_gmt":"2015-04-15T18:30:17","guid":{"rendered":"http:\/\/encounters-magazine.com\/de\/?page_id=1325"},"modified":"2015-04-18T08:54:49","modified_gmt":"2015-04-18T06:54:49","slug":"bergen-das-tor-zu-den-fjorden","status":"publish","type":"page","link":"https:\/\/encounters-magazine.com\/de\/encounters-six\/bergen-das-tor-zu-den-fjorden\/","title":{"rendered":"Bergen \u2013 Das Tor zu den Fjorden"},"content":{"rendered":"<p><img loading=\"lazy\" src=\"https:\/\/encounters-magazine.com\/de\/wp-content\/uploads\/sites\/2\/2013\/08\/Bergen_1.jpg\" alt=\"Bergen\" width=\"661\" height=\"297\" class=\"alignleft size-full wp-image-519\" srcset=\"https:\/\/encounters-magazine.com\/de\/wp-content\/uploads\/sites\/2\/2013\/08\/Bergen_1.jpg 661w, https:\/\/encounters-magazine.com\/de\/wp-content\/uploads\/sites\/2\/2013\/08\/Bergen_1-300x134.jpg 300w\" sizes=\"(max-width: 661px) 100vw, 661px\" \/><\/p>\n<p>Die Hafenstadt Bergen wurde laut K\u00f6nigssaga 1070 als Bj\u00f6rgvin (\u201eBergwiese\u201c) von K\u00f6nig Olav Kyrre gegr\u00fcndet. Sie liegt am Inneren Byfjord an der Westk\u00fcste Norwegens. Mit knapp 270.000 Einwohnern ist sie die zweitgr\u00f6\u00dfte Stadt des Landes und vor allem durch den Kai Bryggen (UNESCO Weltkulturerbe) bekannt. Die etwa 60 Geb\u00e4ude sind ein wichtiges Beispiel hanseatischer Baukunst.      <\/p>\n<p>Den gezeigten Ausblick erf\u00e4hrt man vom Fl\u00f8yberg \u2013 einer der sieben Berge, der die Stadt umgibt. Das Bergplateau befindet sich oberhalb des Stadtzentrums auf einer H\u00f6he von 399m. Hier ergibt sich die einzigartige Aussicht auf die Stadt, die Fjorde, die Berge und das weite Meer.<\/p>\n","protected":false},"excerpt":{"rendered":"<p>Die Hafenstadt Bergen wurde laut K\u00f6nigssaga 1070 als Bj\u00f6rgvin (\u201eBergwiese\u201c) von K\u00f6nig Olav Kyrre gegr\u00fcndet. Sie liegt am Inneren Byfjord an der Westk\u00fcste Norwegens. Mit knapp 270.000 Einwohnern ist sie die zweitgr\u00f6\u00dfte Stadt des Landes und vor allem durch den Kai Bryggen (UNESCO Weltkulturerbe) bekannt. Die etwa 60 Geb\u00e4ude sind ein wichtiges Beispiel hanseatischer Baukunst. [&hellip;]<\/p>\n","protected":false},"author":4,"featured_media":0,"parent":570,"menu_order":1,"comment_status":"open","ping_status":"open","template":"page.php","meta":[],"acf":[],"yoast_head":"<!-- This site is optimized with the Yoast SEO plugin v17.9 - https:\/\/yoast.com\/wordpress\/plugins\/seo\/ -->\n<meta name=\"description\" content=\"Das ENCOUNTERS MAGAZINE von Santacruz International Communication l\u00e4dt Sie ein zu Entdeckungen rund um den Globus: Orte, Menschen und Philosophien.\" \/>\n<meta name=\"robots\" content=\"index, follow, max-snippet:-1, max-image-preview:large, max-video-preview:-1\" \/>\n<link rel=\"canonical\" href=\"https:\/\/encounters-magazine.com\/de\/encounters-six\/bergen-das-tor-zu-den-fjorden\/\" \/>\n<meta property=\"og:locale\" content=\"de_DE\" \/>\n<meta property=\"og:type\" content=\"article\" \/>\n<meta property=\"og:title\" content=\"Bergen \u2013 Das Tor zu den Fjorden - ENCOUNTERS MAGAZINE. Santacruz International Communication\" \/>\n<meta property=\"og:description\" content=\"Das ENCOUNTERS MAGAZINE von Santacruz International Communication l\u00e4dt Sie ein zu Entdeckungen rund um den Globus: Orte, Menschen und Philosophien.\" \/>\n<meta property=\"og:url\" content=\"https:\/\/encounters-magazine.com\/de\/encounters-six\/bergen-das-tor-zu-den-fjorden\/\" \/>\n<meta property=\"og:site_name\" content=\"DE - ENCOUNTERS MAGAZINE\" \/>\n<meta property=\"article:publisher\" content=\"https:\/\/www.facebook.com\/lino.santacruz.5\" \/>\n<meta property=\"article:modified_time\" content=\"2015-04-18T06:54:49+00:00\" \/>\n<meta property=\"og:image\" content=\"http:\/\/encounters-magazine.com\/de\/wp-content\/uploads\/sites\/2\/2013\/08\/Bergen_1.jpg\" \/>\n<meta name=\"twitter:card\" content=\"summary\" \/>\n<meta name=\"twitter:site\" content=\"@LinoSantacruz\" \/>\n<meta name=\"twitter:label1\" content=\"Gesch\u00e4tzte Lesezeit\" \/>\n\t<meta name=\"twitter:data1\" content=\"1\u00a0Minute\" \/>\n<script type=\"application\/ld+json\" class=\"yoast-schema-graph\">{\"@context\":\"https:\/\/schema.org\",\"@graph\":[{\"@type\":\"WebSite\",\"@id\":\"https:\/\/encounters-magazine.com\/de\/#website\",\"url\":\"https:\/\/encounters-magazine.com\/de\/\",\"name\":\"DE - ENCOUNTERS MAGAZINE\",\"description\":\"\",\"potentialAction\":[{\"@type\":\"SearchAction\",\"target\":{\"@type\":\"EntryPoint\",\"urlTemplate\":\"https:\/\/encounters-magazine.com\/de\/?s={search_term_string}\"},\"query-input\":\"required name=search_term_string\"}],\"inLanguage\":\"de\"},{\"@type\":\"ImageObject\",\"@id\":\"https:\/\/encounters-magazine.com\/de\/encounters-six\/bergen-das-tor-zu-den-fjorden\/#primaryimage\",\"inLanguage\":\"de\",\"url\":\"http:\/\/encounters-magazine.com\/de\/wp-content\/uploads\/sites\/2\/2013\/08\/Bergen_1.jpg\",\"contentUrl\":\"http:\/\/encounters-magazine.com\/de\/wp-content\/uploads\/sites\/2\/2013\/08\/Bergen_1.jpg\"},{\"@type\":\"WebPage\",\"@id\":\"https:\/\/encounters-magazine.com\/de\/encounters-six\/bergen-das-tor-zu-den-fjorden\/#webpage\",\"url\":\"https:\/\/encounters-magazine.com\/de\/encounters-six\/bergen-das-tor-zu-den-fjorden\/\",\"name\":\"Bergen \\u2013 Das Tor zu den Fjorden - ENCOUNTERS MAGAZINE. Santacruz International Communication\",\"isPartOf\":{\"@id\":\"https:\/\/encounters-magazine.com\/de\/#website\"},\"primaryImageOfPage\":{\"@id\":\"https:\/\/encounters-magazine.com\/de\/encounters-six\/bergen-das-tor-zu-den-fjorden\/#primaryimage\"},\"datePublished\":\"2015-04-15T18:30:17+00:00\",\"dateModified\":\"2015-04-18T06:54:49+00:00\",\"description\":\"Das ENCOUNTERS MAGAZINE von Santacruz International Communication l\\u00e4dt Sie ein zu Entdeckungen rund um den Globus: Orte, Menschen und Philosophien.\",\"breadcrumb\":{\"@id\":\"https:\/\/encounters-magazine.com\/de\/encounters-six\/bergen-das-tor-zu-den-fjorden\/#breadcrumb\"},\"inLanguage\":\"de\",\"potentialAction\":[{\"@type\":\"ReadAction\",\"target\":[\"https:\/\/encounters-magazine.com\/de\/encounters-six\/bergen-das-tor-zu-den-fjorden\/\"]}]},{\"@type\":\"BreadcrumbList\",\"@id\":\"https:\/\/encounters-magazine.com\/de\/encounters-six\/bergen-das-tor-zu-den-fjorden\/#breadcrumb\",\"itemListElement\":[{\"@type\":\"ListItem\",\"position\":1,\"name\":\"Startseite\",\"item\":\"https:\/\/encounters-magazine.com\/de\/\"},{\"@type\":\"ListItem\",\"position\":2,\"name\":\"Encounters Six\",\"item\":\"https:\/\/encounters-magazine.com\/de\/encounters-six\/\"},{\"@type\":\"ListItem\",\"position\":3,\"name\":\"Bergen \\u2013 Das Tor zu den Fjorden\"}]}]}<\/script>\n<!-- \/ Yoast SEO plugin. -->","yoast_head_json":{"description":"Das ENCOUNTERS MAGAZINE von Santacruz International Communication l\u00e4dt Sie ein zu Entdeckungen rund um den Globus: Orte, Menschen und Philosophien.","robots":{"index":"index","follow":"follow","max-snippet":"max-snippet:-1","max-image-preview":"max-image-preview:large","max-video-preview":"max-video-preview:-1"},"canonical":"https:\/\/encounters-magazine.com\/de\/encounters-six\/bergen-das-tor-zu-den-fjorden\/","og_locale":"de_DE","og_type":"article","og_title":"Bergen \u2013 Das Tor zu den Fjorden - ENCOUNTERS MAGAZINE. Santacruz International Communication","og_description":"Das ENCOUNTERS MAGAZINE von Santacruz International Communication l\u00e4dt Sie ein zu Entdeckungen rund um den Globus: Orte, Menschen und Philosophien.","og_url":"https:\/\/encounters-magazine.com\/de\/encounters-six\/bergen-das-tor-zu-den-fjorden\/","og_site_name":"DE - ENCOUNTERS MAGAZINE","article_publisher":"https:\/\/www.facebook.com\/lino.santacruz.5","article_modified_time":"2015-04-18T06:54:49+00:00","og_image":[{"url":"http:\/\/encounters-magazine.com\/de\/wp-content\/uploads\/sites\/2\/2013\/08\/Bergen_1.jpg"}],"twitter_card":"summary","twitter_site":"@LinoSantacruz","twitter_misc":{"Gesch\u00e4tzte Lesezeit":"1\u00a0Minute"},"schema":{"@context":"https:\/\/schema.org","@graph":[{"@type":"WebSite","@id":"https:\/\/encounters-magazine.com\/de\/#website","url":"https:\/\/encounters-magazine.com\/de\/","name":"DE - ENCOUNTERS MAGAZINE","description":"","potentialAction":[{"@type":"SearchAction","target":{"@type":"EntryPoint","urlTemplate":"https:\/\/encounters-magazine.com\/de\/?s={search_term_string}"},"query-input":"required name=search_term_string"}],"inLanguage":"de"},{"@type":"ImageObject","@id":"https:\/\/encounters-magazine.com\/de\/encounters-six\/bergen-das-tor-zu-den-fjorden\/#primaryimage","inLanguage":"de","url":"http:\/\/encounters-magazine.com\/de\/wp-content\/uploads\/sites\/2\/2013\/08\/Bergen_1.jpg","contentUrl":"http:\/\/encounters-magazine.com\/de\/wp-content\/uploads\/sites\/2\/2013\/08\/Bergen_1.jpg"},{"@type":"WebPage","@id":"https:\/\/encounters-magazine.com\/de\/encounters-six\/bergen-das-tor-zu-den-fjorden\/#webpage","url":"https:\/\/encounters-magazine.com\/de\/encounters-six\/bergen-das-tor-zu-den-fjorden\/","name":"Bergen \u2013 Das Tor zu den Fjorden - ENCOUNTERS MAGAZINE. Santacruz International Communication","isPartOf":{"@id":"https:\/\/encounters-magazine.com\/de\/#website"},"primaryImageOfPage":{"@id":"https:\/\/encounters-magazine.com\/de\/encounters-six\/bergen-das-tor-zu-den-fjorden\/#primaryimage"},"datePublished":"2015-04-15T18:30:17+00:00","dateModified":"2015-04-18T06:54:49+00:00","description":"Das ENCOUNTERS MAGAZINE von Santacruz International Communication l\u00e4dt Sie ein zu Entdeckungen rund um den Globus: Orte, Menschen und Philosophien.","breadcrumb":{"@id":"https:\/\/encounters-magazine.com\/de\/encounters-six\/bergen-das-tor-zu-den-fjorden\/#breadcrumb"},"inLanguage":"de","potentialAction":[{"@type":"ReadAction","target":["https:\/\/encounters-magazine.com\/de\/encounters-six\/bergen-das-tor-zu-den-fjorden\/"]}]},{"@type":"BreadcrumbList","@id":"https:\/\/encounters-magazine.com\/de\/encounters-six\/bergen-das-tor-zu-den-fjorden\/#breadcrumb","itemListElement":[{"@type":"ListItem","position":1,"name":"Startseite","item":"https:\/\/encounters-magazine.com\/de\/"},{"@type":"ListItem","position":2,"name":"Encounters Six","item":"https:\/\/encounters-magazine.com\/de\/encounters-six\/"},{"@type":"ListItem","position":3,"name":"Bergen \u2013 Das Tor zu den Fjorden"}]}]}},"_links":{"self":[{"href":"https:\/\/encounters-magazine.com\/de\/wp-json\/wp\/v2\/pages\/1325"}],"collection":[{"href":"https:\/\/encounters-magazine.com\/de\/wp-json\/wp\/v2\/pages"}],"about":[{"href":"https:\/\/encounters-magazine.com\/de\/wp-json\/wp\/v2\/types\/page"}],"author":[{"embeddable":true,"href":"https:\/\/encounters-magazine.com\/de\/wp-json\/wp\/v2\/users\/4"}],"replies":[{"embeddable":true,"href":"https:\/\/encounters-magazine.com\/de\/wp-json\/wp\/v2\/comments?post=1325"}],"version-history":[{"count":1,"href":"https:\/\/encounters-magazine.com\/de\/wp-json\/wp\/v2\/pages\/1325\/revisions"}],"predecessor-version":[{"id":1326,"href":"https:\/\/encounters-magazine.com\/de\/wp-json\/wp\/v2\/pages\/1325\/revisions\/1326"}],"up":[{"embeddable":true,"href":"https:\/\/encounters-magazine.com\/de\/wp-json\/wp\/v2\/pages\/570"}],"wp:attachment":[{"href":"https:\/\/encounters-magazine.com\/de\/wp-json\/wp\/v2\/media?parent=1325"}],"curies":[{"name":"wp","href":"https:\/\/api.w.org\/{rel}","templated":true}]}}