{"id":1320,"date":"2015-04-15T18:24:45","date_gmt":"2015-04-15T18:24:45","guid":{"rendered":"http:\/\/encounters-magazine.com\/de\/?page_id=1320"},"modified":"2015-04-18T08:49:07","modified_gmt":"2015-04-18T06:49:07","slug":"freund-sein","status":"publish","type":"page","link":"https:\/\/encounters-magazine.com\/de\/encounters-five\/freund-sein\/","title":{"rendered":"Freund sein"},"content":{"rendered":"<p>In meiner Familie gibt es ein Sprichwort: Deine Eltern und deine Geschwister sind die Familie, in die du geboren wirst. Freunde sind die Familie, die wir w\u00e4hlen, um das Leben zu teilen.<\/p>\n<p>Ich hatte immer nur ein paar Freunde, aber die sind enge Vertraute und begleiten mich schon \u00fcber viele Jahre. Vor kurzem hat mir das Leben allerdings gezeigt, dass ich mehr Freunde habe als ich dachte. <\/p>\n<p>Letztes Jahr wurde ich mit Brustkrebs diagnostiziert.* Mein Leben hat sich durch die Diagnose in ein paar Minuten dramatisch ver\u00e4ndert \u2013 und f\u00fcr den Rest meines Lebens, durch die Liebe, die mir von Menschen entgegengebracht wurde. <\/p>\n<p>Um durch eine schwierige Zeit wie diese zu kommen, brauchst du gro\u00dfe Kraft. Daf\u00fcr wendest du dich an deine Lieben, Familie und Freunde. Um Unterst\u00fctzung zu bekommen, wenn du dich schwach f\u00fchlst, um lachen zu k\u00f6nnen, wenn du keine Kraft hast aufzustehen, um zu weinen, wenn du Angst hast, um die Momente des Friedens zu teilen, wenn du sie erreicht hast.<\/p>\n<p><img loading=\"lazy\" src=\"https:\/\/encounters-magazine.com\/de\/wp-content\/uploads\/sites\/2\/2013\/07\/navarette_1.jpg\" alt=\"navarette_1\" width=\"507\" height=\"380\" class=\"alignnone size-full wp-image-479\" srcset=\"https:\/\/encounters-magazine.com\/de\/wp-content\/uploads\/sites\/2\/2013\/07\/navarette_1.jpg 507w, https:\/\/encounters-magazine.com\/de\/wp-content\/uploads\/sites\/2\/2013\/07\/navarette_1-300x224.jpg 300w\" sizes=\"(max-width: 507px) 100vw, 507px\" \/><\/p>\n<p>Manchmal hat man das Gl\u00fcck, dass sich die Freunde vermehren, ohne dass man es erwartet. Der Barista, der deinen Kaffee macht, l\u00e4chelt dich an \u2013 in dem kleinen Caf\u00e9 im Park. Der Koch im Restaurant bereitet dir ein &#8222;ges\u00fcnderes&#8220; Omelette zu und der Kellner umarmt dich, wenn du zum Fr\u00fchst\u00fcck kommst. Die Krankenschwester erz\u00e4hlt dir von ihren privaten Hobbies, w\u00e4hrend sie die Chemo f\u00fcr dich vorbereitet. Die Akupunktur-\u00c4rztin gibt dir ein altes Familienrezept. Der Masseur erkl\u00e4rt deinem Partner, wie er deinen Schmerz lindern kann. Der Freund, den du schon seit zehn Jahren nicht mehr gesehen hast, setzt sich ins Flugzeug und \u00fcberrascht dich mit einem Besuch &#8230; es gibt so viele Anekdoten, so viele Begegnungen, so viele Freunde!<\/p>\n<p>Was hat mich das Leben im vergangenen Jahr gelehrt? Wir alle k\u00f6nnen der unerwartete Freund sein. Jeder kann das Leben eines anderen ber\u00fchren. Mit einer Geste, einem Wort, einem Witz. Mit einer SMS, einer E-Mail oder einem Anruf. Mit einer Umarmung. Wir m\u00fcssen nichts Gro\u00dfes zustandebringen, wir m\u00fcssen nicht den Marathon laufen oder ein Verm\u00f6gen anh\u00e4ufen, um etwas zu geben. Wir k\u00f6nnen unsere Zeit schenken, unser L\u00e4cheln, unseren Atem, unsere Liebe und Solidarit\u00e4t f\u00fcr die Kranken, f\u00fcr die Traurigen. F\u00fcr die, die Angst haben und sich verloren f\u00fchlen. Wir sollten jemandem helfen, seine Perspektive zu wechseln, humorvoll zu sein, f\u00fcr einen Moment vielleicht sogar seine Welt ver\u00e4ndern. <\/p>\n<blockquote><p>* Hinweis: Brustkrebs ist die h\u00e4ufigste und auch die Hauptursache der Krebssterblichkeit bei Frauen weltweit. Fr\u00fcherkennung rettet Leben. http:\/\/www.worldwidebreastcancer.com\/learn\/breast-cancer-statistics-worldwide<br \/>\nhttp:\/\/www.who.int\/cancer\/detection\/breastcancer\/en\/<\/p>\n<p>Ioana Navarrete Pellice<br \/>\nIch bin Mexikanerin und Weltb\u00fcrgerin. Im Moment wohne ich in Boston, Massachusetts. 1996 wurde ich Mitarbeiterin im mexikanischen ausw\u00e4rtigen Dienst. In den folgenden 15 Jahren k\u00e4mpfte ich f\u00fcr die Rechte von Mexikanern in den Vereinigten Staaten. Durch meine Arbeit bekam ich Einblick in die Situation der Migranten an der Grenze, im S\u00fcdwesten, im Mittleren Westen und im Osten der Vereinigten Staaten in verschiedenen Phasen der Beziehung zwischen Mexiko und USA. Da ich in beiden L\u00e4ndern Jura studiert habe und als Anw\u00e4ltin in Mexiko t\u00e4tig war, besch\u00e4ftige ich mich im Zusammenhang mit dem Thema Migration vor allem mit den Menschenrechten und deren Schutz. <\/p>\n<p>In meiner Freizeit lese ich gerne, h\u00f6re Musik \u2013 vor allem Rock und Punk \u2013 und ich liebe es, in guten Restaurants zu essen. Mit meinem besten Freund, meinem Mann. Zuhause verbringe ich gerne Zeit mit meinen Hunden Lucas und Sol.<\/p><\/blockquote>\n","protected":false},"excerpt":{"rendered":"<p>In meiner Familie gibt es ein Sprichwort: Deine Eltern und deine Geschwister sind die Familie, in die du geboren wirst. Freunde sind die Familie, die wir w\u00e4hlen, um das Leben zu teilen. Ich hatte immer nur ein paar Freunde, aber die sind enge Vertraute und begleiten mich schon \u00fcber viele Jahre. Vor kurzem hat mir [&hellip;]<\/p>\n","protected":false},"author":4,"featured_media":480,"parent":506,"menu_order":4,"comment_status":"open","ping_status":"open","template":"page.php","meta":[],"acf":[],"yoast_head":"<!-- This site is optimized with the Yoast SEO plugin v17.9 - https:\/\/yoast.com\/wordpress\/plugins\/seo\/ -->\n<meta name=\"description\" content=\"Das ENCOUNTERS MAGAZINE von Santacruz International Communication l\u00e4dt Sie ein zu Entdeckungen rund um den Globus: Orte, Menschen und Philosophien.\" \/>\n<meta name=\"robots\" content=\"index, follow, max-snippet:-1, max-image-preview:large, max-video-preview:-1\" \/>\n<link rel=\"canonical\" href=\"https:\/\/encounters-magazine.com\/de\/encounters-five\/freund-sein\/\" \/>\n<meta property=\"og:locale\" content=\"de_DE\" \/>\n<meta property=\"og:type\" content=\"article\" \/>\n<meta property=\"og:title\" content=\"Freund sein - ENCOUNTERS MAGAZINE. Santacruz International Communication\" \/>\n<meta property=\"og:description\" content=\"Das ENCOUNTERS MAGAZINE von Santacruz International Communication l\u00e4dt Sie ein zu Entdeckungen rund um den Globus: Orte, Menschen und Philosophien.\" \/>\n<meta property=\"og:url\" content=\"https:\/\/encounters-magazine.com\/de\/encounters-five\/freund-sein\/\" \/>\n<meta property=\"og:site_name\" content=\"DE - ENCOUNTERS MAGAZINE\" \/>\n<meta property=\"article:publisher\" content=\"https:\/\/www.facebook.com\/lino.santacruz.5\" \/>\n<meta property=\"article:modified_time\" content=\"2015-04-18T06:49:07+00:00\" \/>\n<meta property=\"og:image\" content=\"https:\/\/encounters-magazine.com\/de\/wp-content\/uploads\/sites\/2\/2013\/07\/navarette_portrait.jpg\" \/>\n\t<meta property=\"og:image:width\" content=\"60\" \/>\n\t<meta property=\"og:image:height\" content=\"80\" \/>\n\t<meta property=\"og:image:type\" content=\"image\/jpeg\" \/>\n<meta name=\"twitter:card\" content=\"summary\" \/>\n<meta name=\"twitter:site\" content=\"@LinoSantacruz\" \/>\n<meta name=\"twitter:label1\" content=\"Gesch\u00e4tzte Lesezeit\" \/>\n\t<meta name=\"twitter:data1\" content=\"3\u00a0Minuten\" \/>\n<script type=\"application\/ld+json\" class=\"yoast-schema-graph\">{\"@context\":\"https:\/\/schema.org\",\"@graph\":[{\"@type\":\"WebSite\",\"@id\":\"https:\/\/encounters-magazine.com\/de\/#website\",\"url\":\"https:\/\/encounters-magazine.com\/de\/\",\"name\":\"DE - ENCOUNTERS MAGAZINE\",\"description\":\"\",\"potentialAction\":[{\"@type\":\"SearchAction\",\"target\":{\"@type\":\"EntryPoint\",\"urlTemplate\":\"https:\/\/encounters-magazine.com\/de\/?s={search_term_string}\"},\"query-input\":\"required name=search_term_string\"}],\"inLanguage\":\"de\"},{\"@type\":\"ImageObject\",\"@id\":\"https:\/\/encounters-magazine.com\/de\/encounters-five\/freund-sein\/#primaryimage\",\"inLanguage\":\"de\",\"url\":\"https:\/\/encounters-magazine.com\/de\/wp-content\/uploads\/sites\/2\/2013\/07\/navarette_portrait.jpg\",\"contentUrl\":\"https:\/\/encounters-magazine.com\/de\/wp-content\/uploads\/sites\/2\/2013\/07\/navarette_portrait.jpg\",\"width\":60,\"height\":80,\"caption\":\"navarette\"},{\"@type\":\"WebPage\",\"@id\":\"https:\/\/encounters-magazine.com\/de\/encounters-five\/freund-sein\/#webpage\",\"url\":\"https:\/\/encounters-magazine.com\/de\/encounters-five\/freund-sein\/\",\"name\":\"Freund sein - ENCOUNTERS MAGAZINE. Santacruz International Communication\",\"isPartOf\":{\"@id\":\"https:\/\/encounters-magazine.com\/de\/#website\"},\"primaryImageOfPage\":{\"@id\":\"https:\/\/encounters-magazine.com\/de\/encounters-five\/freund-sein\/#primaryimage\"},\"datePublished\":\"2015-04-15T18:24:45+00:00\",\"dateModified\":\"2015-04-18T06:49:07+00:00\",\"description\":\"Das ENCOUNTERS MAGAZINE von Santacruz International Communication l\\u00e4dt Sie ein zu Entdeckungen rund um den Globus: Orte, Menschen und Philosophien.\",\"breadcrumb\":{\"@id\":\"https:\/\/encounters-magazine.com\/de\/encounters-five\/freund-sein\/#breadcrumb\"},\"inLanguage\":\"de\",\"potentialAction\":[{\"@type\":\"ReadAction\",\"target\":[\"https:\/\/encounters-magazine.com\/de\/encounters-five\/freund-sein\/\"]}]},{\"@type\":\"BreadcrumbList\",\"@id\":\"https:\/\/encounters-magazine.com\/de\/encounters-five\/freund-sein\/#breadcrumb\",\"itemListElement\":[{\"@type\":\"ListItem\",\"position\":1,\"name\":\"Startseite\",\"item\":\"https:\/\/encounters-magazine.com\/de\/\"},{\"@type\":\"ListItem\",\"position\":2,\"name\":\"Encounters Five\",\"item\":\"https:\/\/encounters-magazine.com\/de\/encounters-five\/\"},{\"@type\":\"ListItem\",\"position\":3,\"name\":\"Freund sein\"}]}]}<\/script>\n<!-- \/ Yoast SEO plugin. -->","yoast_head_json":{"description":"Das ENCOUNTERS MAGAZINE von Santacruz International Communication l\u00e4dt Sie ein zu Entdeckungen rund um den Globus: Orte, Menschen und Philosophien.","robots":{"index":"index","follow":"follow","max-snippet":"max-snippet:-1","max-image-preview":"max-image-preview:large","max-video-preview":"max-video-preview:-1"},"canonical":"https:\/\/encounters-magazine.com\/de\/encounters-five\/freund-sein\/","og_locale":"de_DE","og_type":"article","og_title":"Freund sein - ENCOUNTERS MAGAZINE. Santacruz International Communication","og_description":"Das ENCOUNTERS MAGAZINE von Santacruz International Communication l\u00e4dt Sie ein zu Entdeckungen rund um den Globus: Orte, Menschen und Philosophien.","og_url":"https:\/\/encounters-magazine.com\/de\/encounters-five\/freund-sein\/","og_site_name":"DE - ENCOUNTERS MAGAZINE","article_publisher":"https:\/\/www.facebook.com\/lino.santacruz.5","article_modified_time":"2015-04-18T06:49:07+00:00","og_image":[{"width":60,"height":80,"url":"https:\/\/encounters-magazine.com\/de\/wp-content\/uploads\/sites\/2\/2013\/07\/navarette_portrait.jpg","type":"image\/jpeg"}],"twitter_card":"summary","twitter_site":"@LinoSantacruz","twitter_misc":{"Gesch\u00e4tzte Lesezeit":"3\u00a0Minuten"},"schema":{"@context":"https:\/\/schema.org","@graph":[{"@type":"WebSite","@id":"https:\/\/encounters-magazine.com\/de\/#website","url":"https:\/\/encounters-magazine.com\/de\/","name":"DE - ENCOUNTERS MAGAZINE","description":"","potentialAction":[{"@type":"SearchAction","target":{"@type":"EntryPoint","urlTemplate":"https:\/\/encounters-magazine.com\/de\/?s={search_term_string}"},"query-input":"required name=search_term_string"}],"inLanguage":"de"},{"@type":"ImageObject","@id":"https:\/\/encounters-magazine.com\/de\/encounters-five\/freund-sein\/#primaryimage","inLanguage":"de","url":"https:\/\/encounters-magazine.com\/de\/wp-content\/uploads\/sites\/2\/2013\/07\/navarette_portrait.jpg","contentUrl":"https:\/\/encounters-magazine.com\/de\/wp-content\/uploads\/sites\/2\/2013\/07\/navarette_portrait.jpg","width":60,"height":80,"caption":"navarette"},{"@type":"WebPage","@id":"https:\/\/encounters-magazine.com\/de\/encounters-five\/freund-sein\/#webpage","url":"https:\/\/encounters-magazine.com\/de\/encounters-five\/freund-sein\/","name":"Freund sein - ENCOUNTERS MAGAZINE. Santacruz International Communication","isPartOf":{"@id":"https:\/\/encounters-magazine.com\/de\/#website"},"primaryImageOfPage":{"@id":"https:\/\/encounters-magazine.com\/de\/encounters-five\/freund-sein\/#primaryimage"},"datePublished":"2015-04-15T18:24:45+00:00","dateModified":"2015-04-18T06:49:07+00:00","description":"Das ENCOUNTERS MAGAZINE von Santacruz International Communication l\u00e4dt Sie ein zu Entdeckungen rund um den Globus: Orte, Menschen und Philosophien.","breadcrumb":{"@id":"https:\/\/encounters-magazine.com\/de\/encounters-five\/freund-sein\/#breadcrumb"},"inLanguage":"de","potentialAction":[{"@type":"ReadAction","target":["https:\/\/encounters-magazine.com\/de\/encounters-five\/freund-sein\/"]}]},{"@type":"BreadcrumbList","@id":"https:\/\/encounters-magazine.com\/de\/encounters-five\/freund-sein\/#breadcrumb","itemListElement":[{"@type":"ListItem","position":1,"name":"Startseite","item":"https:\/\/encounters-magazine.com\/de\/"},{"@type":"ListItem","position":2,"name":"Encounters Five","item":"https:\/\/encounters-magazine.com\/de\/encounters-five\/"},{"@type":"ListItem","position":3,"name":"Freund sein"}]}]}},"_links":{"self":[{"href":"https:\/\/encounters-magazine.com\/de\/wp-json\/wp\/v2\/pages\/1320"}],"collection":[{"href":"https:\/\/encounters-magazine.com\/de\/wp-json\/wp\/v2\/pages"}],"about":[{"href":"https:\/\/encounters-magazine.com\/de\/wp-json\/wp\/v2\/types\/page"}],"author":[{"embeddable":true,"href":"https:\/\/encounters-magazine.com\/de\/wp-json\/wp\/v2\/users\/4"}],"replies":[{"embeddable":true,"href":"https:\/\/encounters-magazine.com\/de\/wp-json\/wp\/v2\/comments?post=1320"}],"version-history":[{"count":1,"href":"https:\/\/encounters-magazine.com\/de\/wp-json\/wp\/v2\/pages\/1320\/revisions"}],"predecessor-version":[{"id":1321,"href":"https:\/\/encounters-magazine.com\/de\/wp-json\/wp\/v2\/pages\/1320\/revisions\/1321"}],"up":[{"embeddable":true,"href":"https:\/\/encounters-magazine.com\/de\/wp-json\/wp\/v2\/pages\/506"}],"wp:featuredmedia":[{"embeddable":true,"href":"https:\/\/encounters-magazine.com\/de\/wp-json\/wp\/v2\/media\/480"}],"wp:attachment":[{"href":"https:\/\/encounters-magazine.com\/de\/wp-json\/wp\/v2\/media?parent=1320"}],"curies":[{"name":"wp","href":"https:\/\/api.w.org\/{rel}","templated":true}]}}