{"id":1318,"date":"2015-04-15T18:23:53","date_gmt":"2015-04-15T18:23:53","guid":{"rendered":"http:\/\/encounters-magazine.com\/de\/?page_id=1318"},"modified":"2015-04-18T08:48:53","modified_gmt":"2015-04-18T06:48:53","slug":"global-village","status":"publish","type":"page","link":"https:\/\/encounters-magazine.com\/de\/encounters-five\/global-village\/","title":{"rendered":"&#8222;Global Village&#8220;"},"content":{"rendered":"<p>Im Fernsehen liefen Bilder in schlechter Farbqualit\u00e4t, k\u00f6rnig und unscharf, mit schlechtem Ton, der Freudenschreie \u00fcbert\u00f6nte. An dem Tag, an dem die Welt den Fall der Mauer mitverfolgte, war ich Jurastudent in der kleinen spanischen Stadt Le\u00f3n und der Journalismus war noch nicht in mein Leben getreten. Als die Mauer, die die Welt getrennt hatte, komplett zerst\u00f6rt war, begann aus den Tr\u00fcmmern das Konzept des &#8222;global village&#8220; zu wachsen. Damals, meinen Kopf nur in Jurab\u00fccher versenkt, wusste ich nicht, wie sehr dieser Gedanke meine Zukunft pr\u00e4gen w\u00fcrde. Ebensowenig war mir bewusst, wie dieses fantastische Abenteuer \u2013 ohne Grenzen durchs Leben zu gehen \u2013 Verletzungen hervorrufen w\u00fcrde, die Narben hinterlassen: die Wunden von Nostalgie und Entwurzelung heilen nie.<\/p>\n<p><img loading=\"lazy\" src=\"https:\/\/encounters-magazine.com\/de\/wp-content\/uploads\/sites\/2\/2013\/07\/vega_1.jpg\" alt=\"vega_1\" width=\"507\" height=\"337\" class=\"alignnone size-full wp-image-462\" srcset=\"https:\/\/encounters-magazine.com\/de\/wp-content\/uploads\/sites\/2\/2013\/07\/vega_1.jpg 507w, https:\/\/encounters-magazine.com\/de\/wp-content\/uploads\/sites\/2\/2013\/07\/vega_1-300x199.jpg 300w\" sizes=\"(max-width: 507px) 100vw, 507px\" \/><\/p>\n<p>Die Euphorie nach dem Ende des Kalten Krieges f\u00fchrte in meinem Leben zu einer Kurs\u00e4nderung. Das Jurastudium war so eine sichere und vorbestimmte Laufbahn, dass man die M\u00f6glichkeiten der kleiner werdenden, leichter zug\u00e4nglichen Welt verga\u00df. Um diese Welt dort drau\u00dfen zu entdecken und dar\u00fcber zu berichten, war Journalismus die beste Wahl. Es begann eine Reise mit unvorhersehbaren Zielen, mit denen ich das St\u00fcck Leben konstruiert habe, das ich bis hierher gelebt habe. Ein Weilchen in Wisconsin, ein paar Jahre in Paris, einige in Washington, Madrid und jetzt in Berlin. Manchmal frage ich mich, woher diese Unruhe von uns Reisenden kommt, neue Welten kennenzulernen.<\/p>\n<p><img loading=\"lazy\" src=\"https:\/\/encounters-magazine.com\/de\/wp-content\/uploads\/sites\/2\/2013\/07\/vega_2.jpg\" alt=\"vega_2\" width=\"507\" height=\"339\" class=\"alignnone size-full wp-image-463\" srcset=\"https:\/\/encounters-magazine.com\/de\/wp-content\/uploads\/sites\/2\/2013\/07\/vega_2.jpg 507w, https:\/\/encounters-magazine.com\/de\/wp-content\/uploads\/sites\/2\/2013\/07\/vega_2-300x200.jpg 300w\" sizes=\"(max-width: 507px) 100vw, 507px\" \/><\/p>\n<p>Es liegt etwas Magisches in der Ver\u00e4nderung. Da sind zum Beispiel die Gef\u00fchle, die jedes neue Land mit sich bringt. Das beginnt mit einfachen Dingen, wie der Farbe der Flugh\u00e4fen. Der Madrider Flughafen ist braun, die Vereinigten Staaten begr\u00fc\u00dfen Besucher mit weichen Teppichen, in Z\u00fcrich ist alles gl\u00e4sern und in Amsterdam gr\u00fcn, voller Pflanzen. Die Flugh\u00e4fen sind der Anfang einer Studie \u00fcber die unterschiedlichen Arten des L\u00e4chelns, die Ger\u00fcche der M\u00e4rkte, die Architektur der Lebensmittelgesch\u00e4fte mit den einheimischen Produkten, die verschiedenen Arten, die Sommersonne in unterschiedlichen Teilen der Welt zu genie\u00dfen. Diese Situationen und Gesten, die man erlernt und aufsaugt, rufen dasselbe Gef\u00fchl hervor, das ein Kind empfindet, wenn es ein Geschenk \u00f6ffnet. Man k\u00f6nnte denken, dass man kein Nomadenleben f\u00fchren muss, um sich dieser Dinge bewusst zu werden, dass eine Woche Urlaub in New York ausreicht, um alle Gef\u00fchle, die diese Stadt der Wolkenkratzer bietet, zu verstehen. Aber das ist bei Weitem nicht dasselbe. Ein Besucher sammelt Postkarten, ein Einwohner ist Teil des Bildes auf der Karte. Nur von innen kann man die Details genie\u00dfen.<\/p>\n<p><img loading=\"lazy\" src=\"https:\/\/encounters-magazine.com\/de\/wp-content\/uploads\/sites\/2\/2013\/07\/vega_3.jpg\" alt=\"vega_3\" width=\"507\" height=\"371\" class=\"alignnone size-full wp-image-464\" srcset=\"https:\/\/encounters-magazine.com\/de\/wp-content\/uploads\/sites\/2\/2013\/07\/vega_3.jpg 507w, https:\/\/encounters-magazine.com\/de\/wp-content\/uploads\/sites\/2\/2013\/07\/vega_3-300x219.jpg 300w\" sizes=\"(max-width: 507px) 100vw, 507px\" \/><\/p>\n<p>Wenn man sich in den gleichen Farben wie die Menschen um einen herum kleidet, ihre Sprache spricht, den gleichen Tagesablauf hat und an den Wochenenden die gleichen Dinge unternimmt \u2013 wenn die Neuheit verblasst, dann kommt etwas noch besseres. Dann zeigt sich der echte Abenteurer. Jede Phase der Anpassung an eine neue Umwelt ist wie eine Trainingsphase eines jungen Jedi. Mehr Erfahrung, mehr Weisheit und mehr Verst\u00e4ndnis gegen\u00fcber allem, was anders ist. Das ist eine der besten Lektionen f\u00fcr den Reisenden. Es gibt viele Welten, alle sind unterschiedlich, aber alle lohnen sich. <\/p>\n<p><img loading=\"lazy\" src=\"https:\/\/encounters-magazine.com\/de\/wp-content\/uploads\/sites\/2\/2013\/07\/vega_4.jpg\" alt=\"vega_4\" width=\"507\" height=\"380\" class=\"alignnone size-full wp-image-465\" srcset=\"https:\/\/encounters-magazine.com\/de\/wp-content\/uploads\/sites\/2\/2013\/07\/vega_4.jpg 507w, https:\/\/encounters-magazine.com\/de\/wp-content\/uploads\/sites\/2\/2013\/07\/vega_4-300x224.jpg 300w\" sizes=\"(max-width: 507px) 100vw, 507px\" \/><\/p>\n<p><img loading=\"lazy\" src=\"https:\/\/encounters-magazine.com\/de\/wp-content\/uploads\/sites\/2\/2013\/07\/vega_5.jpg\" alt=\"vega_5\" width=\"507\" height=\"380\" class=\"alignnone size-full wp-image-466\" srcset=\"https:\/\/encounters-magazine.com\/de\/wp-content\/uploads\/sites\/2\/2013\/07\/vega_5.jpg 507w, https:\/\/encounters-magazine.com\/de\/wp-content\/uploads\/sites\/2\/2013\/07\/vega_5-300x224.jpg 300w\" sizes=\"(max-width: 507px) 100vw, 507px\" \/><\/p>\n<p>Ich hatte das Gl\u00fcck, in wunderbaren St\u00e4dten zu leben. Kein Fluss ist pr\u00e4chtiger als die Seine wie sie am Fu\u00dfe von Notre Dame durch Paris flie\u00dft. Kein Friedhof ist sch\u00f6ner oder feierlicher als der in Arlington. Die Parks von New York oder Berlin sind einzigartige Universen. All diese Szenarien sind bereits ein Teil meines Lebens und sie sind in meiner Erinnerung gespeichert \u2013 wie Luxus-Souvenirs. Aber auch in den besten Zeiten an abgelegenen Orten gibt es immer etwas, das fehlt. Mir war nie klar, wo wir Wurzeln schlagen, ob im Blut, im Gehirn, in der Kindheit oder \u2013 nat\u00fcrlich \u2013 in der Familie. Manchmal wird Nostalgie durch einen Geruch, einen Klang, eine Stra\u00dfenszene geweckt. Sie ist immer da, wie eine st\u00f6rrische Begleiterin, wartet darauf, unsere Aufmerksamkeit auf das zu lenken, was wir sind. Es ist der Preis, den wir bezahlen \u2013 die neue Generation der &#8222;global workers&#8220;. Es ist wahr, dass die Technologie alles ver\u00e4ndert hat. Kommunikation \u00fcber soziale Netzwerke und Konnektivit\u00e4t mildern die Entwurzelung. Aber sie verschwindet nie. Vielleicht ist das der Preis, den wir zahlen m\u00fcssen, um die Welt entdecken zu k\u00f6nnen, vielleicht ist das das Signal, das uns Reisenden zeigt, dass wir eines Tages, wenn der Moment gekommen ist, zu unseren Wurzeln zur\u00fcckkehren werden.<\/p>\n<p><img loading=\"lazy\" src=\"https:\/\/encounters-magazine.com\/de\/wp-content\/uploads\/sites\/2\/2013\/07\/vega_6.jpg\" alt=\"vega_6\" width=\"507\" height=\"286\" class=\"alignnone size-full wp-image-467\" srcset=\"https:\/\/encounters-magazine.com\/de\/wp-content\/uploads\/sites\/2\/2013\/07\/vega_6.jpg 507w, https:\/\/encounters-magazine.com\/de\/wp-content\/uploads\/sites\/2\/2013\/07\/vega_6-300x169.jpg 300w\" sizes=\"(max-width: 507px) 100vw, 507px\" \/><\/p>\n<blockquote><p>Carlos de Vega ist seit 15 Jahren als Journalist t\u00e4tig. Gr\u00fcndungsmitglied von CNN+ im Jahre 1999. Dort t\u00e4tig als Reporter und Korrespondent, Programmdirektor und Sonderberichterstatter f\u00fcr Kosovo und Irak. 2004 wurde er Leiter des US-B\u00fcros. Er war verantwortlich f\u00fcr die Berichterstattung zu Hurricane Katrina und den Pr\u00e4sidentschaftskampagnen von Obama und McCain. Im Januar 2011 wurde er zum Communications Manager bei PRISA TV ernannt. Sp\u00e4ter \u00fcbersiedelte er nach Berlin und ist derzeit leitender Korrespondent, Nachrichtensprecher und Talkshow-Host bei der Deutschen Welle.<\/p><\/blockquote>\n","protected":false},"excerpt":{"rendered":"<p>Im Fernsehen liefen Bilder in schlechter Farbqualit\u00e4t, k\u00f6rnig und unscharf, mit schlechtem Ton, der Freudenschreie \u00fcbert\u00f6nte. An dem Tag, an dem die Welt den Fall der Mauer mitverfolgte, war ich Jurastudent in der kleinen spanischen Stadt Le\u00f3n und der Journalismus war noch nicht in mein Leben getreten. Als die Mauer, die die Welt getrennt hatte, [&hellip;]<\/p>\n","protected":false},"author":4,"featured_media":468,"parent":506,"menu_order":3,"comment_status":"open","ping_status":"open","template":"page.php","meta":[],"acf":[],"yoast_head":"<!-- This site is optimized with the Yoast SEO plugin v17.9 - https:\/\/yoast.com\/wordpress\/plugins\/seo\/ -->\n<meta name=\"description\" content=\"Das ENCOUNTERS MAGAZINE von Santacruz International Communication l\u00e4dt Sie ein zu Entdeckungen rund um den Globus: Orte, Menschen und Philosophien.\" \/>\n<meta name=\"robots\" content=\"index, follow, max-snippet:-1, max-image-preview:large, max-video-preview:-1\" \/>\n<link rel=\"canonical\" href=\"https:\/\/encounters-magazine.com\/de\/encounters-five\/global-village\/\" \/>\n<meta property=\"og:locale\" content=\"de_DE\" \/>\n<meta property=\"og:type\" content=\"article\" \/>\n<meta property=\"og:title\" content=\"&quot;Global Village&quot; - ENCOUNTERS MAGAZINE. Santacruz International Communication\" \/>\n<meta property=\"og:description\" content=\"Das ENCOUNTERS MAGAZINE von Santacruz International Communication l\u00e4dt Sie ein zu Entdeckungen rund um den Globus: Orte, Menschen und Philosophien.\" \/>\n<meta property=\"og:url\" content=\"https:\/\/encounters-magazine.com\/de\/encounters-five\/global-village\/\" \/>\n<meta property=\"og:site_name\" content=\"DE - ENCOUNTERS MAGAZINE\" \/>\n<meta property=\"article:publisher\" content=\"https:\/\/www.facebook.com\/lino.santacruz.5\" \/>\n<meta property=\"article:modified_time\" content=\"2015-04-18T06:48:53+00:00\" \/>\n<meta property=\"og:image\" content=\"https:\/\/encounters-magazine.com\/de\/wp-content\/uploads\/sites\/2\/2013\/07\/vega_portait.jpg\" \/>\n\t<meta property=\"og:image:width\" content=\"100\" \/>\n\t<meta property=\"og:image:height\" content=\"80\" \/>\n\t<meta property=\"og:image:type\" content=\"image\/jpeg\" \/>\n<meta name=\"twitter:card\" content=\"summary\" \/>\n<meta name=\"twitter:site\" content=\"@LinoSantacruz\" \/>\n<meta name=\"twitter:label1\" content=\"Gesch\u00e4tzte Lesezeit\" \/>\n\t<meta name=\"twitter:data1\" content=\"4\u00a0Minuten\" \/>\n<script type=\"application\/ld+json\" class=\"yoast-schema-graph\">{\"@context\":\"https:\/\/schema.org\",\"@graph\":[{\"@type\":\"WebSite\",\"@id\":\"https:\/\/encounters-magazine.com\/de\/#website\",\"url\":\"https:\/\/encounters-magazine.com\/de\/\",\"name\":\"DE - ENCOUNTERS MAGAZINE\",\"description\":\"\",\"potentialAction\":[{\"@type\":\"SearchAction\",\"target\":{\"@type\":\"EntryPoint\",\"urlTemplate\":\"https:\/\/encounters-magazine.com\/de\/?s={search_term_string}\"},\"query-input\":\"required name=search_term_string\"}],\"inLanguage\":\"de\"},{\"@type\":\"ImageObject\",\"@id\":\"https:\/\/encounters-magazine.com\/de\/encounters-five\/global-village\/#primaryimage\",\"inLanguage\":\"de\",\"url\":\"https:\/\/encounters-magazine.com\/de\/wp-content\/uploads\/sites\/2\/2013\/07\/vega_portait.jpg\",\"contentUrl\":\"https:\/\/encounters-magazine.com\/de\/wp-content\/uploads\/sites\/2\/2013\/07\/vega_portait.jpg\",\"width\":100,\"height\":80,\"caption\":\"vega\"},{\"@type\":\"WebPage\",\"@id\":\"https:\/\/encounters-magazine.com\/de\/encounters-five\/global-village\/#webpage\",\"url\":\"https:\/\/encounters-magazine.com\/de\/encounters-five\/global-village\/\",\"name\":\"\\\"Global Village\\\" - ENCOUNTERS MAGAZINE. Santacruz International Communication\",\"isPartOf\":{\"@id\":\"https:\/\/encounters-magazine.com\/de\/#website\"},\"primaryImageOfPage\":{\"@id\":\"https:\/\/encounters-magazine.com\/de\/encounters-five\/global-village\/#primaryimage\"},\"datePublished\":\"2015-04-15T18:23:53+00:00\",\"dateModified\":\"2015-04-18T06:48:53+00:00\",\"description\":\"Das ENCOUNTERS MAGAZINE von Santacruz International Communication l\\u00e4dt Sie ein zu Entdeckungen rund um den Globus: Orte, Menschen und Philosophien.\",\"breadcrumb\":{\"@id\":\"https:\/\/encounters-magazine.com\/de\/encounters-five\/global-village\/#breadcrumb\"},\"inLanguage\":\"de\",\"potentialAction\":[{\"@type\":\"ReadAction\",\"target\":[\"https:\/\/encounters-magazine.com\/de\/encounters-five\/global-village\/\"]}]},{\"@type\":\"BreadcrumbList\",\"@id\":\"https:\/\/encounters-magazine.com\/de\/encounters-five\/global-village\/#breadcrumb\",\"itemListElement\":[{\"@type\":\"ListItem\",\"position\":1,\"name\":\"Startseite\",\"item\":\"https:\/\/encounters-magazine.com\/de\/\"},{\"@type\":\"ListItem\",\"position\":2,\"name\":\"Encounters Five\",\"item\":\"https:\/\/encounters-magazine.com\/de\/encounters-five\/\"},{\"@type\":\"ListItem\",\"position\":3,\"name\":\"&#8222;Global Village&#8220;\"}]}]}<\/script>\n<!-- \/ Yoast SEO plugin. -->","yoast_head_json":{"description":"Das ENCOUNTERS MAGAZINE von Santacruz International Communication l\u00e4dt Sie ein zu Entdeckungen rund um den Globus: Orte, Menschen und Philosophien.","robots":{"index":"index","follow":"follow","max-snippet":"max-snippet:-1","max-image-preview":"max-image-preview:large","max-video-preview":"max-video-preview:-1"},"canonical":"https:\/\/encounters-magazine.com\/de\/encounters-five\/global-village\/","og_locale":"de_DE","og_type":"article","og_title":"\"Global Village\" - ENCOUNTERS MAGAZINE. Santacruz International Communication","og_description":"Das ENCOUNTERS MAGAZINE von Santacruz International Communication l\u00e4dt Sie ein zu Entdeckungen rund um den Globus: Orte, Menschen und Philosophien.","og_url":"https:\/\/encounters-magazine.com\/de\/encounters-five\/global-village\/","og_site_name":"DE - ENCOUNTERS MAGAZINE","article_publisher":"https:\/\/www.facebook.com\/lino.santacruz.5","article_modified_time":"2015-04-18T06:48:53+00:00","og_image":[{"width":100,"height":80,"url":"https:\/\/encounters-magazine.com\/de\/wp-content\/uploads\/sites\/2\/2013\/07\/vega_portait.jpg","type":"image\/jpeg"}],"twitter_card":"summary","twitter_site":"@LinoSantacruz","twitter_misc":{"Gesch\u00e4tzte Lesezeit":"4\u00a0Minuten"},"schema":{"@context":"https:\/\/schema.org","@graph":[{"@type":"WebSite","@id":"https:\/\/encounters-magazine.com\/de\/#website","url":"https:\/\/encounters-magazine.com\/de\/","name":"DE - ENCOUNTERS MAGAZINE","description":"","potentialAction":[{"@type":"SearchAction","target":{"@type":"EntryPoint","urlTemplate":"https:\/\/encounters-magazine.com\/de\/?s={search_term_string}"},"query-input":"required name=search_term_string"}],"inLanguage":"de"},{"@type":"ImageObject","@id":"https:\/\/encounters-magazine.com\/de\/encounters-five\/global-village\/#primaryimage","inLanguage":"de","url":"https:\/\/encounters-magazine.com\/de\/wp-content\/uploads\/sites\/2\/2013\/07\/vega_portait.jpg","contentUrl":"https:\/\/encounters-magazine.com\/de\/wp-content\/uploads\/sites\/2\/2013\/07\/vega_portait.jpg","width":100,"height":80,"caption":"vega"},{"@type":"WebPage","@id":"https:\/\/encounters-magazine.com\/de\/encounters-five\/global-village\/#webpage","url":"https:\/\/encounters-magazine.com\/de\/encounters-five\/global-village\/","name":"\"Global Village\" - ENCOUNTERS MAGAZINE. Santacruz International Communication","isPartOf":{"@id":"https:\/\/encounters-magazine.com\/de\/#website"},"primaryImageOfPage":{"@id":"https:\/\/encounters-magazine.com\/de\/encounters-five\/global-village\/#primaryimage"},"datePublished":"2015-04-15T18:23:53+00:00","dateModified":"2015-04-18T06:48:53+00:00","description":"Das ENCOUNTERS MAGAZINE von Santacruz International Communication l\u00e4dt Sie ein zu Entdeckungen rund um den Globus: Orte, Menschen und Philosophien.","breadcrumb":{"@id":"https:\/\/encounters-magazine.com\/de\/encounters-five\/global-village\/#breadcrumb"},"inLanguage":"de","potentialAction":[{"@type":"ReadAction","target":["https:\/\/encounters-magazine.com\/de\/encounters-five\/global-village\/"]}]},{"@type":"BreadcrumbList","@id":"https:\/\/encounters-magazine.com\/de\/encounters-five\/global-village\/#breadcrumb","itemListElement":[{"@type":"ListItem","position":1,"name":"Startseite","item":"https:\/\/encounters-magazine.com\/de\/"},{"@type":"ListItem","position":2,"name":"Encounters Five","item":"https:\/\/encounters-magazine.com\/de\/encounters-five\/"},{"@type":"ListItem","position":3,"name":"&#8222;Global Village&#8220;"}]}]}},"_links":{"self":[{"href":"https:\/\/encounters-magazine.com\/de\/wp-json\/wp\/v2\/pages\/1318"}],"collection":[{"href":"https:\/\/encounters-magazine.com\/de\/wp-json\/wp\/v2\/pages"}],"about":[{"href":"https:\/\/encounters-magazine.com\/de\/wp-json\/wp\/v2\/types\/page"}],"author":[{"embeddable":true,"href":"https:\/\/encounters-magazine.com\/de\/wp-json\/wp\/v2\/users\/4"}],"replies":[{"embeddable":true,"href":"https:\/\/encounters-magazine.com\/de\/wp-json\/wp\/v2\/comments?post=1318"}],"version-history":[{"count":1,"href":"https:\/\/encounters-magazine.com\/de\/wp-json\/wp\/v2\/pages\/1318\/revisions"}],"predecessor-version":[{"id":1319,"href":"https:\/\/encounters-magazine.com\/de\/wp-json\/wp\/v2\/pages\/1318\/revisions\/1319"}],"up":[{"embeddable":true,"href":"https:\/\/encounters-magazine.com\/de\/wp-json\/wp\/v2\/pages\/506"}],"wp:featuredmedia":[{"embeddable":true,"href":"https:\/\/encounters-magazine.com\/de\/wp-json\/wp\/v2\/media\/468"}],"wp:attachment":[{"href":"https:\/\/encounters-magazine.com\/de\/wp-json\/wp\/v2\/media?parent=1318"}],"curies":[{"name":"wp","href":"https:\/\/api.w.org\/{rel}","templated":true}]}}