{"id":1316,"date":"2015-04-15T18:21:45","date_gmt":"2015-04-15T18:21:45","guid":{"rendered":"http:\/\/encounters-magazine.com\/de\/?page_id=1316"},"modified":"2015-04-18T08:48:41","modified_gmt":"2015-04-18T06:48:41","slug":"in-einem-dorf-in-la-mancha-almagro","status":"publish","type":"page","link":"https:\/\/encounters-magazine.com\/de\/encounters-five\/in-einem-dorf-in-la-mancha-almagro\/","title":{"rendered":"In einem Dorf in La Mancha &#8230; Almagro"},"content":{"rendered":"<p>Wir sind zwar nicht auf Pferden unterwegs, aber unsere Reise mutet dennoch wie ein Abenteuer aus Don Quijote und Sancho Panza an \u2013 auf verlorenen Pfaden, zwischen Weinbergen und Getreidefeldern, am unendlichen Horizont die Windm\u00fchlen von La Mancha. <\/p>\n<p>Wir reisen nach Almagro. Dort verbirgt sich ein Schatz, der eine Reise wert ist: das Corral de Comedias. Es ist das einzige Theater aus dem Siglo de Oro, das noch bespielt wird und komplett erhalten ist. Die spanische Stadt in der Provinz Ciudad Real liegt ungef\u00e4hr 200 Kilometer s\u00fcdlich von Madrid. <\/p>\n<p><img loading=\"lazy\" src=\"https:\/\/encounters-magazine.com\/de\/wp-content\/uploads\/sites\/2\/2013\/07\/moraleda_1.jpg\" alt=\"moraleda_1\" width=\"507\" height=\"252\" class=\"alignnone size-full wp-image-493\" srcset=\"https:\/\/encounters-magazine.com\/de\/wp-content\/uploads\/sites\/2\/2013\/07\/moraleda_1.jpg 507w, https:\/\/encounters-magazine.com\/de\/wp-content\/uploads\/sites\/2\/2013\/07\/moraleda_1-300x149.jpg 300w\" sizes=\"(max-width: 507px) 100vw, 507px\" \/><\/p>\n<p>Wir schlendern durch die mit Kopfstein gepflasterten Stra\u00dfen und atmen mit jedem Schritt Geschichte. Es erscheint einfach, sich in dieser Umgebung vier Jahrhunderte zur\u00fcckzudenken und sich Adelsfamilien, Bauern, Kaufleute und Grundbesitzer vorzustellen, die in der Hauptstadt des Ordens von Calatrava lebten. Die Herrenh\u00e4user, Kl\u00f6ster und Pal\u00e4ste des Ordens sind gut erhalten. <\/p>\n<p>Die Gassen von Almagro f\u00fchren uns ins Herz der Stadt, die Plaza Mayor. Der architektonische Stil des Platzes ist einzigartig in Mitteleuropa und Spanien. Auf zwei Seiten des Rechtecks verlaufen smaragdgr\u00fcne Glasgalerien \u00fcber toskanischen S\u00e4uleng\u00e4ngen. An einem Ende des Platzes befindet sich das Rathaus und auf der anderen Seite ein Garten mit dem Reiterstandbild von Don Diego de Almagro, der Eroberer von Peru, Chile und der erste Europ\u00e4er, der in Bolivien landete. <\/p>\n<p><img loading=\"lazy\" src=\"https:\/\/encounters-magazine.com\/de\/wp-content\/uploads\/sites\/2\/2013\/07\/moraleda_2.jpg\" alt=\"moraleda_2\" width=\"507\" height=\"328\" class=\"alignnone size-full wp-image-494\" srcset=\"https:\/\/encounters-magazine.com\/de\/wp-content\/uploads\/sites\/2\/2013\/07\/moraleda_2.jpg 507w, https:\/\/encounters-magazine.com\/de\/wp-content\/uploads\/sites\/2\/2013\/07\/moraleda_2-300x194.jpg 300w\" sizes=\"(max-width: 507px) 100vw, 507px\" \/><\/p>\n<p>Wir wollen aber das Highlight des Platzes finden: das Corral de Comedias. Dieses Barocktheater wurde von Leonardo de Oviedo im Jahre 1628 im Innenhof eines plebejischen Hauses gebaut. <\/p>\n<p>Damals wurde jedes weltliche Theaterst\u00fcck als Kom\u00f6die bezeichnet, obwohl auch andere Genres aufgef\u00fchrt werden. Lope de Vega, Tirso de Molina und Mateo Alem\u00e1n setzten hier ihre Werke in Szene.<\/p>\n<p><img loading=\"lazy\" src=\"https:\/\/encounters-magazine.com\/de\/wp-content\/uploads\/sites\/2\/2013\/07\/moraleda_3.jpg\" alt=\"moraleda_3\" width=\"507\" height=\"337\" class=\"alignnone size-full wp-image-495\" srcset=\"https:\/\/encounters-magazine.com\/de\/wp-content\/uploads\/sites\/2\/2013\/07\/moraleda_3.jpg 507w, https:\/\/encounters-magazine.com\/de\/wp-content\/uploads\/sites\/2\/2013\/07\/moraleda_3-300x199.jpg 300w\" sizes=\"(max-width: 507px) 100vw, 507px\" \/><\/p>\n<p>Das Wort &#8222;Almagro&#8220; kommt aus dem Arabischen und bedeutet r\u00f6tlicher Lehm. Diese Farbe haben die 54 quadratischen Holz-Logen, die die oberen beiden Etagen des Theaters bilden. Der Kontrast mit dem reinen Wei\u00df der W\u00e4nde in einer Region reich an Sonnenschein erzeugt eine nat\u00fcrliche Beleuchtung, die die B\u00fchne lebendig macht.<\/p>\n<p>Im kulturell reichhaltigen Siglo de Oro dienten die Innenh\u00f6fe der H\u00e4user und Gastst\u00e4tten dazu, die verschiedenen sozialen Klassen zu unterhalten. Zusammen, aber dennoch nicht gemischt. Im Innenhof und unter den Steinb\u00f6gen konnten die weniger wohlhabenden M\u00e4nner, die &#8222;Mosqueteros&#8220;, das Schauspiel verfolgen. Ihr Beifall oder Pfeifen entschied \u00fcber Erfolg oder Misserfolg der aufgef\u00fchrten Werke, die normalerweise etwa vier Stunden dauerten.  <\/p>\n<p>Auf beiden Seiten der Galerien sa\u00df die Oberschicht. Nur Adligen war der Zutritt zur Galerie erlaubt, von dort konnten sie das St\u00fcck verfolgen, ohne gesehen zu werden. Frauen hatten ihren Platz in den &#8222;cazuelas&#8220;, den zentralen Galerien mit direktem Blick auf die B\u00fchne. <\/p>\n<p><img loading=\"lazy\" src=\"https:\/\/encounters-magazine.com\/de\/wp-content\/uploads\/sites\/2\/2013\/07\/moraleda_4.jpg\" alt=\"moraleda_4\" width=\"507\" height=\"338\" class=\"alignnone size-full wp-image-496\" srcset=\"https:\/\/encounters-magazine.com\/de\/wp-content\/uploads\/sites\/2\/2013\/07\/moraleda_4.jpg 507w, https:\/\/encounters-magazine.com\/de\/wp-content\/uploads\/sites\/2\/2013\/07\/moraleda_4-300x200.jpg 300w\" sizes=\"(max-width: 507px) 100vw, 507px\" \/><\/p>\n<p>Ein Besuch in Almagro ist im Juli zu empfehlen. Aus gutem Grund: Jedes Jahr findet in diesem Monat das Festival Internacional de Teatro Cl\u00e1sico statt. Schaupl\u00e4tze sind 16 B\u00fchnen von gro\u00dfem historischen Wert. <\/p>\n<p>Wir folgen einer der Arterien des St\u00e4dtchens, der Stra\u00dfe St. Augustine. Wir sehen eine Frau auf der Stra\u00dfe sitzen, die flink unterschiedliches Garn mit Nadeln \u00fcber einem Kissen verarbeitet. Sie kl\u00f6ppelt \u2013 eine Tradition seit Jahrhunderten von Mutter zu Tochter \u00fcberliefert. Nur die Kunden haben sich ver\u00e4ndert: heute sind es neugierige Touristen aus der ganzen Welt. <\/p>\n<p><img loading=\"lazy\" src=\"https:\/\/encounters-magazine.com\/de\/wp-content\/uploads\/sites\/2\/2013\/07\/moraleda_5.jpg\" alt=\"moraleda_5\" width=\"507\" height=\"338\" class=\"alignnone size-full wp-image-497\" srcset=\"https:\/\/encounters-magazine.com\/de\/wp-content\/uploads\/sites\/2\/2013\/07\/moraleda_5.jpg 507w, https:\/\/encounters-magazine.com\/de\/wp-content\/uploads\/sites\/2\/2013\/07\/moraleda_5-300x200.jpg 300w\" sizes=\"(max-width: 507px) 100vw, 507px\" \/><\/p>\n<p>Wir gehen nicht ins Kl\u00f6ppelspitzen-Museum &#8222;Museo del Encaje y Blonda&#8220;, weil die Sammlung von Se\u00f1ora Mar\u00eda und ihrer Schwester, voller wunderbarer Geschichten, wie ein Museum wirkt. Die Damen zufolge liegt der Ursprung des Handwerks bei der Ankunft der Flamen aus den Niederlanden und Carlos I. in der Stadt. Aber wir werden darauf hingewiesen, dass nicht alle damit einverstanden sind, denn schon vor dem 16. Jahrhundert wird die Kl\u00f6ppelspitze in Schriften von Cervantes erw\u00e4hnt. <\/p>\n<p>Wenn man die Tore des Klosters Convento de la Asunci\u00f3n de Calatrava, des Palasts der Markgrafen von Torremej\u00eda oder der Grafen von Valdepara\u00edso sieht, ist es nicht erstaunlich, dass diese Stadt zum kunsthistorischen Erbe erkl\u00e4rt wurde.<\/p>\n<p><img loading=\"lazy\" src=\"https:\/\/encounters-magazine.com\/de\/wp-content\/uploads\/sites\/2\/2013\/07\/moraleda_6.jpg\" alt=\"moraleda_6\" width=\"507\" height=\"338\" class=\"alignnone size-full wp-image-498\" srcset=\"https:\/\/encounters-magazine.com\/de\/wp-content\/uploads\/sites\/2\/2013\/07\/moraleda_6.jpg 507w, https:\/\/encounters-magazine.com\/de\/wp-content\/uploads\/sites\/2\/2013\/07\/moraleda_6-300x200.jpg 300w\" sizes=\"(max-width: 507px) 100vw, 507px\" \/><\/p>\n<p>Nach einer kulinarischen Pause mit Manchego-K\u00e4se, Auberginen aus Almagro und einem Wein aus der Region, \u00fcberqueren wir die Stra\u00dfe, auf der Almod\u00f3var seinen Film &#8222;Volver&#8220;, drehte: die Stra\u00dfe Federico Relimpio. Nach dem Dreh schrieb er:<\/p>\n<p>&#8222;Ich liebe das Karge dieser Stra\u00dfen, das Kopfsteinpflaster, die Fenster mit den Eisengittern, ohne Blument\u00f6pfe, ohne jegliche Art der Verzierung. Die dunklen Sockel. Das intensive Licht des Tages.&#8220;                                                                      <\/p>\n<p>Wir gehen, aber wir kommen wieder.<\/p>\n<p><img loading=\"lazy\" src=\"https:\/\/encounters-magazine.com\/de\/wp-content\/uploads\/sites\/2\/2013\/07\/moraleda_7.jpg\" alt=\"moraleda_7\" width=\"507\" height=\"337\" class=\"alignnone size-full wp-image-499\" srcset=\"https:\/\/encounters-magazine.com\/de\/wp-content\/uploads\/sites\/2\/2013\/07\/moraleda_7.jpg 507w, https:\/\/encounters-magazine.com\/de\/wp-content\/uploads\/sites\/2\/2013\/07\/moraleda_7-300x199.jpg 300w\" sizes=\"(max-width: 507px) 100vw, 507px\" \/><\/p>\n<blockquote><p>Mar\u00eda Luz Moraleda wurde am 26. August 1988 in Herencia, La Mancha, geboren. Sie studierte Journalistik und Audiovisuelle Kommunikation an der Universit\u00e4t Carlos III in Madrid und der University of Central Lancashire, England. Seit September 2012 lebt und arbeitet sie in Berlin.<\/p><\/blockquote>\n","protected":false},"excerpt":{"rendered":"<p>Wir sind zwar nicht auf Pferden unterwegs, aber unsere Reise mutet dennoch wie ein Abenteuer aus Don Quijote und Sancho Panza an \u2013 auf verlorenen Pfaden, zwischen Weinbergen und Getreidefeldern, am unendlichen Horizont die Windm\u00fchlen von La Mancha. Wir reisen nach Almagro. Dort verbirgt sich ein Schatz, der eine Reise wert ist: das Corral de [&hellip;]<\/p>\n","protected":false},"author":4,"featured_media":492,"parent":506,"menu_order":2,"comment_status":"open","ping_status":"open","template":"page.php","meta":[],"acf":[],"yoast_head":"<!-- This site is optimized with the Yoast SEO plugin v17.9 - https:\/\/yoast.com\/wordpress\/plugins\/seo\/ -->\n<meta name=\"description\" content=\"Das ENCOUNTERS MAGAZINE von Santacruz International Communication l\u00e4dt Sie ein zu Entdeckungen rund um den Globus: Orte, Menschen und Philosophien.\" \/>\n<meta name=\"robots\" content=\"index, follow, max-snippet:-1, max-image-preview:large, max-video-preview:-1\" \/>\n<link rel=\"canonical\" href=\"https:\/\/encounters-magazine.com\/de\/encounters-five\/in-einem-dorf-in-la-mancha-almagro\/\" \/>\n<meta property=\"og:locale\" content=\"de_DE\" \/>\n<meta property=\"og:type\" content=\"article\" \/>\n<meta property=\"og:title\" content=\"In einem Dorf in La Mancha ... Almagro - ENCOUNTERS MAGAZINE. Santacruz International Communication\" \/>\n<meta property=\"og:description\" content=\"Das ENCOUNTERS MAGAZINE von Santacruz International Communication l\u00e4dt Sie ein zu Entdeckungen rund um den Globus: Orte, Menschen und Philosophien.\" \/>\n<meta property=\"og:url\" content=\"https:\/\/encounters-magazine.com\/de\/encounters-five\/in-einem-dorf-in-la-mancha-almagro\/\" \/>\n<meta property=\"og:site_name\" content=\"DE - ENCOUNTERS MAGAZINE\" \/>\n<meta property=\"article:publisher\" content=\"https:\/\/www.facebook.com\/lino.santacruz.5\" \/>\n<meta property=\"article:modified_time\" content=\"2015-04-18T06:48:41+00:00\" \/>\n<meta property=\"og:image\" content=\"https:\/\/encounters-magazine.com\/de\/wp-content\/uploads\/sites\/2\/2013\/07\/moraleda_portrait.jpg\" \/>\n\t<meta property=\"og:image:width\" content=\"100\" \/>\n\t<meta property=\"og:image:height\" content=\"80\" \/>\n\t<meta property=\"og:image:type\" content=\"image\/jpeg\" \/>\n<meta name=\"twitter:card\" content=\"summary\" \/>\n<meta name=\"twitter:site\" content=\"@LinoSantacruz\" \/>\n<meta name=\"twitter:label1\" content=\"Gesch\u00e4tzte Lesezeit\" \/>\n\t<meta name=\"twitter:data1\" content=\"4\u00a0Minuten\" \/>\n<script type=\"application\/ld+json\" class=\"yoast-schema-graph\">{\"@context\":\"https:\/\/schema.org\",\"@graph\":[{\"@type\":\"WebSite\",\"@id\":\"https:\/\/encounters-magazine.com\/de\/#website\",\"url\":\"https:\/\/encounters-magazine.com\/de\/\",\"name\":\"DE - ENCOUNTERS MAGAZINE\",\"description\":\"\",\"potentialAction\":[{\"@type\":\"SearchAction\",\"target\":{\"@type\":\"EntryPoint\",\"urlTemplate\":\"https:\/\/encounters-magazine.com\/de\/?s={search_term_string}\"},\"query-input\":\"required name=search_term_string\"}],\"inLanguage\":\"de\"},{\"@type\":\"ImageObject\",\"@id\":\"https:\/\/encounters-magazine.com\/de\/encounters-five\/in-einem-dorf-in-la-mancha-almagro\/#primaryimage\",\"inLanguage\":\"de\",\"url\":\"https:\/\/encounters-magazine.com\/de\/wp-content\/uploads\/sites\/2\/2013\/07\/moraleda_portrait.jpg\",\"contentUrl\":\"https:\/\/encounters-magazine.com\/de\/wp-content\/uploads\/sites\/2\/2013\/07\/moraleda_portrait.jpg\",\"width\":100,\"height\":80,\"caption\":\"moraleda\"},{\"@type\":\"WebPage\",\"@id\":\"https:\/\/encounters-magazine.com\/de\/encounters-five\/in-einem-dorf-in-la-mancha-almagro\/#webpage\",\"url\":\"https:\/\/encounters-magazine.com\/de\/encounters-five\/in-einem-dorf-in-la-mancha-almagro\/\",\"name\":\"In einem Dorf in La Mancha ... Almagro - ENCOUNTERS MAGAZINE. Santacruz International Communication\",\"isPartOf\":{\"@id\":\"https:\/\/encounters-magazine.com\/de\/#website\"},\"primaryImageOfPage\":{\"@id\":\"https:\/\/encounters-magazine.com\/de\/encounters-five\/in-einem-dorf-in-la-mancha-almagro\/#primaryimage\"},\"datePublished\":\"2015-04-15T18:21:45+00:00\",\"dateModified\":\"2015-04-18T06:48:41+00:00\",\"description\":\"Das ENCOUNTERS MAGAZINE von Santacruz International Communication l\\u00e4dt Sie ein zu Entdeckungen rund um den Globus: Orte, Menschen und Philosophien.\",\"breadcrumb\":{\"@id\":\"https:\/\/encounters-magazine.com\/de\/encounters-five\/in-einem-dorf-in-la-mancha-almagro\/#breadcrumb\"},\"inLanguage\":\"de\",\"potentialAction\":[{\"@type\":\"ReadAction\",\"target\":[\"https:\/\/encounters-magazine.com\/de\/encounters-five\/in-einem-dorf-in-la-mancha-almagro\/\"]}]},{\"@type\":\"BreadcrumbList\",\"@id\":\"https:\/\/encounters-magazine.com\/de\/encounters-five\/in-einem-dorf-in-la-mancha-almagro\/#breadcrumb\",\"itemListElement\":[{\"@type\":\"ListItem\",\"position\":1,\"name\":\"Startseite\",\"item\":\"https:\/\/encounters-magazine.com\/de\/\"},{\"@type\":\"ListItem\",\"position\":2,\"name\":\"Encounters Five\",\"item\":\"https:\/\/encounters-magazine.com\/de\/encounters-five\/\"},{\"@type\":\"ListItem\",\"position\":3,\"name\":\"In einem Dorf in La Mancha &#8230; Almagro\"}]}]}<\/script>\n<!-- \/ Yoast SEO plugin. -->","yoast_head_json":{"description":"Das ENCOUNTERS MAGAZINE von Santacruz International Communication l\u00e4dt Sie ein zu Entdeckungen rund um den Globus: Orte, Menschen und Philosophien.","robots":{"index":"index","follow":"follow","max-snippet":"max-snippet:-1","max-image-preview":"max-image-preview:large","max-video-preview":"max-video-preview:-1"},"canonical":"https:\/\/encounters-magazine.com\/de\/encounters-five\/in-einem-dorf-in-la-mancha-almagro\/","og_locale":"de_DE","og_type":"article","og_title":"In einem Dorf in La Mancha ... Almagro - ENCOUNTERS MAGAZINE. Santacruz International Communication","og_description":"Das ENCOUNTERS MAGAZINE von Santacruz International Communication l\u00e4dt Sie ein zu Entdeckungen rund um den Globus: Orte, Menschen und Philosophien.","og_url":"https:\/\/encounters-magazine.com\/de\/encounters-five\/in-einem-dorf-in-la-mancha-almagro\/","og_site_name":"DE - ENCOUNTERS MAGAZINE","article_publisher":"https:\/\/www.facebook.com\/lino.santacruz.5","article_modified_time":"2015-04-18T06:48:41+00:00","og_image":[{"width":100,"height":80,"url":"https:\/\/encounters-magazine.com\/de\/wp-content\/uploads\/sites\/2\/2013\/07\/moraleda_portrait.jpg","type":"image\/jpeg"}],"twitter_card":"summary","twitter_site":"@LinoSantacruz","twitter_misc":{"Gesch\u00e4tzte Lesezeit":"4\u00a0Minuten"},"schema":{"@context":"https:\/\/schema.org","@graph":[{"@type":"WebSite","@id":"https:\/\/encounters-magazine.com\/de\/#website","url":"https:\/\/encounters-magazine.com\/de\/","name":"DE - ENCOUNTERS MAGAZINE","description":"","potentialAction":[{"@type":"SearchAction","target":{"@type":"EntryPoint","urlTemplate":"https:\/\/encounters-magazine.com\/de\/?s={search_term_string}"},"query-input":"required name=search_term_string"}],"inLanguage":"de"},{"@type":"ImageObject","@id":"https:\/\/encounters-magazine.com\/de\/encounters-five\/in-einem-dorf-in-la-mancha-almagro\/#primaryimage","inLanguage":"de","url":"https:\/\/encounters-magazine.com\/de\/wp-content\/uploads\/sites\/2\/2013\/07\/moraleda_portrait.jpg","contentUrl":"https:\/\/encounters-magazine.com\/de\/wp-content\/uploads\/sites\/2\/2013\/07\/moraleda_portrait.jpg","width":100,"height":80,"caption":"moraleda"},{"@type":"WebPage","@id":"https:\/\/encounters-magazine.com\/de\/encounters-five\/in-einem-dorf-in-la-mancha-almagro\/#webpage","url":"https:\/\/encounters-magazine.com\/de\/encounters-five\/in-einem-dorf-in-la-mancha-almagro\/","name":"In einem Dorf in La Mancha ... Almagro - ENCOUNTERS MAGAZINE. Santacruz International Communication","isPartOf":{"@id":"https:\/\/encounters-magazine.com\/de\/#website"},"primaryImageOfPage":{"@id":"https:\/\/encounters-magazine.com\/de\/encounters-five\/in-einem-dorf-in-la-mancha-almagro\/#primaryimage"},"datePublished":"2015-04-15T18:21:45+00:00","dateModified":"2015-04-18T06:48:41+00:00","description":"Das ENCOUNTERS MAGAZINE von Santacruz International Communication l\u00e4dt Sie ein zu Entdeckungen rund um den Globus: Orte, Menschen und Philosophien.","breadcrumb":{"@id":"https:\/\/encounters-magazine.com\/de\/encounters-five\/in-einem-dorf-in-la-mancha-almagro\/#breadcrumb"},"inLanguage":"de","potentialAction":[{"@type":"ReadAction","target":["https:\/\/encounters-magazine.com\/de\/encounters-five\/in-einem-dorf-in-la-mancha-almagro\/"]}]},{"@type":"BreadcrumbList","@id":"https:\/\/encounters-magazine.com\/de\/encounters-five\/in-einem-dorf-in-la-mancha-almagro\/#breadcrumb","itemListElement":[{"@type":"ListItem","position":1,"name":"Startseite","item":"https:\/\/encounters-magazine.com\/de\/"},{"@type":"ListItem","position":2,"name":"Encounters Five","item":"https:\/\/encounters-magazine.com\/de\/encounters-five\/"},{"@type":"ListItem","position":3,"name":"In einem Dorf in La Mancha &#8230; Almagro"}]}]}},"_links":{"self":[{"href":"https:\/\/encounters-magazine.com\/de\/wp-json\/wp\/v2\/pages\/1316"}],"collection":[{"href":"https:\/\/encounters-magazine.com\/de\/wp-json\/wp\/v2\/pages"}],"about":[{"href":"https:\/\/encounters-magazine.com\/de\/wp-json\/wp\/v2\/types\/page"}],"author":[{"embeddable":true,"href":"https:\/\/encounters-magazine.com\/de\/wp-json\/wp\/v2\/users\/4"}],"replies":[{"embeddable":true,"href":"https:\/\/encounters-magazine.com\/de\/wp-json\/wp\/v2\/comments?post=1316"}],"version-history":[{"count":1,"href":"https:\/\/encounters-magazine.com\/de\/wp-json\/wp\/v2\/pages\/1316\/revisions"}],"predecessor-version":[{"id":1317,"href":"https:\/\/encounters-magazine.com\/de\/wp-json\/wp\/v2\/pages\/1316\/revisions\/1317"}],"up":[{"embeddable":true,"href":"https:\/\/encounters-magazine.com\/de\/wp-json\/wp\/v2\/pages\/506"}],"wp:featuredmedia":[{"embeddable":true,"href":"https:\/\/encounters-magazine.com\/de\/wp-json\/wp\/v2\/media\/492"}],"wp:attachment":[{"href":"https:\/\/encounters-magazine.com\/de\/wp-json\/wp\/v2\/media?parent=1316"}],"curies":[{"name":"wp","href":"https:\/\/api.w.org\/{rel}","templated":true}]}}