{"id":1314,"date":"2015-04-15T18:20:30","date_gmt":"2015-04-15T18:20:30","guid":{"rendered":"http:\/\/encounters-magazine.com\/de\/?page_id=1314"},"modified":"2015-04-18T08:47:47","modified_gmt":"2015-04-18T06:47:47","slug":"john-hancock-center-chicago","status":"publish","type":"page","link":"https:\/\/encounters-magazine.com\/de\/encounters-five\/john-hancock-center-chicago\/","title":{"rendered":"John Hancock Center, Chicago"},"content":{"rendered":"<p><img loading=\"lazy\" src=\"https:\/\/encounters-magazine.com\/de\/wp-content\/uploads\/sites\/2\/2013\/07\/John-Hancock-Tower-Chicago.jpg\" alt=\"John-Hancock-Tower-Chicago\" width=\"661\" height=\"297\" class=\"alignleft size-full wp-image-458\" srcset=\"https:\/\/encounters-magazine.com\/de\/wp-content\/uploads\/sites\/2\/2013\/07\/John-Hancock-Tower-Chicago.jpg 661w, https:\/\/encounters-magazine.com\/de\/wp-content\/uploads\/sites\/2\/2013\/07\/John-Hancock-Tower-Chicago-300x134.jpg 300w\" sizes=\"(max-width: 661px) 100vw, 661px\" \/><\/p>\n<p>Dieses Geb\u00e4ude ist der vierth\u00f6chste Wolkenkratzer Chicagos und der siebth\u00f6chste in den USA. Er wurde von dem Architekten Bruce Graham und dem Ingenieur Fazlur Khan, beide aus dem Architektenb\u00fcro Skidmore, Owings and Merrill, entworfen. Das John Hancock Center wurde 1970 fertiggestellt und kostete 100 Millionen Dollar. Durch die mit Stahlstreben verst\u00e4rkte Fassade konnte einerseits Stahl in der Konstruktion gespart werden. Andererseits kann das Geb\u00e4ude Windst\u00e4rken von bis zu 193 km\/h widerstehen. Der Wolkenkratzer ist 344 Meter hoch, verf\u00fcgt \u00fcber 100 Stockwerke und beherbergt B\u00fcros und Restaurants. Aufgrund des schwarzen ausgekreuzten Stahlskeletts und den beiden Antennen auf dem Dach des Wolkenkratzers, die sich bis in 459 Meter H\u00f6he erheben, ist das Geb\u00e4ude vom Lake Michigan aus gut in der Skyline von Chicago zu erkennen. Das John Hancock Center befindet sich am n\u00f6rdlichen Ende der Magnificent Mile.<\/p>\n","protected":false},"excerpt":{"rendered":"<p>Dieses Geb\u00e4ude ist der vierth\u00f6chste Wolkenkratzer Chicagos und der siebth\u00f6chste in den USA. Er wurde von dem Architekten Bruce Graham und dem Ingenieur Fazlur Khan, beide aus dem Architektenb\u00fcro Skidmore, Owings and Merrill, entworfen. Das John Hancock Center wurde 1970 fertiggestellt und kostete 100 Millionen Dollar. Durch die mit Stahlstreben verst\u00e4rkte Fassade konnte einerseits Stahl [&hellip;]<\/p>\n","protected":false},"author":4,"featured_media":0,"parent":506,"menu_order":1,"comment_status":"open","ping_status":"open","template":"page.php","meta":[],"acf":[],"yoast_head":"<!-- This site is optimized with the Yoast SEO plugin v17.9 - https:\/\/yoast.com\/wordpress\/plugins\/seo\/ -->\n<meta name=\"description\" content=\"Das ENCOUNTERS MAGAZINE von Santacruz International Communication l\u00e4dt Sie ein zu Entdeckungen rund um den Globus: Orte, Menschen und Philosophien.\" \/>\n<meta name=\"robots\" content=\"index, follow, max-snippet:-1, max-image-preview:large, max-video-preview:-1\" \/>\n<link rel=\"canonical\" href=\"https:\/\/encounters-magazine.com\/de\/encounters-five\/john-hancock-center-chicago\/\" \/>\n<meta property=\"og:locale\" content=\"de_DE\" \/>\n<meta property=\"og:type\" content=\"article\" \/>\n<meta property=\"og:title\" content=\"John Hancock Center, Chicago - ENCOUNTERS MAGAZINE. Santacruz International Communication\" \/>\n<meta property=\"og:description\" content=\"Das ENCOUNTERS MAGAZINE von Santacruz International Communication l\u00e4dt Sie ein zu Entdeckungen rund um den Globus: Orte, Menschen und Philosophien.\" \/>\n<meta property=\"og:url\" content=\"https:\/\/encounters-magazine.com\/de\/encounters-five\/john-hancock-center-chicago\/\" \/>\n<meta property=\"og:site_name\" content=\"DE - ENCOUNTERS MAGAZINE\" \/>\n<meta property=\"article:publisher\" content=\"https:\/\/www.facebook.com\/lino.santacruz.5\" \/>\n<meta property=\"article:modified_time\" content=\"2015-04-18T06:47:47+00:00\" \/>\n<meta property=\"og:image\" content=\"http:\/\/encounters-magazine.com\/de\/wp-content\/uploads\/sites\/2\/2013\/07\/John-Hancock-Tower-Chicago.jpg\" \/>\n<meta name=\"twitter:card\" content=\"summary\" \/>\n<meta name=\"twitter:site\" content=\"@LinoSantacruz\" \/>\n<meta name=\"twitter:label1\" content=\"Gesch\u00e4tzte Lesezeit\" \/>\n\t<meta name=\"twitter:data1\" content=\"1\u00a0Minute\" \/>\n<script type=\"application\/ld+json\" class=\"yoast-schema-graph\">{\"@context\":\"https:\/\/schema.org\",\"@graph\":[{\"@type\":\"WebSite\",\"@id\":\"https:\/\/encounters-magazine.com\/de\/#website\",\"url\":\"https:\/\/encounters-magazine.com\/de\/\",\"name\":\"DE - ENCOUNTERS MAGAZINE\",\"description\":\"\",\"potentialAction\":[{\"@type\":\"SearchAction\",\"target\":{\"@type\":\"EntryPoint\",\"urlTemplate\":\"https:\/\/encounters-magazine.com\/de\/?s={search_term_string}\"},\"query-input\":\"required name=search_term_string\"}],\"inLanguage\":\"de\"},{\"@type\":\"ImageObject\",\"@id\":\"https:\/\/encounters-magazine.com\/de\/encounters-five\/john-hancock-center-chicago\/#primaryimage\",\"inLanguage\":\"de\",\"url\":\"http:\/\/encounters-magazine.com\/de\/wp-content\/uploads\/sites\/2\/2013\/07\/John-Hancock-Tower-Chicago.jpg\",\"contentUrl\":\"http:\/\/encounters-magazine.com\/de\/wp-content\/uploads\/sites\/2\/2013\/07\/John-Hancock-Tower-Chicago.jpg\"},{\"@type\":\"WebPage\",\"@id\":\"https:\/\/encounters-magazine.com\/de\/encounters-five\/john-hancock-center-chicago\/#webpage\",\"url\":\"https:\/\/encounters-magazine.com\/de\/encounters-five\/john-hancock-center-chicago\/\",\"name\":\"John Hancock Center, Chicago - ENCOUNTERS MAGAZINE. Santacruz International Communication\",\"isPartOf\":{\"@id\":\"https:\/\/encounters-magazine.com\/de\/#website\"},\"primaryImageOfPage\":{\"@id\":\"https:\/\/encounters-magazine.com\/de\/encounters-five\/john-hancock-center-chicago\/#primaryimage\"},\"datePublished\":\"2015-04-15T18:20:30+00:00\",\"dateModified\":\"2015-04-18T06:47:47+00:00\",\"description\":\"Das ENCOUNTERS MAGAZINE von Santacruz International Communication l\\u00e4dt Sie ein zu Entdeckungen rund um den Globus: Orte, Menschen und Philosophien.\",\"breadcrumb\":{\"@id\":\"https:\/\/encounters-magazine.com\/de\/encounters-five\/john-hancock-center-chicago\/#breadcrumb\"},\"inLanguage\":\"de\",\"potentialAction\":[{\"@type\":\"ReadAction\",\"target\":[\"https:\/\/encounters-magazine.com\/de\/encounters-five\/john-hancock-center-chicago\/\"]}]},{\"@type\":\"BreadcrumbList\",\"@id\":\"https:\/\/encounters-magazine.com\/de\/encounters-five\/john-hancock-center-chicago\/#breadcrumb\",\"itemListElement\":[{\"@type\":\"ListItem\",\"position\":1,\"name\":\"Startseite\",\"item\":\"https:\/\/encounters-magazine.com\/de\/\"},{\"@type\":\"ListItem\",\"position\":2,\"name\":\"Encounters Five\",\"item\":\"https:\/\/encounters-magazine.com\/de\/encounters-five\/\"},{\"@type\":\"ListItem\",\"position\":3,\"name\":\"John Hancock Center, Chicago\"}]}]}<\/script>\n<!-- \/ Yoast SEO plugin. -->","yoast_head_json":{"description":"Das ENCOUNTERS MAGAZINE von Santacruz International Communication l\u00e4dt Sie ein zu Entdeckungen rund um den Globus: Orte, Menschen und Philosophien.","robots":{"index":"index","follow":"follow","max-snippet":"max-snippet:-1","max-image-preview":"max-image-preview:large","max-video-preview":"max-video-preview:-1"},"canonical":"https:\/\/encounters-magazine.com\/de\/encounters-five\/john-hancock-center-chicago\/","og_locale":"de_DE","og_type":"article","og_title":"John Hancock Center, Chicago - ENCOUNTERS MAGAZINE. Santacruz International Communication","og_description":"Das ENCOUNTERS MAGAZINE von Santacruz International Communication l\u00e4dt Sie ein zu Entdeckungen rund um den Globus: Orte, Menschen und Philosophien.","og_url":"https:\/\/encounters-magazine.com\/de\/encounters-five\/john-hancock-center-chicago\/","og_site_name":"DE - ENCOUNTERS MAGAZINE","article_publisher":"https:\/\/www.facebook.com\/lino.santacruz.5","article_modified_time":"2015-04-18T06:47:47+00:00","og_image":[{"url":"http:\/\/encounters-magazine.com\/de\/wp-content\/uploads\/sites\/2\/2013\/07\/John-Hancock-Tower-Chicago.jpg"}],"twitter_card":"summary","twitter_site":"@LinoSantacruz","twitter_misc":{"Gesch\u00e4tzte Lesezeit":"1\u00a0Minute"},"schema":{"@context":"https:\/\/schema.org","@graph":[{"@type":"WebSite","@id":"https:\/\/encounters-magazine.com\/de\/#website","url":"https:\/\/encounters-magazine.com\/de\/","name":"DE - ENCOUNTERS MAGAZINE","description":"","potentialAction":[{"@type":"SearchAction","target":{"@type":"EntryPoint","urlTemplate":"https:\/\/encounters-magazine.com\/de\/?s={search_term_string}"},"query-input":"required name=search_term_string"}],"inLanguage":"de"},{"@type":"ImageObject","@id":"https:\/\/encounters-magazine.com\/de\/encounters-five\/john-hancock-center-chicago\/#primaryimage","inLanguage":"de","url":"http:\/\/encounters-magazine.com\/de\/wp-content\/uploads\/sites\/2\/2013\/07\/John-Hancock-Tower-Chicago.jpg","contentUrl":"http:\/\/encounters-magazine.com\/de\/wp-content\/uploads\/sites\/2\/2013\/07\/John-Hancock-Tower-Chicago.jpg"},{"@type":"WebPage","@id":"https:\/\/encounters-magazine.com\/de\/encounters-five\/john-hancock-center-chicago\/#webpage","url":"https:\/\/encounters-magazine.com\/de\/encounters-five\/john-hancock-center-chicago\/","name":"John Hancock Center, Chicago - ENCOUNTERS MAGAZINE. Santacruz International Communication","isPartOf":{"@id":"https:\/\/encounters-magazine.com\/de\/#website"},"primaryImageOfPage":{"@id":"https:\/\/encounters-magazine.com\/de\/encounters-five\/john-hancock-center-chicago\/#primaryimage"},"datePublished":"2015-04-15T18:20:30+00:00","dateModified":"2015-04-18T06:47:47+00:00","description":"Das ENCOUNTERS MAGAZINE von Santacruz International Communication l\u00e4dt Sie ein zu Entdeckungen rund um den Globus: Orte, Menschen und Philosophien.","breadcrumb":{"@id":"https:\/\/encounters-magazine.com\/de\/encounters-five\/john-hancock-center-chicago\/#breadcrumb"},"inLanguage":"de","potentialAction":[{"@type":"ReadAction","target":["https:\/\/encounters-magazine.com\/de\/encounters-five\/john-hancock-center-chicago\/"]}]},{"@type":"BreadcrumbList","@id":"https:\/\/encounters-magazine.com\/de\/encounters-five\/john-hancock-center-chicago\/#breadcrumb","itemListElement":[{"@type":"ListItem","position":1,"name":"Startseite","item":"https:\/\/encounters-magazine.com\/de\/"},{"@type":"ListItem","position":2,"name":"Encounters Five","item":"https:\/\/encounters-magazine.com\/de\/encounters-five\/"},{"@type":"ListItem","position":3,"name":"John Hancock Center, Chicago"}]}]}},"_links":{"self":[{"href":"https:\/\/encounters-magazine.com\/de\/wp-json\/wp\/v2\/pages\/1314"}],"collection":[{"href":"https:\/\/encounters-magazine.com\/de\/wp-json\/wp\/v2\/pages"}],"about":[{"href":"https:\/\/encounters-magazine.com\/de\/wp-json\/wp\/v2\/types\/page"}],"author":[{"embeddable":true,"href":"https:\/\/encounters-magazine.com\/de\/wp-json\/wp\/v2\/users\/4"}],"replies":[{"embeddable":true,"href":"https:\/\/encounters-magazine.com\/de\/wp-json\/wp\/v2\/comments?post=1314"}],"version-history":[{"count":1,"href":"https:\/\/encounters-magazine.com\/de\/wp-json\/wp\/v2\/pages\/1314\/revisions"}],"predecessor-version":[{"id":1315,"href":"https:\/\/encounters-magazine.com\/de\/wp-json\/wp\/v2\/pages\/1314\/revisions\/1315"}],"up":[{"embeddable":true,"href":"https:\/\/encounters-magazine.com\/de\/wp-json\/wp\/v2\/pages\/506"}],"wp:attachment":[{"href":"https:\/\/encounters-magazine.com\/de\/wp-json\/wp\/v2\/media?parent=1314"}],"curies":[{"name":"wp","href":"https:\/\/api.w.org\/{rel}","templated":true}]}}