{"id":1309,"date":"2015-04-15T18:13:51","date_gmt":"2015-04-15T18:13:51","guid":{"rendered":"http:\/\/encounters-magazine.com\/de\/?page_id=1309"},"modified":"2015-04-18T08:51:10","modified_gmt":"2015-04-18T06:51:10","slug":"brasilien-das-friedliche-miteinander-von-menschen","status":"publish","type":"page","link":"https:\/\/encounters-magazine.com\/de\/encounters-four\/brasilien-das-friedliche-miteinander-von-menschen\/","title":{"rendered":"Brasilien \u2013 Das friedliche Miteinander von Menschen"},"content":{"rendered":"<p>Im Jahr 2001 haben wir, eine Gruppe von Freunden aus beiden L\u00e4ndern,  die Deutsch- Brasilianische Freundschaftsvereinigung e.V. gegr\u00fcndet (www.freundschaftsvereinigung.com). Dabei handelt es sich um eine gemeinn\u00fctzige (mildt\u00e4tige) Organisation, die sich zum Ziel gesetzt hat, die sozialen und kulturellen Verbindungen zwischen beiden L\u00e4ndern zu st\u00e4rken. <\/p>\n<p><img loading=\"lazy\" src=\"https:\/\/encounters-magazine.com\/de\/wp-content\/uploads\/sites\/2\/2013\/06\/Wagner_2.jpg\" alt=\"Wagner_2\" width=\"507\" height=\"380\" class=\"alignnone size-full wp-image-375\" srcset=\"https:\/\/encounters-magazine.com\/de\/wp-content\/uploads\/sites\/2\/2013\/06\/Wagner_2.jpg 507w, https:\/\/encounters-magazine.com\/de\/wp-content\/uploads\/sites\/2\/2013\/06\/Wagner_2-300x224.jpg 300w\" sizes=\"(max-width: 507px) 100vw, 507px\" \/><\/p>\n<p>Zur F\u00f6rderung dieses Zwecks unterst\u00fctzen wir die Creche Escola Dr. Jose Renato Veloso Lima  in Salvador\/Bahia. Dort werden t\u00e4glich ca. 180  Kinder aus  sozial benachteiligten Familien im Alter zwischen 1 und 6 Jahren betreut. Staatliche Betreuungseinrichtungen f\u00fcr diese Altersgruppe fehlen in Brasilien.<\/p>\n<p><img loading=\"lazy\" src=\"https:\/\/encounters-magazine.com\/de\/wp-content\/uploads\/sites\/2\/2013\/06\/Wagner_3.jpg\" alt=\"Wagner_3\" width=\"507\" height=\"380\" class=\"alignnone size-full wp-image-376\" srcset=\"https:\/\/encounters-magazine.com\/de\/wp-content\/uploads\/sites\/2\/2013\/06\/Wagner_3.jpg 507w, https:\/\/encounters-magazine.com\/de\/wp-content\/uploads\/sites\/2\/2013\/06\/Wagner_3-300x224.jpg 300w\" sizes=\"(max-width: 507px) 100vw, 507px\" \/><\/p>\n<h2> Armut gibt es \u00fcberall. Warum engagieren wir uns in Brasilien? <\/h2>\n<p>Brasilien kann ein Vorbild f\u00fcr das friedliche Miteinander von Menschen sein. Die Feststellung von  Euclides da Cunha, wonach es keine \u201ebrasilianische Rasse\u201c gibt (Nao h\u00e1 um tipo antrop\u00f3logico brasileiro), beansprucht bis heute G\u00fcltigkeit. Die brasilianische Nation beruht auf der  freien und ungehemmten Durchmischung aller Farben und Rassen. Auf diese Weise habe sich die indianischen Ureinwohner im Laufe der Jahrhunderte mit den Portugiesen, den als Arbeitssklaven aus Afrika verschleppten Schwarzen und den vielen Einwanderern aus Italien, aber auch Frankreich und Deutschland vermischt. Einen nicht unerheblichen Anteil an dieser Durchmischung der Rassen haben die Jesuiten, die das Land fr\u00fch als eine Chance f\u00fcr den Aufbau einer neuen Gesellschaft ohne Klassenunterschiede und Sklaverei begriffen haben. Anders als etwa in der spanischen Kirche, wurden Kinder der portugiesischen Kolonialisten mit indigenen Ureinwohnern oder Sklaven von Anfang an als gleichberechtigte Kinder Gottes angesehen. Das wirkt bis heute positiv fort. Zwar gibt es auch in Brasilien \u2013wie \u00fcberall- Kriminalit\u00e4t. Doch die Kriminalit\u00e4t ist im Wesentlichen armutsgetrieben. Kriminalit\u00e4t in Brasilien ist nie getragen von abstraktem Hass gegen andere Rassen, Religionen, Klassen oder Lebensformen. Brasilien hat kenne nennenswerten ethnischen oder religi\u00f6sen Probleme, es kennt nicht den Stumpfsinn von Selbstmordattentaten und Amokl\u00e4ufen. Die brasilianische Sprache kennt nicht einmal Entsprechungen f\u00fcr die anderenorts verbreiteten Schimpfw\u00f6rter zur Verunglimpfung anderer Ethnien. Die Vielfalt der in der Bev\u00f6lkerung anzutreffenden Schattierungen wird vielmehr in bildlich-liebevoller Art (\u201ecaf\u00e9 com leite\u201c,  \u201eleite com caf\u00e9\u201c) beschrieben, ohne dass darin auch nur der Hauch einer Geringsch\u00e4tzung zum Ausdruck kommen w\u00fcrde.<\/p>\n<p><img loading=\"lazy\" src=\"https:\/\/encounters-magazine.com\/de\/wp-content\/uploads\/sites\/2\/2013\/06\/Wagner_4.jpg\" alt=\"Wagner_4\" width=\"507\" height=\"380\" class=\"alignnone size-full wp-image-377\" srcset=\"https:\/\/encounters-magazine.com\/de\/wp-content\/uploads\/sites\/2\/2013\/06\/Wagner_4.jpg 507w, https:\/\/encounters-magazine.com\/de\/wp-content\/uploads\/sites\/2\/2013\/06\/Wagner_4-300x224.jpg 300w\" sizes=\"(max-width: 507px) 100vw, 507px\" \/><\/p>\n<p>In dieser Hinsicht taugt die brasilianische Gesellschaft als Vorbild f\u00fcr andere L\u00e4nder, in denen das Denken in Kategorien von Rassen-, Klassen- und Religionszugeh\u00f6rigkeiten noch fest verankert ist. Wenn wir alle diese Schranken \u00fcberwinden k\u00f6nnten, w\u00e4re die Welt ein noch besserer Platz.<\/p>\n<p><img loading=\"lazy\" src=\"https:\/\/encounters-magazine.com\/de\/wp-content\/uploads\/sites\/2\/2013\/06\/Wagner_5.jpg\" alt=\"Wagner_5\" width=\"507\" height=\"380\" class=\"alignnone size-full wp-image-378\" srcset=\"https:\/\/encounters-magazine.com\/de\/wp-content\/uploads\/sites\/2\/2013\/06\/Wagner_5.jpg 507w, https:\/\/encounters-magazine.com\/de\/wp-content\/uploads\/sites\/2\/2013\/06\/Wagner_5-300x224.jpg 300w\" sizes=\"(max-width: 507px) 100vw, 507px\" \/><\/p>\n<blockquote><p>Dr. Kay Wagner wurde 1972 geboren, hat in Marburg, Potsdam und Kapstadt Rechtswissenschaften studiert und ist als Rechtsanwalt im Bereich Entertainment- und Medienrecht t\u00e4tig (kay.wagner@ihde.de).<\/p><\/blockquote>\n","protected":false},"excerpt":{"rendered":"<p>Im Jahr 2001 haben wir, eine Gruppe von Freunden aus beiden L\u00e4ndern, die Deutsch- Brasilianische Freundschaftsvereinigung e.V. gegr\u00fcndet (www.freundschaftsvereinigung.com). Dabei handelt es sich um eine gemeinn\u00fctzige (mildt\u00e4tige) Organisation, die sich zum Ziel gesetzt hat, die sozialen und kulturellen Verbindungen zwischen beiden L\u00e4ndern zu st\u00e4rken. Zur F\u00f6rderung dieses Zwecks unterst\u00fctzen wir die Creche Escola Dr. Jose [&hellip;]<\/p>\n","protected":false},"author":4,"featured_media":370,"parent":437,"menu_order":4,"comment_status":"open","ping_status":"open","template":"page.php","meta":[],"acf":[],"yoast_head":"<!-- This site is optimized with the Yoast SEO plugin v17.9 - https:\/\/yoast.com\/wordpress\/plugins\/seo\/ -->\n<meta name=\"description\" content=\"Das ENCOUNTERS MAGAZINE von Santacruz International Communication l\u00e4dt Sie ein zu Entdeckungen rund um den Globus: Orte, Menschen und Philosophien.\" \/>\n<meta name=\"robots\" content=\"index, follow, max-snippet:-1, max-image-preview:large, max-video-preview:-1\" \/>\n<link rel=\"canonical\" href=\"https:\/\/encounters-magazine.com\/de\/encounters-four\/brasilien-das-friedliche-miteinander-von-menschen\/\" \/>\n<meta property=\"og:locale\" content=\"de_DE\" \/>\n<meta property=\"og:type\" content=\"article\" \/>\n<meta property=\"og:title\" content=\"Brasilien \u2013 Das friedliche Miteinander von Menschen - ENCOUNTERS MAGAZINE. Santacruz International Communication\" \/>\n<meta property=\"og:description\" content=\"Das ENCOUNTERS MAGAZINE von Santacruz International Communication l\u00e4dt Sie ein zu Entdeckungen rund um den Globus: Orte, Menschen und Philosophien.\" \/>\n<meta property=\"og:url\" content=\"https:\/\/encounters-magazine.com\/de\/encounters-four\/brasilien-das-friedliche-miteinander-von-menschen\/\" \/>\n<meta property=\"og:site_name\" content=\"DE - ENCOUNTERS MAGAZINE\" \/>\n<meta property=\"article:publisher\" content=\"https:\/\/www.facebook.com\/lino.santacruz.5\" \/>\n<meta property=\"article:modified_time\" content=\"2015-04-18T06:51:10+00:00\" \/>\n<meta property=\"og:image\" content=\"https:\/\/encounters-magazine.com\/de\/wp-content\/uploads\/sites\/2\/2013\/06\/Wagner_Portrait.jpg\" \/>\n\t<meta property=\"og:image:width\" content=\"100\" \/>\n\t<meta property=\"og:image:height\" content=\"80\" \/>\n\t<meta property=\"og:image:type\" content=\"image\/jpeg\" \/>\n<meta name=\"twitter:card\" content=\"summary\" \/>\n<meta name=\"twitter:site\" content=\"@LinoSantacruz\" \/>\n<meta name=\"twitter:label1\" content=\"Gesch\u00e4tzte Lesezeit\" \/>\n\t<meta name=\"twitter:data1\" content=\"2\u00a0Minuten\" \/>\n<script type=\"application\/ld+json\" class=\"yoast-schema-graph\">{\"@context\":\"https:\/\/schema.org\",\"@graph\":[{\"@type\":\"WebSite\",\"@id\":\"https:\/\/encounters-magazine.com\/de\/#website\",\"url\":\"https:\/\/encounters-magazine.com\/de\/\",\"name\":\"DE - ENCOUNTERS MAGAZINE\",\"description\":\"\",\"potentialAction\":[{\"@type\":\"SearchAction\",\"target\":{\"@type\":\"EntryPoint\",\"urlTemplate\":\"https:\/\/encounters-magazine.com\/de\/?s={search_term_string}\"},\"query-input\":\"required name=search_term_string\"}],\"inLanguage\":\"de\"},{\"@type\":\"ImageObject\",\"@id\":\"https:\/\/encounters-magazine.com\/de\/encounters-four\/brasilien-das-friedliche-miteinander-von-menschen\/#primaryimage\",\"inLanguage\":\"de\",\"url\":\"https:\/\/encounters-magazine.com\/de\/wp-content\/uploads\/sites\/2\/2013\/06\/Wagner_Portrait.jpg\",\"contentUrl\":\"https:\/\/encounters-magazine.com\/de\/wp-content\/uploads\/sites\/2\/2013\/06\/Wagner_Portrait.jpg\",\"width\":100,\"height\":80,\"caption\":\"Kay Wagner\"},{\"@type\":\"WebPage\",\"@id\":\"https:\/\/encounters-magazine.com\/de\/encounters-four\/brasilien-das-friedliche-miteinander-von-menschen\/#webpage\",\"url\":\"https:\/\/encounters-magazine.com\/de\/encounters-four\/brasilien-das-friedliche-miteinander-von-menschen\/\",\"name\":\"Brasilien \\u2013 Das friedliche Miteinander von Menschen - ENCOUNTERS MAGAZINE. Santacruz International Communication\",\"isPartOf\":{\"@id\":\"https:\/\/encounters-magazine.com\/de\/#website\"},\"primaryImageOfPage\":{\"@id\":\"https:\/\/encounters-magazine.com\/de\/encounters-four\/brasilien-das-friedliche-miteinander-von-menschen\/#primaryimage\"},\"datePublished\":\"2015-04-15T18:13:51+00:00\",\"dateModified\":\"2015-04-18T06:51:10+00:00\",\"description\":\"Das ENCOUNTERS MAGAZINE von Santacruz International Communication l\\u00e4dt Sie ein zu Entdeckungen rund um den Globus: Orte, Menschen und Philosophien.\",\"breadcrumb\":{\"@id\":\"https:\/\/encounters-magazine.com\/de\/encounters-four\/brasilien-das-friedliche-miteinander-von-menschen\/#breadcrumb\"},\"inLanguage\":\"de\",\"potentialAction\":[{\"@type\":\"ReadAction\",\"target\":[\"https:\/\/encounters-magazine.com\/de\/encounters-four\/brasilien-das-friedliche-miteinander-von-menschen\/\"]}]},{\"@type\":\"BreadcrumbList\",\"@id\":\"https:\/\/encounters-magazine.com\/de\/encounters-four\/brasilien-das-friedliche-miteinander-von-menschen\/#breadcrumb\",\"itemListElement\":[{\"@type\":\"ListItem\",\"position\":1,\"name\":\"Startseite\",\"item\":\"https:\/\/encounters-magazine.com\/de\/\"},{\"@type\":\"ListItem\",\"position\":2,\"name\":\"Encounters Four\",\"item\":\"https:\/\/encounters-magazine.com\/de\/encounters-four\/\"},{\"@type\":\"ListItem\",\"position\":3,\"name\":\"Brasilien \\u2013 Das friedliche Miteinander von Menschen\"}]}]}<\/script>\n<!-- \/ Yoast SEO plugin. -->","yoast_head_json":{"description":"Das ENCOUNTERS MAGAZINE von Santacruz International Communication l\u00e4dt Sie ein zu Entdeckungen rund um den Globus: Orte, Menschen und Philosophien.","robots":{"index":"index","follow":"follow","max-snippet":"max-snippet:-1","max-image-preview":"max-image-preview:large","max-video-preview":"max-video-preview:-1"},"canonical":"https:\/\/encounters-magazine.com\/de\/encounters-four\/brasilien-das-friedliche-miteinander-von-menschen\/","og_locale":"de_DE","og_type":"article","og_title":"Brasilien \u2013 Das friedliche Miteinander von Menschen - ENCOUNTERS MAGAZINE. Santacruz International Communication","og_description":"Das ENCOUNTERS MAGAZINE von Santacruz International Communication l\u00e4dt Sie ein zu Entdeckungen rund um den Globus: Orte, Menschen und Philosophien.","og_url":"https:\/\/encounters-magazine.com\/de\/encounters-four\/brasilien-das-friedliche-miteinander-von-menschen\/","og_site_name":"DE - ENCOUNTERS MAGAZINE","article_publisher":"https:\/\/www.facebook.com\/lino.santacruz.5","article_modified_time":"2015-04-18T06:51:10+00:00","og_image":[{"width":100,"height":80,"url":"https:\/\/encounters-magazine.com\/de\/wp-content\/uploads\/sites\/2\/2013\/06\/Wagner_Portrait.jpg","type":"image\/jpeg"}],"twitter_card":"summary","twitter_site":"@LinoSantacruz","twitter_misc":{"Gesch\u00e4tzte Lesezeit":"2\u00a0Minuten"},"schema":{"@context":"https:\/\/schema.org","@graph":[{"@type":"WebSite","@id":"https:\/\/encounters-magazine.com\/de\/#website","url":"https:\/\/encounters-magazine.com\/de\/","name":"DE - ENCOUNTERS MAGAZINE","description":"","potentialAction":[{"@type":"SearchAction","target":{"@type":"EntryPoint","urlTemplate":"https:\/\/encounters-magazine.com\/de\/?s={search_term_string}"},"query-input":"required name=search_term_string"}],"inLanguage":"de"},{"@type":"ImageObject","@id":"https:\/\/encounters-magazine.com\/de\/encounters-four\/brasilien-das-friedliche-miteinander-von-menschen\/#primaryimage","inLanguage":"de","url":"https:\/\/encounters-magazine.com\/de\/wp-content\/uploads\/sites\/2\/2013\/06\/Wagner_Portrait.jpg","contentUrl":"https:\/\/encounters-magazine.com\/de\/wp-content\/uploads\/sites\/2\/2013\/06\/Wagner_Portrait.jpg","width":100,"height":80,"caption":"Kay Wagner"},{"@type":"WebPage","@id":"https:\/\/encounters-magazine.com\/de\/encounters-four\/brasilien-das-friedliche-miteinander-von-menschen\/#webpage","url":"https:\/\/encounters-magazine.com\/de\/encounters-four\/brasilien-das-friedliche-miteinander-von-menschen\/","name":"Brasilien \u2013 Das friedliche Miteinander von Menschen - ENCOUNTERS MAGAZINE. Santacruz International Communication","isPartOf":{"@id":"https:\/\/encounters-magazine.com\/de\/#website"},"primaryImageOfPage":{"@id":"https:\/\/encounters-magazine.com\/de\/encounters-four\/brasilien-das-friedliche-miteinander-von-menschen\/#primaryimage"},"datePublished":"2015-04-15T18:13:51+00:00","dateModified":"2015-04-18T06:51:10+00:00","description":"Das ENCOUNTERS MAGAZINE von Santacruz International Communication l\u00e4dt Sie ein zu Entdeckungen rund um den Globus: Orte, Menschen und Philosophien.","breadcrumb":{"@id":"https:\/\/encounters-magazine.com\/de\/encounters-four\/brasilien-das-friedliche-miteinander-von-menschen\/#breadcrumb"},"inLanguage":"de","potentialAction":[{"@type":"ReadAction","target":["https:\/\/encounters-magazine.com\/de\/encounters-four\/brasilien-das-friedliche-miteinander-von-menschen\/"]}]},{"@type":"BreadcrumbList","@id":"https:\/\/encounters-magazine.com\/de\/encounters-four\/brasilien-das-friedliche-miteinander-von-menschen\/#breadcrumb","itemListElement":[{"@type":"ListItem","position":1,"name":"Startseite","item":"https:\/\/encounters-magazine.com\/de\/"},{"@type":"ListItem","position":2,"name":"Encounters Four","item":"https:\/\/encounters-magazine.com\/de\/encounters-four\/"},{"@type":"ListItem","position":3,"name":"Brasilien \u2013 Das friedliche Miteinander von Menschen"}]}]}},"_links":{"self":[{"href":"https:\/\/encounters-magazine.com\/de\/wp-json\/wp\/v2\/pages\/1309"}],"collection":[{"href":"https:\/\/encounters-magazine.com\/de\/wp-json\/wp\/v2\/pages"}],"about":[{"href":"https:\/\/encounters-magazine.com\/de\/wp-json\/wp\/v2\/types\/page"}],"author":[{"embeddable":true,"href":"https:\/\/encounters-magazine.com\/de\/wp-json\/wp\/v2\/users\/4"}],"replies":[{"embeddable":true,"href":"https:\/\/encounters-magazine.com\/de\/wp-json\/wp\/v2\/comments?post=1309"}],"version-history":[{"count":1,"href":"https:\/\/encounters-magazine.com\/de\/wp-json\/wp\/v2\/pages\/1309\/revisions"}],"predecessor-version":[{"id":1310,"href":"https:\/\/encounters-magazine.com\/de\/wp-json\/wp\/v2\/pages\/1309\/revisions\/1310"}],"up":[{"embeddable":true,"href":"https:\/\/encounters-magazine.com\/de\/wp-json\/wp\/v2\/pages\/437"}],"wp:featuredmedia":[{"embeddable":true,"href":"https:\/\/encounters-magazine.com\/de\/wp-json\/wp\/v2\/media\/370"}],"wp:attachment":[{"href":"https:\/\/encounters-magazine.com\/de\/wp-json\/wp\/v2\/media?parent=1309"}],"curies":[{"name":"wp","href":"https:\/\/api.w.org\/{rel}","templated":true}]}}