{"id":1307,"date":"2015-04-15T18:12:02","date_gmt":"2015-04-15T18:12:02","guid":{"rendered":"http:\/\/encounters-magazine.com\/de\/?page_id=1307"},"modified":"2015-04-18T08:50:57","modified_gmt":"2015-04-18T06:50:57","slug":"viva","status":"publish","type":"page","link":"https:\/\/encounters-magazine.com\/de\/encounters-four\/viva\/","title":{"rendered":"Viva!"},"content":{"rendered":"<p><img loading=\"lazy\" src=\"https:\/\/encounters-magazine.com\/de\/wp-content\/uploads\/sites\/2\/2013\/06\/viva_2.jpg\" alt=\"viva_2\" width=\"507\" height=\"338\" class=\"alignnone size-full wp-image-400\" srcset=\"https:\/\/encounters-magazine.com\/de\/wp-content\/uploads\/sites\/2\/2013\/06\/viva_2.jpg 507w, https:\/\/encounters-magazine.com\/de\/wp-content\/uploads\/sites\/2\/2013\/06\/viva_2-300x200.jpg 300w\" sizes=\"(max-width: 507px) 100vw, 507px\" \/><\/p>\n<h2> Der Anfang <\/h2>\n<p>Meine ersten Auff\u00fchrungen als Jazzt\u00e4nzerin hatte ich vor viel Publikum beim 6-Tage-Rennen in der Deutschlandhalle. Eine mittlere Katastrophe. Zum Gl\u00fcck waren noch andere, talentiertere T\u00e4nzer mit mir auf der B\u00fchne. Die Mutter meines damaligen Freundes meinte, ich solle es lieber als Model versuchen, denn Gr\u00f6\u00dfe, Figur und Optik k\u00f6nnten passen. Sie fand passende Kleidung und machte das Styling f\u00fcr mich. Mit den von ihr gemachten Fotos schickte sie mich zum K\u00fcnstlerdienst, die damals einzige Modelagentur der Stadt Berlin. Sie nahmen mich auf und gleich kam der erste Auftrag: ein Shooting f\u00fcr Bademoden, eine Woche lang, in einem gro\u00dfen Kaufhaus. Der Job war super, die Kollegen waren nett und ich f\u00fchlte mich durch das Honorar unabh\u00e4ngig. Mein Vater war begeistert, denn er musste mir kein Taschengeld mehr f\u00fcr meine Modeartikel geben. Meine Mutter jedoch meinte, mit jedem Foto verliere man einen Teil seiner Pers\u00f6nlichkeit.<\/p>\n<h2> Model in Berlin <\/h2>\n<p>Nach diesem Shooting war ich Feuer und Flamme f\u00fcr&#8217;s Modeln, aber die Schule beenden ging vor. Noch wusste ich nicht, was ich danach machen wollte. Ich hatte viele Ideen, doch das Modeln reizte mich eigentlich am meisten. Da die Stadt durch die Mauer begrenzt war, war es relativ einfach, Jobs und Folgejobs zu bekommen. Drei Jahre lang modelte ich also und dachte, dass ich anschlie\u00dfend immer noch studieren k\u00f6nnte. Die PR-Frau eines Modebetriebs fragte mich einmal nach meinen W\u00fcnschen f\u00fcr die Zukunft. Da wurde mir klar, dass ich dieses bequeme Arbeitsleben behalten wollte und am liebsten eine Ausbildung in einer Werbeagentur machen w\u00fcrde, um hinter die Kulissen schauen zu k\u00f6nnen. Es folgte eine Ausbildung zur Werbekauffrau. <\/p>\n<p>Eine einzige Modelagentur in der Stadt war einfach zu wenig. Ein Beispiel: Ein Kreativteam m\u00f6chte eine Anzeige mit f\u00fcnf asiatischen Models umsetzen. Sie rufen also den K\u00fcnstlerdienst an. Es lassen sich in der Kartei nicht einmal drei asiatische Modelle finden. Einer ist in den Ferien, der zweite krank und der dritte nicht erreichbar. F\u00fcr Modeproduktionen gab es immer zu wenig Models. Anfragen nach neuen Gesichtern h\u00e4uften sich.<\/p>\n<p><img loading=\"lazy\" src=\"https:\/\/encounters-magazine.com\/de\/wp-content\/uploads\/sites\/2\/2013\/06\/viva_3.jpg\" alt=\"viva_3\" width=\"507\" height=\"338\" class=\"alignnone size-full wp-image-401\" srcset=\"https:\/\/encounters-magazine.com\/de\/wp-content\/uploads\/sites\/2\/2013\/06\/viva_3.jpg 507w, https:\/\/encounters-magazine.com\/de\/wp-content\/uploads\/sites\/2\/2013\/06\/viva_3-300x200.jpg 300w\" sizes=\"(max-width: 507px) 100vw, 507px\" \/><\/p>\n<h2> Gr\u00fcndung der eigenen Modelagentur <\/h2>\n<p>Durch die Nachfragesituation wurde mir klar: Ich gr\u00fcnde eine Modelagentur. Das Berliner Arbeitsamt hatte durch das Inseldasein der Stadt eine Monopolstellung und vertrat die Ansicht, eine private Agentur w\u00e4re \u00fcberfl\u00fcssig. Also verfolgte ich Plan B. Ich ging nach Madrid und lernte dort Spanisch. Um zu \u00fcberleben, modelte ich auch dort. Es gab vier, f\u00fcnf Agenturen, zwischen denen ich w\u00e4hlen konnte. In jeder Hinsicht ein riesengro\u00dfer Unterschied zu Berlin. Bei einem Casting in Berlin war die Chance eins zu drei. In Madrid gab es mindestens 99 weitere Bewerberinnen, die sogar ich viel passender fand als mich selbst.<br \/>\nAls die Mauer fiel, war mir klar, dass ich nach Berlin zur\u00fcck musste. Ich hatte als Model in Deutschland \u2013 speziell in Berlin \u2013 und Spanien gearbeitet und war mir sicher, Berlin sucht neue Gesichter. Au\u00dferdem hatte ich eine kaufm\u00e4nnische Ausbildung. Diese Erfahrungen und meine Fertigkeiten brachten mich zu der Entscheidung, eine eigene Modelagentur in Berlin zu gr\u00fcnden. Der Name meiner Agentur sollte &#8222;VIVA&#8220; sein, abgeleitet aus dem Spanischen \u201eviva\u201c \u2013 zu Deutsch: es lebe hoch!, Hurra!<\/p>\n<p><img loading=\"lazy\" src=\"https:\/\/encounters-magazine.com\/de\/wp-content\/uploads\/sites\/2\/2013\/06\/viva_4.jpg\" alt=\"viva_4\" width=\"507\" height=\"691\" class=\"alignnone size-full wp-image-402\" srcset=\"https:\/\/encounters-magazine.com\/de\/wp-content\/uploads\/sites\/2\/2013\/06\/viva_4.jpg 507w, https:\/\/encounters-magazine.com\/de\/wp-content\/uploads\/sites\/2\/2013\/06\/viva_4-220x300.jpg 220w\" sizes=\"(max-width: 507px) 100vw, 507px\" \/><\/p>\n<h2> Die Arbeit <\/h2>\n<p>Beim Wort \u201eModelagentur\u201c denkt fast jeder sofort an Glamour, perfekte Sch\u00f6nheiten, symmetrische Gesichter, formvollendete, junge, sportliche K\u00f6rper und Traumhonorare. Es ist aber haupts\u00e4chlich knallhartes Business. Neben dem kaufm\u00e4nnischen Aspekt der Arbeit macht es mir aber bis heute riesig Spa\u00df, auf au\u00dfergew\u00f6hnliche Menschen zuzugehen. Das ist im Idealfall eine junge Dame, die ich und mein Team f\u00fcr den Job begeistern k\u00f6nnen, die selbst Spa\u00df an dem Job hat und ein gewisses Talent daf\u00fcr mitbringt. Erscheinungsbild und Pers\u00f6nlichkeit sollten stimmen, denn ein junger Mensch kann es manchmal schwer verkraften, nach 30 Castings noch immer nicht gebucht zu werden. Von daher ist ein gutes Selbstwertgef\u00fchl, Disziplin und eine gewisse Portion Humor eine wichtige Voraussetzung, um diesen Job \u00fcberhaupt aus\u00fcben zu k\u00f6nnen. Es gibt die verr\u00fccktesten Gr\u00fcnde, warum jemand nicht gebucht wird: die Ohren zu klein, zu gro\u00df, zu abstehend, nicht abstehend genug, \u2026 eine endlose Liste. Aber manchmal geht es einfach nur um die Chemie zwischen den Personen. Es kam schon x-fach vor, dass es f\u00fcr ein neues Model nach den ersten zehn Jobs von allen Kunden Lobeshymnen regnete. Dann pl\u00f6tzlich ruft ein Kunde an und beschwert sich, dass genau dieses Model sich nicht bewegen kann, lustlos, unmotiviert und obendrein unertr\u00e4glich zickig gewesen ist. Wem glaubt man dann? Die Agentur muss sich einen guten und m\u00f6glichst objektiven Eindruck verschaffen, um fair und diplomatisch handeln zu k\u00f6nnen. Alle sollen sich gern an die Zusammenarbeit erinnern und letztendlich z\u00e4hlt immer nur das Ergebnis, egal wie die Dinge in Wirklichkeit abliefen.<\/p>\n<p><img loading=\"lazy\" src=\"https:\/\/encounters-magazine.com\/de\/wp-content\/uploads\/sites\/2\/2013\/06\/viva_5.jpg\" alt=\"viva_5\" width=\"507\" height=\"752\" class=\"alignnone size-full wp-image-403\" srcset=\"https:\/\/encounters-magazine.com\/de\/wp-content\/uploads\/sites\/2\/2013\/06\/viva_5.jpg 507w, https:\/\/encounters-magazine.com\/de\/wp-content\/uploads\/sites\/2\/2013\/06\/viva_5-202x300.jpg 202w\" sizes=\"(max-width: 507px) 100vw, 507px\" \/><\/p>\n<h2> Die Pers\u00f6nlichkeit im Vordergrund <\/h2>\n<p>Im Idealfall schafft man es gemeinsam von der Heimat aufs internationale Parkett. Das setzt beiderseits ein gro\u00dfes Vertrauen voraus. Denn es kann nicht bei jedem Job eine Vertrauensperson aus der Mutteragentur anwesend sein \u2013 in Paris, London, Tokio, Mailand, New York \u2013, um kleine oder gro\u00dfe Dramen wie Heimweh, Einsamkeit und das Gef\u00fchl, ungeliebt zu sein, auszugleichen und neuen Mut zu machen. Noch kann sie pers\u00f6nlich vor Ort die unglaublich erfolgreiche Karriere und den meist damit verbundenen H\u00f6henflug in vern\u00fcnftige Bahnen lenken. Wenn die Karriere voran geht und gutes Geld verdient wird, wenn man merkt, dass man sich nicht geirrt hat, dann freut man sich riesig, ist stolz auf das Model und sich selbst.<\/p>\n<p><img loading=\"lazy\" src=\"https:\/\/encounters-magazine.com\/de\/wp-content\/uploads\/sites\/2\/2013\/06\/viva_7.jpg\" alt=\"viva_7\" width=\"507\" height=\"659\" class=\"alignnone size-full wp-image-405\" srcset=\"https:\/\/encounters-magazine.com\/de\/wp-content\/uploads\/sites\/2\/2013\/06\/viva_7.jpg 507w, https:\/\/encounters-magazine.com\/de\/wp-content\/uploads\/sites\/2\/2013\/06\/viva_7-230x300.jpg 230w\" sizes=\"(max-width: 507px) 100vw, 507px\" \/><\/p>\n<p>Die Modelagentur VIVA existiert nun fast ein Vierteljahrhundert und das macht mich froh. Das manchmal abf\u00e4llig als Menschenhandel bezeichnete Gesch\u00e4ft hat viele aufregende Seiten. Man trifft kluge und \u00fcberdurchschnittlich interessante Pers\u00f6nlichkeiten, sympathisch, fr\u00f6hlich und gut gelaunt, aber auch etwas verr\u00fcckt und dadurch besonders. Meine Mutter sagte mir schon immer: &#8222;Umgib dich mit jungen Menschen und du bleibst jung!\u201c Da gebe ich ihr Recht. Der Trend geht aber auch zum Booking der reiferen Gesichter. Das freut mich, denn VIVA arbeitet schon immer mit Charakteren aller Altersgruppen. In diesen erfolgreich vermittelten F\u00e4llen stand weder das Alter noch die makellose Sch\u00f6nheit, sondern vielmehr die einzigartige Pers\u00f6nlichkeit, der Charakter und die schauspielerische F\u00e4higkeit im Vordergrund.<\/p>\n<p><img loading=\"lazy\" src=\"https:\/\/encounters-magazine.com\/de\/wp-content\/uploads\/sites\/2\/2013\/06\/viva_6.jpg\" alt=\"viva_6\" width=\"507\" height=\"676\" class=\"alignnone size-full wp-image-404\" srcset=\"https:\/\/encounters-magazine.com\/de\/wp-content\/uploads\/sites\/2\/2013\/06\/viva_6.jpg 507w, https:\/\/encounters-magazine.com\/de\/wp-content\/uploads\/sites\/2\/2013\/06\/viva_6-225x300.jpg 225w\" sizes=\"(max-width: 507px) 100vw, 507px\" \/><\/p>\n<blockquote><p>Andrea Matthias ist in Berlin geboren. Sie hat zehn Jahre als Fotomodell und Mannequin gearbeitet. Seit 1990 ist sie Inhaberin der Modelagentur VIVA Berlin. www.vivamodels.com<\/p><\/blockquote>\n","protected":false},"excerpt":{"rendered":"<p>Der Anfang Meine ersten Auff\u00fchrungen als Jazzt\u00e4nzerin hatte ich vor viel Publikum beim 6-Tage-Rennen in der Deutschlandhalle. Eine mittlere Katastrophe. Zum Gl\u00fcck waren noch andere, talentiertere T\u00e4nzer mit mir auf der B\u00fchne. Die Mutter meines damaligen Freundes meinte, ich solle es lieber als Model versuchen, denn Gr\u00f6\u00dfe, Figur und Optik k\u00f6nnten passen. Sie fand passende [&hellip;]<\/p>\n","protected":false},"author":4,"featured_media":398,"parent":437,"menu_order":3,"comment_status":"open","ping_status":"open","template":"page.php","meta":[],"acf":[],"yoast_head":"<!-- This site is optimized with the Yoast SEO plugin v17.9 - https:\/\/yoast.com\/wordpress\/plugins\/seo\/ -->\n<meta name=\"description\" content=\"Das ENCOUNTERS MAGAZINE von Santacruz International Communication l\u00e4dt Sie ein zu Entdeckungen rund um den Globus: Orte, Menschen und Philosophien.\" \/>\n<meta name=\"robots\" content=\"index, follow, max-snippet:-1, max-image-preview:large, max-video-preview:-1\" \/>\n<link rel=\"canonical\" href=\"https:\/\/encounters-magazine.com\/de\/encounters-four\/viva\/\" \/>\n<meta property=\"og:locale\" content=\"de_DE\" \/>\n<meta property=\"og:type\" content=\"article\" \/>\n<meta property=\"og:title\" content=\"Viva! - ENCOUNTERS MAGAZINE. Santacruz International Communication\" \/>\n<meta property=\"og:description\" content=\"Das ENCOUNTERS MAGAZINE von Santacruz International Communication l\u00e4dt Sie ein zu Entdeckungen rund um den Globus: Orte, Menschen und Philosophien.\" \/>\n<meta property=\"og:url\" content=\"https:\/\/encounters-magazine.com\/de\/encounters-four\/viva\/\" \/>\n<meta property=\"og:site_name\" content=\"DE - ENCOUNTERS MAGAZINE\" \/>\n<meta property=\"article:publisher\" content=\"https:\/\/www.facebook.com\/lino.santacruz.5\" \/>\n<meta property=\"article:modified_time\" content=\"2015-04-18T06:50:57+00:00\" \/>\n<meta property=\"og:image\" content=\"https:\/\/encounters-magazine.com\/de\/wp-content\/uploads\/sites\/2\/2013\/06\/Andrea_Portrait.jpg\" \/>\n\t<meta property=\"og:image:width\" content=\"103\" \/>\n\t<meta property=\"og:image:height\" content=\"80\" \/>\n\t<meta property=\"og:image:type\" content=\"image\/jpeg\" \/>\n<meta name=\"twitter:card\" content=\"summary\" \/>\n<meta name=\"twitter:site\" content=\"@LinoSantacruz\" \/>\n<meta name=\"twitter:label1\" content=\"Gesch\u00e4tzte Lesezeit\" \/>\n\t<meta name=\"twitter:data1\" content=\"5\u00a0Minuten\" \/>\n<script type=\"application\/ld+json\" class=\"yoast-schema-graph\">{\"@context\":\"https:\/\/schema.org\",\"@graph\":[{\"@type\":\"WebSite\",\"@id\":\"https:\/\/encounters-magazine.com\/de\/#website\",\"url\":\"https:\/\/encounters-magazine.com\/de\/\",\"name\":\"DE - ENCOUNTERS MAGAZINE\",\"description\":\"\",\"potentialAction\":[{\"@type\":\"SearchAction\",\"target\":{\"@type\":\"EntryPoint\",\"urlTemplate\":\"https:\/\/encounters-magazine.com\/de\/?s={search_term_string}\"},\"query-input\":\"required name=search_term_string\"}],\"inLanguage\":\"de\"},{\"@type\":\"ImageObject\",\"@id\":\"https:\/\/encounters-magazine.com\/de\/encounters-four\/viva\/#primaryimage\",\"inLanguage\":\"de\",\"url\":\"https:\/\/encounters-magazine.com\/de\/wp-content\/uploads\/sites\/2\/2013\/06\/Andrea_Portrait.jpg\",\"contentUrl\":\"https:\/\/encounters-magazine.com\/de\/wp-content\/uploads\/sites\/2\/2013\/06\/Andrea_Portrait.jpg\",\"width\":103,\"height\":80,\"caption\":\"Andrea Matthias\"},{\"@type\":\"WebPage\",\"@id\":\"https:\/\/encounters-magazine.com\/de\/encounters-four\/viva\/#webpage\",\"url\":\"https:\/\/encounters-magazine.com\/de\/encounters-four\/viva\/\",\"name\":\"Viva! - ENCOUNTERS MAGAZINE. Santacruz International Communication\",\"isPartOf\":{\"@id\":\"https:\/\/encounters-magazine.com\/de\/#website\"},\"primaryImageOfPage\":{\"@id\":\"https:\/\/encounters-magazine.com\/de\/encounters-four\/viva\/#primaryimage\"},\"datePublished\":\"2015-04-15T18:12:02+00:00\",\"dateModified\":\"2015-04-18T06:50:57+00:00\",\"description\":\"Das ENCOUNTERS MAGAZINE von Santacruz International Communication l\\u00e4dt Sie ein zu Entdeckungen rund um den Globus: Orte, Menschen und Philosophien.\",\"breadcrumb\":{\"@id\":\"https:\/\/encounters-magazine.com\/de\/encounters-four\/viva\/#breadcrumb\"},\"inLanguage\":\"de\",\"potentialAction\":[{\"@type\":\"ReadAction\",\"target\":[\"https:\/\/encounters-magazine.com\/de\/encounters-four\/viva\/\"]}]},{\"@type\":\"BreadcrumbList\",\"@id\":\"https:\/\/encounters-magazine.com\/de\/encounters-four\/viva\/#breadcrumb\",\"itemListElement\":[{\"@type\":\"ListItem\",\"position\":1,\"name\":\"Startseite\",\"item\":\"https:\/\/encounters-magazine.com\/de\/\"},{\"@type\":\"ListItem\",\"position\":2,\"name\":\"Encounters Four\",\"item\":\"https:\/\/encounters-magazine.com\/de\/encounters-four\/\"},{\"@type\":\"ListItem\",\"position\":3,\"name\":\"Viva!\"}]}]}<\/script>\n<!-- \/ Yoast SEO plugin. -->","yoast_head_json":{"description":"Das ENCOUNTERS MAGAZINE von Santacruz International Communication l\u00e4dt Sie ein zu Entdeckungen rund um den Globus: Orte, Menschen und Philosophien.","robots":{"index":"index","follow":"follow","max-snippet":"max-snippet:-1","max-image-preview":"max-image-preview:large","max-video-preview":"max-video-preview:-1"},"canonical":"https:\/\/encounters-magazine.com\/de\/encounters-four\/viva\/","og_locale":"de_DE","og_type":"article","og_title":"Viva! - ENCOUNTERS MAGAZINE. Santacruz International Communication","og_description":"Das ENCOUNTERS MAGAZINE von Santacruz International Communication l\u00e4dt Sie ein zu Entdeckungen rund um den Globus: Orte, Menschen und Philosophien.","og_url":"https:\/\/encounters-magazine.com\/de\/encounters-four\/viva\/","og_site_name":"DE - ENCOUNTERS MAGAZINE","article_publisher":"https:\/\/www.facebook.com\/lino.santacruz.5","article_modified_time":"2015-04-18T06:50:57+00:00","og_image":[{"width":103,"height":80,"url":"https:\/\/encounters-magazine.com\/de\/wp-content\/uploads\/sites\/2\/2013\/06\/Andrea_Portrait.jpg","type":"image\/jpeg"}],"twitter_card":"summary","twitter_site":"@LinoSantacruz","twitter_misc":{"Gesch\u00e4tzte Lesezeit":"5\u00a0Minuten"},"schema":{"@context":"https:\/\/schema.org","@graph":[{"@type":"WebSite","@id":"https:\/\/encounters-magazine.com\/de\/#website","url":"https:\/\/encounters-magazine.com\/de\/","name":"DE - ENCOUNTERS MAGAZINE","description":"","potentialAction":[{"@type":"SearchAction","target":{"@type":"EntryPoint","urlTemplate":"https:\/\/encounters-magazine.com\/de\/?s={search_term_string}"},"query-input":"required name=search_term_string"}],"inLanguage":"de"},{"@type":"ImageObject","@id":"https:\/\/encounters-magazine.com\/de\/encounters-four\/viva\/#primaryimage","inLanguage":"de","url":"https:\/\/encounters-magazine.com\/de\/wp-content\/uploads\/sites\/2\/2013\/06\/Andrea_Portrait.jpg","contentUrl":"https:\/\/encounters-magazine.com\/de\/wp-content\/uploads\/sites\/2\/2013\/06\/Andrea_Portrait.jpg","width":103,"height":80,"caption":"Andrea Matthias"},{"@type":"WebPage","@id":"https:\/\/encounters-magazine.com\/de\/encounters-four\/viva\/#webpage","url":"https:\/\/encounters-magazine.com\/de\/encounters-four\/viva\/","name":"Viva! - ENCOUNTERS MAGAZINE. Santacruz International Communication","isPartOf":{"@id":"https:\/\/encounters-magazine.com\/de\/#website"},"primaryImageOfPage":{"@id":"https:\/\/encounters-magazine.com\/de\/encounters-four\/viva\/#primaryimage"},"datePublished":"2015-04-15T18:12:02+00:00","dateModified":"2015-04-18T06:50:57+00:00","description":"Das ENCOUNTERS MAGAZINE von Santacruz International Communication l\u00e4dt Sie ein zu Entdeckungen rund um den Globus: Orte, Menschen und Philosophien.","breadcrumb":{"@id":"https:\/\/encounters-magazine.com\/de\/encounters-four\/viva\/#breadcrumb"},"inLanguage":"de","potentialAction":[{"@type":"ReadAction","target":["https:\/\/encounters-magazine.com\/de\/encounters-four\/viva\/"]}]},{"@type":"BreadcrumbList","@id":"https:\/\/encounters-magazine.com\/de\/encounters-four\/viva\/#breadcrumb","itemListElement":[{"@type":"ListItem","position":1,"name":"Startseite","item":"https:\/\/encounters-magazine.com\/de\/"},{"@type":"ListItem","position":2,"name":"Encounters Four","item":"https:\/\/encounters-magazine.com\/de\/encounters-four\/"},{"@type":"ListItem","position":3,"name":"Viva!"}]}]}},"_links":{"self":[{"href":"https:\/\/encounters-magazine.com\/de\/wp-json\/wp\/v2\/pages\/1307"}],"collection":[{"href":"https:\/\/encounters-magazine.com\/de\/wp-json\/wp\/v2\/pages"}],"about":[{"href":"https:\/\/encounters-magazine.com\/de\/wp-json\/wp\/v2\/types\/page"}],"author":[{"embeddable":true,"href":"https:\/\/encounters-magazine.com\/de\/wp-json\/wp\/v2\/users\/4"}],"replies":[{"embeddable":true,"href":"https:\/\/encounters-magazine.com\/de\/wp-json\/wp\/v2\/comments?post=1307"}],"version-history":[{"count":1,"href":"https:\/\/encounters-magazine.com\/de\/wp-json\/wp\/v2\/pages\/1307\/revisions"}],"predecessor-version":[{"id":1308,"href":"https:\/\/encounters-magazine.com\/de\/wp-json\/wp\/v2\/pages\/1307\/revisions\/1308"}],"up":[{"embeddable":true,"href":"https:\/\/encounters-magazine.com\/de\/wp-json\/wp\/v2\/pages\/437"}],"wp:featuredmedia":[{"embeddable":true,"href":"https:\/\/encounters-magazine.com\/de\/wp-json\/wp\/v2\/media\/398"}],"wp:attachment":[{"href":"https:\/\/encounters-magazine.com\/de\/wp-json\/wp\/v2\/media?parent=1307"}],"curies":[{"name":"wp","href":"https:\/\/api.w.org\/{rel}","templated":true}]}}