{"id":1305,"date":"2015-04-15T18:10:10","date_gmt":"2015-04-15T18:10:10","guid":{"rendered":"http:\/\/encounters-magazine.com\/de\/?page_id=1305"},"modified":"2015-04-18T08:50:08","modified_gmt":"2015-04-18T06:50:08","slug":"ein-kulturvulkan-auf-teneriffa","status":"publish","type":"page","link":"https:\/\/encounters-magazine.com\/de\/encounters-four\/ein-kulturvulkan-auf-teneriffa\/","title":{"rendered":"Ein Kulturvulkan auf Teneriffa"},"content":{"rendered":"<p>Das Blenden auf meinem Bildschirm macht es mir schwer, mich auf das Schreiben zu konzentrieren. Die Sonnenstrahlen dringen unversch\u00e4mt durch das Wohnzimmerfenster und durchfluten es mit Licht. Es gibt nur wenige Orte, wo ich mich so wohl f\u00fchle wie hier.<\/p>\n<p><img loading=\"lazy\" src=\"https:\/\/encounters-magazine.com\/de\/wp-content\/uploads\/sites\/2\/2013\/06\/tienza_2.jpg\" alt=\"tienza_2\" width=\"507\" height=\"337\" class=\"alignnone size-full wp-image-383\" srcset=\"https:\/\/encounters-magazine.com\/de\/wp-content\/uploads\/sites\/2\/2013\/06\/tienza_2.jpg 507w, https:\/\/encounters-magazine.com\/de\/wp-content\/uploads\/sites\/2\/2013\/06\/tienza_2-300x199.jpg 300w\" sizes=\"(max-width: 507px) 100vw, 507px\" \/><\/p>\n<p>Santa Cruz ist die Hauptstadt von Teneriffa, einer der sieben Kanarischen Inseln. Hier, mitten im Atlantik, ist die Heimat der guanches, der kanarischen Ureinwohner, und ihrer F\u00fchrer, der menceyes. Im Scho\u00df des h\u00f6chsten spanischen Berges, El Teide, verbirgt sich ein Vulkan, der schon seit vielen Jahren schl\u00e4ft.<\/p>\n<p><img loading=\"lazy\" src=\"https:\/\/encounters-magazine.com\/de\/wp-content\/uploads\/sites\/2\/2013\/06\/tienza_3.jpg\" alt=\"tienza_3\" width=\"507\" height=\"763\" class=\"alignnone size-full wp-image-384\" srcset=\"https:\/\/encounters-magazine.com\/de\/wp-content\/uploads\/sites\/2\/2013\/06\/tienza_3.jpg 507w, https:\/\/encounters-magazine.com\/de\/wp-content\/uploads\/sites\/2\/2013\/06\/tienza_3-199x300.jpg 199w\" sizes=\"(max-width: 507px) 100vw, 507px\" \/><\/p>\n<p>Die Insel ist Lava, Licht und Meer. Das Blau hier ist nicht t\u00fcrkis, sondern dunkel und die Sonne glitzert zwischen den Wellen des unendlichen Ozeans. Der Atlantik vereint alles; hier treffen Himmel und Wasser zusammen und \u00fcberfluten die Pfade des Vulkans der Berber.<\/p>\n<p><img loading=\"lazy\" src=\"https:\/\/encounters-magazine.com\/de\/wp-content\/uploads\/sites\/2\/2013\/06\/tienza_4.jpg\" alt=\"tienza_4\" width=\"507\" height=\"337\" class=\"alignnone size-full wp-image-385\" srcset=\"https:\/\/encounters-magazine.com\/de\/wp-content\/uploads\/sites\/2\/2013\/06\/tienza_4.jpg 507w, https:\/\/encounters-magazine.com\/de\/wp-content\/uploads\/sites\/2\/2013\/06\/tienza_4-300x199.jpg 300w\" sizes=\"(max-width: 507px) 100vw, 507px\" \/><\/p>\n<p>Auf Teneriffa pulsiert das Leben und Santa Cruz ist eine kunst- und kulturhungrige Hauptstadt. In einem Winkel der Stadt, am Abhang des Barranco de Santos (Schlucht der Heiligen), befindet sich das Kunst- und Kulturzentrum TEA (Tenerife Espacio de Artes). Von der anderen Seite aus beobachtet die Markthalle Mercado de Nuestra Se\u00f1ora de \u00c1frica, eines der Wahrzeichen der Stadt, argw\u00f6hnisch den neuen Nachbarn. Dieses Geb\u00e4ude mit diagonalen Elementen und schr\u00e4gen B\u00f6den ist das Werk des Schweizer Architekturb\u00fcros Herzog &amp; de Meuron in Zusammenarbeit mit dem kanarischen Architekten Virgilio Guti\u00e9rrez Herreros. <\/p>\n<p><img loading=\"lazy\" src=\"https:\/\/encounters-magazine.com\/de\/wp-content\/uploads\/sites\/2\/2013\/06\/tienza_5.jpg\" alt=\"tienza_5\" width=\"507\" height=\"864\" class=\"alignnone size-full wp-image-386\" srcset=\"https:\/\/encounters-magazine.com\/de\/wp-content\/uploads\/sites\/2\/2013\/06\/tienza_5.jpg 507w, https:\/\/encounters-magazine.com\/de\/wp-content\/uploads\/sites\/2\/2013\/06\/tienza_5-176x300.jpg 176w\" sizes=\"(max-width: 507px) 100vw, 507px\" \/><\/p>\n<p>Auf 20.622 m2 sind neben dem Institut \u00d3scar Dom\u00ednguez auch das Fotografiezentrum Teneriffas und die stets gut besuchte Hauptbibliothek der Insel untergebracht. Deshalb geh\u00f6rt das Kulturzentrum zu meinen liebsten Orten auf Teneriffa, es ist ein Haus voller Leben und voller Studenten, die zu jeder Tages- und Nachtzeit hier B\u00fccher verschlingen, denn es ist rund um die Uhr ge\u00f6ffnet.<\/p>\n<p><img loading=\"lazy\" src=\"https:\/\/encounters-magazine.com\/de\/wp-content\/uploads\/sites\/2\/2013\/06\/tienza_6.jpg\" alt=\"tienza_6\" width=\"507\" height=\"337\" class=\"alignnone size-full wp-image-387\" srcset=\"https:\/\/encounters-magazine.com\/de\/wp-content\/uploads\/sites\/2\/2013\/06\/tienza_6.jpg 507w, https:\/\/encounters-magazine.com\/de\/wp-content\/uploads\/sites\/2\/2013\/06\/tienza_6-300x199.jpg 300w\" sizes=\"(max-width: 507px) 100vw, 507px\" \/><\/p>\n<p>Das Kulturzentrum hat in der Seele der Insel Wurzeln geschlagen. Sogar die Fassade hat sich mit der Farbe der asche- und lavafarbenen kanarischen Erde an seine Umgebung angepasst. Die Au\u00dfenw\u00e4nde aus grobem Sichtbeton ziehen sofort die Blicke der Besucher auf sich. \u00dcber 1.200 Fenster verschiedener Form und Gr\u00f6\u00dfe filtern das charakteristische Licht dieser Atlantikinsel nach innen und lassen am Abend interessante Licht- und Schattenspiele entstehen. Fast mutet es mystisch an. Das Licht im Inneren verdunkelt sich im Laufe des Nachmittags durch die Glasperforationen.<\/p>\n<p><img loading=\"lazy\" src=\"https:\/\/encounters-magazine.com\/de\/wp-content\/uploads\/sites\/2\/2013\/06\/tienza_7.jpg\" alt=\"tienza_7\" width=\"507\" height=\"337\" class=\"alignnone size-full wp-image-388\" srcset=\"https:\/\/encounters-magazine.com\/de\/wp-content\/uploads\/sites\/2\/2013\/06\/tienza_7.jpg 507w, https:\/\/encounters-magazine.com\/de\/wp-content\/uploads\/sites\/2\/2013\/06\/tienza_7-300x199.jpg 300w\" sizes=\"(max-width: 507px) 100vw, 507px\" \/><\/p>\n<p>Das ist, so glaube ich, das charakteristischste Detail dieses Geb\u00e4udes, das ein Kunstwerk ist. Herzog &amp; de Meuron sind darauf gekommen, indem sie ein Bild des Meeres vergr\u00f6\u00dfert haben, bei dem sich die Sonne im Wasser spiegelt. Die bei der Vergr\u00f6\u00dferung des Fotos erschienenen Pixel haben die Architekten dann auf den Sichtbeton kopiert. <\/p>\n<p>Das Ergebnis ist gro\u00dfartig.<\/p>\n<p><img loading=\"lazy\" src=\"https:\/\/encounters-magazine.com\/de\/wp-content\/uploads\/sites\/2\/2013\/06\/tienza_8.jpg\" alt=\"tienza_8\" width=\"507\" height=\"337\" class=\"alignnone size-full wp-image-389\" srcset=\"https:\/\/encounters-magazine.com\/de\/wp-content\/uploads\/sites\/2\/2013\/06\/tienza_8.jpg 507w, https:\/\/encounters-magazine.com\/de\/wp-content\/uploads\/sites\/2\/2013\/06\/tienza_8-300x199.jpg 300w\" sizes=\"(max-width: 507px) 100vw, 507px\" \/><\/p>\n<p>Das nat\u00fcrliche Licht verteilt sich auf ganz eigene Art und Weise und seine Wirkung wird von einem weiten Netz feiner Lichterketten im Inneren noch verst\u00e4rkt. Das Sahneh\u00e4ubchen ist die Innendekoration in reinem Wei\u00df, die mit viel Liebe zum Detail gestaltet wurde.<\/p>\n<p><img loading=\"lazy\" src=\"https:\/\/encounters-magazine.com\/de\/wp-content\/uploads\/sites\/2\/2013\/06\/tienza_9.jpg\" alt=\"tienza_9\" width=\"507\" height=\"337\" class=\"alignnone size-full wp-image-390\" srcset=\"https:\/\/encounters-magazine.com\/de\/wp-content\/uploads\/sites\/2\/2013\/06\/tienza_9.jpg 507w, https:\/\/encounters-magazine.com\/de\/wp-content\/uploads\/sites\/2\/2013\/06\/tienza_9-300x199.jpg 300w\" sizes=\"(max-width: 507px) 100vw, 507px\" \/><\/p>\n<p>Der Besucher wird sogleich von diesem riesigen Raum eingenommen. \u00dcber eine gro\u00dfe Rampe, die zum Eintreten einl\u00e4dt, kann man das gesamte Geb\u00e4ude durchqueren, ohne dabei auch nur durch eine einzige T\u00fcr gehen zu m\u00fcssen. Es wirkt, als f\u00fchrte eine der Stra\u00dfen der Stadt in nat\u00fcrlicher Weise mitten durch den Raum, ohne dabei dessen Harmonie zu st\u00f6ren.<\/p>\n<p><img loading=\"lazy\" src=\"https:\/\/encounters-magazine.com\/de\/wp-content\/uploads\/sites\/2\/2013\/06\/tienza_10.jpg\" alt=\"tienza_10\" width=\"507\" height=\"337\" class=\"alignnone size-full wp-image-391\" srcset=\"https:\/\/encounters-magazine.com\/de\/wp-content\/uploads\/sites\/2\/2013\/06\/tienza_10.jpg 507w, https:\/\/encounters-magazine.com\/de\/wp-content\/uploads\/sites\/2\/2013\/06\/tienza_10-300x199.jpg 300w\" sizes=\"(max-width: 507px) 100vw, 507px\" \/><\/p>\n<p>Der Kontrast zwischen der Ruhe der Bibliothek und dem pulsierenden Verkehr auf dieser Plattform, die durch die W\u00e4nde aus Glas und Sichtbeton zu gleiten scheint, ist \u00fcberw\u00e4ltigend. Sie schwebt nahezu \u00fcber diesem heiligen Ort der Kultur, des Lernens und des Denkens.<\/p>\n<p>Das TEA ist zweifelsohne ein Katalysator, der den Alltag der Menschen in Santa Cruz mit der Welt der Kunst und der Kultur verbindet.<\/p>\n<blockquote><p>Lola Tienza wurde am 6. M\u00e4rz 1985 in Santa Cruz de Tenerife geboren. Mit 18 Jahren verlie\u00df sie ihre Heimatstadt und zog nach Madrid, wo sie an der Universidad Carlos III Rechtswissenschaften und an der Universidad CEU San Pablo Journalistik studierte. Seit September 2012 lebt und arbeitet sie in Berlin.<\/p><\/blockquote>\n","protected":false},"excerpt":{"rendered":"<p>Das Blenden auf meinem Bildschirm macht es mir schwer, mich auf das Schreiben zu konzentrieren. Die Sonnenstrahlen dringen unversch\u00e4mt durch das Wohnzimmerfenster und durchfluten es mit Licht. Es gibt nur wenige Orte, wo ich mich so wohl f\u00fchle wie hier. Santa Cruz ist die Hauptstadt von Teneriffa, einer der sieben Kanarischen Inseln. Hier, mitten im [&hellip;]<\/p>\n","protected":false},"author":4,"featured_media":392,"parent":437,"menu_order":2,"comment_status":"open","ping_status":"open","template":"page.php","meta":[],"acf":[],"yoast_head":"<!-- This site is optimized with the Yoast SEO plugin v17.9 - https:\/\/yoast.com\/wordpress\/plugins\/seo\/ -->\n<meta name=\"description\" content=\"Das ENCOUNTERS MAGAZINE von Santacruz International Communication l\u00e4dt Sie ein zu Entdeckungen rund um den Globus: Orte, Menschen und Philosophien.\" \/>\n<meta name=\"robots\" content=\"index, follow, max-snippet:-1, max-image-preview:large, max-video-preview:-1\" \/>\n<link rel=\"canonical\" href=\"https:\/\/encounters-magazine.com\/de\/encounters-four\/ein-kulturvulkan-auf-teneriffa\/\" \/>\n<meta property=\"og:locale\" content=\"de_DE\" \/>\n<meta property=\"og:type\" content=\"article\" \/>\n<meta property=\"og:title\" content=\"Ein Kulturvulkan auf Teneriffa - ENCOUNTERS MAGAZINE. Santacruz International Communication\" \/>\n<meta property=\"og:description\" content=\"Das ENCOUNTERS MAGAZINE von Santacruz International Communication l\u00e4dt Sie ein zu Entdeckungen rund um den Globus: Orte, Menschen und Philosophien.\" \/>\n<meta property=\"og:url\" content=\"https:\/\/encounters-magazine.com\/de\/encounters-four\/ein-kulturvulkan-auf-teneriffa\/\" \/>\n<meta property=\"og:site_name\" content=\"DE - ENCOUNTERS MAGAZINE\" \/>\n<meta property=\"article:publisher\" content=\"https:\/\/www.facebook.com\/lino.santacruz.5\" \/>\n<meta property=\"article:modified_time\" content=\"2015-04-18T06:50:08+00:00\" \/>\n<meta property=\"og:image\" content=\"https:\/\/encounters-magazine.com\/de\/wp-content\/uploads\/sites\/2\/2013\/06\/Tienza_Portrait.jpg\" \/>\n\t<meta property=\"og:image:width\" content=\"85\" \/>\n\t<meta property=\"og:image:height\" content=\"80\" \/>\n\t<meta property=\"og:image:type\" content=\"image\/jpeg\" \/>\n<meta name=\"twitter:card\" content=\"summary\" \/>\n<meta name=\"twitter:site\" content=\"@LinoSantacruz\" \/>\n<meta name=\"twitter:label1\" content=\"Gesch\u00e4tzte Lesezeit\" \/>\n\t<meta name=\"twitter:data1\" content=\"3\u00a0Minuten\" \/>\n<script type=\"application\/ld+json\" class=\"yoast-schema-graph\">{\"@context\":\"https:\/\/schema.org\",\"@graph\":[{\"@type\":\"WebSite\",\"@id\":\"https:\/\/encounters-magazine.com\/de\/#website\",\"url\":\"https:\/\/encounters-magazine.com\/de\/\",\"name\":\"DE - ENCOUNTERS MAGAZINE\",\"description\":\"\",\"potentialAction\":[{\"@type\":\"SearchAction\",\"target\":{\"@type\":\"EntryPoint\",\"urlTemplate\":\"https:\/\/encounters-magazine.com\/de\/?s={search_term_string}\"},\"query-input\":\"required name=search_term_string\"}],\"inLanguage\":\"de\"},{\"@type\":\"ImageObject\",\"@id\":\"https:\/\/encounters-magazine.com\/de\/encounters-four\/ein-kulturvulkan-auf-teneriffa\/#primaryimage\",\"inLanguage\":\"de\",\"url\":\"https:\/\/encounters-magazine.com\/de\/wp-content\/uploads\/sites\/2\/2013\/06\/Tienza_Portrait.jpg\",\"contentUrl\":\"https:\/\/encounters-magazine.com\/de\/wp-content\/uploads\/sites\/2\/2013\/06\/Tienza_Portrait.jpg\",\"width\":85,\"height\":80},{\"@type\":\"WebPage\",\"@id\":\"https:\/\/encounters-magazine.com\/de\/encounters-four\/ein-kulturvulkan-auf-teneriffa\/#webpage\",\"url\":\"https:\/\/encounters-magazine.com\/de\/encounters-four\/ein-kulturvulkan-auf-teneriffa\/\",\"name\":\"Ein Kulturvulkan auf Teneriffa - ENCOUNTERS MAGAZINE. Santacruz International Communication\",\"isPartOf\":{\"@id\":\"https:\/\/encounters-magazine.com\/de\/#website\"},\"primaryImageOfPage\":{\"@id\":\"https:\/\/encounters-magazine.com\/de\/encounters-four\/ein-kulturvulkan-auf-teneriffa\/#primaryimage\"},\"datePublished\":\"2015-04-15T18:10:10+00:00\",\"dateModified\":\"2015-04-18T06:50:08+00:00\",\"description\":\"Das ENCOUNTERS MAGAZINE von Santacruz International Communication l\\u00e4dt Sie ein zu Entdeckungen rund um den Globus: Orte, Menschen und Philosophien.\",\"breadcrumb\":{\"@id\":\"https:\/\/encounters-magazine.com\/de\/encounters-four\/ein-kulturvulkan-auf-teneriffa\/#breadcrumb\"},\"inLanguage\":\"de\",\"potentialAction\":[{\"@type\":\"ReadAction\",\"target\":[\"https:\/\/encounters-magazine.com\/de\/encounters-four\/ein-kulturvulkan-auf-teneriffa\/\"]}]},{\"@type\":\"BreadcrumbList\",\"@id\":\"https:\/\/encounters-magazine.com\/de\/encounters-four\/ein-kulturvulkan-auf-teneriffa\/#breadcrumb\",\"itemListElement\":[{\"@type\":\"ListItem\",\"position\":1,\"name\":\"Startseite\",\"item\":\"https:\/\/encounters-magazine.com\/de\/\"},{\"@type\":\"ListItem\",\"position\":2,\"name\":\"Encounters Four\",\"item\":\"https:\/\/encounters-magazine.com\/de\/encounters-four\/\"},{\"@type\":\"ListItem\",\"position\":3,\"name\":\"Ein Kulturvulkan auf Teneriffa\"}]}]}<\/script>\n<!-- \/ Yoast SEO plugin. -->","yoast_head_json":{"description":"Das ENCOUNTERS MAGAZINE von Santacruz International Communication l\u00e4dt Sie ein zu Entdeckungen rund um den Globus: Orte, Menschen und Philosophien.","robots":{"index":"index","follow":"follow","max-snippet":"max-snippet:-1","max-image-preview":"max-image-preview:large","max-video-preview":"max-video-preview:-1"},"canonical":"https:\/\/encounters-magazine.com\/de\/encounters-four\/ein-kulturvulkan-auf-teneriffa\/","og_locale":"de_DE","og_type":"article","og_title":"Ein Kulturvulkan auf Teneriffa - ENCOUNTERS MAGAZINE. Santacruz International Communication","og_description":"Das ENCOUNTERS MAGAZINE von Santacruz International Communication l\u00e4dt Sie ein zu Entdeckungen rund um den Globus: Orte, Menschen und Philosophien.","og_url":"https:\/\/encounters-magazine.com\/de\/encounters-four\/ein-kulturvulkan-auf-teneriffa\/","og_site_name":"DE - ENCOUNTERS MAGAZINE","article_publisher":"https:\/\/www.facebook.com\/lino.santacruz.5","article_modified_time":"2015-04-18T06:50:08+00:00","og_image":[{"width":85,"height":80,"url":"https:\/\/encounters-magazine.com\/de\/wp-content\/uploads\/sites\/2\/2013\/06\/Tienza_Portrait.jpg","type":"image\/jpeg"}],"twitter_card":"summary","twitter_site":"@LinoSantacruz","twitter_misc":{"Gesch\u00e4tzte Lesezeit":"3\u00a0Minuten"},"schema":{"@context":"https:\/\/schema.org","@graph":[{"@type":"WebSite","@id":"https:\/\/encounters-magazine.com\/de\/#website","url":"https:\/\/encounters-magazine.com\/de\/","name":"DE - ENCOUNTERS MAGAZINE","description":"","potentialAction":[{"@type":"SearchAction","target":{"@type":"EntryPoint","urlTemplate":"https:\/\/encounters-magazine.com\/de\/?s={search_term_string}"},"query-input":"required name=search_term_string"}],"inLanguage":"de"},{"@type":"ImageObject","@id":"https:\/\/encounters-magazine.com\/de\/encounters-four\/ein-kulturvulkan-auf-teneriffa\/#primaryimage","inLanguage":"de","url":"https:\/\/encounters-magazine.com\/de\/wp-content\/uploads\/sites\/2\/2013\/06\/Tienza_Portrait.jpg","contentUrl":"https:\/\/encounters-magazine.com\/de\/wp-content\/uploads\/sites\/2\/2013\/06\/Tienza_Portrait.jpg","width":85,"height":80},{"@type":"WebPage","@id":"https:\/\/encounters-magazine.com\/de\/encounters-four\/ein-kulturvulkan-auf-teneriffa\/#webpage","url":"https:\/\/encounters-magazine.com\/de\/encounters-four\/ein-kulturvulkan-auf-teneriffa\/","name":"Ein Kulturvulkan auf Teneriffa - ENCOUNTERS MAGAZINE. Santacruz International Communication","isPartOf":{"@id":"https:\/\/encounters-magazine.com\/de\/#website"},"primaryImageOfPage":{"@id":"https:\/\/encounters-magazine.com\/de\/encounters-four\/ein-kulturvulkan-auf-teneriffa\/#primaryimage"},"datePublished":"2015-04-15T18:10:10+00:00","dateModified":"2015-04-18T06:50:08+00:00","description":"Das ENCOUNTERS MAGAZINE von Santacruz International Communication l\u00e4dt Sie ein zu Entdeckungen rund um den Globus: Orte, Menschen und Philosophien.","breadcrumb":{"@id":"https:\/\/encounters-magazine.com\/de\/encounters-four\/ein-kulturvulkan-auf-teneriffa\/#breadcrumb"},"inLanguage":"de","potentialAction":[{"@type":"ReadAction","target":["https:\/\/encounters-magazine.com\/de\/encounters-four\/ein-kulturvulkan-auf-teneriffa\/"]}]},{"@type":"BreadcrumbList","@id":"https:\/\/encounters-magazine.com\/de\/encounters-four\/ein-kulturvulkan-auf-teneriffa\/#breadcrumb","itemListElement":[{"@type":"ListItem","position":1,"name":"Startseite","item":"https:\/\/encounters-magazine.com\/de\/"},{"@type":"ListItem","position":2,"name":"Encounters Four","item":"https:\/\/encounters-magazine.com\/de\/encounters-four\/"},{"@type":"ListItem","position":3,"name":"Ein Kulturvulkan auf Teneriffa"}]}]}},"_links":{"self":[{"href":"https:\/\/encounters-magazine.com\/de\/wp-json\/wp\/v2\/pages\/1305"}],"collection":[{"href":"https:\/\/encounters-magazine.com\/de\/wp-json\/wp\/v2\/pages"}],"about":[{"href":"https:\/\/encounters-magazine.com\/de\/wp-json\/wp\/v2\/types\/page"}],"author":[{"embeddable":true,"href":"https:\/\/encounters-magazine.com\/de\/wp-json\/wp\/v2\/users\/4"}],"replies":[{"embeddable":true,"href":"https:\/\/encounters-magazine.com\/de\/wp-json\/wp\/v2\/comments?post=1305"}],"version-history":[{"count":1,"href":"https:\/\/encounters-magazine.com\/de\/wp-json\/wp\/v2\/pages\/1305\/revisions"}],"predecessor-version":[{"id":1306,"href":"https:\/\/encounters-magazine.com\/de\/wp-json\/wp\/v2\/pages\/1305\/revisions\/1306"}],"up":[{"embeddable":true,"href":"https:\/\/encounters-magazine.com\/de\/wp-json\/wp\/v2\/pages\/437"}],"wp:featuredmedia":[{"embeddable":true,"href":"https:\/\/encounters-magazine.com\/de\/wp-json\/wp\/v2\/media\/392"}],"wp:attachment":[{"href":"https:\/\/encounters-magazine.com\/de\/wp-json\/wp\/v2\/media?parent=1305"}],"curies":[{"name":"wp","href":"https:\/\/api.w.org\/{rel}","templated":true}]}}