{"id":1297,"date":"2015-04-15T18:02:20","date_gmt":"2015-04-15T18:02:20","guid":{"rendered":"http:\/\/encounters-magazine.com\/de\/?page_id=1297"},"modified":"2015-04-18T08:57:32","modified_gmt":"2015-04-18T06:57:32","slug":"liebe-ist-die-antwort","status":"publish","type":"page","link":"https:\/\/encounters-magazine.com\/de\/encounters-three-2\/liebe-ist-die-antwort\/","title":{"rendered":"Liebe ist die Antwort"},"content":{"rendered":"<p>Ich kam am 20. August 1945 zur Welt. Wenige Tage nachdem Atombomben \u00fcber Hiroshima und Nagasaki abgeworfen worden waren und kurz nachdem der Krieg mit Japan beendet worden war. Es waren bewegte Zeiten und f\u00fcr mich begann ein sorgenvolles und rastloses Leben.<\/p>\n<p>Bevor ich auf die Welt kam, hatte meine Mutter schon drei S\u00f6hne und zwei Fehlgeburten. Die Verzweiflung und die Entschlossenheit meiner Mutter, eine Tochter bekommen zu wollen, m\u00fcssen f\u00fcr meinen ruhigen und umsichtigen Vater fast unertr\u00e4glich gewesen sein. Harte Zeiten, rationierte Lebensmittel und st\u00e4ndige Sorge um die Sicherheit der Familie in Kriegszeiten waren belastend \u2013 auch ohne ein zus\u00e4tzliches Kind und finanzielle Einschr\u00e4nkungen f\u00fcr die ohnehin schon geringen Mittel der Familie.<\/p>\n<p>Der vierte Junge \u2013 nicht das so sehnlich gew\u00fcnschte M\u00e4dchen \u2013 war geboren. Meine Kindheit war gepr\u00e4gt von Einschr\u00e4nkungen. Bis ich 18 Jahre alt war, waren Gehorsam und Respekt die wichtigen Pfeiler meines Lebens. Meine methodistische Mutter strebte nach irgendeinem zuk\u00fcnftigen Erfolg f\u00fcr mich und wollte mir dies durch strenge, unbegr\u00fcndete Kontrolle und eine unnachgiebige \u201eTu\u2019 was ich sag\u2019\u201c-Philosophie erm\u00f6glichen. Das Leben war schwer f\u00fcr mich und ich bekam nie die Chance zu sein, wer ich war. Wie eine eingesch\u00fcchterte Marionette, deren F\u00e4den meine Umwelt und meine Mutter in der Hand hielten. Mein Vater konnte nichts anderes tun als dem zuzusehen. Er hatte genug Sorge damit, ein weiteres Kind durchbringen zu m\u00fcssen, noch l\u00e4nger arbeiten zu m\u00fcssen, bevor die Verantwortung der Familie und der Kinder von seinen Schultern genommen werden w\u00fcrde und er sich endlich in Frieden dem Lesen und der Gartenarbeit widmen konnte.<\/p>\n<p>Schon seit fr\u00fchester Kindheit war ich in einer puritanisch methodistischen Umwelt auf mich allein gestellt. Drei Kirchenbesuche jeden Sonntag, gutes Benehmen und Gehorsam statt Liebe, K\u00fcsse oder Umarmungen. Es gab wenig Raum f\u00fcr die individuellen Bed\u00fcrfnisse der Kinder. Wie jedes Kind hatte ich meine eigenen Bed\u00fcrfnisse und wie viele Kinder ben\u00f6tigte ich mehr Aufmerksamkeit.<\/p>\n<p>Wenn ich heute mit meiner Erfahrung aus 67 Lebensjahren auf meine Kindheit zur\u00fcckschaue, m\u00f6chte ich mit denen, die zuh\u00f6ren wollen, meine einfachen Ideen f\u00fcr eine bessere Welt teilen. Diese Liebe aus tiefstem Herzen, von der ich sprach und die ich so schmerzlich vermisste, ist immens wichtig, wenn nicht sogar lebenswichtig in unserer schnelllebigen Welt. Die Offenheit f\u00fcr Akzeptanz, Anerkennung, Wertsch\u00e4tzung und Respekt f\u00fcr einander. Liebe ist f\u00fcr mich der offene Blick in den Augen, ein ehrliches L\u00e4cheln, eine warme, leichte Ber\u00fchrung, ein offenes Ohr und die warmen Worte von Mitmenschen. Wie anders w\u00e4re doch die Welt, w\u00fcrden wir einander lieben, wie es uns die Bibel so deutlich beschreibt.<\/p>\n<p>Jeder Mensch auf der Welt, ganz gleich welchen Alters, Rasse, Farbe, sexueller Orientierung oder Glauben will und braucht Liebe. Wir sehnen uns nach Anerkennung, Toleranz und einem Platz im Herzen eines anderen. Wir sehnen uns nach freundlichem, spontanem Gru\u00df, nach Akzeptanz, Einbindung und Verst\u00e4ndnis. Hinfort mit Egoismus, Hochmut, Intoleranz, Ausgrenzung und Abgrenzung. Wir brauchen Bescheidenheit, Gleichheit und die kindlichen Gef\u00fchle, die wir alle hatten und die wir so einfach verleugnet und als nicht angemessen und unpassend beiseite geschoben haben. Wir sind alle Kinder Gottes, wir sind alle gleich.<\/p>\n<p>Was uns gl\u00fccklich in eine bessere Zukunft tragen wird, ist die stille und dem\u00fctige Anerkennung der Gleichheit der Menschen und nicht der technologische Fortschritt und die politischen Auseinandersetzungen, die wir um uns herum beobachten. Ich glaube, dass es einfache, freundliche und reine Gedanken sind, die einen gesunden und positiven Verstand schaffen. Der gesunde Verstand wird uns zu internationalem und sozialen Wohlergehen f\u00fchren. Uns gegenseitig zu lieben, ist meines Erachtens der einzige Weg in die Zukunft und in eine bessere Welt f\u00fcr uns alle, f\u00fcr die Menschheit.<\/p>\n<blockquote><p>Harvey Higgins ist in Yate, South Gloucestershire, England, geboren. Er ist Lehrer und derzeit Direktor an der English Language School, Kantabrien, Spanien.<\/p><\/blockquote>\n","protected":false},"excerpt":{"rendered":"<p>Ich kam am 20. August 1945 zur Welt. Wenige Tage nachdem Atombomben \u00fcber Hiroshima und Nagasaki abgeworfen worden waren und kurz nachdem der Krieg mit Japan beendet worden war. Es waren bewegte Zeiten und f\u00fcr mich begann ein sorgenvolles und rastloses Leben. Bevor ich auf die Welt kam, hatte meine Mutter schon drei S\u00f6hne und [&hellip;]<\/p>\n","protected":false},"author":4,"featured_media":320,"parent":337,"menu_order":4,"comment_status":"open","ping_status":"open","template":"page.php","meta":[],"acf":[],"yoast_head":"<!-- This site is optimized with the Yoast SEO plugin v17.9 - https:\/\/yoast.com\/wordpress\/plugins\/seo\/ -->\n<meta name=\"description\" content=\"Das ENCOUNTERS MAGAZINE von Santacruz International Communication l\u00e4dt Sie ein zu Entdeckungen rund um den Globus: Orte, Menschen und Philosophien.\" \/>\n<meta name=\"robots\" content=\"index, follow, max-snippet:-1, max-image-preview:large, max-video-preview:-1\" \/>\n<link rel=\"canonical\" href=\"https:\/\/encounters-magazine.com\/de\/encounters-three-2\/liebe-ist-die-antwort\/\" \/>\n<meta property=\"og:locale\" content=\"de_DE\" \/>\n<meta property=\"og:type\" content=\"article\" \/>\n<meta property=\"og:title\" content=\"Liebe ist die Antwort - ENCOUNTERS MAGAZINE. Santacruz International Communication\" \/>\n<meta property=\"og:description\" content=\"Das ENCOUNTERS MAGAZINE von Santacruz International Communication l\u00e4dt Sie ein zu Entdeckungen rund um den Globus: Orte, Menschen und Philosophien.\" \/>\n<meta property=\"og:url\" content=\"https:\/\/encounters-magazine.com\/de\/encounters-three-2\/liebe-ist-die-antwort\/\" \/>\n<meta property=\"og:site_name\" content=\"DE - ENCOUNTERS MAGAZINE\" \/>\n<meta property=\"article:publisher\" content=\"https:\/\/www.facebook.com\/lino.santacruz.5\" \/>\n<meta property=\"article:modified_time\" content=\"2015-04-18T06:57:32+00:00\" \/>\n<meta property=\"og:image\" content=\"https:\/\/encounters-magazine.com\/de\/wp-content\/uploads\/sites\/2\/2013\/05\/Higgins_Portrait.jpg\" \/>\n\t<meta property=\"og:image:width\" content=\"85\" \/>\n\t<meta property=\"og:image:height\" content=\"80\" \/>\n\t<meta property=\"og:image:type\" content=\"image\/jpeg\" \/>\n<meta name=\"twitter:card\" content=\"summary\" \/>\n<meta name=\"twitter:site\" content=\"@LinoSantacruz\" \/>\n<meta name=\"twitter:label1\" content=\"Gesch\u00e4tzte Lesezeit\" \/>\n\t<meta name=\"twitter:data1\" content=\"3\u00a0Minuten\" \/>\n<script type=\"application\/ld+json\" class=\"yoast-schema-graph\">{\"@context\":\"https:\/\/schema.org\",\"@graph\":[{\"@type\":\"WebSite\",\"@id\":\"https:\/\/encounters-magazine.com\/de\/#website\",\"url\":\"https:\/\/encounters-magazine.com\/de\/\",\"name\":\"DE - ENCOUNTERS MAGAZINE\",\"description\":\"\",\"potentialAction\":[{\"@type\":\"SearchAction\",\"target\":{\"@type\":\"EntryPoint\",\"urlTemplate\":\"https:\/\/encounters-magazine.com\/de\/?s={search_term_string}\"},\"query-input\":\"required name=search_term_string\"}],\"inLanguage\":\"de\"},{\"@type\":\"ImageObject\",\"@id\":\"https:\/\/encounters-magazine.com\/de\/encounters-three-2\/liebe-ist-die-antwort\/#primaryimage\",\"inLanguage\":\"de\",\"url\":\"https:\/\/encounters-magazine.com\/de\/wp-content\/uploads\/sites\/2\/2013\/05\/Higgins_Portrait.jpg\",\"contentUrl\":\"https:\/\/encounters-magazine.com\/de\/wp-content\/uploads\/sites\/2\/2013\/05\/Higgins_Portrait.jpg\",\"width\":85,\"height\":80,\"caption\":\"Harvey Higgins\"},{\"@type\":\"WebPage\",\"@id\":\"https:\/\/encounters-magazine.com\/de\/encounters-three-2\/liebe-ist-die-antwort\/#webpage\",\"url\":\"https:\/\/encounters-magazine.com\/de\/encounters-three-2\/liebe-ist-die-antwort\/\",\"name\":\"Liebe ist die Antwort - ENCOUNTERS MAGAZINE. Santacruz International Communication\",\"isPartOf\":{\"@id\":\"https:\/\/encounters-magazine.com\/de\/#website\"},\"primaryImageOfPage\":{\"@id\":\"https:\/\/encounters-magazine.com\/de\/encounters-three-2\/liebe-ist-die-antwort\/#primaryimage\"},\"datePublished\":\"2015-04-15T18:02:20+00:00\",\"dateModified\":\"2015-04-18T06:57:32+00:00\",\"description\":\"Das ENCOUNTERS MAGAZINE von Santacruz International Communication l\\u00e4dt Sie ein zu Entdeckungen rund um den Globus: Orte, Menschen und Philosophien.\",\"breadcrumb\":{\"@id\":\"https:\/\/encounters-magazine.com\/de\/encounters-three-2\/liebe-ist-die-antwort\/#breadcrumb\"},\"inLanguage\":\"de\",\"potentialAction\":[{\"@type\":\"ReadAction\",\"target\":[\"https:\/\/encounters-magazine.com\/de\/encounters-three-2\/liebe-ist-die-antwort\/\"]}]},{\"@type\":\"BreadcrumbList\",\"@id\":\"https:\/\/encounters-magazine.com\/de\/encounters-three-2\/liebe-ist-die-antwort\/#breadcrumb\",\"itemListElement\":[{\"@type\":\"ListItem\",\"position\":1,\"name\":\"Startseite\",\"item\":\"https:\/\/encounters-magazine.com\/de\/\"},{\"@type\":\"ListItem\",\"position\":2,\"name\":\"Encounters Three\",\"item\":\"https:\/\/encounters-magazine.com\/de\/encounters-three-2\/\"},{\"@type\":\"ListItem\",\"position\":3,\"name\":\"Liebe ist die Antwort\"}]}]}<\/script>\n<!-- \/ Yoast SEO plugin. -->","yoast_head_json":{"description":"Das ENCOUNTERS MAGAZINE von Santacruz International Communication l\u00e4dt Sie ein zu Entdeckungen rund um den Globus: Orte, Menschen und Philosophien.","robots":{"index":"index","follow":"follow","max-snippet":"max-snippet:-1","max-image-preview":"max-image-preview:large","max-video-preview":"max-video-preview:-1"},"canonical":"https:\/\/encounters-magazine.com\/de\/encounters-three-2\/liebe-ist-die-antwort\/","og_locale":"de_DE","og_type":"article","og_title":"Liebe ist die Antwort - ENCOUNTERS MAGAZINE. Santacruz International Communication","og_description":"Das ENCOUNTERS MAGAZINE von Santacruz International Communication l\u00e4dt Sie ein zu Entdeckungen rund um den Globus: Orte, Menschen und Philosophien.","og_url":"https:\/\/encounters-magazine.com\/de\/encounters-three-2\/liebe-ist-die-antwort\/","og_site_name":"DE - ENCOUNTERS MAGAZINE","article_publisher":"https:\/\/www.facebook.com\/lino.santacruz.5","article_modified_time":"2015-04-18T06:57:32+00:00","og_image":[{"width":85,"height":80,"url":"https:\/\/encounters-magazine.com\/de\/wp-content\/uploads\/sites\/2\/2013\/05\/Higgins_Portrait.jpg","type":"image\/jpeg"}],"twitter_card":"summary","twitter_site":"@LinoSantacruz","twitter_misc":{"Gesch\u00e4tzte Lesezeit":"3\u00a0Minuten"},"schema":{"@context":"https:\/\/schema.org","@graph":[{"@type":"WebSite","@id":"https:\/\/encounters-magazine.com\/de\/#website","url":"https:\/\/encounters-magazine.com\/de\/","name":"DE - ENCOUNTERS MAGAZINE","description":"","potentialAction":[{"@type":"SearchAction","target":{"@type":"EntryPoint","urlTemplate":"https:\/\/encounters-magazine.com\/de\/?s={search_term_string}"},"query-input":"required name=search_term_string"}],"inLanguage":"de"},{"@type":"ImageObject","@id":"https:\/\/encounters-magazine.com\/de\/encounters-three-2\/liebe-ist-die-antwort\/#primaryimage","inLanguage":"de","url":"https:\/\/encounters-magazine.com\/de\/wp-content\/uploads\/sites\/2\/2013\/05\/Higgins_Portrait.jpg","contentUrl":"https:\/\/encounters-magazine.com\/de\/wp-content\/uploads\/sites\/2\/2013\/05\/Higgins_Portrait.jpg","width":85,"height":80,"caption":"Harvey Higgins"},{"@type":"WebPage","@id":"https:\/\/encounters-magazine.com\/de\/encounters-three-2\/liebe-ist-die-antwort\/#webpage","url":"https:\/\/encounters-magazine.com\/de\/encounters-three-2\/liebe-ist-die-antwort\/","name":"Liebe ist die Antwort - ENCOUNTERS MAGAZINE. Santacruz International Communication","isPartOf":{"@id":"https:\/\/encounters-magazine.com\/de\/#website"},"primaryImageOfPage":{"@id":"https:\/\/encounters-magazine.com\/de\/encounters-three-2\/liebe-ist-die-antwort\/#primaryimage"},"datePublished":"2015-04-15T18:02:20+00:00","dateModified":"2015-04-18T06:57:32+00:00","description":"Das ENCOUNTERS MAGAZINE von Santacruz International Communication l\u00e4dt Sie ein zu Entdeckungen rund um den Globus: Orte, Menschen und Philosophien.","breadcrumb":{"@id":"https:\/\/encounters-magazine.com\/de\/encounters-three-2\/liebe-ist-die-antwort\/#breadcrumb"},"inLanguage":"de","potentialAction":[{"@type":"ReadAction","target":["https:\/\/encounters-magazine.com\/de\/encounters-three-2\/liebe-ist-die-antwort\/"]}]},{"@type":"BreadcrumbList","@id":"https:\/\/encounters-magazine.com\/de\/encounters-three-2\/liebe-ist-die-antwort\/#breadcrumb","itemListElement":[{"@type":"ListItem","position":1,"name":"Startseite","item":"https:\/\/encounters-magazine.com\/de\/"},{"@type":"ListItem","position":2,"name":"Encounters Three","item":"https:\/\/encounters-magazine.com\/de\/encounters-three-2\/"},{"@type":"ListItem","position":3,"name":"Liebe ist die Antwort"}]}]}},"_links":{"self":[{"href":"https:\/\/encounters-magazine.com\/de\/wp-json\/wp\/v2\/pages\/1297"}],"collection":[{"href":"https:\/\/encounters-magazine.com\/de\/wp-json\/wp\/v2\/pages"}],"about":[{"href":"https:\/\/encounters-magazine.com\/de\/wp-json\/wp\/v2\/types\/page"}],"author":[{"embeddable":true,"href":"https:\/\/encounters-magazine.com\/de\/wp-json\/wp\/v2\/users\/4"}],"replies":[{"embeddable":true,"href":"https:\/\/encounters-magazine.com\/de\/wp-json\/wp\/v2\/comments?post=1297"}],"version-history":[{"count":1,"href":"https:\/\/encounters-magazine.com\/de\/wp-json\/wp\/v2\/pages\/1297\/revisions"}],"predecessor-version":[{"id":1298,"href":"https:\/\/encounters-magazine.com\/de\/wp-json\/wp\/v2\/pages\/1297\/revisions\/1298"}],"up":[{"embeddable":true,"href":"https:\/\/encounters-magazine.com\/de\/wp-json\/wp\/v2\/pages\/337"}],"wp:featuredmedia":[{"embeddable":true,"href":"https:\/\/encounters-magazine.com\/de\/wp-json\/wp\/v2\/media\/320"}],"wp:attachment":[{"href":"https:\/\/encounters-magazine.com\/de\/wp-json\/wp\/v2\/media?parent=1297"}],"curies":[{"name":"wp","href":"https:\/\/api.w.org\/{rel}","templated":true}]}}