{"id":1295,"date":"2015-04-15T18:00:34","date_gmt":"2015-04-15T18:00:34","guid":{"rendered":"http:\/\/encounters-magazine.com\/de\/?page_id=1295"},"modified":"2015-04-18T08:57:12","modified_gmt":"2015-04-18T06:57:12","slug":"angeboren-oder-erworben","status":"publish","type":"page","link":"https:\/\/encounters-magazine.com\/de\/encounters-three-2\/angeboren-oder-erworben\/","title":{"rendered":"Angeboren oder erworben?"},"content":{"rendered":"<p>Ist Neugier angeboren oder erworben? Was hat mich dazu motiviert, zum ersten Mal durch die T\u00fcr eines Theaters zu gehen? Nat\u00fcrlicher Entdeckungsdrang, oder hatten meine Eltern mir den Ansto\u00df dazu gegeben? Ich kann es wirklich nicht sagen. Jedenfalls kann ich mich noch gut an dieses allererste Mal erinnern, wie ich mit 14 Jahren mit der Eintrittskarte in der Hand das Th\u00e9\u00e2tre des Arts in Rouen betrat, um Madame Butterfly von Puccini zu sehen, wie aufgeregt ich war, als ich den roten Saal betrat, den gro\u00dfen Vorhang erblickte, die Sitze, den ganz eigenen Geruch des Theaters wahrnahm, und vor allem wei\u00df ich noch, wie froh ich war, endlich in die Kultur eintauchen zu k\u00f6nnen. Endlich w\u00fcrde ich den abstrakten Unterricht im Gymnasium hinter mir lassen und die Welt der gro\u00dfen Gef\u00fchle entdecken, das einzig Wahre: das Leben! Ein ganzes Leben lag vor mir, um die Welt zu entdecken, mich von Erfahrungen und Begegnungen bereichern zu lassen. Wie eine Droge breitete die Kultur ihre ganze Vielfalt an M\u00f6glichkeiten vor mir aus. Denn nat\u00fcrlich musste ich nach der Oper auch noch die Ballettvorstellungen ausprobieren, das Theater, die Museen\u2026 Die sch\u00f6ne Stadt Rouen wurde ganz schnell viel zu klein, um dieser Sucht Gen\u00fcge zu tun. Ich brauchte die weite Welt, brauchte Reisen, um die in B\u00fcchern bewunderten Gem\u00e4lde leibhaftig zu sehen, um die Aromen der ausl\u00e4ndischen Kochk\u00fcnste in mich aufzunehmen, um zu dem Weltb\u00fcrger zu werden, als den ich mich in aller Bescheidenheit heute sehe.<\/p>\n<p><img loading=\"lazy\" src=\"https:\/\/encounters-magazine.com\/de\/wp-content\/uploads\/sites\/2\/2013\/05\/Rameau_1.jpg\" alt=\"Rameau_1\" width=\"507\" height=\"651\" class=\"alignnone size-full wp-image-307\" srcset=\"https:\/\/encounters-magazine.com\/de\/wp-content\/uploads\/sites\/2\/2013\/05\/Rameau_1.jpg 507w, https:\/\/encounters-magazine.com\/de\/wp-content\/uploads\/sites\/2\/2013\/05\/Rameau_1-233x300.jpg 233w\" sizes=\"(max-width: 507px) 100vw, 507px\" \/><\/p>\n<p>Nach Paris zu ziehen war ein gro\u00dfer Gl\u00fccksfall in meinem Leben. Mit seinen Toren, die der ganzen Welt offenstehen, ist Paris ein gro\u00dfes, wunderbares Haus, in dem jedes Zimmer so geschichtstr\u00e4chtig ist, dass es allein verdient h\u00e4tte, ein ganzes Leben lang erkundet zu werden. Ein weiterer Gl\u00fccksfall war meine Begegnung mit Maurice de Galvert, einem Journalisten und Freund, der sein Leben der klassischen Musik gewidmet hat und mein Mentor geworden ist. Er hat mich gelehrt, anspruchsvoll zu sein und hart zu arbeiten, aber vor allen Dingen hat er mich gelehrt, dass man nie aufh\u00f6rt zu lernen.<\/p>\n<p><img loading=\"lazy\" src=\"https:\/\/encounters-magazine.com\/de\/wp-content\/uploads\/sites\/2\/2013\/05\/Rameau_2.jpg\" alt=\"Rameau_2\" width=\"507\" height=\"676\" class=\"alignnone size-full wp-image-308\" srcset=\"https:\/\/encounters-magazine.com\/de\/wp-content\/uploads\/sites\/2\/2013\/05\/Rameau_2.jpg 507w, https:\/\/encounters-magazine.com\/de\/wp-content\/uploads\/sites\/2\/2013\/05\/Rameau_2-225x300.jpg 225w\" sizes=\"(max-width: 507px) 100vw, 507px\" \/><\/p>\n<p>Wie ein Musiker oder T\u00e4nzer habe ich heute das Gl\u00fcck, meine Leidenschaft f\u00fcr die klassische Musik leben zu k\u00f6nnen. Music &amp; Opera ist ein internationales Unternehmen, das den dreisprachigen Guide \u201eMusik &amp; Oper rund um die Welt\u201c (Music &amp; Opera around the World, Musique &amp; Op\u00e9ra autour du monde) mit den Spielpl\u00e4nen der gro\u00dfen Konzerts\u00e4le, Opernh\u00e4user, Ballettkompanien und Festivals herausbringt. M&amp;O ist auch eine Website mit einem internationalen Ticketservice, News aus der Welt der Oper, Artikeln, Informationen und vielem mehr. Als k\u00fcnstlerischer Leiter und Journalist habe ich das Gl\u00fcck, dass mein Alltag ein perfektes Beispiel f\u00fcr gelungene Globalisierung ist. Schon meine ersten Reisen f\u00fchrten mich in mythische Konzerth\u00e4user wie die Metropolitan Opera in New York oder den Musikverein in Wien. Heute ist es mir eine Freude, neuer\u00f6ffnete S\u00e4le wie die Harpa in Reykjavik zu besuchen. Grandiose Auff\u00fchrungen zu sehen, den perfekten Klang eines Orchesters zu h\u00f6ren, ist mir ein fast t\u00e4gliches Vergn\u00fcgen. Ganz zu schweigen von den Begegnungen mit den K\u00fcnstlern. Nach einer Auff\u00fchrung mit ihnen \u00fcber ihre Arbeit zu sprechen kann einen manchmal ganz prosaisch wieder auf den Boden der Tatsachen zur\u00fcckholen. Aber etwa die angenehme Stimme des Choreographen Sidi Larbi Cherkaoui bei den Movimentos von Wolfsburg zu h\u00f6ren, geh\u00f6rt zu den kleinen magischen Momenten, die wie Blue Notes sind, wie die Stille, die das Ende eines Konzertes markiert, aber noch immer Musik ist. Und dann sind da nat\u00fcrlich noch die kleinen am\u00fcsanten Momente wie gemeinsam mit Vladimir Ashkenazy die franz\u00f6sische Arie der Gr\u00e4fin aus Tschaikowskis Pique Dame zu singen! Und die Sympathie f\u00fcr junge K\u00fcnstler wie Chen Reiss oder meinen Freund Fabrice di Falco.<\/p>\n<p><img loading=\"lazy\" src=\"https:\/\/encounters-magazine.com\/de\/wp-content\/uploads\/sites\/2\/2013\/05\/Rameau_3.jpg\" alt=\"Rameau_3\" width=\"507\" height=\"676\" class=\"alignnone size-full wp-image-309\" srcset=\"https:\/\/encounters-magazine.com\/de\/wp-content\/uploads\/sites\/2\/2013\/05\/Rameau_3.jpg 507w, https:\/\/encounters-magazine.com\/de\/wp-content\/uploads\/sites\/2\/2013\/05\/Rameau_3-225x300.jpg 225w\" sizes=\"(max-width: 507px) 100vw, 507px\" \/><\/p>\n<p>Der beste Teil meiner Arbeit ist es sicherlich, den K\u00fcnstlern zu begegnen, mit ihnen zu diskutieren und zu lachen, Konzerts\u00e4le zu besuchen, durch die Welt zu reisen\u2026 Denn die europ\u00e4ische Kunst par excellence, die klassische Musik, hat die ganze Welt erobert, weil sie zum Erklingen bringt, was im Herzen jedes Menschen wohnt: unsere Gef\u00fchle. Auch wenn der Vergleich hinkt, welche Kunst ist einfacher zug\u00e4nglich als die Musik? Man muss keine Musiklehre studiert haben, um von einer Mozart-Arie oder einem Schubert-Lied davongetragen zu werden. Die klassische Musik ist \u00fcberall, in den Konzerts\u00e4len nat\u00fcrlich, aber auch in Fahrst\u00fchlen, TV-Spots, in den Kaufh\u00e4usern von Seoul, Berlin oder New York\u2026 In aller Demut glaube ich, dass es meine Aufgabe ist, eine Br\u00fccke zwischen der Musik und der breiten \u00d6ffentlichkeit zu schlagen. Ich bem\u00fche mich um Demokratisierung, denn in meiner Idealwelt sollte niemand Angst haben, einen Konzertsaal zu betreten. Die Klippe, die es zu umschiffen gilt, ist der Glaube, dass die Klassik einer Elite vorbehalten sei, dass nur \u00e4ltere, verm\u00f6gende Herren die Freuden der Oper genie\u00dfen d\u00fcrften. Aber wenn man sich die K\u00fcnstler einmal ansieht, diese Helden der Moderne, dann stellt man fest, dass sie aus allen Lebensbereichen und Kontinenten stammen. Ihre gemeinsame, ungest\u00fcme Leidenschaft findet in der Jugend der einen kombiniert mit der Erfahrung der anderen ihren Ausdruck. Sie halten unser kulturelles Erbe lebendig, indem sie die H\u00fcrde der Zeit niederrei\u00dfen, denn dank ihnen sind Bachs Partituren Teil unseres Alltags. Wie soll man sie da nicht lieben?<\/p>\n<p><img loading=\"lazy\" src=\"https:\/\/encounters-magazine.com\/de\/wp-content\/uploads\/sites\/2\/2013\/05\/Rameau_4.jpg\" alt=\"Rameau_4\" width=\"507\" height=\"639\" class=\"alignnone size-full wp-image-310\" srcset=\"https:\/\/encounters-magazine.com\/de\/wp-content\/uploads\/sites\/2\/2013\/05\/Rameau_4.jpg 507w, https:\/\/encounters-magazine.com\/de\/wp-content\/uploads\/sites\/2\/2013\/05\/Rameau_4-238x300.jpg 238w\" sizes=\"(max-width: 507px) 100vw, 507px\" \/><\/p>\n<p>Es ist die Leidenschaft, die ihr und mein Leben beseelt. Wir bereichern uns durch dieses innere Verlangen, diesen Wissens- und Bildungsdurst. Unser Leben n\u00e4hrt sich aus dieser erworbenen und mit jeder Auff\u00fchrung vertieften Kultur. Liegt nicht genau da, zwischen dem Angeborenen und dem Erworbenen, die wahre Definition dessen, was uns erst zu Menschen macht?<\/p>\n<p><img loading=\"lazy\" src=\"https:\/\/encounters-magazine.com\/de\/wp-content\/uploads\/sites\/2\/2013\/05\/Rameau_5.jpg\" alt=\"Rameau_5\" width=\"507\" height=\"346\" class=\"alignnone size-full wp-image-311\" srcset=\"https:\/\/encounters-magazine.com\/de\/wp-content\/uploads\/sites\/2\/2013\/05\/Rameau_5.jpg 507w, https:\/\/encounters-magazine.com\/de\/wp-content\/uploads\/sites\/2\/2013\/05\/Rameau_5-300x204.jpg 300w\" sizes=\"(max-width: 507px) 100vw, 507px\" \/><\/p>\n<blockquote><p>Hugues Rameau wurde am 22. Oktober 1967 in Dieppe, Normandie, Frankreich, geboren. Er begann seine Karriere im Cercle Lyrique International und leitete parallel dazu eine Radiosendung \u00fcber klassische Musik. Er arbeitete f\u00fcr die K\u00fcnstleragentur IMG Paris und war Projektleiter Carlson Wagon-Lit Travel. Seit dem Jahr 2000 ist er k\u00fcnstlerischer Leiter von Music &amp; Opera www.music-opera.com<\/p><\/blockquote>\n","protected":false},"excerpt":{"rendered":"<p>Ist Neugier angeboren oder erworben? Was hat mich dazu motiviert, zum ersten Mal durch die T\u00fcr eines Theaters zu gehen? Nat\u00fcrlicher Entdeckungsdrang, oder hatten meine Eltern mir den Ansto\u00df dazu gegeben? Ich kann es wirklich nicht sagen. Jedenfalls kann ich mich noch gut an dieses allererste Mal erinnern, wie ich mit 14 Jahren mit der [&hellip;]<\/p>\n","protected":false},"author":4,"featured_media":306,"parent":337,"menu_order":3,"comment_status":"open","ping_status":"open","template":"page.php","meta":[],"acf":[],"yoast_head":"<!-- This site is optimized with the Yoast SEO plugin v17.9 - https:\/\/yoast.com\/wordpress\/plugins\/seo\/ -->\n<meta name=\"description\" content=\"Das ENCOUNTERS MAGAZINE von Santacruz International Communication l\u00e4dt Sie ein zu Entdeckungen rund um den Globus: Orte, Menschen und Philosophien.\" \/>\n<meta name=\"robots\" content=\"index, follow, max-snippet:-1, max-image-preview:large, max-video-preview:-1\" \/>\n<link rel=\"canonical\" href=\"https:\/\/encounters-magazine.com\/de\/encounters-three-2\/angeboren-oder-erworben\/\" \/>\n<meta property=\"og:locale\" content=\"de_DE\" \/>\n<meta property=\"og:type\" content=\"article\" \/>\n<meta property=\"og:title\" content=\"Angeboren oder erworben? - ENCOUNTERS MAGAZINE. Santacruz International Communication\" \/>\n<meta property=\"og:description\" content=\"Das ENCOUNTERS MAGAZINE von Santacruz International Communication l\u00e4dt Sie ein zu Entdeckungen rund um den Globus: Orte, Menschen und Philosophien.\" \/>\n<meta property=\"og:url\" content=\"https:\/\/encounters-magazine.com\/de\/encounters-three-2\/angeboren-oder-erworben\/\" \/>\n<meta property=\"og:site_name\" content=\"DE - ENCOUNTERS MAGAZINE\" \/>\n<meta property=\"article:publisher\" content=\"https:\/\/www.facebook.com\/lino.santacruz.5\" \/>\n<meta property=\"article:modified_time\" content=\"2015-04-18T06:57:12+00:00\" \/>\n<meta property=\"og:image\" content=\"https:\/\/encounters-magazine.com\/de\/wp-content\/uploads\/sites\/2\/2013\/05\/Rameau_Portrait.jpg\" \/>\n\t<meta property=\"og:image:width\" content=\"100\" \/>\n\t<meta property=\"og:image:height\" content=\"80\" \/>\n\t<meta property=\"og:image:type\" content=\"image\/jpeg\" \/>\n<meta name=\"twitter:card\" content=\"summary\" \/>\n<meta name=\"twitter:site\" content=\"@LinoSantacruz\" \/>\n<meta name=\"twitter:label1\" content=\"Gesch\u00e4tzte Lesezeit\" \/>\n\t<meta name=\"twitter:data1\" content=\"5\u00a0Minuten\" \/>\n<script type=\"application\/ld+json\" class=\"yoast-schema-graph\">{\"@context\":\"https:\/\/schema.org\",\"@graph\":[{\"@type\":\"WebSite\",\"@id\":\"https:\/\/encounters-magazine.com\/de\/#website\",\"url\":\"https:\/\/encounters-magazine.com\/de\/\",\"name\":\"DE - ENCOUNTERS MAGAZINE\",\"description\":\"\",\"potentialAction\":[{\"@type\":\"SearchAction\",\"target\":{\"@type\":\"EntryPoint\",\"urlTemplate\":\"https:\/\/encounters-magazine.com\/de\/?s={search_term_string}\"},\"query-input\":\"required name=search_term_string\"}],\"inLanguage\":\"de\"},{\"@type\":\"ImageObject\",\"@id\":\"https:\/\/encounters-magazine.com\/de\/encounters-three-2\/angeboren-oder-erworben\/#primaryimage\",\"inLanguage\":\"de\",\"url\":\"https:\/\/encounters-magazine.com\/de\/wp-content\/uploads\/sites\/2\/2013\/05\/Rameau_Portrait.jpg\",\"contentUrl\":\"https:\/\/encounters-magazine.com\/de\/wp-content\/uploads\/sites\/2\/2013\/05\/Rameau_Portrait.jpg\",\"width\":100,\"height\":80},{\"@type\":\"WebPage\",\"@id\":\"https:\/\/encounters-magazine.com\/de\/encounters-three-2\/angeboren-oder-erworben\/#webpage\",\"url\":\"https:\/\/encounters-magazine.com\/de\/encounters-three-2\/angeboren-oder-erworben\/\",\"name\":\"Angeboren oder erworben? - ENCOUNTERS MAGAZINE. Santacruz International Communication\",\"isPartOf\":{\"@id\":\"https:\/\/encounters-magazine.com\/de\/#website\"},\"primaryImageOfPage\":{\"@id\":\"https:\/\/encounters-magazine.com\/de\/encounters-three-2\/angeboren-oder-erworben\/#primaryimage\"},\"datePublished\":\"2015-04-15T18:00:34+00:00\",\"dateModified\":\"2015-04-18T06:57:12+00:00\",\"description\":\"Das ENCOUNTERS MAGAZINE von Santacruz International Communication l\\u00e4dt Sie ein zu Entdeckungen rund um den Globus: Orte, Menschen und Philosophien.\",\"breadcrumb\":{\"@id\":\"https:\/\/encounters-magazine.com\/de\/encounters-three-2\/angeboren-oder-erworben\/#breadcrumb\"},\"inLanguage\":\"de\",\"potentialAction\":[{\"@type\":\"ReadAction\",\"target\":[\"https:\/\/encounters-magazine.com\/de\/encounters-three-2\/angeboren-oder-erworben\/\"]}]},{\"@type\":\"BreadcrumbList\",\"@id\":\"https:\/\/encounters-magazine.com\/de\/encounters-three-2\/angeboren-oder-erworben\/#breadcrumb\",\"itemListElement\":[{\"@type\":\"ListItem\",\"position\":1,\"name\":\"Startseite\",\"item\":\"https:\/\/encounters-magazine.com\/de\/\"},{\"@type\":\"ListItem\",\"position\":2,\"name\":\"Encounters Three\",\"item\":\"https:\/\/encounters-magazine.com\/de\/encounters-three-2\/\"},{\"@type\":\"ListItem\",\"position\":3,\"name\":\"Angeboren oder erworben?\"}]}]}<\/script>\n<!-- \/ Yoast SEO plugin. -->","yoast_head_json":{"description":"Das ENCOUNTERS MAGAZINE von Santacruz International Communication l\u00e4dt Sie ein zu Entdeckungen rund um den Globus: Orte, Menschen und Philosophien.","robots":{"index":"index","follow":"follow","max-snippet":"max-snippet:-1","max-image-preview":"max-image-preview:large","max-video-preview":"max-video-preview:-1"},"canonical":"https:\/\/encounters-magazine.com\/de\/encounters-three-2\/angeboren-oder-erworben\/","og_locale":"de_DE","og_type":"article","og_title":"Angeboren oder erworben? - ENCOUNTERS MAGAZINE. Santacruz International Communication","og_description":"Das ENCOUNTERS MAGAZINE von Santacruz International Communication l\u00e4dt Sie ein zu Entdeckungen rund um den Globus: Orte, Menschen und Philosophien.","og_url":"https:\/\/encounters-magazine.com\/de\/encounters-three-2\/angeboren-oder-erworben\/","og_site_name":"DE - ENCOUNTERS MAGAZINE","article_publisher":"https:\/\/www.facebook.com\/lino.santacruz.5","article_modified_time":"2015-04-18T06:57:12+00:00","og_image":[{"width":100,"height":80,"url":"https:\/\/encounters-magazine.com\/de\/wp-content\/uploads\/sites\/2\/2013\/05\/Rameau_Portrait.jpg","type":"image\/jpeg"}],"twitter_card":"summary","twitter_site":"@LinoSantacruz","twitter_misc":{"Gesch\u00e4tzte Lesezeit":"5\u00a0Minuten"},"schema":{"@context":"https:\/\/schema.org","@graph":[{"@type":"WebSite","@id":"https:\/\/encounters-magazine.com\/de\/#website","url":"https:\/\/encounters-magazine.com\/de\/","name":"DE - ENCOUNTERS MAGAZINE","description":"","potentialAction":[{"@type":"SearchAction","target":{"@type":"EntryPoint","urlTemplate":"https:\/\/encounters-magazine.com\/de\/?s={search_term_string}"},"query-input":"required name=search_term_string"}],"inLanguage":"de"},{"@type":"ImageObject","@id":"https:\/\/encounters-magazine.com\/de\/encounters-three-2\/angeboren-oder-erworben\/#primaryimage","inLanguage":"de","url":"https:\/\/encounters-magazine.com\/de\/wp-content\/uploads\/sites\/2\/2013\/05\/Rameau_Portrait.jpg","contentUrl":"https:\/\/encounters-magazine.com\/de\/wp-content\/uploads\/sites\/2\/2013\/05\/Rameau_Portrait.jpg","width":100,"height":80},{"@type":"WebPage","@id":"https:\/\/encounters-magazine.com\/de\/encounters-three-2\/angeboren-oder-erworben\/#webpage","url":"https:\/\/encounters-magazine.com\/de\/encounters-three-2\/angeboren-oder-erworben\/","name":"Angeboren oder erworben? - ENCOUNTERS MAGAZINE. Santacruz International Communication","isPartOf":{"@id":"https:\/\/encounters-magazine.com\/de\/#website"},"primaryImageOfPage":{"@id":"https:\/\/encounters-magazine.com\/de\/encounters-three-2\/angeboren-oder-erworben\/#primaryimage"},"datePublished":"2015-04-15T18:00:34+00:00","dateModified":"2015-04-18T06:57:12+00:00","description":"Das ENCOUNTERS MAGAZINE von Santacruz International Communication l\u00e4dt Sie ein zu Entdeckungen rund um den Globus: Orte, Menschen und Philosophien.","breadcrumb":{"@id":"https:\/\/encounters-magazine.com\/de\/encounters-three-2\/angeboren-oder-erworben\/#breadcrumb"},"inLanguage":"de","potentialAction":[{"@type":"ReadAction","target":["https:\/\/encounters-magazine.com\/de\/encounters-three-2\/angeboren-oder-erworben\/"]}]},{"@type":"BreadcrumbList","@id":"https:\/\/encounters-magazine.com\/de\/encounters-three-2\/angeboren-oder-erworben\/#breadcrumb","itemListElement":[{"@type":"ListItem","position":1,"name":"Startseite","item":"https:\/\/encounters-magazine.com\/de\/"},{"@type":"ListItem","position":2,"name":"Encounters Three","item":"https:\/\/encounters-magazine.com\/de\/encounters-three-2\/"},{"@type":"ListItem","position":3,"name":"Angeboren oder erworben?"}]}]}},"_links":{"self":[{"href":"https:\/\/encounters-magazine.com\/de\/wp-json\/wp\/v2\/pages\/1295"}],"collection":[{"href":"https:\/\/encounters-magazine.com\/de\/wp-json\/wp\/v2\/pages"}],"about":[{"href":"https:\/\/encounters-magazine.com\/de\/wp-json\/wp\/v2\/types\/page"}],"author":[{"embeddable":true,"href":"https:\/\/encounters-magazine.com\/de\/wp-json\/wp\/v2\/users\/4"}],"replies":[{"embeddable":true,"href":"https:\/\/encounters-magazine.com\/de\/wp-json\/wp\/v2\/comments?post=1295"}],"version-history":[{"count":1,"href":"https:\/\/encounters-magazine.com\/de\/wp-json\/wp\/v2\/pages\/1295\/revisions"}],"predecessor-version":[{"id":1296,"href":"https:\/\/encounters-magazine.com\/de\/wp-json\/wp\/v2\/pages\/1295\/revisions\/1296"}],"up":[{"embeddable":true,"href":"https:\/\/encounters-magazine.com\/de\/wp-json\/wp\/v2\/pages\/337"}],"wp:featuredmedia":[{"embeddable":true,"href":"https:\/\/encounters-magazine.com\/de\/wp-json\/wp\/v2\/media\/306"}],"wp:attachment":[{"href":"https:\/\/encounters-magazine.com\/de\/wp-json\/wp\/v2\/media?parent=1295"}],"curies":[{"name":"wp","href":"https:\/\/api.w.org\/{rel}","templated":true}]}}