{"id":1293,"date":"2015-04-15T17:59:21","date_gmt":"2015-04-15T17:59:21","guid":{"rendered":"http:\/\/encounters-magazine.com\/de\/?page_id=1293"},"modified":"2015-04-18T08:56:57","modified_gmt":"2015-04-18T06:56:57","slug":"30-minuten-hongkong","status":"publish","type":"page","link":"https:\/\/encounters-magazine.com\/de\/encounters-three-2\/30-minuten-hongkong\/","title":{"rendered":"&#8222;30 Minuten Hongkong&#8220;"},"content":{"rendered":"<p><img loading=\"lazy\" src=\"https:\/\/encounters-magazine.com\/de\/wp-content\/uploads\/sites\/2\/2013\/05\/Liu_8.jpg\" alt=\"Liu_8\" width=\"507\" height=\"337\" class=\"alignnone size-full wp-image-288\" srcset=\"https:\/\/encounters-magazine.com\/de\/wp-content\/uploads\/sites\/2\/2013\/05\/Liu_8.jpg 507w, https:\/\/encounters-magazine.com\/de\/wp-content\/uploads\/sites\/2\/2013\/05\/Liu_8-300x199.jpg 300w\" sizes=\"(max-width: 507px) 100vw, 507px\" \/><\/p>\n<p>Hongkong ist bekannt als gro\u00dfes Finanz- und Gesch\u00e4ftszentrum. Der erste Eindruck der Stadt ist normalerweise Victoria Harbour und die umliegenden Wolkenkratzer. Wenn man aber einfach nur durch die Stadt schlendern und ein Gef\u00fchl f\u00fcr die Traditionen und das alte Hongkong bekommen will, dann sollte man sich auf einen Spaziergang durch Sheung Wan begeben.<\/p>\n<p><img loading=\"lazy\" src=\"https:\/\/encounters-magazine.com\/de\/wp-content\/uploads\/sites\/2\/2013\/05\/Liu_1.jpg\" alt=\"Liu_1\" width=\"507\" height=\"337\" class=\"alignnone size-full wp-image-281\" srcset=\"https:\/\/encounters-magazine.com\/de\/wp-content\/uploads\/sites\/2\/2013\/05\/Liu_1.jpg 507w, https:\/\/encounters-magazine.com\/de\/wp-content\/uploads\/sites\/2\/2013\/05\/Liu_1-300x199.jpg 300w\" sizes=\"(max-width: 507px) 100vw, 507px\" \/><\/p>\n<p>Sheung Wan, der westliche Distrikt der Insel Hongkong, ist der urspr\u00fcngliche Teil der Stadt. Hier entstand in den 1840er Jahren Hongkong. Jetzt hat es einen ganz besonderen Charme durch den Mix aus alt und neu. Die hohe Bev\u00f6lkerungsdichte, die zweckm\u00e4\u00dfige Architektur, die Waren in den L\u00e4den, die plaudernden Menschen, die in den M\u00e4rkten verhandeln&#8230; all das erm\u00f6glicht einen Einblick in das alte, traditionelle Leben.<\/p>\n<p><img loading=\"lazy\" src=\"https:\/\/encounters-magazine.com\/de\/wp-content\/uploads\/sites\/2\/2013\/05\/Liu_2.jpg\" alt=\"Liu_2\" width=\"507\" height=\"337\" class=\"alignnone size-full wp-image-282\" srcset=\"https:\/\/encounters-magazine.com\/de\/wp-content\/uploads\/sites\/2\/2013\/05\/Liu_2.jpg 507w, https:\/\/encounters-magazine.com\/de\/wp-content\/uploads\/sites\/2\/2013\/05\/Liu_2-300x199.jpg 300w\" sizes=\"(max-width: 507px) 100vw, 507px\" \/><\/p>\n<p>Ein 30-min\u00fctiger Spaziergang beginnt in der Des Voeux Road West, in der ich seit 2011 lebe, nachdem ich von Berlin nach Hongkong gezogen bin. Diese Marktstra\u00dfen sind bekannt als \u201eDas Chinesische Herz des alten Hongkong\u201c. Hier bekommt man an den vielen kleinen St\u00e4nden getrocknete Meeresfr\u00fcchte, pflanzliche Medizin und Kunsthandwerk. Die Gesch\u00e4fte im Erdgeschoss des Tong Lau (einem gro\u00dfen Mietshaus mit vielen Wohnungen und Gewerber\u00e4umen) sind t\u00e4glich vom fr\u00fchen Morgen bis zum sp\u00e4ten Nachmittag ge\u00f6ffnet.<\/p>\n<p><img loading=\"lazy\" src=\"https:\/\/encounters-magazine.com\/de\/wp-content\/uploads\/sites\/2\/2013\/05\/Liu_3.jpg\" alt=\"Liu_3\" width=\"507\" height=\"337\" class=\"alignnone size-full wp-image-283\" srcset=\"https:\/\/encounters-magazine.com\/de\/wp-content\/uploads\/sites\/2\/2013\/05\/Liu_3.jpg 507w, https:\/\/encounters-magazine.com\/de\/wp-content\/uploads\/sites\/2\/2013\/05\/Liu_3-300x199.jpg 300w\" sizes=\"(max-width: 507px) 100vw, 507px\" \/><\/p>\n<p>In der Hollywood Road und den umliegenden G\u00e4sschen, findet man viele Antiquit\u00e4tenl\u00e4den, in denen man Porzellan, alte B\u00fccher und verschiedenste M\u00f6belst\u00fccke kaufen kann. Die Hollywood Road war die zweite Stra\u00dfe, die nach der Gr\u00fcndung der Kolonie Hongkong gebaut wurde. Erst seit kurzem entwickelt sie sich zum zeitgen\u00f6ssischen Kunstviertel. Eine der sehenswerten Gallerien ist die neu er\u00f6ffnete Gallerie Haji in der Lok Ku Road. Dort werden vor allem lokale K\u00fcnstler und Designer ausgestellt. Im Rahmen der Ausstellung \u201e10P_Illustration &amp; Installation\u201c 2012 konnte ich selbst acht Bilder dort ausstellen.<\/p>\n<p><img loading=\"lazy\" src=\"https:\/\/encounters-magazine.com\/de\/wp-content\/uploads\/sites\/2\/2013\/05\/Liu_6.jpg\" alt=\"Liu_6\" width=\"507\" height=\"337\" class=\"alignnone size-full wp-image-286\" srcset=\"https:\/\/encounters-magazine.com\/de\/wp-content\/uploads\/sites\/2\/2013\/05\/Liu_6.jpg 507w, https:\/\/encounters-magazine.com\/de\/wp-content\/uploads\/sites\/2\/2013\/05\/Liu_6-300x199.jpg 300w\" sizes=\"(max-width: 507px) 100vw, 507px\" \/><\/p>\n<blockquote><p>Si Liu, in Peking geboren, hat einen Masterabschluss in Architektur der Tsingua University und studierte anschlie\u00dfend B\u00fchnenbild_Szenischer Raum an der TU Berlin. W\u00e4hrend ihres Aufenthalts in Deutschland hatte sie ein K\u00fcnstlerstipendium des DAAD.<\/p>\n<p>Sie gestaltete mehrere Ausstellungen in Berlin, unter anderem 2011 die Ausstellung \u201eDas essen wir. Wir essen Reis\u201c im Juniormuseum. Ihre Gem\u00e4lde wurden 2012 in den Gallerien Kubrick und Haji in Hongkong ausgestellt. Si Liu lebt und arbeitet seit 2011 in Hongkong und ist derzeit als Creative Director (B\u00fchnenbild) f\u00fcr Zuni Icosahedron t\u00e4tig.<\/p><\/blockquote>\n","protected":false},"excerpt":{"rendered":"<p>Hongkong ist bekannt als gro\u00dfes Finanz- und Gesch\u00e4ftszentrum. Der erste Eindruck der Stadt ist normalerweise Victoria Harbour und die umliegenden Wolkenkratzer. Wenn man aber einfach nur durch die Stadt schlendern und ein Gef\u00fchl f\u00fcr die Traditionen und das alte Hongkong bekommen will, dann sollte man sich auf einen Spaziergang durch Sheung Wan begeben. Sheung Wan, [&hellip;]<\/p>\n","protected":false},"author":4,"featured_media":279,"parent":337,"menu_order":2,"comment_status":"open","ping_status":"open","template":"page.php","meta":[],"acf":[],"yoast_head":"<!-- This site is optimized with the Yoast SEO plugin v17.9 - https:\/\/yoast.com\/wordpress\/plugins\/seo\/ -->\n<meta name=\"description\" content=\"Das ENCOUNTERS MAGAZINE von Santacruz International Communication l\u00e4dt Sie ein zu Entdeckungen rund um den Globus: Orte, Menschen und Philosophien.\" \/>\n<meta name=\"robots\" content=\"index, follow, max-snippet:-1, max-image-preview:large, max-video-preview:-1\" \/>\n<link rel=\"canonical\" href=\"https:\/\/encounters-magazine.com\/de\/encounters-three-2\/30-minuten-hongkong\/\" \/>\n<meta property=\"og:locale\" content=\"de_DE\" \/>\n<meta property=\"og:type\" content=\"article\" \/>\n<meta property=\"og:title\" content=\"&quot;30 Minuten Hongkong&quot; - ENCOUNTERS MAGAZINE. Santacruz International Communication\" \/>\n<meta property=\"og:description\" content=\"Das ENCOUNTERS MAGAZINE von Santacruz International Communication l\u00e4dt Sie ein zu Entdeckungen rund um den Globus: Orte, Menschen und Philosophien.\" \/>\n<meta property=\"og:url\" content=\"https:\/\/encounters-magazine.com\/de\/encounters-three-2\/30-minuten-hongkong\/\" \/>\n<meta property=\"og:site_name\" content=\"DE - ENCOUNTERS MAGAZINE\" \/>\n<meta property=\"article:publisher\" content=\"https:\/\/www.facebook.com\/lino.santacruz.5\" \/>\n<meta property=\"article:modified_time\" content=\"2015-04-18T06:56:57+00:00\" \/>\n<meta property=\"og:image\" content=\"https:\/\/encounters-magazine.com\/de\/wp-content\/uploads\/sites\/2\/2013\/05\/Liu_Portrait.jpg\" \/>\n\t<meta property=\"og:image:width\" content=\"90\" \/>\n\t<meta property=\"og:image:height\" content=\"80\" \/>\n\t<meta property=\"og:image:type\" content=\"image\/jpeg\" \/>\n<meta name=\"twitter:card\" content=\"summary\" \/>\n<meta name=\"twitter:site\" content=\"@LinoSantacruz\" \/>\n<meta name=\"twitter:label1\" content=\"Gesch\u00e4tzte Lesezeit\" \/>\n\t<meta name=\"twitter:data1\" content=\"2\u00a0Minuten\" \/>\n<script type=\"application\/ld+json\" class=\"yoast-schema-graph\">{\"@context\":\"https:\/\/schema.org\",\"@graph\":[{\"@type\":\"WebSite\",\"@id\":\"https:\/\/encounters-magazine.com\/de\/#website\",\"url\":\"https:\/\/encounters-magazine.com\/de\/\",\"name\":\"DE - ENCOUNTERS MAGAZINE\",\"description\":\"\",\"potentialAction\":[{\"@type\":\"SearchAction\",\"target\":{\"@type\":\"EntryPoint\",\"urlTemplate\":\"https:\/\/encounters-magazine.com\/de\/?s={search_term_string}\"},\"query-input\":\"required name=search_term_string\"}],\"inLanguage\":\"de\"},{\"@type\":\"ImageObject\",\"@id\":\"https:\/\/encounters-magazine.com\/de\/encounters-three-2\/30-minuten-hongkong\/#primaryimage\",\"inLanguage\":\"de\",\"url\":\"https:\/\/encounters-magazine.com\/de\/wp-content\/uploads\/sites\/2\/2013\/05\/Liu_Portrait.jpg\",\"contentUrl\":\"https:\/\/encounters-magazine.com\/de\/wp-content\/uploads\/sites\/2\/2013\/05\/Liu_Portrait.jpg\",\"width\":90,\"height\":80,\"caption\":\"Si Liu\"},{\"@type\":\"WebPage\",\"@id\":\"https:\/\/encounters-magazine.com\/de\/encounters-three-2\/30-minuten-hongkong\/#webpage\",\"url\":\"https:\/\/encounters-magazine.com\/de\/encounters-three-2\/30-minuten-hongkong\/\",\"name\":\"\\\"30 Minuten Hongkong\\\" - ENCOUNTERS MAGAZINE. Santacruz International Communication\",\"isPartOf\":{\"@id\":\"https:\/\/encounters-magazine.com\/de\/#website\"},\"primaryImageOfPage\":{\"@id\":\"https:\/\/encounters-magazine.com\/de\/encounters-three-2\/30-minuten-hongkong\/#primaryimage\"},\"datePublished\":\"2015-04-15T17:59:21+00:00\",\"dateModified\":\"2015-04-18T06:56:57+00:00\",\"description\":\"Das ENCOUNTERS MAGAZINE von Santacruz International Communication l\\u00e4dt Sie ein zu Entdeckungen rund um den Globus: Orte, Menschen und Philosophien.\",\"breadcrumb\":{\"@id\":\"https:\/\/encounters-magazine.com\/de\/encounters-three-2\/30-minuten-hongkong\/#breadcrumb\"},\"inLanguage\":\"de\",\"potentialAction\":[{\"@type\":\"ReadAction\",\"target\":[\"https:\/\/encounters-magazine.com\/de\/encounters-three-2\/30-minuten-hongkong\/\"]}]},{\"@type\":\"BreadcrumbList\",\"@id\":\"https:\/\/encounters-magazine.com\/de\/encounters-three-2\/30-minuten-hongkong\/#breadcrumb\",\"itemListElement\":[{\"@type\":\"ListItem\",\"position\":1,\"name\":\"Startseite\",\"item\":\"https:\/\/encounters-magazine.com\/de\/\"},{\"@type\":\"ListItem\",\"position\":2,\"name\":\"Encounters Three\",\"item\":\"https:\/\/encounters-magazine.com\/de\/encounters-three-2\/\"},{\"@type\":\"ListItem\",\"position\":3,\"name\":\"&#8222;30 Minuten Hongkong&#8220;\"}]}]}<\/script>\n<!-- \/ Yoast SEO plugin. -->","yoast_head_json":{"description":"Das ENCOUNTERS MAGAZINE von Santacruz International Communication l\u00e4dt Sie ein zu Entdeckungen rund um den Globus: Orte, Menschen und Philosophien.","robots":{"index":"index","follow":"follow","max-snippet":"max-snippet:-1","max-image-preview":"max-image-preview:large","max-video-preview":"max-video-preview:-1"},"canonical":"https:\/\/encounters-magazine.com\/de\/encounters-three-2\/30-minuten-hongkong\/","og_locale":"de_DE","og_type":"article","og_title":"\"30 Minuten Hongkong\" - ENCOUNTERS MAGAZINE. Santacruz International Communication","og_description":"Das ENCOUNTERS MAGAZINE von Santacruz International Communication l\u00e4dt Sie ein zu Entdeckungen rund um den Globus: Orte, Menschen und Philosophien.","og_url":"https:\/\/encounters-magazine.com\/de\/encounters-three-2\/30-minuten-hongkong\/","og_site_name":"DE - ENCOUNTERS MAGAZINE","article_publisher":"https:\/\/www.facebook.com\/lino.santacruz.5","article_modified_time":"2015-04-18T06:56:57+00:00","og_image":[{"width":90,"height":80,"url":"https:\/\/encounters-magazine.com\/de\/wp-content\/uploads\/sites\/2\/2013\/05\/Liu_Portrait.jpg","type":"image\/jpeg"}],"twitter_card":"summary","twitter_site":"@LinoSantacruz","twitter_misc":{"Gesch\u00e4tzte Lesezeit":"2\u00a0Minuten"},"schema":{"@context":"https:\/\/schema.org","@graph":[{"@type":"WebSite","@id":"https:\/\/encounters-magazine.com\/de\/#website","url":"https:\/\/encounters-magazine.com\/de\/","name":"DE - ENCOUNTERS MAGAZINE","description":"","potentialAction":[{"@type":"SearchAction","target":{"@type":"EntryPoint","urlTemplate":"https:\/\/encounters-magazine.com\/de\/?s={search_term_string}"},"query-input":"required name=search_term_string"}],"inLanguage":"de"},{"@type":"ImageObject","@id":"https:\/\/encounters-magazine.com\/de\/encounters-three-2\/30-minuten-hongkong\/#primaryimage","inLanguage":"de","url":"https:\/\/encounters-magazine.com\/de\/wp-content\/uploads\/sites\/2\/2013\/05\/Liu_Portrait.jpg","contentUrl":"https:\/\/encounters-magazine.com\/de\/wp-content\/uploads\/sites\/2\/2013\/05\/Liu_Portrait.jpg","width":90,"height":80,"caption":"Si Liu"},{"@type":"WebPage","@id":"https:\/\/encounters-magazine.com\/de\/encounters-three-2\/30-minuten-hongkong\/#webpage","url":"https:\/\/encounters-magazine.com\/de\/encounters-three-2\/30-minuten-hongkong\/","name":"\"30 Minuten Hongkong\" - ENCOUNTERS MAGAZINE. Santacruz International Communication","isPartOf":{"@id":"https:\/\/encounters-magazine.com\/de\/#website"},"primaryImageOfPage":{"@id":"https:\/\/encounters-magazine.com\/de\/encounters-three-2\/30-minuten-hongkong\/#primaryimage"},"datePublished":"2015-04-15T17:59:21+00:00","dateModified":"2015-04-18T06:56:57+00:00","description":"Das ENCOUNTERS MAGAZINE von Santacruz International Communication l\u00e4dt Sie ein zu Entdeckungen rund um den Globus: Orte, Menschen und Philosophien.","breadcrumb":{"@id":"https:\/\/encounters-magazine.com\/de\/encounters-three-2\/30-minuten-hongkong\/#breadcrumb"},"inLanguage":"de","potentialAction":[{"@type":"ReadAction","target":["https:\/\/encounters-magazine.com\/de\/encounters-three-2\/30-minuten-hongkong\/"]}]},{"@type":"BreadcrumbList","@id":"https:\/\/encounters-magazine.com\/de\/encounters-three-2\/30-minuten-hongkong\/#breadcrumb","itemListElement":[{"@type":"ListItem","position":1,"name":"Startseite","item":"https:\/\/encounters-magazine.com\/de\/"},{"@type":"ListItem","position":2,"name":"Encounters Three","item":"https:\/\/encounters-magazine.com\/de\/encounters-three-2\/"},{"@type":"ListItem","position":3,"name":"&#8222;30 Minuten Hongkong&#8220;"}]}]}},"_links":{"self":[{"href":"https:\/\/encounters-magazine.com\/de\/wp-json\/wp\/v2\/pages\/1293"}],"collection":[{"href":"https:\/\/encounters-magazine.com\/de\/wp-json\/wp\/v2\/pages"}],"about":[{"href":"https:\/\/encounters-magazine.com\/de\/wp-json\/wp\/v2\/types\/page"}],"author":[{"embeddable":true,"href":"https:\/\/encounters-magazine.com\/de\/wp-json\/wp\/v2\/users\/4"}],"replies":[{"embeddable":true,"href":"https:\/\/encounters-magazine.com\/de\/wp-json\/wp\/v2\/comments?post=1293"}],"version-history":[{"count":1,"href":"https:\/\/encounters-magazine.com\/de\/wp-json\/wp\/v2\/pages\/1293\/revisions"}],"predecessor-version":[{"id":1294,"href":"https:\/\/encounters-magazine.com\/de\/wp-json\/wp\/v2\/pages\/1293\/revisions\/1294"}],"up":[{"embeddable":true,"href":"https:\/\/encounters-magazine.com\/de\/wp-json\/wp\/v2\/pages\/337"}],"wp:featuredmedia":[{"embeddable":true,"href":"https:\/\/encounters-magazine.com\/de\/wp-json\/wp\/v2\/media\/279"}],"wp:attachment":[{"href":"https:\/\/encounters-magazine.com\/de\/wp-json\/wp\/v2\/media?parent=1293"}],"curies":[{"name":"wp","href":"https:\/\/api.w.org\/{rel}","templated":true}]}}