{"id":1291,"date":"2015-04-15T17:57:33","date_gmt":"2015-04-15T17:57:33","guid":{"rendered":"http:\/\/encounters-magazine.com\/de\/?page_id=1291"},"modified":"2015-04-18T08:56:39","modified_gmt":"2015-04-18T06:56:39","slug":"der-nationale-botanische-garten-von-irland-in-dublin","status":"publish","type":"page","link":"https:\/\/encounters-magazine.com\/de\/encounters-three-2\/der-nationale-botanische-garten-von-irland-in-dublin\/","title":{"rendered":"Der Nationale Botanische Garten von Irland in Dublin"},"content":{"rendered":"<p><img loading=\"lazy\" src=\"https:\/\/encounters-magazine.com\/de\/wp-content\/uploads\/sites\/2\/2013\/05\/Dublin.jpg\" alt=\"Dublin\" width=\"661\" height=\"297\" class=\"alignleft size-full wp-image-316\" srcset=\"https:\/\/encounters-magazine.com\/de\/wp-content\/uploads\/sites\/2\/2013\/05\/Dublin.jpg 661w, https:\/\/encounters-magazine.com\/de\/wp-content\/uploads\/sites\/2\/2013\/05\/Dublin-300x134.jpg 300w\" sizes=\"(max-width: 661px) 100vw, 661px\" \/><\/p>\n<p>Der Botanische Garten von Irland befindet sich in Glasnevin, ca. 5 km nord\u00f6stlich von Dublin am Tolka River. Er nimmt eine Fl\u00e4che von 19,5 Hektar ein. Der Park wurde 1795 von der Royal Dublin Society gegr\u00fcndet und beherbergt mittlerweile neben 20.000 lebenden Arten auch Millionen von getrockneten Pflanzen aus aller Welt. Der Botanische Garten ist als Forschungs- und Lehrzentrum f\u00fcr Gartenbau und Botanik sowie f\u00fcr seine umfangreiche Orchideenzucht bekannt.<\/p>\n<p>Die Winterg\u00e4rten im Park sind auch architektonische Highlihts, insbesondere das Palmenhaus, ein Glasgeb\u00e4ude mit geschwungenen, schmiedeeisernen Elementen. Es wurde Ende des 19. Jahrhunderts vom Dubliner Eisengie\u00dfer Richard Turner geschaffen.<\/p>\n","protected":false},"excerpt":{"rendered":"<p>Der Botanische Garten von Irland befindet sich in Glasnevin, ca. 5 km nord\u00f6stlich von Dublin am Tolka River. Er nimmt eine Fl\u00e4che von 19,5 Hektar ein. Der Park wurde 1795 von der Royal Dublin Society gegr\u00fcndet und beherbergt mittlerweile neben 20.000 lebenden Arten auch Millionen von getrockneten Pflanzen aus aller Welt. Der Botanische Garten ist [&hellip;]<\/p>\n","protected":false},"author":4,"featured_media":0,"parent":337,"menu_order":1,"comment_status":"open","ping_status":"open","template":"page.php","meta":[],"acf":[],"yoast_head":"<!-- This site is optimized with the Yoast SEO plugin v17.9 - https:\/\/yoast.com\/wordpress\/plugins\/seo\/ -->\n<meta name=\"description\" content=\"Das ENCOUNTERS MAGAZINE von Santacruz International Communication l\u00e4dt Sie ein zu Entdeckungen rund um den Globus: Orte, Menschen und Philosophien.\" \/>\n<meta name=\"robots\" content=\"index, follow, max-snippet:-1, max-image-preview:large, max-video-preview:-1\" \/>\n<link rel=\"canonical\" href=\"https:\/\/encounters-magazine.com\/de\/encounters-three-2\/der-nationale-botanische-garten-von-irland-in-dublin\/\" \/>\n<meta property=\"og:locale\" content=\"de_DE\" \/>\n<meta property=\"og:type\" content=\"article\" \/>\n<meta property=\"og:title\" content=\"Der Nationale Botanische Garten von Irland in Dublin - ENCOUNTERS MAGAZINE. Santacruz International Communication\" \/>\n<meta property=\"og:description\" content=\"Das ENCOUNTERS MAGAZINE von Santacruz International Communication l\u00e4dt Sie ein zu Entdeckungen rund um den Globus: Orte, Menschen und Philosophien.\" \/>\n<meta property=\"og:url\" content=\"https:\/\/encounters-magazine.com\/de\/encounters-three-2\/der-nationale-botanische-garten-von-irland-in-dublin\/\" \/>\n<meta property=\"og:site_name\" content=\"DE - ENCOUNTERS MAGAZINE\" \/>\n<meta property=\"article:publisher\" content=\"https:\/\/www.facebook.com\/lino.santacruz.5\" \/>\n<meta property=\"article:modified_time\" content=\"2015-04-18T06:56:39+00:00\" \/>\n<meta property=\"og:image\" content=\"http:\/\/encounters-magazine.com\/de\/wp-content\/uploads\/sites\/2\/2013\/05\/Dublin.jpg\" \/>\n<meta name=\"twitter:card\" content=\"summary\" \/>\n<meta name=\"twitter:site\" content=\"@LinoSantacruz\" \/>\n<meta name=\"twitter:label1\" content=\"Gesch\u00e4tzte Lesezeit\" \/>\n\t<meta name=\"twitter:data1\" content=\"1\u00a0Minute\" \/>\n<script type=\"application\/ld+json\" class=\"yoast-schema-graph\">{\"@context\":\"https:\/\/schema.org\",\"@graph\":[{\"@type\":\"WebSite\",\"@id\":\"https:\/\/encounters-magazine.com\/de\/#website\",\"url\":\"https:\/\/encounters-magazine.com\/de\/\",\"name\":\"DE - ENCOUNTERS MAGAZINE\",\"description\":\"\",\"potentialAction\":[{\"@type\":\"SearchAction\",\"target\":{\"@type\":\"EntryPoint\",\"urlTemplate\":\"https:\/\/encounters-magazine.com\/de\/?s={search_term_string}\"},\"query-input\":\"required name=search_term_string\"}],\"inLanguage\":\"de\"},{\"@type\":\"ImageObject\",\"@id\":\"https:\/\/encounters-magazine.com\/de\/encounters-three-2\/der-nationale-botanische-garten-von-irland-in-dublin\/#primaryimage\",\"inLanguage\":\"de\",\"url\":\"http:\/\/encounters-magazine.com\/de\/wp-content\/uploads\/sites\/2\/2013\/05\/Dublin.jpg\",\"contentUrl\":\"http:\/\/encounters-magazine.com\/de\/wp-content\/uploads\/sites\/2\/2013\/05\/Dublin.jpg\"},{\"@type\":\"WebPage\",\"@id\":\"https:\/\/encounters-magazine.com\/de\/encounters-three-2\/der-nationale-botanische-garten-von-irland-in-dublin\/#webpage\",\"url\":\"https:\/\/encounters-magazine.com\/de\/encounters-three-2\/der-nationale-botanische-garten-von-irland-in-dublin\/\",\"name\":\"Der Nationale Botanische Garten von Irland in Dublin - ENCOUNTERS MAGAZINE. Santacruz International Communication\",\"isPartOf\":{\"@id\":\"https:\/\/encounters-magazine.com\/de\/#website\"},\"primaryImageOfPage\":{\"@id\":\"https:\/\/encounters-magazine.com\/de\/encounters-three-2\/der-nationale-botanische-garten-von-irland-in-dublin\/#primaryimage\"},\"datePublished\":\"2015-04-15T17:57:33+00:00\",\"dateModified\":\"2015-04-18T06:56:39+00:00\",\"description\":\"Das ENCOUNTERS MAGAZINE von Santacruz International Communication l\\u00e4dt Sie ein zu Entdeckungen rund um den Globus: Orte, Menschen und Philosophien.\",\"breadcrumb\":{\"@id\":\"https:\/\/encounters-magazine.com\/de\/encounters-three-2\/der-nationale-botanische-garten-von-irland-in-dublin\/#breadcrumb\"},\"inLanguage\":\"de\",\"potentialAction\":[{\"@type\":\"ReadAction\",\"target\":[\"https:\/\/encounters-magazine.com\/de\/encounters-three-2\/der-nationale-botanische-garten-von-irland-in-dublin\/\"]}]},{\"@type\":\"BreadcrumbList\",\"@id\":\"https:\/\/encounters-magazine.com\/de\/encounters-three-2\/der-nationale-botanische-garten-von-irland-in-dublin\/#breadcrumb\",\"itemListElement\":[{\"@type\":\"ListItem\",\"position\":1,\"name\":\"Startseite\",\"item\":\"https:\/\/encounters-magazine.com\/de\/\"},{\"@type\":\"ListItem\",\"position\":2,\"name\":\"Encounters Three\",\"item\":\"https:\/\/encounters-magazine.com\/de\/encounters-three-2\/\"},{\"@type\":\"ListItem\",\"position\":3,\"name\":\"Der Nationale Botanische Garten von Irland in Dublin\"}]}]}<\/script>\n<!-- \/ Yoast SEO plugin. -->","yoast_head_json":{"description":"Das ENCOUNTERS MAGAZINE von Santacruz International Communication l\u00e4dt Sie ein zu Entdeckungen rund um den Globus: Orte, Menschen und Philosophien.","robots":{"index":"index","follow":"follow","max-snippet":"max-snippet:-1","max-image-preview":"max-image-preview:large","max-video-preview":"max-video-preview:-1"},"canonical":"https:\/\/encounters-magazine.com\/de\/encounters-three-2\/der-nationale-botanische-garten-von-irland-in-dublin\/","og_locale":"de_DE","og_type":"article","og_title":"Der Nationale Botanische Garten von Irland in Dublin - ENCOUNTERS MAGAZINE. Santacruz International Communication","og_description":"Das ENCOUNTERS MAGAZINE von Santacruz International Communication l\u00e4dt Sie ein zu Entdeckungen rund um den Globus: Orte, Menschen und Philosophien.","og_url":"https:\/\/encounters-magazine.com\/de\/encounters-three-2\/der-nationale-botanische-garten-von-irland-in-dublin\/","og_site_name":"DE - ENCOUNTERS MAGAZINE","article_publisher":"https:\/\/www.facebook.com\/lino.santacruz.5","article_modified_time":"2015-04-18T06:56:39+00:00","og_image":[{"url":"http:\/\/encounters-magazine.com\/de\/wp-content\/uploads\/sites\/2\/2013\/05\/Dublin.jpg"}],"twitter_card":"summary","twitter_site":"@LinoSantacruz","twitter_misc":{"Gesch\u00e4tzte Lesezeit":"1\u00a0Minute"},"schema":{"@context":"https:\/\/schema.org","@graph":[{"@type":"WebSite","@id":"https:\/\/encounters-magazine.com\/de\/#website","url":"https:\/\/encounters-magazine.com\/de\/","name":"DE - ENCOUNTERS MAGAZINE","description":"","potentialAction":[{"@type":"SearchAction","target":{"@type":"EntryPoint","urlTemplate":"https:\/\/encounters-magazine.com\/de\/?s={search_term_string}"},"query-input":"required name=search_term_string"}],"inLanguage":"de"},{"@type":"ImageObject","@id":"https:\/\/encounters-magazine.com\/de\/encounters-three-2\/der-nationale-botanische-garten-von-irland-in-dublin\/#primaryimage","inLanguage":"de","url":"http:\/\/encounters-magazine.com\/de\/wp-content\/uploads\/sites\/2\/2013\/05\/Dublin.jpg","contentUrl":"http:\/\/encounters-magazine.com\/de\/wp-content\/uploads\/sites\/2\/2013\/05\/Dublin.jpg"},{"@type":"WebPage","@id":"https:\/\/encounters-magazine.com\/de\/encounters-three-2\/der-nationale-botanische-garten-von-irland-in-dublin\/#webpage","url":"https:\/\/encounters-magazine.com\/de\/encounters-three-2\/der-nationale-botanische-garten-von-irland-in-dublin\/","name":"Der Nationale Botanische Garten von Irland in Dublin - ENCOUNTERS MAGAZINE. Santacruz International Communication","isPartOf":{"@id":"https:\/\/encounters-magazine.com\/de\/#website"},"primaryImageOfPage":{"@id":"https:\/\/encounters-magazine.com\/de\/encounters-three-2\/der-nationale-botanische-garten-von-irland-in-dublin\/#primaryimage"},"datePublished":"2015-04-15T17:57:33+00:00","dateModified":"2015-04-18T06:56:39+00:00","description":"Das ENCOUNTERS MAGAZINE von Santacruz International Communication l\u00e4dt Sie ein zu Entdeckungen rund um den Globus: Orte, Menschen und Philosophien.","breadcrumb":{"@id":"https:\/\/encounters-magazine.com\/de\/encounters-three-2\/der-nationale-botanische-garten-von-irland-in-dublin\/#breadcrumb"},"inLanguage":"de","potentialAction":[{"@type":"ReadAction","target":["https:\/\/encounters-magazine.com\/de\/encounters-three-2\/der-nationale-botanische-garten-von-irland-in-dublin\/"]}]},{"@type":"BreadcrumbList","@id":"https:\/\/encounters-magazine.com\/de\/encounters-three-2\/der-nationale-botanische-garten-von-irland-in-dublin\/#breadcrumb","itemListElement":[{"@type":"ListItem","position":1,"name":"Startseite","item":"https:\/\/encounters-magazine.com\/de\/"},{"@type":"ListItem","position":2,"name":"Encounters Three","item":"https:\/\/encounters-magazine.com\/de\/encounters-three-2\/"},{"@type":"ListItem","position":3,"name":"Der Nationale Botanische Garten von Irland in Dublin"}]}]}},"_links":{"self":[{"href":"https:\/\/encounters-magazine.com\/de\/wp-json\/wp\/v2\/pages\/1291"}],"collection":[{"href":"https:\/\/encounters-magazine.com\/de\/wp-json\/wp\/v2\/pages"}],"about":[{"href":"https:\/\/encounters-magazine.com\/de\/wp-json\/wp\/v2\/types\/page"}],"author":[{"embeddable":true,"href":"https:\/\/encounters-magazine.com\/de\/wp-json\/wp\/v2\/users\/4"}],"replies":[{"embeddable":true,"href":"https:\/\/encounters-magazine.com\/de\/wp-json\/wp\/v2\/comments?post=1291"}],"version-history":[{"count":1,"href":"https:\/\/encounters-magazine.com\/de\/wp-json\/wp\/v2\/pages\/1291\/revisions"}],"predecessor-version":[{"id":1292,"href":"https:\/\/encounters-magazine.com\/de\/wp-json\/wp\/v2\/pages\/1291\/revisions\/1292"}],"up":[{"embeddable":true,"href":"https:\/\/encounters-magazine.com\/de\/wp-json\/wp\/v2\/pages\/337"}],"wp:attachment":[{"href":"https:\/\/encounters-magazine.com\/de\/wp-json\/wp\/v2\/media?parent=1291"}],"curies":[{"name":"wp","href":"https:\/\/api.w.org\/{rel}","templated":true}]}}