{"id":1286,"date":"2015-04-15T17:52:06","date_gmt":"2015-04-15T17:52:06","guid":{"rendered":"http:\/\/encounters-magazine.com\/de\/?page_id=1286"},"modified":"2015-04-18T08:59:45","modified_gmt":"2015-04-18T06:59:45","slug":"abitur-und-obdachlos","status":"publish","type":"page","link":"https:\/\/encounters-magazine.com\/de\/encounters-two\/abitur-und-obdachlos\/","title":{"rendered":"Abitur und obdachlos?"},"content":{"rendered":"<p>Das Saarhome gibt jungen Erwachsenen nach dem Waisenhaus die Chance, ihre Zukunft selbst zu gestalten. <\/p>\n<p>Statistiken zeigen: Junge Menschen in Europa lassen sich mit dem Auszug aus dem Elternhaus Zeit. Oft werden erst mit Mitte Zwanzig die Koffer gepackt und das Kinder- und Jugendzimmer gegen eigene vier W\u00e4nde eingetauscht. Warum auch ausziehen? \u201eHotel Mama\u201c bietet genau die Geborgenheit und Sicherheit, die gebraucht wird, um die ersten Schritte in Schule und Beruf zu gehen. Ein Luxus, den sich jugendliche Waisen weltweit w\u00fcnschen w\u00fcrden. Denn sobald sie ihren 18 Geburtstag gefeiert und den Schulabschluss in der Tasche haben, m\u00fcssen sie aus die Kinderheime verlassen und verlieren ihre Heimat, ihre Familie und ihre Sicherheit.<\/p>\n<p><img loading=\"lazy\" src=\"https:\/\/encounters-magazine.com\/de\/wp-content\/uploads\/sites\/2\/2013\/04\/Czwikla_1.jpg\" alt=\"Czwikla_1\" width=\"507\" height=\"338\" class=\"alignnone size-full wp-image-210\" srcset=\"https:\/\/encounters-magazine.com\/de\/wp-content\/uploads\/sites\/2\/2013\/04\/Czwikla_1.jpg 507w, https:\/\/encounters-magazine.com\/de\/wp-content\/uploads\/sites\/2\/2013\/04\/Czwikla_1-300x200.jpg 300w\" sizes=\"(max-width: 507px) 100vw, 507px\" \/><\/p>\n<h2>Eine kleine Geschichte aus S\u00fcdafrika und eine Idee f\u00fcr eine bessere Welt:<\/h2>\n<p>Bei Clouds of Hope, einem Waisenheimprojekt im s\u00fcdafrikanischen Underberg, leben rund 80 Waisenkinder vom S\u00e4uglingsalter bis zum Abiturienten. Genauso wie tausende andere Kinder auf der Welt haben sie ihre Eltern zumeist durch Aids oder Gewalt verloren. Bei Clouds of Hope wachsen sie betreut von einer Hausmutter, zusammen mit anderen Kindern, in Familienverb\u00e4nden auf und gehen zur \u00f6rtlichen Schule. Clouds ist ihre Heimat, ihre Chance auf Zukunft. Jedoch: Wie alle Waisenh\u00e4user ist auch Clouds of Hope ein Zuhause auf Zeit. <\/p>\n<p>Den notwendigen Auszug aus dem Kinderheim mit 18 Jahren verkraften viele Jugendliche nicht.  Oft gehen sie zu ihrem Ursprung zur\u00fcck \u2013 in die Townships. Dorthin, wo sie schnell wieder in alte Muster fallen mit Gewalt, Drogen, Prostitution und Krankheiten. Aus Verzweiflung \u00fcber den Verlust ihres Zuhauses haben sich vor vier Jahren zwei junge Frauen, die bei Clouds aufgewachsen waren, das Leben genommen.  Ein schreckliches Ereignis und gleichzeitig die Initialz\u00fcndung f\u00fcr eine zukunftsweisende Idee.<\/p>\n<p><img loading=\"lazy\" src=\"https:\/\/encounters-magazine.com\/de\/wp-content\/uploads\/sites\/2\/2013\/04\/Czwikla_2.jpg\" alt=\"Czwikla_2\" width=\"507\" height=\"338\" class=\"alignnone size-full wp-image-211\" srcset=\"https:\/\/encounters-magazine.com\/de\/wp-content\/uploads\/sites\/2\/2013\/04\/Czwikla_2.jpg 507w, https:\/\/encounters-magazine.com\/de\/wp-content\/uploads\/sites\/2\/2013\/04\/Czwikla_2-300x200.jpg 300w\" sizes=\"(max-width: 507px) 100vw, 507px\" \/><\/p>\n<p>Das Saarhome-Projekt des be your own hero e.V., gibt den Jugendlichen von Clouds of Hope ein betreutes Zuhause auch nach der Schule. Die jungen Menschen k\u00f6nnen ihre Ausbildung oder ein Studium absolvieren, finden aber nach wie vor einen R\u00fcckzugsort und Familienanschluss. Von ihren Hauseltern lernen sie dar\u00fcber hinaus einen Haushalt zu f\u00fchren, Geld zu verwalten und sich selbst zu versorgen. Zudem \u00fcbernehmen die jungen Frauen und M\u00e4nner Aufgaben und Verantwortung f\u00fcr das ganze Projekt. Und sie sind die Mentoren der j\u00fcngeren Kinder und geben auf diese Weise wieder etwas zur\u00fcck. Auf diese Weise werden die Jugendlichen auf ein eigenverantwortliches Leben vorbereitet. Nur wer es schafft, kann k\u00fcnftig helfen, strukturelle Probleme der Region und des Landes zu bew\u00e4ltigen.<\/p>\n<p><img loading=\"lazy\" src=\"https:\/\/encounters-magazine.com\/de\/wp-content\/uploads\/sites\/2\/2013\/04\/Czwikla_3.jpg\" alt=\"Czwikla_3\" width=\"507\" height=\"338\" class=\"alignnone size-full wp-image-214\" srcset=\"https:\/\/encounters-magazine.com\/de\/wp-content\/uploads\/sites\/2\/2013\/04\/Czwikla_3.jpg 507w, https:\/\/encounters-magazine.com\/de\/wp-content\/uploads\/sites\/2\/2013\/04\/Czwikla_3-300x200.jpg 300w\" sizes=\"(max-width: 507px) 100vw, 507px\" \/><\/p>\n<p>Das Saarhome l\u00f6st damit auf praktische und nachhaltige Weise ein Problem, das weltweit bekannt ist. Noch allzu oft gehen Spendengelder aus Hilfsorganisationen ausschlie\u00dflich an Kinderhilfsprojekte, junge Erwachsene werden oft vergessen. Wenn wir jedoch unsere Spendengelder jedoch nachhaltig einsetzen wollen, m\u00fcssen wir umdenken. F\u00f6rderung und F\u00fcrsorge darf nicht mit gleich nach der Schule aufh\u00f6ren. Jugendliche fit f\u00fcr die Zukunft machen und ihnen die Chancen und vor allem die Strukturen zu geben, ihren eigenen Weg zu gehen \u2013 das ist der Schl\u00fcssel zum Erfolg. Und erst wenn diese Generation es geschafft hat, die Muster ihrer Elterngeneration zu durchbrechen, kann sie wiederum gesellschaftliche Verantwortung und Aufgaben \u00fcbernehmen. Erst dann kommt das Engagement der Organisationen langfristig zum Tragen. Und erst dann haben wir die Welt ein St\u00fcck verbessert. Eine Aufgabe, die Mut und gro\u00dfes Engagement erfordert. Die Freude bei allen Beteiligten ist jeden Einsatz wert&#8230; <\/p>\n<p><img loading=\"lazy\" src=\"https:\/\/encounters-magazine.com\/de\/wp-content\/uploads\/sites\/2\/2013\/04\/Czwikla_4.jpg\" alt=\"Czwikla_4\" width=\"507\" height=\"338\" class=\"alignnone size-full wp-image-216\" srcset=\"https:\/\/encounters-magazine.com\/de\/wp-content\/uploads\/sites\/2\/2013\/04\/Czwikla_4.jpg 507w, https:\/\/encounters-magazine.com\/de\/wp-content\/uploads\/sites\/2\/2013\/04\/Czwikla_4-300x200.jpg 300w\" sizes=\"(max-width: 507px) 100vw, 507px\" \/><\/p>\n<h2>\u00dcber den be your own hero e.V.<\/h2>\n<p>F\u00fcr Kinder und Jugendliche, die weltweit durch HIV\/Aids betroffen sind, wurde 2006 der gemeinn\u00fctzige Verein be your own hero e.V. gegr\u00fcndet. Dabei ist \u201ebe your own hero\u201c gleichzeitig die Botschaft und das Ziel: Durch lokale und globale Aktionen macht der Verein auf das Thema HIV\/Aids aufmerksam, gibt Hilfestellung bei Projekten und unterst\u00fctzt Ideen vor Ort. Auf diese Weise erhalten junge Menschen in aller Welt die Chance, ihr eigener Held zu werden. Das Saarhome-Projekt ist nur eines von vielen Projekten, mit der Verein die ganze Region Underberg\/Himeville unterst\u00fctzt. Mehr Infos unter www.beyourownhero-ev.de<\/p>\n<blockquote><p>Almuth Czwikla, (*1983) ist Diplom Sozialwissenschaftlerin und gepr\u00fcfte PR-Beraterin und arbeitet in der Unternehmenskommunikation eines gro\u00dfen Unternehmens. Im Jahr 2012 hat sie ehrenamtlich die Kommunikation f\u00fcr den Wolfsburger be your own hero e.V. \u00fcbernommen.<\/p><\/blockquote>\n","protected":false},"excerpt":{"rendered":"<p>Das Saarhome gibt jungen Erwachsenen nach dem Waisenhaus die Chance, ihre Zukunft selbst zu gestalten. Statistiken zeigen: Junge Menschen in Europa lassen sich mit dem Auszug aus dem Elternhaus Zeit. Oft werden erst mit Mitte Zwanzig die Koffer gepackt und das Kinder- und Jugendzimmer gegen eigene vier W\u00e4nde eingetauscht. Warum auch ausziehen? \u201eHotel Mama\u201c bietet [&hellip;]<\/p>\n","protected":false},"author":4,"featured_media":208,"parent":182,"menu_order":4,"comment_status":"open","ping_status":"open","template":"page.php","meta":[],"acf":[],"yoast_head":"<!-- This site is optimized with the Yoast SEO plugin v17.9 - https:\/\/yoast.com\/wordpress\/plugins\/seo\/ -->\n<meta name=\"description\" content=\"Das ENCOUNTERS MAGAZINE von Santacruz International Communication l\u00e4dt Sie ein zu Entdeckungen rund um den Globus: Orte, Menschen und Philosophien.\" \/>\n<meta name=\"robots\" content=\"index, follow, max-snippet:-1, max-image-preview:large, max-video-preview:-1\" \/>\n<link rel=\"canonical\" href=\"https:\/\/encounters-magazine.com\/de\/encounters-two\/abitur-und-obdachlos\/\" \/>\n<meta property=\"og:locale\" content=\"de_DE\" \/>\n<meta property=\"og:type\" content=\"article\" \/>\n<meta property=\"og:title\" content=\"Abitur und obdachlos? - ENCOUNTERS MAGAZINE. Santacruz International Communication\" \/>\n<meta property=\"og:description\" content=\"Das ENCOUNTERS MAGAZINE von Santacruz International Communication l\u00e4dt Sie ein zu Entdeckungen rund um den Globus: Orte, Menschen und Philosophien.\" \/>\n<meta property=\"og:url\" content=\"https:\/\/encounters-magazine.com\/de\/encounters-two\/abitur-und-obdachlos\/\" \/>\n<meta property=\"og:site_name\" content=\"DE - ENCOUNTERS MAGAZINE\" \/>\n<meta property=\"article:publisher\" content=\"https:\/\/www.facebook.com\/lino.santacruz.5\" \/>\n<meta property=\"article:modified_time\" content=\"2015-04-18T06:59:45+00:00\" \/>\n<meta property=\"og:image\" content=\"https:\/\/encounters-magazine.com\/de\/wp-content\/uploads\/sites\/2\/2013\/04\/Czwikla_Portrait.jpg\" \/>\n\t<meta property=\"og:image:width\" content=\"91\" \/>\n\t<meta property=\"og:image:height\" content=\"78\" \/>\n\t<meta property=\"og:image:type\" content=\"image\/jpeg\" \/>\n<meta name=\"twitter:card\" content=\"summary\" \/>\n<meta name=\"twitter:site\" content=\"@LinoSantacruz\" \/>\n<meta name=\"twitter:label1\" content=\"Gesch\u00e4tzte Lesezeit\" \/>\n\t<meta name=\"twitter:data1\" content=\"4\u00a0Minuten\" \/>\n<script type=\"application\/ld+json\" class=\"yoast-schema-graph\">{\"@context\":\"https:\/\/schema.org\",\"@graph\":[{\"@type\":\"WebSite\",\"@id\":\"https:\/\/encounters-magazine.com\/de\/#website\",\"url\":\"https:\/\/encounters-magazine.com\/de\/\",\"name\":\"DE - ENCOUNTERS MAGAZINE\",\"description\":\"\",\"potentialAction\":[{\"@type\":\"SearchAction\",\"target\":{\"@type\":\"EntryPoint\",\"urlTemplate\":\"https:\/\/encounters-magazine.com\/de\/?s={search_term_string}\"},\"query-input\":\"required name=search_term_string\"}],\"inLanguage\":\"de\"},{\"@type\":\"ImageObject\",\"@id\":\"https:\/\/encounters-magazine.com\/de\/encounters-two\/abitur-und-obdachlos\/#primaryimage\",\"inLanguage\":\"de\",\"url\":\"https:\/\/encounters-magazine.com\/de\/wp-content\/uploads\/sites\/2\/2013\/04\/Czwikla_Portrait.jpg\",\"contentUrl\":\"https:\/\/encounters-magazine.com\/de\/wp-content\/uploads\/sites\/2\/2013\/04\/Czwikla_Portrait.jpg\",\"width\":91,\"height\":78},{\"@type\":\"WebPage\",\"@id\":\"https:\/\/encounters-magazine.com\/de\/encounters-two\/abitur-und-obdachlos\/#webpage\",\"url\":\"https:\/\/encounters-magazine.com\/de\/encounters-two\/abitur-und-obdachlos\/\",\"name\":\"Abitur und obdachlos? - ENCOUNTERS MAGAZINE. Santacruz International Communication\",\"isPartOf\":{\"@id\":\"https:\/\/encounters-magazine.com\/de\/#website\"},\"primaryImageOfPage\":{\"@id\":\"https:\/\/encounters-magazine.com\/de\/encounters-two\/abitur-und-obdachlos\/#primaryimage\"},\"datePublished\":\"2015-04-15T17:52:06+00:00\",\"dateModified\":\"2015-04-18T06:59:45+00:00\",\"description\":\"Das ENCOUNTERS MAGAZINE von Santacruz International Communication l\\u00e4dt Sie ein zu Entdeckungen rund um den Globus: Orte, Menschen und Philosophien.\",\"breadcrumb\":{\"@id\":\"https:\/\/encounters-magazine.com\/de\/encounters-two\/abitur-und-obdachlos\/#breadcrumb\"},\"inLanguage\":\"de\",\"potentialAction\":[{\"@type\":\"ReadAction\",\"target\":[\"https:\/\/encounters-magazine.com\/de\/encounters-two\/abitur-und-obdachlos\/\"]}]},{\"@type\":\"BreadcrumbList\",\"@id\":\"https:\/\/encounters-magazine.com\/de\/encounters-two\/abitur-und-obdachlos\/#breadcrumb\",\"itemListElement\":[{\"@type\":\"ListItem\",\"position\":1,\"name\":\"Startseite\",\"item\":\"https:\/\/encounters-magazine.com\/de\/\"},{\"@type\":\"ListItem\",\"position\":2,\"name\":\"Encounters Two\",\"item\":\"https:\/\/encounters-magazine.com\/de\/encounters-two\/\"},{\"@type\":\"ListItem\",\"position\":3,\"name\":\"Abitur und obdachlos?\"}]}]}<\/script>\n<!-- \/ Yoast SEO plugin. -->","yoast_head_json":{"description":"Das ENCOUNTERS MAGAZINE von Santacruz International Communication l\u00e4dt Sie ein zu Entdeckungen rund um den Globus: Orte, Menschen und Philosophien.","robots":{"index":"index","follow":"follow","max-snippet":"max-snippet:-1","max-image-preview":"max-image-preview:large","max-video-preview":"max-video-preview:-1"},"canonical":"https:\/\/encounters-magazine.com\/de\/encounters-two\/abitur-und-obdachlos\/","og_locale":"de_DE","og_type":"article","og_title":"Abitur und obdachlos? - ENCOUNTERS MAGAZINE. Santacruz International Communication","og_description":"Das ENCOUNTERS MAGAZINE von Santacruz International Communication l\u00e4dt Sie ein zu Entdeckungen rund um den Globus: Orte, Menschen und Philosophien.","og_url":"https:\/\/encounters-magazine.com\/de\/encounters-two\/abitur-und-obdachlos\/","og_site_name":"DE - ENCOUNTERS MAGAZINE","article_publisher":"https:\/\/www.facebook.com\/lino.santacruz.5","article_modified_time":"2015-04-18T06:59:45+00:00","og_image":[{"width":91,"height":78,"url":"https:\/\/encounters-magazine.com\/de\/wp-content\/uploads\/sites\/2\/2013\/04\/Czwikla_Portrait.jpg","type":"image\/jpeg"}],"twitter_card":"summary","twitter_site":"@LinoSantacruz","twitter_misc":{"Gesch\u00e4tzte Lesezeit":"4\u00a0Minuten"},"schema":{"@context":"https:\/\/schema.org","@graph":[{"@type":"WebSite","@id":"https:\/\/encounters-magazine.com\/de\/#website","url":"https:\/\/encounters-magazine.com\/de\/","name":"DE - ENCOUNTERS MAGAZINE","description":"","potentialAction":[{"@type":"SearchAction","target":{"@type":"EntryPoint","urlTemplate":"https:\/\/encounters-magazine.com\/de\/?s={search_term_string}"},"query-input":"required name=search_term_string"}],"inLanguage":"de"},{"@type":"ImageObject","@id":"https:\/\/encounters-magazine.com\/de\/encounters-two\/abitur-und-obdachlos\/#primaryimage","inLanguage":"de","url":"https:\/\/encounters-magazine.com\/de\/wp-content\/uploads\/sites\/2\/2013\/04\/Czwikla_Portrait.jpg","contentUrl":"https:\/\/encounters-magazine.com\/de\/wp-content\/uploads\/sites\/2\/2013\/04\/Czwikla_Portrait.jpg","width":91,"height":78},{"@type":"WebPage","@id":"https:\/\/encounters-magazine.com\/de\/encounters-two\/abitur-und-obdachlos\/#webpage","url":"https:\/\/encounters-magazine.com\/de\/encounters-two\/abitur-und-obdachlos\/","name":"Abitur und obdachlos? - ENCOUNTERS MAGAZINE. Santacruz International Communication","isPartOf":{"@id":"https:\/\/encounters-magazine.com\/de\/#website"},"primaryImageOfPage":{"@id":"https:\/\/encounters-magazine.com\/de\/encounters-two\/abitur-und-obdachlos\/#primaryimage"},"datePublished":"2015-04-15T17:52:06+00:00","dateModified":"2015-04-18T06:59:45+00:00","description":"Das ENCOUNTERS MAGAZINE von Santacruz International Communication l\u00e4dt Sie ein zu Entdeckungen rund um den Globus: Orte, Menschen und Philosophien.","breadcrumb":{"@id":"https:\/\/encounters-magazine.com\/de\/encounters-two\/abitur-und-obdachlos\/#breadcrumb"},"inLanguage":"de","potentialAction":[{"@type":"ReadAction","target":["https:\/\/encounters-magazine.com\/de\/encounters-two\/abitur-und-obdachlos\/"]}]},{"@type":"BreadcrumbList","@id":"https:\/\/encounters-magazine.com\/de\/encounters-two\/abitur-und-obdachlos\/#breadcrumb","itemListElement":[{"@type":"ListItem","position":1,"name":"Startseite","item":"https:\/\/encounters-magazine.com\/de\/"},{"@type":"ListItem","position":2,"name":"Encounters Two","item":"https:\/\/encounters-magazine.com\/de\/encounters-two\/"},{"@type":"ListItem","position":3,"name":"Abitur und obdachlos?"}]}]}},"_links":{"self":[{"href":"https:\/\/encounters-magazine.com\/de\/wp-json\/wp\/v2\/pages\/1286"}],"collection":[{"href":"https:\/\/encounters-magazine.com\/de\/wp-json\/wp\/v2\/pages"}],"about":[{"href":"https:\/\/encounters-magazine.com\/de\/wp-json\/wp\/v2\/types\/page"}],"author":[{"embeddable":true,"href":"https:\/\/encounters-magazine.com\/de\/wp-json\/wp\/v2\/users\/4"}],"replies":[{"embeddable":true,"href":"https:\/\/encounters-magazine.com\/de\/wp-json\/wp\/v2\/comments?post=1286"}],"version-history":[{"count":1,"href":"https:\/\/encounters-magazine.com\/de\/wp-json\/wp\/v2\/pages\/1286\/revisions"}],"predecessor-version":[{"id":1287,"href":"https:\/\/encounters-magazine.com\/de\/wp-json\/wp\/v2\/pages\/1286\/revisions\/1287"}],"up":[{"embeddable":true,"href":"https:\/\/encounters-magazine.com\/de\/wp-json\/wp\/v2\/pages\/182"}],"wp:featuredmedia":[{"embeddable":true,"href":"https:\/\/encounters-magazine.com\/de\/wp-json\/wp\/v2\/media\/208"}],"wp:attachment":[{"href":"https:\/\/encounters-magazine.com\/de\/wp-json\/wp\/v2\/media?parent=1286"}],"curies":[{"name":"wp","href":"https:\/\/api.w.org\/{rel}","templated":true}]}}