{"id":1283,"date":"2015-04-15T17:49:16","date_gmt":"2015-04-15T17:49:16","guid":{"rendered":"http:\/\/encounters-magazine.com\/de\/?page_id=1283"},"modified":"2015-04-18T08:59:28","modified_gmt":"2015-04-18T06:59:28","slug":"hoshi-coupe-ein-japanischer-star","status":"publish","type":"page","link":"https:\/\/encounters-magazine.com\/de\/encounters-two\/hoshi-coupe-ein-japanischer-star\/","title":{"rendered":"Hoshi Coupe \u2013 Ein japanischer \u201cStar\u201d"},"content":{"rendered":"<p>In Japan, meiner Heimat, haben nicht viele Menschen Gelegenheit, so wie ich, in einem multikulturellen Umfeld aufzuwachsen. Mein Vater, Shigeo Ono, arbeitet im Bereich soziale Bildung und organisiert u. a. internationale Austausche. Meine Mutter, Masako Hoshi, hat das Unternehmen \u201eHoshi Coupe\u201c gegr\u00fcndet, in dem ich heute Miteigent\u00fcmer bin.<\/p>\n<p>\u201cHoshi\u201d bedeutet auf Japanisch \u201cStern\u201d und \u201cCoupe\u201d ist das franz\u00f6sische Wort f\u00fcr \u201cSchnitt\u201d. Der Firmenname sagt also aus, was wir sind: japanische Friseursalons f\u00fcr internationale Kundschaft. Mittlerweile arbeiten 30 Angestellte in unseren Filialen in Kyoto, New York, Paris und Berlin.<\/p>\n<div id=\"attachment_194\" style=\"width: 517px\" class=\"wp-caption alignnone\"><img aria-describedby=\"caption-attachment-194\" loading=\"lazy\" src=\"https:\/\/encounters-magazine.com\/de\/wp-content\/uploads\/sites\/2\/2013\/04\/Hoshi_Berlin.jpg\" alt=\"Berlin\" width=\"507\" height=\"380\" class=\"size-full wp-image-194\" srcset=\"https:\/\/encounters-magazine.com\/de\/wp-content\/uploads\/sites\/2\/2013\/04\/Hoshi_Berlin.jpg 507w, https:\/\/encounters-magazine.com\/de\/wp-content\/uploads\/sites\/2\/2013\/04\/Hoshi_Berlin-300x224.jpg 300w\" sizes=\"(max-width: 507px) 100vw, 507px\" \/><p id=\"caption-attachment-194\" class=\"wp-caption-text\">Berlin<\/p><\/div>\n<h2>Der Anfang<\/h2>\n<p>Meine Mutter er\u00f6ffnete ihren ersten Salon Mitte der 80er Jahre in Tokio. Nach einiger Zeit zog sie nach London, um sich als Stylistin bei Vidal Sassoon zu spezialisieren. Ihre st\u00e4ndige Suche nach Perfektion f\u00fchrte sie nach Paris und New York, wo sie zun\u00e4chst in mehreren Salons arbeitete und schlie\u00dflich ein eigenes Gesch\u00e4ft er\u00f6ffnete. Bald schon konnte sie expandieren.<\/p>\n<p>Auch ich habe mich schon von klein auf f\u00fcr fremde L\u00e4nder interessiert und mir war schon fr\u00fch klar, dass ich Japan eines Tages verlassen w\u00fcrde. Ich habe an mehreren Sch\u00fcleraustauschen teilgenommen, die mein Vater organisiert hat. Schon damals hatte ich gern Kontakt zu Menschen aus anderen Kulturen, und ihre unterschiedlichen Ansichten fand ich immer sehr spannend. Deshalb hatte ich sp\u00e4ter im Ausland auch nie Anpassungsschwierigkeiten oder Konflikte.<\/p>\n<div id=\"attachment_196\" style=\"width: 517px\" class=\"wp-caption alignnone\"><img aria-describedby=\"caption-attachment-196\" loading=\"lazy\" src=\"https:\/\/encounters-magazine.com\/de\/wp-content\/uploads\/sites\/2\/2013\/04\/Hoshi_Paris.jpg\" alt=\"Paris\" width=\"507\" height=\"380\" class=\"size-full wp-image-196\" srcset=\"https:\/\/encounters-magazine.com\/de\/wp-content\/uploads\/sites\/2\/2013\/04\/Hoshi_Paris.jpg 507w, https:\/\/encounters-magazine.com\/de\/wp-content\/uploads\/sites\/2\/2013\/04\/Hoshi_Paris-300x224.jpg 300w\" sizes=\"(max-width: 507px) 100vw, 507px\" \/><p id=\"caption-attachment-196\" class=\"wp-caption-text\">Paris<\/p><\/div>\n<p>Das Stylisten-Handwerk habe ich in Japan gelernt. Dort habe ich in drei Salons bei Yokohama und in Tokio gearbeitet. Bevor ich Hoshi Coupe beitreten konnte, musste ich zun\u00e4chst Berufserfahrung sammeln und mir die japanischen Techniken und F\u00e4higkeiten aneignen.<\/p>\n<p>In den 90er Jahren habe ich in Paris bei MOD\u2019s Hair einen Spezialisierungskurs absolviert und kreative Techniken entwickelt. Sp\u00e4ter habe ich mich ausschlie\u00dflich unserem eigenen Hoshi Coupe gewidmet. In Paris konnte ich die internationalen Erfahrungen sammeln und die notwendigen Kontakte aufbauen, um das Unternehmen wachsen zu lassen. Danach haben wir unsere Salons in Berlin und Kyoto er\u00f6ffnet. <\/p>\n<div id=\"attachment_197\" style=\"width: 517px\" class=\"wp-caption alignnone\"><img aria-describedby=\"caption-attachment-197\" loading=\"lazy\" src=\"https:\/\/encounters-magazine.com\/de\/wp-content\/uploads\/sites\/2\/2013\/04\/Hoshi_Kyoto.jpg\" alt=\"Kyoto\" width=\"507\" height=\"380\" class=\"size-full wp-image-197\" srcset=\"https:\/\/encounters-magazine.com\/de\/wp-content\/uploads\/sites\/2\/2013\/04\/Hoshi_Kyoto.jpg 507w, https:\/\/encounters-magazine.com\/de\/wp-content\/uploads\/sites\/2\/2013\/04\/Hoshi_Kyoto-300x224.jpg 300w\" sizes=\"(max-width: 507px) 100vw, 507px\" \/><p id=\"caption-attachment-197\" class=\"wp-caption-text\">Kyoto<\/p><\/div>\n<h2>Das Konzept<\/h2>\n<p>Das Wichtigste ist nicht das Design, sondern der Stylist. Unsere Salons haben wir als Galerien konzipiert, und zwar ganz minimalistisch, um die Aufmerksamkeit auf das Wesentliche zu konzentrieren. Der Salon ist die B\u00fchne, auf der der Stylist agiert. Er soll nicht abgelenkt werden. <\/p>\n<p>Bei der Gestaltung der Salons haben wir k\u00fcnstliche Stoffe gemieden und vornehmlich mit Rohmaterialien gearbeitet. In Berlin z.B. haben wir die W\u00e4nde nicht gestrichen, sondern den puren Beton belassen. In Kyoto gibt es echtes Holz und in Chelsea haben wir bei der Dekoration des Salons die urspr\u00fcnglichen alten Ziegel des Geb\u00e4udes hervorgehoben.<\/p>\n<div id=\"attachment_198\" style=\"width: 517px\" class=\"wp-caption alignnone\"><img aria-describedby=\"caption-attachment-198\" loading=\"lazy\" src=\"https:\/\/encounters-magazine.com\/de\/wp-content\/uploads\/sites\/2\/2013\/04\/Hoshi_Chelsea.jpg\" alt=\"Chelsea, NYC\" width=\"507\" height=\"380\" class=\"size-full wp-image-198\" srcset=\"https:\/\/encounters-magazine.com\/de\/wp-content\/uploads\/sites\/2\/2013\/04\/Hoshi_Chelsea.jpg 507w, https:\/\/encounters-magazine.com\/de\/wp-content\/uploads\/sites\/2\/2013\/04\/Hoshi_Chelsea-300x224.jpg 300w\" sizes=\"(max-width: 507px) 100vw, 507px\" \/><p id=\"caption-attachment-198\" class=\"wp-caption-text\">Chelsea, NYC<\/p><\/div>\n<div id=\"attachment_202\" style=\"width: 517px\" class=\"wp-caption alignnone\"><img aria-describedby=\"caption-attachment-202\" loading=\"lazy\" src=\"https:\/\/encounters-magazine.com\/de\/wp-content\/uploads\/sites\/2\/2013\/04\/Hoshi_East-Village.jpg\" alt=\"East Village, NYC\" width=\"507\" height=\"380\" class=\"size-full wp-image-202\" srcset=\"https:\/\/encounters-magazine.com\/de\/wp-content\/uploads\/sites\/2\/2013\/04\/Hoshi_East-Village.jpg 507w, https:\/\/encounters-magazine.com\/de\/wp-content\/uploads\/sites\/2\/2013\/04\/Hoshi_East-Village-300x224.jpg 300w\" sizes=\"(max-width: 507px) 100vw, 507px\" \/><p id=\"caption-attachment-202\" class=\"wp-caption-text\">East Village, NYC<\/p><\/div>\n<div id=\"attachment_203\" style=\"width: 517px\" class=\"wp-caption alignnone\"><img aria-describedby=\"caption-attachment-203\" loading=\"lazy\" src=\"https:\/\/encounters-magazine.com\/de\/wp-content\/uploads\/sites\/2\/2013\/04\/Hoshi_Upper-West.jpg\" alt=\"Upper West, NYC\" width=\"507\" height=\"380\" class=\"size-full wp-image-203\" srcset=\"https:\/\/encounters-magazine.com\/de\/wp-content\/uploads\/sites\/2\/2013\/04\/Hoshi_Upper-West.jpg 507w, https:\/\/encounters-magazine.com\/de\/wp-content\/uploads\/sites\/2\/2013\/04\/Hoshi_Upper-West-300x224.jpg 300w\" sizes=\"(max-width: 507px) 100vw, 507px\" \/><p id=\"caption-attachment-203\" class=\"wp-caption-text\">Upper West, NYC<\/p><\/div>\n<h2>Unsere Erfahrung<\/h2>\n<p>Was den wirtschaftlichen Aspekt betrifft, so bin ich daf\u00fcr, die Grenzen f\u00fcr den Handel zu \u00f6ffnen. Ich bin gl\u00fccklich mit dem, was ich tue, denn es ist das, wovon ich schon als Junge getr\u00e4umt habe. Au\u00dferdem bin ich ein Kunst- und Musikliebhaber. Abgesehen von der praktischen Notwendigkeit des Haareschneidens, hat das Friseurhandwerk auch kreative und k\u00fcnstlerische Aspekte.<\/p>\n<p>Unsere Arbeit lebt von unseren Ideen, und jeder Salon hat seinen eigenen Stil. Unserer ist eher kreativ, offen und international. Wir sind nicht nur f\u00fcr japanische Kunden da, sondern f\u00fcr alle Menschen in diesen aufregenden St\u00e4dten. Sich auf so viel Verschiedenes einzustellen, erfordert manchmal eine Menge Energie.<\/p>\n<p>Im Ausland zu arbeiten ist eine gro\u00dfartige Erfahrung. Wenn man flexibel ist, lassen sich auch die meisten damit verbundenen Schwierigkeiten schnell l\u00f6sen.<\/p>\n<h2>Die Weisheiten<\/h2>\n<p>Schwierigkeiten wird es immer geben, aber es kommt darauf an, flexibel nach L\u00f6sungen zu suchen und nach vorn zu schauen. Die Weisheiten meiner Mutter haben mir auf meinem Weg geholfen:<\/p>\n<ul>\n<li>Glaube an dich!<\/li>\n<li>Laufe nicht den Trends hinterher, sondern schaffe neue Wege und Formen, setze Trends!<\/li>\n<li>Gib nie auf!<\/li>\n<li>Sei offen und flexibel!<\/li>\n<li>Versuche dich selbst an den Dingen, bevor du etwas beurteilst!<\/li>\n<\/ul>\n<blockquote><p>Hiroshi Ono wurde in Tokio geboren und ist in der ganzen Welt zu Hause. Er ist Chefstylist und Gesch\u00e4ftsf\u00fchrer des Friseursalons Hoshi Coupe. <a href=\"http:\/\/www.hoshicoupe.com\" target=\"_blank\">www.hoshicoupe.com<\/a><\/p><\/blockquote>\n","protected":false},"excerpt":{"rendered":"<p>In Japan, meiner Heimat, haben nicht viele Menschen Gelegenheit, so wie ich, in einem multikulturellen Umfeld aufzuwachsen. Mein Vater, Shigeo Ono, arbeitet im Bereich soziale Bildung und organisiert u. a. internationale Austausche. Meine Mutter, Masako Hoshi, hat das Unternehmen \u201eHoshi Coupe\u201c gegr\u00fcndet, in dem ich heute Miteigent\u00fcmer bin. \u201cHoshi\u201d bedeutet auf Japanisch \u201cStern\u201d und \u201cCoupe\u201d [&hellip;]<\/p>\n","protected":false},"author":4,"featured_media":191,"parent":182,"menu_order":3,"comment_status":"open","ping_status":"open","template":"page.php","meta":[],"acf":[],"yoast_head":"<!-- This site is optimized with the Yoast SEO plugin v17.9 - https:\/\/yoast.com\/wordpress\/plugins\/seo\/ -->\n<meta name=\"description\" content=\"Das ENCOUNTERS MAGAZINE von Santacruz International Communication l\u00e4dt Sie ein zu Entdeckungen rund um den Globus: Orte, Menschen und Philosophien.\" \/>\n<meta name=\"robots\" content=\"index, follow, max-snippet:-1, max-image-preview:large, max-video-preview:-1\" \/>\n<link rel=\"canonical\" href=\"https:\/\/encounters-magazine.com\/de\/encounters-two\/hoshi-coupe-ein-japanischer-star\/\" \/>\n<meta property=\"og:locale\" content=\"de_DE\" \/>\n<meta property=\"og:type\" content=\"article\" \/>\n<meta property=\"og:title\" content=\"Hoshi Coupe \u2013 Ein japanischer \u201cStar\u201d - ENCOUNTERS MAGAZINE. Santacruz International Communication\" \/>\n<meta property=\"og:description\" content=\"Das ENCOUNTERS MAGAZINE von Santacruz International Communication l\u00e4dt Sie ein zu Entdeckungen rund um den Globus: Orte, Menschen und Philosophien.\" \/>\n<meta property=\"og:url\" content=\"https:\/\/encounters-magazine.com\/de\/encounters-two\/hoshi-coupe-ein-japanischer-star\/\" \/>\n<meta property=\"og:site_name\" content=\"DE - ENCOUNTERS MAGAZINE\" \/>\n<meta property=\"article:publisher\" content=\"https:\/\/www.facebook.com\/lino.santacruz.5\" \/>\n<meta property=\"article:modified_time\" content=\"2015-04-18T06:59:28+00:00\" \/>\n<meta property=\"og:image\" content=\"https:\/\/encounters-magazine.com\/de\/wp-content\/uploads\/sites\/2\/2013\/04\/Hiroshi_Portrait.jpg\" \/>\n\t<meta property=\"og:image:width\" content=\"97\" \/>\n\t<meta property=\"og:image:height\" content=\"80\" \/>\n\t<meta property=\"og:image:type\" content=\"image\/jpeg\" \/>\n<meta name=\"twitter:card\" content=\"summary\" \/>\n<meta name=\"twitter:site\" content=\"@LinoSantacruz\" \/>\n<meta name=\"twitter:label1\" content=\"Gesch\u00e4tzte Lesezeit\" \/>\n\t<meta name=\"twitter:data1\" content=\"4\u00a0Minuten\" \/>\n<script type=\"application\/ld+json\" class=\"yoast-schema-graph\">{\"@context\":\"https:\/\/schema.org\",\"@graph\":[{\"@type\":\"WebSite\",\"@id\":\"https:\/\/encounters-magazine.com\/de\/#website\",\"url\":\"https:\/\/encounters-magazine.com\/de\/\",\"name\":\"DE - ENCOUNTERS MAGAZINE\",\"description\":\"\",\"potentialAction\":[{\"@type\":\"SearchAction\",\"target\":{\"@type\":\"EntryPoint\",\"urlTemplate\":\"https:\/\/encounters-magazine.com\/de\/?s={search_term_string}\"},\"query-input\":\"required name=search_term_string\"}],\"inLanguage\":\"de\"},{\"@type\":\"ImageObject\",\"@id\":\"https:\/\/encounters-magazine.com\/de\/encounters-two\/hoshi-coupe-ein-japanischer-star\/#primaryimage\",\"inLanguage\":\"de\",\"url\":\"https:\/\/encounters-magazine.com\/de\/wp-content\/uploads\/sites\/2\/2013\/04\/Hiroshi_Portrait.jpg\",\"contentUrl\":\"https:\/\/encounters-magazine.com\/de\/wp-content\/uploads\/sites\/2\/2013\/04\/Hiroshi_Portrait.jpg\",\"width\":97,\"height\":80},{\"@type\":\"WebPage\",\"@id\":\"https:\/\/encounters-magazine.com\/de\/encounters-two\/hoshi-coupe-ein-japanischer-star\/#webpage\",\"url\":\"https:\/\/encounters-magazine.com\/de\/encounters-two\/hoshi-coupe-ein-japanischer-star\/\",\"name\":\"Hoshi Coupe \\u2013 Ein japanischer \\u201cStar\\u201d - ENCOUNTERS MAGAZINE. Santacruz International Communication\",\"isPartOf\":{\"@id\":\"https:\/\/encounters-magazine.com\/de\/#website\"},\"primaryImageOfPage\":{\"@id\":\"https:\/\/encounters-magazine.com\/de\/encounters-two\/hoshi-coupe-ein-japanischer-star\/#primaryimage\"},\"datePublished\":\"2015-04-15T17:49:16+00:00\",\"dateModified\":\"2015-04-18T06:59:28+00:00\",\"description\":\"Das ENCOUNTERS MAGAZINE von Santacruz International Communication l\\u00e4dt Sie ein zu Entdeckungen rund um den Globus: Orte, Menschen und Philosophien.\",\"breadcrumb\":{\"@id\":\"https:\/\/encounters-magazine.com\/de\/encounters-two\/hoshi-coupe-ein-japanischer-star\/#breadcrumb\"},\"inLanguage\":\"de\",\"potentialAction\":[{\"@type\":\"ReadAction\",\"target\":[\"https:\/\/encounters-magazine.com\/de\/encounters-two\/hoshi-coupe-ein-japanischer-star\/\"]}]},{\"@type\":\"BreadcrumbList\",\"@id\":\"https:\/\/encounters-magazine.com\/de\/encounters-two\/hoshi-coupe-ein-japanischer-star\/#breadcrumb\",\"itemListElement\":[{\"@type\":\"ListItem\",\"position\":1,\"name\":\"Startseite\",\"item\":\"https:\/\/encounters-magazine.com\/de\/\"},{\"@type\":\"ListItem\",\"position\":2,\"name\":\"Encounters Two\",\"item\":\"https:\/\/encounters-magazine.com\/de\/encounters-two\/\"},{\"@type\":\"ListItem\",\"position\":3,\"name\":\"Hoshi Coupe \\u2013 Ein japanischer \\u201cStar\\u201d\"}]}]}<\/script>\n<!-- \/ Yoast SEO plugin. -->","yoast_head_json":{"description":"Das ENCOUNTERS MAGAZINE von Santacruz International Communication l\u00e4dt Sie ein zu Entdeckungen rund um den Globus: Orte, Menschen und Philosophien.","robots":{"index":"index","follow":"follow","max-snippet":"max-snippet:-1","max-image-preview":"max-image-preview:large","max-video-preview":"max-video-preview:-1"},"canonical":"https:\/\/encounters-magazine.com\/de\/encounters-two\/hoshi-coupe-ein-japanischer-star\/","og_locale":"de_DE","og_type":"article","og_title":"Hoshi Coupe \u2013 Ein japanischer \u201cStar\u201d - ENCOUNTERS MAGAZINE. Santacruz International Communication","og_description":"Das ENCOUNTERS MAGAZINE von Santacruz International Communication l\u00e4dt Sie ein zu Entdeckungen rund um den Globus: Orte, Menschen und Philosophien.","og_url":"https:\/\/encounters-magazine.com\/de\/encounters-two\/hoshi-coupe-ein-japanischer-star\/","og_site_name":"DE - ENCOUNTERS MAGAZINE","article_publisher":"https:\/\/www.facebook.com\/lino.santacruz.5","article_modified_time":"2015-04-18T06:59:28+00:00","og_image":[{"width":97,"height":80,"url":"https:\/\/encounters-magazine.com\/de\/wp-content\/uploads\/sites\/2\/2013\/04\/Hiroshi_Portrait.jpg","type":"image\/jpeg"}],"twitter_card":"summary","twitter_site":"@LinoSantacruz","twitter_misc":{"Gesch\u00e4tzte Lesezeit":"4\u00a0Minuten"},"schema":{"@context":"https:\/\/schema.org","@graph":[{"@type":"WebSite","@id":"https:\/\/encounters-magazine.com\/de\/#website","url":"https:\/\/encounters-magazine.com\/de\/","name":"DE - ENCOUNTERS MAGAZINE","description":"","potentialAction":[{"@type":"SearchAction","target":{"@type":"EntryPoint","urlTemplate":"https:\/\/encounters-magazine.com\/de\/?s={search_term_string}"},"query-input":"required name=search_term_string"}],"inLanguage":"de"},{"@type":"ImageObject","@id":"https:\/\/encounters-magazine.com\/de\/encounters-two\/hoshi-coupe-ein-japanischer-star\/#primaryimage","inLanguage":"de","url":"https:\/\/encounters-magazine.com\/de\/wp-content\/uploads\/sites\/2\/2013\/04\/Hiroshi_Portrait.jpg","contentUrl":"https:\/\/encounters-magazine.com\/de\/wp-content\/uploads\/sites\/2\/2013\/04\/Hiroshi_Portrait.jpg","width":97,"height":80},{"@type":"WebPage","@id":"https:\/\/encounters-magazine.com\/de\/encounters-two\/hoshi-coupe-ein-japanischer-star\/#webpage","url":"https:\/\/encounters-magazine.com\/de\/encounters-two\/hoshi-coupe-ein-japanischer-star\/","name":"Hoshi Coupe \u2013 Ein japanischer \u201cStar\u201d - ENCOUNTERS MAGAZINE. Santacruz International Communication","isPartOf":{"@id":"https:\/\/encounters-magazine.com\/de\/#website"},"primaryImageOfPage":{"@id":"https:\/\/encounters-magazine.com\/de\/encounters-two\/hoshi-coupe-ein-japanischer-star\/#primaryimage"},"datePublished":"2015-04-15T17:49:16+00:00","dateModified":"2015-04-18T06:59:28+00:00","description":"Das ENCOUNTERS MAGAZINE von Santacruz International Communication l\u00e4dt Sie ein zu Entdeckungen rund um den Globus: Orte, Menschen und Philosophien.","breadcrumb":{"@id":"https:\/\/encounters-magazine.com\/de\/encounters-two\/hoshi-coupe-ein-japanischer-star\/#breadcrumb"},"inLanguage":"de","potentialAction":[{"@type":"ReadAction","target":["https:\/\/encounters-magazine.com\/de\/encounters-two\/hoshi-coupe-ein-japanischer-star\/"]}]},{"@type":"BreadcrumbList","@id":"https:\/\/encounters-magazine.com\/de\/encounters-two\/hoshi-coupe-ein-japanischer-star\/#breadcrumb","itemListElement":[{"@type":"ListItem","position":1,"name":"Startseite","item":"https:\/\/encounters-magazine.com\/de\/"},{"@type":"ListItem","position":2,"name":"Encounters Two","item":"https:\/\/encounters-magazine.com\/de\/encounters-two\/"},{"@type":"ListItem","position":3,"name":"Hoshi Coupe \u2013 Ein japanischer \u201cStar\u201d"}]}]}},"_links":{"self":[{"href":"https:\/\/encounters-magazine.com\/de\/wp-json\/wp\/v2\/pages\/1283"}],"collection":[{"href":"https:\/\/encounters-magazine.com\/de\/wp-json\/wp\/v2\/pages"}],"about":[{"href":"https:\/\/encounters-magazine.com\/de\/wp-json\/wp\/v2\/types\/page"}],"author":[{"embeddable":true,"href":"https:\/\/encounters-magazine.com\/de\/wp-json\/wp\/v2\/users\/4"}],"replies":[{"embeddable":true,"href":"https:\/\/encounters-magazine.com\/de\/wp-json\/wp\/v2\/comments?post=1283"}],"version-history":[{"count":2,"href":"https:\/\/encounters-magazine.com\/de\/wp-json\/wp\/v2\/pages\/1283\/revisions"}],"predecessor-version":[{"id":1285,"href":"https:\/\/encounters-magazine.com\/de\/wp-json\/wp\/v2\/pages\/1283\/revisions\/1285"}],"up":[{"embeddable":true,"href":"https:\/\/encounters-magazine.com\/de\/wp-json\/wp\/v2\/pages\/182"}],"wp:featuredmedia":[{"embeddable":true,"href":"https:\/\/encounters-magazine.com\/de\/wp-json\/wp\/v2\/media\/191"}],"wp:attachment":[{"href":"https:\/\/encounters-magazine.com\/de\/wp-json\/wp\/v2\/media?parent=1283"}],"curies":[{"name":"wp","href":"https:\/\/api.w.org\/{rel}","templated":true}]}}