{"id":1281,"date":"2015-04-15T17:46:46","date_gmt":"2015-04-15T17:46:46","guid":{"rendered":"http:\/\/encounters-magazine.com\/de\/?page_id=1281"},"modified":"2015-04-18T08:59:09","modified_gmt":"2015-04-18T06:59:09","slug":"besuch-des-milwaukee-art-museum","status":"publish","type":"page","link":"https:\/\/encounters-magazine.com\/de\/encounters-two\/besuch-des-milwaukee-art-museum\/","title":{"rendered":"Besuch des Milwaukee Art Museum"},"content":{"rendered":"<p><img loading=\"lazy\" src=\"https:\/\/encounters-magazine.com\/de\/wp-content\/uploads\/sites\/2\/2013\/04\/Quiroz_1.jpg\" alt=\"Quiroz_1\" width=\"507\" height=\"764\" class=\"alignnone size-full wp-image-227\" srcset=\"https:\/\/encounters-magazine.com\/de\/wp-content\/uploads\/sites\/2\/2013\/04\/Quiroz_1.jpg 507w, https:\/\/encounters-magazine.com\/de\/wp-content\/uploads\/sites\/2\/2013\/04\/Quiroz_1-199x300.jpg 199w\" sizes=\"(max-width: 507px) 100vw, 507px\" \/><\/p>\n<h2>Der \u201cZeit-Tunnel\u201d zwischen Calatrava und Saarinen<\/h2>\n<p>Zuerst einmal muss ich sagen, dass ich schon sehr lange in keinem Kunstmuseum mehr war. Dieser Besuch kam nur zustande, weil mein Freund Lino Santacruz mich aus der Ferne einlud, das Kunstmuseum in Milwaukee, Wisconsin, zu besuchen.<\/p>\n<p>Wisconsin geh\u00f6rt zur Freundschaft zwischen Lino und mir und somit war diese Reise mehr als ein Besuch im Museum.<\/p>\n<p>Das Abenteuer begann in Chicago. Die 50 Meilen bis nach Milwaukee legte ich in einer Stunde und 20 Minuten zur\u00fcck.<\/p>\n<p>Nach Milwaukee zu kommen war einfach und es ist sogar noch einfacher, das Museum zu finden. Schon aus der Ferne kann man Santiago Calatravas Handschrift erkennen: ein imposanter Vogel aus Stahl und Aluminium. Wenn das Wetter es zul\u00e4sst, das hei\u00dft, wenn der Wind nicht zu stark ist, kann man diese architektonische Besonderheit von morgens bis abends sehen.<\/p>\n<p>Da ich kein Museumsexperte und noch viel weniger Kunstexperte bin, galt mein Hauptinteresse dem Quadracci Pavillion, dem &#8222;Mutterschiff&#8220;, um es irgendwie zu beschreiben.<\/p>\n<p>Ich war \u00fcberrascht, als ich das Auto parkte und mir meine Jacke \u00fcberzog: die ist gar nicht notwendig, denn das gesamte Parkhaus ist beheizt.<\/p>\n<p>Man kann also seinen Mantel im Auto lassen und das Museum ganz unbeschwert betreten.<\/p>\n<p><img loading=\"lazy\" src=\"https:\/\/encounters-magazine.com\/de\/wp-content\/uploads\/sites\/2\/2013\/04\/Quiroz_2.jpg\" alt=\"Quiroz_2\" width=\"507\" height=\"377\" class=\"alignnone size-full wp-image-228\" srcset=\"https:\/\/encounters-magazine.com\/de\/wp-content\/uploads\/sites\/2\/2013\/04\/Quiroz_2.jpg 507w, https:\/\/encounters-magazine.com\/de\/wp-content\/uploads\/sites\/2\/2013\/04\/Quiroz_2-300x223.jpg 300w\" sizes=\"(max-width: 507px) 100vw, 507px\" \/><\/p>\n<p>Entspannt betrachtete ich \u2013 das Ticket schon in der Hand \u2013, was der Spanier Calatrava mit seiner Arbeit zeigen m\u00f6chte: die Verschmelzung von geraden Linien und Kurven.<\/p>\n<p>Vor allem die Decke fesselte mich sehr. Klare Glasfl\u00e4chen mischen sich mit geraden Linien und als Betrachter versucht man herauszufinden, wo die Formen verschmelzen. An sonnigen Tagen kann der Besucher dieses Spiel noch mehr genie\u00dfen und Formen in den Wolken finden.<\/p>\n<p><img loading=\"lazy\" src=\"https:\/\/encounters-magazine.com\/de\/wp-content\/uploads\/sites\/2\/2013\/04\/Quiroz_3.jpg\" alt=\"Quiroz_3\" width=\"507\" height=\"337\" class=\"alignnone size-full wp-image-229\" srcset=\"https:\/\/encounters-magazine.com\/de\/wp-content\/uploads\/sites\/2\/2013\/04\/Quiroz_3.jpg 507w, https:\/\/encounters-magazine.com\/de\/wp-content\/uploads\/sites\/2\/2013\/04\/Quiroz_3-300x199.jpg 300w\" sizes=\"(max-width: 507px) 100vw, 507px\" \/><\/p>\n<p>Zufrieden mit dem Besuch des Quadracci Pavillions, begab ich mich zum War Memorial Center, geplant vom finnisch-amerikanischen Architekten und Designer Eero Saarinen. Hier befinden sich die 30.000 Kunstwerke, die das Museum besitzt. Der Geb\u00e4udeteil wurde zu Ehren der Soldaten im Zweiten Weltkrieg erbaut.<\/p>\n<p>Um dorthin zu gelangen, schreitet man durch einen langen Gang, der von den Lichtreflexionen des Wassers des Lake Michigan beleuchtet wird.<\/p>\n<p><img loading=\"lazy\" src=\"https:\/\/encounters-magazine.com\/de\/wp-content\/uploads\/sites\/2\/2013\/04\/Quiroz_4.jpg\" alt=\"Quiroz_4\" width=\"507\" height=\"337\" class=\"alignnone size-full wp-image-230\" srcset=\"https:\/\/encounters-magazine.com\/de\/wp-content\/uploads\/sites\/2\/2013\/04\/Quiroz_4.jpg 507w, https:\/\/encounters-magazine.com\/de\/wp-content\/uploads\/sites\/2\/2013\/04\/Quiroz_4-300x199.jpg 300w\" sizes=\"(max-width: 507px) 100vw, 507px\" \/><\/p>\n<p><img loading=\"lazy\" src=\"https:\/\/encounters-magazine.com\/de\/wp-content\/uploads\/sites\/2\/2013\/04\/Quiroz_5.jpg\" alt=\"Quiroz_5\" width=\"507\" height=\"256\" class=\"alignnone size-full wp-image-231\" srcset=\"https:\/\/encounters-magazine.com\/de\/wp-content\/uploads\/sites\/2\/2013\/04\/Quiroz_5.jpg 507w, https:\/\/encounters-magazine.com\/de\/wp-content\/uploads\/sites\/2\/2013\/04\/Quiroz_5-300x151.jpg 300w\" sizes=\"(max-width: 507px) 100vw, 507px\" \/><\/p>\n<p>Auf dem Weg kommt man an einem kleinen Auditorium und einem Museumsshop vorbei, in dem man Souvenirs kaufen kann. Dieser Gang ist die Verbindung zwischen alt und modern. Das War Memorial Center wurde im Jahr 1955 und der Quadracci Pavilion 2001 gebaut.<\/p>\n<p>Sofort ist eine Trennung sp\u00fcrbar. Im War Memorial Center gibt es viel Beton, es ist grau; der Quadracci hat mehr Glas und Stahl und ist \u00fcberwiegend wei\u00df.<\/p>\n<p><a href=\"https:\/\/encounters-magazine.com\/de\/wp-content\/uploads\/sites\/2\/2013\/04\/Quiroz_6.jpg\"><img loading=\"lazy\" src=\"https:\/\/encounters-magazine.com\/de\/wp-content\/uploads\/sites\/2\/2013\/04\/Quiroz_6.jpg\" alt=\"Quiroz_6\" width=\"507\" height=\"337\" class=\"alignnone size-full wp-image-232\" srcset=\"https:\/\/encounters-magazine.com\/de\/wp-content\/uploads\/sites\/2\/2013\/04\/Quiroz_6.jpg 507w, https:\/\/encounters-magazine.com\/de\/wp-content\/uploads\/sites\/2\/2013\/04\/Quiroz_6-300x199.jpg 300w\" sizes=\"(max-width: 507px) 100vw, 507px\" \/><\/a><\/p>\n<p>Der Weg an den Kunstwerken vorbei geht schnell, denn die R\u00e4ume sind klein und die Kunst l\u00e4sst sich gut im Vorbeigehen betrachten. Oder vielleicht hatte ich nur das Gef\u00fchl, weil ich schon daran dachte, nach drau\u00dfen zu gehen und mir die Architektur des Museums anzusehen.<\/p>\n<p>K\u00e4lte und Schnee waren kein Problem. Von der Prospect Street aus kann man sch\u00f6ne Fotos vom Haupteingang des Museums machen. Diesen erreicht man \u00fcber eine beeindruckende Br\u00fccke, gest\u00fctzt von einem gro\u00dfen Masten, der wiederum von dicken Stahlseilen gehalten wird.<\/p>\n<p><img loading=\"lazy\" src=\"https:\/\/encounters-magazine.com\/de\/wp-content\/uploads\/sites\/2\/2013\/04\/Quiroz_7.jpg\" alt=\"Quiroz_7\" width=\"507\" height=\"337\" class=\"alignnone size-full wp-image-233\" srcset=\"https:\/\/encounters-magazine.com\/de\/wp-content\/uploads\/sites\/2\/2013\/04\/Quiroz_7.jpg 507w, https:\/\/encounters-magazine.com\/de\/wp-content\/uploads\/sites\/2\/2013\/04\/Quiroz_7-300x199.jpg 300w\" sizes=\"(max-width: 507px) 100vw, 507px\" \/><\/p>\n<p><img loading=\"lazy\" src=\"https:\/\/encounters-magazine.com\/de\/wp-content\/uploads\/sites\/2\/2013\/04\/Quiroz_8.jpg\" alt=\"Quiroz_8\" width=\"507\" height=\"309\" class=\"alignnone size-full wp-image-234\" srcset=\"https:\/\/encounters-magazine.com\/de\/wp-content\/uploads\/sites\/2\/2013\/04\/Quiroz_8.jpg 507w, https:\/\/encounters-magazine.com\/de\/wp-content\/uploads\/sites\/2\/2013\/04\/Quiroz_8-300x182.jpg 300w\" sizes=\"(max-width: 507px) 100vw, 507px\" \/><\/p>\n<p>Das Museum ist von jedem Blickwinkel aus &#8222;fotogen&#8220;. Da mein Besuch im Winter war, ruht der &#8222;Vogel&#8220; am Wasser auf meinen Fotos im Schnee.<\/p>\n<p>Der Besuch im Museum von Milwaukee verbindet zwei architektonische Epochen. Durch den Gang, der die beiden Bauwerke verbindet, verschmelzen sie gleichsam. Wie in einem &#8222;Zeit-Tunnel der Architektur&#8220;.<\/p>\n<blockquote><p>Javier Quiroz ist Fotograf und Reporter. Er begann seine Karriere vor 25 Jahren in seiner Heimat Nuevo Laredo, Tamaulipas, Mexiko. Derzeit lebt und arbeitet er in Chicago, USA.<\/p><\/blockquote>\n","protected":false},"excerpt":{"rendered":"<p>Der \u201cZeit-Tunnel\u201d zwischen Calatrava und Saarinen Zuerst einmal muss ich sagen, dass ich schon sehr lange in keinem Kunstmuseum mehr war. Dieser Besuch kam nur zustande, weil mein Freund Lino Santacruz mich aus der Ferne einlud, das Kunstmuseum in Milwaukee, Wisconsin, zu besuchen. Wisconsin geh\u00f6rt zur Freundschaft zwischen Lino und mir und somit war diese [&hellip;]<\/p>\n","protected":false},"author":4,"featured_media":225,"parent":182,"menu_order":2,"comment_status":"open","ping_status":"open","template":"page.php","meta":[],"acf":[],"yoast_head":"<!-- This site is optimized with the Yoast SEO plugin v17.9 - https:\/\/yoast.com\/wordpress\/plugins\/seo\/ -->\n<meta name=\"description\" content=\"Das ENCOUNTERS MAGAZINE von Santacruz International Communication l\u00e4dt Sie ein zu Entdeckungen rund um den Globus: Orte, Menschen und Philosophien.\" \/>\n<meta name=\"robots\" content=\"index, follow, max-snippet:-1, max-image-preview:large, max-video-preview:-1\" \/>\n<link rel=\"canonical\" href=\"https:\/\/encounters-magazine.com\/de\/encounters-two\/besuch-des-milwaukee-art-museum\/\" \/>\n<meta property=\"og:locale\" content=\"de_DE\" \/>\n<meta property=\"og:type\" content=\"article\" \/>\n<meta property=\"og:title\" content=\"Besuch des Milwaukee Art Museum - ENCOUNTERS MAGAZINE. Santacruz International Communication\" \/>\n<meta property=\"og:description\" content=\"Das ENCOUNTERS MAGAZINE von Santacruz International Communication l\u00e4dt Sie ein zu Entdeckungen rund um den Globus: Orte, Menschen und Philosophien.\" \/>\n<meta property=\"og:url\" content=\"https:\/\/encounters-magazine.com\/de\/encounters-two\/besuch-des-milwaukee-art-museum\/\" \/>\n<meta property=\"og:site_name\" content=\"DE - ENCOUNTERS MAGAZINE\" \/>\n<meta property=\"article:publisher\" content=\"https:\/\/www.facebook.com\/lino.santacruz.5\" \/>\n<meta property=\"article:modified_time\" content=\"2015-04-18T06:59:09+00:00\" \/>\n<meta property=\"og:image\" content=\"https:\/\/encounters-magazine.com\/de\/wp-content\/uploads\/sites\/2\/2013\/04\/Quiroz_Portrait.jpg\" \/>\n\t<meta property=\"og:image:width\" content=\"101\" \/>\n\t<meta property=\"og:image:height\" content=\"80\" \/>\n\t<meta property=\"og:image:type\" content=\"image\/jpeg\" \/>\n<meta name=\"twitter:card\" content=\"summary\" \/>\n<meta name=\"twitter:site\" content=\"@LinoSantacruz\" \/>\n<meta name=\"twitter:label1\" content=\"Gesch\u00e4tzte Lesezeit\" \/>\n\t<meta name=\"twitter:data1\" content=\"3\u00a0Minuten\" \/>\n<script type=\"application\/ld+json\" class=\"yoast-schema-graph\">{\"@context\":\"https:\/\/schema.org\",\"@graph\":[{\"@type\":\"WebSite\",\"@id\":\"https:\/\/encounters-magazine.com\/de\/#website\",\"url\":\"https:\/\/encounters-magazine.com\/de\/\",\"name\":\"DE - ENCOUNTERS MAGAZINE\",\"description\":\"\",\"potentialAction\":[{\"@type\":\"SearchAction\",\"target\":{\"@type\":\"EntryPoint\",\"urlTemplate\":\"https:\/\/encounters-magazine.com\/de\/?s={search_term_string}\"},\"query-input\":\"required name=search_term_string\"}],\"inLanguage\":\"de\"},{\"@type\":\"ImageObject\",\"@id\":\"https:\/\/encounters-magazine.com\/de\/encounters-two\/besuch-des-milwaukee-art-museum\/#primaryimage\",\"inLanguage\":\"de\",\"url\":\"https:\/\/encounters-magazine.com\/de\/wp-content\/uploads\/sites\/2\/2013\/04\/Quiroz_Portrait.jpg\",\"contentUrl\":\"https:\/\/encounters-magazine.com\/de\/wp-content\/uploads\/sites\/2\/2013\/04\/Quiroz_Portrait.jpg\",\"width\":101,\"height\":80},{\"@type\":\"WebPage\",\"@id\":\"https:\/\/encounters-magazine.com\/de\/encounters-two\/besuch-des-milwaukee-art-museum\/#webpage\",\"url\":\"https:\/\/encounters-magazine.com\/de\/encounters-two\/besuch-des-milwaukee-art-museum\/\",\"name\":\"Besuch des Milwaukee Art Museum - ENCOUNTERS MAGAZINE. Santacruz International Communication\",\"isPartOf\":{\"@id\":\"https:\/\/encounters-magazine.com\/de\/#website\"},\"primaryImageOfPage\":{\"@id\":\"https:\/\/encounters-magazine.com\/de\/encounters-two\/besuch-des-milwaukee-art-museum\/#primaryimage\"},\"datePublished\":\"2015-04-15T17:46:46+00:00\",\"dateModified\":\"2015-04-18T06:59:09+00:00\",\"description\":\"Das ENCOUNTERS MAGAZINE von Santacruz International Communication l\\u00e4dt Sie ein zu Entdeckungen rund um den Globus: Orte, Menschen und Philosophien.\",\"breadcrumb\":{\"@id\":\"https:\/\/encounters-magazine.com\/de\/encounters-two\/besuch-des-milwaukee-art-museum\/#breadcrumb\"},\"inLanguage\":\"de\",\"potentialAction\":[{\"@type\":\"ReadAction\",\"target\":[\"https:\/\/encounters-magazine.com\/de\/encounters-two\/besuch-des-milwaukee-art-museum\/\"]}]},{\"@type\":\"BreadcrumbList\",\"@id\":\"https:\/\/encounters-magazine.com\/de\/encounters-two\/besuch-des-milwaukee-art-museum\/#breadcrumb\",\"itemListElement\":[{\"@type\":\"ListItem\",\"position\":1,\"name\":\"Startseite\",\"item\":\"https:\/\/encounters-magazine.com\/de\/\"},{\"@type\":\"ListItem\",\"position\":2,\"name\":\"Encounters Two\",\"item\":\"https:\/\/encounters-magazine.com\/de\/encounters-two\/\"},{\"@type\":\"ListItem\",\"position\":3,\"name\":\"Besuch des Milwaukee Art Museum\"}]}]}<\/script>\n<!-- \/ Yoast SEO plugin. -->","yoast_head_json":{"description":"Das ENCOUNTERS MAGAZINE von Santacruz International Communication l\u00e4dt Sie ein zu Entdeckungen rund um den Globus: Orte, Menschen und Philosophien.","robots":{"index":"index","follow":"follow","max-snippet":"max-snippet:-1","max-image-preview":"max-image-preview:large","max-video-preview":"max-video-preview:-1"},"canonical":"https:\/\/encounters-magazine.com\/de\/encounters-two\/besuch-des-milwaukee-art-museum\/","og_locale":"de_DE","og_type":"article","og_title":"Besuch des Milwaukee Art Museum - ENCOUNTERS MAGAZINE. Santacruz International Communication","og_description":"Das ENCOUNTERS MAGAZINE von Santacruz International Communication l\u00e4dt Sie ein zu Entdeckungen rund um den Globus: Orte, Menschen und Philosophien.","og_url":"https:\/\/encounters-magazine.com\/de\/encounters-two\/besuch-des-milwaukee-art-museum\/","og_site_name":"DE - ENCOUNTERS MAGAZINE","article_publisher":"https:\/\/www.facebook.com\/lino.santacruz.5","article_modified_time":"2015-04-18T06:59:09+00:00","og_image":[{"width":101,"height":80,"url":"https:\/\/encounters-magazine.com\/de\/wp-content\/uploads\/sites\/2\/2013\/04\/Quiroz_Portrait.jpg","type":"image\/jpeg"}],"twitter_card":"summary","twitter_site":"@LinoSantacruz","twitter_misc":{"Gesch\u00e4tzte Lesezeit":"3\u00a0Minuten"},"schema":{"@context":"https:\/\/schema.org","@graph":[{"@type":"WebSite","@id":"https:\/\/encounters-magazine.com\/de\/#website","url":"https:\/\/encounters-magazine.com\/de\/","name":"DE - ENCOUNTERS MAGAZINE","description":"","potentialAction":[{"@type":"SearchAction","target":{"@type":"EntryPoint","urlTemplate":"https:\/\/encounters-magazine.com\/de\/?s={search_term_string}"},"query-input":"required name=search_term_string"}],"inLanguage":"de"},{"@type":"ImageObject","@id":"https:\/\/encounters-magazine.com\/de\/encounters-two\/besuch-des-milwaukee-art-museum\/#primaryimage","inLanguage":"de","url":"https:\/\/encounters-magazine.com\/de\/wp-content\/uploads\/sites\/2\/2013\/04\/Quiroz_Portrait.jpg","contentUrl":"https:\/\/encounters-magazine.com\/de\/wp-content\/uploads\/sites\/2\/2013\/04\/Quiroz_Portrait.jpg","width":101,"height":80},{"@type":"WebPage","@id":"https:\/\/encounters-magazine.com\/de\/encounters-two\/besuch-des-milwaukee-art-museum\/#webpage","url":"https:\/\/encounters-magazine.com\/de\/encounters-two\/besuch-des-milwaukee-art-museum\/","name":"Besuch des Milwaukee Art Museum - ENCOUNTERS MAGAZINE. Santacruz International Communication","isPartOf":{"@id":"https:\/\/encounters-magazine.com\/de\/#website"},"primaryImageOfPage":{"@id":"https:\/\/encounters-magazine.com\/de\/encounters-two\/besuch-des-milwaukee-art-museum\/#primaryimage"},"datePublished":"2015-04-15T17:46:46+00:00","dateModified":"2015-04-18T06:59:09+00:00","description":"Das ENCOUNTERS MAGAZINE von Santacruz International Communication l\u00e4dt Sie ein zu Entdeckungen rund um den Globus: Orte, Menschen und Philosophien.","breadcrumb":{"@id":"https:\/\/encounters-magazine.com\/de\/encounters-two\/besuch-des-milwaukee-art-museum\/#breadcrumb"},"inLanguage":"de","potentialAction":[{"@type":"ReadAction","target":["https:\/\/encounters-magazine.com\/de\/encounters-two\/besuch-des-milwaukee-art-museum\/"]}]},{"@type":"BreadcrumbList","@id":"https:\/\/encounters-magazine.com\/de\/encounters-two\/besuch-des-milwaukee-art-museum\/#breadcrumb","itemListElement":[{"@type":"ListItem","position":1,"name":"Startseite","item":"https:\/\/encounters-magazine.com\/de\/"},{"@type":"ListItem","position":2,"name":"Encounters Two","item":"https:\/\/encounters-magazine.com\/de\/encounters-two\/"},{"@type":"ListItem","position":3,"name":"Besuch des Milwaukee Art Museum"}]}]}},"_links":{"self":[{"href":"https:\/\/encounters-magazine.com\/de\/wp-json\/wp\/v2\/pages\/1281"}],"collection":[{"href":"https:\/\/encounters-magazine.com\/de\/wp-json\/wp\/v2\/pages"}],"about":[{"href":"https:\/\/encounters-magazine.com\/de\/wp-json\/wp\/v2\/types\/page"}],"author":[{"embeddable":true,"href":"https:\/\/encounters-magazine.com\/de\/wp-json\/wp\/v2\/users\/4"}],"replies":[{"embeddable":true,"href":"https:\/\/encounters-magazine.com\/de\/wp-json\/wp\/v2\/comments?post=1281"}],"version-history":[{"count":1,"href":"https:\/\/encounters-magazine.com\/de\/wp-json\/wp\/v2\/pages\/1281\/revisions"}],"predecessor-version":[{"id":1282,"href":"https:\/\/encounters-magazine.com\/de\/wp-json\/wp\/v2\/pages\/1281\/revisions\/1282"}],"up":[{"embeddable":true,"href":"https:\/\/encounters-magazine.com\/de\/wp-json\/wp\/v2\/pages\/182"}],"wp:featuredmedia":[{"embeddable":true,"href":"https:\/\/encounters-magazine.com\/de\/wp-json\/wp\/v2\/media\/225"}],"wp:attachment":[{"href":"https:\/\/encounters-magazine.com\/de\/wp-json\/wp\/v2\/media?parent=1281"}],"curies":[{"name":"wp","href":"https:\/\/api.w.org\/{rel}","templated":true}]}}