{"id":1278,"date":"2015-04-15T17:43:54","date_gmt":"2015-04-15T17:43:54","guid":{"rendered":"http:\/\/encounters-magazine.com\/de\/?page_id=1278"},"modified":"2015-04-18T08:58:51","modified_gmt":"2015-04-18T06:58:51","slug":"die-schweizer-alpen","status":"publish","type":"page","link":"https:\/\/encounters-magazine.com\/de\/encounters-two\/die-schweizer-alpen\/","title":{"rendered":"Die Schweizer Alpen"},"content":{"rendered":"<p><img loading=\"lazy\" src=\"https:\/\/encounters-magazine.com\/de\/wp-content\/uploads\/sites\/2\/2013\/04\/Alpes-suizos.jpg\" alt=\"Schweizer Alpen\" width=\"661\" height=\"297\" class=\"alignleft size-full wp-image-221\" srcset=\"https:\/\/encounters-magazine.com\/de\/wp-content\/uploads\/sites\/2\/2013\/04\/Alpes-suizos.jpg 661w, https:\/\/encounters-magazine.com\/de\/wp-content\/uploads\/sites\/2\/2013\/04\/Alpes-suizos-300x134.jpg 300w\" sizes=\"(max-width: 661px) 100vw, 661px\" \/><\/p>\n<p>Die Schweizer Alpen erstrecken sich \u00fcber 62,5 Prozent der Schweiz, von der Mitte des Landes bis in den S\u00fcdosten. Fast die H\u00e4lfte des Schweizer Nationalgebiets liegt h\u00f6her als 1.200 Meter und es gibt sogar einige Viertausender. Der wohl bekannteste ist das Matterhorn mit 4.478 Metern. Der h\u00f6chste Gipfel der Schweizer Alpen ist allerdings die Dufourspitze im Monte Rosa Gebirgsmassiv mit 4.634 Metern. 60 Prozent der Einnahmen im Tourismussektor der Schweiz stammen aus dem Alpintourismus.<\/p>\n","protected":false},"excerpt":{"rendered":"<p>Die Schweizer Alpen erstrecken sich \u00fcber 62,5 Prozent der Schweiz, von der Mitte des Landes bis in den S\u00fcdosten. Fast die H\u00e4lfte des Schweizer Nationalgebiets liegt h\u00f6her als 1.200 Meter und es gibt sogar einige Viertausender. Der wohl bekannteste ist das Matterhorn mit 4.478 Metern. Der h\u00f6chste Gipfel der Schweizer Alpen ist allerdings die Dufourspitze [&hellip;]<\/p>\n","protected":false},"author":4,"featured_media":0,"parent":182,"menu_order":0,"comment_status":"open","ping_status":"open","template":"page.php","meta":[],"acf":[],"yoast_head":"<!-- This site is optimized with the Yoast SEO plugin v17.9 - https:\/\/yoast.com\/wordpress\/plugins\/seo\/ -->\n<meta name=\"description\" content=\"Das ENCOUNTERS MAGAZINE von Santacruz International Communication l\u00e4dt Sie ein zu Entdeckungen rund um den Globus: Orte, Menschen und Philosophien.\" \/>\n<meta name=\"robots\" content=\"index, follow, max-snippet:-1, max-image-preview:large, max-video-preview:-1\" \/>\n<link rel=\"canonical\" href=\"https:\/\/encounters-magazine.com\/de\/encounters-two\/die-schweizer-alpen\/\" \/>\n<meta property=\"og:locale\" content=\"de_DE\" \/>\n<meta property=\"og:type\" content=\"article\" \/>\n<meta property=\"og:title\" content=\"Die Schweizer Alpen - ENCOUNTERS MAGAZINE. Santacruz International Communication\" \/>\n<meta property=\"og:description\" content=\"Das ENCOUNTERS MAGAZINE von Santacruz International Communication l\u00e4dt Sie ein zu Entdeckungen rund um den Globus: Orte, Menschen und Philosophien.\" \/>\n<meta property=\"og:url\" content=\"https:\/\/encounters-magazine.com\/de\/encounters-two\/die-schweizer-alpen\/\" \/>\n<meta property=\"og:site_name\" content=\"DE - ENCOUNTERS MAGAZINE\" \/>\n<meta property=\"article:publisher\" content=\"https:\/\/www.facebook.com\/lino.santacruz.5\" \/>\n<meta property=\"article:modified_time\" content=\"2015-04-18T06:58:51+00:00\" \/>\n<meta property=\"og:image\" content=\"http:\/\/encounters-magazine.com\/de\/wp-content\/uploads\/sites\/2\/2013\/04\/Alpes-suizos.jpg\" \/>\n<meta name=\"twitter:card\" content=\"summary\" \/>\n<meta name=\"twitter:site\" content=\"@LinoSantacruz\" \/>\n<script type=\"application\/ld+json\" class=\"yoast-schema-graph\">{\"@context\":\"https:\/\/schema.org\",\"@graph\":[{\"@type\":\"WebSite\",\"@id\":\"https:\/\/encounters-magazine.com\/de\/#website\",\"url\":\"https:\/\/encounters-magazine.com\/de\/\",\"name\":\"DE - ENCOUNTERS MAGAZINE\",\"description\":\"\",\"potentialAction\":[{\"@type\":\"SearchAction\",\"target\":{\"@type\":\"EntryPoint\",\"urlTemplate\":\"https:\/\/encounters-magazine.com\/de\/?s={search_term_string}\"},\"query-input\":\"required name=search_term_string\"}],\"inLanguage\":\"de\"},{\"@type\":\"ImageObject\",\"@id\":\"https:\/\/encounters-magazine.com\/de\/encounters-two\/die-schweizer-alpen\/#primaryimage\",\"inLanguage\":\"de\",\"url\":\"http:\/\/encounters-magazine.com\/de\/wp-content\/uploads\/sites\/2\/2013\/04\/Alpes-suizos.jpg\",\"contentUrl\":\"http:\/\/encounters-magazine.com\/de\/wp-content\/uploads\/sites\/2\/2013\/04\/Alpes-suizos.jpg\"},{\"@type\":\"WebPage\",\"@id\":\"https:\/\/encounters-magazine.com\/de\/encounters-two\/die-schweizer-alpen\/#webpage\",\"url\":\"https:\/\/encounters-magazine.com\/de\/encounters-two\/die-schweizer-alpen\/\",\"name\":\"Die Schweizer Alpen - ENCOUNTERS MAGAZINE. Santacruz International Communication\",\"isPartOf\":{\"@id\":\"https:\/\/encounters-magazine.com\/de\/#website\"},\"primaryImageOfPage\":{\"@id\":\"https:\/\/encounters-magazine.com\/de\/encounters-two\/die-schweizer-alpen\/#primaryimage\"},\"datePublished\":\"2015-04-15T17:43:54+00:00\",\"dateModified\":\"2015-04-18T06:58:51+00:00\",\"description\":\"Das ENCOUNTERS MAGAZINE von Santacruz International Communication l\\u00e4dt Sie ein zu Entdeckungen rund um den Globus: Orte, Menschen und Philosophien.\",\"breadcrumb\":{\"@id\":\"https:\/\/encounters-magazine.com\/de\/encounters-two\/die-schweizer-alpen\/#breadcrumb\"},\"inLanguage\":\"de\",\"potentialAction\":[{\"@type\":\"ReadAction\",\"target\":[\"https:\/\/encounters-magazine.com\/de\/encounters-two\/die-schweizer-alpen\/\"]}]},{\"@type\":\"BreadcrumbList\",\"@id\":\"https:\/\/encounters-magazine.com\/de\/encounters-two\/die-schweizer-alpen\/#breadcrumb\",\"itemListElement\":[{\"@type\":\"ListItem\",\"position\":1,\"name\":\"Startseite\",\"item\":\"https:\/\/encounters-magazine.com\/de\/\"},{\"@type\":\"ListItem\",\"position\":2,\"name\":\"Encounters Two\",\"item\":\"https:\/\/encounters-magazine.com\/de\/encounters-two\/\"},{\"@type\":\"ListItem\",\"position\":3,\"name\":\"Die Schweizer Alpen\"}]}]}<\/script>\n<!-- \/ Yoast SEO plugin. -->","yoast_head_json":{"description":"Das ENCOUNTERS MAGAZINE von Santacruz International Communication l\u00e4dt Sie ein zu Entdeckungen rund um den Globus: Orte, Menschen und Philosophien.","robots":{"index":"index","follow":"follow","max-snippet":"max-snippet:-1","max-image-preview":"max-image-preview:large","max-video-preview":"max-video-preview:-1"},"canonical":"https:\/\/encounters-magazine.com\/de\/encounters-two\/die-schweizer-alpen\/","og_locale":"de_DE","og_type":"article","og_title":"Die Schweizer Alpen - ENCOUNTERS MAGAZINE. Santacruz International Communication","og_description":"Das ENCOUNTERS MAGAZINE von Santacruz International Communication l\u00e4dt Sie ein zu Entdeckungen rund um den Globus: Orte, Menschen und Philosophien.","og_url":"https:\/\/encounters-magazine.com\/de\/encounters-two\/die-schweizer-alpen\/","og_site_name":"DE - ENCOUNTERS MAGAZINE","article_publisher":"https:\/\/www.facebook.com\/lino.santacruz.5","article_modified_time":"2015-04-18T06:58:51+00:00","og_image":[{"url":"http:\/\/encounters-magazine.com\/de\/wp-content\/uploads\/sites\/2\/2013\/04\/Alpes-suizos.jpg"}],"twitter_card":"summary","twitter_site":"@LinoSantacruz","schema":{"@context":"https:\/\/schema.org","@graph":[{"@type":"WebSite","@id":"https:\/\/encounters-magazine.com\/de\/#website","url":"https:\/\/encounters-magazine.com\/de\/","name":"DE - ENCOUNTERS MAGAZINE","description":"","potentialAction":[{"@type":"SearchAction","target":{"@type":"EntryPoint","urlTemplate":"https:\/\/encounters-magazine.com\/de\/?s={search_term_string}"},"query-input":"required name=search_term_string"}],"inLanguage":"de"},{"@type":"ImageObject","@id":"https:\/\/encounters-magazine.com\/de\/encounters-two\/die-schweizer-alpen\/#primaryimage","inLanguage":"de","url":"http:\/\/encounters-magazine.com\/de\/wp-content\/uploads\/sites\/2\/2013\/04\/Alpes-suizos.jpg","contentUrl":"http:\/\/encounters-magazine.com\/de\/wp-content\/uploads\/sites\/2\/2013\/04\/Alpes-suizos.jpg"},{"@type":"WebPage","@id":"https:\/\/encounters-magazine.com\/de\/encounters-two\/die-schweizer-alpen\/#webpage","url":"https:\/\/encounters-magazine.com\/de\/encounters-two\/die-schweizer-alpen\/","name":"Die Schweizer Alpen - ENCOUNTERS MAGAZINE. Santacruz International Communication","isPartOf":{"@id":"https:\/\/encounters-magazine.com\/de\/#website"},"primaryImageOfPage":{"@id":"https:\/\/encounters-magazine.com\/de\/encounters-two\/die-schweizer-alpen\/#primaryimage"},"datePublished":"2015-04-15T17:43:54+00:00","dateModified":"2015-04-18T06:58:51+00:00","description":"Das ENCOUNTERS MAGAZINE von Santacruz International Communication l\u00e4dt Sie ein zu Entdeckungen rund um den Globus: Orte, Menschen und Philosophien.","breadcrumb":{"@id":"https:\/\/encounters-magazine.com\/de\/encounters-two\/die-schweizer-alpen\/#breadcrumb"},"inLanguage":"de","potentialAction":[{"@type":"ReadAction","target":["https:\/\/encounters-magazine.com\/de\/encounters-two\/die-schweizer-alpen\/"]}]},{"@type":"BreadcrumbList","@id":"https:\/\/encounters-magazine.com\/de\/encounters-two\/die-schweizer-alpen\/#breadcrumb","itemListElement":[{"@type":"ListItem","position":1,"name":"Startseite","item":"https:\/\/encounters-magazine.com\/de\/"},{"@type":"ListItem","position":2,"name":"Encounters Two","item":"https:\/\/encounters-magazine.com\/de\/encounters-two\/"},{"@type":"ListItem","position":3,"name":"Die Schweizer Alpen"}]}]}},"_links":{"self":[{"href":"https:\/\/encounters-magazine.com\/de\/wp-json\/wp\/v2\/pages\/1278"}],"collection":[{"href":"https:\/\/encounters-magazine.com\/de\/wp-json\/wp\/v2\/pages"}],"about":[{"href":"https:\/\/encounters-magazine.com\/de\/wp-json\/wp\/v2\/types\/page"}],"author":[{"embeddable":true,"href":"https:\/\/encounters-magazine.com\/de\/wp-json\/wp\/v2\/users\/4"}],"replies":[{"embeddable":true,"href":"https:\/\/encounters-magazine.com\/de\/wp-json\/wp\/v2\/comments?post=1278"}],"version-history":[{"count":2,"href":"https:\/\/encounters-magazine.com\/de\/wp-json\/wp\/v2\/pages\/1278\/revisions"}],"predecessor-version":[{"id":1280,"href":"https:\/\/encounters-magazine.com\/de\/wp-json\/wp\/v2\/pages\/1278\/revisions\/1280"}],"up":[{"embeddable":true,"href":"https:\/\/encounters-magazine.com\/de\/wp-json\/wp\/v2\/pages\/182"}],"wp:attachment":[{"href":"https:\/\/encounters-magazine.com\/de\/wp-json\/wp\/v2\/media?parent=1278"}],"curies":[{"name":"wp","href":"https:\/\/api.w.org\/{rel}","templated":true}]}}