{"id":1262,"date":"2015-04-15T17:24:15","date_gmt":"2015-04-15T17:24:15","guid":{"rendered":"http:\/\/encounters-magazine.com\/de\/?page_id=1262"},"modified":"2015-04-18T08:53:32","modified_gmt":"2015-04-18T06:53:32","slug":"warum-in-die-ferne-schweifen","status":"publish","type":"page","link":"https:\/\/encounters-magazine.com\/de\/encounters-one\/warum-in-die-ferne-schweifen\/","title":{"rendered":"Warum in die Ferne schweifen?"},"content":{"rendered":"<p>Als Ingenieur bin ich es gew\u00f6hnt, Fragestellungen so zu beantworten, indem ich mit der Definition der Elemente der Frage beginne. Dies erkl\u00e4rt die Bedeutung meiner Sprache und erleichtert ungemein das Auffinden von m\u00f6glichen Antworten.<\/p>\n<p>Was ist die Welt? Ich bezeichne als Welt hier in diesem Kontext als alle wahrnehmbaren Ph\u00e4nomene, also die Objekte meines wahrnehmenden Geistes, der sich zusammensetzt aus dem Seh-, H\u00f6r-, Geruchs-, Geschmacks- und Tastsinn zuz\u00fcglich dem mentalen Bewusstsein.<\/p>\n<p>Was ist \u201ebesser\u201c? Nun, ist man Optimist, ist \u201ebesser\u201c der Komparativ des Adjektivs \u201egut\u201c. Ist man Pessimist, ist es sogar der Komparativ des Adjektivs \u201eschlecht\u201c. Ob meine aktuelle Welt nun gut oder schlecht ist, h\u00e4ngt nur von meinem aktuellen Geist ab. Es ist eine blo\u00dfe Zuschreibung. Und mit schnellen zuschreibenden Bewertungen bin ich \u2013 wie viele andere auch \u2013 Meister der Perfektion. Ich finde quasi sofort eine Bewertung, ohne zu ahnen, dass andere Menschen gegenteilige Zuschreibungen finden k\u00f6nnten. Noch schlimmer, ich bin sogar oft der Meinung, das meine Zuschreibung die einzig g\u00fcltige ist.<\/p>\n<p>Was ist verbessern? Damit meint man wohl eine Handlung, die einen gegebenen Zustand so ab\u00e4ndert, dass er als qualitativ wertvoller, als sch\u00f6ner, angenehmer, gl\u00fccklicher, friedvoller, freudvoller usw. empfunden wird. Und damit bin ich bei Empfindungen. Angenehme Empfindungen sind Gl\u00fcck, unangenehme Empfindungen sind Leid, neutrale Empfindungen m\u00fcnden in Unwissenheit. Die Ursache f\u00fcr meine Empfindungen liegt in meinem vorherigen Handeln. Handle ich nicht hilfreich, werde ich unangenehm empfinden, handle ich hilfreich, werde ich Gl\u00fcck empfinden. Wie die Welt da drau\u00dfen wirklich ist, bedingt nur beitragend mein Gl\u00fcck aber nicht substanziell.<\/p>\n<p>Was ist tun? Damit meine ich Handlungen auf den drei Ebenen K\u00f6rper, Sprache und Geist. Es gibt hilfreiche, nicht hilfreiche und neutrale Handlungen.<\/p>\n<p>Was sind \u00c4nderungen? Genau analysiert sind \u00c4nderungen weder real noch m\u00f6glich. Zust\u00e4nde wechseln sich einander ab, in jedem Moment beginnt ein neuer Zustand, weil die Bedingungen f\u00fcr ihn erf\u00fcllt sind und eine sehr kurze Weile sp\u00e4ter h\u00f6rt dieser Zustand auf zu existieren und wird durch den ihn folgenden abgel\u00f6st. Und es sind unz\u00e4hlige Bedingungen, die allermeisten liegen nicht in meiner Hand. Zust\u00e4nde ist nicht von Dauer, sie sind verg\u00e4nglich, wie alle zusammengesetzten Dinge es sind. In diesem Sinne gibt es keine Ver\u00e4nderungen, weil es Ver\u00e4nderungen in dem Sinne gibt, wenn man von neuen Zust\u00e4nden spricht. Hei\u00dft das etwa, ich kann nichts tun? Oh, das ist ein falscher Schluss in Richtung eines Extremes. Ich kann den unmittelbar jetzigen Zustand nicht \u00e4ndern, aber mein Handeln schafft die n\u00e4chste Zukunft. Das einzige, was ich kontrollieren und z\u00e4hmen kann, sind die Absichten meiner Handlungen, die festlegen, ob ich die Welt als angenehm oder unangenehm empfinden werde.<\/p>\n<p>Meine Handlungsanweisungen f\u00fcr MICH und MEINE bessere Welt sind also:<\/p>\n<ul>\n<li>sei mit den Ver\u00e4nderungen und sei die Ver\u00e4nderung selbst<\/li>\n<li>erlange Weisheit dar\u00fcber, welche Handlungen hilfreich sind und welche nicht<\/li>\n<li>\u00fcbe Dich in Gleichmut, der frei ist von extremen Erkl\u00e4rungsmodellen<\/li>\n<li>mach Dich frei von den falschen Vorstellungen Deines \u201eSelbst\u201c, welches abgetrennt ist von anderen, welches in \u00fcbertriebenem Ma\u00dfe Schutze bedarf, welches Du komplett \u00fcberbewertest, welches solide, unabh\u00e4ngig und unver\u00e4nderlich ist<\/li>\n<li>h\u00f6r auf gl\u00fccklich zu werden, sondern sei gl\u00fccklich<\/li>\n<li>\u00fcbe Dich in weisem Egoismus, denn der wahre Egoist f\u00fcgt anderem nie Schaden zu aus dem Wissen heraus, dass wahrer Altruismus seinen eigenen Schaden verhindert.<\/li>\n<\/ul>\n<p>Auf dass MEINE bessere Welt anderen hilfreich zuteil werde.<\/p>\n<blockquote><p>Ren\u00e9 Meinhardt, Chemieingenieur. In einer Firma t\u00e4tig, die Batterien f\u00fcr Industrie- und Photovoltaikanwendungen produziert und weltweit vermarktet. Geboren am 13.03.1975 in Zittau, fr\u00fcher DDR, heute Freistaat Sachsen.<\/p><\/blockquote>\n","protected":false},"excerpt":{"rendered":"<p>Als Ingenieur bin ich es gew\u00f6hnt, Fragestellungen so zu beantworten, indem ich mit der Definition der Elemente der Frage beginne. Dies erkl\u00e4rt die Bedeutung meiner Sprache und erleichtert ungemein das Auffinden von m\u00f6glichen Antworten. Was ist die Welt? Ich bezeichne als Welt hier in diesem Kontext als alle wahrnehmbaren Ph\u00e4nomene, also die Objekte meines wahrnehmenden [&hellip;]<\/p>\n","protected":false},"author":4,"featured_media":67,"parent":1248,"menu_order":4,"comment_status":"open","ping_status":"open","template":"page.php","meta":[],"acf":[],"yoast_head":"<!-- This site is optimized with the Yoast SEO plugin v17.9 - https:\/\/yoast.com\/wordpress\/plugins\/seo\/ -->\n<meta name=\"description\" content=\"Das ENCOUNTERS MAGAZINE von Santacruz International Communication l\u00e4dt Sie ein zu Entdeckungen rund um den Globus: Orte, Menschen und Philosophien.\" \/>\n<meta name=\"robots\" content=\"index, follow, max-snippet:-1, max-image-preview:large, max-video-preview:-1\" \/>\n<link rel=\"canonical\" href=\"https:\/\/encounters-magazine.com\/de\/encounters-one\/warum-in-die-ferne-schweifen\/\" \/>\n<meta property=\"og:locale\" content=\"de_DE\" \/>\n<meta property=\"og:type\" content=\"article\" \/>\n<meta property=\"og:title\" content=\"Warum in die Ferne schweifen? - ENCOUNTERS MAGAZINE. Santacruz International Communication\" \/>\n<meta property=\"og:description\" content=\"Das ENCOUNTERS MAGAZINE von Santacruz International Communication l\u00e4dt Sie ein zu Entdeckungen rund um den Globus: Orte, Menschen und Philosophien.\" \/>\n<meta property=\"og:url\" content=\"https:\/\/encounters-magazine.com\/de\/encounters-one\/warum-in-die-ferne-schweifen\/\" \/>\n<meta property=\"og:site_name\" content=\"DE - ENCOUNTERS MAGAZINE\" \/>\n<meta property=\"article:publisher\" content=\"https:\/\/www.facebook.com\/lino.santacruz.5\" \/>\n<meta property=\"article:modified_time\" content=\"2015-04-18T06:53:32+00:00\" \/>\n<meta property=\"og:image\" content=\"https:\/\/encounters-magazine.com\/de\/wp-content\/uploads\/sites\/2\/2013\/03\/Meinhardt_Portrait1.jpg\" \/>\n\t<meta property=\"og:image:width\" content=\"87\" \/>\n\t<meta property=\"og:image:height\" content=\"80\" \/>\n\t<meta property=\"og:image:type\" content=\"image\/jpeg\" \/>\n<meta name=\"twitter:card\" content=\"summary\" \/>\n<meta name=\"twitter:site\" content=\"@LinoSantacruz\" \/>\n<meta name=\"twitter:label1\" content=\"Gesch\u00e4tzte Lesezeit\" \/>\n\t<meta name=\"twitter:data1\" content=\"3\u00a0Minuten\" \/>\n<script type=\"application\/ld+json\" class=\"yoast-schema-graph\">{\"@context\":\"https:\/\/schema.org\",\"@graph\":[{\"@type\":\"WebSite\",\"@id\":\"https:\/\/encounters-magazine.com\/de\/#website\",\"url\":\"https:\/\/encounters-magazine.com\/de\/\",\"name\":\"DE - ENCOUNTERS MAGAZINE\",\"description\":\"\",\"potentialAction\":[{\"@type\":\"SearchAction\",\"target\":{\"@type\":\"EntryPoint\",\"urlTemplate\":\"https:\/\/encounters-magazine.com\/de\/?s={search_term_string}\"},\"query-input\":\"required name=search_term_string\"}],\"inLanguage\":\"de\"},{\"@type\":\"ImageObject\",\"@id\":\"https:\/\/encounters-magazine.com\/de\/encounters-one\/warum-in-die-ferne-schweifen\/#primaryimage\",\"inLanguage\":\"de\",\"url\":\"https:\/\/encounters-magazine.com\/de\/wp-content\/uploads\/sites\/2\/2013\/03\/Meinhardt_Portrait1.jpg\",\"contentUrl\":\"https:\/\/encounters-magazine.com\/de\/wp-content\/uploads\/sites\/2\/2013\/03\/Meinhardt_Portrait1.jpg\",\"width\":87,\"height\":80},{\"@type\":\"WebPage\",\"@id\":\"https:\/\/encounters-magazine.com\/de\/encounters-one\/warum-in-die-ferne-schweifen\/#webpage\",\"url\":\"https:\/\/encounters-magazine.com\/de\/encounters-one\/warum-in-die-ferne-schweifen\/\",\"name\":\"Warum in die Ferne schweifen? - ENCOUNTERS MAGAZINE. Santacruz International Communication\",\"isPartOf\":{\"@id\":\"https:\/\/encounters-magazine.com\/de\/#website\"},\"primaryImageOfPage\":{\"@id\":\"https:\/\/encounters-magazine.com\/de\/encounters-one\/warum-in-die-ferne-schweifen\/#primaryimage\"},\"datePublished\":\"2015-04-15T17:24:15+00:00\",\"dateModified\":\"2015-04-18T06:53:32+00:00\",\"description\":\"Das ENCOUNTERS MAGAZINE von Santacruz International Communication l\\u00e4dt Sie ein zu Entdeckungen rund um den Globus: Orte, Menschen und Philosophien.\",\"breadcrumb\":{\"@id\":\"https:\/\/encounters-magazine.com\/de\/encounters-one\/warum-in-die-ferne-schweifen\/#breadcrumb\"},\"inLanguage\":\"de\",\"potentialAction\":[{\"@type\":\"ReadAction\",\"target\":[\"https:\/\/encounters-magazine.com\/de\/encounters-one\/warum-in-die-ferne-schweifen\/\"]}]},{\"@type\":\"BreadcrumbList\",\"@id\":\"https:\/\/encounters-magazine.com\/de\/encounters-one\/warum-in-die-ferne-schweifen\/#breadcrumb\",\"itemListElement\":[{\"@type\":\"ListItem\",\"position\":1,\"name\":\"Startseite\",\"item\":\"https:\/\/encounters-magazine.com\/de\/\"},{\"@type\":\"ListItem\",\"position\":2,\"name\":\"Encounters One\",\"item\":\"https:\/\/encounters-magazine.com\/de\/encounters-one\/\"},{\"@type\":\"ListItem\",\"position\":3,\"name\":\"Warum in die Ferne schweifen?\"}]}]}<\/script>\n<!-- \/ Yoast SEO plugin. -->","yoast_head_json":{"description":"Das ENCOUNTERS MAGAZINE von Santacruz International Communication l\u00e4dt Sie ein zu Entdeckungen rund um den Globus: Orte, Menschen und Philosophien.","robots":{"index":"index","follow":"follow","max-snippet":"max-snippet:-1","max-image-preview":"max-image-preview:large","max-video-preview":"max-video-preview:-1"},"canonical":"https:\/\/encounters-magazine.com\/de\/encounters-one\/warum-in-die-ferne-schweifen\/","og_locale":"de_DE","og_type":"article","og_title":"Warum in die Ferne schweifen? - ENCOUNTERS MAGAZINE. Santacruz International Communication","og_description":"Das ENCOUNTERS MAGAZINE von Santacruz International Communication l\u00e4dt Sie ein zu Entdeckungen rund um den Globus: Orte, Menschen und Philosophien.","og_url":"https:\/\/encounters-magazine.com\/de\/encounters-one\/warum-in-die-ferne-schweifen\/","og_site_name":"DE - ENCOUNTERS MAGAZINE","article_publisher":"https:\/\/www.facebook.com\/lino.santacruz.5","article_modified_time":"2015-04-18T06:53:32+00:00","og_image":[{"width":87,"height":80,"url":"https:\/\/encounters-magazine.com\/de\/wp-content\/uploads\/sites\/2\/2013\/03\/Meinhardt_Portrait1.jpg","type":"image\/jpeg"}],"twitter_card":"summary","twitter_site":"@LinoSantacruz","twitter_misc":{"Gesch\u00e4tzte Lesezeit":"3\u00a0Minuten"},"schema":{"@context":"https:\/\/schema.org","@graph":[{"@type":"WebSite","@id":"https:\/\/encounters-magazine.com\/de\/#website","url":"https:\/\/encounters-magazine.com\/de\/","name":"DE - ENCOUNTERS MAGAZINE","description":"","potentialAction":[{"@type":"SearchAction","target":{"@type":"EntryPoint","urlTemplate":"https:\/\/encounters-magazine.com\/de\/?s={search_term_string}"},"query-input":"required name=search_term_string"}],"inLanguage":"de"},{"@type":"ImageObject","@id":"https:\/\/encounters-magazine.com\/de\/encounters-one\/warum-in-die-ferne-schweifen\/#primaryimage","inLanguage":"de","url":"https:\/\/encounters-magazine.com\/de\/wp-content\/uploads\/sites\/2\/2013\/03\/Meinhardt_Portrait1.jpg","contentUrl":"https:\/\/encounters-magazine.com\/de\/wp-content\/uploads\/sites\/2\/2013\/03\/Meinhardt_Portrait1.jpg","width":87,"height":80},{"@type":"WebPage","@id":"https:\/\/encounters-magazine.com\/de\/encounters-one\/warum-in-die-ferne-schweifen\/#webpage","url":"https:\/\/encounters-magazine.com\/de\/encounters-one\/warum-in-die-ferne-schweifen\/","name":"Warum in die Ferne schweifen? - ENCOUNTERS MAGAZINE. Santacruz International Communication","isPartOf":{"@id":"https:\/\/encounters-magazine.com\/de\/#website"},"primaryImageOfPage":{"@id":"https:\/\/encounters-magazine.com\/de\/encounters-one\/warum-in-die-ferne-schweifen\/#primaryimage"},"datePublished":"2015-04-15T17:24:15+00:00","dateModified":"2015-04-18T06:53:32+00:00","description":"Das ENCOUNTERS MAGAZINE von Santacruz International Communication l\u00e4dt Sie ein zu Entdeckungen rund um den Globus: Orte, Menschen und Philosophien.","breadcrumb":{"@id":"https:\/\/encounters-magazine.com\/de\/encounters-one\/warum-in-die-ferne-schweifen\/#breadcrumb"},"inLanguage":"de","potentialAction":[{"@type":"ReadAction","target":["https:\/\/encounters-magazine.com\/de\/encounters-one\/warum-in-die-ferne-schweifen\/"]}]},{"@type":"BreadcrumbList","@id":"https:\/\/encounters-magazine.com\/de\/encounters-one\/warum-in-die-ferne-schweifen\/#breadcrumb","itemListElement":[{"@type":"ListItem","position":1,"name":"Startseite","item":"https:\/\/encounters-magazine.com\/de\/"},{"@type":"ListItem","position":2,"name":"Encounters One","item":"https:\/\/encounters-magazine.com\/de\/encounters-one\/"},{"@type":"ListItem","position":3,"name":"Warum in die Ferne schweifen?"}]}]}},"_links":{"self":[{"href":"https:\/\/encounters-magazine.com\/de\/wp-json\/wp\/v2\/pages\/1262"}],"collection":[{"href":"https:\/\/encounters-magazine.com\/de\/wp-json\/wp\/v2\/pages"}],"about":[{"href":"https:\/\/encounters-magazine.com\/de\/wp-json\/wp\/v2\/types\/page"}],"author":[{"embeddable":true,"href":"https:\/\/encounters-magazine.com\/de\/wp-json\/wp\/v2\/users\/4"}],"replies":[{"embeddable":true,"href":"https:\/\/encounters-magazine.com\/de\/wp-json\/wp\/v2\/comments?post=1262"}],"version-history":[{"count":4,"href":"https:\/\/encounters-magazine.com\/de\/wp-json\/wp\/v2\/pages\/1262\/revisions"}],"predecessor-version":[{"id":1371,"href":"https:\/\/encounters-magazine.com\/de\/wp-json\/wp\/v2\/pages\/1262\/revisions\/1371"}],"up":[{"embeddable":true,"href":"https:\/\/encounters-magazine.com\/de\/wp-json\/wp\/v2\/pages\/1248"}],"wp:featuredmedia":[{"embeddable":true,"href":"https:\/\/encounters-magazine.com\/de\/wp-json\/wp\/v2\/media\/67"}],"wp:attachment":[{"href":"https:\/\/encounters-magazine.com\/de\/wp-json\/wp\/v2\/media?parent=1262"}],"curies":[{"name":"wp","href":"https:\/\/api.w.org\/{rel}","templated":true}]}}