{"id":1260,"date":"2015-04-15T17:21:55","date_gmt":"2015-04-15T17:21:55","guid":{"rendered":"http:\/\/encounters-magazine.com\/de\/?page_id=1260"},"modified":"2015-04-18T08:53:06","modified_gmt":"2015-04-18T06:53:06","slug":"durch-yoga-auf-dem-weg-der-liebe","status":"publish","type":"page","link":"https:\/\/encounters-magazine.com\/de\/encounters-one\/durch-yoga-auf-dem-weg-der-liebe\/","title":{"rendered":"Durch Yoga auf dem Weg der Liebe"},"content":{"rendered":"<p><img loading=\"lazy\" src=\"https:\/\/encounters-magazine.com\/de\/wp-content\/uploads\/sites\/2\/2013\/03\/Martinez_Bild1.jpg\" alt=\"Martinez_Bild\" width=\"507\" height=\"426\" class=\"alignnone size-full wp-image-60\" srcset=\"https:\/\/encounters-magazine.com\/de\/wp-content\/uploads\/sites\/2\/2013\/03\/Martinez_Bild1.jpg 507w, https:\/\/encounters-magazine.com\/de\/wp-content\/uploads\/sites\/2\/2013\/03\/Martinez_Bild1-300x252.jpg 300w\" sizes=\"(max-width: 507px) 100vw, 507px\" \/><\/p>\n<p>Mich hat die reine Neugier zum Yoga gef\u00fchrt. In meiner Heimat, Mexiko, habe ich zum ersten Mal eine ber\u00fchmte Schauspielerin, die Yoga praktizierte, von dieser jahrtausendealten Disziplin hinduistischen Ursprungs sprechen h\u00f6ren. Damals habe ich Yoga immer mit etwas Mystischem verbunden.<\/p>\n<p>Viele Jahre hatte ich beruflich in der Medienbranche zu tun. Nach einer Zeit beim mexikanischen Fernsehen f\u00fchrte mich das Schicksal nach New York, wo ich 13 Jahre lebte. F\u00fcr MTV Latino arbeitete ich als \u00dcbersetzerin und Sprecherin. Erst nachdem ich bei MTV gek\u00fcndigt hatte, fand ich Zeit f\u00fcr meine ersten Yoga-Stunden.<\/p>\n<p>Nach einem Jahr Yoga beschloss ich 1998, meine Praxis zu vertiefen und an einem Training in einem der bekanntesten New Yorker Aschrams teilzunehmen. Als solchen traditionellen Ort des spirituellen R\u00fcckzugs w\u00e4hlte ich das \u201eIntegral Hatha Yoga\u201c. Im Gegensatz zu meinem Weg beim Fernsehen, liefen die Dinge beim Yoga f\u00fcr mich von Anfang an flie\u00dfend. Schon eine Woche nach Beendigung der Ausbildung begann ich zu unterrichten. F\u00fcr die Gef\u00fchle, die mich bei meiner ersten Stunde als Lehrerin \u00fcberkamen, finde ich kaum Worte. Gut, vielleicht nicht viele Worte, aber eines doch: LIEBE.<\/p>\n<p>Trotz meines gro\u00dfen Interesses an den Medien und diversen beruflichen Projekten, die ich in diesem Bereich in Angriff genommen habe, konnte ich nie zuvor eine solch gro\u00dfe Liebe zu meiner Arbeit empfinden. Obwohl ich auch dort immer mit Leidenschaft bei der Sache war, muss ich zugeben, dass ich bei meiner Arbeit in der Medienbranche stets an mich selbst gedacht habe und an das, was ich erreichen wollte. Beim Yoga war und ist es genau umgekehrt: Es ging nie um mich, sondern vielmehr um die Menschen, die zu meinem Unterricht kommen. Mein Bewusstsein wird kaum von meinem Ego bestimmt; es ist geradezu, als w\u00fcrde das Ego beim Betreten des Yogaraums automatisch abgeschaltet und mein Bewusstsein auf jeden einzelnen meiner Sch\u00fcler gelenkt, auf seine Bed\u00fcrfnisse, das, was er mir durch seine Praxis mitteilt, und auf die Dynamik, die sich innerhalb einer jeden Gruppe entwickelt.<\/p>\n<p>Genau das liebe ich am meisten an meiner Arbeit, sofern man \u00fcberhaupt als Arbeit bezeichnen kann, was einem so viel Vergn\u00fcgen bereitet. Es geht mir einzig und allein darum, meinen Sch\u00fclern zu dienen und mit ihnen die uralte Praxis des Yoga und seine bedeutenden Lehren zu teilen. Sie geh\u00f6ren f\u00fcr mich zu den wirksamsten Mitteln, die uns heute zur Verf\u00fcgung stehen, um unser Bewusstsein zu erweitern, uns selbst tats\u00e4chlich kennen zu lernen und sowohl auf physischer als auch auf mentaler und spiritueller Ebene ein erf\u00fclltes und ges\u00fcnderes Leben zu f\u00fchren.<\/p>\n<p>Ich hatte das gro\u00dfe Gl\u00fcck, von wirklichen Meistern zu lernen: Shri K Pattabhi Jois und Sharath Jois. Guriji Pattabhi Jois ist der Begr\u00fcnder des Ashtanga-Yoga-Systems, sein Enkel Sharath setzt das Werk des Gro\u00dfvaters nach dessen Tod fort. Ashtanga ist ein System von Abfolgen bestimmter K\u00f6rperstellungen, Asanas, die in Verbindung mit der Atmung die Reinigung des K\u00f6rpers f\u00f6rdern. Man unterscheidet sechs Schwierigkeitsgrade, wobei die schwierigen Abfolgen nur von wenigen Lehrern auf der Welt unterrichtet werden d\u00fcrfen. Es ist f\u00fcr mich eine gro\u00dfe Ehre, die einzige Frau in Mexiko zu sein, die von der Schule von Pattabhi und Sharath Jois im indischen Mysore autorisiert ist, die zweite Ashtanga-Serie zu unterrichten.<\/p>\n<p>Mit der Absicht, die traditionelle Ashtanga-Lehre  weiter zu verbreiten, habe ich das bis heute von mir geleitete Ashtanga Yoga Mexico Institute gegr\u00fcndet. Von hier aus hat sich ein gro\u00dfes Netzwerk f\u00fcr Yoga-Workshops, Kurse und Ideen- und Erfahrungsaustausch zwischen Menschen verschiedener Nationalit\u00e4ten, Religionen, Altersgruppen und Berufe entwickelt, die das Interesse an der Yogapraxis teilen und diese als Werkzeug zur umfassenden Verbesserung ihrer Lebensqualit\u00e4t und ihres Umfelds verstehen. Abgesehen von den zahlreichen Wohltaten, die mir meine pers\u00f6nliche Praxis bereitet, hat mich das Ashtanga-Yoga zum Reisen gebracht: Ich habe meine \u00dcbungen mit Menschen in New York, Miami, Philadelphia, Texas, Frankfurt, Peru, Israel und nat\u00fcrlich in Mexiko geteilt.<\/p>\n<p>Zum Abschluss m\u00f6chte ich sagen, dass der Herzschmerz, der mich \u00fcberkam, als ich bei MTV gek\u00fcndigt habe, mich schlie\u00dflich zu meiner gr\u00f6\u00dften Liebe gef\u00fchrt hat. <\/p>\n<blockquote><p>Olivia Mart\u00ednez wurde am 05. Oktober 1969 in Mexiko-Stadt geboren. Inzwischen lebt sie in Saltillo im mexikanischen Bundesstaat Coahuila. Sie ist Yogalehrerin und leitet das Ashtanga Yoga M\u00e9xico Institute (<a href=\"http:\/\/www.ashtangayogamexico.com\" target=\"_blank\">www.ashtangayogamexico.com<\/a>).<\/p><\/blockquote>\n","protected":false},"excerpt":{"rendered":"<p>Mich hat die reine Neugier zum Yoga gef\u00fchrt. In meiner Heimat, Mexiko, habe ich zum ersten Mal eine ber\u00fchmte Schauspielerin, die Yoga praktizierte, von dieser jahrtausendealten Disziplin hinduistischen Ursprungs sprechen h\u00f6ren. Damals habe ich Yoga immer mit etwas Mystischem verbunden. Viele Jahre hatte ich beruflich in der Medienbranche zu tun. Nach einer Zeit beim mexikanischen [&hellip;]<\/p>\n","protected":false},"author":4,"featured_media":61,"parent":1248,"menu_order":3,"comment_status":"open","ping_status":"open","template":"page.php","meta":[],"acf":[],"yoast_head":"<!-- This site is optimized with the Yoast SEO plugin v17.9 - https:\/\/yoast.com\/wordpress\/plugins\/seo\/ -->\n<meta name=\"description\" content=\"Das ENCOUNTERS MAGAZINE von Santacruz International Communication l\u00e4dt Sie ein zu Entdeckungen rund um den Globus: Orte, Menschen und Philosophien.\" \/>\n<meta name=\"robots\" content=\"index, follow, max-snippet:-1, max-image-preview:large, max-video-preview:-1\" \/>\n<link rel=\"canonical\" href=\"https:\/\/encounters-magazine.com\/de\/encounters-one\/durch-yoga-auf-dem-weg-der-liebe\/\" \/>\n<meta property=\"og:locale\" content=\"de_DE\" \/>\n<meta property=\"og:type\" content=\"article\" \/>\n<meta property=\"og:title\" content=\"Durch Yoga auf dem Weg der Liebe - ENCOUNTERS MAGAZINE. Santacruz International Communication\" \/>\n<meta property=\"og:description\" content=\"Das ENCOUNTERS MAGAZINE von Santacruz International Communication l\u00e4dt Sie ein zu Entdeckungen rund um den Globus: Orte, Menschen und Philosophien.\" \/>\n<meta property=\"og:url\" content=\"https:\/\/encounters-magazine.com\/de\/encounters-one\/durch-yoga-auf-dem-weg-der-liebe\/\" \/>\n<meta property=\"og:site_name\" content=\"DE - ENCOUNTERS MAGAZINE\" \/>\n<meta property=\"article:publisher\" content=\"https:\/\/www.facebook.com\/lino.santacruz.5\" \/>\n<meta property=\"article:modified_time\" content=\"2015-04-18T06:53:06+00:00\" \/>\n<meta property=\"og:image\" content=\"https:\/\/encounters-magazine.com\/de\/wp-content\/uploads\/sites\/2\/2013\/03\/Martinez_Portrait1.jpg\" \/>\n\t<meta property=\"og:image:width\" content=\"82\" \/>\n\t<meta property=\"og:image:height\" content=\"80\" \/>\n\t<meta property=\"og:image:type\" content=\"image\/jpeg\" \/>\n<meta name=\"twitter:card\" content=\"summary\" \/>\n<meta name=\"twitter:site\" content=\"@LinoSantacruz\" \/>\n<meta name=\"twitter:label1\" content=\"Gesch\u00e4tzte Lesezeit\" \/>\n\t<meta name=\"twitter:data1\" content=\"4\u00a0Minuten\" \/>\n<script type=\"application\/ld+json\" class=\"yoast-schema-graph\">{\"@context\":\"https:\/\/schema.org\",\"@graph\":[{\"@type\":\"WebSite\",\"@id\":\"https:\/\/encounters-magazine.com\/de\/#website\",\"url\":\"https:\/\/encounters-magazine.com\/de\/\",\"name\":\"DE - ENCOUNTERS MAGAZINE\",\"description\":\"\",\"potentialAction\":[{\"@type\":\"SearchAction\",\"target\":{\"@type\":\"EntryPoint\",\"urlTemplate\":\"https:\/\/encounters-magazine.com\/de\/?s={search_term_string}\"},\"query-input\":\"required name=search_term_string\"}],\"inLanguage\":\"de\"},{\"@type\":\"ImageObject\",\"@id\":\"https:\/\/encounters-magazine.com\/de\/encounters-one\/durch-yoga-auf-dem-weg-der-liebe\/#primaryimage\",\"inLanguage\":\"de\",\"url\":\"https:\/\/encounters-magazine.com\/de\/wp-content\/uploads\/sites\/2\/2013\/03\/Martinez_Portrait1.jpg\",\"contentUrl\":\"https:\/\/encounters-magazine.com\/de\/wp-content\/uploads\/sites\/2\/2013\/03\/Martinez_Portrait1.jpg\",\"width\":82,\"height\":80},{\"@type\":\"WebPage\",\"@id\":\"https:\/\/encounters-magazine.com\/de\/encounters-one\/durch-yoga-auf-dem-weg-der-liebe\/#webpage\",\"url\":\"https:\/\/encounters-magazine.com\/de\/encounters-one\/durch-yoga-auf-dem-weg-der-liebe\/\",\"name\":\"Durch Yoga auf dem Weg der Liebe - ENCOUNTERS MAGAZINE. Santacruz International Communication\",\"isPartOf\":{\"@id\":\"https:\/\/encounters-magazine.com\/de\/#website\"},\"primaryImageOfPage\":{\"@id\":\"https:\/\/encounters-magazine.com\/de\/encounters-one\/durch-yoga-auf-dem-weg-der-liebe\/#primaryimage\"},\"datePublished\":\"2015-04-15T17:21:55+00:00\",\"dateModified\":\"2015-04-18T06:53:06+00:00\",\"description\":\"Das ENCOUNTERS MAGAZINE von Santacruz International Communication l\\u00e4dt Sie ein zu Entdeckungen rund um den Globus: Orte, Menschen und Philosophien.\",\"breadcrumb\":{\"@id\":\"https:\/\/encounters-magazine.com\/de\/encounters-one\/durch-yoga-auf-dem-weg-der-liebe\/#breadcrumb\"},\"inLanguage\":\"de\",\"potentialAction\":[{\"@type\":\"ReadAction\",\"target\":[\"https:\/\/encounters-magazine.com\/de\/encounters-one\/durch-yoga-auf-dem-weg-der-liebe\/\"]}]},{\"@type\":\"BreadcrumbList\",\"@id\":\"https:\/\/encounters-magazine.com\/de\/encounters-one\/durch-yoga-auf-dem-weg-der-liebe\/#breadcrumb\",\"itemListElement\":[{\"@type\":\"ListItem\",\"position\":1,\"name\":\"Startseite\",\"item\":\"https:\/\/encounters-magazine.com\/de\/\"},{\"@type\":\"ListItem\",\"position\":2,\"name\":\"Encounters One\",\"item\":\"https:\/\/encounters-magazine.com\/de\/encounters-one\/\"},{\"@type\":\"ListItem\",\"position\":3,\"name\":\"Durch Yoga auf dem Weg der Liebe\"}]}]}<\/script>\n<!-- \/ Yoast SEO plugin. -->","yoast_head_json":{"description":"Das ENCOUNTERS MAGAZINE von Santacruz International Communication l\u00e4dt Sie ein zu Entdeckungen rund um den Globus: Orte, Menschen und Philosophien.","robots":{"index":"index","follow":"follow","max-snippet":"max-snippet:-1","max-image-preview":"max-image-preview:large","max-video-preview":"max-video-preview:-1"},"canonical":"https:\/\/encounters-magazine.com\/de\/encounters-one\/durch-yoga-auf-dem-weg-der-liebe\/","og_locale":"de_DE","og_type":"article","og_title":"Durch Yoga auf dem Weg der Liebe - ENCOUNTERS MAGAZINE. Santacruz International Communication","og_description":"Das ENCOUNTERS MAGAZINE von Santacruz International Communication l\u00e4dt Sie ein zu Entdeckungen rund um den Globus: Orte, Menschen und Philosophien.","og_url":"https:\/\/encounters-magazine.com\/de\/encounters-one\/durch-yoga-auf-dem-weg-der-liebe\/","og_site_name":"DE - ENCOUNTERS MAGAZINE","article_publisher":"https:\/\/www.facebook.com\/lino.santacruz.5","article_modified_time":"2015-04-18T06:53:06+00:00","og_image":[{"width":82,"height":80,"url":"https:\/\/encounters-magazine.com\/de\/wp-content\/uploads\/sites\/2\/2013\/03\/Martinez_Portrait1.jpg","type":"image\/jpeg"}],"twitter_card":"summary","twitter_site":"@LinoSantacruz","twitter_misc":{"Gesch\u00e4tzte Lesezeit":"4\u00a0Minuten"},"schema":{"@context":"https:\/\/schema.org","@graph":[{"@type":"WebSite","@id":"https:\/\/encounters-magazine.com\/de\/#website","url":"https:\/\/encounters-magazine.com\/de\/","name":"DE - ENCOUNTERS MAGAZINE","description":"","potentialAction":[{"@type":"SearchAction","target":{"@type":"EntryPoint","urlTemplate":"https:\/\/encounters-magazine.com\/de\/?s={search_term_string}"},"query-input":"required name=search_term_string"}],"inLanguage":"de"},{"@type":"ImageObject","@id":"https:\/\/encounters-magazine.com\/de\/encounters-one\/durch-yoga-auf-dem-weg-der-liebe\/#primaryimage","inLanguage":"de","url":"https:\/\/encounters-magazine.com\/de\/wp-content\/uploads\/sites\/2\/2013\/03\/Martinez_Portrait1.jpg","contentUrl":"https:\/\/encounters-magazine.com\/de\/wp-content\/uploads\/sites\/2\/2013\/03\/Martinez_Portrait1.jpg","width":82,"height":80},{"@type":"WebPage","@id":"https:\/\/encounters-magazine.com\/de\/encounters-one\/durch-yoga-auf-dem-weg-der-liebe\/#webpage","url":"https:\/\/encounters-magazine.com\/de\/encounters-one\/durch-yoga-auf-dem-weg-der-liebe\/","name":"Durch Yoga auf dem Weg der Liebe - ENCOUNTERS MAGAZINE. Santacruz International Communication","isPartOf":{"@id":"https:\/\/encounters-magazine.com\/de\/#website"},"primaryImageOfPage":{"@id":"https:\/\/encounters-magazine.com\/de\/encounters-one\/durch-yoga-auf-dem-weg-der-liebe\/#primaryimage"},"datePublished":"2015-04-15T17:21:55+00:00","dateModified":"2015-04-18T06:53:06+00:00","description":"Das ENCOUNTERS MAGAZINE von Santacruz International Communication l\u00e4dt Sie ein zu Entdeckungen rund um den Globus: Orte, Menschen und Philosophien.","breadcrumb":{"@id":"https:\/\/encounters-magazine.com\/de\/encounters-one\/durch-yoga-auf-dem-weg-der-liebe\/#breadcrumb"},"inLanguage":"de","potentialAction":[{"@type":"ReadAction","target":["https:\/\/encounters-magazine.com\/de\/encounters-one\/durch-yoga-auf-dem-weg-der-liebe\/"]}]},{"@type":"BreadcrumbList","@id":"https:\/\/encounters-magazine.com\/de\/encounters-one\/durch-yoga-auf-dem-weg-der-liebe\/#breadcrumb","itemListElement":[{"@type":"ListItem","position":1,"name":"Startseite","item":"https:\/\/encounters-magazine.com\/de\/"},{"@type":"ListItem","position":2,"name":"Encounters One","item":"https:\/\/encounters-magazine.com\/de\/encounters-one\/"},{"@type":"ListItem","position":3,"name":"Durch Yoga auf dem Weg der Liebe"}]}]}},"_links":{"self":[{"href":"https:\/\/encounters-magazine.com\/de\/wp-json\/wp\/v2\/pages\/1260"}],"collection":[{"href":"https:\/\/encounters-magazine.com\/de\/wp-json\/wp\/v2\/pages"}],"about":[{"href":"https:\/\/encounters-magazine.com\/de\/wp-json\/wp\/v2\/types\/page"}],"author":[{"embeddable":true,"href":"https:\/\/encounters-magazine.com\/de\/wp-json\/wp\/v2\/users\/4"}],"replies":[{"embeddable":true,"href":"https:\/\/encounters-magazine.com\/de\/wp-json\/wp\/v2\/comments?post=1260"}],"version-history":[{"count":3,"href":"https:\/\/encounters-magazine.com\/de\/wp-json\/wp\/v2\/pages\/1260\/revisions"}],"predecessor-version":[{"id":1370,"href":"https:\/\/encounters-magazine.com\/de\/wp-json\/wp\/v2\/pages\/1260\/revisions\/1370"}],"up":[{"embeddable":true,"href":"https:\/\/encounters-magazine.com\/de\/wp-json\/wp\/v2\/pages\/1248"}],"wp:featuredmedia":[{"embeddable":true,"href":"https:\/\/encounters-magazine.com\/de\/wp-json\/wp\/v2\/media\/61"}],"wp:attachment":[{"href":"https:\/\/encounters-magazine.com\/de\/wp-json\/wp\/v2\/media?parent=1260"}],"curies":[{"name":"wp","href":"https:\/\/api.w.org\/{rel}","templated":true}]}}