{"id":1257,"date":"2015-04-15T16:00:36","date_gmt":"2015-04-15T16:00:36","guid":{"rendered":"http:\/\/encounters-magazine.com\/de\/?page_id=1257"},"modified":"2015-04-18T08:52:46","modified_gmt":"2015-04-18T06:52:46","slug":"playa-grande-de-montezuma","status":"publish","type":"page","link":"https:\/\/encounters-magazine.com\/de\/encounters-one\/playa-grande-de-montezuma\/","title":{"rendered":"Ein Paradies: Playa Grande de Montezuma"},"content":{"rendered":"<p><img loading=\"lazy\" src=\"https:\/\/encounters-magazine.com\/de\/wp-content\/uploads\/sites\/2\/2013\/03\/Quesada_11.jpg\" alt=\"Quesada_1\" width=\"507\" height=\"297\" class=\"alignnone size-full wp-image-51\" srcset=\"https:\/\/encounters-magazine.com\/de\/wp-content\/uploads\/sites\/2\/2013\/03\/Quesada_11.jpg 507w, https:\/\/encounters-magazine.com\/de\/wp-content\/uploads\/sites\/2\/2013\/03\/Quesada_11-300x175.jpg 300w\" sizes=\"(max-width: 507px) 100vw, 507px\" \/><\/p>\n<p>Eine leichte Brise weht vom Meer, ber\u00fchrt und erfrischt die vom Wasser und vom Schwei\u00df nasse Haut. Ich sitze im k\u00fchlen Schatten der Kokospalmen und Mandelb\u00e4ume an einem Strand, der unendlich scheint: Playa Grande de Montezuma in Costa Rica. F\u00fcr mich der sch\u00f6nste Ort der Welt. Ein Ort, der eine Reise wert ist.<\/p>\n<p>Um an diesen traumhaften Strand im S\u00fcden der Nicoya-Halbinsel zu gelangen, muss man vom n\u00e4chstgelegenen Ort Montezuma eine gute halbe Stunde Fu\u00dfweg zur\u00fccklegen. Aber das ist es wert! Aus zwei Gr\u00fcnden. Erstens ist der Playa Grande das Paradies auf Erden. Ich bin nicht die Einzige, die das so empfindet. Pablo Varela aus Montezuma steht am Playa Grande mit seinem Surfboard unter dem Arm: \u201eDas Sch\u00f6ne am Playa Grande ist, dass es weder H\u00e4user noch Stra\u00dfen gibt. Du siehst nur Natur. Und wenn es gute Wellen gibt, kann man surfen. Da meist nicht viele Menschen hier sind, kannst du die Welle nehmen, die du willst.\u201c Die Gezeiten k\u00f6nnen hier allerdings ziemlich stark sein, deshalb sollte man sehr vorsichtig sein.<\/p>\n<p><img loading=\"lazy\" src=\"https:\/\/encounters-magazine.com\/de\/wp-content\/uploads\/sites\/2\/2013\/03\/Quesada_2.jpg\" alt=\"Quesada_2\" width=\"507\" height=\"297\" class=\"alignnone size-full\" \/><\/p>\n<h2>Der Weg ist das Ziel<\/h2>\n<p>Der zweite Grund, aus dem es sich lohnt, zum Playa Grande zu kommen, ist der Weg dorthin selbst. Von der Hauptstadt Costa Ricas, San Jos\u00e9, f\u00e4hrt man mit Bus oder Auto zum Hafen von Puntarenas. Von dort nimmt man die F\u00e4hre bis zur M\u00fcndung des Flusses Tempisque. Nach einer Stunde Schifffahrt erreicht man Paquera. Von dort sind es gut zwei Stunden nach Montezuma. Ein malerisches kleines Dorf in beschaulicher und erholsamer Atmosph\u00e4re. Das Nachtleben kann man in einer Vielzahl von Bars und Diskotheken genie\u00dfen. In Montezuma gibt es Hotels und Unterk\u00fcnfte in allen Preisklassen. F\u00fcr Reisende mit kleinem Budget gibt es Zimmer zu g\u00fcnstigen Preisen. Aber man findet auch luxuri\u00f6se Resorts f\u00fcr diejenigen, die sich mehr Luxus und Komfort w\u00fcnschen. Au\u00dferdem gibt es unz\u00e4hlige Restaurants mit einheimischem und internationalem Essen. Selbst f\u00fcr Vegetarier gibt es viele M\u00f6glichkeiten in Montezuma.<\/p>\n<p>Von diesem bezaubernden \u00d6rtchen aus kann man einen Tagesausflug zum Playa Grande unternehmen. Man sollte fr\u00fch am Morgen los, bevor es zu hei\u00df wird. Am besten nach einem Fr\u00fchst\u00fcck mit tropischen Fr\u00fcchten oder \u201eGallo Pinto\u201c. Diese costa-ricanische Spezialit\u00e4t besteht aus Reis und schwarzen Bohnen und wird mit Mais-Tortillas, Spiegeleiern oder R\u00fchrei, wei\u00dfem K\u00e4se und Steak mit So\u00dfe serviert.<\/p>\n<h2>F\u00fcr Naturliebhaber<\/h2>\n<p>Der Weg, der zum Playa Grande f\u00fchrt, verl\u00e4uft zwischen Str\u00e4nden und tropischen Trockenw\u00e4ldern. Ich gehe am liebsten in Sandalen, die ich in den Waldst\u00fccken trage und dann einfach ausziehen kann, um barfu\u00df durch den Strand zu laufen. Pablo, dem Surfer, gef\u00e4llt der Weg ebenfalls: \u201eEs ist einfach interessant, weil man durch zwei Naturschutzgebiete wandert und die Szenerie zum Fotos machen einl\u00e4dt. Au\u00dferdem kann man ab und zu Br\u00fcllaffen, sogenannte Congos oder Wei\u00dfkopfaffen sehen\u201c.<\/p>\n<p><img loading=\"lazy\" src=\"https:\/\/encounters-magazine.com\/de\/wp-content\/uploads\/sites\/2\/2013\/03\/Quesada_4.jpg\" alt=\"Quesada_4\" width=\"507\" height=\"297\" class=\"alignnone size-full wp-image-53\" srcset=\"https:\/\/encounters-magazine.com\/de\/wp-content\/uploads\/sites\/2\/2013\/03\/Quesada_4.jpg 507w, https:\/\/encounters-magazine.com\/de\/wp-content\/uploads\/sites\/2\/2013\/03\/Quesada_4-300x175.jpg 300w\" sizes=\"(max-width: 507px) 100vw, 507px\" \/><\/p>\n<p>Nach ungef\u00e4hr 20 Minuten Fu\u00dfweg am Strand entlang und durch den Wald, gelangt man zum Playa de Piedra Colorada, was soviel bedeutet wie Strand der farbigen Steine. Diesen Namen hat er von dem roten Sand, den man dort findet. Es ist ein wundersch\u00f6ner Ort, um den Fluss hochzulaufen, der hier in den Ozean einm\u00fcndet und das erfrischende Wasser und die Wasserf\u00e4lle zu genie\u00dfen. Aber halten Sie sich hier nicht zu lange auf! Obwohl es hier sehr sch\u00f6n ist, m\u00f6chten wir dem Weg zum Playa Grande folgen. Erfrischt vom Wasser des Flusses gehen wir weiter durch ein Waldst\u00fcck und kommen zu einem Strand aus Muscheln und Schneckenh\u00e4usern. Dieser Abschnitt des Weges ist Teil eines der Naturschutzgebiete, von denen uns Pablo erz\u00e4hlt hat und in denen man ehrenamtlich arbeiten kann. Diese Naturschutzgebiete hei\u00dfen Reserva Natural Absoluta Nicol\u00e1s Weessberg und Refugio de Vida Silvestre Romelia. Letzteres liegt am Playa Grande. Es wurde 1997 geschaffen, um die tropischen W\u00e4lder und das Strandgebiet zu sch\u00fctzen. Seit 2009 stehen auch die Meeresschildkr\u00f6ten, die am Strand nisten, unter Naturschutz. Es ist ein einmaliges Erlebnis, die Schildkr\u00f6tenweibchen zu beobachten, wie sie ihre Eier legen oder wie die Schildkr\u00f6ten schl\u00fcpfen und sich langsam auf den Weg zum Meer machen.<\/p>\n<p><img loading=\"lazy\" src=\"https:\/\/encounters-magazine.com\/de\/wp-content\/uploads\/sites\/2\/2013\/03\/Quesada_3.jpg\" alt=\"Quesada_3\" width=\"507\" height=\"297\" class=\"alignnone size-full wp-image-52\" srcset=\"https:\/\/encounters-magazine.com\/de\/wp-content\/uploads\/sites\/2\/2013\/03\/Quesada_3.jpg 507w, https:\/\/encounters-magazine.com\/de\/wp-content\/uploads\/sites\/2\/2013\/03\/Quesada_3-300x175.jpg 300w\" sizes=\"(max-width: 507px) 100vw, 507px\" \/><\/p>\n<p>Mit seiner unber\u00fchrten Natur, dem langen, einsamen Strand und den idealen Wellen ist Playa Grande der perfekte Ort f\u00fcr alle, die Aktivit\u00e4t, Natur und Entspannung an einem au\u00dfergew\u00f6hnlichen Ort lieben.<\/p>\n<blockquote><p>Carolina Quesada wurde am 31. August 1982 in San Jos\u00e9, Costa Rica, geboren. Sie studierte Journalismus in San Jos\u00e9, Bremen und Avignon. Sie absolvierte eine Ausbildung an der ems\/Electronic Media School in Potsdam. Derzeit arbeitet sie im deutschen Fernsehen und Radio. Sie lebt in Berlin.<\/p><\/blockquote>\n","protected":false},"excerpt":{"rendered":"<p>Eine leichte Brise weht vom Meer, ber\u00fchrt und erfrischt die vom Wasser und vom Schwei\u00df nasse Haut. Ich sitze im k\u00fchlen Schatten der Kokospalmen und Mandelb\u00e4ume an einem Strand, der unendlich scheint: Playa Grande de Montezuma in Costa Rica. F\u00fcr mich der sch\u00f6nste Ort der Welt. Ein Ort, der eine Reise wert ist. Um an [&hellip;]<\/p>\n","protected":false},"author":4,"featured_media":44,"parent":1248,"menu_order":2,"comment_status":"open","ping_status":"open","template":"page.php","meta":[],"acf":[],"yoast_head":"<!-- This site is optimized with the Yoast SEO plugin v17.9 - https:\/\/yoast.com\/wordpress\/plugins\/seo\/ -->\n<meta name=\"description\" content=\"Das ENCOUNTERS MAGAZINE von Santacruz International Communication l\u00e4dt Sie ein zu Entdeckungen rund um den Globus: Orte, Menschen und Philosophien.\" \/>\n<meta name=\"robots\" content=\"index, follow, max-snippet:-1, max-image-preview:large, max-video-preview:-1\" \/>\n<link rel=\"canonical\" href=\"https:\/\/encounters-magazine.com\/de\/encounters-one\/playa-grande-de-montezuma\/\" \/>\n<meta property=\"og:locale\" content=\"de_DE\" \/>\n<meta property=\"og:type\" content=\"article\" \/>\n<meta property=\"og:title\" content=\"Ein Paradies: Playa Grande de Montezuma - ENCOUNTERS MAGAZINE. Santacruz International Communication\" \/>\n<meta property=\"og:description\" content=\"Das ENCOUNTERS MAGAZINE von Santacruz International Communication l\u00e4dt Sie ein zu Entdeckungen rund um den Globus: Orte, Menschen und Philosophien.\" \/>\n<meta property=\"og:url\" content=\"https:\/\/encounters-magazine.com\/de\/encounters-one\/playa-grande-de-montezuma\/\" \/>\n<meta property=\"og:site_name\" content=\"DE - ENCOUNTERS MAGAZINE\" \/>\n<meta property=\"article:publisher\" content=\"https:\/\/www.facebook.com\/lino.santacruz.5\" \/>\n<meta property=\"article:modified_time\" content=\"2015-04-18T06:52:46+00:00\" \/>\n<meta property=\"og:image\" content=\"https:\/\/encounters-magazine.com\/de\/wp-content\/uploads\/sites\/2\/2013\/03\/Quesada_Portrait1.jpg\" \/>\n\t<meta property=\"og:image:width\" content=\"102\" \/>\n\t<meta property=\"og:image:height\" content=\"80\" \/>\n\t<meta property=\"og:image:type\" content=\"image\/jpeg\" \/>\n<meta name=\"twitter:card\" content=\"summary\" \/>\n<meta name=\"twitter:site\" content=\"@LinoSantacruz\" \/>\n<meta name=\"twitter:label1\" content=\"Gesch\u00e4tzte Lesezeit\" \/>\n\t<meta name=\"twitter:data1\" content=\"4\u00a0Minuten\" \/>\n<script type=\"application\/ld+json\" class=\"yoast-schema-graph\">{\"@context\":\"https:\/\/schema.org\",\"@graph\":[{\"@type\":\"WebSite\",\"@id\":\"https:\/\/encounters-magazine.com\/de\/#website\",\"url\":\"https:\/\/encounters-magazine.com\/de\/\",\"name\":\"DE - ENCOUNTERS MAGAZINE\",\"description\":\"\",\"potentialAction\":[{\"@type\":\"SearchAction\",\"target\":{\"@type\":\"EntryPoint\",\"urlTemplate\":\"https:\/\/encounters-magazine.com\/de\/?s={search_term_string}\"},\"query-input\":\"required name=search_term_string\"}],\"inLanguage\":\"de\"},{\"@type\":\"ImageObject\",\"@id\":\"https:\/\/encounters-magazine.com\/de\/encounters-one\/playa-grande-de-montezuma\/#primaryimage\",\"inLanguage\":\"de\",\"url\":\"https:\/\/encounters-magazine.com\/de\/wp-content\/uploads\/sites\/2\/2013\/03\/Quesada_Portrait1.jpg\",\"contentUrl\":\"https:\/\/encounters-magazine.com\/de\/wp-content\/uploads\/sites\/2\/2013\/03\/Quesada_Portrait1.jpg\",\"width\":102,\"height\":80},{\"@type\":\"WebPage\",\"@id\":\"https:\/\/encounters-magazine.com\/de\/encounters-one\/playa-grande-de-montezuma\/#webpage\",\"url\":\"https:\/\/encounters-magazine.com\/de\/encounters-one\/playa-grande-de-montezuma\/\",\"name\":\"Ein Paradies: Playa Grande de Montezuma - ENCOUNTERS MAGAZINE. Santacruz International Communication\",\"isPartOf\":{\"@id\":\"https:\/\/encounters-magazine.com\/de\/#website\"},\"primaryImageOfPage\":{\"@id\":\"https:\/\/encounters-magazine.com\/de\/encounters-one\/playa-grande-de-montezuma\/#primaryimage\"},\"datePublished\":\"2015-04-15T16:00:36+00:00\",\"dateModified\":\"2015-04-18T06:52:46+00:00\",\"description\":\"Das ENCOUNTERS MAGAZINE von Santacruz International Communication l\\u00e4dt Sie ein zu Entdeckungen rund um den Globus: Orte, Menschen und Philosophien.\",\"breadcrumb\":{\"@id\":\"https:\/\/encounters-magazine.com\/de\/encounters-one\/playa-grande-de-montezuma\/#breadcrumb\"},\"inLanguage\":\"de\",\"potentialAction\":[{\"@type\":\"ReadAction\",\"target\":[\"https:\/\/encounters-magazine.com\/de\/encounters-one\/playa-grande-de-montezuma\/\"]}]},{\"@type\":\"BreadcrumbList\",\"@id\":\"https:\/\/encounters-magazine.com\/de\/encounters-one\/playa-grande-de-montezuma\/#breadcrumb\",\"itemListElement\":[{\"@type\":\"ListItem\",\"position\":1,\"name\":\"Startseite\",\"item\":\"https:\/\/encounters-magazine.com\/de\/\"},{\"@type\":\"ListItem\",\"position\":2,\"name\":\"Encounters One\",\"item\":\"https:\/\/encounters-magazine.com\/de\/encounters-one\/\"},{\"@type\":\"ListItem\",\"position\":3,\"name\":\"Ein Paradies: Playa Grande de Montezuma\"}]}]}<\/script>\n<!-- \/ Yoast SEO plugin. -->","yoast_head_json":{"description":"Das ENCOUNTERS MAGAZINE von Santacruz International Communication l\u00e4dt Sie ein zu Entdeckungen rund um den Globus: Orte, Menschen und Philosophien.","robots":{"index":"index","follow":"follow","max-snippet":"max-snippet:-1","max-image-preview":"max-image-preview:large","max-video-preview":"max-video-preview:-1"},"canonical":"https:\/\/encounters-magazine.com\/de\/encounters-one\/playa-grande-de-montezuma\/","og_locale":"de_DE","og_type":"article","og_title":"Ein Paradies: Playa Grande de Montezuma - ENCOUNTERS MAGAZINE. Santacruz International Communication","og_description":"Das ENCOUNTERS MAGAZINE von Santacruz International Communication l\u00e4dt Sie ein zu Entdeckungen rund um den Globus: Orte, Menschen und Philosophien.","og_url":"https:\/\/encounters-magazine.com\/de\/encounters-one\/playa-grande-de-montezuma\/","og_site_name":"DE - ENCOUNTERS MAGAZINE","article_publisher":"https:\/\/www.facebook.com\/lino.santacruz.5","article_modified_time":"2015-04-18T06:52:46+00:00","og_image":[{"width":102,"height":80,"url":"https:\/\/encounters-magazine.com\/de\/wp-content\/uploads\/sites\/2\/2013\/03\/Quesada_Portrait1.jpg","type":"image\/jpeg"}],"twitter_card":"summary","twitter_site":"@LinoSantacruz","twitter_misc":{"Gesch\u00e4tzte Lesezeit":"4\u00a0Minuten"},"schema":{"@context":"https:\/\/schema.org","@graph":[{"@type":"WebSite","@id":"https:\/\/encounters-magazine.com\/de\/#website","url":"https:\/\/encounters-magazine.com\/de\/","name":"DE - ENCOUNTERS MAGAZINE","description":"","potentialAction":[{"@type":"SearchAction","target":{"@type":"EntryPoint","urlTemplate":"https:\/\/encounters-magazine.com\/de\/?s={search_term_string}"},"query-input":"required name=search_term_string"}],"inLanguage":"de"},{"@type":"ImageObject","@id":"https:\/\/encounters-magazine.com\/de\/encounters-one\/playa-grande-de-montezuma\/#primaryimage","inLanguage":"de","url":"https:\/\/encounters-magazine.com\/de\/wp-content\/uploads\/sites\/2\/2013\/03\/Quesada_Portrait1.jpg","contentUrl":"https:\/\/encounters-magazine.com\/de\/wp-content\/uploads\/sites\/2\/2013\/03\/Quesada_Portrait1.jpg","width":102,"height":80},{"@type":"WebPage","@id":"https:\/\/encounters-magazine.com\/de\/encounters-one\/playa-grande-de-montezuma\/#webpage","url":"https:\/\/encounters-magazine.com\/de\/encounters-one\/playa-grande-de-montezuma\/","name":"Ein Paradies: Playa Grande de Montezuma - ENCOUNTERS MAGAZINE. Santacruz International Communication","isPartOf":{"@id":"https:\/\/encounters-magazine.com\/de\/#website"},"primaryImageOfPage":{"@id":"https:\/\/encounters-magazine.com\/de\/encounters-one\/playa-grande-de-montezuma\/#primaryimage"},"datePublished":"2015-04-15T16:00:36+00:00","dateModified":"2015-04-18T06:52:46+00:00","description":"Das ENCOUNTERS MAGAZINE von Santacruz International Communication l\u00e4dt Sie ein zu Entdeckungen rund um den Globus: Orte, Menschen und Philosophien.","breadcrumb":{"@id":"https:\/\/encounters-magazine.com\/de\/encounters-one\/playa-grande-de-montezuma\/#breadcrumb"},"inLanguage":"de","potentialAction":[{"@type":"ReadAction","target":["https:\/\/encounters-magazine.com\/de\/encounters-one\/playa-grande-de-montezuma\/"]}]},{"@type":"BreadcrumbList","@id":"https:\/\/encounters-magazine.com\/de\/encounters-one\/playa-grande-de-montezuma\/#breadcrumb","itemListElement":[{"@type":"ListItem","position":1,"name":"Startseite","item":"https:\/\/encounters-magazine.com\/de\/"},{"@type":"ListItem","position":2,"name":"Encounters One","item":"https:\/\/encounters-magazine.com\/de\/encounters-one\/"},{"@type":"ListItem","position":3,"name":"Ein Paradies: Playa Grande de Montezuma"}]}]}},"_links":{"self":[{"href":"https:\/\/encounters-magazine.com\/de\/wp-json\/wp\/v2\/pages\/1257"}],"collection":[{"href":"https:\/\/encounters-magazine.com\/de\/wp-json\/wp\/v2\/pages"}],"about":[{"href":"https:\/\/encounters-magazine.com\/de\/wp-json\/wp\/v2\/types\/page"}],"author":[{"embeddable":true,"href":"https:\/\/encounters-magazine.com\/de\/wp-json\/wp\/v2\/users\/4"}],"replies":[{"embeddable":true,"href":"https:\/\/encounters-magazine.com\/de\/wp-json\/wp\/v2\/comments?post=1257"}],"version-history":[{"count":3,"href":"https:\/\/encounters-magazine.com\/de\/wp-json\/wp\/v2\/pages\/1257\/revisions"}],"predecessor-version":[{"id":1267,"href":"https:\/\/encounters-magazine.com\/de\/wp-json\/wp\/v2\/pages\/1257\/revisions\/1267"}],"up":[{"embeddable":true,"href":"https:\/\/encounters-magazine.com\/de\/wp-json\/wp\/v2\/pages\/1248"}],"wp:featuredmedia":[{"embeddable":true,"href":"https:\/\/encounters-magazine.com\/de\/wp-json\/wp\/v2\/media\/44"}],"wp:attachment":[{"href":"https:\/\/encounters-magazine.com\/de\/wp-json\/wp\/v2\/media?parent=1257"}],"curies":[{"name":"wp","href":"https:\/\/api.w.org\/{rel}","templated":true}]}}