{"id":1251,"date":"2015-04-15T15:50:47","date_gmt":"2015-04-15T15:50:47","guid":{"rendered":"http:\/\/encounters-magazine.com\/de\/?page_id=1251"},"modified":"2015-04-18T08:52:25","modified_gmt":"2015-04-18T06:52:25","slug":"museo-soumaya","status":"publish","type":"page","link":"https:\/\/encounters-magazine.com\/de\/encounters-one\/museo-soumaya\/","title":{"rendered":"Museo Soumaya, Mexiko-Stadt"},"content":{"rendered":"<p><img loading=\"lazy\" src=\"https:\/\/encounters-magazine.com\/de\/wp-content\/uploads\/sites\/2\/2013\/03\/Museo-Soumaya1.jpg\" alt=\"Museo Soumaya\" width=\"661\" height=\"297\" class=\"alignleft size-full wp-image-42\" srcset=\"https:\/\/encounters-magazine.com\/de\/wp-content\/uploads\/sites\/2\/2013\/03\/Museo-Soumaya1.jpg 661w, https:\/\/encounters-magazine.com\/de\/wp-content\/uploads\/sites\/2\/2013\/03\/Museo-Soumaya1-300x134.jpg 300w\" sizes=\"(max-width: 661px) 100vw, 661px\" \/><\/p>\n<p>Das Museo Soumaya ist ein privates Museum der Carlos Slim Stiftung. Es beherbergt eine umfangreiche Kunstsammlung europ\u00e4ischer K\u00fcnstler des 15. bis 20. Jahrhunderts sowie mexikanische Kunst, religi\u00f6se Reliquien und historische Dokumente und M\u00fcnzen. Au\u00dferdem befindet sich im Museo Soumaya die gr\u00f6\u00dfte Skulpturensammlung des franz\u00f6sischen Bildhauers Auguste Rodin au\u00dferhalb Frankreichs.<\/p>\n<p>Das Museum wurde 1994 gegr\u00fcndet und er\u00f6ffnete 2011 einen zweiten Standort in diesem Neubau im n\u00f6rdlichen Teil von Mexiko-Stadt. Das Geb\u00e4ude wurde vom mexikanischen Architekten Fernando Romero geplant, mit Ove Arup und Frank Gehry erbaut und kostete rund 70 Millionen US-Dollar. Das 46 Meter hohe Geb\u00e4ude hat sechs Stockwerke und ist mit 16.000 sechseckigen Aluminiumfliesen bedeckt.<\/p>\n","protected":false},"excerpt":{"rendered":"<p>Das Museo Soumaya ist ein privates Museum der Carlos Slim Stiftung. Es beherbergt eine umfangreiche Kunstsammlung europ\u00e4ischer K\u00fcnstler des 15. bis 20. Jahrhunderts sowie mexikanische Kunst, religi\u00f6se Reliquien und historische Dokumente und M\u00fcnzen. Au\u00dferdem befindet sich im Museo Soumaya die gr\u00f6\u00dfte Skulpturensammlung des franz\u00f6sischen Bildhauers Auguste Rodin au\u00dferhalb Frankreichs. Das Museum wurde 1994 gegr\u00fcndet und [&hellip;]<\/p>\n","protected":false},"author":4,"featured_media":0,"parent":1248,"menu_order":1,"comment_status":"open","ping_status":"open","template":"page.php","meta":[],"acf":[],"yoast_head":"<!-- This site is optimized with the Yoast SEO plugin v17.9 - https:\/\/yoast.com\/wordpress\/plugins\/seo\/ -->\n<meta name=\"description\" content=\"Das ENCOUNTERS MAGAZINE von Santacruz International Communication l\u00e4dt Sie ein zu Entdeckungen rund um den Globus: Orte, Menschen und Philosophien.\" \/>\n<meta name=\"robots\" content=\"index, follow, max-snippet:-1, max-image-preview:large, max-video-preview:-1\" \/>\n<link rel=\"canonical\" href=\"https:\/\/encounters-magazine.com\/de\/encounters-one\/museo-soumaya\/\" \/>\n<meta property=\"og:locale\" content=\"de_DE\" \/>\n<meta property=\"og:type\" content=\"article\" \/>\n<meta property=\"og:title\" content=\"Museo Soumaya, Mexiko-Stadt - ENCOUNTERS MAGAZINE. Santacruz International Communication\" \/>\n<meta property=\"og:description\" content=\"Das ENCOUNTERS MAGAZINE von Santacruz International Communication l\u00e4dt Sie ein zu Entdeckungen rund um den Globus: Orte, Menschen und Philosophien.\" \/>\n<meta property=\"og:url\" content=\"https:\/\/encounters-magazine.com\/de\/encounters-one\/museo-soumaya\/\" \/>\n<meta property=\"og:site_name\" content=\"DE - ENCOUNTERS MAGAZINE\" \/>\n<meta property=\"article:publisher\" content=\"https:\/\/www.facebook.com\/lino.santacruz.5\" \/>\n<meta property=\"article:modified_time\" content=\"2015-04-18T06:52:25+00:00\" \/>\n<meta property=\"og:image\" content=\"http:\/\/encounters-magazine.com\/de\/wp-content\/uploads\/sites\/2\/2013\/03\/Museo-Soumaya1.jpg\" \/>\n<meta name=\"twitter:card\" content=\"summary\" \/>\n<meta name=\"twitter:site\" content=\"@LinoSantacruz\" \/>\n<meta name=\"twitter:label1\" content=\"Gesch\u00e4tzte Lesezeit\" \/>\n\t<meta name=\"twitter:data1\" content=\"1\u00a0Minute\" \/>\n<script type=\"application\/ld+json\" class=\"yoast-schema-graph\">{\"@context\":\"https:\/\/schema.org\",\"@graph\":[{\"@type\":\"WebSite\",\"@id\":\"https:\/\/encounters-magazine.com\/de\/#website\",\"url\":\"https:\/\/encounters-magazine.com\/de\/\",\"name\":\"DE - ENCOUNTERS MAGAZINE\",\"description\":\"\",\"potentialAction\":[{\"@type\":\"SearchAction\",\"target\":{\"@type\":\"EntryPoint\",\"urlTemplate\":\"https:\/\/encounters-magazine.com\/de\/?s={search_term_string}\"},\"query-input\":\"required name=search_term_string\"}],\"inLanguage\":\"de\"},{\"@type\":\"ImageObject\",\"@id\":\"https:\/\/encounters-magazine.com\/de\/encounters-one\/museo-soumaya\/#primaryimage\",\"inLanguage\":\"de\",\"url\":\"http:\/\/encounters-magazine.com\/de\/wp-content\/uploads\/sites\/2\/2013\/03\/Museo-Soumaya1.jpg\",\"contentUrl\":\"http:\/\/encounters-magazine.com\/de\/wp-content\/uploads\/sites\/2\/2013\/03\/Museo-Soumaya1.jpg\"},{\"@type\":\"WebPage\",\"@id\":\"https:\/\/encounters-magazine.com\/de\/encounters-one\/museo-soumaya\/#webpage\",\"url\":\"https:\/\/encounters-magazine.com\/de\/encounters-one\/museo-soumaya\/\",\"name\":\"Museo Soumaya, Mexiko-Stadt - ENCOUNTERS MAGAZINE. Santacruz International Communication\",\"isPartOf\":{\"@id\":\"https:\/\/encounters-magazine.com\/de\/#website\"},\"primaryImageOfPage\":{\"@id\":\"https:\/\/encounters-magazine.com\/de\/encounters-one\/museo-soumaya\/#primaryimage\"},\"datePublished\":\"2015-04-15T15:50:47+00:00\",\"dateModified\":\"2015-04-18T06:52:25+00:00\",\"description\":\"Das ENCOUNTERS MAGAZINE von Santacruz International Communication l\\u00e4dt Sie ein zu Entdeckungen rund um den Globus: Orte, Menschen und Philosophien.\",\"breadcrumb\":{\"@id\":\"https:\/\/encounters-magazine.com\/de\/encounters-one\/museo-soumaya\/#breadcrumb\"},\"inLanguage\":\"de\",\"potentialAction\":[{\"@type\":\"ReadAction\",\"target\":[\"https:\/\/encounters-magazine.com\/de\/encounters-one\/museo-soumaya\/\"]}]},{\"@type\":\"BreadcrumbList\",\"@id\":\"https:\/\/encounters-magazine.com\/de\/encounters-one\/museo-soumaya\/#breadcrumb\",\"itemListElement\":[{\"@type\":\"ListItem\",\"position\":1,\"name\":\"Startseite\",\"item\":\"https:\/\/encounters-magazine.com\/de\/\"},{\"@type\":\"ListItem\",\"position\":2,\"name\":\"Encounters One\",\"item\":\"https:\/\/encounters-magazine.com\/de\/encounters-one\/\"},{\"@type\":\"ListItem\",\"position\":3,\"name\":\"Museo Soumaya, Mexiko-Stadt\"}]}]}<\/script>\n<!-- \/ Yoast SEO plugin. -->","yoast_head_json":{"description":"Das ENCOUNTERS MAGAZINE von Santacruz International Communication l\u00e4dt Sie ein zu Entdeckungen rund um den Globus: Orte, Menschen und Philosophien.","robots":{"index":"index","follow":"follow","max-snippet":"max-snippet:-1","max-image-preview":"max-image-preview:large","max-video-preview":"max-video-preview:-1"},"canonical":"https:\/\/encounters-magazine.com\/de\/encounters-one\/museo-soumaya\/","og_locale":"de_DE","og_type":"article","og_title":"Museo Soumaya, Mexiko-Stadt - ENCOUNTERS MAGAZINE. Santacruz International Communication","og_description":"Das ENCOUNTERS MAGAZINE von Santacruz International Communication l\u00e4dt Sie ein zu Entdeckungen rund um den Globus: Orte, Menschen und Philosophien.","og_url":"https:\/\/encounters-magazine.com\/de\/encounters-one\/museo-soumaya\/","og_site_name":"DE - ENCOUNTERS MAGAZINE","article_publisher":"https:\/\/www.facebook.com\/lino.santacruz.5","article_modified_time":"2015-04-18T06:52:25+00:00","og_image":[{"url":"http:\/\/encounters-magazine.com\/de\/wp-content\/uploads\/sites\/2\/2013\/03\/Museo-Soumaya1.jpg"}],"twitter_card":"summary","twitter_site":"@LinoSantacruz","twitter_misc":{"Gesch\u00e4tzte Lesezeit":"1\u00a0Minute"},"schema":{"@context":"https:\/\/schema.org","@graph":[{"@type":"WebSite","@id":"https:\/\/encounters-magazine.com\/de\/#website","url":"https:\/\/encounters-magazine.com\/de\/","name":"DE - ENCOUNTERS MAGAZINE","description":"","potentialAction":[{"@type":"SearchAction","target":{"@type":"EntryPoint","urlTemplate":"https:\/\/encounters-magazine.com\/de\/?s={search_term_string}"},"query-input":"required name=search_term_string"}],"inLanguage":"de"},{"@type":"ImageObject","@id":"https:\/\/encounters-magazine.com\/de\/encounters-one\/museo-soumaya\/#primaryimage","inLanguage":"de","url":"http:\/\/encounters-magazine.com\/de\/wp-content\/uploads\/sites\/2\/2013\/03\/Museo-Soumaya1.jpg","contentUrl":"http:\/\/encounters-magazine.com\/de\/wp-content\/uploads\/sites\/2\/2013\/03\/Museo-Soumaya1.jpg"},{"@type":"WebPage","@id":"https:\/\/encounters-magazine.com\/de\/encounters-one\/museo-soumaya\/#webpage","url":"https:\/\/encounters-magazine.com\/de\/encounters-one\/museo-soumaya\/","name":"Museo Soumaya, Mexiko-Stadt - ENCOUNTERS MAGAZINE. Santacruz International Communication","isPartOf":{"@id":"https:\/\/encounters-magazine.com\/de\/#website"},"primaryImageOfPage":{"@id":"https:\/\/encounters-magazine.com\/de\/encounters-one\/museo-soumaya\/#primaryimage"},"datePublished":"2015-04-15T15:50:47+00:00","dateModified":"2015-04-18T06:52:25+00:00","description":"Das ENCOUNTERS MAGAZINE von Santacruz International Communication l\u00e4dt Sie ein zu Entdeckungen rund um den Globus: Orte, Menschen und Philosophien.","breadcrumb":{"@id":"https:\/\/encounters-magazine.com\/de\/encounters-one\/museo-soumaya\/#breadcrumb"},"inLanguage":"de","potentialAction":[{"@type":"ReadAction","target":["https:\/\/encounters-magazine.com\/de\/encounters-one\/museo-soumaya\/"]}]},{"@type":"BreadcrumbList","@id":"https:\/\/encounters-magazine.com\/de\/encounters-one\/museo-soumaya\/#breadcrumb","itemListElement":[{"@type":"ListItem","position":1,"name":"Startseite","item":"https:\/\/encounters-magazine.com\/de\/"},{"@type":"ListItem","position":2,"name":"Encounters One","item":"https:\/\/encounters-magazine.com\/de\/encounters-one\/"},{"@type":"ListItem","position":3,"name":"Museo Soumaya, Mexiko-Stadt"}]}]}},"_links":{"self":[{"href":"https:\/\/encounters-magazine.com\/de\/wp-json\/wp\/v2\/pages\/1251"}],"collection":[{"href":"https:\/\/encounters-magazine.com\/de\/wp-json\/wp\/v2\/pages"}],"about":[{"href":"https:\/\/encounters-magazine.com\/de\/wp-json\/wp\/v2\/types\/page"}],"author":[{"embeddable":true,"href":"https:\/\/encounters-magazine.com\/de\/wp-json\/wp\/v2\/users\/4"}],"replies":[{"embeddable":true,"href":"https:\/\/encounters-magazine.com\/de\/wp-json\/wp\/v2\/comments?post=1251"}],"version-history":[{"count":5,"href":"https:\/\/encounters-magazine.com\/de\/wp-json\/wp\/v2\/pages\/1251\/revisions"}],"predecessor-version":[{"id":1266,"href":"https:\/\/encounters-magazine.com\/de\/wp-json\/wp\/v2\/pages\/1251\/revisions\/1266"}],"up":[{"embeddable":true,"href":"https:\/\/encounters-magazine.com\/de\/wp-json\/wp\/v2\/pages\/1248"}],"wp:attachment":[{"href":"https:\/\/encounters-magazine.com\/de\/wp-json\/wp\/v2\/media?parent=1251"}],"curies":[{"name":"wp","href":"https:\/\/api.w.org\/{rel}","templated":true}]}}