{"id":1214,"date":"2015-04-16T20:27:58","date_gmt":"2015-04-16T20:27:58","guid":{"rendered":"http:\/\/encounters-magazine.com\/es\/?page_id=1214"},"modified":"2015-04-16T20:27:58","modified_gmt":"2015-04-16T20:27:58","slug":"stroke-y-mi-caddy","status":"publish","type":"page","link":"http:\/\/encounters-magazine.com\/es\/encounters-six\/stroke-y-mi-caddy\/","title":{"rendered":"\u00abStroke\u00bb y mi Caddy"},"content":{"rendered":"<p>No hay muchos que puedan decir: \u201c\u00a1Un coche me salv\u00f3 la vida!\u201d<br \/>\nQuiz\u00e1s yo s\u00ed puedo.<\/p>\n<p>Desde los a\u00f1os setenta, cuando me iba a la cama rodeado de coches de juguete, los coches han sido mi pasi\u00f3n. Como era un ni\u00f1o t\u00edmido, los coches se convirtieron en mi zona de confort aport\u00e1ndome paz en lo que lleg\u00f3 a ser una batalla vital con fobias sociales y trastorno bipolar. Viajar en el coche de mi padre me entusiasmaba.<\/p>\n<p><img loading=\"lazy\" src=\"http:\/\/encounters-magazine.com\/es\/wp-content\/uploads\/sites\/4\/2013\/08\/McGreneghan_1.jpg\" alt=\"McGreneghan_1\" width=\"507\" height=\"304\" class=\"alignnone size-full wp-image-435\" srcset=\"http:\/\/encounters-magazine.com\/es\/wp-content\/uploads\/sites\/4\/2013\/08\/McGreneghan_1.jpg 507w, http:\/\/encounters-magazine.com\/es\/wp-content\/uploads\/sites\/4\/2013\/08\/McGreneghan_1-300x179.jpg 300w\" sizes=\"(max-width: 507px) 100vw, 507px\" \/><\/p>\n<p>En los primeros a\u00f1os mi padre ten\u00eda unos coches magn\u00edficos. A\u00fan guardo en la memoria los viajes veraniegos para ver a la familia en Escocia, las breves horas desde  nuestro hogar en Lancashire cruzando carreteras rurales y autopistas. Aquellos viajes me llevaban a otro mundo, lejos de clases ruidosas y patios de recreo, donde mi timidez me dejaba a merced de  todo tipo de abusones para acosarme. No pod\u00eda entender por qu\u00e9 me odiaban tanto. \u201c\u00bfPor qu\u00e9 no puede ser la gente amable y solo hablar de coches?\u201d, pensaba yo al tiempo de esquivar otro cabezazo.<\/p>\n<p>No ve\u00eda el momento de dejar la escuela y empezar a trabajar para poder ahorrar y obtener el coche de mis sue\u00f1os. Mi vida laboral ya estaba planificada, y calcul\u00e9 que podr\u00eda comprarlo en tres a\u00f1os tras dejar los estudios. Iba a aprender el negocio familiar en la planta de producci\u00f3n de la f\u00e1brica de persianas de mi padre y tener un r\u00e1pido ascenso. Pero de pronto, nuestras vidas dieron un vuelco.<\/p>\n<p>Mi padre sufri\u00f3 una hemorragia cerebral a los 44 a\u00f1os de edad, tras varios meses enfermo sin saber lo que ten\u00eda. Yo acababa de cumplir los 16. No hab\u00eda sabido que mi padre ya llevaba un par de a\u00f1os con malestar y dolores de cabeza que desembocaron en la aneurisma. Durante su larga recuperaci\u00f3n, su mejor amigo y socio vendi\u00f3 la empresa y desapareci\u00f3, dej\u00e1ndonos en la calle.<\/p>\n<p>Mi padre qued\u00f3 de s\u00fabito sin salud, sin dinero y traicionado por su mejor amigo. El temor, el miedo y la incertidumbre nos desbordaron. Las cosas nunca volvieron a ser lo mismo y mi padre y el resto de mi familia cambiaron radicalmente. Ya no pod\u00eda estar cerca de ellos.<\/p>\n<p>El tiempo fue pasando y pese a todo tipo de dificultades, me las arregl\u00e9 para tener trabajos que guardaban relaci\u00f3n con los coches. Me encontraba emocional y f\u00edsicamente exhausto y en un viaje para visitar a mi mejor amigo a Sheffield me vine abajo. Entonces decid\u00ed empezar una nueva vida en Yorkshire. Al principio fue un alivio y tuve algo de paz, pero echaba de menos a mi familia cada d\u00eda. Con el paso de los a\u00f1os fui sobreviviendo en mi propio camino. <\/p>\n<p>Tras una d\u00e9cada manteniendo la distancia con mi familia, me vi de nuevo en contacto con mi padre.  Se hab\u00eda dado cuenta de que nos hab\u00eda descuidado, y ahora trataba de repararlo. Parec\u00eda el atisbo de una segunda oportunidad para estar cerca de mi familia y volv\u00ed as\u00ed a disfrutar del viaje a Lancashire. Aunque deb\u00edamos esforzarnos, me dispon\u00eda a creer que ten\u00edamos un futuro juntos. Pero a los tres meses a mi padre le dio un derrame cerebral serio que le dej\u00f3 medio cuerpo paralizado y con una dependencia total. Sent\u00ed que se me arrebat\u00f3 la oportunidad de volver a tener un padre y ca\u00ed en una depresi\u00f3n severa.<\/p>\n<p>Al poco tiempo me encontr\u00e9 por casualidad con un Volkswagen Caddy MK1 a la venta en internet. Me encantan los Volkswagen, y a menudo echo un vistazo por eBay a los magn\u00edficos coches, algunos que ya he tenido, y otros con los que s\u00f3lo puedo so\u00f1ar. Ech\u00e9 un vistazo a un coche un poco raro color rojo oscuro. Aunque estaba bastante abollado y sin cuidar, me atrajo inmediatamente ver que ten\u00eda acceso para silla de ruedas.<\/p>\n<p>Result\u00f3 ser el primer veh\u00edculo de Europa con acceso para 2 pasajeros con silla de ruedas, adaptado por  Constables Mobility al sur de Inglaterra. Vi que ten\u00eda que ser m\u00edo en cuanto rond\u00f3 en mi mente la idea de sacar a mis padres de la residencia para llevarlos de viaje. Me invadi\u00f3 la euforia y la adrenalina se me dispar\u00f3. Me puse a dar vueltas por la casa aguardando impaciente el fin de la subasta. Esperaba que nadie pujara m\u00e1s alto que yo. Nuestra oferta m\u00e1s alta eran 720 libras; la sub\u00ed a 1000,  cerr\u00e9 los ojos\u2026 \u00a1y gan\u00e9, enhorabuena!<\/p>\n<p><img loading=\"lazy\" src=\"http:\/\/encounters-magazine.com\/es\/wp-content\/uploads\/sites\/4\/2013\/08\/McGreneghan_2.jpg\" alt=\"McGreneghan_2\" width=\"507\" height=\"342\" class=\"alignnone size-full wp-image-436\" srcset=\"http:\/\/encounters-magazine.com\/es\/wp-content\/uploads\/sites\/4\/2013\/08\/McGreneghan_2.jpg 507w, http:\/\/encounters-magazine.com\/es\/wp-content\/uploads\/sites\/4\/2013\/08\/McGreneghan_2-300x202.jpg 300w\" sizes=\"(max-width: 507px) 100vw, 507px\" \/><\/p>\n<p>El coche lo utilizo en mi voluntariado con la Stroke Charity UK (organizaci\u00f3n ben\u00e9fica para el derrame cerebral del Reino Unido). Entr\u00e9 en contacto con ellos en 2011, inspirado por la incre\u00edble concienciaci\u00f3n y captaci\u00f3n de fondos que mi prima Michelle hab\u00eda realizado para una investigaci\u00f3n sobre el c\u00e1ncer.  Stroke UK invierte en investigaci\u00f3n y ayuda para v\u00edctimas de derrame cerebral y sus familias. El derrame cerebral es una de las primeras causas de discapacidad en adultos y mata a unas 100.000 personas al a\u00f1o en el Reino Unido. Con un tratamiento r\u00e1pido y los cuidados adecuados muchas personas pueden recuperarse bien.<\/p>\n<p>He circulado m\u00e1s de 30.000 kil\u00f3metros por Europa y Reino Unido con etiquetas de la asociaci\u00f3n puestas en mi Caddy adaptado. Como capta la atenci\u00f3n all\u00ed donde voy, s\u00e9 que sirve de ayuda para algunos. Esto me reconforta y en cierto modo siento que mi padre a\u00fan contribuye en vida en la tierra a trav\u00e9s de mi misi\u00f3n, aunque no pueda levantarse de la cama.<\/p>\n<p>Ser voluntario en la primera tienda ben\u00e9fica de la asociaci\u00f3n en Sheffield es una oportunidad incre\u00edble para seguir utilizando el veh\u00edculo durante el mayor tiempo posible. Me encontraba atravesando otra fuerte depresi\u00f3n cuando descubr\u00ed que la tienda acababa de abrir en mi ciudad. En menos de una semana ya estaba recolectando bolsas con donativos y ahora veo el futuro con m\u00e1s optimismo para m\u00ed y para \u201cel coche del pueblo\u201d.<\/p>\n<p>Volkswagen se traduce del alem\u00e1n como \u00abel coche del pueblo\u00bb. Mi extra\u00f1o VW lo es realmente. Su existencia sirve de apoyo a las personas m\u00e1s vulnerables de la sociedad y espero que las etiquetas ayuden a prevenir alg\u00fan que otro derrame. La asociaci\u00f3n ofrece un asesoramiento adecuado en la prevenci\u00f3n de derrames, incluyendo orientaci\u00f3n en dietas y estilo de vida. Ojal\u00e1 hubi\u00e9ramos sabido m\u00e1s cuando mi padre tuvo el suyo y as\u00ed estar seguros de que recib\u00eda el tratamiento apropiado. En lugar de eso, pas\u00f3 dos d\u00edas en una habitaci\u00f3n de hospital antes de ser tratado.<\/p>\n<p>Por favor echa un vistazo a www.stroke.org.uk. Podr\u00eda salvar tu vida.<\/p>\n<p><img loading=\"lazy\" src=\"http:\/\/encounters-magazine.com\/es\/wp-content\/uploads\/sites\/4\/2013\/08\/McGreneghan_3.jpg\" alt=\"McGreneghan_3\" width=\"507\" height=\"744\" class=\"alignnone size-full wp-image-437\" srcset=\"http:\/\/encounters-magazine.com\/es\/wp-content\/uploads\/sites\/4\/2013\/08\/McGreneghan_3.jpg 507w, http:\/\/encounters-magazine.com\/es\/wp-content\/uploads\/sites\/4\/2013\/08\/McGreneghan_3-204x300.jpg 204w\" sizes=\"(max-width: 507px) 100vw, 507px\" \/><\/p>\n<p>Ser voluntario en Stroke UK me da una sensaci\u00f3n de prop\u00f3sito en este planeta. Antes siempre estaba luchando por encontrar \u201ccosas\u201d para satisfacer mi existencia. El voluntariado no resuelve todos mis problemas, pero s\u00ed me ayuda a lidiar con los desaf\u00edos de la vida, adem\u00e1s de brindarme la oportunidad de conocer gente extremadamente amable y servicial.<\/p>\n<p>Mi idea para un mundo mejor ser\u00eda por tanto, sugerir a todos que encuentren una buena causa, algo que llegue al coraz\u00f3n y empleen un par de d\u00edas ayudando a otros. Es l\u00f3gico que si todos nosotros damos un poquito, de vez en cuando podemos recibir algo excepcional que el dinero no puede comprar.<\/p>\n<p>Me gustar\u00eda alentar a otras personas t\u00edmidas o con fobias sociales a probar el voluntariado, donde es posible experimentar una nueva vida y encontrar gente apasionada que est\u00e1 ah\u00ed para apoyarte mientras t\u00fa apoyas la causa.<\/p>\n<blockquote><p>Jay McGreneghan naci\u00f3 el 6 de agosto de 1972. Le gusta la fotograf\u00eda, estar en forma, cocinar, las motos, los coches y los karts, as\u00ed como ver deportes de motor. Le han encantado los coches alemanes desde que era peque\u00f1o. Su favorito es el Porsche 911. El volante de su Caddy MK1 es de un Porsche 924 del 79.<\/p><\/blockquote>\n","protected":false},"excerpt":{"rendered":"<p>No hay muchos que puedan decir: \u201c\u00a1Un coche me salv\u00f3 la vida!\u201d Quiz\u00e1s yo s\u00ed puedo. Desde los a\u00f1os setenta, cuando me iba a la cama rodeado de coches de juguete, los coches han sido mi pasi\u00f3n. Como era un ni\u00f1o t\u00edmido, los coches se convirtieron en mi zona de confort aport\u00e1ndome paz en lo [&hellip;]<\/p>\n","protected":false},"author":4,"featured_media":434,"parent":463,"menu_order":4,"comment_status":"open","ping_status":"open","template":"page.php","meta":[],"acf":[],"yoast_head":"<!-- This site is optimized with the Yoast SEO plugin v17.9 - https:\/\/yoast.com\/wordpress\/plugins\/seo\/ -->\n<title>&quot;Stroke&quot; y mi Caddy - ENCOUNTERS MAGAZINE. By Santacruz International Communication<\/title>\n<meta name=\"description\" content=\"ENCOUNTERS MAGAZINE by Santacruz International Communication invites you to discover engaging people, places and ideas around the globe.\" \/>\n<meta name=\"robots\" content=\"index, follow, max-snippet:-1, max-image-preview:large, max-video-preview:-1\" \/>\n<link rel=\"canonical\" href=\"http:\/\/encounters-magazine.com\/es\/encounters-six\/stroke-y-mi-caddy\/\" \/>\n<meta property=\"og:locale\" content=\"es_ES\" \/>\n<meta property=\"og:type\" content=\"article\" \/>\n<meta property=\"og:title\" content=\"&quot;Stroke&quot; y mi Caddy - ENCOUNTERS MAGAZINE. By Santacruz International Communication\" \/>\n<meta property=\"og:description\" content=\"ENCOUNTERS MAGAZINE by Santacruz International Communication invites you to discover engaging people, places and ideas around the globe.\" \/>\n<meta property=\"og:url\" content=\"http:\/\/encounters-magazine.com\/es\/encounters-six\/stroke-y-mi-caddy\/\" \/>\n<meta property=\"og:site_name\" content=\"ES - ENCOUNTERS MAGAZINE\" \/>\n<meta property=\"article:publisher\" content=\"https:\/\/www.facebook.com\/lino.santacruz.5\" \/>\n<meta property=\"og:image\" content=\"http:\/\/encounters-magazine.com\/es\/wp-content\/uploads\/sites\/4\/2013\/08\/McGcgrenegham_Portrait.jpg\" \/>\n\t<meta property=\"og:image:width\" content=\"90\" \/>\n\t<meta property=\"og:image:height\" content=\"80\" \/>\n\t<meta property=\"og:image:type\" content=\"image\/jpeg\" \/>\n<meta name=\"twitter:card\" content=\"summary\" \/>\n<meta name=\"twitter:site\" content=\"@LinoSantacruz\" \/>\n<meta name=\"twitter:label1\" content=\"Tiempo de lectura\" \/>\n\t<meta name=\"twitter:data1\" content=\"7 minutos\" \/>\n<script type=\"application\/ld+json\" class=\"yoast-schema-graph\">{\"@context\":\"https:\/\/schema.org\",\"@graph\":[{\"@type\":\"Organization\",\"@id\":\"https:\/\/encounters-magazine.com\/es\/#organization\",\"name\":\"SANTACRUZ INTERNATIONAL COMMUNICATION\",\"url\":\"https:\/\/encounters-magazine.com\/es\/\",\"sameAs\":[\"https:\/\/www.facebook.com\/lino.santacruz.5\",\"https:\/\/de.linkedin.com\/pub\/lino-santacruz\/a\/806\/417\/de\",\"https:\/\/twitter.com\/LinoSantacruz\"],\"logo\":{\"@type\":\"ImageObject\",\"@id\":\"https:\/\/encounters-magazine.com\/es\/#logo\",\"inLanguage\":\"es\",\"url\":\"http:\/\/encounters-magazine.com\/es\/wp-content\/uploads\/sites\/4\/2015\/10\/sic-logo.png\",\"contentUrl\":\"http:\/\/encounters-magazine.com\/es\/wp-content\/uploads\/sites\/4\/2015\/10\/sic-logo.png\",\"width\":106,\"height\":106,\"caption\":\"SANTACRUZ INTERNATIONAL COMMUNICATION\"},\"image\":{\"@id\":\"https:\/\/encounters-magazine.com\/es\/#logo\"}},{\"@type\":\"WebSite\",\"@id\":\"https:\/\/encounters-magazine.com\/es\/#website\",\"url\":\"https:\/\/encounters-magazine.com\/es\/\",\"name\":\"ES - ENCOUNTERS MAGAZINE\",\"description\":\"\",\"publisher\":{\"@id\":\"https:\/\/encounters-magazine.com\/es\/#organization\"},\"potentialAction\":[{\"@type\":\"SearchAction\",\"target\":{\"@type\":\"EntryPoint\",\"urlTemplate\":\"https:\/\/encounters-magazine.com\/es\/?s={search_term_string}\"},\"query-input\":\"required name=search_term_string\"}],\"inLanguage\":\"es\"},{\"@type\":\"ImageObject\",\"@id\":\"http:\/\/encounters-magazine.com\/es\/encounters-six\/stroke-y-mi-caddy\/#primaryimage\",\"inLanguage\":\"es\",\"url\":\"http:\/\/encounters-magazine.com\/es\/wp-content\/uploads\/sites\/4\/2013\/08\/McGcgrenegham_Portrait.jpg\",\"contentUrl\":\"http:\/\/encounters-magazine.com\/es\/wp-content\/uploads\/sites\/4\/2013\/08\/McGcgrenegham_Portrait.jpg\",\"width\":90,\"height\":80,\"caption\":\"McGcgrenegham\"},{\"@type\":\"WebPage\",\"@id\":\"http:\/\/encounters-magazine.com\/es\/encounters-six\/stroke-y-mi-caddy\/#webpage\",\"url\":\"http:\/\/encounters-magazine.com\/es\/encounters-six\/stroke-y-mi-caddy\/\",\"name\":\"\\\"Stroke\\\" y mi Caddy - ENCOUNTERS MAGAZINE. By Santacruz International Communication\",\"isPartOf\":{\"@id\":\"https:\/\/encounters-magazine.com\/es\/#website\"},\"primaryImageOfPage\":{\"@id\":\"http:\/\/encounters-magazine.com\/es\/encounters-six\/stroke-y-mi-caddy\/#primaryimage\"},\"datePublished\":\"2015-04-16T20:27:58+00:00\",\"dateModified\":\"2015-04-16T20:27:58+00:00\",\"description\":\"ENCOUNTERS MAGAZINE by Santacruz International Communication invites you to discover engaging people, places and ideas around the globe.\",\"breadcrumb\":{\"@id\":\"http:\/\/encounters-magazine.com\/es\/encounters-six\/stroke-y-mi-caddy\/#breadcrumb\"},\"inLanguage\":\"es\",\"potentialAction\":[{\"@type\":\"ReadAction\",\"target\":[\"http:\/\/encounters-magazine.com\/es\/encounters-six\/stroke-y-mi-caddy\/\"]}]},{\"@type\":\"BreadcrumbList\",\"@id\":\"http:\/\/encounters-magazine.com\/es\/encounters-six\/stroke-y-mi-caddy\/#breadcrumb\",\"itemListElement\":[{\"@type\":\"ListItem\",\"position\":1,\"name\":\"Home\",\"item\":\"https:\/\/encounters-magazine.com\/es\/\"},{\"@type\":\"ListItem\",\"position\":2,\"name\":\"Encounters Six\",\"item\":\"https:\/\/encounters-magazine.com\/es\/encounters-six\/\"},{\"@type\":\"ListItem\",\"position\":3,\"name\":\"\\u00abStroke\\u00bb y mi Caddy\"}]}]}<\/script>\n<!-- \/ Yoast SEO plugin. -->","yoast_head_json":{"title":"\"Stroke\" y mi Caddy - ENCOUNTERS MAGAZINE. By Santacruz International Communication","description":"ENCOUNTERS MAGAZINE by Santacruz International Communication invites you to discover engaging people, places and ideas around the globe.","robots":{"index":"index","follow":"follow","max-snippet":"max-snippet:-1","max-image-preview":"max-image-preview:large","max-video-preview":"max-video-preview:-1"},"canonical":"http:\/\/encounters-magazine.com\/es\/encounters-six\/stroke-y-mi-caddy\/","og_locale":"es_ES","og_type":"article","og_title":"\"Stroke\" y mi Caddy - ENCOUNTERS MAGAZINE. By Santacruz International Communication","og_description":"ENCOUNTERS MAGAZINE by Santacruz International Communication invites you to discover engaging people, places and ideas around the globe.","og_url":"http:\/\/encounters-magazine.com\/es\/encounters-six\/stroke-y-mi-caddy\/","og_site_name":"ES - ENCOUNTERS MAGAZINE","article_publisher":"https:\/\/www.facebook.com\/lino.santacruz.5","og_image":[{"width":90,"height":80,"url":"http:\/\/encounters-magazine.com\/es\/wp-content\/uploads\/sites\/4\/2013\/08\/McGcgrenegham_Portrait.jpg","type":"image\/jpeg"}],"twitter_card":"summary","twitter_site":"@LinoSantacruz","twitter_misc":{"Tiempo de lectura":"7 minutos"},"schema":{"@context":"https:\/\/schema.org","@graph":[{"@type":"Organization","@id":"https:\/\/encounters-magazine.com\/es\/#organization","name":"SANTACRUZ INTERNATIONAL COMMUNICATION","url":"https:\/\/encounters-magazine.com\/es\/","sameAs":["https:\/\/www.facebook.com\/lino.santacruz.5","https:\/\/de.linkedin.com\/pub\/lino-santacruz\/a\/806\/417\/de","https:\/\/twitter.com\/LinoSantacruz"],"logo":{"@type":"ImageObject","@id":"https:\/\/encounters-magazine.com\/es\/#logo","inLanguage":"es","url":"http:\/\/encounters-magazine.com\/es\/wp-content\/uploads\/sites\/4\/2015\/10\/sic-logo.png","contentUrl":"http:\/\/encounters-magazine.com\/es\/wp-content\/uploads\/sites\/4\/2015\/10\/sic-logo.png","width":106,"height":106,"caption":"SANTACRUZ INTERNATIONAL COMMUNICATION"},"image":{"@id":"https:\/\/encounters-magazine.com\/es\/#logo"}},{"@type":"WebSite","@id":"https:\/\/encounters-magazine.com\/es\/#website","url":"https:\/\/encounters-magazine.com\/es\/","name":"ES - ENCOUNTERS MAGAZINE","description":"","publisher":{"@id":"https:\/\/encounters-magazine.com\/es\/#organization"},"potentialAction":[{"@type":"SearchAction","target":{"@type":"EntryPoint","urlTemplate":"https:\/\/encounters-magazine.com\/es\/?s={search_term_string}"},"query-input":"required name=search_term_string"}],"inLanguage":"es"},{"@type":"ImageObject","@id":"http:\/\/encounters-magazine.com\/es\/encounters-six\/stroke-y-mi-caddy\/#primaryimage","inLanguage":"es","url":"http:\/\/encounters-magazine.com\/es\/wp-content\/uploads\/sites\/4\/2013\/08\/McGcgrenegham_Portrait.jpg","contentUrl":"http:\/\/encounters-magazine.com\/es\/wp-content\/uploads\/sites\/4\/2013\/08\/McGcgrenegham_Portrait.jpg","width":90,"height":80,"caption":"McGcgrenegham"},{"@type":"WebPage","@id":"http:\/\/encounters-magazine.com\/es\/encounters-six\/stroke-y-mi-caddy\/#webpage","url":"http:\/\/encounters-magazine.com\/es\/encounters-six\/stroke-y-mi-caddy\/","name":"\"Stroke\" y mi Caddy - ENCOUNTERS MAGAZINE. By Santacruz International Communication","isPartOf":{"@id":"https:\/\/encounters-magazine.com\/es\/#website"},"primaryImageOfPage":{"@id":"http:\/\/encounters-magazine.com\/es\/encounters-six\/stroke-y-mi-caddy\/#primaryimage"},"datePublished":"2015-04-16T20:27:58+00:00","dateModified":"2015-04-16T20:27:58+00:00","description":"ENCOUNTERS MAGAZINE by Santacruz International Communication invites you to discover engaging people, places and ideas around the globe.","breadcrumb":{"@id":"http:\/\/encounters-magazine.com\/es\/encounters-six\/stroke-y-mi-caddy\/#breadcrumb"},"inLanguage":"es","potentialAction":[{"@type":"ReadAction","target":["http:\/\/encounters-magazine.com\/es\/encounters-six\/stroke-y-mi-caddy\/"]}]},{"@type":"BreadcrumbList","@id":"http:\/\/encounters-magazine.com\/es\/encounters-six\/stroke-y-mi-caddy\/#breadcrumb","itemListElement":[{"@type":"ListItem","position":1,"name":"Home","item":"https:\/\/encounters-magazine.com\/es\/"},{"@type":"ListItem","position":2,"name":"Encounters Six","item":"https:\/\/encounters-magazine.com\/es\/encounters-six\/"},{"@type":"ListItem","position":3,"name":"\u00abStroke\u00bb y mi Caddy"}]}]}},"_links":{"self":[{"href":"http:\/\/encounters-magazine.com\/es\/wp-json\/wp\/v2\/pages\/1214"}],"collection":[{"href":"http:\/\/encounters-magazine.com\/es\/wp-json\/wp\/v2\/pages"}],"about":[{"href":"http:\/\/encounters-magazine.com\/es\/wp-json\/wp\/v2\/types\/page"}],"author":[{"embeddable":true,"href":"http:\/\/encounters-magazine.com\/es\/wp-json\/wp\/v2\/users\/4"}],"replies":[{"embeddable":true,"href":"http:\/\/encounters-magazine.com\/es\/wp-json\/wp\/v2\/comments?post=1214"}],"version-history":[{"count":1,"href":"http:\/\/encounters-magazine.com\/es\/wp-json\/wp\/v2\/pages\/1214\/revisions"}],"predecessor-version":[{"id":1215,"href":"http:\/\/encounters-magazine.com\/es\/wp-json\/wp\/v2\/pages\/1214\/revisions\/1215"}],"up":[{"embeddable":true,"href":"http:\/\/encounters-magazine.com\/es\/wp-json\/wp\/v2\/pages\/463"}],"wp:featuredmedia":[{"embeddable":true,"href":"http:\/\/encounters-magazine.com\/es\/wp-json\/wp\/v2\/media\/434"}],"wp:attachment":[{"href":"http:\/\/encounters-magazine.com\/es\/wp-json\/wp\/v2\/media?parent=1214"}],"curies":[{"name":"wp","href":"https:\/\/api.w.org\/{rel}","templated":true}]}}