{"id":1211,"date":"2015-04-16T20:26:45","date_gmt":"2015-04-16T20:26:45","guid":{"rendered":"http:\/\/encounters-magazine.com\/es\/?page_id=1211"},"modified":"2022-01-21T22:27:57","modified_gmt":"2022-01-21T21:27:57","slug":"puertas-hacia-otro-mundo","status":"publish","type":"page","link":"http:\/\/encounters-magazine.com\/es\/encounters-six\/puertas-hacia-otro-mundo\/","title":{"rendered":"Puertas hacia otro mundo"},"content":{"rendered":"<p>Todas mis instalaciones muse\u00edsticas son piezas \u00fanicas caracterizadas por una disputa art\u00edstica con el lugar y el tema en cuesti\u00f3n. Con este prop\u00f3sito trabajo con museos como escen\u00f3grafo internacional, tratando tem\u00e1ticas dif\u00edciles de abordar con pocos objetos muse\u00edsticos en un plano art\u00edstico.<\/p>\n<p><img loading=\"lazy\" class=\"alignnone size-full wp-image-452\" src=\"http:\/\/encounters-magazine.com\/es\/wp-content\/uploads\/sites\/4\/2013\/08\/xaver_8.jpg\" alt=\"xaver_8\" width=\"507\" height=\"409\" srcset=\"http:\/\/encounters-magazine.com\/es\/wp-content\/uploads\/sites\/4\/2013\/08\/xaver_8.jpg 507w, http:\/\/encounters-magazine.com\/es\/wp-content\/uploads\/sites\/4\/2013\/08\/xaver_8-300x242.jpg 300w\" sizes=\"(max-width: 507px) 100vw, 507px\" \/><\/p>\n<p>As\u00ed fue en la exposici\u00f3n itinerante \u201cPictures in our Head\u201d (2010 Marstallmuseum Schlo\u00df Neuhaus\/ Paderborn). All\u00ed trat\u00e9 de que el dif\u00edcil concepto de los estereotipos fuera posible de experimentar por el p\u00fablico, grupos de alumnos, con una instalaci\u00f3n tridimensional de una sala de m\u00e1quinas (Maschinenraum). En este caso, cada sitio solo dispon\u00eda de un objeto muse\u00edstico y todo lo dem\u00e1s deb\u00eda expresarse a trav\u00e9s de im\u00e1genes sobre mi interpretaci\u00f3n de la idea. Mis exposiciones se dirigen a menudo a ni\u00f1os o a grupos marginales (analfabetos, comunidades gitanas o discapacitados).<\/p>\n<p><img loading=\"lazy\" class=\"alignnone size-full wp-image-446\" src=\"http:\/\/encounters-magazine.com\/es\/wp-content\/uploads\/sites\/4\/2013\/08\/xaver_2.jpg\" alt=\"xaver_2\" width=\"507\" height=\"333\" srcset=\"http:\/\/encounters-magazine.com\/es\/wp-content\/uploads\/sites\/4\/2013\/08\/xaver_2.jpg 507w, http:\/\/encounters-magazine.com\/es\/wp-content\/uploads\/sites\/4\/2013\/08\/xaver_2-300x197.jpg 300w\" sizes=\"(max-width: 507px) 100vw, 507px\" \/><\/p>\n<p>A este grupo destinatario particular, que a menudo no puede leer ni escribir, intento hacerle llegar im\u00e1genes arquet\u00edpicas sencillas a trav\u00e9s de elementos f\u00e1ciles de entender. En este sentido mis instalaciones tienen algo de cuento de hadas, como en la exposici\u00f3n \u201cVon Drachen und Helden\u201d (2010 BodeMuseum, Berl\u00edn-Mitte). All\u00ed los ni\u00f1os, tumbados sobre la espalda acolchada de un drag\u00f3n, pod\u00edan escuchar historias apasionantes. Para ello elabor\u00e9 especialmente un ala de drag\u00f3n que se cern\u00eda sobre los peque\u00f1os oyentes como un cielo nocturno de almohadones con altavoces incorporados.<\/p>\n<p>Las instalaciones sumergen al visitante en mundos ex\u00f3ticos al caminar rodeados de sugerentes im\u00e1genes, como en \u201cwas essen wir &#8211; wir essen Reis\u201d (2011 JuniorMuseum, Berl\u00edn-Dahlem).<\/p>\n<p><img loading=\"lazy\" class=\"alignnone size-full wp-image-457\" src=\"http:\/\/encounters-magazine.com\/es\/wp-content\/uploads\/sites\/4\/2013\/08\/xaver_4.jpg\" alt=\"xaver_4\" width=\"507\" height=\"207\" srcset=\"http:\/\/encounters-magazine.com\/es\/wp-content\/uploads\/sites\/4\/2013\/08\/xaver_4.jpg 507w, http:\/\/encounters-magazine.com\/es\/wp-content\/uploads\/sites\/4\/2013\/08\/xaver_4-300x122.jpg 300w\" sizes=\"(max-width: 507px) 100vw, 507px\" \/><\/p>\n<p>En mis obras tambi\u00e9n destaca la cualidad de la materia al tacto. Por medio de los materiales y las superficies, que especialmente selecciono y preparo, se estimulan todos los sentidos evocando una percepci\u00f3n f\u00edsica, sensorial y emocional. Los objetos pueden y deben ser percibidos literalmente a trav\u00e9s del tacto: \u201cEstrictamente permitido tocar\u201d. Pongo especial atenci\u00f3n en la selecci\u00f3n de los colores y su efecto dentro de un contexto determinado.<\/p>\n<p>Con el uso de medios interactivos que yo mismo desarrollo en parte, intento crear referencias con el presente, sobre todo en temas hist\u00f3ricos, y actualizar contenidos y objetos muse\u00edsticos. Un ejemplo ser\u00eda la caja de tres dimensiones para la exposici\u00f3n \u201ccomicleben\u201d (2012 Museo de las Culturas Europeas, Berl\u00edn-Dahlem). En ella se proyectaron animaciones en 3D sobre espejos de tama\u00f1o humano, tras los cuales el visitante, como parte del evento virtual, se convert\u00eda en actor viviente y jugador a los superh\u00e9roes.<\/p>\n<p>Siempre existe una interacci\u00f3n entre el visitante y el objeto, como en la gran pared con sombras chinescas en \u201cSchahname \u2013 1000-j\u00e4hriges K\u00f6nigsbuch\u201d (2011 Museo de Arte Isl\u00e1mico, Berl\u00edn-Mitte). (Desarrollada y construida en colaboraci\u00f3n con la clase magistral de la asignatura de \u201cEspacio Esc\u00e9nico y Escenograf\u00eda\u201d de la TU de Berl\u00edn).<\/p>\n<p><img loading=\"lazy\" class=\"alignnone size-full wp-image-451\" src=\"http:\/\/encounters-magazine.com\/es\/wp-content\/uploads\/sites\/4\/2013\/08\/xaver_7.jpg\" alt=\"xaver_7\" width=\"507\" height=\"300\" srcset=\"http:\/\/encounters-magazine.com\/es\/wp-content\/uploads\/sites\/4\/2013\/08\/xaver_7.jpg 507w, http:\/\/encounters-magazine.com\/es\/wp-content\/uploads\/sites\/4\/2013\/08\/xaver_7-300x177.jpg 300w\" sizes=\"(max-width: 507px) 100vw, 507px\" \/><br \/>\nEn el museo m\u00f3vil de \u201cYouth on the Move\u201d (Universidad Humboldt, Berl\u00edn, 2013), la calle se convierte en un museo, as\u00ed como en la instalaci\u00f3n espacial de una ciudad \u201cP\u00e9cs \u2013 F\u00fcnfkirchen \u2013 Pecuh, Bilder einer multiethnischen Stadt\u201d (Dic 2009 \u2013 Junio 2010, P\u00e9cs, sur de Hungr\u00eda). Este fue un proyecto expositivo como un mapa mental en el museo y al aire libre, con ocasi\u00f3n de la \u201cCapital Europea de la Cultura 2010\u201d.<\/p>\n<p><img loading=\"lazy\" class=\"alignnone size-full wp-image-478\" src=\"http:\/\/encounters-magazine.com\/es\/wp-content\/uploads\/sites\/4\/2013\/08\/xaver_9.jpg\" alt=\"xaver_9\" width=\"507\" height=\"179\" srcset=\"http:\/\/encounters-magazine.com\/es\/wp-content\/uploads\/sites\/4\/2013\/08\/xaver_9.jpg 507w, http:\/\/encounters-magazine.com\/es\/wp-content\/uploads\/sites\/4\/2013\/08\/xaver_9-300x105.jpg 300w\" sizes=\"(max-width: 507px) 100vw, 507px\" \/><\/p>\n<p>Los principios que gu\u00edan mi trabajo son: recopilar, procesar y compartir, as\u00ed como ver, dise\u00f1ar y comunicar.<\/p>\n<blockquote><p>Xaver Victor Schneider es arquitecto y escen\u00f3grafo. Su experiencia laboral en M\u00fanich, Londres, Salzburgo y Berl\u00edn incluye: arquitectura\/ingenier\u00eda, conceptos de interior y expansiones, dise\u00f1o de exposiciones para museos y escenograf\u00eda con equipamiento t\u00e9cnico. Actualmente reside en Berl\u00edn.<\/p><\/blockquote>\n","protected":false},"excerpt":{"rendered":"<p>Todas mis instalaciones muse\u00edsticas son piezas \u00fanicas caracterizadas por una disputa art\u00edstica con el lugar y el tema en cuesti\u00f3n. Con este prop\u00f3sito trabajo con museos como escen\u00f3grafo internacional, tratando tem\u00e1ticas dif\u00edciles de abordar con pocos objetos muse\u00edsticos en un plano art\u00edstico. As\u00ed fue en la exposici\u00f3n itinerante \u201cPictures in our Head\u201d (2010 Marstallmuseum Schlo\u00df [&hellip;]<\/p>\n","protected":false},"author":4,"featured_media":469,"parent":463,"menu_order":3,"comment_status":"open","ping_status":"open","template":"page.php","meta":[],"acf":[],"yoast_head":"<!-- This site is optimized with the Yoast SEO plugin v17.9 - https:\/\/yoast.com\/wordpress\/plugins\/seo\/ -->\n<title>Puertas hacia otro mundo - ENCOUNTERS MAGAZINE. By Santacruz International Communication<\/title>\n<meta name=\"description\" content=\"ENCOUNTERS MAGAZINE by Santacruz International Communication invites you to discover engaging people, places and ideas around the globe.\" \/>\n<meta name=\"robots\" content=\"index, follow, max-snippet:-1, max-image-preview:large, max-video-preview:-1\" \/>\n<link rel=\"canonical\" href=\"http:\/\/encounters-magazine.com\/es\/encounters-six\/puertas-hacia-otro-mundo\/\" \/>\n<meta property=\"og:locale\" content=\"es_ES\" \/>\n<meta property=\"og:type\" content=\"article\" \/>\n<meta property=\"og:title\" content=\"Puertas hacia otro mundo - ENCOUNTERS MAGAZINE. By Santacruz International Communication\" \/>\n<meta property=\"og:description\" content=\"ENCOUNTERS MAGAZINE by Santacruz International Communication invites you to discover engaging people, places and ideas around the globe.\" \/>\n<meta property=\"og:url\" content=\"http:\/\/encounters-magazine.com\/es\/encounters-six\/puertas-hacia-otro-mundo\/\" \/>\n<meta property=\"og:site_name\" content=\"ES - ENCOUNTERS MAGAZINE\" \/>\n<meta property=\"article:publisher\" content=\"https:\/\/www.facebook.com\/lino.santacruz.5\" \/>\n<meta property=\"article:modified_time\" content=\"2022-01-21T21:27:57+00:00\" \/>\n<meta property=\"og:image\" content=\"http:\/\/encounters-magazine.com\/es\/wp-content\/uploads\/sites\/4\/2013\/08\/xaver_portrait2.jpg\" \/>\n\t<meta property=\"og:image:width\" content=\"110\" \/>\n\t<meta property=\"og:image:height\" content=\"80\" \/>\n\t<meta property=\"og:image:type\" content=\"image\/jpeg\" \/>\n<meta name=\"twitter:card\" content=\"summary\" \/>\n<meta name=\"twitter:site\" content=\"@LinoSantacruz\" \/>\n<meta name=\"twitter:label1\" content=\"Tiempo de lectura\" \/>\n\t<meta name=\"twitter:data1\" content=\"4 minutos\" \/>\n<script type=\"application\/ld+json\" class=\"yoast-schema-graph\">{\"@context\":\"https:\/\/schema.org\",\"@graph\":[{\"@type\":\"Organization\",\"@id\":\"https:\/\/encounters-magazine.com\/es\/#organization\",\"name\":\"SANTACRUZ INTERNATIONAL COMMUNICATION\",\"url\":\"https:\/\/encounters-magazine.com\/es\/\",\"sameAs\":[\"https:\/\/www.facebook.com\/lino.santacruz.5\",\"https:\/\/de.linkedin.com\/pub\/lino-santacruz\/a\/806\/417\/de\",\"https:\/\/twitter.com\/LinoSantacruz\"],\"logo\":{\"@type\":\"ImageObject\",\"@id\":\"https:\/\/encounters-magazine.com\/es\/#logo\",\"inLanguage\":\"es\",\"url\":\"http:\/\/encounters-magazine.com\/es\/wp-content\/uploads\/sites\/4\/2015\/10\/sic-logo.png\",\"contentUrl\":\"http:\/\/encounters-magazine.com\/es\/wp-content\/uploads\/sites\/4\/2015\/10\/sic-logo.png\",\"width\":106,\"height\":106,\"caption\":\"SANTACRUZ INTERNATIONAL COMMUNICATION\"},\"image\":{\"@id\":\"https:\/\/encounters-magazine.com\/es\/#logo\"}},{\"@type\":\"WebSite\",\"@id\":\"https:\/\/encounters-magazine.com\/es\/#website\",\"url\":\"https:\/\/encounters-magazine.com\/es\/\",\"name\":\"ES - ENCOUNTERS MAGAZINE\",\"description\":\"\",\"publisher\":{\"@id\":\"https:\/\/encounters-magazine.com\/es\/#organization\"},\"potentialAction\":[{\"@type\":\"SearchAction\",\"target\":{\"@type\":\"EntryPoint\",\"urlTemplate\":\"https:\/\/encounters-magazine.com\/es\/?s={search_term_string}\"},\"query-input\":\"required name=search_term_string\"}],\"inLanguage\":\"es\"},{\"@type\":\"ImageObject\",\"@id\":\"http:\/\/encounters-magazine.com\/es\/encounters-six\/puertas-hacia-otro-mundo\/#primaryimage\",\"inLanguage\":\"es\",\"url\":\"http:\/\/encounters-magazine.com\/es\/wp-content\/uploads\/sites\/4\/2013\/08\/xaver_portrait2.jpg\",\"contentUrl\":\"http:\/\/encounters-magazine.com\/es\/wp-content\/uploads\/sites\/4\/2013\/08\/xaver_portrait2.jpg\",\"width\":110,\"height\":80,\"caption\":\"Xaver Victor Schneider\"},{\"@type\":\"WebPage\",\"@id\":\"http:\/\/encounters-magazine.com\/es\/encounters-six\/puertas-hacia-otro-mundo\/#webpage\",\"url\":\"http:\/\/encounters-magazine.com\/es\/encounters-six\/puertas-hacia-otro-mundo\/\",\"name\":\"Puertas hacia otro mundo - ENCOUNTERS MAGAZINE. By Santacruz International Communication\",\"isPartOf\":{\"@id\":\"https:\/\/encounters-magazine.com\/es\/#website\"},\"primaryImageOfPage\":{\"@id\":\"http:\/\/encounters-magazine.com\/es\/encounters-six\/puertas-hacia-otro-mundo\/#primaryimage\"},\"datePublished\":\"2015-04-16T20:26:45+00:00\",\"dateModified\":\"2022-01-21T21:27:57+00:00\",\"description\":\"ENCOUNTERS MAGAZINE by Santacruz International Communication invites you to discover engaging people, places and ideas around the globe.\",\"breadcrumb\":{\"@id\":\"http:\/\/encounters-magazine.com\/es\/encounters-six\/puertas-hacia-otro-mundo\/#breadcrumb\"},\"inLanguage\":\"es\",\"potentialAction\":[{\"@type\":\"ReadAction\",\"target\":[\"http:\/\/encounters-magazine.com\/es\/encounters-six\/puertas-hacia-otro-mundo\/\"]}]},{\"@type\":\"BreadcrumbList\",\"@id\":\"http:\/\/encounters-magazine.com\/es\/encounters-six\/puertas-hacia-otro-mundo\/#breadcrumb\",\"itemListElement\":[{\"@type\":\"ListItem\",\"position\":1,\"name\":\"Home\",\"item\":\"https:\/\/encounters-magazine.com\/es\/\"},{\"@type\":\"ListItem\",\"position\":2,\"name\":\"Encounters Six\",\"item\":\"https:\/\/encounters-magazine.com\/es\/encounters-six\/\"},{\"@type\":\"ListItem\",\"position\":3,\"name\":\"Puertas hacia otro mundo\"}]}]}<\/script>\n<!-- \/ Yoast SEO plugin. -->","yoast_head_json":{"title":"Puertas hacia otro mundo - ENCOUNTERS MAGAZINE. By Santacruz International Communication","description":"ENCOUNTERS MAGAZINE by Santacruz International Communication invites you to discover engaging people, places and ideas around the globe.","robots":{"index":"index","follow":"follow","max-snippet":"max-snippet:-1","max-image-preview":"max-image-preview:large","max-video-preview":"max-video-preview:-1"},"canonical":"http:\/\/encounters-magazine.com\/es\/encounters-six\/puertas-hacia-otro-mundo\/","og_locale":"es_ES","og_type":"article","og_title":"Puertas hacia otro mundo - ENCOUNTERS MAGAZINE. By Santacruz International Communication","og_description":"ENCOUNTERS MAGAZINE by Santacruz International Communication invites you to discover engaging people, places and ideas around the globe.","og_url":"http:\/\/encounters-magazine.com\/es\/encounters-six\/puertas-hacia-otro-mundo\/","og_site_name":"ES - ENCOUNTERS MAGAZINE","article_publisher":"https:\/\/www.facebook.com\/lino.santacruz.5","article_modified_time":"2022-01-21T21:27:57+00:00","og_image":[{"width":110,"height":80,"url":"http:\/\/encounters-magazine.com\/es\/wp-content\/uploads\/sites\/4\/2013\/08\/xaver_portrait2.jpg","type":"image\/jpeg"}],"twitter_card":"summary","twitter_site":"@LinoSantacruz","twitter_misc":{"Tiempo de lectura":"4 minutos"},"schema":{"@context":"https:\/\/schema.org","@graph":[{"@type":"Organization","@id":"https:\/\/encounters-magazine.com\/es\/#organization","name":"SANTACRUZ INTERNATIONAL COMMUNICATION","url":"https:\/\/encounters-magazine.com\/es\/","sameAs":["https:\/\/www.facebook.com\/lino.santacruz.5","https:\/\/de.linkedin.com\/pub\/lino-santacruz\/a\/806\/417\/de","https:\/\/twitter.com\/LinoSantacruz"],"logo":{"@type":"ImageObject","@id":"https:\/\/encounters-magazine.com\/es\/#logo","inLanguage":"es","url":"http:\/\/encounters-magazine.com\/es\/wp-content\/uploads\/sites\/4\/2015\/10\/sic-logo.png","contentUrl":"http:\/\/encounters-magazine.com\/es\/wp-content\/uploads\/sites\/4\/2015\/10\/sic-logo.png","width":106,"height":106,"caption":"SANTACRUZ INTERNATIONAL COMMUNICATION"},"image":{"@id":"https:\/\/encounters-magazine.com\/es\/#logo"}},{"@type":"WebSite","@id":"https:\/\/encounters-magazine.com\/es\/#website","url":"https:\/\/encounters-magazine.com\/es\/","name":"ES - ENCOUNTERS MAGAZINE","description":"","publisher":{"@id":"https:\/\/encounters-magazine.com\/es\/#organization"},"potentialAction":[{"@type":"SearchAction","target":{"@type":"EntryPoint","urlTemplate":"https:\/\/encounters-magazine.com\/es\/?s={search_term_string}"},"query-input":"required name=search_term_string"}],"inLanguage":"es"},{"@type":"ImageObject","@id":"http:\/\/encounters-magazine.com\/es\/encounters-six\/puertas-hacia-otro-mundo\/#primaryimage","inLanguage":"es","url":"http:\/\/encounters-magazine.com\/es\/wp-content\/uploads\/sites\/4\/2013\/08\/xaver_portrait2.jpg","contentUrl":"http:\/\/encounters-magazine.com\/es\/wp-content\/uploads\/sites\/4\/2013\/08\/xaver_portrait2.jpg","width":110,"height":80,"caption":"Xaver Victor Schneider"},{"@type":"WebPage","@id":"http:\/\/encounters-magazine.com\/es\/encounters-six\/puertas-hacia-otro-mundo\/#webpage","url":"http:\/\/encounters-magazine.com\/es\/encounters-six\/puertas-hacia-otro-mundo\/","name":"Puertas hacia otro mundo - ENCOUNTERS MAGAZINE. By Santacruz International Communication","isPartOf":{"@id":"https:\/\/encounters-magazine.com\/es\/#website"},"primaryImageOfPage":{"@id":"http:\/\/encounters-magazine.com\/es\/encounters-six\/puertas-hacia-otro-mundo\/#primaryimage"},"datePublished":"2015-04-16T20:26:45+00:00","dateModified":"2022-01-21T21:27:57+00:00","description":"ENCOUNTERS MAGAZINE by Santacruz International Communication invites you to discover engaging people, places and ideas around the globe.","breadcrumb":{"@id":"http:\/\/encounters-magazine.com\/es\/encounters-six\/puertas-hacia-otro-mundo\/#breadcrumb"},"inLanguage":"es","potentialAction":[{"@type":"ReadAction","target":["http:\/\/encounters-magazine.com\/es\/encounters-six\/puertas-hacia-otro-mundo\/"]}]},{"@type":"BreadcrumbList","@id":"http:\/\/encounters-magazine.com\/es\/encounters-six\/puertas-hacia-otro-mundo\/#breadcrumb","itemListElement":[{"@type":"ListItem","position":1,"name":"Home","item":"https:\/\/encounters-magazine.com\/es\/"},{"@type":"ListItem","position":2,"name":"Encounters Six","item":"https:\/\/encounters-magazine.com\/es\/encounters-six\/"},{"@type":"ListItem","position":3,"name":"Puertas hacia otro mundo"}]}]}},"_links":{"self":[{"href":"http:\/\/encounters-magazine.com\/es\/wp-json\/wp\/v2\/pages\/1211"}],"collection":[{"href":"http:\/\/encounters-magazine.com\/es\/wp-json\/wp\/v2\/pages"}],"about":[{"href":"http:\/\/encounters-magazine.com\/es\/wp-json\/wp\/v2\/types\/page"}],"author":[{"embeddable":true,"href":"http:\/\/encounters-magazine.com\/es\/wp-json\/wp\/v2\/users\/4"}],"replies":[{"embeddable":true,"href":"http:\/\/encounters-magazine.com\/es\/wp-json\/wp\/v2\/comments?post=1211"}],"version-history":[{"count":3,"href":"http:\/\/encounters-magazine.com\/es\/wp-json\/wp\/v2\/pages\/1211\/revisions"}],"predecessor-version":[{"id":1372,"href":"http:\/\/encounters-magazine.com\/es\/wp-json\/wp\/v2\/pages\/1211\/revisions\/1372"}],"up":[{"embeddable":true,"href":"http:\/\/encounters-magazine.com\/es\/wp-json\/wp\/v2\/pages\/463"}],"wp:featuredmedia":[{"embeddable":true,"href":"http:\/\/encounters-magazine.com\/es\/wp-json\/wp\/v2\/media\/469"}],"wp:attachment":[{"href":"http:\/\/encounters-magazine.com\/es\/wp-json\/wp\/v2\/media?parent=1211"}],"curies":[{"name":"wp","href":"https:\/\/api.w.org\/{rel}","templated":true}]}}