{"id":1181,"date":"2015-04-16T20:08:58","date_gmt":"2015-04-16T20:08:58","guid":{"rendered":"http:\/\/encounters-magazine.com\/es\/?page_id=1181"},"modified":"2015-04-16T20:09:28","modified_gmt":"2015-04-16T20:09:28","slug":"brasil-un-modelo-de-convivencia-pacifica","status":"publish","type":"page","link":"http:\/\/encounters-magazine.com\/es\/encounters-four\/brasil-un-modelo-de-convivencia-pacifica\/","title":{"rendered":"Brasil \u2013 Un modelo de convivencia pac\u00edfica"},"content":{"rendered":"<p>En el a\u00f1o 2001, un grupo de amigos de los dos pa\u00edses fundamos la Deutsch-Brasilianische Freundschaftsvereinigung e.V. (Asociaci\u00f3n de Amistad Germano-Brasile\u00f1a, www.freundschaftsvereinigung.com). Se trata de una organizaci\u00f3n caritativa sin \u00e1nimo de lucro, cuyo objetivo es fortalecer las conexiones sociales y culturales entre ambos pa\u00edses.<\/p>\n<p><img loading=\"lazy\" src=\"http:\/\/encounters-magazine.com\/es\/wp-content\/uploads\/sites\/4\/2013\/06\/Wagner_2.jpg\" alt=\"Wagner_2\" width=\"507\" height=\"380\" class=\"alignnone size-full wp-image-270\" srcset=\"http:\/\/encounters-magazine.com\/es\/wp-content\/uploads\/sites\/4\/2013\/06\/Wagner_2.jpg 507w, http:\/\/encounters-magazine.com\/es\/wp-content\/uploads\/sites\/4\/2013\/06\/Wagner_2-300x224.jpg 300w\" sizes=\"(max-width: 507px) 100vw, 507px\" \/><\/p>\n<p>Para promover esta finalidad damos nuestro apoyo a la Creche Escola  Dr. Renato Veloso Lima, en Salvador de Bah\u00eda. All\u00ed se atiende diariamente a unos 180 ni\u00f1os de entre 1 y 6 a\u00f1os de edad, provenientes de familias socialmente desfavorecidas. En Brasil faltan organizaciones estatales para la asistencia a ni\u00f1os en esta edad.<\/p>\n<p><img loading=\"lazy\" src=\"http:\/\/encounters-magazine.com\/es\/wp-content\/uploads\/sites\/4\/2013\/06\/Wagner_3.jpg\" alt=\"Wagner_3\" width=\"507\" height=\"380\" class=\"alignnone size-full wp-image-271\" srcset=\"http:\/\/encounters-magazine.com\/es\/wp-content\/uploads\/sites\/4\/2013\/06\/Wagner_3.jpg 507w, http:\/\/encounters-magazine.com\/es\/wp-content\/uploads\/sites\/4\/2013\/06\/Wagner_3-300x224.jpg 300w\" sizes=\"(max-width: 507px) 100vw, 507px\" \/><\/p>\n<h2> Pobreza hay en todas partes. \u00bfPor qu\u00e9 nos comprometemos con Brasil? <\/h2>\n<p>Brasil puede considerarse como un modelo a seguir para la convivencia pac\u00edfica entre las personas. La constataci\u00f3n de Euclides da Cunha de que no hay una \u201craza brasile\u00f1a\u201d (Nao h\u00e1 um tipo antrop\u00f3logico brasileiro) reivindica su vigencia hasta hoy. La naci\u00f3n brasile\u00f1a radica en la mezcla libre y sin trabas de todas las razas y colores. De esta manera, con el paso de los siglos, los abor\u00edgenes indios se han mezclado con los portugueses, con los negros que fueron tra\u00eddos de \u00c1frica para trabajar como esclavos y con los numerosos inmigrantes de Italia, pero tambi\u00e9n de Francia y Alemania.<\/p>\n<p><img loading=\"lazy\" src=\"http:\/\/encounters-magazine.com\/es\/wp-content\/uploads\/sites\/4\/2013\/06\/Wagner_4.jpg\" alt=\"Wagner_4\" width=\"507\" height=\"380\" class=\"alignnone size-full wp-image-272\" srcset=\"http:\/\/encounters-magazine.com\/es\/wp-content\/uploads\/sites\/4\/2013\/06\/Wagner_4.jpg 507w, http:\/\/encounters-magazine.com\/es\/wp-content\/uploads\/sites\/4\/2013\/06\/Wagner_4-300x224.jpg 300w\" sizes=\"(max-width: 507px) 100vw, 507px\" \/><\/p>\n<p>Los jesuitas son en gran parte responsables de esta mezcla, ya que pronto concibieron esta tierra como una oportunidad para construir una sociedad nueva sin diferencias sociales ni esclavitud. A diferencia de la Iglesia espa\u00f1ola, los hijos de los colonialistas portugueses, los ind\u00edgenas y los esclavos fueron considerados desde el principio como hijos de Dios con los mismos derechos. El efecto positivo se palpa hasta el d\u00eda de hoy. <\/p>\n<p><img loading=\"lazy\" src=\"http:\/\/encounters-magazine.com\/es\/wp-content\/uploads\/sites\/4\/2013\/06\/Wagner_5.jpg\" alt=\"Wagner_5\" width=\"507\" height=\"380\" class=\"alignnone size-full wp-image-273\" srcset=\"http:\/\/encounters-magazine.com\/es\/wp-content\/uploads\/sites\/4\/2013\/06\/Wagner_5.jpg 507w, http:\/\/encounters-magazine.com\/es\/wp-content\/uploads\/sites\/4\/2013\/06\/Wagner_5-300x224.jpg 300w\" sizes=\"(max-width: 507px) 100vw, 507px\" \/><\/p>\n<p>Sin embargo en Brasil, como en todas partes, tambi\u00e9n hay delincuencia. Pero \u00e9sta es b\u00e1sicamente generada por la pobreza. La delincuencia en Brasil nunca es llevada por el odio abstracto a otras razas, religiones, clases o formas de vida. Brasil no tiene problemas \u00e9tnicos o religiosos notables, no se conoce la apat\u00eda de los intentos de suicidio o los ataques homicidas. El lenguaje brasile\u00f1o no abarca ni una sola alusi\u00f3n a insultos tan extendidos en otras partes para difamar a otras etnias. La diversidad de tonos que se encuentran en la poblaci\u00f3n se describe m\u00e1s bien de una forma gr\u00e1fica y afectuosa (\u201ecaf\u00e9 com leite\u201c,  \u201eleite com caf\u00e9\u201c), sin que ello tenga la m\u00e1s m\u00ednima connotaci\u00f3n de menosprecio.<br \/>\nA este respecto, la sociedad brasile\u00f1a sirve de ejemplo para otros pa\u00edses, en los que el pensamiento se encuentra a\u00fan firmemente anclado en categor\u00edas de razas, clases y pertenencias religiosas. Si todos nosotros pudi\u00e9semos superar estas barreras, el mundo ser\u00eda un lugar mejor.<\/p>\n<p><img loading=\"lazy\" src=\"http:\/\/encounters-magazine.com\/es\/wp-content\/uploads\/sites\/4\/2013\/06\/Wagner_6.jpg\" alt=\"Wagner_6\" width=\"507\" height=\"676\" class=\"alignnone size-full wp-image-274\" srcset=\"http:\/\/encounters-magazine.com\/es\/wp-content\/uploads\/sites\/4\/2013\/06\/Wagner_6.jpg 507w, http:\/\/encounters-magazine.com\/es\/wp-content\/uploads\/sites\/4\/2013\/06\/Wagner_6-225x300.jpg 225w\" sizes=\"(max-width: 507px) 100vw, 507px\" \/><\/p>\n<blockquote><p>El Dr. Kay Wagner naci\u00f3 en 1972. Estudi\u00f3 derecho en Marburgo, Potsdam y Ciudad del Cabo. Ejerce como abogado en el campo del entretenimiento y los medios de comunicaci\u00f3n (kay.wagner@ihde.de). <\/p><\/blockquote>\n","protected":false},"excerpt":{"rendered":"<p>En el a\u00f1o 2001, un grupo de amigos de los dos pa\u00edses fundamos la Deutsch-Brasilianische Freundschaftsvereinigung e.V. (Asociaci\u00f3n de Amistad Germano-Brasile\u00f1a, www.freundschaftsvereinigung.com). Se trata de una organizaci\u00f3n caritativa sin \u00e1nimo de lucro, cuyo objetivo es fortalecer las conexiones sociales y culturales entre ambos pa\u00edses. Para promover esta finalidad damos nuestro apoyo a la Creche Escola [&hellip;]<\/p>\n","protected":false},"author":4,"featured_media":276,"parent":332,"menu_order":4,"comment_status":"open","ping_status":"open","template":"page.php","meta":[],"acf":[],"yoast_head":"<!-- This site is optimized with the Yoast SEO plugin v17.9 - https:\/\/yoast.com\/wordpress\/plugins\/seo\/ -->\n<title>Brasil \u2013 Un modelo de convivencia pac\u00edfica - ENCOUNTERS MAGAZINE. By Santacruz International Communication<\/title>\n<meta name=\"description\" content=\"ENCOUNTERS MAGAZINE by Santacruz International Communication invites you to discover engaging people, places and ideas around the globe.\" \/>\n<meta name=\"robots\" content=\"index, follow, max-snippet:-1, max-image-preview:large, max-video-preview:-1\" \/>\n<link rel=\"canonical\" href=\"http:\/\/encounters-magazine.com\/es\/encounters-four\/brasil-un-modelo-de-convivencia-pacifica\/\" \/>\n<meta property=\"og:locale\" content=\"es_ES\" \/>\n<meta property=\"og:type\" content=\"article\" \/>\n<meta property=\"og:title\" content=\"Brasil \u2013 Un modelo de convivencia pac\u00edfica - ENCOUNTERS MAGAZINE. By Santacruz International Communication\" \/>\n<meta property=\"og:description\" content=\"ENCOUNTERS MAGAZINE by Santacruz International Communication invites you to discover engaging people, places and ideas around the globe.\" \/>\n<meta property=\"og:url\" content=\"http:\/\/encounters-magazine.com\/es\/encounters-four\/brasil-un-modelo-de-convivencia-pacifica\/\" \/>\n<meta property=\"og:site_name\" content=\"ES - ENCOUNTERS MAGAZINE\" \/>\n<meta property=\"article:publisher\" content=\"https:\/\/www.facebook.com\/lino.santacruz.5\" \/>\n<meta property=\"article:modified_time\" content=\"2015-04-16T20:09:28+00:00\" \/>\n<meta property=\"og:image\" content=\"http:\/\/encounters-magazine.com\/es\/wp-content\/uploads\/sites\/4\/2013\/06\/Wagner_Portrait.jpg\" \/>\n\t<meta property=\"og:image:width\" content=\"100\" \/>\n\t<meta property=\"og:image:height\" content=\"80\" \/>\n\t<meta property=\"og:image:type\" content=\"image\/jpeg\" \/>\n<meta name=\"twitter:card\" content=\"summary\" \/>\n<meta name=\"twitter:site\" content=\"@LinoSantacruz\" \/>\n<meta name=\"twitter:label1\" content=\"Tiempo de lectura\" \/>\n\t<meta name=\"twitter:data1\" content=\"3 minutos\" \/>\n<script type=\"application\/ld+json\" class=\"yoast-schema-graph\">{\"@context\":\"https:\/\/schema.org\",\"@graph\":[{\"@type\":\"Organization\",\"@id\":\"http:\/\/encounters-magazine.com\/es\/#organization\",\"name\":\"SANTACRUZ INTERNATIONAL COMMUNICATION\",\"url\":\"http:\/\/encounters-magazine.com\/es\/\",\"sameAs\":[\"https:\/\/www.facebook.com\/lino.santacruz.5\",\"https:\/\/de.linkedin.com\/pub\/lino-santacruz\/a\/806\/417\/de\",\"https:\/\/twitter.com\/LinoSantacruz\"],\"logo\":{\"@type\":\"ImageObject\",\"@id\":\"http:\/\/encounters-magazine.com\/es\/#logo\",\"inLanguage\":\"es\",\"url\":\"http:\/\/encounters-magazine.com\/es\/wp-content\/uploads\/sites\/4\/2015\/10\/sic-logo.png\",\"contentUrl\":\"http:\/\/encounters-magazine.com\/es\/wp-content\/uploads\/sites\/4\/2015\/10\/sic-logo.png\",\"width\":106,\"height\":106,\"caption\":\"SANTACRUZ INTERNATIONAL COMMUNICATION\"},\"image\":{\"@id\":\"http:\/\/encounters-magazine.com\/es\/#logo\"}},{\"@type\":\"WebSite\",\"@id\":\"http:\/\/encounters-magazine.com\/es\/#website\",\"url\":\"http:\/\/encounters-magazine.com\/es\/\",\"name\":\"ES - ENCOUNTERS MAGAZINE\",\"description\":\"\",\"publisher\":{\"@id\":\"http:\/\/encounters-magazine.com\/es\/#organization\"},\"potentialAction\":[{\"@type\":\"SearchAction\",\"target\":{\"@type\":\"EntryPoint\",\"urlTemplate\":\"http:\/\/encounters-magazine.com\/es\/?s={search_term_string}\"},\"query-input\":\"required name=search_term_string\"}],\"inLanguage\":\"es\"},{\"@type\":\"ImageObject\",\"@id\":\"http:\/\/encounters-magazine.com\/es\/encounters-four\/brasil-un-modelo-de-convivencia-pacifica\/#primaryimage\",\"inLanguage\":\"es\",\"url\":\"http:\/\/encounters-magazine.com\/es\/wp-content\/uploads\/sites\/4\/2013\/06\/Wagner_Portrait.jpg\",\"contentUrl\":\"http:\/\/encounters-magazine.com\/es\/wp-content\/uploads\/sites\/4\/2013\/06\/Wagner_Portrait.jpg\",\"width\":100,\"height\":80,\"caption\":\"Kay Wagner\"},{\"@type\":\"WebPage\",\"@id\":\"http:\/\/encounters-magazine.com\/es\/encounters-four\/brasil-un-modelo-de-convivencia-pacifica\/#webpage\",\"url\":\"http:\/\/encounters-magazine.com\/es\/encounters-four\/brasil-un-modelo-de-convivencia-pacifica\/\",\"name\":\"Brasil \\u2013 Un modelo de convivencia pac\\u00edfica - ENCOUNTERS MAGAZINE. By Santacruz International Communication\",\"isPartOf\":{\"@id\":\"http:\/\/encounters-magazine.com\/es\/#website\"},\"primaryImageOfPage\":{\"@id\":\"http:\/\/encounters-magazine.com\/es\/encounters-four\/brasil-un-modelo-de-convivencia-pacifica\/#primaryimage\"},\"datePublished\":\"2015-04-16T20:08:58+00:00\",\"dateModified\":\"2015-04-16T20:09:28+00:00\",\"description\":\"ENCOUNTERS MAGAZINE by Santacruz International Communication invites you to discover engaging people, places and ideas around the globe.\",\"breadcrumb\":{\"@id\":\"http:\/\/encounters-magazine.com\/es\/encounters-four\/brasil-un-modelo-de-convivencia-pacifica\/#breadcrumb\"},\"inLanguage\":\"es\",\"potentialAction\":[{\"@type\":\"ReadAction\",\"target\":[\"http:\/\/encounters-magazine.com\/es\/encounters-four\/brasil-un-modelo-de-convivencia-pacifica\/\"]}]},{\"@type\":\"BreadcrumbList\",\"@id\":\"http:\/\/encounters-magazine.com\/es\/encounters-four\/brasil-un-modelo-de-convivencia-pacifica\/#breadcrumb\",\"itemListElement\":[{\"@type\":\"ListItem\",\"position\":1,\"name\":\"Home\",\"item\":\"http:\/\/encounters-magazine.com\/es\/\"},{\"@type\":\"ListItem\",\"position\":2,\"name\":\"Encounters Four\",\"item\":\"https:\/\/encounters-magazine.com\/es\/encounters-four\/\"},{\"@type\":\"ListItem\",\"position\":3,\"name\":\"Brasil \\u2013 Un modelo de convivencia pac\\u00edfica\"}]}]}<\/script>\n<!-- \/ Yoast SEO plugin. -->","yoast_head_json":{"title":"Brasil \u2013 Un modelo de convivencia pac\u00edfica - ENCOUNTERS MAGAZINE. By Santacruz International Communication","description":"ENCOUNTERS MAGAZINE by Santacruz International Communication invites you to discover engaging people, places and ideas around the globe.","robots":{"index":"index","follow":"follow","max-snippet":"max-snippet:-1","max-image-preview":"max-image-preview:large","max-video-preview":"max-video-preview:-1"},"canonical":"http:\/\/encounters-magazine.com\/es\/encounters-four\/brasil-un-modelo-de-convivencia-pacifica\/","og_locale":"es_ES","og_type":"article","og_title":"Brasil \u2013 Un modelo de convivencia pac\u00edfica - ENCOUNTERS MAGAZINE. By Santacruz International Communication","og_description":"ENCOUNTERS MAGAZINE by Santacruz International Communication invites you to discover engaging people, places and ideas around the globe.","og_url":"http:\/\/encounters-magazine.com\/es\/encounters-four\/brasil-un-modelo-de-convivencia-pacifica\/","og_site_name":"ES - ENCOUNTERS MAGAZINE","article_publisher":"https:\/\/www.facebook.com\/lino.santacruz.5","article_modified_time":"2015-04-16T20:09:28+00:00","og_image":[{"width":100,"height":80,"url":"http:\/\/encounters-magazine.com\/es\/wp-content\/uploads\/sites\/4\/2013\/06\/Wagner_Portrait.jpg","type":"image\/jpeg"}],"twitter_card":"summary","twitter_site":"@LinoSantacruz","twitter_misc":{"Tiempo de lectura":"3 minutos"},"schema":{"@context":"https:\/\/schema.org","@graph":[{"@type":"Organization","@id":"http:\/\/encounters-magazine.com\/es\/#organization","name":"SANTACRUZ INTERNATIONAL COMMUNICATION","url":"http:\/\/encounters-magazine.com\/es\/","sameAs":["https:\/\/www.facebook.com\/lino.santacruz.5","https:\/\/de.linkedin.com\/pub\/lino-santacruz\/a\/806\/417\/de","https:\/\/twitter.com\/LinoSantacruz"],"logo":{"@type":"ImageObject","@id":"http:\/\/encounters-magazine.com\/es\/#logo","inLanguage":"es","url":"http:\/\/encounters-magazine.com\/es\/wp-content\/uploads\/sites\/4\/2015\/10\/sic-logo.png","contentUrl":"http:\/\/encounters-magazine.com\/es\/wp-content\/uploads\/sites\/4\/2015\/10\/sic-logo.png","width":106,"height":106,"caption":"SANTACRUZ INTERNATIONAL COMMUNICATION"},"image":{"@id":"http:\/\/encounters-magazine.com\/es\/#logo"}},{"@type":"WebSite","@id":"http:\/\/encounters-magazine.com\/es\/#website","url":"http:\/\/encounters-magazine.com\/es\/","name":"ES - ENCOUNTERS MAGAZINE","description":"","publisher":{"@id":"http:\/\/encounters-magazine.com\/es\/#organization"},"potentialAction":[{"@type":"SearchAction","target":{"@type":"EntryPoint","urlTemplate":"http:\/\/encounters-magazine.com\/es\/?s={search_term_string}"},"query-input":"required name=search_term_string"}],"inLanguage":"es"},{"@type":"ImageObject","@id":"http:\/\/encounters-magazine.com\/es\/encounters-four\/brasil-un-modelo-de-convivencia-pacifica\/#primaryimage","inLanguage":"es","url":"http:\/\/encounters-magazine.com\/es\/wp-content\/uploads\/sites\/4\/2013\/06\/Wagner_Portrait.jpg","contentUrl":"http:\/\/encounters-magazine.com\/es\/wp-content\/uploads\/sites\/4\/2013\/06\/Wagner_Portrait.jpg","width":100,"height":80,"caption":"Kay Wagner"},{"@type":"WebPage","@id":"http:\/\/encounters-magazine.com\/es\/encounters-four\/brasil-un-modelo-de-convivencia-pacifica\/#webpage","url":"http:\/\/encounters-magazine.com\/es\/encounters-four\/brasil-un-modelo-de-convivencia-pacifica\/","name":"Brasil \u2013 Un modelo de convivencia pac\u00edfica - ENCOUNTERS MAGAZINE. By Santacruz International Communication","isPartOf":{"@id":"http:\/\/encounters-magazine.com\/es\/#website"},"primaryImageOfPage":{"@id":"http:\/\/encounters-magazine.com\/es\/encounters-four\/brasil-un-modelo-de-convivencia-pacifica\/#primaryimage"},"datePublished":"2015-04-16T20:08:58+00:00","dateModified":"2015-04-16T20:09:28+00:00","description":"ENCOUNTERS MAGAZINE by Santacruz International Communication invites you to discover engaging people, places and ideas around the globe.","breadcrumb":{"@id":"http:\/\/encounters-magazine.com\/es\/encounters-four\/brasil-un-modelo-de-convivencia-pacifica\/#breadcrumb"},"inLanguage":"es","potentialAction":[{"@type":"ReadAction","target":["http:\/\/encounters-magazine.com\/es\/encounters-four\/brasil-un-modelo-de-convivencia-pacifica\/"]}]},{"@type":"BreadcrumbList","@id":"http:\/\/encounters-magazine.com\/es\/encounters-four\/brasil-un-modelo-de-convivencia-pacifica\/#breadcrumb","itemListElement":[{"@type":"ListItem","position":1,"name":"Home","item":"http:\/\/encounters-magazine.com\/es\/"},{"@type":"ListItem","position":2,"name":"Encounters Four","item":"https:\/\/encounters-magazine.com\/es\/encounters-four\/"},{"@type":"ListItem","position":3,"name":"Brasil \u2013 Un modelo de convivencia pac\u00edfica"}]}]}},"_links":{"self":[{"href":"http:\/\/encounters-magazine.com\/es\/wp-json\/wp\/v2\/pages\/1181"}],"collection":[{"href":"http:\/\/encounters-magazine.com\/es\/wp-json\/wp\/v2\/pages"}],"about":[{"href":"http:\/\/encounters-magazine.com\/es\/wp-json\/wp\/v2\/types\/page"}],"author":[{"embeddable":true,"href":"http:\/\/encounters-magazine.com\/es\/wp-json\/wp\/v2\/users\/4"}],"replies":[{"embeddable":true,"href":"http:\/\/encounters-magazine.com\/es\/wp-json\/wp\/v2\/comments?post=1181"}],"version-history":[{"count":1,"href":"http:\/\/encounters-magazine.com\/es\/wp-json\/wp\/v2\/pages\/1181\/revisions"}],"predecessor-version":[{"id":1182,"href":"http:\/\/encounters-magazine.com\/es\/wp-json\/wp\/v2\/pages\/1181\/revisions\/1182"}],"up":[{"embeddable":true,"href":"http:\/\/encounters-magazine.com\/es\/wp-json\/wp\/v2\/pages\/332"}],"wp:featuredmedia":[{"embeddable":true,"href":"http:\/\/encounters-magazine.com\/es\/wp-json\/wp\/v2\/media\/276"}],"wp:attachment":[{"href":"http:\/\/encounters-magazine.com\/es\/wp-json\/wp\/v2\/media?parent=1181"}],"curies":[{"name":"wp","href":"https:\/\/api.w.org\/{rel}","templated":true}]}}