{"id":1179,"date":"2015-04-16T20:07:57","date_gmt":"2015-04-16T20:07:57","guid":{"rendered":"http:\/\/encounters-magazine.com\/es\/?page_id=1179"},"modified":"2015-04-16T20:07:57","modified_gmt":"2015-04-16T20:07:57","slug":"viva","status":"publish","type":"page","link":"http:\/\/encounters-magazine.com\/es\/encounters-four\/viva\/","title":{"rendered":"\u00a1VIVA!"},"content":{"rendered":"<p><img loading=\"lazy\" src=\"http:\/\/encounters-magazine.com\/es\/wp-content\/uploads\/sites\/4\/2013\/06\/viva_2.jpg\" alt=\"viva_2\" width=\"507\" height=\"338\" class=\"alignnone size-full wp-image-319\" srcset=\"http:\/\/encounters-magazine.com\/es\/wp-content\/uploads\/sites\/4\/2013\/06\/viva_2.jpg 507w, http:\/\/encounters-magazine.com\/es\/wp-content\/uploads\/sites\/4\/2013\/06\/viva_2-300x200.jpg 300w\" sizes=\"(max-width: 507px) 100vw, 507px\" \/><\/p>\n<h2> Mis comienzos <\/h2>\n<p>Comenc\u00e9 bailando jazz frente a un gran p\u00fablico en la famosa Carrera de Ciclismo de 6 d\u00edas en Berl\u00edn. Una cat\u00e1strofe. Por suerte, hab\u00eda muchos bailarines con talento. La madre de mi novio de aquel entonces opinaba que deber\u00eda probar suerte como modelo, ya que mi figura, mis medidas y mi aspecto pod\u00edan encajar. Encontr\u00f3 ropa adecuada y cre\u00f3 un estilo adecuado para m\u00ed. Hizo unas fotos y las envi\u00f3 a la \u00fanica agencia de modelos que hab\u00eda en Berl\u00edn. Me aceptaron y en seguida lleg\u00f3 el primer contrato: toda una semana con varios desfiles de ropa de ba\u00f1o en un gran almac\u00e9n. El trabajo fue estupendo, bien pagado, con compa\u00f1eros agradables y el sueldo me hizo sentir independiente. Mi padre estaba encantado, ya que no ten\u00eda que darme dinero extra para mis gastos. Mi madre, sin embargo, estaba convencida de que con cada foto se pierde una parte de la propia personalidad.<\/p>\n<h2> Ser modelo en Berl\u00edn <\/h2>\n<p>Me encontraba entusiasmada, pero terminar la escuela era lo principal. No sab\u00eda lo que quer\u00eda hacer despu\u00e9s. Sopes\u00e9 varias ideas, aunque ser modelo era lo que m\u00e1s me atra\u00eda. En Berl\u00edn Occidental era f\u00e1cil debido al aislamiento derivado del Muro y r\u00e1pidamente consegu\u00ed trabajos. Segu\u00ed as\u00ed durante tres a\u00f1os considerando a\u00fan la posibilidad de estudiar una carrera. Una responsable de relaciones p\u00fablicas en una empresa de moda me pregunt\u00f3 c\u00f3mo conceb\u00eda mi futuro. Ten\u00eda muy clara la intenci\u00f3n de mantener mi c\u00f3moda vida laboral y de realizar una formaci\u00f3n en una agencia de publicidad para poder observar, por ejemplo, una sesi\u00f3n fotogr\u00e1fica \u201centre bastidores\u201d. Comenc\u00e9 una formaci\u00f3n como agente publicitaria. Una \u00fanica agencia de moda en la ciudad no era suficiente. Una vez el equipo creativo quiso elaborar un anuncio en el que aparecieran 5 asi\u00e1ticas. Llamaron a la \u00fanica agencia de la ciudad y solo dispon\u00edan de tres en el archivo. Una estaba de vacaciones, la otra enferma, y la tercera ilocalizable. Hab\u00eda muy pocas modelos para las producciones de moda y la demanda de nuevos rostros se acumulaba.<\/p>\n<p><img loading=\"lazy\" src=\"http:\/\/encounters-magazine.com\/es\/wp-content\/uploads\/sites\/4\/2013\/06\/viva_3.jpg\" alt=\"viva_3\" width=\"507\" height=\"338\" class=\"alignnone size-full wp-image-320\" srcset=\"http:\/\/encounters-magazine.com\/es\/wp-content\/uploads\/sites\/4\/2013\/06\/viva_3.jpg 507w, http:\/\/encounters-magazine.com\/es\/wp-content\/uploads\/sites\/4\/2013\/06\/viva_3-300x200.jpg 300w\" sizes=\"(max-width: 507px) 100vw, 507px\" \/><\/p>\n<h2> La creaci\u00f3n de mi propia agencia <\/h2>\n<p>Debido a esta gran demanda me propuse crear mi propia agencia. La oficina de empleo berlinesa, por la situaci\u00f3n aislada de la ciudad, pose\u00eda el monopolio y consideraba una agencia privada como algo superfluo. Entonces pas\u00e9 al plan B. Aprend\u00ed un idioma extranjero (el espa\u00f1ol) en Madrid. Para sobrevivir tambi\u00e9n ejerc\u00ed all\u00ed como modelo, donde pod\u00eda elegir entre 4 o 5 buenas agencias. La diferencia con Berl\u00edn era inmensa en todos los aspectos. Mientras que en un casting en Berl\u00edn ten\u00edas una posibilidad entre tres, en Madrid hab\u00eda al menos 99 candidatas que me parec\u00edan mucho m\u00e1s adecuadas que yo. Cay\u00f3 el Muro y vi l\u00f3gico volver, ya que tras haber trabajado tanto en Berl\u00edn como en Madrid, estaba segura de que buscar\u00edan caras nuevas, y adem\u00e1s me hab\u00eda instruido en comercio. La suma de todas mis experiencias hasta el momento desemboc\u00f3 en la idea de fundar una agencia de modelos en Berl\u00edn. Escog\u00ed la palabra espa\u00f1ola \u201cviva\u201d para darle nombre a mi agencia.<\/p>\n<p><img loading=\"lazy\" src=\"http:\/\/encounters-magazine.com\/es\/wp-content\/uploads\/sites\/4\/2013\/06\/viva_4.jpg\" alt=\"viva_4\" width=\"507\" height=\"691\" class=\"alignnone size-full wp-image-321\" srcset=\"http:\/\/encounters-magazine.com\/es\/wp-content\/uploads\/sites\/4\/2013\/06\/viva_4.jpg 507w, http:\/\/encounters-magazine.com\/es\/wp-content\/uploads\/sites\/4\/2013\/06\/viva_4-220x300.jpg 220w\" sizes=\"(max-width: 507px) 100vw, 507px\" \/><\/p>\n<h2> El trabajo <\/h2>\n<p>El trabajo en una agencia de modelos casi siempre se asocia al glamour, la belleza perfecta (rostros sim\u00e9tricos y cuerpos j\u00f3venes y atl\u00e9ticos) y los sueldos por las nubes. Junto al trabajo comercial, a\u00fan hoy me divierte much\u00edsimo tratar con gente extraordinaria. Un ejemplo ideal ser\u00eda una chica joven, a la que podamos motivar para el trabajo, que disfrute con \u00e9l y aporte cierto talento. La apariencia y la personalidad deber\u00edan estar a la par, ya que para una persona joven puede ser a veces duro soportar no ser elegida despu\u00e9s de treinta castings. De ah\u00ed que una fuerte autoestima, la disciplina y un claro sentido del humor sean premisas esenciales para poder ejercer esta profesi\u00f3n. Hay razones de lo m\u00e1s incre\u00edbles por las que alguien no es elegido: orejas demasiado peque\u00f1as, demasiado grandes, estar muy derecho, o no lo suficiente\u2026 La lista es infinita. Pero a veces es todo cuesti\u00f3n de qu\u00edmica entre las personas. Ya se ha dado el caso de que una nueva modelo reciba grandes elogios tras los primeros diez trabajos con varios clientes. De pronto, un cliente llama y se queja de que la modelo no sabe moverse, parece aburrida, sin motivaci\u00f3n y, por si fuera poco, se muestra intolerablemente caprichosa.<\/p>\n<p>\u00bfA qui\u00e9n creer entonces? La agencia debe crearse una impresi\u00f3n correcta y lo m\u00e1s objetiva posible para poder actuar de forma justa y diplom\u00e1tica. Todos deben recordar la cooperaci\u00f3n con satisfacci\u00f3n. Al final, el resultado es lo que cuenta.<\/p>\n<p><img loading=\"lazy\" src=\"http:\/\/encounters-magazine.com\/es\/wp-content\/uploads\/sites\/4\/2013\/06\/viva_5.jpg\" alt=\"viva_5\" width=\"507\" height=\"752\" class=\"alignnone size-full wp-image-322\" srcset=\"http:\/\/encounters-magazine.com\/es\/wp-content\/uploads\/sites\/4\/2013\/06\/viva_5.jpg 507w, http:\/\/encounters-magazine.com\/es\/wp-content\/uploads\/sites\/4\/2013\/06\/viva_5-202x300.jpg 202w\" sizes=\"(max-width: 507px) 100vw, 507px\" \/><\/p>\n<h2> La personalidad es clave <\/h2>\n<p>La carrera de los modelos comienza normalmente desde un nivel local, para luego proyectarse internacionalmente. Esto requiere de una gran confianza mutua. La \u201cagencia madre\u201d no puede estar en Par\u00eds, Londres, Tokio, Mil\u00e1n y Nueva York para alentar a los modelos y darles fuerzas en momentos de nostalgia, soledad y falta de autoestima, ni tampoco para aquietar el \u00e1nimo exaltado que suele ocasionar una carrera tremendamente exitosa. Cuando una carrera prospera y se gana dinero, vemos que no nos hemos equivocado, nos enorgullecemos y nos alegramos enormemente por los modelos y por nuestra agencia.<\/p>\n<p><img loading=\"lazy\" src=\"http:\/\/encounters-magazine.com\/es\/wp-content\/uploads\/sites\/4\/2013\/06\/viva_6.jpg\" alt=\"viva_6\" width=\"507\" height=\"676\" class=\"alignnone size-full wp-image-323\" srcset=\"http:\/\/encounters-magazine.com\/es\/wp-content\/uploads\/sites\/4\/2013\/06\/viva_6.jpg 507w, http:\/\/encounters-magazine.com\/es\/wp-content\/uploads\/sites\/4\/2013\/06\/viva_6-225x300.jpg 225w\" sizes=\"(max-width: 507px) 100vw, 507px\" \/><\/p>\n<p>La agencia de modelos VIVA existe ya desde hace casi un cuarto de siglo y eso me agrada. Este negocio, a veces mal considerado como una \u201ctrata de humanos\u201d, tiene muchas facetas apasionantes. Se conocen personalidades l\u00facidas y muy interesantes, a menudo simp\u00e1ticas, alegres y bien dispuestas, aunque tambi\u00e9n algo alocadas y, por lo mismo, peculiares. Mi madre siempre me ha dicho: \u201cRod\u00e9ate de gente joven y as\u00ed permanecer\u00e1s joven\u201d. Tiene raz\u00f3n. Aunque la tendencia actual de la moda busca tambi\u00e9n rostros m\u00e1s maduros. VIVA siempre ha ofrecido personajes de todas las edades para la publicidad. En los casos de m\u00e1s \u00e9xito, lo importante no ha sido ni la edad ni la belleza impecable, sino, ante todo, el car\u00e1cter y la capacidad interpretativa.<\/p>\n<p><img loading=\"lazy\" src=\"http:\/\/encounters-magazine.com\/es\/wp-content\/uploads\/sites\/4\/2013\/06\/viva_7.jpg\" alt=\"viva_7\" width=\"507\" height=\"659\" class=\"alignnone size-full wp-image-324\" srcset=\"http:\/\/encounters-magazine.com\/es\/wp-content\/uploads\/sites\/4\/2013\/06\/viva_7.jpg 507w, http:\/\/encounters-magazine.com\/es\/wp-content\/uploads\/sites\/4\/2013\/06\/viva_7-230x300.jpg 230w\" sizes=\"(max-width: 507px) 100vw, 507px\" \/><\/p>\n<blockquote><p>Andrea Matthias naci\u00f3 en Berl\u00edn. Trabaj\u00f3 10 a\u00f1os como modelo. Desde 1990 es propietaria de la agencia de modelos VIVA Berlin.<br \/>\nwww.vivamodels.com<\/p><\/blockquote>\n","protected":false},"excerpt":{"rendered":"<p>Mis comienzos Comenc\u00e9 bailando jazz frente a un gran p\u00fablico en la famosa Carrera de Ciclismo de 6 d\u00edas en Berl\u00edn. Una cat\u00e1strofe. Por suerte, hab\u00eda muchos bailarines con talento. La madre de mi novio de aquel entonces opinaba que deber\u00eda probar suerte como modelo, ya que mi figura, mis medidas y mi aspecto pod\u00edan [&hellip;]<\/p>\n","protected":false},"author":4,"featured_media":317,"parent":332,"menu_order":3,"comment_status":"open","ping_status":"open","template":"page.php","meta":[],"acf":[],"yoast_head":"<!-- This site is optimized with the Yoast SEO plugin v17.9 - https:\/\/yoast.com\/wordpress\/plugins\/seo\/ -->\n<title>\u00a1VIVA! - ENCOUNTERS MAGAZINE. By Santacruz International Communication<\/title>\n<meta name=\"description\" content=\"ENCOUNTERS MAGAZINE by Santacruz International Communication invites you to discover engaging people, places and ideas around the globe.\" \/>\n<meta name=\"robots\" content=\"index, follow, max-snippet:-1, max-image-preview:large, max-video-preview:-1\" \/>\n<link rel=\"canonical\" href=\"http:\/\/encounters-magazine.com\/es\/encounters-four\/viva\/\" \/>\n<meta property=\"og:locale\" content=\"es_ES\" \/>\n<meta property=\"og:type\" content=\"article\" \/>\n<meta property=\"og:title\" content=\"\u00a1VIVA! - ENCOUNTERS MAGAZINE. By Santacruz International Communication\" \/>\n<meta property=\"og:description\" content=\"ENCOUNTERS MAGAZINE by Santacruz International Communication invites you to discover engaging people, places and ideas around the globe.\" \/>\n<meta property=\"og:url\" content=\"http:\/\/encounters-magazine.com\/es\/encounters-four\/viva\/\" \/>\n<meta property=\"og:site_name\" content=\"ES - ENCOUNTERS MAGAZINE\" \/>\n<meta property=\"article:publisher\" content=\"https:\/\/www.facebook.com\/lino.santacruz.5\" \/>\n<meta property=\"og:image\" content=\"http:\/\/encounters-magazine.com\/es\/wp-content\/uploads\/sites\/4\/2013\/06\/Andrea_Portrait.jpg\" \/>\n\t<meta property=\"og:image:width\" content=\"103\" \/>\n\t<meta property=\"og:image:height\" content=\"80\" \/>\n\t<meta property=\"og:image:type\" content=\"image\/jpeg\" \/>\n<meta name=\"twitter:card\" content=\"summary\" \/>\n<meta name=\"twitter:site\" content=\"@LinoSantacruz\" \/>\n<meta name=\"twitter:label1\" content=\"Tiempo de lectura\" \/>\n\t<meta name=\"twitter:data1\" content=\"5 minutos\" \/>\n<script type=\"application\/ld+json\" class=\"yoast-schema-graph\">{\"@context\":\"https:\/\/schema.org\",\"@graph\":[{\"@type\":\"Organization\",\"@id\":\"https:\/\/encounters-magazine.com\/es\/#organization\",\"name\":\"SANTACRUZ INTERNATIONAL COMMUNICATION\",\"url\":\"https:\/\/encounters-magazine.com\/es\/\",\"sameAs\":[\"https:\/\/www.facebook.com\/lino.santacruz.5\",\"https:\/\/de.linkedin.com\/pub\/lino-santacruz\/a\/806\/417\/de\",\"https:\/\/twitter.com\/LinoSantacruz\"],\"logo\":{\"@type\":\"ImageObject\",\"@id\":\"https:\/\/encounters-magazine.com\/es\/#logo\",\"inLanguage\":\"es\",\"url\":\"http:\/\/encounters-magazine.com\/es\/wp-content\/uploads\/sites\/4\/2015\/10\/sic-logo.png\",\"contentUrl\":\"http:\/\/encounters-magazine.com\/es\/wp-content\/uploads\/sites\/4\/2015\/10\/sic-logo.png\",\"width\":106,\"height\":106,\"caption\":\"SANTACRUZ INTERNATIONAL COMMUNICATION\"},\"image\":{\"@id\":\"https:\/\/encounters-magazine.com\/es\/#logo\"}},{\"@type\":\"WebSite\",\"@id\":\"https:\/\/encounters-magazine.com\/es\/#website\",\"url\":\"https:\/\/encounters-magazine.com\/es\/\",\"name\":\"ES - ENCOUNTERS MAGAZINE\",\"description\":\"\",\"publisher\":{\"@id\":\"https:\/\/encounters-magazine.com\/es\/#organization\"},\"potentialAction\":[{\"@type\":\"SearchAction\",\"target\":{\"@type\":\"EntryPoint\",\"urlTemplate\":\"https:\/\/encounters-magazine.com\/es\/?s={search_term_string}\"},\"query-input\":\"required name=search_term_string\"}],\"inLanguage\":\"es\"},{\"@type\":\"ImageObject\",\"@id\":\"http:\/\/encounters-magazine.com\/es\/encounters-four\/viva\/#primaryimage\",\"inLanguage\":\"es\",\"url\":\"http:\/\/encounters-magazine.com\/es\/wp-content\/uploads\/sites\/4\/2013\/06\/Andrea_Portrait.jpg\",\"contentUrl\":\"http:\/\/encounters-magazine.com\/es\/wp-content\/uploads\/sites\/4\/2013\/06\/Andrea_Portrait.jpg\",\"width\":103,\"height\":80,\"caption\":\"Andrea Matthias\"},{\"@type\":\"WebPage\",\"@id\":\"http:\/\/encounters-magazine.com\/es\/encounters-four\/viva\/#webpage\",\"url\":\"http:\/\/encounters-magazine.com\/es\/encounters-four\/viva\/\",\"name\":\"\\u00a1VIVA! - ENCOUNTERS MAGAZINE. By Santacruz International Communication\",\"isPartOf\":{\"@id\":\"https:\/\/encounters-magazine.com\/es\/#website\"},\"primaryImageOfPage\":{\"@id\":\"http:\/\/encounters-magazine.com\/es\/encounters-four\/viva\/#primaryimage\"},\"datePublished\":\"2015-04-16T20:07:57+00:00\",\"dateModified\":\"2015-04-16T20:07:57+00:00\",\"description\":\"ENCOUNTERS MAGAZINE by Santacruz International Communication invites you to discover engaging people, places and ideas around the globe.\",\"breadcrumb\":{\"@id\":\"http:\/\/encounters-magazine.com\/es\/encounters-four\/viva\/#breadcrumb\"},\"inLanguage\":\"es\",\"potentialAction\":[{\"@type\":\"ReadAction\",\"target\":[\"http:\/\/encounters-magazine.com\/es\/encounters-four\/viva\/\"]}]},{\"@type\":\"BreadcrumbList\",\"@id\":\"http:\/\/encounters-magazine.com\/es\/encounters-four\/viva\/#breadcrumb\",\"itemListElement\":[{\"@type\":\"ListItem\",\"position\":1,\"name\":\"Home\",\"item\":\"https:\/\/encounters-magazine.com\/es\/\"},{\"@type\":\"ListItem\",\"position\":2,\"name\":\"Encounters Four\",\"item\":\"http:\/\/encounters-magazine.com\/es\/encounters-four\/\"},{\"@type\":\"ListItem\",\"position\":3,\"name\":\"\\u00a1VIVA!\"}]}]}<\/script>\n<!-- \/ Yoast SEO plugin. -->","yoast_head_json":{"title":"\u00a1VIVA! - ENCOUNTERS MAGAZINE. By Santacruz International Communication","description":"ENCOUNTERS MAGAZINE by Santacruz International Communication invites you to discover engaging people, places and ideas around the globe.","robots":{"index":"index","follow":"follow","max-snippet":"max-snippet:-1","max-image-preview":"max-image-preview:large","max-video-preview":"max-video-preview:-1"},"canonical":"http:\/\/encounters-magazine.com\/es\/encounters-four\/viva\/","og_locale":"es_ES","og_type":"article","og_title":"\u00a1VIVA! - ENCOUNTERS MAGAZINE. By Santacruz International Communication","og_description":"ENCOUNTERS MAGAZINE by Santacruz International Communication invites you to discover engaging people, places and ideas around the globe.","og_url":"http:\/\/encounters-magazine.com\/es\/encounters-four\/viva\/","og_site_name":"ES - ENCOUNTERS MAGAZINE","article_publisher":"https:\/\/www.facebook.com\/lino.santacruz.5","og_image":[{"width":103,"height":80,"url":"http:\/\/encounters-magazine.com\/es\/wp-content\/uploads\/sites\/4\/2013\/06\/Andrea_Portrait.jpg","type":"image\/jpeg"}],"twitter_card":"summary","twitter_site":"@LinoSantacruz","twitter_misc":{"Tiempo de lectura":"5 minutos"},"schema":{"@context":"https:\/\/schema.org","@graph":[{"@type":"Organization","@id":"https:\/\/encounters-magazine.com\/es\/#organization","name":"SANTACRUZ INTERNATIONAL COMMUNICATION","url":"https:\/\/encounters-magazine.com\/es\/","sameAs":["https:\/\/www.facebook.com\/lino.santacruz.5","https:\/\/de.linkedin.com\/pub\/lino-santacruz\/a\/806\/417\/de","https:\/\/twitter.com\/LinoSantacruz"],"logo":{"@type":"ImageObject","@id":"https:\/\/encounters-magazine.com\/es\/#logo","inLanguage":"es","url":"http:\/\/encounters-magazine.com\/es\/wp-content\/uploads\/sites\/4\/2015\/10\/sic-logo.png","contentUrl":"http:\/\/encounters-magazine.com\/es\/wp-content\/uploads\/sites\/4\/2015\/10\/sic-logo.png","width":106,"height":106,"caption":"SANTACRUZ INTERNATIONAL COMMUNICATION"},"image":{"@id":"https:\/\/encounters-magazine.com\/es\/#logo"}},{"@type":"WebSite","@id":"https:\/\/encounters-magazine.com\/es\/#website","url":"https:\/\/encounters-magazine.com\/es\/","name":"ES - ENCOUNTERS MAGAZINE","description":"","publisher":{"@id":"https:\/\/encounters-magazine.com\/es\/#organization"},"potentialAction":[{"@type":"SearchAction","target":{"@type":"EntryPoint","urlTemplate":"https:\/\/encounters-magazine.com\/es\/?s={search_term_string}"},"query-input":"required name=search_term_string"}],"inLanguage":"es"},{"@type":"ImageObject","@id":"http:\/\/encounters-magazine.com\/es\/encounters-four\/viva\/#primaryimage","inLanguage":"es","url":"http:\/\/encounters-magazine.com\/es\/wp-content\/uploads\/sites\/4\/2013\/06\/Andrea_Portrait.jpg","contentUrl":"http:\/\/encounters-magazine.com\/es\/wp-content\/uploads\/sites\/4\/2013\/06\/Andrea_Portrait.jpg","width":103,"height":80,"caption":"Andrea Matthias"},{"@type":"WebPage","@id":"http:\/\/encounters-magazine.com\/es\/encounters-four\/viva\/#webpage","url":"http:\/\/encounters-magazine.com\/es\/encounters-four\/viva\/","name":"\u00a1VIVA! - ENCOUNTERS MAGAZINE. By Santacruz International Communication","isPartOf":{"@id":"https:\/\/encounters-magazine.com\/es\/#website"},"primaryImageOfPage":{"@id":"http:\/\/encounters-magazine.com\/es\/encounters-four\/viva\/#primaryimage"},"datePublished":"2015-04-16T20:07:57+00:00","dateModified":"2015-04-16T20:07:57+00:00","description":"ENCOUNTERS MAGAZINE by Santacruz International Communication invites you to discover engaging people, places and ideas around the globe.","breadcrumb":{"@id":"http:\/\/encounters-magazine.com\/es\/encounters-four\/viva\/#breadcrumb"},"inLanguage":"es","potentialAction":[{"@type":"ReadAction","target":["http:\/\/encounters-magazine.com\/es\/encounters-four\/viva\/"]}]},{"@type":"BreadcrumbList","@id":"http:\/\/encounters-magazine.com\/es\/encounters-four\/viva\/#breadcrumb","itemListElement":[{"@type":"ListItem","position":1,"name":"Home","item":"https:\/\/encounters-magazine.com\/es\/"},{"@type":"ListItem","position":2,"name":"Encounters Four","item":"http:\/\/encounters-magazine.com\/es\/encounters-four\/"},{"@type":"ListItem","position":3,"name":"\u00a1VIVA!"}]}]}},"_links":{"self":[{"href":"http:\/\/encounters-magazine.com\/es\/wp-json\/wp\/v2\/pages\/1179"}],"collection":[{"href":"http:\/\/encounters-magazine.com\/es\/wp-json\/wp\/v2\/pages"}],"about":[{"href":"http:\/\/encounters-magazine.com\/es\/wp-json\/wp\/v2\/types\/page"}],"author":[{"embeddable":true,"href":"http:\/\/encounters-magazine.com\/es\/wp-json\/wp\/v2\/users\/4"}],"replies":[{"embeddable":true,"href":"http:\/\/encounters-magazine.com\/es\/wp-json\/wp\/v2\/comments?post=1179"}],"version-history":[{"count":1,"href":"http:\/\/encounters-magazine.com\/es\/wp-json\/wp\/v2\/pages\/1179\/revisions"}],"predecessor-version":[{"id":1180,"href":"http:\/\/encounters-magazine.com\/es\/wp-json\/wp\/v2\/pages\/1179\/revisions\/1180"}],"up":[{"embeddable":true,"href":"http:\/\/encounters-magazine.com\/es\/wp-json\/wp\/v2\/pages\/332"}],"wp:featuredmedia":[{"embeddable":true,"href":"http:\/\/encounters-magazine.com\/es\/wp-json\/wp\/v2\/media\/317"}],"wp:attachment":[{"href":"http:\/\/encounters-magazine.com\/es\/wp-json\/wp\/v2\/media?parent=1179"}],"curies":[{"name":"wp","href":"https:\/\/api.w.org\/{rel}","templated":true}]}}