{"id":1176,"date":"2015-04-16T20:06:42","date_gmt":"2015-04-16T20:06:42","guid":{"rendered":"http:\/\/encounters-magazine.com\/es\/?page_id=1176"},"modified":"2015-04-16T20:06:45","modified_gmt":"2015-04-16T20:06:45","slug":"un-volcan-de-cultura-en-tenerife","status":"publish","type":"page","link":"http:\/\/encounters-magazine.com\/es\/encounters-four\/un-volcan-de-cultura-en-tenerife\/","title":{"rendered":"Un volc\u00e1n de cultura en Tenerife"},"content":{"rendered":"<p>El reflejo del sol en la pantalla del ordenador me impide concentrarme en la tarea de escribir. Mientras los rayos, traviesos, se cuelan por el cristal del sal\u00f3n ilumin\u00e1ndolo todo. En pocos sitios me siento tan a gusto como aqu\u00ed. <\/p>\n<p><img loading=\"lazy\" src=\"http:\/\/encounters-magazine.com\/es\/wp-content\/uploads\/sites\/4\/2013\/06\/tienza_2.jpg\" alt=\"tienza_2\" width=\"507\" height=\"337\" class=\"alignnone size-full wp-image-287\" srcset=\"http:\/\/encounters-magazine.com\/es\/wp-content\/uploads\/sites\/4\/2013\/06\/tienza_2.jpg 507w, http:\/\/encounters-magazine.com\/es\/wp-content\/uploads\/sites\/4\/2013\/06\/tienza_2-300x199.jpg 300w\" sizes=\"(max-width: 507px) 100vw, 507px\" \/><\/p>\n<p>Santa Cruz es la capital de Tenerife, una de las siete islas que conforman el archipi\u00e9lago canario. Esta es una tierra de guanches, de menceyes y de leyendas que descansa sobre el Atl\u00e1ntico. Coronada por el pico m\u00e1s alto de Espa\u00f1a, El Teide, esconde bajo sus faldas a un volc\u00e1n que lleva ya muchos a\u00f1os dormido.<\/p>\n<p><img loading=\"lazy\" src=\"http:\/\/encounters-magazine.com\/es\/wp-content\/uploads\/sites\/4\/2013\/06\/tienza_3.jpg\" alt=\"tienza_3\" width=\"507\" height=\"763\" class=\"alignnone size-full wp-image-288\" srcset=\"http:\/\/encounters-magazine.com\/es\/wp-content\/uploads\/sites\/4\/2013\/06\/tienza_3.jpg 507w, http:\/\/encounters-magazine.com\/es\/wp-content\/uploads\/sites\/4\/2013\/06\/tienza_3-199x300.jpg 199w\" sizes=\"(max-width: 507px) 100vw, 507px\" \/><\/p>\n<p>Esta isla es lava, luz y mar. Un lugar donde el azul no es turquesa, sino marino. Y el sol riela en las olas de un oc\u00e9ano infinito. Aqu\u00ed el Atl\u00e1ntico lo inunda todo. Este es el lugar donde el cielo y el agua se unen, colmando las sendas de un volc\u00e1n bereber.<\/p>\n<p><img loading=\"lazy\" src=\"http:\/\/encounters-magazine.com\/es\/wp-content\/uploads\/sites\/4\/2013\/06\/tienza_4.jpg\" alt=\"tienza_4\" width=\"507\" height=\"337\" class=\"alignnone size-full wp-image-289\" srcset=\"http:\/\/encounters-magazine.com\/es\/wp-content\/uploads\/sites\/4\/2013\/06\/tienza_4.jpg 507w, http:\/\/encounters-magazine.com\/es\/wp-content\/uploads\/sites\/4\/2013\/06\/tienza_4-300x199.jpg 300w\" sizes=\"(max-width: 507px) 100vw, 507px\" \/><\/p>\n<p>Tenerife es una isla despierta y Santa Cruz, su capital, una ciudad sedienta de arte y cultura. En un rinc\u00f3n angosto de la capital tinerfe\u00f1a, arropado junto a la ladera del Barranco de Santos, se erige el TEA (Tenerife Espacio de las Artes). Desde el otro lado, el Mercado de Nuestra Se\u00f1ora de \u00c1frica -uno de los emblemas de la ciudad- vigila con cautela a su nuevo vecino. Los elementos diagonales en planta y los suelos inclinados que forman este edificio dan cabida a un espacio cultural dise\u00f1ado por el estudio de los arquitectos suizos Herzog &amp; de Meuron junto con el canario Virgilio Guti\u00e9rrez Herreros.<\/p>\n<p><img loading=\"lazy\" src=\"http:\/\/encounters-magazine.com\/es\/wp-content\/uploads\/sites\/4\/2013\/06\/tienza_5.jpg\" alt=\"tienza_5\" width=\"507\" height=\"864\" class=\"alignnone size-full wp-image-290\" srcset=\"http:\/\/encounters-magazine.com\/es\/wp-content\/uploads\/sites\/4\/2013\/06\/tienza_5.jpg 507w, http:\/\/encounters-magazine.com\/es\/wp-content\/uploads\/sites\/4\/2013\/06\/tienza_5-176x300.jpg 176w\" sizes=\"(max-width: 507px) 100vw, 507px\" \/><\/p>\n<p>El TEA ocupa una superficie de 20.622 metros cuadrados en los que hay espacio para el Museo \u00d3scar Dom\u00ednguez, el Centro de Fotograf\u00eda Isla de Tenerife y una Biblioteca Municipal que siempre est\u00e1 llena. Por eso es este uno de mis lugares preferidos de Santa Cruz. Es un edificio en el que se respira vida, lleno de estudiantes que devoran libros a todas horas del d\u00eda y de la noche, gracias a que permanece abierta las 24 horas.<br \/>\nEl edificio ha echado ra\u00edces en el alma de la isla. Incluso su fachada se camufla con el color de la tierra, te\u00f1ida de lava y cenizas. Su rotunda pared de hormig\u00f3n llama de inmediato la atenci\u00f3n del visitante. M\u00e1s de 1.200 cristales con distintas formas y tama\u00f1os filtran la caracter\u00edstica luz de esta isla del Atl\u00e1ntico, creando sorprendentes im\u00e1genes cuando cae la noche. Tiene casi algo de misterioso y de leyenda\u2026la luz del interior se escurre a trav\u00e9s de las cristalinas perforaciones que por la ma\u00f1ana la dejaron colarse. <\/p>\n<p><img loading=\"lazy\" src=\"http:\/\/encounters-magazine.com\/es\/wp-content\/uploads\/sites\/4\/2013\/06\/tienza_6.jpg\" alt=\"tienza_6\" width=\"507\" height=\"337\" class=\"alignnone size-full wp-image-291\" srcset=\"http:\/\/encounters-magazine.com\/es\/wp-content\/uploads\/sites\/4\/2013\/06\/tienza_6.jpg 507w, http:\/\/encounters-magazine.com\/es\/wp-content\/uploads\/sites\/4\/2013\/06\/tienza_6-300x199.jpg 300w\" sizes=\"(max-width: 507px) 100vw, 507px\" \/><\/p>\n<p>Creo que este detalle es el elemento m\u00e1s caracter\u00edstico de este edificio, una obra de arte. Herzog &amp; de Meuron las obtuvieron a partir de una imagen ampliada del mar en la que pod\u00edan observarse los reflejos del sol sobre el agua. Los p\u00edxeles que aparecieron a ra\u00edz del tratamiento de la fotograf\u00eda fueron copiados en el hormig\u00f3n de la fachada. <\/p>\n<p>El resultado es magn\u00edfico. <\/p>\n<p><img loading=\"lazy\" src=\"http:\/\/encounters-magazine.com\/es\/wp-content\/uploads\/sites\/4\/2013\/06\/tienza_7.jpg\" alt=\"tienza_7\" width=\"507\" height=\"337\" class=\"alignnone size-full wp-image-292\" srcset=\"http:\/\/encounters-magazine.com\/es\/wp-content\/uploads\/sites\/4\/2013\/06\/tienza_7.jpg 507w, http:\/\/encounters-magazine.com\/es\/wp-content\/uploads\/sites\/4\/2013\/06\/tienza_7-300x199.jpg 300w\" sizes=\"(max-width: 507px) 100vw, 507px\" \/><\/p>\n<p>La distribuci\u00f3n de la luz natural se produce de una forma extremadamente peculiar y cobra fuerza al combinarse con una extensa malla de hilos de luz que hacen las funciones de l\u00e1mparas. La guinda del pastel la pone la decoraci\u00f3n interior, dominada por la pureza del blanco y por la exquisita defensa del amor a los detalles. <\/p>\n<p><img loading=\"lazy\" src=\"http:\/\/encounters-magazine.com\/es\/wp-content\/uploads\/sites\/4\/2013\/06\/tienza_8.jpg\" alt=\"tienza_8\" width=\"507\" height=\"337\" class=\"alignnone size-full wp-image-293\" srcset=\"http:\/\/encounters-magazine.com\/es\/wp-content\/uploads\/sites\/4\/2013\/06\/tienza_8.jpg 507w, http:\/\/encounters-magazine.com\/es\/wp-content\/uploads\/sites\/4\/2013\/06\/tienza_8-300x199.jpg 300w\" sizes=\"(max-width: 507px) 100vw, 507px\" \/><\/p>\n<p>El visitante se sentir\u00e1 en seguida arropado por este enorme espacio. Un edificio abierto al p\u00fablico por medio de una inmensa rampa. Esto permitir\u00e1 al paseante cruzarlo de un extremo a otro sin tener que atravesar ni una sola puerta. Es como si una de las calles de la ciudad cruzara el espacio de parte a parte. Lo hace, sin embargo, sin romper la armon\u00eda. Lo hace integr\u00e1ndose en \u00e9l. <\/p>\n<p><img loading=\"lazy\" src=\"http:\/\/encounters-magazine.com\/es\/wp-content\/uploads\/sites\/4\/2013\/06\/tienza_9.jpg\" alt=\"tienza_9\" width=\"507\" height=\"337\" class=\"alignnone size-full wp-image-294\" srcset=\"http:\/\/encounters-magazine.com\/es\/wp-content\/uploads\/sites\/4\/2013\/06\/tienza_9.jpg 507w, http:\/\/encounters-magazine.com\/es\/wp-content\/uploads\/sites\/4\/2013\/06\/tienza_9-300x199.jpg 300w\" sizes=\"(max-width: 507px) 100vw, 507px\" \/><\/p>\n<p>Es sobrecogedor el contraste entre la quietud del espacio destinado a la biblioteca y el traj\u00edn de esta plataforma que parece deslizarse a trav\u00e9s de las paredes de cristal y hormig\u00f3n. Da la impresi\u00f3n de estar suspendida en el aire, flotando sobre un lugar casi sagrado, destinado a la cultura, al estudio y a la reflexi\u00f3n.<\/p>\n<p><img loading=\"lazy\" src=\"http:\/\/encounters-magazine.com\/es\/wp-content\/uploads\/sites\/4\/2013\/06\/tienza_10.jpg\" alt=\"tienza_10\" width=\"507\" height=\"337\" class=\"alignnone size-full wp-image-295\" srcset=\"http:\/\/encounters-magazine.com\/es\/wp-content\/uploads\/sites\/4\/2013\/06\/tienza_10.jpg 507w, http:\/\/encounters-magazine.com\/es\/wp-content\/uploads\/sites\/4\/2013\/06\/tienza_10-300x199.jpg 300w\" sizes=\"(max-width: 507px) 100vw, 507px\" \/><\/p>\n<p>El TEA es, en definitiva, un catalizador que conecta la vida diaria del santacrucero con el mundo del arte y de la cultura.<\/p>\n<blockquote><p>Lola Tienza naci\u00f3 en Santa Cruz de Tenerife, Espa\u00f1a, el 6 de marzo de 1985. A los 18 a\u00f1os dej\u00f3 su ciudad natal para trasladarse a Madrid. All\u00ed curs\u00f3 sus estudios en Derecho en la Universidad Carlos III y de Periodismo en la Universidad CEU San Pablo. Desde septiembre de 2012 vive y trabaja en Berl\u00edn.<\/p><\/blockquote>\n","protected":false},"excerpt":{"rendered":"<p>El reflejo del sol en la pantalla del ordenador me impide concentrarme en la tarea de escribir. Mientras los rayos, traviesos, se cuelan por el cristal del sal\u00f3n ilumin\u00e1ndolo todo. En pocos sitios me siento tan a gusto como aqu\u00ed. Santa Cruz es la capital de Tenerife, una de las siete islas que conforman el [&hellip;]<\/p>\n","protected":false},"author":4,"featured_media":296,"parent":332,"menu_order":2,"comment_status":"open","ping_status":"open","template":"page.php","meta":[],"acf":[],"yoast_head":"<!-- This site is optimized with the Yoast SEO plugin v17.9 - https:\/\/yoast.com\/wordpress\/plugins\/seo\/ -->\n<title>Un volc\u00e1n de cultura en Tenerife - ENCOUNTERS MAGAZINE. By Santacruz International Communication<\/title>\n<meta name=\"description\" content=\"ENCOUNTERS MAGAZINE by Santacruz International Communication invites you to discover engaging people, places and ideas around the globe.\" \/>\n<meta name=\"robots\" content=\"index, follow, max-snippet:-1, max-image-preview:large, max-video-preview:-1\" \/>\n<link rel=\"canonical\" href=\"http:\/\/encounters-magazine.com\/es\/encounters-four\/un-volcan-de-cultura-en-tenerife\/\" \/>\n<meta property=\"og:locale\" content=\"es_ES\" \/>\n<meta property=\"og:type\" content=\"article\" \/>\n<meta property=\"og:title\" content=\"Un volc\u00e1n de cultura en Tenerife - ENCOUNTERS MAGAZINE. By Santacruz International Communication\" \/>\n<meta property=\"og:description\" content=\"ENCOUNTERS MAGAZINE by Santacruz International Communication invites you to discover engaging people, places and ideas around the globe.\" \/>\n<meta property=\"og:url\" content=\"http:\/\/encounters-magazine.com\/es\/encounters-four\/un-volcan-de-cultura-en-tenerife\/\" \/>\n<meta property=\"og:site_name\" content=\"ES - ENCOUNTERS MAGAZINE\" \/>\n<meta property=\"article:publisher\" content=\"https:\/\/www.facebook.com\/lino.santacruz.5\" \/>\n<meta property=\"article:modified_time\" content=\"2015-04-16T20:06:45+00:00\" \/>\n<meta property=\"og:image\" content=\"http:\/\/encounters-magazine.com\/es\/wp-content\/uploads\/sites\/4\/2013\/06\/Tienza_Portrait.jpg\" \/>\n\t<meta property=\"og:image:width\" content=\"85\" \/>\n\t<meta property=\"og:image:height\" content=\"80\" \/>\n\t<meta property=\"og:image:type\" content=\"image\/jpeg\" \/>\n<meta name=\"twitter:card\" content=\"summary\" \/>\n<meta name=\"twitter:site\" content=\"@LinoSantacruz\" \/>\n<meta name=\"twitter:label1\" content=\"Tiempo de lectura\" \/>\n\t<meta name=\"twitter:data1\" content=\"4 minutos\" \/>\n<script type=\"application\/ld+json\" class=\"yoast-schema-graph\">{\"@context\":\"https:\/\/schema.org\",\"@graph\":[{\"@type\":\"Organization\",\"@id\":\"http:\/\/encounters-magazine.com\/es\/#organization\",\"name\":\"SANTACRUZ INTERNATIONAL COMMUNICATION\",\"url\":\"http:\/\/encounters-magazine.com\/es\/\",\"sameAs\":[\"https:\/\/www.facebook.com\/lino.santacruz.5\",\"https:\/\/de.linkedin.com\/pub\/lino-santacruz\/a\/806\/417\/de\",\"https:\/\/twitter.com\/LinoSantacruz\"],\"logo\":{\"@type\":\"ImageObject\",\"@id\":\"http:\/\/encounters-magazine.com\/es\/#logo\",\"inLanguage\":\"es\",\"url\":\"http:\/\/encounters-magazine.com\/es\/wp-content\/uploads\/sites\/4\/2015\/10\/sic-logo.png\",\"contentUrl\":\"http:\/\/encounters-magazine.com\/es\/wp-content\/uploads\/sites\/4\/2015\/10\/sic-logo.png\",\"width\":106,\"height\":106,\"caption\":\"SANTACRUZ INTERNATIONAL COMMUNICATION\"},\"image\":{\"@id\":\"http:\/\/encounters-magazine.com\/es\/#logo\"}},{\"@type\":\"WebSite\",\"@id\":\"http:\/\/encounters-magazine.com\/es\/#website\",\"url\":\"http:\/\/encounters-magazine.com\/es\/\",\"name\":\"ES - ENCOUNTERS MAGAZINE\",\"description\":\"\",\"publisher\":{\"@id\":\"http:\/\/encounters-magazine.com\/es\/#organization\"},\"potentialAction\":[{\"@type\":\"SearchAction\",\"target\":{\"@type\":\"EntryPoint\",\"urlTemplate\":\"http:\/\/encounters-magazine.com\/es\/?s={search_term_string}\"},\"query-input\":\"required name=search_term_string\"}],\"inLanguage\":\"es\"},{\"@type\":\"ImageObject\",\"@id\":\"http:\/\/encounters-magazine.com\/es\/encounters-four\/un-volcan-de-cultura-en-tenerife\/#primaryimage\",\"inLanguage\":\"es\",\"url\":\"http:\/\/encounters-magazine.com\/es\/wp-content\/uploads\/sites\/4\/2013\/06\/Tienza_Portrait.jpg\",\"contentUrl\":\"http:\/\/encounters-magazine.com\/es\/wp-content\/uploads\/sites\/4\/2013\/06\/Tienza_Portrait.jpg\",\"width\":85,\"height\":80,\"caption\":\"Lola Tienza\"},{\"@type\":\"WebPage\",\"@id\":\"http:\/\/encounters-magazine.com\/es\/encounters-four\/un-volcan-de-cultura-en-tenerife\/#webpage\",\"url\":\"http:\/\/encounters-magazine.com\/es\/encounters-four\/un-volcan-de-cultura-en-tenerife\/\",\"name\":\"Un volc\\u00e1n de cultura en Tenerife - ENCOUNTERS MAGAZINE. By Santacruz International Communication\",\"isPartOf\":{\"@id\":\"http:\/\/encounters-magazine.com\/es\/#website\"},\"primaryImageOfPage\":{\"@id\":\"http:\/\/encounters-magazine.com\/es\/encounters-four\/un-volcan-de-cultura-en-tenerife\/#primaryimage\"},\"datePublished\":\"2015-04-16T20:06:42+00:00\",\"dateModified\":\"2015-04-16T20:06:45+00:00\",\"description\":\"ENCOUNTERS MAGAZINE by Santacruz International Communication invites you to discover engaging people, places and ideas around the globe.\",\"breadcrumb\":{\"@id\":\"http:\/\/encounters-magazine.com\/es\/encounters-four\/un-volcan-de-cultura-en-tenerife\/#breadcrumb\"},\"inLanguage\":\"es\",\"potentialAction\":[{\"@type\":\"ReadAction\",\"target\":[\"http:\/\/encounters-magazine.com\/es\/encounters-four\/un-volcan-de-cultura-en-tenerife\/\"]}]},{\"@type\":\"BreadcrumbList\",\"@id\":\"http:\/\/encounters-magazine.com\/es\/encounters-four\/un-volcan-de-cultura-en-tenerife\/#breadcrumb\",\"itemListElement\":[{\"@type\":\"ListItem\",\"position\":1,\"name\":\"Home\",\"item\":\"http:\/\/encounters-magazine.com\/es\/\"},{\"@type\":\"ListItem\",\"position\":2,\"name\":\"Encounters Four\",\"item\":\"https:\/\/encounters-magazine.com\/es\/encounters-four\/\"},{\"@type\":\"ListItem\",\"position\":3,\"name\":\"Un volc\\u00e1n de cultura en Tenerife\"}]}]}<\/script>\n<!-- \/ Yoast SEO plugin. -->","yoast_head_json":{"title":"Un volc\u00e1n de cultura en Tenerife - ENCOUNTERS MAGAZINE. By Santacruz International Communication","description":"ENCOUNTERS MAGAZINE by Santacruz International Communication invites you to discover engaging people, places and ideas around the globe.","robots":{"index":"index","follow":"follow","max-snippet":"max-snippet:-1","max-image-preview":"max-image-preview:large","max-video-preview":"max-video-preview:-1"},"canonical":"http:\/\/encounters-magazine.com\/es\/encounters-four\/un-volcan-de-cultura-en-tenerife\/","og_locale":"es_ES","og_type":"article","og_title":"Un volc\u00e1n de cultura en Tenerife - ENCOUNTERS MAGAZINE. By Santacruz International Communication","og_description":"ENCOUNTERS MAGAZINE by Santacruz International Communication invites you to discover engaging people, places and ideas around the globe.","og_url":"http:\/\/encounters-magazine.com\/es\/encounters-four\/un-volcan-de-cultura-en-tenerife\/","og_site_name":"ES - ENCOUNTERS MAGAZINE","article_publisher":"https:\/\/www.facebook.com\/lino.santacruz.5","article_modified_time":"2015-04-16T20:06:45+00:00","og_image":[{"width":85,"height":80,"url":"http:\/\/encounters-magazine.com\/es\/wp-content\/uploads\/sites\/4\/2013\/06\/Tienza_Portrait.jpg","type":"image\/jpeg"}],"twitter_card":"summary","twitter_site":"@LinoSantacruz","twitter_misc":{"Tiempo de lectura":"4 minutos"},"schema":{"@context":"https:\/\/schema.org","@graph":[{"@type":"Organization","@id":"http:\/\/encounters-magazine.com\/es\/#organization","name":"SANTACRUZ INTERNATIONAL COMMUNICATION","url":"http:\/\/encounters-magazine.com\/es\/","sameAs":["https:\/\/www.facebook.com\/lino.santacruz.5","https:\/\/de.linkedin.com\/pub\/lino-santacruz\/a\/806\/417\/de","https:\/\/twitter.com\/LinoSantacruz"],"logo":{"@type":"ImageObject","@id":"http:\/\/encounters-magazine.com\/es\/#logo","inLanguage":"es","url":"http:\/\/encounters-magazine.com\/es\/wp-content\/uploads\/sites\/4\/2015\/10\/sic-logo.png","contentUrl":"http:\/\/encounters-magazine.com\/es\/wp-content\/uploads\/sites\/4\/2015\/10\/sic-logo.png","width":106,"height":106,"caption":"SANTACRUZ INTERNATIONAL COMMUNICATION"},"image":{"@id":"http:\/\/encounters-magazine.com\/es\/#logo"}},{"@type":"WebSite","@id":"http:\/\/encounters-magazine.com\/es\/#website","url":"http:\/\/encounters-magazine.com\/es\/","name":"ES - ENCOUNTERS MAGAZINE","description":"","publisher":{"@id":"http:\/\/encounters-magazine.com\/es\/#organization"},"potentialAction":[{"@type":"SearchAction","target":{"@type":"EntryPoint","urlTemplate":"http:\/\/encounters-magazine.com\/es\/?s={search_term_string}"},"query-input":"required name=search_term_string"}],"inLanguage":"es"},{"@type":"ImageObject","@id":"http:\/\/encounters-magazine.com\/es\/encounters-four\/un-volcan-de-cultura-en-tenerife\/#primaryimage","inLanguage":"es","url":"http:\/\/encounters-magazine.com\/es\/wp-content\/uploads\/sites\/4\/2013\/06\/Tienza_Portrait.jpg","contentUrl":"http:\/\/encounters-magazine.com\/es\/wp-content\/uploads\/sites\/4\/2013\/06\/Tienza_Portrait.jpg","width":85,"height":80,"caption":"Lola Tienza"},{"@type":"WebPage","@id":"http:\/\/encounters-magazine.com\/es\/encounters-four\/un-volcan-de-cultura-en-tenerife\/#webpage","url":"http:\/\/encounters-magazine.com\/es\/encounters-four\/un-volcan-de-cultura-en-tenerife\/","name":"Un volc\u00e1n de cultura en Tenerife - ENCOUNTERS MAGAZINE. By Santacruz International Communication","isPartOf":{"@id":"http:\/\/encounters-magazine.com\/es\/#website"},"primaryImageOfPage":{"@id":"http:\/\/encounters-magazine.com\/es\/encounters-four\/un-volcan-de-cultura-en-tenerife\/#primaryimage"},"datePublished":"2015-04-16T20:06:42+00:00","dateModified":"2015-04-16T20:06:45+00:00","description":"ENCOUNTERS MAGAZINE by Santacruz International Communication invites you to discover engaging people, places and ideas around the globe.","breadcrumb":{"@id":"http:\/\/encounters-magazine.com\/es\/encounters-four\/un-volcan-de-cultura-en-tenerife\/#breadcrumb"},"inLanguage":"es","potentialAction":[{"@type":"ReadAction","target":["http:\/\/encounters-magazine.com\/es\/encounters-four\/un-volcan-de-cultura-en-tenerife\/"]}]},{"@type":"BreadcrumbList","@id":"http:\/\/encounters-magazine.com\/es\/encounters-four\/un-volcan-de-cultura-en-tenerife\/#breadcrumb","itemListElement":[{"@type":"ListItem","position":1,"name":"Home","item":"http:\/\/encounters-magazine.com\/es\/"},{"@type":"ListItem","position":2,"name":"Encounters Four","item":"https:\/\/encounters-magazine.com\/es\/encounters-four\/"},{"@type":"ListItem","position":3,"name":"Un volc\u00e1n de cultura en Tenerife"}]}]}},"_links":{"self":[{"href":"http:\/\/encounters-magazine.com\/es\/wp-json\/wp\/v2\/pages\/1176"}],"collection":[{"href":"http:\/\/encounters-magazine.com\/es\/wp-json\/wp\/v2\/pages"}],"about":[{"href":"http:\/\/encounters-magazine.com\/es\/wp-json\/wp\/v2\/types\/page"}],"author":[{"embeddable":true,"href":"http:\/\/encounters-magazine.com\/es\/wp-json\/wp\/v2\/users\/4"}],"replies":[{"embeddable":true,"href":"http:\/\/encounters-magazine.com\/es\/wp-json\/wp\/v2\/comments?post=1176"}],"version-history":[{"count":1,"href":"http:\/\/encounters-magazine.com\/es\/wp-json\/wp\/v2\/pages\/1176\/revisions"}],"predecessor-version":[{"id":1177,"href":"http:\/\/encounters-magazine.com\/es\/wp-json\/wp\/v2\/pages\/1176\/revisions\/1177"}],"up":[{"embeddable":true,"href":"http:\/\/encounters-magazine.com\/es\/wp-json\/wp\/v2\/pages\/332"}],"wp:featuredmedia":[{"embeddable":true,"href":"http:\/\/encounters-magazine.com\/es\/wp-json\/wp\/v2\/media\/296"}],"wp:attachment":[{"href":"http:\/\/encounters-magazine.com\/es\/wp-json\/wp\/v2\/media?parent=1176"}],"curies":[{"name":"wp","href":"https:\/\/api.w.org\/{rel}","templated":true}]}}