{"id":1173,"date":"2015-04-16T20:05:24","date_gmt":"2015-04-16T20:05:24","guid":{"rendered":"http:\/\/encounters-magazine.com\/es\/?page_id=1173"},"modified":"2015-04-16T20:05:24","modified_gmt":"2015-04-16T20:05:24","slug":"mar-muerto","status":"publish","type":"page","link":"http:\/\/encounters-magazine.com\/es\/encounters-four\/mar-muerto\/","title":{"rendered":"Mar muerto"},"content":{"rendered":"<p><img loading=\"lazy\" src=\"http:\/\/encounters-magazine.com\/es\/wp-content\/uploads\/sites\/4\/2013\/06\/Deadsea.jpg\" alt=\"el mar muerto\" width=\"661\" height=\"297\" class=\"alignleft size-full wp-image-264\" srcset=\"http:\/\/encounters-magazine.com\/es\/wp-content\/uploads\/sites\/4\/2013\/06\/Deadsea.jpg 661w, http:\/\/encounters-magazine.com\/es\/wp-content\/uploads\/sites\/4\/2013\/06\/Deadsea-300x134.jpg 300w\" sizes=\"(max-width: 661px) 100vw, 661px\" \/><\/p>\n<p>El mar muerto es un lago endorreico salado situado a 416,5 m bajo el nivel del mar entre Israel, Cisjordania (Estado de Palestina) y Jordania. Tiene una superficie aproximada de 810 km\u00b2. Se le llama mar Muerto porque su salinidad (340 gramos por litro de agua) impide que exista una forma de vida m\u00e1s all\u00e1 de microorganismos capaces de sobrevivir en ambientes salinos. <\/p>\n<p>Es rico en potasas, bromuro, yeso, sal y otros productos qu\u00edmicos que se extraen en gran cantidad y de manera muy econ\u00f3mica. Las compa\u00f1\u00edas israel\u00edes y jordanas instaladas en la parte sur del mar Muerto, a ambos lados de la frontera, aprovechan dichos minerales para el desarrollo de una importante actividad econ\u00f3mica. Tambi\u00e9n utilizan las aguas del r\u00edo Jord\u00e1n, su principal tributario (y en la pr\u00e1ctica, el \u00fanico) para irrigar grandes extensiones de tierra agr\u00edcola.<\/p>\n","protected":false},"excerpt":{"rendered":"<p>El mar muerto es un lago endorreico salado situado a 416,5 m bajo el nivel del mar entre Israel, Cisjordania (Estado de Palestina) y Jordania. Tiene una superficie aproximada de 810 km\u00b2. Se le llama mar Muerto porque su salinidad (340 gramos por litro de agua) impide que exista una forma de vida m\u00e1s all\u00e1 [&hellip;]<\/p>\n","protected":false},"author":4,"featured_media":0,"parent":332,"menu_order":1,"comment_status":"open","ping_status":"open","template":"page.php","meta":[],"acf":[],"yoast_head":"<!-- This site is optimized with the Yoast SEO plugin v17.9 - https:\/\/yoast.com\/wordpress\/plugins\/seo\/ -->\n<title>Mar muerto - ENCOUNTERS MAGAZINE. By Santacruz International Communication<\/title>\n<meta name=\"description\" content=\"ENCOUNTERS MAGAZINE by Santacruz International Communication invites you to discover engaging people, places and ideas around the globe.\" \/>\n<meta name=\"robots\" content=\"index, follow, max-snippet:-1, max-image-preview:large, max-video-preview:-1\" \/>\n<link rel=\"canonical\" href=\"http:\/\/encounters-magazine.com\/es\/encounters-four\/mar-muerto\/\" \/>\n<meta property=\"og:locale\" content=\"es_ES\" \/>\n<meta property=\"og:type\" content=\"article\" \/>\n<meta property=\"og:title\" content=\"Mar muerto - ENCOUNTERS MAGAZINE. By Santacruz International Communication\" \/>\n<meta property=\"og:description\" content=\"ENCOUNTERS MAGAZINE by Santacruz International Communication invites you to discover engaging people, places and ideas around the globe.\" \/>\n<meta property=\"og:url\" content=\"http:\/\/encounters-magazine.com\/es\/encounters-four\/mar-muerto\/\" \/>\n<meta property=\"og:site_name\" content=\"ES - ENCOUNTERS MAGAZINE\" \/>\n<meta property=\"article:publisher\" content=\"https:\/\/www.facebook.com\/lino.santacruz.5\" \/>\n<meta property=\"og:image\" content=\"http:\/\/encounters-magazine.com\/es\/wp-content\/uploads\/sites\/4\/2013\/06\/Deadsea.jpg\" \/>\n<meta name=\"twitter:card\" content=\"summary\" \/>\n<meta name=\"twitter:site\" content=\"@LinoSantacruz\" \/>\n<meta name=\"twitter:label1\" content=\"Tiempo de lectura\" \/>\n\t<meta name=\"twitter:data1\" content=\"1 minuto\" \/>\n<script type=\"application\/ld+json\" class=\"yoast-schema-graph\">{\"@context\":\"https:\/\/schema.org\",\"@graph\":[{\"@type\":\"Organization\",\"@id\":\"https:\/\/encounters-magazine.com\/es\/#organization\",\"name\":\"SANTACRUZ INTERNATIONAL COMMUNICATION\",\"url\":\"https:\/\/encounters-magazine.com\/es\/\",\"sameAs\":[\"https:\/\/www.facebook.com\/lino.santacruz.5\",\"https:\/\/de.linkedin.com\/pub\/lino-santacruz\/a\/806\/417\/de\",\"https:\/\/twitter.com\/LinoSantacruz\"],\"logo\":{\"@type\":\"ImageObject\",\"@id\":\"https:\/\/encounters-magazine.com\/es\/#logo\",\"inLanguage\":\"es\",\"url\":\"http:\/\/encounters-magazine.com\/es\/wp-content\/uploads\/sites\/4\/2015\/10\/sic-logo.png\",\"contentUrl\":\"http:\/\/encounters-magazine.com\/es\/wp-content\/uploads\/sites\/4\/2015\/10\/sic-logo.png\",\"width\":106,\"height\":106,\"caption\":\"SANTACRUZ INTERNATIONAL COMMUNICATION\"},\"image\":{\"@id\":\"https:\/\/encounters-magazine.com\/es\/#logo\"}},{\"@type\":\"WebSite\",\"@id\":\"https:\/\/encounters-magazine.com\/es\/#website\",\"url\":\"https:\/\/encounters-magazine.com\/es\/\",\"name\":\"ES - ENCOUNTERS MAGAZINE\",\"description\":\"\",\"publisher\":{\"@id\":\"https:\/\/encounters-magazine.com\/es\/#organization\"},\"potentialAction\":[{\"@type\":\"SearchAction\",\"target\":{\"@type\":\"EntryPoint\",\"urlTemplate\":\"https:\/\/encounters-magazine.com\/es\/?s={search_term_string}\"},\"query-input\":\"required name=search_term_string\"}],\"inLanguage\":\"es\"},{\"@type\":\"ImageObject\",\"@id\":\"http:\/\/encounters-magazine.com\/es\/encounters-four\/mar-muerto\/#primaryimage\",\"inLanguage\":\"es\",\"url\":\"http:\/\/encounters-magazine.com\/es\/wp-content\/uploads\/sites\/4\/2013\/06\/Deadsea.jpg\",\"contentUrl\":\"http:\/\/encounters-magazine.com\/es\/wp-content\/uploads\/sites\/4\/2013\/06\/Deadsea.jpg\",\"width\":661,\"height\":297,\"caption\":\"el mar muerto\"},{\"@type\":\"WebPage\",\"@id\":\"http:\/\/encounters-magazine.com\/es\/encounters-four\/mar-muerto\/#webpage\",\"url\":\"http:\/\/encounters-magazine.com\/es\/encounters-four\/mar-muerto\/\",\"name\":\"Mar muerto - ENCOUNTERS MAGAZINE. By Santacruz International Communication\",\"isPartOf\":{\"@id\":\"https:\/\/encounters-magazine.com\/es\/#website\"},\"primaryImageOfPage\":{\"@id\":\"http:\/\/encounters-magazine.com\/es\/encounters-four\/mar-muerto\/#primaryimage\"},\"datePublished\":\"2015-04-16T20:05:24+00:00\",\"dateModified\":\"2015-04-16T20:05:24+00:00\",\"description\":\"ENCOUNTERS MAGAZINE by Santacruz International Communication invites you to discover engaging people, places and ideas around the globe.\",\"breadcrumb\":{\"@id\":\"http:\/\/encounters-magazine.com\/es\/encounters-four\/mar-muerto\/#breadcrumb\"},\"inLanguage\":\"es\",\"potentialAction\":[{\"@type\":\"ReadAction\",\"target\":[\"http:\/\/encounters-magazine.com\/es\/encounters-four\/mar-muerto\/\"]}]},{\"@type\":\"BreadcrumbList\",\"@id\":\"http:\/\/encounters-magazine.com\/es\/encounters-four\/mar-muerto\/#breadcrumb\",\"itemListElement\":[{\"@type\":\"ListItem\",\"position\":1,\"name\":\"Home\",\"item\":\"https:\/\/encounters-magazine.com\/es\/\"},{\"@type\":\"ListItem\",\"position\":2,\"name\":\"Encounters Four\",\"item\":\"http:\/\/encounters-magazine.com\/es\/encounters-four\/\"},{\"@type\":\"ListItem\",\"position\":3,\"name\":\"Mar muerto\"}]}]}<\/script>\n<!-- \/ Yoast SEO plugin. -->","yoast_head_json":{"title":"Mar muerto - ENCOUNTERS MAGAZINE. By Santacruz International Communication","description":"ENCOUNTERS MAGAZINE by Santacruz International Communication invites you to discover engaging people, places and ideas around the globe.","robots":{"index":"index","follow":"follow","max-snippet":"max-snippet:-1","max-image-preview":"max-image-preview:large","max-video-preview":"max-video-preview:-1"},"canonical":"http:\/\/encounters-magazine.com\/es\/encounters-four\/mar-muerto\/","og_locale":"es_ES","og_type":"article","og_title":"Mar muerto - ENCOUNTERS MAGAZINE. By Santacruz International Communication","og_description":"ENCOUNTERS MAGAZINE by Santacruz International Communication invites you to discover engaging people, places and ideas around the globe.","og_url":"http:\/\/encounters-magazine.com\/es\/encounters-four\/mar-muerto\/","og_site_name":"ES - ENCOUNTERS MAGAZINE","article_publisher":"https:\/\/www.facebook.com\/lino.santacruz.5","og_image":[{"url":"http:\/\/encounters-magazine.com\/es\/wp-content\/uploads\/sites\/4\/2013\/06\/Deadsea.jpg"}],"twitter_card":"summary","twitter_site":"@LinoSantacruz","twitter_misc":{"Tiempo de lectura":"1 minuto"},"schema":{"@context":"https:\/\/schema.org","@graph":[{"@type":"Organization","@id":"https:\/\/encounters-magazine.com\/es\/#organization","name":"SANTACRUZ INTERNATIONAL COMMUNICATION","url":"https:\/\/encounters-magazine.com\/es\/","sameAs":["https:\/\/www.facebook.com\/lino.santacruz.5","https:\/\/de.linkedin.com\/pub\/lino-santacruz\/a\/806\/417\/de","https:\/\/twitter.com\/LinoSantacruz"],"logo":{"@type":"ImageObject","@id":"https:\/\/encounters-magazine.com\/es\/#logo","inLanguage":"es","url":"http:\/\/encounters-magazine.com\/es\/wp-content\/uploads\/sites\/4\/2015\/10\/sic-logo.png","contentUrl":"http:\/\/encounters-magazine.com\/es\/wp-content\/uploads\/sites\/4\/2015\/10\/sic-logo.png","width":106,"height":106,"caption":"SANTACRUZ INTERNATIONAL COMMUNICATION"},"image":{"@id":"https:\/\/encounters-magazine.com\/es\/#logo"}},{"@type":"WebSite","@id":"https:\/\/encounters-magazine.com\/es\/#website","url":"https:\/\/encounters-magazine.com\/es\/","name":"ES - ENCOUNTERS MAGAZINE","description":"","publisher":{"@id":"https:\/\/encounters-magazine.com\/es\/#organization"},"potentialAction":[{"@type":"SearchAction","target":{"@type":"EntryPoint","urlTemplate":"https:\/\/encounters-magazine.com\/es\/?s={search_term_string}"},"query-input":"required name=search_term_string"}],"inLanguage":"es"},{"@type":"ImageObject","@id":"http:\/\/encounters-magazine.com\/es\/encounters-four\/mar-muerto\/#primaryimage","inLanguage":"es","url":"http:\/\/encounters-magazine.com\/es\/wp-content\/uploads\/sites\/4\/2013\/06\/Deadsea.jpg","contentUrl":"http:\/\/encounters-magazine.com\/es\/wp-content\/uploads\/sites\/4\/2013\/06\/Deadsea.jpg","width":661,"height":297,"caption":"el mar muerto"},{"@type":"WebPage","@id":"http:\/\/encounters-magazine.com\/es\/encounters-four\/mar-muerto\/#webpage","url":"http:\/\/encounters-magazine.com\/es\/encounters-four\/mar-muerto\/","name":"Mar muerto - ENCOUNTERS MAGAZINE. By Santacruz International Communication","isPartOf":{"@id":"https:\/\/encounters-magazine.com\/es\/#website"},"primaryImageOfPage":{"@id":"http:\/\/encounters-magazine.com\/es\/encounters-four\/mar-muerto\/#primaryimage"},"datePublished":"2015-04-16T20:05:24+00:00","dateModified":"2015-04-16T20:05:24+00:00","description":"ENCOUNTERS MAGAZINE by Santacruz International Communication invites you to discover engaging people, places and ideas around the globe.","breadcrumb":{"@id":"http:\/\/encounters-magazine.com\/es\/encounters-four\/mar-muerto\/#breadcrumb"},"inLanguage":"es","potentialAction":[{"@type":"ReadAction","target":["http:\/\/encounters-magazine.com\/es\/encounters-four\/mar-muerto\/"]}]},{"@type":"BreadcrumbList","@id":"http:\/\/encounters-magazine.com\/es\/encounters-four\/mar-muerto\/#breadcrumb","itemListElement":[{"@type":"ListItem","position":1,"name":"Home","item":"https:\/\/encounters-magazine.com\/es\/"},{"@type":"ListItem","position":2,"name":"Encounters Four","item":"http:\/\/encounters-magazine.com\/es\/encounters-four\/"},{"@type":"ListItem","position":3,"name":"Mar muerto"}]}]}},"_links":{"self":[{"href":"http:\/\/encounters-magazine.com\/es\/wp-json\/wp\/v2\/pages\/1173"}],"collection":[{"href":"http:\/\/encounters-magazine.com\/es\/wp-json\/wp\/v2\/pages"}],"about":[{"href":"http:\/\/encounters-magazine.com\/es\/wp-json\/wp\/v2\/types\/page"}],"author":[{"embeddable":true,"href":"http:\/\/encounters-magazine.com\/es\/wp-json\/wp\/v2\/users\/4"}],"replies":[{"embeddable":true,"href":"http:\/\/encounters-magazine.com\/es\/wp-json\/wp\/v2\/comments?post=1173"}],"version-history":[{"count":1,"href":"http:\/\/encounters-magazine.com\/es\/wp-json\/wp\/v2\/pages\/1173\/revisions"}],"predecessor-version":[{"id":1174,"href":"http:\/\/encounters-magazine.com\/es\/wp-json\/wp\/v2\/pages\/1173\/revisions\/1174"}],"up":[{"embeddable":true,"href":"http:\/\/encounters-magazine.com\/es\/wp-json\/wp\/v2\/pages\/332"}],"wp:attachment":[{"href":"http:\/\/encounters-magazine.com\/es\/wp-json\/wp\/v2\/media?parent=1173"}],"curies":[{"name":"wp","href":"https:\/\/api.w.org\/{rel}","templated":true}]}}