{"id":1168,"date":"2015-04-16T20:01:47","date_gmt":"2015-04-16T20:01:47","guid":{"rendered":"http:\/\/encounters-magazine.com\/es\/?page_id=1168"},"modified":"2022-01-21T22:38:21","modified_gmt":"2022-01-21T21:38:21","slug":"pie-de-imprenta","status":"publish","type":"page","link":"http:\/\/encounters-magazine.com\/es\/encounters-four\/pie-de-imprenta\/","title":{"rendered":"Pie de imprenta"},"content":{"rendered":"<p>Editor: Dr. Lino Santacruz Moctezuma<br \/>\nThe Residence General<br \/>\nMathenge, Apt. A-3, Spring Valley<br \/>\n40497-00100, Nairobi, Kenya<\/p>\n<p>Autores: Lola Tienza, Andrea Matthias, Dr. Kay Wagner, Lino Santacruz<\/p>\n<p>Dise\u00f1o Gr\u00e1fico: Paul Bieri, dia<br \/>\n<a href=\"http:\/\/www.diaberlin.de\" target=\"_blank\" rel=\"noopener\">www.diaberlin.de<\/a><\/p>\n<p>Realizaci\u00f3n: Sebastian Klammer<br \/>\n<a href=\"http:\/\/www.sebastian-klammer.de.de\" target=\"_blank\" rel=\"noopener\">www.sebastian-klammer.de<\/a><\/p>\n<p>Realizaci\u00f3n Video \u201cCreative minds. Today with Christian Gaul\u201d: Rodrigo V\u00e1zquez<\/p>\n<p>Traducci\u00f3n: Text International GmbH<br \/>\nSusann Barahona<\/p>\n<p>Cr\u00e9ditos fotogr\u00e1ficos<br \/>\nCompartir im\u00e1genes, descubrir lugares: Lino Santacruz<br \/>\nDigno de una visita: Ricardo Armas<br \/>\nGlobal working generation: VIVA Models, Berl\u00edn<br \/>\nMis ideas para un mundo mejor: Dr. Kay Wagner<\/p>\n<h2>Informaci\u00f3n legal<\/h2>\n<p>Contenidos:<br \/>\nLos contenidos de este sitio web se investigan con el m\u00e1ximo cuidado posible. No obstante, el proveedor no se hace responsable de la exactitud, integridad y actualidad de la informaci\u00f3n aqu\u00ed expuesta. Los art\u00edculos reflejan \u00fanicamente la opini\u00f3n del autor.<\/p>\n<p>Derechos:<br \/>\nCualquier utilizaci\u00f3n no permitida por la ley sobre propiedad intelectual de la informaci\u00f3n y las im\u00e1genes publicadas en este sitio web requiere el consentimiento previo y por escrito del proveedor. Esto tiene validez especialmente para la reproducci\u00f3n, adaptaci\u00f3n, traducci\u00f3n, almacenamiento, procesamiento y copia de contenidos en bases de datos u otros medios y sistemas electr\u00f3nicos.<\/p>\n<p>\u00a9 Santacruz International Communication, 2013<\/p>\n","protected":false},"excerpt":{"rendered":"<p>Editor: Dr. Lino Santacruz Moctezuma The Residence General Mathenge, Apt. A-3, Spring Valley 40497-00100, Nairobi, Kenya Autores: Lola Tienza, Andrea Matthias, Dr. Kay Wagner, Lino Santacruz Dise\u00f1o Gr\u00e1fico: Paul Bieri, dia www.diaberlin.de Realizaci\u00f3n: Sebastian Klammer www.sebastian-klammer.de Realizaci\u00f3n Video \u201cCreative minds. Today with Christian Gaul\u201d: Rodrigo V\u00e1zquez Traducci\u00f3n: Text International GmbH Susann Barahona Cr\u00e9ditos fotogr\u00e1ficos Compartir [&hellip;]<\/p>\n","protected":false},"author":4,"featured_media":0,"parent":332,"menu_order":6,"comment_status":"open","ping_status":"open","template":"page_no_title.php","meta":[],"acf":[],"yoast_head":"<!-- This site is optimized with the Yoast SEO plugin v17.9 - https:\/\/yoast.com\/wordpress\/plugins\/seo\/ -->\n<title>Pie de imprenta - ENCOUNTERS MAGAZINE. By Santacruz International Communication<\/title>\n<meta name=\"description\" content=\"ENCOUNTERS MAGAZINE by Santacruz International Communication invites you to discover engaging people, places and ideas around the globe.\" \/>\n<meta name=\"robots\" content=\"index, follow, max-snippet:-1, max-image-preview:large, max-video-preview:-1\" \/>\n<link rel=\"canonical\" href=\"http:\/\/encounters-magazine.com\/es\/encounters-four\/pie-de-imprenta\/\" \/>\n<meta property=\"og:locale\" content=\"es_ES\" \/>\n<meta property=\"og:type\" content=\"article\" \/>\n<meta property=\"og:title\" content=\"Pie de imprenta - ENCOUNTERS MAGAZINE. By Santacruz International Communication\" \/>\n<meta property=\"og:description\" content=\"ENCOUNTERS MAGAZINE by Santacruz International Communication invites you to discover engaging people, places and ideas around the globe.\" \/>\n<meta property=\"og:url\" content=\"http:\/\/encounters-magazine.com\/es\/encounters-four\/pie-de-imprenta\/\" \/>\n<meta property=\"og:site_name\" content=\"ES - ENCOUNTERS MAGAZINE\" \/>\n<meta property=\"article:publisher\" content=\"https:\/\/www.facebook.com\/lino.santacruz.5\" \/>\n<meta property=\"article:modified_time\" content=\"2022-01-21T21:38:21+00:00\" \/>\n<meta property=\"og:image\" content=\"http:\/\/encounters-magazine.com\/es\/wp-content\/uploads\/sites\/4\/2015\/10\/sic-logo.png\" \/>\n\t<meta property=\"og:image:width\" content=\"106\" \/>\n\t<meta property=\"og:image:height\" content=\"106\" \/>\n\t<meta property=\"og:image:type\" content=\"image\/png\" \/>\n<meta name=\"twitter:card\" content=\"summary\" \/>\n<meta name=\"twitter:site\" content=\"@LinoSantacruz\" \/>\n<meta name=\"twitter:label1\" content=\"Tiempo de lectura\" \/>\n\t<meta name=\"twitter:data1\" content=\"1 minuto\" \/>\n<script type=\"application\/ld+json\" class=\"yoast-schema-graph\">{\"@context\":\"https:\/\/schema.org\",\"@graph\":[{\"@type\":\"Organization\",\"@id\":\"http:\/\/encounters-magazine.com\/es\/#organization\",\"name\":\"SANTACRUZ INTERNATIONAL COMMUNICATION\",\"url\":\"http:\/\/encounters-magazine.com\/es\/\",\"sameAs\":[\"https:\/\/www.facebook.com\/lino.santacruz.5\",\"https:\/\/de.linkedin.com\/pub\/lino-santacruz\/a\/806\/417\/de\",\"https:\/\/twitter.com\/LinoSantacruz\"],\"logo\":{\"@type\":\"ImageObject\",\"@id\":\"http:\/\/encounters-magazine.com\/es\/#logo\",\"inLanguage\":\"es\",\"url\":\"http:\/\/encounters-magazine.com\/es\/wp-content\/uploads\/sites\/4\/2015\/10\/sic-logo.png\",\"contentUrl\":\"http:\/\/encounters-magazine.com\/es\/wp-content\/uploads\/sites\/4\/2015\/10\/sic-logo.png\",\"width\":106,\"height\":106,\"caption\":\"SANTACRUZ INTERNATIONAL COMMUNICATION\"},\"image\":{\"@id\":\"http:\/\/encounters-magazine.com\/es\/#logo\"}},{\"@type\":\"WebSite\",\"@id\":\"http:\/\/encounters-magazine.com\/es\/#website\",\"url\":\"http:\/\/encounters-magazine.com\/es\/\",\"name\":\"ES - ENCOUNTERS MAGAZINE\",\"description\":\"\",\"publisher\":{\"@id\":\"http:\/\/encounters-magazine.com\/es\/#organization\"},\"potentialAction\":[{\"@type\":\"SearchAction\",\"target\":{\"@type\":\"EntryPoint\",\"urlTemplate\":\"http:\/\/encounters-magazine.com\/es\/?s={search_term_string}\"},\"query-input\":\"required name=search_term_string\"}],\"inLanguage\":\"es\"},{\"@type\":\"WebPage\",\"@id\":\"http:\/\/encounters-magazine.com\/es\/encounters-four\/pie-de-imprenta\/#webpage\",\"url\":\"http:\/\/encounters-magazine.com\/es\/encounters-four\/pie-de-imprenta\/\",\"name\":\"Pie de imprenta - ENCOUNTERS MAGAZINE. By Santacruz International Communication\",\"isPartOf\":{\"@id\":\"http:\/\/encounters-magazine.com\/es\/#website\"},\"datePublished\":\"2015-04-16T20:01:47+00:00\",\"dateModified\":\"2022-01-21T21:38:21+00:00\",\"description\":\"ENCOUNTERS MAGAZINE by Santacruz International Communication invites you to discover engaging people, places and ideas around the globe.\",\"breadcrumb\":{\"@id\":\"http:\/\/encounters-magazine.com\/es\/encounters-four\/pie-de-imprenta\/#breadcrumb\"},\"inLanguage\":\"es\",\"potentialAction\":[{\"@type\":\"ReadAction\",\"target\":[\"http:\/\/encounters-magazine.com\/es\/encounters-four\/pie-de-imprenta\/\"]}]},{\"@type\":\"BreadcrumbList\",\"@id\":\"http:\/\/encounters-magazine.com\/es\/encounters-four\/pie-de-imprenta\/#breadcrumb\",\"itemListElement\":[{\"@type\":\"ListItem\",\"position\":1,\"name\":\"Home\",\"item\":\"http:\/\/encounters-magazine.com\/es\/\"},{\"@type\":\"ListItem\",\"position\":2,\"name\":\"Encounters Four\",\"item\":\"https:\/\/encounters-magazine.com\/es\/encounters-four\/\"},{\"@type\":\"ListItem\",\"position\":3,\"name\":\"Pie de imprenta\"}]}]}<\/script>\n<!-- \/ Yoast SEO plugin. -->","yoast_head_json":{"title":"Pie de imprenta - ENCOUNTERS MAGAZINE. By Santacruz International Communication","description":"ENCOUNTERS MAGAZINE by Santacruz International Communication invites you to discover engaging people, places and ideas around the globe.","robots":{"index":"index","follow":"follow","max-snippet":"max-snippet:-1","max-image-preview":"max-image-preview:large","max-video-preview":"max-video-preview:-1"},"canonical":"http:\/\/encounters-magazine.com\/es\/encounters-four\/pie-de-imprenta\/","og_locale":"es_ES","og_type":"article","og_title":"Pie de imprenta - ENCOUNTERS MAGAZINE. By Santacruz International Communication","og_description":"ENCOUNTERS MAGAZINE by Santacruz International Communication invites you to discover engaging people, places and ideas around the globe.","og_url":"http:\/\/encounters-magazine.com\/es\/encounters-four\/pie-de-imprenta\/","og_site_name":"ES - ENCOUNTERS MAGAZINE","article_publisher":"https:\/\/www.facebook.com\/lino.santacruz.5","article_modified_time":"2022-01-21T21:38:21+00:00","og_image":[{"width":106,"height":106,"url":"http:\/\/encounters-magazine.com\/es\/wp-content\/uploads\/sites\/4\/2015\/10\/sic-logo.png","type":"image\/png"}],"twitter_card":"summary","twitter_site":"@LinoSantacruz","twitter_misc":{"Tiempo de lectura":"1 minuto"},"schema":{"@context":"https:\/\/schema.org","@graph":[{"@type":"Organization","@id":"http:\/\/encounters-magazine.com\/es\/#organization","name":"SANTACRUZ INTERNATIONAL COMMUNICATION","url":"http:\/\/encounters-magazine.com\/es\/","sameAs":["https:\/\/www.facebook.com\/lino.santacruz.5","https:\/\/de.linkedin.com\/pub\/lino-santacruz\/a\/806\/417\/de","https:\/\/twitter.com\/LinoSantacruz"],"logo":{"@type":"ImageObject","@id":"http:\/\/encounters-magazine.com\/es\/#logo","inLanguage":"es","url":"http:\/\/encounters-magazine.com\/es\/wp-content\/uploads\/sites\/4\/2015\/10\/sic-logo.png","contentUrl":"http:\/\/encounters-magazine.com\/es\/wp-content\/uploads\/sites\/4\/2015\/10\/sic-logo.png","width":106,"height":106,"caption":"SANTACRUZ INTERNATIONAL COMMUNICATION"},"image":{"@id":"http:\/\/encounters-magazine.com\/es\/#logo"}},{"@type":"WebSite","@id":"http:\/\/encounters-magazine.com\/es\/#website","url":"http:\/\/encounters-magazine.com\/es\/","name":"ES - ENCOUNTERS MAGAZINE","description":"","publisher":{"@id":"http:\/\/encounters-magazine.com\/es\/#organization"},"potentialAction":[{"@type":"SearchAction","target":{"@type":"EntryPoint","urlTemplate":"http:\/\/encounters-magazine.com\/es\/?s={search_term_string}"},"query-input":"required name=search_term_string"}],"inLanguage":"es"},{"@type":"WebPage","@id":"http:\/\/encounters-magazine.com\/es\/encounters-four\/pie-de-imprenta\/#webpage","url":"http:\/\/encounters-magazine.com\/es\/encounters-four\/pie-de-imprenta\/","name":"Pie de imprenta - ENCOUNTERS MAGAZINE. By Santacruz International Communication","isPartOf":{"@id":"http:\/\/encounters-magazine.com\/es\/#website"},"datePublished":"2015-04-16T20:01:47+00:00","dateModified":"2022-01-21T21:38:21+00:00","description":"ENCOUNTERS MAGAZINE by Santacruz International Communication invites you to discover engaging people, places and ideas around the globe.","breadcrumb":{"@id":"http:\/\/encounters-magazine.com\/es\/encounters-four\/pie-de-imprenta\/#breadcrumb"},"inLanguage":"es","potentialAction":[{"@type":"ReadAction","target":["http:\/\/encounters-magazine.com\/es\/encounters-four\/pie-de-imprenta\/"]}]},{"@type":"BreadcrumbList","@id":"http:\/\/encounters-magazine.com\/es\/encounters-four\/pie-de-imprenta\/#breadcrumb","itemListElement":[{"@type":"ListItem","position":1,"name":"Home","item":"http:\/\/encounters-magazine.com\/es\/"},{"@type":"ListItem","position":2,"name":"Encounters Four","item":"https:\/\/encounters-magazine.com\/es\/encounters-four\/"},{"@type":"ListItem","position":3,"name":"Pie de imprenta"}]}]}},"_links":{"self":[{"href":"http:\/\/encounters-magazine.com\/es\/wp-json\/wp\/v2\/pages\/1168"}],"collection":[{"href":"http:\/\/encounters-magazine.com\/es\/wp-json\/wp\/v2\/pages"}],"about":[{"href":"http:\/\/encounters-magazine.com\/es\/wp-json\/wp\/v2\/types\/page"}],"author":[{"embeddable":true,"href":"http:\/\/encounters-magazine.com\/es\/wp-json\/wp\/v2\/users\/4"}],"replies":[{"embeddable":true,"href":"http:\/\/encounters-magazine.com\/es\/wp-json\/wp\/v2\/comments?post=1168"}],"version-history":[{"count":3,"href":"http:\/\/encounters-magazine.com\/es\/wp-json\/wp\/v2\/pages\/1168\/revisions"}],"predecessor-version":[{"id":1375,"href":"http:\/\/encounters-magazine.com\/es\/wp-json\/wp\/v2\/pages\/1168\/revisions\/1375"}],"up":[{"embeddable":true,"href":"http:\/\/encounters-magazine.com\/es\/wp-json\/wp\/v2\/pages\/332"}],"wp:attachment":[{"href":"http:\/\/encounters-magazine.com\/es\/wp-json\/wp\/v2\/media?parent=1168"}],"curies":[{"name":"wp","href":"https:\/\/api.w.org\/{rel}","templated":true}]}}