{"id":1146,"date":"2015-04-16T19:47:38","date_gmt":"2015-04-16T19:47:38","guid":{"rendered":"http:\/\/encounters-magazine.com\/es\/?page_id=1146"},"modified":"2015-04-16T19:47:38","modified_gmt":"2015-04-16T19:47:38","slug":"terminar-el-bachillerato-para-ser-indigente","status":"publish","type":"page","link":"http:\/\/encounters-magazine.com\/es\/encounters-two\/terminar-el-bachillerato-para-ser-indigente\/","title":{"rendered":"\u00bfTerminar el bachillerato para ser indigente?"},"content":{"rendered":"<p>El centro Saarhome da a los j\u00f3venes que crecieron en orfanatos la oportunidad de tomar el futuro en sus propias manos.<\/p>\n<p>Las estad\u00edsticas muestran que los j\u00f3venes europeos se toman su tiempo para abandonar los hogares de sus padres. Muchos cambian su habitaci\u00f3n de ni\u00f1o por las propias cuatro paredes hasta que tienen alrededor de 25 a\u00f1os. Y con raz\u00f3n, \u00bfpor qu\u00e9 deber\u00edan irse antes? El \u201chotel de mam\u00e1\u201d ofrece todas las comodidades y la seguridad que necesitan los j\u00f3venes para dar los primeros pasos durante sus estudios y en la vida profesional. Este es un lujo del que tambi\u00e9n quisieran disfrutar j\u00f3venes hu\u00e9rfanos en todo el mundo. Sin embargo, ellos deben abandonar los orfanatos apenas cumplidos los 18 a\u00f1os y al terminar la escuela, perdiendo de esta manera su casa, su familia y su seguridad.<\/p>\n<p><img loading=\"lazy\" src=\"http:\/\/encounters-magazine.com\/es\/wp-content\/uploads\/sites\/4\/2013\/04\/Czwikla_1.jpg\" alt=\"Czwikla_1\" width=\"507\" height=\"338\" class=\"alignnone size-full wp-image-143\" srcset=\"http:\/\/encounters-magazine.com\/es\/wp-content\/uploads\/sites\/4\/2013\/04\/Czwikla_1.jpg 507w, http:\/\/encounters-magazine.com\/es\/wp-content\/uploads\/sites\/4\/2013\/04\/Czwikla_1-300x200.jpg 300w\" sizes=\"(max-width: 507px) 100vw, 507px\" \/><\/p>\n<h2>Quiero contar una peque\u00f1a historia de Sud\u00e1frica que es una idea para un mundo mejor.<\/h2>\n<p>En Clouds of Hope, un orfanato en la localidad de Underberg, Sud\u00e1frica, viven aproximadamente 80 ni\u00f1os, desde beb\u00e9s hasta j\u00f3venes que est\u00e1n por terminar el bachillerato. Al igual que otros miles de ni\u00f1os en todo el mundo, perdieron a sus padres a causa del SIDA o de la violencia. En Clouds of Hope crecen en grupos familiares junto con otros ni\u00f1os, atendidos por amas de casa y van a las escuelas locales. Clouds es su hogar y su oportunidad para el futuro. Pero, al igual que todos los orfanatos, Clouds es tan s\u00f3lo un nido temporal.<\/p>\n<p>A muchos j\u00f3venes no les va bien despu\u00e9s de salir del orfanato a los 18 a\u00f1os. Muchos regresan a sus or\u00edgenes en los townships, donde generalmente caen en los viejos c\u00edrculos viciosos de violencia, drogas, prostituci\u00f3n y enfermedad. Hace cuatro a\u00f1os, dos mujeres j\u00f3venes que crecieron en Clouds, incluso se suicidaron, desesperadas por haber perdido su casa. Esta tragedia fue, al mismo tiempo, el inicio de una idea alentadora para el futuro. <\/p>\n<p><img loading=\"lazy\" src=\"http:\/\/encounters-magazine.com\/es\/wp-content\/uploads\/sites\/4\/2013\/04\/Czwikla_2.jpg\" alt=\"Czwikla_2\" width=\"507\" height=\"338\" class=\"alignnone size-full wp-image-144\" srcset=\"http:\/\/encounters-magazine.com\/es\/wp-content\/uploads\/sites\/4\/2013\/04\/Czwikla_2.jpg 507w, http:\/\/encounters-magazine.com\/es\/wp-content\/uploads\/sites\/4\/2013\/04\/Czwikla_2-300x200.jpg 300w\" sizes=\"(max-width: 507px) 100vw, 507px\" \/><\/p>\n<p>El proyecto Saarhome de la organizaci\u00f3n be your own hero e.V. sigue dando casa y atenci\u00f3n  a los j\u00f3venes de Clouds of Hope tras terminar la escuela. Los j\u00f3venes pueden realizar su formaci\u00f3n profesional o llevar a cabo estudios universitarios, pero siguen acogidos en su hogar, con su familia adoptiva. De los padres aprenden a atender un hogar, administrar su dinero y hacerse valer por s\u00ed mismos. Adem\u00e1s, los j\u00f3venes asumen tareas y responsabilidades dentro del mismo proyecto. Como mentores para los ni\u00f1os m\u00e1s peque\u00f1os devuelven algo de lo que han recibido, prepar\u00e1ndose de esta manera para una vida con sus propias responsabilidades. S\u00f3lo quien logra salir adelante puede ayudar en el futuro a enfrentar los desaf\u00edos que tienen la regi\u00f3n y el pa\u00eds.<\/p>\n<p><img loading=\"lazy\" src=\"http:\/\/encounters-magazine.com\/es\/wp-content\/uploads\/sites\/4\/2013\/04\/Czwikla_3.jpg\" alt=\"Czwikla_3\" width=\"507\" height=\"338\" class=\"alignnone size-full wp-image-145\" srcset=\"http:\/\/encounters-magazine.com\/es\/wp-content\/uploads\/sites\/4\/2013\/04\/Czwikla_3.jpg 507w, http:\/\/encounters-magazine.com\/es\/wp-content\/uploads\/sites\/4\/2013\/04\/Czwikla_3-300x200.jpg 300w\" sizes=\"(max-width: 507px) 100vw, 507px\" \/><\/p>\n<p>Asimismo, Saarhome resuelve de manera pr\u00e1ctica y sostenible un problema que se conoce en todo el mundo: muchas veces, los donativos de las organizaciones humanitarias son destinados exclusivamente a proyectos que atienden a ni\u00f1os. A los adultos j\u00f3venes generalmente se les olvida. Sin embargo, si queremos que nuestros donativos proporcionen un efecto sostenible, tenemos que cambiar de enfoque. El fomento y la atenci\u00f3n no deben terminar inmediatamente despu\u00e9s de que los j\u00f3venes salgan de la escuela. La clave del \u00e9xito es prepararlos para el futuro, abrirles oportunidades y darles las estructuras para que puedan tomar su camino. Hasta que esta generaci\u00f3n no logre romper con los esquemas de sus padres, no podr\u00e1 asumir por s\u00ed misma tareas y responsabilidades sociales. S\u00f3lo as\u00ed, el esfuerzo de las organizaciones de ayuda surtir\u00e1 efecto a largo plazo, haciendo el mundo un poco mejor. Esta tarea requiere de valor y mucho esfuerzo. No obstante, la simple alegr\u00eda de todos los involucrados ya vale la pena.<\/p>\n<p><img loading=\"lazy\" src=\"http:\/\/encounters-magazine.com\/es\/wp-content\/uploads\/sites\/4\/2013\/04\/Czwikla_4.jpg\" alt=\"Czwikla_4\" width=\"507\" height=\"338\" class=\"alignnone size-full wp-image-146\" srcset=\"http:\/\/encounters-magazine.com\/es\/wp-content\/uploads\/sites\/4\/2013\/04\/Czwikla_4.jpg 507w, http:\/\/encounters-magazine.com\/es\/wp-content\/uploads\/sites\/4\/2013\/04\/Czwikla_4-300x200.jpg 300w\" sizes=\"(max-width: 507px) 100vw, 507px\" \/><\/p>\n<h2>Sobre la organizaci\u00f3n be your own hero e.V.<\/h2>\n<p>En 2006 se fund\u00f3 la organizaci\u00f3n altruista be your own hero e.V. que se hace cargo de ni\u00f1os y j\u00f3venes afectados por el VIH\/SIDA. \u201cBe your own hero\u201d (S\u00e9 tu propio h\u00e9roe) es el mensaje y al mismo tiempo el objetivo: por medio de acciones locales y globales, la organizaci\u00f3n llama la atenci\u00f3n sobre el tema del VIH\/SIDA y apoya proyectos e ideas locales. De esta manera, j\u00f3venes de todo el mundo tienen la oportunidad de convertirse en sus propios h\u00e9roes. Saarhome es tan s\u00f3lo uno de muchos proyectos que ha creado la organizaci\u00f3n para ayudar en la regi\u00f3n de Underberg\/Himeville. Para mayor informaci\u00f3n: <a href=\"http:\/\/www.beyourownhero-ev.de\" target=\"_blank\">www.beyourownhero-ev.de<\/a>.<\/p>\n<blockquote><p>Almuth Czwikla, nacida en 1983, es licenciada en Ciencias Sociales y consultora acreditada en Relaciones P\u00fablicas. Trabaja en el departamento de comunicaci\u00f3n de una importante empresa. Desde 2012 se encarga de manera honor\u00edfica de temas de comunicaci\u00f3n del cap\u00edtulo de Wolfsburg de la organizaci\u00f3n be your own hero.<\/p><\/blockquote>\n","protected":false},"excerpt":{"rendered":"<p>El centro Saarhome da a los j\u00f3venes que crecieron en orfanatos la oportunidad de tomar el futuro en sus propias manos. Las estad\u00edsticas muestran que los j\u00f3venes europeos se toman su tiempo para abandonar los hogares de sus padres. Muchos cambian su habitaci\u00f3n de ni\u00f1o por las propias cuatro paredes hasta que tienen alrededor de [&hellip;]<\/p>\n","protected":false},"author":4,"featured_media":141,"parent":121,"menu_order":4,"comment_status":"open","ping_status":"open","template":"page.php","meta":[],"acf":[],"yoast_head":"<!-- This site is optimized with the Yoast SEO plugin v17.9 - https:\/\/yoast.com\/wordpress\/plugins\/seo\/ -->\n<title>\u00bfTerminar el bachillerato para ser indigente? - ENCOUNTERS MAGAZINE. By Santacruz International Communication<\/title>\n<meta name=\"description\" content=\"ENCOUNTERS MAGAZINE by Santacruz International Communication invites you to discover engaging people, places and ideas around the globe.\" \/>\n<meta name=\"robots\" content=\"index, follow, max-snippet:-1, max-image-preview:large, max-video-preview:-1\" \/>\n<link rel=\"canonical\" href=\"https:\/\/encounters-magazine.com\/es\/encounters-two\/terminar-el-bachillerato-para-ser-indigente\/\" \/>\n<meta property=\"og:locale\" content=\"es_ES\" \/>\n<meta property=\"og:type\" content=\"article\" \/>\n<meta property=\"og:title\" content=\"\u00bfTerminar el bachillerato para ser indigente? - ENCOUNTERS MAGAZINE. By Santacruz International Communication\" \/>\n<meta property=\"og:description\" content=\"ENCOUNTERS MAGAZINE by Santacruz International Communication invites you to discover engaging people, places and ideas around the globe.\" \/>\n<meta property=\"og:url\" content=\"https:\/\/encounters-magazine.com\/es\/encounters-two\/terminar-el-bachillerato-para-ser-indigente\/\" \/>\n<meta property=\"og:site_name\" content=\"ES - ENCOUNTERS MAGAZINE\" \/>\n<meta property=\"article:publisher\" content=\"https:\/\/www.facebook.com\/lino.santacruz.5\" \/>\n<meta property=\"og:image\" content=\"https:\/\/encounters-magazine.com\/es\/wp-content\/uploads\/sites\/4\/2013\/04\/Czwikla_Portrait.jpg\" \/>\n\t<meta property=\"og:image:width\" content=\"91\" \/>\n\t<meta property=\"og:image:height\" content=\"78\" \/>\n\t<meta property=\"og:image:type\" content=\"image\/jpeg\" \/>\n<meta name=\"twitter:card\" content=\"summary\" \/>\n<meta name=\"twitter:site\" content=\"@LinoSantacruz\" \/>\n<meta name=\"twitter:label1\" content=\"Tiempo de lectura\" \/>\n\t<meta name=\"twitter:data1\" content=\"4 minutos\" \/>\n<script type=\"application\/ld+json\" class=\"yoast-schema-graph\">{\"@context\":\"https:\/\/schema.org\",\"@graph\":[{\"@type\":\"Organization\",\"@id\":\"https:\/\/encounters-magazine.com\/es\/#organization\",\"name\":\"SANTACRUZ INTERNATIONAL COMMUNICATION\",\"url\":\"https:\/\/encounters-magazine.com\/es\/\",\"sameAs\":[\"https:\/\/www.facebook.com\/lino.santacruz.5\",\"https:\/\/de.linkedin.com\/pub\/lino-santacruz\/a\/806\/417\/de\",\"https:\/\/twitter.com\/LinoSantacruz\"],\"logo\":{\"@type\":\"ImageObject\",\"@id\":\"https:\/\/encounters-magazine.com\/es\/#logo\",\"inLanguage\":\"es\",\"url\":\"http:\/\/encounters-magazine.com\/es\/wp-content\/uploads\/sites\/4\/2015\/10\/sic-logo.png\",\"contentUrl\":\"http:\/\/encounters-magazine.com\/es\/wp-content\/uploads\/sites\/4\/2015\/10\/sic-logo.png\",\"width\":106,\"height\":106,\"caption\":\"SANTACRUZ INTERNATIONAL COMMUNICATION\"},\"image\":{\"@id\":\"https:\/\/encounters-magazine.com\/es\/#logo\"}},{\"@type\":\"WebSite\",\"@id\":\"https:\/\/encounters-magazine.com\/es\/#website\",\"url\":\"https:\/\/encounters-magazine.com\/es\/\",\"name\":\"ES - ENCOUNTERS MAGAZINE\",\"description\":\"\",\"publisher\":{\"@id\":\"https:\/\/encounters-magazine.com\/es\/#organization\"},\"potentialAction\":[{\"@type\":\"SearchAction\",\"target\":{\"@type\":\"EntryPoint\",\"urlTemplate\":\"https:\/\/encounters-magazine.com\/es\/?s={search_term_string}\"},\"query-input\":\"required name=search_term_string\"}],\"inLanguage\":\"es\"},{\"@type\":\"ImageObject\",\"@id\":\"https:\/\/encounters-magazine.com\/es\/encounters-two\/terminar-el-bachillerato-para-ser-indigente\/#primaryimage\",\"inLanguage\":\"es\",\"url\":\"http:\/\/encounters-magazine.com\/es\/wp-content\/uploads\/sites\/4\/2013\/04\/Czwikla_Portrait.jpg\",\"contentUrl\":\"http:\/\/encounters-magazine.com\/es\/wp-content\/uploads\/sites\/4\/2013\/04\/Czwikla_Portrait.jpg\",\"width\":91,\"height\":78,\"caption\":\"Czwikla\"},{\"@type\":\"WebPage\",\"@id\":\"https:\/\/encounters-magazine.com\/es\/encounters-two\/terminar-el-bachillerato-para-ser-indigente\/#webpage\",\"url\":\"https:\/\/encounters-magazine.com\/es\/encounters-two\/terminar-el-bachillerato-para-ser-indigente\/\",\"name\":\"\\u00bfTerminar el bachillerato para ser indigente? - ENCOUNTERS MAGAZINE. By Santacruz International Communication\",\"isPartOf\":{\"@id\":\"https:\/\/encounters-magazine.com\/es\/#website\"},\"primaryImageOfPage\":{\"@id\":\"https:\/\/encounters-magazine.com\/es\/encounters-two\/terminar-el-bachillerato-para-ser-indigente\/#primaryimage\"},\"datePublished\":\"2015-04-16T19:47:38+00:00\",\"dateModified\":\"2015-04-16T19:47:38+00:00\",\"description\":\"ENCOUNTERS MAGAZINE by Santacruz International Communication invites you to discover engaging people, places and ideas around the globe.\",\"breadcrumb\":{\"@id\":\"https:\/\/encounters-magazine.com\/es\/encounters-two\/terminar-el-bachillerato-para-ser-indigente\/#breadcrumb\"},\"inLanguage\":\"es\",\"potentialAction\":[{\"@type\":\"ReadAction\",\"target\":[\"https:\/\/encounters-magazine.com\/es\/encounters-two\/terminar-el-bachillerato-para-ser-indigente\/\"]}]},{\"@type\":\"BreadcrumbList\",\"@id\":\"https:\/\/encounters-magazine.com\/es\/encounters-two\/terminar-el-bachillerato-para-ser-indigente\/#breadcrumb\",\"itemListElement\":[{\"@type\":\"ListItem\",\"position\":1,\"name\":\"Home\",\"item\":\"https:\/\/encounters-magazine.com\/es\/\"},{\"@type\":\"ListItem\",\"position\":2,\"name\":\"Encounters Two\",\"item\":\"https:\/\/encounters-magazine.com\/es\/encounters-two\/\"},{\"@type\":\"ListItem\",\"position\":3,\"name\":\"\\u00bfTerminar el bachillerato para ser indigente?\"}]}]}<\/script>\n<!-- \/ Yoast SEO plugin. -->","yoast_head_json":{"title":"\u00bfTerminar el bachillerato para ser indigente? - ENCOUNTERS MAGAZINE. By Santacruz International Communication","description":"ENCOUNTERS MAGAZINE by Santacruz International Communication invites you to discover engaging people, places and ideas around the globe.","robots":{"index":"index","follow":"follow","max-snippet":"max-snippet:-1","max-image-preview":"max-image-preview:large","max-video-preview":"max-video-preview:-1"},"canonical":"https:\/\/encounters-magazine.com\/es\/encounters-two\/terminar-el-bachillerato-para-ser-indigente\/","og_locale":"es_ES","og_type":"article","og_title":"\u00bfTerminar el bachillerato para ser indigente? - ENCOUNTERS MAGAZINE. By Santacruz International Communication","og_description":"ENCOUNTERS MAGAZINE by Santacruz International Communication invites you to discover engaging people, places and ideas around the globe.","og_url":"https:\/\/encounters-magazine.com\/es\/encounters-two\/terminar-el-bachillerato-para-ser-indigente\/","og_site_name":"ES - ENCOUNTERS MAGAZINE","article_publisher":"https:\/\/www.facebook.com\/lino.santacruz.5","og_image":[{"width":91,"height":78,"url":"https:\/\/encounters-magazine.com\/es\/wp-content\/uploads\/sites\/4\/2013\/04\/Czwikla_Portrait.jpg","type":"image\/jpeg"}],"twitter_card":"summary","twitter_site":"@LinoSantacruz","twitter_misc":{"Tiempo de lectura":"4 minutos"},"schema":{"@context":"https:\/\/schema.org","@graph":[{"@type":"Organization","@id":"https:\/\/encounters-magazine.com\/es\/#organization","name":"SANTACRUZ INTERNATIONAL COMMUNICATION","url":"https:\/\/encounters-magazine.com\/es\/","sameAs":["https:\/\/www.facebook.com\/lino.santacruz.5","https:\/\/de.linkedin.com\/pub\/lino-santacruz\/a\/806\/417\/de","https:\/\/twitter.com\/LinoSantacruz"],"logo":{"@type":"ImageObject","@id":"https:\/\/encounters-magazine.com\/es\/#logo","inLanguage":"es","url":"http:\/\/encounters-magazine.com\/es\/wp-content\/uploads\/sites\/4\/2015\/10\/sic-logo.png","contentUrl":"http:\/\/encounters-magazine.com\/es\/wp-content\/uploads\/sites\/4\/2015\/10\/sic-logo.png","width":106,"height":106,"caption":"SANTACRUZ INTERNATIONAL COMMUNICATION"},"image":{"@id":"https:\/\/encounters-magazine.com\/es\/#logo"}},{"@type":"WebSite","@id":"https:\/\/encounters-magazine.com\/es\/#website","url":"https:\/\/encounters-magazine.com\/es\/","name":"ES - ENCOUNTERS MAGAZINE","description":"","publisher":{"@id":"https:\/\/encounters-magazine.com\/es\/#organization"},"potentialAction":[{"@type":"SearchAction","target":{"@type":"EntryPoint","urlTemplate":"https:\/\/encounters-magazine.com\/es\/?s={search_term_string}"},"query-input":"required name=search_term_string"}],"inLanguage":"es"},{"@type":"ImageObject","@id":"https:\/\/encounters-magazine.com\/es\/encounters-two\/terminar-el-bachillerato-para-ser-indigente\/#primaryimage","inLanguage":"es","url":"http:\/\/encounters-magazine.com\/es\/wp-content\/uploads\/sites\/4\/2013\/04\/Czwikla_Portrait.jpg","contentUrl":"http:\/\/encounters-magazine.com\/es\/wp-content\/uploads\/sites\/4\/2013\/04\/Czwikla_Portrait.jpg","width":91,"height":78,"caption":"Czwikla"},{"@type":"WebPage","@id":"https:\/\/encounters-magazine.com\/es\/encounters-two\/terminar-el-bachillerato-para-ser-indigente\/#webpage","url":"https:\/\/encounters-magazine.com\/es\/encounters-two\/terminar-el-bachillerato-para-ser-indigente\/","name":"\u00bfTerminar el bachillerato para ser indigente? - ENCOUNTERS MAGAZINE. By Santacruz International Communication","isPartOf":{"@id":"https:\/\/encounters-magazine.com\/es\/#website"},"primaryImageOfPage":{"@id":"https:\/\/encounters-magazine.com\/es\/encounters-two\/terminar-el-bachillerato-para-ser-indigente\/#primaryimage"},"datePublished":"2015-04-16T19:47:38+00:00","dateModified":"2015-04-16T19:47:38+00:00","description":"ENCOUNTERS MAGAZINE by Santacruz International Communication invites you to discover engaging people, places and ideas around the globe.","breadcrumb":{"@id":"https:\/\/encounters-magazine.com\/es\/encounters-two\/terminar-el-bachillerato-para-ser-indigente\/#breadcrumb"},"inLanguage":"es","potentialAction":[{"@type":"ReadAction","target":["https:\/\/encounters-magazine.com\/es\/encounters-two\/terminar-el-bachillerato-para-ser-indigente\/"]}]},{"@type":"BreadcrumbList","@id":"https:\/\/encounters-magazine.com\/es\/encounters-two\/terminar-el-bachillerato-para-ser-indigente\/#breadcrumb","itemListElement":[{"@type":"ListItem","position":1,"name":"Home","item":"https:\/\/encounters-magazine.com\/es\/"},{"@type":"ListItem","position":2,"name":"Encounters Two","item":"https:\/\/encounters-magazine.com\/es\/encounters-two\/"},{"@type":"ListItem","position":3,"name":"\u00bfTerminar el bachillerato para ser indigente?"}]}]}},"_links":{"self":[{"href":"http:\/\/encounters-magazine.com\/es\/wp-json\/wp\/v2\/pages\/1146"}],"collection":[{"href":"http:\/\/encounters-magazine.com\/es\/wp-json\/wp\/v2\/pages"}],"about":[{"href":"http:\/\/encounters-magazine.com\/es\/wp-json\/wp\/v2\/types\/page"}],"author":[{"embeddable":true,"href":"http:\/\/encounters-magazine.com\/es\/wp-json\/wp\/v2\/users\/4"}],"replies":[{"embeddable":true,"href":"http:\/\/encounters-magazine.com\/es\/wp-json\/wp\/v2\/comments?post=1146"}],"version-history":[{"count":1,"href":"http:\/\/encounters-magazine.com\/es\/wp-json\/wp\/v2\/pages\/1146\/revisions"}],"predecessor-version":[{"id":1147,"href":"http:\/\/encounters-magazine.com\/es\/wp-json\/wp\/v2\/pages\/1146\/revisions\/1147"}],"up":[{"embeddable":true,"href":"http:\/\/encounters-magazine.com\/es\/wp-json\/wp\/v2\/pages\/121"}],"wp:featuredmedia":[{"embeddable":true,"href":"http:\/\/encounters-magazine.com\/es\/wp-json\/wp\/v2\/media\/141"}],"wp:attachment":[{"href":"http:\/\/encounters-magazine.com\/es\/wp-json\/wp\/v2\/media?parent=1146"}],"curies":[{"name":"wp","href":"https:\/\/api.w.org\/{rel}","templated":true}]}}