{"id":1144,"date":"2015-04-16T19:46:23","date_gmt":"2015-04-16T19:46:23","guid":{"rendered":"http:\/\/encounters-magazine.com\/es\/?page_id=1144"},"modified":"2015-04-16T19:46:23","modified_gmt":"2015-04-16T19:46:23","slug":"hoshi-coupe-una-estrella-japonesa","status":"publish","type":"page","link":"http:\/\/encounters-magazine.com\/es\/encounters-two\/hoshi-coupe-una-estrella-japonesa\/","title":{"rendered":"Hoshi Coupe \u2013 Una \u201cestrella\u201d japonesa"},"content":{"rendered":"<p>No es muy com\u00fan en Jap\u00f3n tener la oportunidad de crecer inmerso en un entorno internacional. Mi padre, Shigeo Ono, trabaja en temas de educaci\u00f3n social y tambi\u00e9n organiza intercambios educativos a nivel internacional y mi madre, Masako Hoshi, inici\u00f3 el negocio del cual hoy soy copropietario: Hoshi Coupe.<\/p>\n<p>\u201cHoshi\u201d es la palabra japonesa para \u201cestrella\u201d. Y \u201cCoupe\u201d la francesa para \u201ccorte\u201d. Y el nombre resume lo que somos: una peluquer\u00eda japonesa dirigida a una clientela internacional. Unos 30 empleados trabajan actualmente en nuestras peluquer\u00edas en Kioto, Nueva York, Par\u00eds y Berl\u00edn.<\/p>\n<div id=\"attachment_128\" style=\"width: 517px\" class=\"wp-caption alignnone\"><img aria-describedby=\"caption-attachment-128\" loading=\"lazy\" src=\"http:\/\/encounters-magazine.com\/es\/wp-content\/uploads\/sites\/4\/2013\/04\/Hoshi_Berlin.jpg\" alt=\"Berl\u00edn\" width=\"507\" height=\"380\" class=\"size-full wp-image-128\" srcset=\"http:\/\/encounters-magazine.com\/es\/wp-content\/uploads\/sites\/4\/2013\/04\/Hoshi_Berlin.jpg 507w, http:\/\/encounters-magazine.com\/es\/wp-content\/uploads\/sites\/4\/2013\/04\/Hoshi_Berlin-300x224.jpg 300w\" sizes=\"(max-width: 507px) 100vw, 507px\" \/><p id=\"caption-attachment-128\" class=\"wp-caption-text\">Berl\u00edn<\/p><\/div>\n<h2>El inicio<\/h2>\n<p>Mi madre abri\u00f3 su primera peluquer\u00eda en Tokio a mediados de los 80. La cerr\u00f3 para mudarse a Londres y especializarse como estilista en Vidal Sassoon. Su af\u00e1n de mejorar la llev\u00f3 a Par\u00eds y a Nueva York. Ah\u00ed trabaj\u00f3 en varias peluquer\u00edas hasta que abri\u00f3 su propio negocio que pronto se expandi\u00f3.<\/p>\n<p>Por mi parte, siempre estuve interesado en otros pa\u00edses y ten\u00eda claro que saldr\u00eda de Jap\u00f3n. Como estudiante, disfrutaba mucho de conocer a extranjeros y escuchar opiniones diferentes. Tom\u00e9 parte en varios de los intercambios estudiantiles que organizaba mi padre. Nunca tuve dificultades para adaptarme. Tampoco tuve fricciones al salir de Jap\u00f3n.<\/p>\n<div id=\"attachment_130\" style=\"width: 517px\" class=\"wp-caption alignnone\"><img aria-describedby=\"caption-attachment-130\" loading=\"lazy\" src=\"http:\/\/encounters-magazine.com\/es\/wp-content\/uploads\/sites\/4\/2013\/04\/Hoshi_Paris.jpg\" alt=\"Par\u00eds\" width=\"507\" height=\"380\" class=\"size-full wp-image-130\" srcset=\"http:\/\/encounters-magazine.com\/es\/wp-content\/uploads\/sites\/4\/2013\/04\/Hoshi_Paris.jpg 507w, http:\/\/encounters-magazine.com\/es\/wp-content\/uploads\/sites\/4\/2013\/04\/Hoshi_Paris-300x224.jpg 300w\" sizes=\"(max-width: 507px) 100vw, 507px\" \/><p id=\"caption-attachment-130\" class=\"wp-caption-text\">Par\u00eds<\/p><\/div>\n<p>Estudi\u00e9 para ser estilista en Jap\u00f3n y trabaj\u00e9 en 3 peluquer\u00edas cerca de Yokohama y en Tokio. Era necesario ganar experiencia antes de poder unirme a Hoshi Coupe. Deb\u00eda aprender la t\u00e9cnica y las habilidades japonesas. <\/p>\n<p>En los 90 hice una especializaci\u00f3n y desarroll\u00e9 t\u00e9cnicas creativas en el sal\u00f3n MOD\u2019s Hair en Par\u00eds. Al terminar, me dediqu\u00e9 de tiempo completo a Hoshi Coupe. En Par\u00eds obtuve la experiencia internacional e hice los contactos necesarios para crecer. Despu\u00e9s abrimos Berl\u00edn y Kioto.<\/p>\n<div id=\"attachment_133\" style=\"width: 517px\" class=\"wp-caption alignnone\"><img aria-describedby=\"caption-attachment-133\" loading=\"lazy\" src=\"http:\/\/encounters-magazine.com\/es\/wp-content\/uploads\/sites\/4\/2013\/04\/Hoshi_Kyoto.jpg\" alt=\"Kioto\" width=\"507\" height=\"380\" class=\"size-full wp-image-133\" srcset=\"http:\/\/encounters-magazine.com\/es\/wp-content\/uploads\/sites\/4\/2013\/04\/Hoshi_Kyoto.jpg 507w, http:\/\/encounters-magazine.com\/es\/wp-content\/uploads\/sites\/4\/2013\/04\/Hoshi_Kyoto-300x224.jpg 300w\" sizes=\"(max-width: 507px) 100vw, 507px\" \/><p id=\"caption-attachment-133\" class=\"wp-caption-text\">Kioto<\/p><\/div>\n<h2>El concepto<\/h2>\n<p>El dise\u00f1o no es lo m\u00e1s importante, sino el estilista. Nuestras peluquer\u00edas est\u00e1n concebidas como galer\u00edas. Son simples para no distraer el objeto de atenci\u00f3n. Minimalistas. Para nosotros la peluquer\u00eda es como un escenario y el estilista act\u00faa en \u00e9l. No queremos distraerlo. <\/p>\n<p>En cuanto al dise\u00f1o de las peluquer\u00edas, preferimos utilizar materiales puros a los artificiales: en Berl\u00edn, por ejemplo, en lugar de paredes pintadas tenemos concreto; en Kioto tenemos madera de verdad y en Chelsea resaltamos los viejos ladrillos del edificio en la decoraci\u00f3n.<\/p>\n<div id=\"attachment_135\" style=\"width: 517px\" class=\"wp-caption alignnone\"><img aria-describedby=\"caption-attachment-135\" loading=\"lazy\" src=\"http:\/\/encounters-magazine.com\/es\/wp-content\/uploads\/sites\/4\/2013\/04\/Hoshi_Chelsea.jpg\" alt=\"Chelsea, Nueva York\" width=\"507\" height=\"380\" class=\"size-full wp-image-135\" srcset=\"http:\/\/encounters-magazine.com\/es\/wp-content\/uploads\/sites\/4\/2013\/04\/Hoshi_Chelsea.jpg 507w, http:\/\/encounters-magazine.com\/es\/wp-content\/uploads\/sites\/4\/2013\/04\/Hoshi_Chelsea-300x224.jpg 300w\" sizes=\"(max-width: 507px) 100vw, 507px\" \/><p id=\"caption-attachment-135\" class=\"wp-caption-text\">Chelsea, Nueva York<\/p><\/div>\n<div id=\"attachment_137\" style=\"width: 517px\" class=\"wp-caption alignnone\"><img aria-describedby=\"caption-attachment-137\" loading=\"lazy\" src=\"http:\/\/encounters-magazine.com\/es\/wp-content\/uploads\/sites\/4\/2013\/04\/Hoshi_East-Village.jpg\" alt=\"East Village, Nueva York\" width=\"507\" height=\"380\" class=\"size-full wp-image-137\" srcset=\"http:\/\/encounters-magazine.com\/es\/wp-content\/uploads\/sites\/4\/2013\/04\/Hoshi_East-Village.jpg 507w, http:\/\/encounters-magazine.com\/es\/wp-content\/uploads\/sites\/4\/2013\/04\/Hoshi_East-Village-300x224.jpg 300w\" sizes=\"(max-width: 507px) 100vw, 507px\" \/><p id=\"caption-attachment-137\" class=\"wp-caption-text\">East Village, Nueva York<\/p><\/div>\n<div id=\"attachment_138\" style=\"width: 517px\" class=\"wp-caption alignnone\"><img aria-describedby=\"caption-attachment-138\" loading=\"lazy\" src=\"http:\/\/encounters-magazine.com\/es\/wp-content\/uploads\/sites\/4\/2013\/04\/Hoshi_Upper-West.jpg\" alt=\"Upper West, Nueva York\" width=\"507\" height=\"380\" class=\"size-full wp-image-138\" srcset=\"http:\/\/encounters-magazine.com\/es\/wp-content\/uploads\/sites\/4\/2013\/04\/Hoshi_Upper-West.jpg 507w, http:\/\/encounters-magazine.com\/es\/wp-content\/uploads\/sites\/4\/2013\/04\/Hoshi_Upper-West-300x224.jpg 300w\" sizes=\"(max-width: 507px) 100vw, 507px\" \/><p id=\"caption-attachment-138\" class=\"wp-caption-text\">Upper West, Nueva York<\/p><\/div>\n<h2>La experiencia<\/h2>\n<p>A nivel empresarial, es bueno abrir las fronteras para el comercio. Estoy feliz con mi trabajo, porque es justo lo que imaginaba cuando era joven. Me gustan mucho el arte y la m\u00fasica. Una peluquer\u00eda, adem\u00e1s de ser necesaria, tiene componentes creativos y art\u00edsticos. No se trata solo del cabello sino de crear un entorno art\u00edstico.<\/p>\n<p>El trabajo depende de nuestras ideas y cada peluquer\u00eda tiene un estilo diferente. Nuestro sal\u00f3n es m\u00e1s creativo, abierto e internacional. Est\u00e1 abierto no solo para clientes japoneses, sino para todas las personas en esas ciudades interesantes. Eso demanda mucha energ\u00eda.<\/p>\n<p>Es una gran experiencia trabajar en el exterior. Siendo flexible, la mayor\u00eda de las cosas dejan de ser dif\u00edciles.<\/p>\n<h2>Las ense\u00f1anzas<\/h2>\n<p>Las dificultades son inevitables. Hay que ser flexibles y buscar soluciones para seguir adelante. Las lecciones de mi madre me ayudaron en el camino:<\/p>\n<ul>\n<li>Cree en ti mismo.<\/li>\n<li>No sigas las tendencias: crea nuevos caminos, crea nuevas formas, crea las tendencias.<\/li>\n<li>Nunca te rindas.<\/li>\n<li>S\u00e9 flexible siempre y ten una actitud abierta.<\/li>\n<li>Prueba las cosas antes de juzgarlas.<\/li>\n<\/ul>\n<blockquote><p>Hiroshi Ono naci\u00f3 en Tokio. Su escenario es el mundo. Es estilista en jefe y director de Hoshi Coupe. <a href=\"http:\/\/www.hoshicoupe.com\" target=\"_blank\">www.hoshicoupe.com<\/a><\/p><\/blockquote>\n","protected":false},"excerpt":{"rendered":"<p>No es muy com\u00fan en Jap\u00f3n tener la oportunidad de crecer inmerso en un entorno internacional. Mi padre, Shigeo Ono, trabaja en temas de educaci\u00f3n social y tambi\u00e9n organiza intercambios educativos a nivel internacional y mi madre, Masako Hoshi, inici\u00f3 el negocio del cual hoy soy copropietario: Hoshi Coupe. \u201cHoshi\u201d es la palabra japonesa para [&hellip;]<\/p>\n","protected":false},"author":4,"featured_media":129,"parent":121,"menu_order":3,"comment_status":"open","ping_status":"open","template":"page.php","meta":[],"acf":[],"yoast_head":"<!-- This site is optimized with the Yoast SEO plugin v17.9 - https:\/\/yoast.com\/wordpress\/plugins\/seo\/ -->\n<title>Hoshi Coupe \u2013 Una \u201cestrella\u201d japonesa - ENCOUNTERS MAGAZINE. By Santacruz International Communication<\/title>\n<meta name=\"description\" content=\"ENCOUNTERS MAGAZINE by Santacruz International Communication invites you to discover engaging people, places and ideas around the globe.\" \/>\n<meta name=\"robots\" content=\"index, follow, max-snippet:-1, max-image-preview:large, max-video-preview:-1\" \/>\n<link rel=\"canonical\" href=\"https:\/\/encounters-magazine.com\/es\/encounters-two\/hoshi-coupe-una-estrella-japonesa\/\" \/>\n<meta property=\"og:locale\" content=\"es_ES\" \/>\n<meta property=\"og:type\" content=\"article\" \/>\n<meta property=\"og:title\" content=\"Hoshi Coupe \u2013 Una \u201cestrella\u201d japonesa - ENCOUNTERS MAGAZINE. By Santacruz International Communication\" \/>\n<meta property=\"og:description\" content=\"ENCOUNTERS MAGAZINE by Santacruz International Communication invites you to discover engaging people, places and ideas around the globe.\" \/>\n<meta property=\"og:url\" content=\"https:\/\/encounters-magazine.com\/es\/encounters-two\/hoshi-coupe-una-estrella-japonesa\/\" \/>\n<meta property=\"og:site_name\" content=\"ES - ENCOUNTERS MAGAZINE\" \/>\n<meta property=\"article:publisher\" content=\"https:\/\/www.facebook.com\/lino.santacruz.5\" \/>\n<meta property=\"og:image\" content=\"https:\/\/encounters-magazine.com\/es\/wp-content\/uploads\/sites\/4\/2013\/04\/Hiroshi_Portrait.jpg\" \/>\n\t<meta property=\"og:image:width\" content=\"97\" \/>\n\t<meta property=\"og:image:height\" content=\"80\" \/>\n\t<meta property=\"og:image:type\" content=\"image\/jpeg\" \/>\n<meta name=\"twitter:card\" content=\"summary\" \/>\n<meta name=\"twitter:site\" content=\"@LinoSantacruz\" \/>\n<meta name=\"twitter:label1\" content=\"Tiempo de lectura\" \/>\n\t<meta name=\"twitter:data1\" content=\"3 minutos\" \/>\n<script type=\"application\/ld+json\" class=\"yoast-schema-graph\">{\"@context\":\"https:\/\/schema.org\",\"@graph\":[{\"@type\":\"Organization\",\"@id\":\"https:\/\/encounters-magazine.com\/es\/#organization\",\"name\":\"SANTACRUZ INTERNATIONAL COMMUNICATION\",\"url\":\"https:\/\/encounters-magazine.com\/es\/\",\"sameAs\":[\"https:\/\/www.facebook.com\/lino.santacruz.5\",\"https:\/\/de.linkedin.com\/pub\/lino-santacruz\/a\/806\/417\/de\",\"https:\/\/twitter.com\/LinoSantacruz\"],\"logo\":{\"@type\":\"ImageObject\",\"@id\":\"https:\/\/encounters-magazine.com\/es\/#logo\",\"inLanguage\":\"es\",\"url\":\"http:\/\/encounters-magazine.com\/es\/wp-content\/uploads\/sites\/4\/2015\/10\/sic-logo.png\",\"contentUrl\":\"http:\/\/encounters-magazine.com\/es\/wp-content\/uploads\/sites\/4\/2015\/10\/sic-logo.png\",\"width\":106,\"height\":106,\"caption\":\"SANTACRUZ INTERNATIONAL COMMUNICATION\"},\"image\":{\"@id\":\"https:\/\/encounters-magazine.com\/es\/#logo\"}},{\"@type\":\"WebSite\",\"@id\":\"https:\/\/encounters-magazine.com\/es\/#website\",\"url\":\"https:\/\/encounters-magazine.com\/es\/\",\"name\":\"ES - ENCOUNTERS MAGAZINE\",\"description\":\"\",\"publisher\":{\"@id\":\"https:\/\/encounters-magazine.com\/es\/#organization\"},\"potentialAction\":[{\"@type\":\"SearchAction\",\"target\":{\"@type\":\"EntryPoint\",\"urlTemplate\":\"https:\/\/encounters-magazine.com\/es\/?s={search_term_string}\"},\"query-input\":\"required name=search_term_string\"}],\"inLanguage\":\"es\"},{\"@type\":\"ImageObject\",\"@id\":\"https:\/\/encounters-magazine.com\/es\/encounters-two\/hoshi-coupe-una-estrella-japonesa\/#primaryimage\",\"inLanguage\":\"es\",\"url\":\"http:\/\/encounters-magazine.com\/es\/wp-content\/uploads\/sites\/4\/2013\/04\/Hiroshi_Portrait.jpg\",\"contentUrl\":\"http:\/\/encounters-magazine.com\/es\/wp-content\/uploads\/sites\/4\/2013\/04\/Hiroshi_Portrait.jpg\",\"width\":97,\"height\":80,\"caption\":\"Hiroshi\"},{\"@type\":\"WebPage\",\"@id\":\"https:\/\/encounters-magazine.com\/es\/encounters-two\/hoshi-coupe-una-estrella-japonesa\/#webpage\",\"url\":\"https:\/\/encounters-magazine.com\/es\/encounters-two\/hoshi-coupe-una-estrella-japonesa\/\",\"name\":\"Hoshi Coupe \\u2013 Una \\u201cestrella\\u201d japonesa - ENCOUNTERS MAGAZINE. By Santacruz International Communication\",\"isPartOf\":{\"@id\":\"https:\/\/encounters-magazine.com\/es\/#website\"},\"primaryImageOfPage\":{\"@id\":\"https:\/\/encounters-magazine.com\/es\/encounters-two\/hoshi-coupe-una-estrella-japonesa\/#primaryimage\"},\"datePublished\":\"2015-04-16T19:46:23+00:00\",\"dateModified\":\"2015-04-16T19:46:23+00:00\",\"description\":\"ENCOUNTERS MAGAZINE by Santacruz International Communication invites you to discover engaging people, places and ideas around the globe.\",\"breadcrumb\":{\"@id\":\"https:\/\/encounters-magazine.com\/es\/encounters-two\/hoshi-coupe-una-estrella-japonesa\/#breadcrumb\"},\"inLanguage\":\"es\",\"potentialAction\":[{\"@type\":\"ReadAction\",\"target\":[\"https:\/\/encounters-magazine.com\/es\/encounters-two\/hoshi-coupe-una-estrella-japonesa\/\"]}]},{\"@type\":\"BreadcrumbList\",\"@id\":\"https:\/\/encounters-magazine.com\/es\/encounters-two\/hoshi-coupe-una-estrella-japonesa\/#breadcrumb\",\"itemListElement\":[{\"@type\":\"ListItem\",\"position\":1,\"name\":\"Home\",\"item\":\"https:\/\/encounters-magazine.com\/es\/\"},{\"@type\":\"ListItem\",\"position\":2,\"name\":\"Encounters Two\",\"item\":\"https:\/\/encounters-magazine.com\/es\/encounters-two\/\"},{\"@type\":\"ListItem\",\"position\":3,\"name\":\"Hoshi Coupe \\u2013 Una \\u201cestrella\\u201d japonesa\"}]}]}<\/script>\n<!-- \/ Yoast SEO plugin. -->","yoast_head_json":{"title":"Hoshi Coupe \u2013 Una \u201cestrella\u201d japonesa - ENCOUNTERS MAGAZINE. By Santacruz International Communication","description":"ENCOUNTERS MAGAZINE by Santacruz International Communication invites you to discover engaging people, places and ideas around the globe.","robots":{"index":"index","follow":"follow","max-snippet":"max-snippet:-1","max-image-preview":"max-image-preview:large","max-video-preview":"max-video-preview:-1"},"canonical":"https:\/\/encounters-magazine.com\/es\/encounters-two\/hoshi-coupe-una-estrella-japonesa\/","og_locale":"es_ES","og_type":"article","og_title":"Hoshi Coupe \u2013 Una \u201cestrella\u201d japonesa - ENCOUNTERS MAGAZINE. By Santacruz International Communication","og_description":"ENCOUNTERS MAGAZINE by Santacruz International Communication invites you to discover engaging people, places and ideas around the globe.","og_url":"https:\/\/encounters-magazine.com\/es\/encounters-two\/hoshi-coupe-una-estrella-japonesa\/","og_site_name":"ES - ENCOUNTERS MAGAZINE","article_publisher":"https:\/\/www.facebook.com\/lino.santacruz.5","og_image":[{"width":97,"height":80,"url":"https:\/\/encounters-magazine.com\/es\/wp-content\/uploads\/sites\/4\/2013\/04\/Hiroshi_Portrait.jpg","type":"image\/jpeg"}],"twitter_card":"summary","twitter_site":"@LinoSantacruz","twitter_misc":{"Tiempo de lectura":"3 minutos"},"schema":{"@context":"https:\/\/schema.org","@graph":[{"@type":"Organization","@id":"https:\/\/encounters-magazine.com\/es\/#organization","name":"SANTACRUZ INTERNATIONAL COMMUNICATION","url":"https:\/\/encounters-magazine.com\/es\/","sameAs":["https:\/\/www.facebook.com\/lino.santacruz.5","https:\/\/de.linkedin.com\/pub\/lino-santacruz\/a\/806\/417\/de","https:\/\/twitter.com\/LinoSantacruz"],"logo":{"@type":"ImageObject","@id":"https:\/\/encounters-magazine.com\/es\/#logo","inLanguage":"es","url":"http:\/\/encounters-magazine.com\/es\/wp-content\/uploads\/sites\/4\/2015\/10\/sic-logo.png","contentUrl":"http:\/\/encounters-magazine.com\/es\/wp-content\/uploads\/sites\/4\/2015\/10\/sic-logo.png","width":106,"height":106,"caption":"SANTACRUZ INTERNATIONAL COMMUNICATION"},"image":{"@id":"https:\/\/encounters-magazine.com\/es\/#logo"}},{"@type":"WebSite","@id":"https:\/\/encounters-magazine.com\/es\/#website","url":"https:\/\/encounters-magazine.com\/es\/","name":"ES - ENCOUNTERS MAGAZINE","description":"","publisher":{"@id":"https:\/\/encounters-magazine.com\/es\/#organization"},"potentialAction":[{"@type":"SearchAction","target":{"@type":"EntryPoint","urlTemplate":"https:\/\/encounters-magazine.com\/es\/?s={search_term_string}"},"query-input":"required name=search_term_string"}],"inLanguage":"es"},{"@type":"ImageObject","@id":"https:\/\/encounters-magazine.com\/es\/encounters-two\/hoshi-coupe-una-estrella-japonesa\/#primaryimage","inLanguage":"es","url":"http:\/\/encounters-magazine.com\/es\/wp-content\/uploads\/sites\/4\/2013\/04\/Hiroshi_Portrait.jpg","contentUrl":"http:\/\/encounters-magazine.com\/es\/wp-content\/uploads\/sites\/4\/2013\/04\/Hiroshi_Portrait.jpg","width":97,"height":80,"caption":"Hiroshi"},{"@type":"WebPage","@id":"https:\/\/encounters-magazine.com\/es\/encounters-two\/hoshi-coupe-una-estrella-japonesa\/#webpage","url":"https:\/\/encounters-magazine.com\/es\/encounters-two\/hoshi-coupe-una-estrella-japonesa\/","name":"Hoshi Coupe \u2013 Una \u201cestrella\u201d japonesa - ENCOUNTERS MAGAZINE. By Santacruz International Communication","isPartOf":{"@id":"https:\/\/encounters-magazine.com\/es\/#website"},"primaryImageOfPage":{"@id":"https:\/\/encounters-magazine.com\/es\/encounters-two\/hoshi-coupe-una-estrella-japonesa\/#primaryimage"},"datePublished":"2015-04-16T19:46:23+00:00","dateModified":"2015-04-16T19:46:23+00:00","description":"ENCOUNTERS MAGAZINE by Santacruz International Communication invites you to discover engaging people, places and ideas around the globe.","breadcrumb":{"@id":"https:\/\/encounters-magazine.com\/es\/encounters-two\/hoshi-coupe-una-estrella-japonesa\/#breadcrumb"},"inLanguage":"es","potentialAction":[{"@type":"ReadAction","target":["https:\/\/encounters-magazine.com\/es\/encounters-two\/hoshi-coupe-una-estrella-japonesa\/"]}]},{"@type":"BreadcrumbList","@id":"https:\/\/encounters-magazine.com\/es\/encounters-two\/hoshi-coupe-una-estrella-japonesa\/#breadcrumb","itemListElement":[{"@type":"ListItem","position":1,"name":"Home","item":"https:\/\/encounters-magazine.com\/es\/"},{"@type":"ListItem","position":2,"name":"Encounters Two","item":"https:\/\/encounters-magazine.com\/es\/encounters-two\/"},{"@type":"ListItem","position":3,"name":"Hoshi Coupe \u2013 Una \u201cestrella\u201d japonesa"}]}]}},"_links":{"self":[{"href":"http:\/\/encounters-magazine.com\/es\/wp-json\/wp\/v2\/pages\/1144"}],"collection":[{"href":"http:\/\/encounters-magazine.com\/es\/wp-json\/wp\/v2\/pages"}],"about":[{"href":"http:\/\/encounters-magazine.com\/es\/wp-json\/wp\/v2\/types\/page"}],"author":[{"embeddable":true,"href":"http:\/\/encounters-magazine.com\/es\/wp-json\/wp\/v2\/users\/4"}],"replies":[{"embeddable":true,"href":"http:\/\/encounters-magazine.com\/es\/wp-json\/wp\/v2\/comments?post=1144"}],"version-history":[{"count":1,"href":"http:\/\/encounters-magazine.com\/es\/wp-json\/wp\/v2\/pages\/1144\/revisions"}],"predecessor-version":[{"id":1145,"href":"http:\/\/encounters-magazine.com\/es\/wp-json\/wp\/v2\/pages\/1144\/revisions\/1145"}],"up":[{"embeddable":true,"href":"http:\/\/encounters-magazine.com\/es\/wp-json\/wp\/v2\/pages\/121"}],"wp:featuredmedia":[{"embeddable":true,"href":"http:\/\/encounters-magazine.com\/es\/wp-json\/wp\/v2\/media\/129"}],"wp:attachment":[{"href":"http:\/\/encounters-magazine.com\/es\/wp-json\/wp\/v2\/media?parent=1144"}],"curies":[{"name":"wp","href":"https:\/\/api.w.org\/{rel}","templated":true}]}}