{"id":1124,"date":"2015-04-16T19:31:17","date_gmt":"2015-04-16T19:31:17","guid":{"rendered":"http:\/\/encounters-magazine.com\/es\/?page_id=1124"},"modified":"2015-04-16T19:31:17","modified_gmt":"2015-04-16T19:31:17","slug":"la-senda-del-amor-a-traves-del-yoga","status":"publish","type":"page","link":"http:\/\/encounters-magazine.com\/es\/home-page\/la-senda-del-amor-a-traves-del-yoga\/","title":{"rendered":"La senda del amor a trav\u00e9s del yoga"},"content":{"rendered":"<p><img loading=\"lazy\" src=\"http:\/\/encounters-magazine.com\/es\/wp-content\/uploads\/sites\/4\/2013\/03\/Martinez_Bild1.jpg\" alt=\"Martinez_Bild\" width=\"507\" height=\"426\" class=\"alignnone size-full wp-image-59\" srcset=\"http:\/\/encounters-magazine.com\/es\/wp-content\/uploads\/sites\/4\/2013\/03\/Martinez_Bild1.jpg 507w, http:\/\/encounters-magazine.com\/es\/wp-content\/uploads\/sites\/4\/2013\/03\/Martinez_Bild1-300x252.jpg 300w\" sizes=\"(max-width: 507px) 100vw, 507px\" \/><\/p>\n<p>Mi camino al yoga empez\u00f3 \u00fanicamente por curiosidad. En M\u00e9xico, de donde soy originaria, escuch\u00e9 por primera vez hablar del yoga por la pr\u00e1ctica que hac\u00eda de esta disciplina milenaria de origen hind\u00fa una primera actriz del cine mexicano y siempre pens\u00e9 que se trataba de algo m\u00edstico.<\/p>\n<p>Durante muchos a\u00f1os estuve relacionada con el mundo de los medios de comunicaci\u00f3n. Trabaj\u00e9 en televisi\u00f3n en M\u00e9xico y el destino me llev\u00f3 a Nueva York en donde viv\u00ed 13 a\u00f1os. Trabaj\u00e9 para MTV Latino como traductora y talento de voz. Cuando renunci\u00e9 a MTV, tuve tiempo de tomar por primera vez clases de yoga.<\/p>\n<p>En 1998, despu\u00e9s de un a\u00f1o de practicar el yoga decid\u00ed que era el momento de profundizar y tom\u00e9 parte de un entrenamiento en uno de los ashrams (lugar tradicional para el retiro espiritual) m\u00e1s conocidos de la ciudad de Nueva York, \u201cIntegral Hatha Yoga\u201d. En mi camino en el yoga -a diferencia de la televisi\u00f3n- las cosas fluyeron inmediatamente. A una semana de haberme graduado empec\u00e9 a dar clases. No tengo palabras suficientes para explicar lo que sent\u00ed la primera vez que impart\u00ed una clase. Bueno, tal vez muchas palabras no, pero s\u00ed una sola: AMOR.<\/p>\n<p>A pesar del gran inter\u00e9s por los medios de comunicaci\u00f3n y los diversos proyectos profesionales que he emprendido en esa \u00e1rea, nunca antes hab\u00eda experimentado tal sentimiento de amor al desarrollar mi trabajo. A pesar de que siempre he tratado de imprimir pasi\u00f3n en las cosas que emprendo, tengo que reconocer que mi trabajo en los medios era \u00fanicamente pensando en m\u00ed y lo que quer\u00eda alcanzar. En yoga fue y es exactamente lo contrario. Nunca se ha tratado de m\u00ed, sino m\u00e1s bien de la gente que viene a mis clases. Mi conciencia es casi nula de ego, como si alguien lo desconectara autom\u00e1ticamente al entrar al shala (sal\u00f3n de pr\u00e1ctica de yoga) desviando mi atenci\u00f3n a cada practicante, sus necesidades y a lo que me expresa a trav\u00e9s de su pr\u00e1ctica, as\u00ed como a la din\u00e1mica que se genera en cada grupo.<\/p>\n<p>Eso es precisamente lo que m\u00e1s amo de mi trabajo, si es que se le puede llamar trabajo a algo que me proporciona tanto placer. Mi \u00fanico inter\u00e9s es servir a mis estudiantes y compartir con ellos la pr\u00e1ctica milenaria de la yoga y sus importantes ense\u00f1anzas que para m\u00ed son una de las herramientas m\u00e1s poderosas que tenemos en estos d\u00edas para elevar nuestra conciencia, conocernos verdaderamente y llevar una vida m\u00e1s plena y saludable a nivel f\u00edsico, mental y espiritual.<\/p>\n<p>He tenido la enorme fortuna de contar con GRANDES maestros, tales como Shri K Pattabhi Jois y Sharath Jois. Pattabhi Jois es el fundador del sistema Ashtanga Yoga y Sharath su nieto y sucesor, despu\u00e9s de la muerte de Guruji Pattabhi Jois. Ashtanga es un sistema de secuencias espec\u00edficas de asanas (posturas) ligadas a la respiraci\u00f3n que promueven la purificaci\u00f3n del cuerpo, que se dividen en seis por su grado de dificultad, siendo muy pocas las personas en el mundo que se encuentran autorizadas para impartir las \u00faltimas secuencias. Es un gran HONOR ser la \u00fanica mujer en M\u00e9xico autorizada por la escuela de Pattabhi y Sharath Jois en Mysore, India, para ense\u00f1ar la segunda serie de Ashtanga. <\/p>\n<p>Con la intenci\u00f3n de continuar promoviendo la ense\u00f1anza tradicional de la Ashtanga, fund\u00e9 el Ashtanga Yoga M\u00e9xico Institute, el cual dirijo, y a partir del cual se ha creado una importante red para la realizaci\u00f3n de talleres, cursos e intercambio de ideas y experiencias entre personas de diversas nacionalidades, religiones, edades y profesiones pero que compartimos el mismo fin e inter\u00e9s de practicar yoga y utilizar esta herramienta para mejorar nuestra calidad de vida en todos los sentidos y nuestro entorno. Adem\u00e1s de los m\u00faltiples beneficios que me aporta mi pr\u00e1ctica personal, Ashtanga me ha llevado a viajar por el mundo a compartir esta bella disciplina por lugares como Nueva York, Miami, Philadelphia, Frankfurt, Per\u00fa, Israel, el sur de Texas y M\u00e9xico, desde luego.<\/p>\n<p>Concluyo as\u00ed: El dolor en el coraz\u00f3n que signific\u00f3 para m\u00ed renunciar a MTV se convirti\u00f3 en el inicio del mayor de mis amores.<\/p>\n<blockquote><p>Olivia Mart\u00ednez naci\u00f3 el 5 de octubre de 1969 en la Ciudad de M\u00e9xico. Es instructora y directora de Ashtanga Yoga M\u00e9xico Institute (<a href=\"http:\/\/www.ashtangayogamexico.com\" target=\"_blank\">www.ashtangayogamexico.com<\/a>). Vive en Saltillo, Coahuila, M\u00e9xico.<\/p><\/blockquote>\n","protected":false},"excerpt":{"rendered":"<p>Mi camino al yoga empez\u00f3 \u00fanicamente por curiosidad. En M\u00e9xico, de donde soy originaria, escuch\u00e9 por primera vez hablar del yoga por la pr\u00e1ctica que hac\u00eda de esta disciplina milenaria de origen hind\u00fa una primera actriz del cine mexicano y siempre pens\u00e9 que se trataba de algo m\u00edstico. Durante muchos a\u00f1os estuve relacionada con el [&hellip;]<\/p>\n","protected":false},"author":4,"featured_media":60,"parent":79,"menu_order":3,"comment_status":"open","ping_status":"open","template":"page.php","meta":[],"acf":[],"yoast_head":"<!-- This site is optimized with the Yoast SEO plugin v17.9 - https:\/\/yoast.com\/wordpress\/plugins\/seo\/ -->\n<title>La senda del amor a trav\u00e9s del yoga - ENCOUNTERS MAGAZINE. By Santacruz International Communication<\/title>\n<meta name=\"description\" content=\"ENCOUNTERS MAGAZINE by Santacruz International Communication invites you to discover engaging people, places and ideas around the globe.\" \/>\n<meta name=\"robots\" content=\"index, follow, max-snippet:-1, max-image-preview:large, max-video-preview:-1\" \/>\n<link rel=\"canonical\" href=\"https:\/\/encounters-magazine.com\/es\/home-page\/la-senda-del-amor-a-traves-del-yoga\/\" \/>\n<meta property=\"og:locale\" content=\"es_ES\" \/>\n<meta property=\"og:type\" content=\"article\" \/>\n<meta property=\"og:title\" content=\"La senda del amor a trav\u00e9s del yoga - ENCOUNTERS MAGAZINE. By Santacruz International Communication\" \/>\n<meta property=\"og:description\" content=\"ENCOUNTERS MAGAZINE by Santacruz International Communication invites you to discover engaging people, places and ideas around the globe.\" \/>\n<meta property=\"og:url\" content=\"https:\/\/encounters-magazine.com\/es\/home-page\/la-senda-del-amor-a-traves-del-yoga\/\" \/>\n<meta property=\"og:site_name\" content=\"ES - ENCOUNTERS MAGAZINE\" \/>\n<meta property=\"article:publisher\" content=\"https:\/\/www.facebook.com\/lino.santacruz.5\" \/>\n<meta property=\"og:image\" content=\"https:\/\/encounters-magazine.com\/es\/wp-content\/uploads\/sites\/4\/2013\/03\/Martinez_Portrait1.jpg\" \/>\n\t<meta property=\"og:image:width\" content=\"82\" \/>\n\t<meta property=\"og:image:height\" content=\"80\" \/>\n\t<meta property=\"og:image:type\" content=\"image\/jpeg\" \/>\n<meta name=\"twitter:card\" content=\"summary\" \/>\n<meta name=\"twitter:site\" content=\"@LinoSantacruz\" \/>\n<meta name=\"twitter:label1\" content=\"Tiempo de lectura\" \/>\n\t<meta name=\"twitter:data1\" content=\"4 minutos\" \/>\n<script type=\"application\/ld+json\" class=\"yoast-schema-graph\">{\"@context\":\"https:\/\/schema.org\",\"@graph\":[{\"@type\":\"Organization\",\"@id\":\"https:\/\/encounters-magazine.com\/es\/#organization\",\"name\":\"SANTACRUZ INTERNATIONAL COMMUNICATION\",\"url\":\"https:\/\/encounters-magazine.com\/es\/\",\"sameAs\":[\"https:\/\/www.facebook.com\/lino.santacruz.5\",\"https:\/\/de.linkedin.com\/pub\/lino-santacruz\/a\/806\/417\/de\",\"https:\/\/twitter.com\/LinoSantacruz\"],\"logo\":{\"@type\":\"ImageObject\",\"@id\":\"https:\/\/encounters-magazine.com\/es\/#logo\",\"inLanguage\":\"es\",\"url\":\"http:\/\/encounters-magazine.com\/es\/wp-content\/uploads\/sites\/4\/2015\/10\/sic-logo.png\",\"contentUrl\":\"http:\/\/encounters-magazine.com\/es\/wp-content\/uploads\/sites\/4\/2015\/10\/sic-logo.png\",\"width\":106,\"height\":106,\"caption\":\"SANTACRUZ INTERNATIONAL COMMUNICATION\"},\"image\":{\"@id\":\"https:\/\/encounters-magazine.com\/es\/#logo\"}},{\"@type\":\"WebSite\",\"@id\":\"https:\/\/encounters-magazine.com\/es\/#website\",\"url\":\"https:\/\/encounters-magazine.com\/es\/\",\"name\":\"ES - ENCOUNTERS MAGAZINE\",\"description\":\"\",\"publisher\":{\"@id\":\"https:\/\/encounters-magazine.com\/es\/#organization\"},\"potentialAction\":[{\"@type\":\"SearchAction\",\"target\":{\"@type\":\"EntryPoint\",\"urlTemplate\":\"https:\/\/encounters-magazine.com\/es\/?s={search_term_string}\"},\"query-input\":\"required name=search_term_string\"}],\"inLanguage\":\"es\"},{\"@type\":\"ImageObject\",\"@id\":\"https:\/\/encounters-magazine.com\/es\/home-page\/la-senda-del-amor-a-traves-del-yoga\/#primaryimage\",\"inLanguage\":\"es\",\"url\":\"http:\/\/encounters-magazine.com\/es\/wp-content\/uploads\/sites\/4\/2013\/03\/Martinez_Portrait1.jpg\",\"contentUrl\":\"http:\/\/encounters-magazine.com\/es\/wp-content\/uploads\/sites\/4\/2013\/03\/Martinez_Portrait1.jpg\",\"width\":82,\"height\":80,\"caption\":\"Martinez\"},{\"@type\":\"WebPage\",\"@id\":\"https:\/\/encounters-magazine.com\/es\/home-page\/la-senda-del-amor-a-traves-del-yoga\/#webpage\",\"url\":\"https:\/\/encounters-magazine.com\/es\/home-page\/la-senda-del-amor-a-traves-del-yoga\/\",\"name\":\"La senda del amor a trav\\u00e9s del yoga - ENCOUNTERS MAGAZINE. By Santacruz International Communication\",\"isPartOf\":{\"@id\":\"https:\/\/encounters-magazine.com\/es\/#website\"},\"primaryImageOfPage\":{\"@id\":\"https:\/\/encounters-magazine.com\/es\/home-page\/la-senda-del-amor-a-traves-del-yoga\/#primaryimage\"},\"datePublished\":\"2015-04-16T19:31:17+00:00\",\"dateModified\":\"2015-04-16T19:31:17+00:00\",\"description\":\"ENCOUNTERS MAGAZINE by Santacruz International Communication invites you to discover engaging people, places and ideas around the globe.\",\"breadcrumb\":{\"@id\":\"https:\/\/encounters-magazine.com\/es\/home-page\/la-senda-del-amor-a-traves-del-yoga\/#breadcrumb\"},\"inLanguage\":\"es\",\"potentialAction\":[{\"@type\":\"ReadAction\",\"target\":[\"https:\/\/encounters-magazine.com\/es\/home-page\/la-senda-del-amor-a-traves-del-yoga\/\"]}]},{\"@type\":\"BreadcrumbList\",\"@id\":\"https:\/\/encounters-magazine.com\/es\/home-page\/la-senda-del-amor-a-traves-del-yoga\/#breadcrumb\",\"itemListElement\":[{\"@type\":\"ListItem\",\"position\":1,\"name\":\"Home\",\"item\":\"https:\/\/encounters-magazine.com\/es\/\"},{\"@type\":\"ListItem\",\"position\":2,\"name\":\"Encounters One\",\"item\":\"http:\/\/encounters-magazine.com\/es\/home-page\/\"},{\"@type\":\"ListItem\",\"position\":3,\"name\":\"La senda del amor a trav\\u00e9s del yoga\"}]}]}<\/script>\n<!-- \/ Yoast SEO plugin. -->","yoast_head_json":{"title":"La senda del amor a trav\u00e9s del yoga - ENCOUNTERS MAGAZINE. By Santacruz International Communication","description":"ENCOUNTERS MAGAZINE by Santacruz International Communication invites you to discover engaging people, places and ideas around the globe.","robots":{"index":"index","follow":"follow","max-snippet":"max-snippet:-1","max-image-preview":"max-image-preview:large","max-video-preview":"max-video-preview:-1"},"canonical":"https:\/\/encounters-magazine.com\/es\/home-page\/la-senda-del-amor-a-traves-del-yoga\/","og_locale":"es_ES","og_type":"article","og_title":"La senda del amor a trav\u00e9s del yoga - ENCOUNTERS MAGAZINE. By Santacruz International Communication","og_description":"ENCOUNTERS MAGAZINE by Santacruz International Communication invites you to discover engaging people, places and ideas around the globe.","og_url":"https:\/\/encounters-magazine.com\/es\/home-page\/la-senda-del-amor-a-traves-del-yoga\/","og_site_name":"ES - ENCOUNTERS MAGAZINE","article_publisher":"https:\/\/www.facebook.com\/lino.santacruz.5","og_image":[{"width":82,"height":80,"url":"https:\/\/encounters-magazine.com\/es\/wp-content\/uploads\/sites\/4\/2013\/03\/Martinez_Portrait1.jpg","type":"image\/jpeg"}],"twitter_card":"summary","twitter_site":"@LinoSantacruz","twitter_misc":{"Tiempo de lectura":"4 minutos"},"schema":{"@context":"https:\/\/schema.org","@graph":[{"@type":"Organization","@id":"https:\/\/encounters-magazine.com\/es\/#organization","name":"SANTACRUZ INTERNATIONAL COMMUNICATION","url":"https:\/\/encounters-magazine.com\/es\/","sameAs":["https:\/\/www.facebook.com\/lino.santacruz.5","https:\/\/de.linkedin.com\/pub\/lino-santacruz\/a\/806\/417\/de","https:\/\/twitter.com\/LinoSantacruz"],"logo":{"@type":"ImageObject","@id":"https:\/\/encounters-magazine.com\/es\/#logo","inLanguage":"es","url":"http:\/\/encounters-magazine.com\/es\/wp-content\/uploads\/sites\/4\/2015\/10\/sic-logo.png","contentUrl":"http:\/\/encounters-magazine.com\/es\/wp-content\/uploads\/sites\/4\/2015\/10\/sic-logo.png","width":106,"height":106,"caption":"SANTACRUZ INTERNATIONAL COMMUNICATION"},"image":{"@id":"https:\/\/encounters-magazine.com\/es\/#logo"}},{"@type":"WebSite","@id":"https:\/\/encounters-magazine.com\/es\/#website","url":"https:\/\/encounters-magazine.com\/es\/","name":"ES - ENCOUNTERS MAGAZINE","description":"","publisher":{"@id":"https:\/\/encounters-magazine.com\/es\/#organization"},"potentialAction":[{"@type":"SearchAction","target":{"@type":"EntryPoint","urlTemplate":"https:\/\/encounters-magazine.com\/es\/?s={search_term_string}"},"query-input":"required name=search_term_string"}],"inLanguage":"es"},{"@type":"ImageObject","@id":"https:\/\/encounters-magazine.com\/es\/home-page\/la-senda-del-amor-a-traves-del-yoga\/#primaryimage","inLanguage":"es","url":"http:\/\/encounters-magazine.com\/es\/wp-content\/uploads\/sites\/4\/2013\/03\/Martinez_Portrait1.jpg","contentUrl":"http:\/\/encounters-magazine.com\/es\/wp-content\/uploads\/sites\/4\/2013\/03\/Martinez_Portrait1.jpg","width":82,"height":80,"caption":"Martinez"},{"@type":"WebPage","@id":"https:\/\/encounters-magazine.com\/es\/home-page\/la-senda-del-amor-a-traves-del-yoga\/#webpage","url":"https:\/\/encounters-magazine.com\/es\/home-page\/la-senda-del-amor-a-traves-del-yoga\/","name":"La senda del amor a trav\u00e9s del yoga - ENCOUNTERS MAGAZINE. By Santacruz International Communication","isPartOf":{"@id":"https:\/\/encounters-magazine.com\/es\/#website"},"primaryImageOfPage":{"@id":"https:\/\/encounters-magazine.com\/es\/home-page\/la-senda-del-amor-a-traves-del-yoga\/#primaryimage"},"datePublished":"2015-04-16T19:31:17+00:00","dateModified":"2015-04-16T19:31:17+00:00","description":"ENCOUNTERS MAGAZINE by Santacruz International Communication invites you to discover engaging people, places and ideas around the globe.","breadcrumb":{"@id":"https:\/\/encounters-magazine.com\/es\/home-page\/la-senda-del-amor-a-traves-del-yoga\/#breadcrumb"},"inLanguage":"es","potentialAction":[{"@type":"ReadAction","target":["https:\/\/encounters-magazine.com\/es\/home-page\/la-senda-del-amor-a-traves-del-yoga\/"]}]},{"@type":"BreadcrumbList","@id":"https:\/\/encounters-magazine.com\/es\/home-page\/la-senda-del-amor-a-traves-del-yoga\/#breadcrumb","itemListElement":[{"@type":"ListItem","position":1,"name":"Home","item":"https:\/\/encounters-magazine.com\/es\/"},{"@type":"ListItem","position":2,"name":"Encounters One","item":"http:\/\/encounters-magazine.com\/es\/home-page\/"},{"@type":"ListItem","position":3,"name":"La senda del amor a trav\u00e9s del yoga"}]}]}},"_links":{"self":[{"href":"http:\/\/encounters-magazine.com\/es\/wp-json\/wp\/v2\/pages\/1124"}],"collection":[{"href":"http:\/\/encounters-magazine.com\/es\/wp-json\/wp\/v2\/pages"}],"about":[{"href":"http:\/\/encounters-magazine.com\/es\/wp-json\/wp\/v2\/types\/page"}],"author":[{"embeddable":true,"href":"http:\/\/encounters-magazine.com\/es\/wp-json\/wp\/v2\/users\/4"}],"replies":[{"embeddable":true,"href":"http:\/\/encounters-magazine.com\/es\/wp-json\/wp\/v2\/comments?post=1124"}],"version-history":[{"count":1,"href":"http:\/\/encounters-magazine.com\/es\/wp-json\/wp\/v2\/pages\/1124\/revisions"}],"predecessor-version":[{"id":1125,"href":"http:\/\/encounters-magazine.com\/es\/wp-json\/wp\/v2\/pages\/1124\/revisions\/1125"}],"up":[{"embeddable":true,"href":"http:\/\/encounters-magazine.com\/es\/wp-json\/wp\/v2\/pages\/79"}],"wp:featuredmedia":[{"embeddable":true,"href":"http:\/\/encounters-magazine.com\/es\/wp-json\/wp\/v2\/media\/60"}],"wp:attachment":[{"href":"http:\/\/encounters-magazine.com\/es\/wp-json\/wp\/v2\/media?parent=1124"}],"curies":[{"name":"wp","href":"https:\/\/api.w.org\/{rel}","templated":true}]}}