{"id":1121,"date":"2015-04-16T19:27:50","date_gmt":"2015-04-16T19:27:50","guid":{"rendered":"http:\/\/encounters-magazine.com\/es\/?page_id=1121"},"modified":"2015-04-16T19:27:50","modified_gmt":"2015-04-16T19:27:50","slug":"para-que-buscar-afuera","status":"publish","type":"page","link":"http:\/\/encounters-magazine.com\/es\/home-page\/para-que-buscar-afuera\/","title":{"rendered":"\u00bfPara qu\u00e9 buscar afuera?"},"content":{"rendered":"<p>Como ingeniero estoy acostumbrado a responder definiendo los elementos de la pregunta. Esto explica el significado de mis palabras y facilita mucho encontrar las posibles respuestas.<\/p>\n<p>\u00bfQu\u00e9 es el mundo? En este contexto, voy a llamar mundo a todos los fen\u00f3menos que percibo a trav\u00e9s de los sentidos: la vista, el o\u00eddo, el olfato, el gusto y el tacto; adem\u00e1s de mi conciencia.<\/p>\n<p>\u00bfQu\u00e9 significa \u201cmejor\u201d? Pues, siendo optimista, \u201cmejor\u201d es la forma comparativa del adjetivo \u201cbueno\u201d. Siendo pesimista, es incluso el comparativo de \u201cmalo\u201d. Si mi mundo actual es bueno o malo, depende exclusivamente de mi estado de \u00e1nimo. Se trata de una simple atribuci\u00f3n. Como muchas personas, soy un maestro de la perfecci\u00f3n en emitir r\u00e1pidamente juicios de valor. Eval\u00fao en seguida sin figurarme que otras personas podr\u00edan llegar a las atribuciones contrarias. Peor incluso: muchas veces soy de la opini\u00f3n que mi juicio es el \u00fanico que vale.<\/p>\n<p>\u00bfQu\u00e9 es mejorar? Probablemente, esta palabra se refiere a un acto que modifique un estado de tal manera que luego sea considerado de mejor calidad, m\u00e1s bonito, agradable, feliz, pac\u00edfico, alegre, etc\u00e9tera. Esto me lleva a ocuparme de las sensaciones. Las sensaciones agradables significan felicidad, las desagradables, sufrimiento. Las sensaciones neutras desembocan en la ignorancia. El origen de mis sensaciones est\u00e1 en mis acciones previas. Si no act\u00fao de manera favorable, experimentar\u00e9 una sensaci\u00f3n desagradable. Si mi acci\u00f3n es favorable, sentir\u00e9 felicidad. La situaci\u00f3n del mundo real influye en el grado de felicidad que experimento, pero no es el factor determinante para ello.<\/p>\n<p>\u00bfQu\u00e9 significa actuar? Me refiero a las actividades en tres niveles: corporal, verbal y mental. Existen acciones favorables, desfavorables y neutras.<\/p>\n<p>\u00bfQu\u00e9 son los cambios? Analiz\u00e1ndolo bien, los cambios no son reales ni posibles. Las situaciones se alternan, en cada momento empieza un nuevo estado, porque se re\u00fanen las condiciones para su existencia. Un momento despu\u00e9s deja de existir este estado y es sustituido por el siguiente. Las condiciones son incontables y la gran mayor\u00eda queda fuera de mi control. <\/p>\n<p>Los estados de existencia no son permanentes, sino tan pasajeros como lo son todas las cosas compuestas. En este sentido, los cambios no existen, porque los nuevos estados de existencia implican el cambio mismo. \u00bfQuiere decir esto, que soy incapaz de cambiar algo? \u00a1Oh, no! Ser\u00eda una conclusi\u00f3n equivocada y extremista. No soy capaz de cambiar el estado actual, pero mi forma de actuar incide en el futuro inmediato. Lo \u00fanico que puedo controlar y dominar son las intenciones de mi acci\u00f3n, las cuales determinar\u00e1n que perciba el mundo como agradable o desagradable.<\/p>\n<p>De esta manera, mis instrucciones para M\u00cd y MI mundo mejor son las siguientes:<\/p>\n<ul>\n<li>Ve con los cambios y s\u00e9 el cambio mismo.<\/li>\n<li>Adquiere la sabidur\u00eda para distiguir las acciones favorables de las que no lo son.<\/li>\n<li>Practica una ecuanimidad libre de interpretaciones extremas.<\/li>\n<li>Lib\u00e9rate de falsas ideas sobre ti mismo, de un \u201cyo\u201d aislado de los otros, que necesita un nivel extremo de protecci\u00f3n, que es firme, independiente, inmodificable e invariable. No lo sobrevalores por completo.<\/li>\n<li>S\u00e9 feliz en lugar de tratar de serlo.<\/li>\n<li>Practica un ego\u00edsmo sabio. El verdadero ego\u00edsta nunca hace da\u00f1o a los dem\u00e1s, porque sabe que el verdadero altruismo evita que uno mismo se haga da\u00f1o.<\/li>\n<\/ul>\n<p>\u00a1Espero que MI mundo mejor sea ben\u00e9fico tambi\u00e9n para los dem\u00e1s!<\/p>\n<blockquote><p>Ren\u00e9 Meinhardt, Ingeniero qu\u00edmico. Trabaja en una compa\u00f1\u00eda que fabrica y distribuye bater\u00edas para aplicaciones industriales y fotovoltaicas a nivel internacional. Naci\u00f3 el 13 de marzo de 1975 en la ciudad de Zittau, ex RDA, hoy Estado Federado de Sajonia, Alemania.<\/p><\/blockquote>\n","protected":false},"excerpt":{"rendered":"<p>Como ingeniero estoy acostumbrado a responder definiendo los elementos de la pregunta. Esto explica el significado de mis palabras y facilita mucho encontrar las posibles respuestas. \u00bfQu\u00e9 es el mundo? En este contexto, voy a llamar mundo a todos los fen\u00f3menos que percibo a trav\u00e9s de los sentidos: la vista, el o\u00eddo, el olfato, el [&hellip;]<\/p>\n","protected":false},"author":4,"featured_media":63,"parent":79,"menu_order":4,"comment_status":"open","ping_status":"open","template":"page.php","meta":[],"acf":[],"yoast_head":"<!-- This site is optimized with the Yoast SEO plugin v17.9 - https:\/\/yoast.com\/wordpress\/plugins\/seo\/ -->\n<title>\u00bfPara qu\u00e9 buscar afuera? - ENCOUNTERS MAGAZINE. By Santacruz International Communication<\/title>\n<meta name=\"description\" content=\"ENCOUNTERS MAGAZINE by Santacruz International Communication invites you to discover engaging people, places and ideas around the globe.\" \/>\n<meta name=\"robots\" content=\"index, follow, max-snippet:-1, max-image-preview:large, max-video-preview:-1\" \/>\n<link rel=\"canonical\" href=\"http:\/\/encounters-magazine.com\/es\/home-page\/para-que-buscar-afuera\/\" \/>\n<meta property=\"og:locale\" content=\"es_ES\" \/>\n<meta property=\"og:type\" content=\"article\" \/>\n<meta property=\"og:title\" content=\"\u00bfPara qu\u00e9 buscar afuera? - ENCOUNTERS MAGAZINE. By Santacruz International Communication\" \/>\n<meta property=\"og:description\" content=\"ENCOUNTERS MAGAZINE by Santacruz International Communication invites you to discover engaging people, places and ideas around the globe.\" \/>\n<meta property=\"og:url\" content=\"http:\/\/encounters-magazine.com\/es\/home-page\/para-que-buscar-afuera\/\" \/>\n<meta property=\"og:site_name\" content=\"ES - ENCOUNTERS MAGAZINE\" \/>\n<meta property=\"article:publisher\" content=\"https:\/\/www.facebook.com\/lino.santacruz.5\" \/>\n<meta property=\"og:image\" content=\"http:\/\/encounters-magazine.com\/es\/wp-content\/uploads\/sites\/4\/2013\/03\/Meinhardt_Portrait1.jpg\" \/>\n\t<meta property=\"og:image:width\" content=\"87\" \/>\n\t<meta property=\"og:image:height\" content=\"80\" \/>\n\t<meta property=\"og:image:type\" content=\"image\/jpeg\" \/>\n<meta name=\"twitter:card\" content=\"summary\" \/>\n<meta name=\"twitter:site\" content=\"@LinoSantacruz\" \/>\n<meta name=\"twitter:label1\" content=\"Tiempo de lectura\" \/>\n\t<meta name=\"twitter:data1\" content=\"3 minutos\" \/>\n<script type=\"application\/ld+json\" class=\"yoast-schema-graph\">{\"@context\":\"https:\/\/schema.org\",\"@graph\":[{\"@type\":\"Organization\",\"@id\":\"https:\/\/encounters-magazine.com\/es\/#organization\",\"name\":\"SANTACRUZ INTERNATIONAL COMMUNICATION\",\"url\":\"https:\/\/encounters-magazine.com\/es\/\",\"sameAs\":[\"https:\/\/www.facebook.com\/lino.santacruz.5\",\"https:\/\/de.linkedin.com\/pub\/lino-santacruz\/a\/806\/417\/de\",\"https:\/\/twitter.com\/LinoSantacruz\"],\"logo\":{\"@type\":\"ImageObject\",\"@id\":\"https:\/\/encounters-magazine.com\/es\/#logo\",\"inLanguage\":\"es\",\"url\":\"http:\/\/encounters-magazine.com\/es\/wp-content\/uploads\/sites\/4\/2015\/10\/sic-logo.png\",\"contentUrl\":\"http:\/\/encounters-magazine.com\/es\/wp-content\/uploads\/sites\/4\/2015\/10\/sic-logo.png\",\"width\":106,\"height\":106,\"caption\":\"SANTACRUZ INTERNATIONAL COMMUNICATION\"},\"image\":{\"@id\":\"https:\/\/encounters-magazine.com\/es\/#logo\"}},{\"@type\":\"WebSite\",\"@id\":\"https:\/\/encounters-magazine.com\/es\/#website\",\"url\":\"https:\/\/encounters-magazine.com\/es\/\",\"name\":\"ES - ENCOUNTERS MAGAZINE\",\"description\":\"\",\"publisher\":{\"@id\":\"https:\/\/encounters-magazine.com\/es\/#organization\"},\"potentialAction\":[{\"@type\":\"SearchAction\",\"target\":{\"@type\":\"EntryPoint\",\"urlTemplate\":\"https:\/\/encounters-magazine.com\/es\/?s={search_term_string}\"},\"query-input\":\"required name=search_term_string\"}],\"inLanguage\":\"es\"},{\"@type\":\"ImageObject\",\"@id\":\"http:\/\/encounters-magazine.com\/es\/home-page\/para-que-buscar-afuera\/#primaryimage\",\"inLanguage\":\"es\",\"url\":\"http:\/\/encounters-magazine.com\/es\/wp-content\/uploads\/sites\/4\/2013\/03\/Meinhardt_Portrait1.jpg\",\"contentUrl\":\"http:\/\/encounters-magazine.com\/es\/wp-content\/uploads\/sites\/4\/2013\/03\/Meinhardt_Portrait1.jpg\",\"width\":87,\"height\":80,\"caption\":\"Meinhardt\"},{\"@type\":\"WebPage\",\"@id\":\"http:\/\/encounters-magazine.com\/es\/home-page\/para-que-buscar-afuera\/#webpage\",\"url\":\"http:\/\/encounters-magazine.com\/es\/home-page\/para-que-buscar-afuera\/\",\"name\":\"\\u00bfPara qu\\u00e9 buscar afuera? - ENCOUNTERS MAGAZINE. By Santacruz International Communication\",\"isPartOf\":{\"@id\":\"https:\/\/encounters-magazine.com\/es\/#website\"},\"primaryImageOfPage\":{\"@id\":\"http:\/\/encounters-magazine.com\/es\/home-page\/para-que-buscar-afuera\/#primaryimage\"},\"datePublished\":\"2015-04-16T19:27:50+00:00\",\"dateModified\":\"2015-04-16T19:27:50+00:00\",\"description\":\"ENCOUNTERS MAGAZINE by Santacruz International Communication invites you to discover engaging people, places and ideas around the globe.\",\"breadcrumb\":{\"@id\":\"http:\/\/encounters-magazine.com\/es\/home-page\/para-que-buscar-afuera\/#breadcrumb\"},\"inLanguage\":\"es\",\"potentialAction\":[{\"@type\":\"ReadAction\",\"target\":[\"http:\/\/encounters-magazine.com\/es\/home-page\/para-que-buscar-afuera\/\"]}]},{\"@type\":\"BreadcrumbList\",\"@id\":\"http:\/\/encounters-magazine.com\/es\/home-page\/para-que-buscar-afuera\/#breadcrumb\",\"itemListElement\":[{\"@type\":\"ListItem\",\"position\":1,\"name\":\"Home\",\"item\":\"https:\/\/encounters-magazine.com\/es\/\"},{\"@type\":\"ListItem\",\"position\":2,\"name\":\"Encounters One\",\"item\":\"http:\/\/encounters-magazine.com\/es\/home-page\/\"},{\"@type\":\"ListItem\",\"position\":3,\"name\":\"\\u00bfPara qu\\u00e9 buscar afuera?\"}]}]}<\/script>\n<!-- \/ Yoast SEO plugin. -->","yoast_head_json":{"title":"\u00bfPara qu\u00e9 buscar afuera? - ENCOUNTERS MAGAZINE. By Santacruz International Communication","description":"ENCOUNTERS MAGAZINE by Santacruz International Communication invites you to discover engaging people, places and ideas around the globe.","robots":{"index":"index","follow":"follow","max-snippet":"max-snippet:-1","max-image-preview":"max-image-preview:large","max-video-preview":"max-video-preview:-1"},"canonical":"http:\/\/encounters-magazine.com\/es\/home-page\/para-que-buscar-afuera\/","og_locale":"es_ES","og_type":"article","og_title":"\u00bfPara qu\u00e9 buscar afuera? - ENCOUNTERS MAGAZINE. By Santacruz International Communication","og_description":"ENCOUNTERS MAGAZINE by Santacruz International Communication invites you to discover engaging people, places and ideas around the globe.","og_url":"http:\/\/encounters-magazine.com\/es\/home-page\/para-que-buscar-afuera\/","og_site_name":"ES - ENCOUNTERS MAGAZINE","article_publisher":"https:\/\/www.facebook.com\/lino.santacruz.5","og_image":[{"width":87,"height":80,"url":"http:\/\/encounters-magazine.com\/es\/wp-content\/uploads\/sites\/4\/2013\/03\/Meinhardt_Portrait1.jpg","type":"image\/jpeg"}],"twitter_card":"summary","twitter_site":"@LinoSantacruz","twitter_misc":{"Tiempo de lectura":"3 minutos"},"schema":{"@context":"https:\/\/schema.org","@graph":[{"@type":"Organization","@id":"https:\/\/encounters-magazine.com\/es\/#organization","name":"SANTACRUZ INTERNATIONAL COMMUNICATION","url":"https:\/\/encounters-magazine.com\/es\/","sameAs":["https:\/\/www.facebook.com\/lino.santacruz.5","https:\/\/de.linkedin.com\/pub\/lino-santacruz\/a\/806\/417\/de","https:\/\/twitter.com\/LinoSantacruz"],"logo":{"@type":"ImageObject","@id":"https:\/\/encounters-magazine.com\/es\/#logo","inLanguage":"es","url":"http:\/\/encounters-magazine.com\/es\/wp-content\/uploads\/sites\/4\/2015\/10\/sic-logo.png","contentUrl":"http:\/\/encounters-magazine.com\/es\/wp-content\/uploads\/sites\/4\/2015\/10\/sic-logo.png","width":106,"height":106,"caption":"SANTACRUZ INTERNATIONAL COMMUNICATION"},"image":{"@id":"https:\/\/encounters-magazine.com\/es\/#logo"}},{"@type":"WebSite","@id":"https:\/\/encounters-magazine.com\/es\/#website","url":"https:\/\/encounters-magazine.com\/es\/","name":"ES - ENCOUNTERS MAGAZINE","description":"","publisher":{"@id":"https:\/\/encounters-magazine.com\/es\/#organization"},"potentialAction":[{"@type":"SearchAction","target":{"@type":"EntryPoint","urlTemplate":"https:\/\/encounters-magazine.com\/es\/?s={search_term_string}"},"query-input":"required name=search_term_string"}],"inLanguage":"es"},{"@type":"ImageObject","@id":"http:\/\/encounters-magazine.com\/es\/home-page\/para-que-buscar-afuera\/#primaryimage","inLanguage":"es","url":"http:\/\/encounters-magazine.com\/es\/wp-content\/uploads\/sites\/4\/2013\/03\/Meinhardt_Portrait1.jpg","contentUrl":"http:\/\/encounters-magazine.com\/es\/wp-content\/uploads\/sites\/4\/2013\/03\/Meinhardt_Portrait1.jpg","width":87,"height":80,"caption":"Meinhardt"},{"@type":"WebPage","@id":"http:\/\/encounters-magazine.com\/es\/home-page\/para-que-buscar-afuera\/#webpage","url":"http:\/\/encounters-magazine.com\/es\/home-page\/para-que-buscar-afuera\/","name":"\u00bfPara qu\u00e9 buscar afuera? - ENCOUNTERS MAGAZINE. By Santacruz International Communication","isPartOf":{"@id":"https:\/\/encounters-magazine.com\/es\/#website"},"primaryImageOfPage":{"@id":"http:\/\/encounters-magazine.com\/es\/home-page\/para-que-buscar-afuera\/#primaryimage"},"datePublished":"2015-04-16T19:27:50+00:00","dateModified":"2015-04-16T19:27:50+00:00","description":"ENCOUNTERS MAGAZINE by Santacruz International Communication invites you to discover engaging people, places and ideas around the globe.","breadcrumb":{"@id":"http:\/\/encounters-magazine.com\/es\/home-page\/para-que-buscar-afuera\/#breadcrumb"},"inLanguage":"es","potentialAction":[{"@type":"ReadAction","target":["http:\/\/encounters-magazine.com\/es\/home-page\/para-que-buscar-afuera\/"]}]},{"@type":"BreadcrumbList","@id":"http:\/\/encounters-magazine.com\/es\/home-page\/para-que-buscar-afuera\/#breadcrumb","itemListElement":[{"@type":"ListItem","position":1,"name":"Home","item":"https:\/\/encounters-magazine.com\/es\/"},{"@type":"ListItem","position":2,"name":"Encounters One","item":"http:\/\/encounters-magazine.com\/es\/home-page\/"},{"@type":"ListItem","position":3,"name":"\u00bfPara qu\u00e9 buscar afuera?"}]}]}},"_links":{"self":[{"href":"http:\/\/encounters-magazine.com\/es\/wp-json\/wp\/v2\/pages\/1121"}],"collection":[{"href":"http:\/\/encounters-magazine.com\/es\/wp-json\/wp\/v2\/pages"}],"about":[{"href":"http:\/\/encounters-magazine.com\/es\/wp-json\/wp\/v2\/types\/page"}],"author":[{"embeddable":true,"href":"http:\/\/encounters-magazine.com\/es\/wp-json\/wp\/v2\/users\/4"}],"replies":[{"embeddable":true,"href":"http:\/\/encounters-magazine.com\/es\/wp-json\/wp\/v2\/comments?post=1121"}],"version-history":[{"count":1,"href":"http:\/\/encounters-magazine.com\/es\/wp-json\/wp\/v2\/pages\/1121\/revisions"}],"predecessor-version":[{"id":1122,"href":"http:\/\/encounters-magazine.com\/es\/wp-json\/wp\/v2\/pages\/1121\/revisions\/1122"}],"up":[{"embeddable":true,"href":"http:\/\/encounters-magazine.com\/es\/wp-json\/wp\/v2\/pages\/79"}],"wp:featuredmedia":[{"embeddable":true,"href":"http:\/\/encounters-magazine.com\/es\/wp-json\/wp\/v2\/media\/63"}],"wp:attachment":[{"href":"http:\/\/encounters-magazine.com\/es\/wp-json\/wp\/v2\/media?parent=1121"}],"curies":[{"name":"wp","href":"https:\/\/api.w.org\/{rel}","templated":true}]}}