{"id":1101,"date":"2015-04-15T21:26:42","date_gmt":"2015-04-15T21:26:42","guid":{"rendered":"http:\/\/encounters-magazine.com\/en\/?page_id=1101"},"modified":"2015-04-15T21:26:42","modified_gmt":"2015-04-15T21:26:42","slug":"a-volcano-of-culture-in-tenerife","status":"publish","type":"page","link":"http:\/\/encounters-magazine.com\/en\/encounters-four\/a-volcano-of-culture-in-tenerife\/","title":{"rendered":"A volcano of culture in Tenerife"},"content":{"rendered":"<p>The sun&#8217;s glare on the computer screen keeps me from concentrating on my writing. The mischievous rays slip through the panes of glass, illuminating everything. There are few other places where I feel so at home.<\/p>\n<p><img loading=\"lazy\" src=\"http:\/\/encounters-magazine.com\/en\/wp-content\/uploads\/sites\/3\/2013\/06\/tienza_2.jpg\" alt=\"tienza_2\" width=\"507\" height=\"337\" class=\"alignnone size-full wp-image-280\" srcset=\"http:\/\/encounters-magazine.com\/en\/wp-content\/uploads\/sites\/3\/2013\/06\/tienza_2.jpg 507w, http:\/\/encounters-magazine.com\/en\/wp-content\/uploads\/sites\/3\/2013\/06\/tienza_2-300x199.jpg 300w\" sizes=\"(max-width: 507px) 100vw, 507px\" \/><\/p>\n<p>Santa Cruz is the capital of Tenerife, one of the seven Canary Islands. This is the land of guanches (the original inhabitants of the Canary Islands), of legendary menceyes (kings) who reigned over the Atlantic. Tenerife is crowned by the highest peak in Spain, El Teide, a long-sleeping volcano hiding under its slopes.<\/p>\n<p><img loading=\"lazy\" src=\"http:\/\/encounters-magazine.com\/en\/wp-content\/uploads\/sites\/3\/2013\/06\/tienza_3.jpg\" alt=\"tienza_3\" width=\"507\" height=\"763\" class=\"alignnone size-full wp-image-281\" srcset=\"http:\/\/encounters-magazine.com\/en\/wp-content\/uploads\/sites\/3\/2013\/06\/tienza_3.jpg 507w, http:\/\/encounters-magazine.com\/en\/wp-content\/uploads\/sites\/3\/2013\/06\/tienza_3-199x300.jpg 199w\" sizes=\"(max-width: 507px) 100vw, 507px\" \/><\/p>\n<p>This island is lava, light and sea. A place where blue is not turquoise, but marine, and the sun shimmers on the waves of an infinite ocean. Here, the Atlantic is everywhere. This is the place where sky and water meet, filling the tracks of a Berber volcano.<\/p>\n<p><img loading=\"lazy\" src=\"http:\/\/encounters-magazine.com\/en\/wp-content\/uploads\/sites\/3\/2013\/06\/tienza_4.jpg\" alt=\"tienza_4\" width=\"507\" height=\"337\" class=\"alignnone size-full wp-image-282\" srcset=\"http:\/\/encounters-magazine.com\/en\/wp-content\/uploads\/sites\/3\/2013\/06\/tienza_4.jpg 507w, http:\/\/encounters-magazine.com\/en\/wp-content\/uploads\/sites\/3\/2013\/06\/tienza_4-300x199.jpg 300w\" sizes=\"(max-width: 507px) 100vw, 507px\" \/><\/p>\n<p>Tenerife is a lively island and Santa Cruz, the capital, is a city thirsty for art and culture. In a narrow corner of Santa Cruz, tucked alongside the Barranco de Santos ravine, stands the TEA art center (Tenerife Espacio de las Artes). From the other side, the Mercado de Nuestra Se\u00f1ora de \u00c1frica, one of the city&#8217;s landmarks, cautiously keeps watch over her new neighbor. The building&#8217;s diagonal elements and sloping floors make room for a cultural space designed by the Swiss architects Herzog &amp; de Meuron and the Canarian Virgilio Guti\u00e9rrez Herreros.<\/p>\n<p><img loading=\"lazy\" src=\"http:\/\/encounters-magazine.com\/en\/wp-content\/uploads\/sites\/3\/2013\/06\/tienza_5.jpg\" alt=\"tienza_5\" width=\"507\" height=\"864\" class=\"alignnone size-full wp-image-283\" srcset=\"http:\/\/encounters-magazine.com\/en\/wp-content\/uploads\/sites\/3\/2013\/06\/tienza_5.jpg 507w, http:\/\/encounters-magazine.com\/en\/wp-content\/uploads\/sites\/3\/2013\/06\/tienza_5-176x300.jpg 176w\" sizes=\"(max-width: 507px) 100vw, 507px\" \/><\/p>\n<p>The TEA occupies an area of 20,622 square meters and houses the \u00d3scar Dom\u00ednguez Museum, the Centro de Fotograf\u00eda Isla de Tenerife and the Municipal Library, which is always full. This one of my favorite places in Santa Cruz. The building breathes life, filled with students devouring books at all hours of the day and night \u2013 it&#8217;s open around the clock.<\/p>\n<p><img loading=\"lazy\" src=\"http:\/\/encounters-magazine.com\/en\/wp-content\/uploads\/sites\/3\/2013\/06\/tienza_6.jpg\" alt=\"tienza_6\" width=\"507\" height=\"337\" class=\"alignnone size-full wp-image-284\" srcset=\"http:\/\/encounters-magazine.com\/en\/wp-content\/uploads\/sites\/3\/2013\/06\/tienza_6.jpg 507w, http:\/\/encounters-magazine.com\/en\/wp-content\/uploads\/sites\/3\/2013\/06\/tienza_6-300x199.jpg 300w\" sizes=\"(max-width: 507px) 100vw, 507px\" \/><\/p>\n<p>The building has taken root, becoming a part of the island&#8217;s soul. Even the fa\u00e7ade is camouflaged with the colors of the earth, stained with lava and ash. Its round concrete wall immediately catches your attention. More than 1,200 glass openings in different shapes and sizes filter the island&#8217;s characteristic light, creating amazing views when night falls. It has something almost mysterious and legendary about it &#8230; Morning light trickles in through the glass perforations.<\/p>\n<p><img loading=\"lazy\" src=\"http:\/\/encounters-magazine.com\/en\/wp-content\/uploads\/sites\/3\/2013\/06\/tienza_7.jpg\" alt=\"tienza_7\" width=\"507\" height=\"337\" class=\"alignnone size-full wp-image-285\" srcset=\"http:\/\/encounters-magazine.com\/en\/wp-content\/uploads\/sites\/3\/2013\/06\/tienza_7.jpg 507w, http:\/\/encounters-magazine.com\/en\/wp-content\/uploads\/sites\/3\/2013\/06\/tienza_7-300x199.jpg 300w\" sizes=\"(max-width: 507px) 100vw, 507px\" \/><\/p>\n<p>To me, this detail is the most characteristic feature of a building that is a work of art. Herzog &amp; de Meuron took them from an enlarged image of the sea, where they could observe the reflection of the sun on water. The resulting pixels were copied into the concrete fa\u00e7ade.<\/p>\n<p>The result is magnificent.<\/p>\n<p><img loading=\"lazy\" src=\"http:\/\/encounters-magazine.com\/en\/wp-content\/uploads\/sites\/3\/2013\/06\/tienza_8.jpg\" alt=\"tienza_8\" width=\"507\" height=\"337\" class=\"alignnone size-full wp-image-286\" srcset=\"http:\/\/encounters-magazine.com\/en\/wp-content\/uploads\/sites\/3\/2013\/06\/tienza_8.jpg 507w, http:\/\/encounters-magazine.com\/en\/wp-content\/uploads\/sites\/3\/2013\/06\/tienza_8-300x199.jpg 300w\" sizes=\"(max-width: 507px) 100vw, 507px\" \/><\/p>\n<p>Natural light shining in creates unique shapes, and is supplemented by an extensive network of lamps that hang like threads of light. The interior design is the icing on the cake, dominated by the purity of white and an exquisite love for detail.<\/p>\n<p><img loading=\"lazy\" src=\"http:\/\/encounters-magazine.com\/en\/wp-content\/uploads\/sites\/3\/2013\/06\/tienza_9.jpg\" alt=\"tienza_9\" width=\"507\" height=\"337\" class=\"alignnone size-full wp-image-287\" srcset=\"http:\/\/encounters-magazine.com\/en\/wp-content\/uploads\/sites\/3\/2013\/06\/tienza_9.jpg 507w, http:\/\/encounters-magazine.com\/en\/wp-content\/uploads\/sites\/3\/2013\/06\/tienza_9-300x199.jpg 300w\" sizes=\"(max-width: 507px) 100vw, 507px\" \/><\/p>\n<p>Visitors immediately feel embraced by this enormous space. A huge ramp provides access to the building, so people can walk from one end to the other without having to go through a single door. It&#8217;s as if a city street bisects the entire building. But instead of disrupting the harmony, it is integrated into the space.<\/p>\n<p><img loading=\"lazy\" src=\"http:\/\/encounters-magazine.com\/en\/wp-content\/uploads\/sites\/3\/2013\/06\/tienza_10.jpg\" alt=\"tienza_10\" width=\"507\" height=\"337\" class=\"alignnone size-full wp-image-288\" srcset=\"http:\/\/encounters-magazine.com\/en\/wp-content\/uploads\/sites\/3\/2013\/06\/tienza_10.jpg 507w, http:\/\/encounters-magazine.com\/en\/wp-content\/uploads\/sites\/3\/2013\/06\/tienza_10-300x199.jpg 300w\" sizes=\"(max-width: 507px) 100vw, 507px\" \/><\/p>\n<p>The contrast between the stillness of the library and the bustle of the plaza&#8217;s ramp is impressive. The platform seems to glide between the glass and concrete walls. It gives the impression of being suspended in the air, floating above an almost sacred space devoted to culture, study and reflection.<\/p>\n<p>The TEA is definitely a catalyst connecting the daily life of Santa Cruz with the world of art and culture.<\/p>\n<blockquote><p>Lola Tienza was born in Santa Cruz de Tenerife, Spain, on March 6, 1985. At 18 she left her hometown and moved to Madrid, where she studied law at Charles III University and journalism at CEU San Pablo University. She has lived and worked in Berlin since September 2012.<\/p><\/blockquote>\n","protected":false},"excerpt":{"rendered":"<p>The sun&#8217;s glare on the computer screen keeps me from concentrating on my writing. The mischievous rays slip through the panes of glass, illuminating everything. There are few other places where I feel so at home. Santa Cruz is the capital of Tenerife, one of the seven Canary Islands. This is the land of guanches [&hellip;]<\/p>\n","protected":false},"author":4,"featured_media":289,"parent":324,"menu_order":2,"comment_status":"open","ping_status":"open","template":"page.php","meta":[],"acf":[],"yoast_head":"<!-- This site is optimized with the Yoast SEO plugin v17.9 - https:\/\/yoast.com\/wordpress\/plugins\/seo\/ -->\n<title>A volcano of culture in Tenerife - ENCOUNTERS MAGAZINE. Santacruz International Communication<\/title>\n<meta name=\"description\" content=\"ENCOUNTERS MAGAZINE by Santacruz International Communication invites you to discover exciting people, places and ideas around the globe.\" \/>\n<meta name=\"robots\" content=\"index, follow, max-snippet:-1, max-image-preview:large, max-video-preview:-1\" \/>\n<link rel=\"canonical\" href=\"https:\/\/encounters-magazine.com\/en\/encounters-four\/a-volcano-of-culture-in-tenerife\/\" \/>\n<meta property=\"og:locale\" content=\"en_US\" \/>\n<meta property=\"og:type\" content=\"article\" \/>\n<meta property=\"og:title\" content=\"A volcano of culture in Tenerife - ENCOUNTERS MAGAZINE. Santacruz International Communication\" \/>\n<meta property=\"og:description\" content=\"ENCOUNTERS MAGAZINE by Santacruz International Communication invites you to discover exciting people, places and ideas around the globe.\" \/>\n<meta property=\"og:url\" content=\"https:\/\/encounters-magazine.com\/en\/encounters-four\/a-volcano-of-culture-in-tenerife\/\" \/>\n<meta property=\"og:site_name\" content=\"EN - ENCOUNTERS MAGAZINE\" \/>\n<meta property=\"article:publisher\" content=\"https:\/\/www.facebook.com\/lino.santacruz.5\" \/>\n<meta property=\"og:image\" content=\"https:\/\/encounters-magazine.com\/en\/wp-content\/uploads\/sites\/3\/2013\/06\/Tienza_Portrait.jpg\" \/>\n\t<meta property=\"og:image:width\" content=\"85\" \/>\n\t<meta property=\"og:image:height\" content=\"80\" \/>\n\t<meta property=\"og:image:type\" content=\"image\/jpeg\" \/>\n<meta name=\"twitter:card\" content=\"summary\" \/>\n<meta name=\"twitter:site\" content=\"@LinoSantacruz\" \/>\n<meta name=\"twitter:label1\" content=\"Est. reading time\" \/>\n\t<meta name=\"twitter:data1\" content=\"3 minutes\" \/>\n<script type=\"application\/ld+json\" class=\"yoast-schema-graph\">{\"@context\":\"https:\/\/schema.org\",\"@graph\":[{\"@type\":\"Organization\",\"@id\":\"http:\/\/encounters-magazine.com\/en\/#organization\",\"name\":\"SANTACRUZ INTERNATIONAL COMMUNICATION\",\"url\":\"http:\/\/encounters-magazine.com\/en\/\",\"sameAs\":[\"https:\/\/www.facebook.com\/lino.santacruz.5\",\"https:\/\/de.linkedin.com\/pub\/lino-santacruz\/a\/806\/417\/de\",\"https:\/\/twitter.com\/LinoSantacruz\"],\"logo\":{\"@type\":\"ImageObject\",\"@id\":\"http:\/\/encounters-magazine.com\/en\/#logo\",\"inLanguage\":\"en-US\",\"url\":\"http:\/\/encounters-magazine.com\/en\/wp-content\/uploads\/sites\/3\/2015\/10\/sic-logo.png\",\"contentUrl\":\"http:\/\/encounters-magazine.com\/en\/wp-content\/uploads\/sites\/3\/2015\/10\/sic-logo.png\",\"width\":106,\"height\":106,\"caption\":\"SANTACRUZ INTERNATIONAL COMMUNICATION\"},\"image\":{\"@id\":\"http:\/\/encounters-magazine.com\/en\/#logo\"}},{\"@type\":\"WebSite\",\"@id\":\"http:\/\/encounters-magazine.com\/en\/#website\",\"url\":\"http:\/\/encounters-magazine.com\/en\/\",\"name\":\"EN - ENCOUNTERS MAGAZINE\",\"description\":\"\",\"publisher\":{\"@id\":\"http:\/\/encounters-magazine.com\/en\/#organization\"},\"potentialAction\":[{\"@type\":\"SearchAction\",\"target\":{\"@type\":\"EntryPoint\",\"urlTemplate\":\"http:\/\/encounters-magazine.com\/en\/?s={search_term_string}\"},\"query-input\":\"required name=search_term_string\"}],\"inLanguage\":\"en-US\"},{\"@type\":\"ImageObject\",\"@id\":\"https:\/\/encounters-magazine.com\/en\/encounters-four\/a-volcano-of-culture-in-tenerife\/#primaryimage\",\"inLanguage\":\"en-US\",\"url\":\"http:\/\/encounters-magazine.com\/en\/wp-content\/uploads\/sites\/3\/2013\/06\/Tienza_Portrait.jpg\",\"contentUrl\":\"http:\/\/encounters-magazine.com\/en\/wp-content\/uploads\/sites\/3\/2013\/06\/Tienza_Portrait.jpg\",\"width\":85,\"height\":80,\"caption\":\"Lola Tienza\"},{\"@type\":\"WebPage\",\"@id\":\"https:\/\/encounters-magazine.com\/en\/encounters-four\/a-volcano-of-culture-in-tenerife\/#webpage\",\"url\":\"https:\/\/encounters-magazine.com\/en\/encounters-four\/a-volcano-of-culture-in-tenerife\/\",\"name\":\"A volcano of culture in Tenerife - ENCOUNTERS MAGAZINE. Santacruz International Communication\",\"isPartOf\":{\"@id\":\"http:\/\/encounters-magazine.com\/en\/#website\"},\"primaryImageOfPage\":{\"@id\":\"https:\/\/encounters-magazine.com\/en\/encounters-four\/a-volcano-of-culture-in-tenerife\/#primaryimage\"},\"datePublished\":\"2015-04-15T21:26:42+00:00\",\"dateModified\":\"2015-04-15T21:26:42+00:00\",\"description\":\"ENCOUNTERS MAGAZINE by Santacruz International Communication invites you to discover exciting people, places and ideas around the globe.\",\"breadcrumb\":{\"@id\":\"https:\/\/encounters-magazine.com\/en\/encounters-four\/a-volcano-of-culture-in-tenerife\/#breadcrumb\"},\"inLanguage\":\"en-US\",\"potentialAction\":[{\"@type\":\"ReadAction\",\"target\":[\"https:\/\/encounters-magazine.com\/en\/encounters-four\/a-volcano-of-culture-in-tenerife\/\"]}]},{\"@type\":\"BreadcrumbList\",\"@id\":\"https:\/\/encounters-magazine.com\/en\/encounters-four\/a-volcano-of-culture-in-tenerife\/#breadcrumb\",\"itemListElement\":[{\"@type\":\"ListItem\",\"position\":1,\"name\":\"Home\",\"item\":\"http:\/\/encounters-magazine.com\/en\/\"},{\"@type\":\"ListItem\",\"position\":2,\"name\":\"Encounters Four\",\"item\":\"http:\/\/encounters-magazine.com\/en\/encounters-four\/\"},{\"@type\":\"ListItem\",\"position\":3,\"name\":\"A volcano of culture in Tenerife\"}]}]}<\/script>\n<!-- \/ Yoast SEO plugin. -->","yoast_head_json":{"title":"A volcano of culture in Tenerife - ENCOUNTERS MAGAZINE. Santacruz International Communication","description":"ENCOUNTERS MAGAZINE by Santacruz International Communication invites you to discover exciting people, places and ideas around the globe.","robots":{"index":"index","follow":"follow","max-snippet":"max-snippet:-1","max-image-preview":"max-image-preview:large","max-video-preview":"max-video-preview:-1"},"canonical":"https:\/\/encounters-magazine.com\/en\/encounters-four\/a-volcano-of-culture-in-tenerife\/","og_locale":"en_US","og_type":"article","og_title":"A volcano of culture in Tenerife - ENCOUNTERS MAGAZINE. Santacruz International Communication","og_description":"ENCOUNTERS MAGAZINE by Santacruz International Communication invites you to discover exciting people, places and ideas around the globe.","og_url":"https:\/\/encounters-magazine.com\/en\/encounters-four\/a-volcano-of-culture-in-tenerife\/","og_site_name":"EN - ENCOUNTERS MAGAZINE","article_publisher":"https:\/\/www.facebook.com\/lino.santacruz.5","og_image":[{"width":85,"height":80,"url":"https:\/\/encounters-magazine.com\/en\/wp-content\/uploads\/sites\/3\/2013\/06\/Tienza_Portrait.jpg","type":"image\/jpeg"}],"twitter_card":"summary","twitter_site":"@LinoSantacruz","twitter_misc":{"Est. reading time":"3 minutes"},"schema":{"@context":"https:\/\/schema.org","@graph":[{"@type":"Organization","@id":"http:\/\/encounters-magazine.com\/en\/#organization","name":"SANTACRUZ INTERNATIONAL COMMUNICATION","url":"http:\/\/encounters-magazine.com\/en\/","sameAs":["https:\/\/www.facebook.com\/lino.santacruz.5","https:\/\/de.linkedin.com\/pub\/lino-santacruz\/a\/806\/417\/de","https:\/\/twitter.com\/LinoSantacruz"],"logo":{"@type":"ImageObject","@id":"http:\/\/encounters-magazine.com\/en\/#logo","inLanguage":"en-US","url":"http:\/\/encounters-magazine.com\/en\/wp-content\/uploads\/sites\/3\/2015\/10\/sic-logo.png","contentUrl":"http:\/\/encounters-magazine.com\/en\/wp-content\/uploads\/sites\/3\/2015\/10\/sic-logo.png","width":106,"height":106,"caption":"SANTACRUZ INTERNATIONAL COMMUNICATION"},"image":{"@id":"http:\/\/encounters-magazine.com\/en\/#logo"}},{"@type":"WebSite","@id":"http:\/\/encounters-magazine.com\/en\/#website","url":"http:\/\/encounters-magazine.com\/en\/","name":"EN - ENCOUNTERS MAGAZINE","description":"","publisher":{"@id":"http:\/\/encounters-magazine.com\/en\/#organization"},"potentialAction":[{"@type":"SearchAction","target":{"@type":"EntryPoint","urlTemplate":"http:\/\/encounters-magazine.com\/en\/?s={search_term_string}"},"query-input":"required name=search_term_string"}],"inLanguage":"en-US"},{"@type":"ImageObject","@id":"https:\/\/encounters-magazine.com\/en\/encounters-four\/a-volcano-of-culture-in-tenerife\/#primaryimage","inLanguage":"en-US","url":"http:\/\/encounters-magazine.com\/en\/wp-content\/uploads\/sites\/3\/2013\/06\/Tienza_Portrait.jpg","contentUrl":"http:\/\/encounters-magazine.com\/en\/wp-content\/uploads\/sites\/3\/2013\/06\/Tienza_Portrait.jpg","width":85,"height":80,"caption":"Lola Tienza"},{"@type":"WebPage","@id":"https:\/\/encounters-magazine.com\/en\/encounters-four\/a-volcano-of-culture-in-tenerife\/#webpage","url":"https:\/\/encounters-magazine.com\/en\/encounters-four\/a-volcano-of-culture-in-tenerife\/","name":"A volcano of culture in Tenerife - ENCOUNTERS MAGAZINE. Santacruz International Communication","isPartOf":{"@id":"http:\/\/encounters-magazine.com\/en\/#website"},"primaryImageOfPage":{"@id":"https:\/\/encounters-magazine.com\/en\/encounters-four\/a-volcano-of-culture-in-tenerife\/#primaryimage"},"datePublished":"2015-04-15T21:26:42+00:00","dateModified":"2015-04-15T21:26:42+00:00","description":"ENCOUNTERS MAGAZINE by Santacruz International Communication invites you to discover exciting people, places and ideas around the globe.","breadcrumb":{"@id":"https:\/\/encounters-magazine.com\/en\/encounters-four\/a-volcano-of-culture-in-tenerife\/#breadcrumb"},"inLanguage":"en-US","potentialAction":[{"@type":"ReadAction","target":["https:\/\/encounters-magazine.com\/en\/encounters-four\/a-volcano-of-culture-in-tenerife\/"]}]},{"@type":"BreadcrumbList","@id":"https:\/\/encounters-magazine.com\/en\/encounters-four\/a-volcano-of-culture-in-tenerife\/#breadcrumb","itemListElement":[{"@type":"ListItem","position":1,"name":"Home","item":"http:\/\/encounters-magazine.com\/en\/"},{"@type":"ListItem","position":2,"name":"Encounters Four","item":"http:\/\/encounters-magazine.com\/en\/encounters-four\/"},{"@type":"ListItem","position":3,"name":"A volcano of culture in Tenerife"}]}]}},"_links":{"self":[{"href":"http:\/\/encounters-magazine.com\/en\/wp-json\/wp\/v2\/pages\/1101"}],"collection":[{"href":"http:\/\/encounters-magazine.com\/en\/wp-json\/wp\/v2\/pages"}],"about":[{"href":"http:\/\/encounters-magazine.com\/en\/wp-json\/wp\/v2\/types\/page"}],"author":[{"embeddable":true,"href":"http:\/\/encounters-magazine.com\/en\/wp-json\/wp\/v2\/users\/4"}],"replies":[{"embeddable":true,"href":"http:\/\/encounters-magazine.com\/en\/wp-json\/wp\/v2\/comments?post=1101"}],"version-history":[{"count":1,"href":"http:\/\/encounters-magazine.com\/en\/wp-json\/wp\/v2\/pages\/1101\/revisions"}],"predecessor-version":[{"id":1102,"href":"http:\/\/encounters-magazine.com\/en\/wp-json\/wp\/v2\/pages\/1101\/revisions\/1102"}],"up":[{"embeddable":true,"href":"http:\/\/encounters-magazine.com\/en\/wp-json\/wp\/v2\/pages\/324"}],"wp:featuredmedia":[{"embeddable":true,"href":"http:\/\/encounters-magazine.com\/en\/wp-json\/wp\/v2\/media\/289"}],"wp:attachment":[{"href":"http:\/\/encounters-magazine.com\/en\/wp-json\/wp\/v2\/media?parent=1101"}],"curies":[{"name":"wp","href":"https:\/\/api.w.org\/{rel}","templated":true}]}}